
{"id":9151,"date":"2022-09-20T13:37:09","date_gmt":"2022-09-20T12:37:09","guid":{"rendered":"https:\/\/originltd.in-beta.dev\/?post_type=product&#038;p=9151"},"modified":"2025-07-07T11:43:15","modified_gmt":"2025-07-07T10:43:15","slug":"the-origin-jar-250ml-black-child-resistant-jars","status":"publish","type":"product","link":"https:\/\/originltd.com\/fr\/product\/the-origin-jar-250ml-black-child-resistant-jars\/","title":{"rendered":"Bocaux noirs de 250ml avec s\u00e9curit\u00e9 enfant"},"content":{"rendered":"<p><span style=\"font-weight: 400;\">Notre pot noir de 250 ml \u00e0 l'\u00e9preuve des enfants est disponible dans une gamme de couleurs, dont le noir, l'ambre ou le blanc, et dans deux mat\u00e9riaux diff\u00e9rents, le PEHD et le verre.<\/span><\/p>","protected":false},"excerpt":{"rendered":"<p><span style=\"font-weight: 400;\">Notre pot noir de 250 ml \u00e0 l'\u00e9preuve des enfants<\/span><span style=\"font-weight: 400;\"> est un <\/span><a href=\"https:\/\/originltd.com\/fr\/packaging\/medicinal-cannabis-packaging\/\"><span style=\"font-weight: 400;\">emballage du cannabis m\u00e9dicinal<\/span><\/a><span style=\"font-weight: 400;\"> jarre en PEHD de qualit\u00e9 <\/span><span style=\"font-weight: 400;\">parfait pour l'emballage et la conservation des fleurs s\u00e9ch\u00e9es. Le diam\u00e8tre du col de 70 mm permet d'acc\u00e9der facilement au produit lorsqu'il est ouvert. Ce diam\u00e8tre est \u00e9galement optimal pour une utilisation par des adultes, tout en renfor\u00e7ant la r\u00e9sistance de l'emballage aux enfants.<\/span><\/p>\n<p><span style=\"font-weight: 400;\">Vous pouvez \u00e9galement trouver notre pot de s\u00e9curit\u00e9 noir de 250 ml dans une gamme de couleurs diff\u00e9rentes, y compris l'ambre et le blanc opaque, pour r\u00e9pondre \u00e0 vos besoins.\u00a0<\/span><\/p>\n<h3><span style=\"font-weight: 400;\">Caract\u00e9ristiques principales :<\/span><\/h3>\n<ul>\n<li style=\"font-weight: 400;\" aria-level=\"1\"><span style=\"font-weight: 400;\">Certification norme ISO8317 et 16CFR ;<\/span><\/li>\n<li style=\"font-weight: 400;\" aria-level=\"1\"><span style=\"font-weight: 400;\">Fabriqu\u00e9 dans notre salle blanche d\u00e9di\u00e9e<\/span><\/li>\n<li style=\"font-weight: 400;\" aria-level=\"1\"><span style=\"font-weight: 400;\">Peut contenir jusqu'\u00e0 15 grammes de fleurs de cannabis s\u00e9ch\u00e9es<\/span><\/li>\n<li style=\"font-weight: 400;\" aria-level=\"1\"><span style=\"font-weight: 400;\">Le col est large pour faciliter la distribution<\/span><\/li>\n<li style=\"font-weight: 400;\" aria-level=\"1\"><span style=\"font-weight: 400;\">Fermeture \u00e0 l'\u00e9preuve des enfants<\/span><\/li>\n<\/ul>\n<h3><span style=\"font-weight: 400;\">Caract\u00e9ristiques adapt\u00e9es :<\/span><\/h3>\n<ul>\n<li style=\"font-weight: 400;\" aria-level=\"1\"><span style=\"font-weight: 400;\">Conserver la fleur de cannabis s\u00e9ch\u00e9e<\/span><\/li>\n<\/ul>","protected":false},"featured_media":9196,"comment_status":"closed","ping_status":"closed","template":"","meta":{"_acf_changed":false},"product_brand":[],"product_cat":[2162,2158,665,96],"product_tag":[],"class_list":{"0":"post-9151","1":"product","2":"type-product","3":"status-publish","4":"has-post-thumbnail","6":"product_cat-containers","7":"product_cat-child-resistant-packaging","8":"product_cat-medicinal-cannabis-packaging","9":"product_cat-plastic","11":"first","12":"instock","13":"sold-individually","14":"shipping-taxable","15":"product-type-simple"},"acf":[],"yoast_head":"<!-- This site is optimized with the Yoast SEO plugin v27.3 - https:\/\/yoast.com\/product\/yoast-seo-wordpress\/ -->\n<title>250ml Black Child Resistant Jars | Origin Pharma Packaging<\/title>\n<meta name=\"description\" content=\"Order a 250ml black child resistant jar from Origin. We provide the perfect jar to serve as packaging for medicinal cannabis companies. Order your free sample.\" \/>\n<meta name=\"robots\" content=\"index, follow, max-snippet:-1, max-image-preview:large, max-video-preview:-1\" \/>\n<link rel=\"canonical\" href=\"https:\/\/originltd.com\/fr\/produit\/the-origin-jar-250ml-black-child-resistant-jars\/\" \/>\n<meta property=\"og:locale\" content=\"fr_FR\" \/>\n<meta property=\"og:type\" content=\"article\" \/>\n<meta property=\"og:title\" content=\"250ml Black Child Resistant Jars | Origin Pharma Packaging\" \/>\n<meta property=\"og:description\" content=\"Order a 250ml black child resistant jar from Origin. We provide the perfect jar to serve as packaging for medicinal cannabis companies. Order your free sample.\" \/>\n<meta property=\"og:url\" content=\"https:\/\/originltd.com\/fr\/produit\/the-origin-jar-250ml-black-child-resistant-jars\/\" \/>\n<meta property=\"og:site_name\" content=\"Origin Pharma Packaging\" \/>\n<meta property=\"article:publisher\" content=\"https:\/\/www.facebook.com\/originpharmapackaging\" \/>\n<meta property=\"article:modified_time\" content=\"2025-07-07T10:43:15+00:00\" \/>\n<meta property=\"og:image\" content=\"https:\/\/originltd.com\/wp-content\/uploads\/2022\/09\/jar03-1024x819-1.jpg\" \/>\n\t<meta property=\"og:image:width\" content=\"1024\" \/>\n\t<meta property=\"og:image:height\" content=\"819\" \/>\n\t<meta property=\"og:image:type\" content=\"image\/jpeg\" \/>\n<meta name=\"twitter:card\" content=\"summary_large_image\" \/>\n<meta name=\"twitter:site\" content=\"@originpharma\" \/>\n<meta name=\"twitter:label1\" content=\"Dur\u00e9e de lecture estim\u00e9e\" \/>\n\t<meta name=\"twitter:data1\" content=\"1 minute\" \/>\n<script type=\"application\/ld+json\" class=\"yoast-schema-graph\">{\"@context\":\"https:\\\/\\\/schema.org\",\"@graph\":[{\"@type\":\"WebPage\",\"@id\":\"https:\\\/\\\/originltd.com\\\/product\\\/the-origin-jar-250ml-black-child-resistant-jars\\\/\",\"url\":\"https:\\\/\\\/originltd.com\\\/product\\\/the-origin-jar-250ml-black-child-resistant-jars\\\/\",\"name\":\"250ml Black Child Resistant Jars | Origin Pharma Packaging\",\"isPartOf\":{\"@id\":\"https:\\\/\\\/originltd.com\\\/#website\"},\"primaryImageOfPage\":{\"@id\":\"https:\\\/\\\/originltd.com\\\/product\\\/the-origin-jar-250ml-black-child-resistant-jars\\\/#primaryimage\"},\"image\":{\"@id\":\"https:\\\/\\\/originltd.com\\\/product\\\/the-origin-jar-250ml-black-child-resistant-jars\\\/#primaryimage\"},\"thumbnailUrl\":\"https:\\\/\\\/originltd.com\\\/wp-content\\\/uploads\\\/2022\\\/09\\\/jar03-1024x819-1.jpg\",\"datePublished\":\"2022-09-20T12:37:09+00:00\",\"dateModified\":\"2025-07-07T10:43:15+00:00\",\"description\":\"Order a 250ml black child resistant jar from Origin. We provide the perfect jar to serve as packaging for medicinal cannabis companies. Order your free sample.\",\"breadcrumb\":{\"@id\":\"https:\\\/\\\/originltd.com\\\/product\\\/the-origin-jar-250ml-black-child-resistant-jars\\\/#breadcrumb\"},\"inLanguage\":\"fr-FR\",\"potentialAction\":[{\"@type\":\"ReadAction\",\"target\":[\"https:\\\/\\\/originltd.com\\\/product\\\/the-origin-jar-250ml-black-child-resistant-jars\\\/\"]}]},{\"@type\":\"ImageObject\",\"inLanguage\":\"fr-FR\",\"@id\":\"https:\\\/\\\/originltd.com\\\/product\\\/the-origin-jar-250ml-black-child-resistant-jars\\\/#primaryimage\",\"url\":\"https:\\\/\\\/originltd.com\\\/wp-content\\\/uploads\\\/2022\\\/09\\\/jar03-1024x819-1.jpg\",\"contentUrl\":\"https:\\\/\\\/originltd.com\\\/wp-content\\\/uploads\\\/2022\\\/09\\\/jar03-1024x819-1.jpg\",\"width\":1024,\"height\":819,\"caption\":\"Black Child Resistant Jar\"},{\"@type\":\"BreadcrumbList\",\"@id\":\"https:\\\/\\\/originltd.com\\\/product\\\/the-origin-jar-250ml-black-child-resistant-jars\\\/#breadcrumb\",\"itemListElement\":[{\"@type\":\"ListItem\",\"position\":1,\"name\":\"Home\",\"item\":\"https:\\\/\\\/originltd.com\\\/\"},{\"@type\":\"ListItem\",\"position\":2,\"name\":\"Pharmaceutical Packaging Products\",\"item\":\"https:\\\/\\\/originltd.com\\\/pharmaceutical-packaging\\\/\"},{\"@type\":\"ListItem\",\"position\":3,\"name\":\"Medicinal Cannabis Packaging\",\"item\":\"https:\\\/\\\/originltd.com\\\/packaging\\\/medicinal-cannabis-packaging\\\/\"},{\"@type\":\"ListItem\",\"position\":4,\"name\":\"250ml Black Child Resistant Jars\"}]},{\"@type\":\"WebSite\",\"@id\":\"https:\\\/\\\/originltd.com\\\/#website\",\"url\":\"https:\\\/\\\/originltd.com\\\/\",\"name\":\"Origin Pharma Packaging\",\"description\":\"\",\"publisher\":{\"@id\":\"https:\\\/\\\/originltd.com\\\/#organization\"},\"alternateName\":\"Origin Ltd.\",\"potentialAction\":[{\"@type\":\"SearchAction\",\"target\":{\"@type\":\"EntryPoint\",\"urlTemplate\":\"https:\\\/\\\/originltd.com\\\/?s={search_term_string}\"},\"query-input\":{\"@type\":\"PropertyValueSpecification\",\"valueRequired\":true,\"valueName\":\"search_term_string\"}}],\"inLanguage\":\"fr-FR\"},{\"@type\":\"Organization\",\"@id\":\"https:\\\/\\\/originltd.com\\\/#organization\",\"name\":\"Origin Pharma Packaging\",\"url\":\"https:\\\/\\\/originltd.com\\\/\",\"logo\":{\"@type\":\"ImageObject\",\"inLanguage\":\"fr-FR\",\"@id\":\"https:\\\/\\\/originltd.com\\\/#\\\/schema\\\/logo\\\/image\\\/\",\"url\":\"https:\\\/\\\/originltd.com\\\/wp-content\\\/uploads\\\/2024\\\/06\\\/cropped-Origin-logo-For-Health-For-Life-RGB@10x.png\",\"contentUrl\":\"https:\\\/\\\/originltd.com\\\/wp-content\\\/uploads\\\/2024\\\/06\\\/cropped-Origin-logo-For-Health-For-Life-RGB@10x.png\",\"width\":227,\"height\":65,\"caption\":\"Origin Pharma Packaging\"},\"image\":{\"@id\":\"https:\\\/\\\/originltd.com\\\/#\\\/schema\\\/logo\\\/image\\\/\"},\"sameAs\":[\"https:\\\/\\\/www.facebook.com\\\/originpharmapackaging\",\"https:\\\/\\\/x.com\\\/originpharma\",\"https:\\\/\\\/www.linkedin.com\\\/company\\\/origin-packaging-ltd\\\/\",\"https:\\\/\\\/www.youtube.com\\\/channel\\\/UCOOJl3eFOiO7lJT6f5qHygA\"]}]}<\/script>\n<!-- \/ Yoast SEO plugin. -->","yoast_head_json":{"title":"Pots noirs de 250ml avec s\u00e9curit\u00e9 enfant | Origin Pharma Packaging","description":"Commandez un pot noir de 250 ml \u00e0 l'\u00e9preuve des enfants aupr\u00e8s d'Origin. Nous fournissons le pot parfait pour servir d'emballage aux entreprises de cannabis m\u00e9dicinal. Commandez votre \u00e9chantillon gratuit.","robots":{"index":"index","follow":"follow","max-snippet":"max-snippet:-1","max-image-preview":"max-image-preview:large","max-video-preview":"max-video-preview:-1"},"canonical":"https:\/\/originltd.com\/fr\/produit\/the-origin-jar-250ml-black-child-resistant-jars\/","og_locale":"fr_FR","og_type":"article","og_title":"250ml Black Child Resistant Jars | Origin Pharma Packaging","og_description":"Order a 250ml black child resistant jar from Origin. We provide the perfect jar to serve as packaging for medicinal cannabis companies. Order your free sample.","og_url":"https:\/\/originltd.com\/fr\/produit\/the-origin-jar-250ml-black-child-resistant-jars\/","og_site_name":"Origin Pharma Packaging","article_publisher":"https:\/\/www.facebook.com\/originpharmapackaging","article_modified_time":"2025-07-07T10:43:15+00:00","og_image":[{"width":1024,"height":819,"url":"https:\/\/originltd.com\/wp-content\/uploads\/2022\/09\/jar03-1024x819-1.jpg","type":"image\/jpeg"}],"twitter_card":"summary_large_image","twitter_site":"@originpharma","twitter_misc":{"Dur\u00e9e de lecture estim\u00e9e":"1 minute"},"schema":{"@context":"https:\/\/schema.org","@graph":[{"@type":"WebPage","@id":"https:\/\/originltd.com\/product\/the-origin-jar-250ml-black-child-resistant-jars\/","url":"https:\/\/originltd.com\/product\/the-origin-jar-250ml-black-child-resistant-jars\/","name":"Pots noirs de 250ml avec s\u00e9curit\u00e9 enfant | Origin Pharma Packaging","isPartOf":{"@id":"https:\/\/originltd.com\/#website"},"primaryImageOfPage":{"@id":"https:\/\/originltd.com\/product\/the-origin-jar-250ml-black-child-resistant-jars\/#primaryimage"},"image":{"@id":"https:\/\/originltd.com\/product\/the-origin-jar-250ml-black-child-resistant-jars\/#primaryimage"},"thumbnailUrl":"https:\/\/originltd.com\/wp-content\/uploads\/2022\/09\/jar03-1024x819-1.jpg","datePublished":"2022-09-20T12:37:09+00:00","dateModified":"2025-07-07T10:43:15+00:00","description":"Commandez un pot noir de 250 ml \u00e0 l'\u00e9preuve des enfants aupr\u00e8s d'Origin. Nous fournissons le pot parfait pour servir d'emballage aux entreprises de cannabis m\u00e9dicinal. Commandez votre \u00e9chantillon gratuit.","breadcrumb":{"@id":"https:\/\/originltd.com\/product\/the-origin-jar-250ml-black-child-resistant-jars\/#breadcrumb"},"inLanguage":"fr-FR","potentialAction":[{"@type":"ReadAction","target":["https:\/\/originltd.com\/product\/the-origin-jar-250ml-black-child-resistant-jars\/"]}]},{"@type":"ImageObject","inLanguage":"fr-FR","@id":"https:\/\/originltd.com\/product\/the-origin-jar-250ml-black-child-resistant-jars\/#primaryimage","url":"https:\/\/originltd.com\/wp-content\/uploads\/2022\/09\/jar03-1024x819-1.jpg","contentUrl":"https:\/\/originltd.com\/wp-content\/uploads\/2022\/09\/jar03-1024x819-1.jpg","width":1024,"height":819,"caption":"Black Child Resistant Jar"},{"@type":"BreadcrumbList","@id":"https:\/\/originltd.com\/product\/the-origin-jar-250ml-black-child-resistant-jars\/#breadcrumb","itemListElement":[{"@type":"ListItem","position":1,"name":"Home","item":"https:\/\/originltd.com\/"},{"@type":"ListItem","position":2,"name":"Pharmaceutical Packaging Products","item":"https:\/\/originltd.com\/pharmaceutical-packaging\/"},{"@type":"ListItem","position":3,"name":"Medicinal Cannabis Packaging","item":"https:\/\/originltd.com\/packaging\/medicinal-cannabis-packaging\/"},{"@type":"ListItem","position":4,"name":"250ml Black Child Resistant Jars"}]},{"@type":"WebSite","@id":"https:\/\/originltd.com\/#website","url":"https:\/\/originltd.com\/","name":"Origin Pharma Packaging","description":"","publisher":{"@id":"https:\/\/originltd.com\/#organization"},"alternateName":"Origin Ltd.","potentialAction":[{"@type":"SearchAction","target":{"@type":"EntryPoint","urlTemplate":"https:\/\/originltd.com\/?s={search_term_string}"},"query-input":{"@type":"PropertyValueSpecification","valueRequired":true,"valueName":"search_term_string"}}],"inLanguage":"fr-FR"},{"@type":"Organization","@id":"https:\/\/originltd.com\/#organization","name":"Origin Pharma Packaging","url":"https:\/\/originltd.com\/","logo":{"@type":"ImageObject","inLanguage":"fr-FR","@id":"https:\/\/originltd.com\/#\/schema\/logo\/image\/","url":"https:\/\/originltd.com\/wp-content\/uploads\/2024\/06\/cropped-Origin-logo-For-Health-For-Life-RGB@10x.png","contentUrl":"https:\/\/originltd.com\/wp-content\/uploads\/2024\/06\/cropped-Origin-logo-For-Health-For-Life-RGB@10x.png","width":227,"height":65,"caption":"Origin Pharma Packaging"},"image":{"@id":"https:\/\/originltd.com\/#\/schema\/logo\/image\/"},"sameAs":["https:\/\/www.facebook.com\/originpharmapackaging","https:\/\/x.com\/originpharma","https:\/\/www.linkedin.com\/company\/origin-packaging-ltd\/","https:\/\/www.youtube.com\/channel\/UCOOJl3eFOiO7lJT6f5qHygA"]}]}},"_links":{"self":[{"href":"https:\/\/originltd.com\/fr\/wp-json\/wp\/v2\/product\/9151","targetHints":{"allow":["GET"]}}],"collection":[{"href":"https:\/\/originltd.com\/fr\/wp-json\/wp\/v2\/product"}],"about":[{"href":"https:\/\/originltd.com\/fr\/wp-json\/wp\/v2\/types\/product"}],"replies":[{"embeddable":true,"href":"https:\/\/originltd.com\/fr\/wp-json\/wp\/v2\/comments?post=9151"}],"wp:featuredmedia":[{"embeddable":true,"href":"https:\/\/originltd.com\/fr\/wp-json\/wp\/v2\/media\/9196"}],"wp:attachment":[{"href":"https:\/\/originltd.com\/fr\/wp-json\/wp\/v2\/media?parent=9151"}],"wp:term":[{"taxonomy":"product_brand","embeddable":true,"href":"https:\/\/originltd.com\/fr\/wp-json\/wp\/v2\/product_brand?post=9151"},{"taxonomy":"product_cat","embeddable":true,"href":"https:\/\/originltd.com\/fr\/wp-json\/wp\/v2\/product_cat?post=9151"},{"taxonomy":"product_tag","embeddable":true,"href":"https:\/\/originltd.com\/fr\/wp-json\/wp\/v2\/product_tag?post=9151"}],"curies":[{"name":"wp","href":"https:\/\/api.w.org\/{rel}","templated":true}]}}