{"id":8884,"date":"2022-07-20T11:56:25","date_gmt":"2022-07-20T10:56:25","guid":{"rendered":"https:\/\/originltd.in-beta.dev\/?post_type=product&#038;p=8884"},"modified":"2025-10-16T10:01:05","modified_gmt":"2025-10-16T09:01:05","slug":"100ml-black-glass-dropper-bottle","status":"publish","type":"product","link":"https:\/\/originltd.com\/fr\/product\/100ml-black-glass-dropper-bottle\/","title":{"rendered":"100ml Flacon compte-gouttes Hampton en verre noir"},"content":{"rendered":"<p><span style=\"font-weight: 400;\">Notre flacon compte-gouttes en verre noir de 100 ml est disponible en plus petites tailles, <\/span><span style=\"font-weight: 400;\">y compris notre <\/span><a href=\"https:\/\/originltd.com\/fr\/produit\/50ml-black-glass-dropper-bottle\/\"><span style=\"font-weight: 400;\">Flacons compte-gouttes en verre noir de 50ml<\/span><\/a><span style=\"font-weight: 400;\"> mais aussi <\/span><a href=\"https:\/\/originltd.com\/fr\/produit\/30ml-black-glass-dropper-bottle\/\"><span style=\"font-weight: 400;\">Flacons compte-gouttes en verre noir de 30ml<\/span><\/a><span style=\"font-weight: 400;\">et est compatible avec un grand nombre de nos <\/span><a href=\"https:\/\/originltd.com\/fr\/packaging\/child-resistant-packaging\/atomisers-pipette-droppers\/\"><span style=\"font-weight: 400;\">bouchons compte-gouttes \u00e0 l'\u00e9preuve des enfants<\/span><\/a><span style=\"font-weight: 400;\">.<\/span><\/p>","protected":false},"excerpt":{"rendered":"<p><span style=\"font-weight: 400;\">Notre verre noir de 100ml <\/span><span style=\"font-weight: 400;\">Hampton<\/span><span style=\"font-weight: 400;\"> Le flacon compte-gouttes est propos\u00e9 avec une grande vari\u00e9t\u00e9 d'options de fermeture, notamment <\/span><a href=\"https:\/\/originltd.com\/fr\/packaging\/tamper-proof\/\"><span style=\"font-weight: 400;\">emballage inviolable<\/span><\/a><span style=\"font-weight: 400;\"> mais aussi <\/span><a href=\"https:\/\/originltd.com\/fr\/packaging\/child-resistant-packaging\/\"><span style=\"font-weight: 400;\">emballage \u00e0 l'\u00e9preuve des enfants<\/span><\/a><span style=\"font-weight: 400;\"> variantes. Une s\u00e9lection id\u00e9ale pour les produits cosm\u00e9tiques et les marques \u00e0 la recherche d'un flacon pour stocker leurs produits. Ce flacon <\/span><a href=\"https:\/\/originltd.com\/fr\/packaging\/glass\/glass-bottles\/\"><span style=\"font-weight: 400;\">Bouteille en verre en gros<\/span><\/a><span style=\"font-weight: 400;\"> est con\u00e7u pour durer, avec des couleurs r\u00e9sistantes aux rayures et un col compatible avec un grand nombre de fermetures.<\/span><\/p>\n<h3><span style=\"font-weight: 400;\">Caract\u00e9ristiques principales<\/span><\/h3>\n<ul>\n<li style=\"font-weight: 400;\" aria-level=\"1\"><span style=\"font-weight: 400;\">Ces <\/span><a href=\"https:\/\/originltd.com\/fr\/packaging\/cosmetic-containers\/cosmetic-bottles\/\"><span style=\"font-weight: 400;\">flacons cosm\u00e9tiques<\/span><\/a><span style=\"font-weight: 400;\"> sont fabriqu\u00e9es en verre noir. Cette coloration n'est pas susceptible de se rayer, comme c'est le cas pour les bouteilles en verre pulv\u00e9ris\u00e9.<\/span><\/li>\n<li style=\"font-weight: 400;\" aria-level=\"1\"><span style=\"font-weight: 400;\">Son col de 18 mm est compatible avec toutes les fermetures GL18 et autres dispositifs de fermeture.<\/span><\/li>\n<li style=\"font-weight: 400;\" aria-level=\"1\"><span style=\"font-weight: 400;\">La conception du verre noir r\u00e9duit la sensibilit\u00e9 du contenu \u00e0 la d\u00e9gradation par les UV.<\/span><\/li>\n<li style=\"font-weight: 400;\" aria-level=\"1\"><span style=\"font-weight: 400;\">Inerte et non r\u00e9actif aux produits chimiques<\/span><\/li>\n<li style=\"font-weight: 400;\" aria-level=\"1\"><span style=\"font-weight: 400;\">Une pr\u00e9sentation \u00e9l\u00e9gante<\/span><\/li>\n<\/ul>\n<h3><span style=\"font-weight: 400;\">Utilisations appropri\u00e9es :<\/span><\/h3>\n<ul>\n<li style=\"font-weight: 400;\" aria-level=\"1\"><span style=\"font-weight: 400;\">Convient pour une utilisation comme <\/span><a href=\"https:\/\/originltd.com\/fr\/packaging\/cosmetic-containers\/\"><span style=\"font-weight: 400;\">emballage cosm\u00e9tique<\/span><\/a><span style=\"font-weight: 400;\"> mais aussi <\/span><a href=\"https:\/\/originltd.com\/fr\/packaging\/health-wellbeing-packaging\/\"><span style=\"font-weight: 400;\">emballage de produits de bien-\u00eatre<\/span><\/a><\/li>\n<li style=\"font-weight: 400;\" aria-level=\"1\"><span style=\"font-weight: 400;\">Peut \u00eatre utilis\u00e9 pour les flacons de parfum, les emballages de soins de la peau, les emballages de CBD, les huiles essentielles, les huiles de barbe, les s\u00e9rums capillaires et les rem\u00e8des \u00e0 base de plantes.<\/span><\/li>\n<\/ul>","protected":false},"featured_media":8874,"comment_status":"closed","ping_status":"closed","template":"","meta":{"_acf_changed":false},"product_brand":[],"product_cat":[2224,2185,102,119,2225,2227,2228,2226,2223,103,95],"product_tag":[],"class_list":{"0":"post-8884","1":"product","2":"type-product","3":"status-publish","4":"has-post-thumbnail","6":"product_cat-cbd","7":"product_cat-cosmetic-containers","8":"product_cat-glass-bottles","9":"product_cat-cosmetic-bottles","10":"product_cat-home-fragrance","11":"product_cat-lifestyle","12":"product_cat-perfume","13":"product_cat-personal-fragrance","14":"product_cat-skincare-bodycare","15":"product_cat-glass-dropper-bottles","16":"product_cat-glass","18":"first","19":"instock","20":"sold-individually","21":"shipping-taxable","22":"product-type-simple"},"acf":[],"yoast_head":"<!-- This site is optimized with the Yoast SEO plugin v27.5 - https:\/\/yoast.com\/product\/yoast-seo-wordpress\/ -->\n<title>100ml Black Glass Dropper Bottle | Origin Packaging<\/title>\n<meta name=\"description\" content=\"Order 100ml black glass dropper Hampton bottles from Origin, suitable for oils, fragrances &amp; skincare products. Contact us to learn more about wholesale quantities.\" \/>\n<meta name=\"robots\" content=\"index, follow, max-snippet:-1, max-image-preview:large, max-video-preview:-1\" \/>\n<link rel=\"canonical\" href=\"https:\/\/originltd.com\/fr\/produit\/100ml-black-glass-dropper-bottle\/\" \/>\n<meta property=\"og:locale\" content=\"fr_FR\" \/>\n<meta property=\"og:type\" content=\"article\" \/>\n<meta property=\"og:title\" content=\"100ml Black Glass Dropper Bottle | Origin Packaging\" \/>\n<meta property=\"og:description\" content=\"Order 100ml black glass dropper Hampton bottles from Origin, suitable for oils, fragrances &amp; skincare products. Contact us to learn more about wholesale quantities.\" \/>\n<meta property=\"og:url\" content=\"https:\/\/originltd.com\/fr\/produit\/100ml-black-glass-dropper-bottle\/\" \/>\n<meta property=\"og:site_name\" content=\"Origin Pharma Packaging\" \/>\n<meta property=\"article:publisher\" content=\"https:\/\/www.facebook.com\/originpharmapackaging\" \/>\n<meta property=\"article:modified_time\" content=\"2025-10-16T09:01:05+00:00\" \/>\n<meta property=\"og:image\" content=\"https:\/\/originltd.com\/wp-content\/uploads\/2022\/07\/hgl180100bk-scaled.jpg\" \/>\n\t<meta property=\"og:image:width\" content=\"1707\" \/>\n\t<meta property=\"og:image:height\" content=\"2560\" \/>\n\t<meta property=\"og:image:type\" content=\"image\/jpeg\" \/>\n<meta name=\"twitter:card\" content=\"summary_large_image\" \/>\n<meta name=\"twitter:site\" content=\"@originpharma\" \/>\n<meta name=\"twitter:label1\" content=\"Dur\u00e9e de lecture estim\u00e9e\" \/>\n\t<meta name=\"twitter:data1\" content=\"1 minute\" \/>\n<script type=\"application\/ld+json\" class=\"yoast-schema-graph\">{\"@context\":\"https:\\\/\\\/schema.org\",\"@graph\":[{\"@type\":\"WebPage\",\"@id\":\"https:\\\/\\\/originltd.com\\\/product\\\/100ml-black-glass-dropper-bottle\\\/\",\"url\":\"https:\\\/\\\/originltd.com\\\/product\\\/100ml-black-glass-dropper-bottle\\\/\",\"name\":\"100ml Black Glass Dropper Bottle | Origin Packaging\",\"isPartOf\":{\"@id\":\"https:\\\/\\\/originltd.com\\\/#website\"},\"primaryImageOfPage\":{\"@id\":\"https:\\\/\\\/originltd.com\\\/product\\\/100ml-black-glass-dropper-bottle\\\/#primaryimage\"},\"image\":{\"@id\":\"https:\\\/\\\/originltd.com\\\/product\\\/100ml-black-glass-dropper-bottle\\\/#primaryimage\"},\"thumbnailUrl\":\"https:\\\/\\\/originltd.com\\\/wp-content\\\/uploads\\\/2022\\\/07\\\/hgl180100bk-scaled.jpg\",\"datePublished\":\"2022-07-20T10:56:25+00:00\",\"dateModified\":\"2025-10-16T09:01:05+00:00\",\"description\":\"Order 100ml black glass dropper Hampton bottles from Origin, suitable for oils, fragrances & skincare products. Contact us to learn more about wholesale quantities.\",\"breadcrumb\":{\"@id\":\"https:\\\/\\\/originltd.com\\\/product\\\/100ml-black-glass-dropper-bottle\\\/#breadcrumb\"},\"inLanguage\":\"fr-FR\",\"potentialAction\":[{\"@type\":\"ReadAction\",\"target\":[\"https:\\\/\\\/originltd.com\\\/product\\\/100ml-black-glass-dropper-bottle\\\/\"]}]},{\"@type\":\"ImageObject\",\"inLanguage\":\"fr-FR\",\"@id\":\"https:\\\/\\\/originltd.com\\\/product\\\/100ml-black-glass-dropper-bottle\\\/#primaryimage\",\"url\":\"https:\\\/\\\/originltd.com\\\/wp-content\\\/uploads\\\/2022\\\/07\\\/hgl180100bk-scaled.jpg\",\"contentUrl\":\"https:\\\/\\\/originltd.com\\\/wp-content\\\/uploads\\\/2022\\\/07\\\/hgl180100bk-scaled.jpg\",\"width\":1707,\"height\":2560,\"caption\":\"Black Jar\"},{\"@type\":\"BreadcrumbList\",\"@id\":\"https:\\\/\\\/originltd.com\\\/product\\\/100ml-black-glass-dropper-bottle\\\/#breadcrumb\",\"itemListElement\":[{\"@type\":\"ListItem\",\"position\":1,\"name\":\"Home\",\"item\":\"https:\\\/\\\/originltd.com\\\/\"},{\"@type\":\"ListItem\",\"position\":2,\"name\":\"Pharmaceutical Packaging Products\",\"item\":\"https:\\\/\\\/originltd.com\\\/pharmaceutical-packaging\\\/\"},{\"@type\":\"ListItem\",\"position\":3,\"name\":\"Wholesale Glass Packaging\",\"item\":\"https:\\\/\\\/originltd.com\\\/packaging\\\/glass\\\/\"},{\"@type\":\"ListItem\",\"position\":4,\"name\":\"100ml Black Glass Hampton Dropper Bottle\"}]},{\"@type\":\"WebSite\",\"@id\":\"https:\\\/\\\/originltd.com\\\/#website\",\"url\":\"https:\\\/\\\/originltd.com\\\/\",\"name\":\"Origin Pharma Packaging\",\"description\":\"\",\"publisher\":{\"@id\":\"https:\\\/\\\/originltd.com\\\/#organization\"},\"alternateName\":\"Origin Ltd.\",\"potentialAction\":[{\"@type\":\"SearchAction\",\"target\":{\"@type\":\"EntryPoint\",\"urlTemplate\":\"https:\\\/\\\/originltd.com\\\/?s={search_term_string}\"},\"query-input\":{\"@type\":\"PropertyValueSpecification\",\"valueRequired\":true,\"valueName\":\"search_term_string\"}}],\"inLanguage\":\"fr-FR\"},{\"@type\":\"Organization\",\"@id\":\"https:\\\/\\\/originltd.com\\\/#organization\",\"name\":\"Origin Pharma Packaging\",\"url\":\"https:\\\/\\\/originltd.com\\\/\",\"logo\":{\"@type\":\"ImageObject\",\"inLanguage\":\"fr-FR\",\"@id\":\"https:\\\/\\\/originltd.com\\\/#\\\/schema\\\/logo\\\/image\\\/\",\"url\":\"https:\\\/\\\/originltd.com\\\/wp-content\\\/uploads\\\/2024\\\/06\\\/cropped-Origin-logo-For-Health-For-Life-RGB@10x.png\",\"contentUrl\":\"https:\\\/\\\/originltd.com\\\/wp-content\\\/uploads\\\/2024\\\/06\\\/cropped-Origin-logo-For-Health-For-Life-RGB@10x.png\",\"width\":227,\"height\":65,\"caption\":\"Origin Pharma Packaging\"},\"image\":{\"@id\":\"https:\\\/\\\/originltd.com\\\/#\\\/schema\\\/logo\\\/image\\\/\"},\"sameAs\":[\"https:\\\/\\\/www.facebook.com\\\/originpharmapackaging\",\"https:\\\/\\\/x.com\\\/originpharma\",\"https:\\\/\\\/www.linkedin.com\\\/company\\\/origin-packaging-ltd\\\/\",\"https:\\\/\\\/www.youtube.com\\\/channel\\\/UCOOJl3eFOiO7lJT6f5qHygA\"]}]}<\/script>\n<!-- \/ Yoast SEO plugin. -->","yoast_head_json":{"title":"100ml Bouteille compte-gouttes en verre noir | Origin Packaging","description":"Commandez des flacons Hampton en verre noir de 100ml aupr\u00e8s de Origin, adapt\u00e9s aux huiles, parfums et produits de soin. Contactez-nous pour en savoir plus sur les quantit\u00e9s en gros.","robots":{"index":"index","follow":"follow","max-snippet":"max-snippet:-1","max-image-preview":"max-image-preview:large","max-video-preview":"max-video-preview:-1"},"canonical":"https:\/\/originltd.com\/fr\/produit\/100ml-black-glass-dropper-bottle\/","og_locale":"fr_FR","og_type":"article","og_title":"100ml Black Glass Dropper Bottle | Origin Packaging","og_description":"Order 100ml black glass dropper Hampton bottles from Origin, suitable for oils, fragrances & skincare products. Contact us to learn more about wholesale quantities.","og_url":"https:\/\/originltd.com\/fr\/produit\/100ml-black-glass-dropper-bottle\/","og_site_name":"Origin Pharma Packaging","article_publisher":"https:\/\/www.facebook.com\/originpharmapackaging","article_modified_time":"2025-10-16T09:01:05+00:00","og_image":[{"width":1707,"height":2560,"url":"https:\/\/originltd.com\/wp-content\/uploads\/2022\/07\/hgl180100bk-scaled.jpg","type":"image\/jpeg"}],"twitter_card":"summary_large_image","twitter_site":"@originpharma","twitter_misc":{"Dur\u00e9e de lecture estim\u00e9e":"1 minute"},"schema":{"@context":"https:\/\/schema.org","@graph":[{"@type":"WebPage","@id":"https:\/\/originltd.com\/product\/100ml-black-glass-dropper-bottle\/","url":"https:\/\/originltd.com\/product\/100ml-black-glass-dropper-bottle\/","name":"100ml Bouteille compte-gouttes en verre noir | Origin Packaging","isPartOf":{"@id":"https:\/\/originltd.com\/#website"},"primaryImageOfPage":{"@id":"https:\/\/originltd.com\/product\/100ml-black-glass-dropper-bottle\/#primaryimage"},"image":{"@id":"https:\/\/originltd.com\/product\/100ml-black-glass-dropper-bottle\/#primaryimage"},"thumbnailUrl":"https:\/\/originltd.com\/wp-content\/uploads\/2022\/07\/hgl180100bk-scaled.jpg","datePublished":"2022-07-20T10:56:25+00:00","dateModified":"2025-10-16T09:01:05+00:00","description":"Commandez des flacons Hampton en verre noir de 100ml aupr\u00e8s de Origin, adapt\u00e9s aux huiles, parfums et produits de soin. Contactez-nous pour en savoir plus sur les quantit\u00e9s en gros.","breadcrumb":{"@id":"https:\/\/originltd.com\/product\/100ml-black-glass-dropper-bottle\/#breadcrumb"},"inLanguage":"fr-FR","potentialAction":[{"@type":"ReadAction","target":["https:\/\/originltd.com\/product\/100ml-black-glass-dropper-bottle\/"]}]},{"@type":"ImageObject","inLanguage":"fr-FR","@id":"https:\/\/originltd.com\/product\/100ml-black-glass-dropper-bottle\/#primaryimage","url":"https:\/\/originltd.com\/wp-content\/uploads\/2022\/07\/hgl180100bk-scaled.jpg","contentUrl":"https:\/\/originltd.com\/wp-content\/uploads\/2022\/07\/hgl180100bk-scaled.jpg","width":1707,"height":2560,"caption":"Black Jar"},{"@type":"BreadcrumbList","@id":"https:\/\/originltd.com\/product\/100ml-black-glass-dropper-bottle\/#breadcrumb","itemListElement":[{"@type":"ListItem","position":1,"name":"Home","item":"https:\/\/originltd.com\/"},{"@type":"ListItem","position":2,"name":"Pharmaceutical Packaging Products","item":"https:\/\/originltd.com\/pharmaceutical-packaging\/"},{"@type":"ListItem","position":3,"name":"Wholesale Glass Packaging","item":"https:\/\/originltd.com\/packaging\/glass\/"},{"@type":"ListItem","position":4,"name":"100ml Black Glass Hampton Dropper Bottle"}]},{"@type":"WebSite","@id":"https:\/\/originltd.com\/#website","url":"https:\/\/originltd.com\/","name":"Origin Pharma Packaging","description":"","publisher":{"@id":"https:\/\/originltd.com\/#organization"},"alternateName":"Origin Ltd.","potentialAction":[{"@type":"SearchAction","target":{"@type":"EntryPoint","urlTemplate":"https:\/\/originltd.com\/?s={search_term_string}"},"query-input":{"@type":"PropertyValueSpecification","valueRequired":true,"valueName":"search_term_string"}}],"inLanguage":"fr-FR"},{"@type":"Organization","@id":"https:\/\/originltd.com\/#organization","name":"Origin Pharma Packaging","url":"https:\/\/originltd.com\/","logo":{"@type":"ImageObject","inLanguage":"fr-FR","@id":"https:\/\/originltd.com\/#\/schema\/logo\/image\/","url":"https:\/\/originltd.com\/wp-content\/uploads\/2024\/06\/cropped-Origin-logo-For-Health-For-Life-RGB@10x.png","contentUrl":"https:\/\/originltd.com\/wp-content\/uploads\/2024\/06\/cropped-Origin-logo-For-Health-For-Life-RGB@10x.png","width":227,"height":65,"caption":"Origin Pharma Packaging"},"image":{"@id":"https:\/\/originltd.com\/#\/schema\/logo\/image\/"},"sameAs":["https:\/\/www.facebook.com\/originpharmapackaging","https:\/\/x.com\/originpharma","https:\/\/www.linkedin.com\/company\/origin-packaging-ltd\/","https:\/\/www.youtube.com\/channel\/UCOOJl3eFOiO7lJT6f5qHygA"]}]}},"_links":{"self":[{"href":"https:\/\/originltd.com\/fr\/wp-json\/wp\/v2\/product\/8884","targetHints":{"allow":["GET"]}}],"collection":[{"href":"https:\/\/originltd.com\/fr\/wp-json\/wp\/v2\/product"}],"about":[{"href":"https:\/\/originltd.com\/fr\/wp-json\/wp\/v2\/types\/product"}],"replies":[{"embeddable":true,"href":"https:\/\/originltd.com\/fr\/wp-json\/wp\/v2\/comments?post=8884"}],"wp:featuredmedia":[{"embeddable":true,"href":"https:\/\/originltd.com\/fr\/wp-json\/wp\/v2\/media\/8874"}],"wp:attachment":[{"href":"https:\/\/originltd.com\/fr\/wp-json\/wp\/v2\/media?parent=8884"}],"wp:term":[{"taxonomy":"product_brand","embeddable":true,"href":"https:\/\/originltd.com\/fr\/wp-json\/wp\/v2\/product_brand?post=8884"},{"taxonomy":"product_cat","embeddable":true,"href":"https:\/\/originltd.com\/fr\/wp-json\/wp\/v2\/product_cat?post=8884"},{"taxonomy":"product_tag","embeddable":true,"href":"https:\/\/originltd.com\/fr\/wp-json\/wp\/v2\/product_tag?post=8884"}],"curies":[{"name":"wp","href":"https:\/\/api.w.org\/{rel}","templated":true}]}}