
{"id":8817,"date":"2022-07-12T08:43:04","date_gmt":"2022-07-12T07:43:04","guid":{"rendered":"https:\/\/originltd.in-beta.dev\/?post_type=product&#038;p=8817"},"modified":"2025-11-07T16:51:19","modified_gmt":"2025-11-07T16:51:19","slug":"120ml-amber-glass-ointment-jar","status":"publish","type":"product","link":"https:\/\/originltd.com\/fr\/product\/120ml-amber-glass-ointment-jar\/","title":{"rendered":"Pot \u00e0 pommade en verre ambr\u00e9 de 120 ml"},"content":{"rendered":"<p><span style=\"font-weight: 400;\">Nos pots de pommade en verre ambr\u00e9 de 120 ml sont disponibles dans des tailles plus petites et plus grandes, y compris nos pots de pommade en verre ambr\u00e9 de 120 ml. <\/span><a href=\"https:\/\/originltd.com\/fr\/produit\/60ml-amber-glass-ointment-jars\/\"><span style=\"font-weight: 400;\">Pots \u00e0 pommade en verre ambr\u00e9 de 60 ml<\/span><\/a><span style=\"font-weight: 400;\"> mais aussi <\/span><a href=\"https:\/\/originltd.com\/fr\/produit\/180ml-amber-glass-ointment-jar\/\"><span style=\"font-weight: 400;\">Pots \u00e0 pommade en verre ambr\u00e9 de 180 ml<\/span><\/a><span style=\"font-weight: 400;\">.<\/span><\/p>","protected":false},"excerpt":{"rendered":"<p><span style=\"font-weight: 400;\">Ce pot \u00e0 pommade traditionnel en verre de 120 ml d'Origin est con\u00e7u pour conserver efficacement les cr\u00e8mes, les lotions et les comprim\u00e9s. Il fait partie de notre gamme de pots \u00e0 pommade. <\/span><a href=\"https:\/\/originltd.com\/fr\/packaging\/lifestyle\/\"><span style=\"font-weight: 400;\">produits d'emballage de style de vie<\/span><\/a><span style=\"font-weight: 400;\">. Vous pouvez commander ce pot dans des formats d'emballage pratiques et des commandes en vrac suppl\u00e9mentaires. Outre ce pot \u00e0 pommade en verre ambr\u00e9 de 120 ml, la gamme compl\u00e8te se d\u00e9cline en une vari\u00e9t\u00e9 de couleurs et de tailles afin de vous offrir le choix le plus appropri\u00e9 pour votre prochain produit.<\/span><\/p>\n<p><span style=\"font-weight: 400;\">Ces <\/span><a href=\"https:\/\/originltd.com\/fr\/packaging\/glass\/glass-jars\/\"><span style=\"font-weight: 400;\">bocaux en verre ambr\u00e9<\/span><\/a><span style=\"font-weight: 400;\"> sont con\u00e7us pour offrir une protection contre les UV, garantissant que vos produits ne se d\u00e9gradent pas en raison de l'exposition \u00e0 la lumi\u00e8re du soleil. Cette ligne de <\/span><a href=\"https:\/\/originltd.com\/fr\/packaging\/cosmetic-jars\/\"><span style=\"font-weight: 400;\">pots cosm\u00e9tiques en verre<\/span><\/a><span style=\"font-weight: 400;\"> n'est pas pr\u00e9-capuchonn\u00e9 et dispose d'un m\u00e9canisme de fermeture \u00e0 vis pour \u00eatre utilis\u00e9 avec nos nombreuses <\/span><a href=\"https:\/\/originltd.com\/fr\/packaging\/closures-dispensers\/\"><span style=\"font-weight: 400;\">fermetures d'emballage<\/span><\/a><span style=\"font-weight: 400;\">.<\/span><\/p>\n<h3><span style=\"font-weight: 400;\">Caract\u00e9ristiques principales :<\/span><\/h3>\n<ul>\n<li style=\"font-weight: 400;\" aria-level=\"1\"><span style=\"font-weight: 400;\">Des packs pratiques \u00e0 l'emploi : une gamme \u00e9tendue de tailles ;<\/span><\/li>\n<li style=\"font-weight: 400;\" aria-level=\"1\"><span style=\"font-weight: 400;\">un produit pris\u00e9 pour ses usages multiples, dont les cr\u00e8mes ;<\/span><\/li>\n<li style=\"font-weight: 400;\" aria-level=\"1\"><span style=\"font-weight: 400;\">disponible dans un grand choix de couleurs (pulv\u00e9risation en option \u00e0 la commande) .<\/span><\/li>\n<li style=\"font-weight: 400;\" aria-level=\"1\"><span style=\"font-weight: 400;\">Le verre ambr\u00e9 offre une protection contre la d\u00e9gradation par les UV<\/span><\/li>\n<\/ul>\n<h3><span style=\"font-weight: 400;\">Utilisations appropri\u00e9es :<\/span><\/h3>\n<ul>\n<li style=\"font-weight: 400;\" aria-level=\"1\"><span style=\"font-weight: 400;\">Con\u00e7u pour stocker des cr\u00e8mes, des lotions et des comprim\u00e9s<\/span><\/li>\n<li style=\"font-weight: 400;\" aria-level=\"1\"><span style=\"font-weight: 400;\">A utiliser comme <\/span><a href=\"https:\/\/originltd.com\/fr\/packaging\/cosmetic-containers\/\"><span style=\"font-weight: 400;\">emballage cosm\u00e9tique<\/span><\/a><\/li>\n<li style=\"font-weight: 400;\" aria-level=\"1\"><span style=\"font-weight: 400;\">A utiliser comme <\/span><a href=\"https:\/\/originltd.com\/fr\/packaging\/health-wellbeing-packaging\/\"><span style=\"font-weight: 400;\">emballage de produits de bien-\u00eatre<\/span><\/a><\/li>\n<li style=\"font-weight: 400;\" aria-level=\"1\">A utiliser comme <a href=\"https:\/\/originltd.com\/fr\/packaging\/pharmaceutical-packaging\/\"><span>emballage pharmaceutique<\/span><\/a><\/li>\n<\/ul>","protected":false},"featured_media":8771,"comment_status":"closed","ping_status":"closed","template":"","meta":{"_acf_changed":false},"product_brand":[],"product_cat":[2185,2194,2227,2223,95],"product_tag":[],"class_list":{"0":"post-8817","1":"product","2":"type-product","3":"status-publish","4":"has-post-thumbnail","6":"product_cat-cosmetic-containers","7":"product_cat-cosmetic-jars","8":"product_cat-lifestyle","9":"product_cat-skincare-bodycare","10":"product_cat-glass","12":"first","13":"instock","14":"sold-individually","15":"shipping-taxable","16":"product-type-simple"},"acf":[],"yoast_head":"<!-- This site is optimized with the Yoast SEO plugin v27.3 - https:\/\/yoast.com\/product\/yoast-seo-wordpress\/ -->\n<title>120ml Amber Glass Ointment Jar | Origin<\/title>\n<meta name=\"description\" content=\"Order 120ml amber glass ointment jars from Origin in wholesale quantities. This jar is suitable for creams, lotions, &amp; tablets. Contact us today for a free sample.\" \/>\n<meta name=\"robots\" content=\"index, follow, max-snippet:-1, max-image-preview:large, max-video-preview:-1\" \/>\n<link rel=\"canonical\" href=\"https:\/\/originltd.com\/fr\/produit\/120ml-amber-glass-ointment-jar\/\" \/>\n<meta property=\"og:locale\" content=\"fr_FR\" \/>\n<meta property=\"og:type\" content=\"article\" \/>\n<meta property=\"og:title\" content=\"120ml Amber Glass Ointment Jar | Origin\" \/>\n<meta property=\"og:description\" content=\"Order 120ml amber glass ointment jars from Origin in wholesale quantities. This jar is suitable for creams, lotions, &amp; tablets. Contact us today for a free sample.\" \/>\n<meta property=\"og:url\" content=\"https:\/\/originltd.com\/fr\/produit\/120ml-amber-glass-ointment-jar\/\" \/>\n<meta property=\"og:site_name\" content=\"Origin Pharma Packaging\" \/>\n<meta property=\"article:publisher\" content=\"https:\/\/www.facebook.com\/originpharmapackaging\" \/>\n<meta property=\"article:modified_time\" content=\"2025-11-07T16:51:19+00:00\" \/>\n<meta property=\"og:image\" content=\"https:\/\/originltd.com\/wp-content\/uploads\/2022\/07\/OJ3580120A-120ml-Amber-Ointment-Jar-scaled.jpg\" \/>\n\t<meta property=\"og:image:width\" content=\"2560\" \/>\n\t<meta property=\"og:image:height\" content=\"1707\" \/>\n\t<meta property=\"og:image:type\" content=\"image\/jpeg\" \/>\n<meta name=\"twitter:card\" content=\"summary_large_image\" \/>\n<meta name=\"twitter:site\" content=\"@originpharma\" \/>\n<meta name=\"twitter:label1\" content=\"Dur\u00e9e de lecture estim\u00e9e\" \/>\n\t<meta name=\"twitter:data1\" content=\"1 minute\" \/>\n<script type=\"application\/ld+json\" class=\"yoast-schema-graph\">{\"@context\":\"https:\\\/\\\/schema.org\",\"@graph\":[{\"@type\":\"WebPage\",\"@id\":\"https:\\\/\\\/originltd.com\\\/de\\\/produkt\\\/120ml-amber-glass-ointment-jar\\\/\",\"url\":\"https:\\\/\\\/originltd.com\\\/de\\\/produkt\\\/120ml-amber-glass-ointment-jar\\\/\",\"name\":\"120ml Amber Glass Ointment Jar | Origin\",\"isPartOf\":{\"@id\":\"https:\\\/\\\/originltd.com\\\/#website\"},\"primaryImageOfPage\":{\"@id\":\"https:\\\/\\\/originltd.com\\\/de\\\/produkt\\\/120ml-amber-glass-ointment-jar\\\/#primaryimage\"},\"image\":{\"@id\":\"https:\\\/\\\/originltd.com\\\/de\\\/produkt\\\/120ml-amber-glass-ointment-jar\\\/#primaryimage\"},\"thumbnailUrl\":\"https:\\\/\\\/originltd.com\\\/wp-content\\\/uploads\\\/2022\\\/07\\\/OJ3580120A-120ml-Amber-Ointment-Jar-scaled.jpg\",\"datePublished\":\"2022-07-12T07:43:04+00:00\",\"dateModified\":\"2025-11-07T16:51:19+00:00\",\"description\":\"Order 120ml amber glass ointment jars from Origin in wholesale quantities. This jar is suitable for creams, lotions, & tablets. Contact us today for a free sample.\",\"breadcrumb\":{\"@id\":\"https:\\\/\\\/originltd.com\\\/de\\\/produkt\\\/120ml-amber-glass-ointment-jar\\\/#breadcrumb\"},\"inLanguage\":\"fr-FR\",\"potentialAction\":[{\"@type\":\"ReadAction\",\"target\":[\"https:\\\/\\\/originltd.com\\\/de\\\/produkt\\\/120ml-amber-glass-ointment-jar\\\/\"]}]},{\"@type\":\"ImageObject\",\"inLanguage\":\"fr-FR\",\"@id\":\"https:\\\/\\\/originltd.com\\\/de\\\/produkt\\\/120ml-amber-glass-ointment-jar\\\/#primaryimage\",\"url\":\"https:\\\/\\\/originltd.com\\\/wp-content\\\/uploads\\\/2022\\\/07\\\/OJ3580120A-120ml-Amber-Ointment-Jar-scaled.jpg\",\"contentUrl\":\"https:\\\/\\\/originltd.com\\\/wp-content\\\/uploads\\\/2022\\\/07\\\/OJ3580120A-120ml-Amber-Ointment-Jar-scaled.jpg\",\"width\":2560,\"height\":1707,\"caption\":\"120ml Amber Ointment Jar\"},{\"@type\":\"BreadcrumbList\",\"@id\":\"https:\\\/\\\/originltd.com\\\/de\\\/produkt\\\/120ml-amber-glass-ointment-jar\\\/#breadcrumb\",\"itemListElement\":[{\"@type\":\"ListItem\",\"position\":1,\"name\":\"Home\",\"item\":\"https:\\\/\\\/originltd.com\\\/\"},{\"@type\":\"ListItem\",\"position\":2,\"name\":\"Pharmaceutical Packaging Products\",\"item\":\"https:\\\/\\\/originltd.com\\\/pharmaceutical-packaging\\\/\"},{\"@type\":\"ListItem\",\"position\":3,\"name\":\"Cosmetic Packaging\",\"item\":\"https:\\\/\\\/originltd.com\\\/packaging\\\/cosmetic-containers\\\/\"},{\"@type\":\"ListItem\",\"position\":4,\"name\":\"120ml Amber Glass Ointment Jar\"}]},{\"@type\":\"WebSite\",\"@id\":\"https:\\\/\\\/originltd.com\\\/#website\",\"url\":\"https:\\\/\\\/originltd.com\\\/\",\"name\":\"Origin Pharma Packaging\",\"description\":\"\",\"publisher\":{\"@id\":\"https:\\\/\\\/originltd.com\\\/#organization\"},\"alternateName\":\"Origin Ltd.\",\"potentialAction\":[{\"@type\":\"SearchAction\",\"target\":{\"@type\":\"EntryPoint\",\"urlTemplate\":\"https:\\\/\\\/originltd.com\\\/?s={search_term_string}\"},\"query-input\":{\"@type\":\"PropertyValueSpecification\",\"valueRequired\":true,\"valueName\":\"search_term_string\"}}],\"inLanguage\":\"fr-FR\"},{\"@type\":\"Organization\",\"@id\":\"https:\\\/\\\/originltd.com\\\/#organization\",\"name\":\"Origin Pharma Packaging\",\"url\":\"https:\\\/\\\/originltd.com\\\/\",\"logo\":{\"@type\":\"ImageObject\",\"inLanguage\":\"fr-FR\",\"@id\":\"https:\\\/\\\/originltd.com\\\/#\\\/schema\\\/logo\\\/image\\\/\",\"url\":\"https:\\\/\\\/originltd.com\\\/wp-content\\\/uploads\\\/2024\\\/06\\\/cropped-Origin-logo-For-Health-For-Life-RGB@10x.png\",\"contentUrl\":\"https:\\\/\\\/originltd.com\\\/wp-content\\\/uploads\\\/2024\\\/06\\\/cropped-Origin-logo-For-Health-For-Life-RGB@10x.png\",\"width\":227,\"height\":65,\"caption\":\"Origin Pharma Packaging\"},\"image\":{\"@id\":\"https:\\\/\\\/originltd.com\\\/#\\\/schema\\\/logo\\\/image\\\/\"},\"sameAs\":[\"https:\\\/\\\/www.facebook.com\\\/originpharmapackaging\",\"https:\\\/\\\/x.com\\\/originpharma\",\"https:\\\/\\\/www.linkedin.com\\\/company\\\/origin-packaging-ltd\\\/\",\"https:\\\/\\\/www.youtube.com\\\/channel\\\/UCOOJl3eFOiO7lJT6f5qHygA\"]}]}<\/script>\n<!-- \/ Yoast SEO plugin. -->","yoast_head_json":{"title":"Pot \u00e0 pommade en verre ambr\u00e9 120ml | Origine","description":"Commandez des pots de pommade en verre ambr\u00e9 de 120 ml aupr\u00e8s de Origin en quantit\u00e9s de gros. Ce pot convient pour les cr\u00e8mes, les lotions et les comprim\u00e9s. Contactez-nous d\u00e8s aujourd'hui pour un \u00e9chantillon gratuit.","robots":{"index":"index","follow":"follow","max-snippet":"max-snippet:-1","max-image-preview":"max-image-preview:large","max-video-preview":"max-video-preview:-1"},"canonical":"https:\/\/originltd.com\/fr\/produit\/120ml-amber-glass-ointment-jar\/","og_locale":"fr_FR","og_type":"article","og_title":"120ml Amber Glass Ointment Jar | Origin","og_description":"Order 120ml amber glass ointment jars from Origin in wholesale quantities. This jar is suitable for creams, lotions, & tablets. Contact us today for a free sample.","og_url":"https:\/\/originltd.com\/fr\/produit\/120ml-amber-glass-ointment-jar\/","og_site_name":"Origin Pharma Packaging","article_publisher":"https:\/\/www.facebook.com\/originpharmapackaging","article_modified_time":"2025-11-07T16:51:19+00:00","og_image":[{"width":2560,"height":1707,"url":"https:\/\/originltd.com\/wp-content\/uploads\/2022\/07\/OJ3580120A-120ml-Amber-Ointment-Jar-scaled.jpg","type":"image\/jpeg"}],"twitter_card":"summary_large_image","twitter_site":"@originpharma","twitter_misc":{"Dur\u00e9e de lecture estim\u00e9e":"1 minute"},"schema":{"@context":"https:\/\/schema.org","@graph":[{"@type":"WebPage","@id":"https:\/\/originltd.com\/de\/produkt\/120ml-amber-glass-ointment-jar\/","url":"https:\/\/originltd.com\/de\/produkt\/120ml-amber-glass-ointment-jar\/","name":"Pot \u00e0 pommade en verre ambr\u00e9 120ml | Origine","isPartOf":{"@id":"https:\/\/originltd.com\/#website"},"primaryImageOfPage":{"@id":"https:\/\/originltd.com\/de\/produkt\/120ml-amber-glass-ointment-jar\/#primaryimage"},"image":{"@id":"https:\/\/originltd.com\/de\/produkt\/120ml-amber-glass-ointment-jar\/#primaryimage"},"thumbnailUrl":"https:\/\/originltd.com\/wp-content\/uploads\/2022\/07\/OJ3580120A-120ml-Amber-Ointment-Jar-scaled.jpg","datePublished":"2022-07-12T07:43:04+00:00","dateModified":"2025-11-07T16:51:19+00:00","description":"Commandez des pots de pommade en verre ambr\u00e9 de 120 ml aupr\u00e8s de Origin en quantit\u00e9s de gros. Ce pot convient pour les cr\u00e8mes, les lotions et les comprim\u00e9s. Contactez-nous d\u00e8s aujourd'hui pour un \u00e9chantillon gratuit.","breadcrumb":{"@id":"https:\/\/originltd.com\/de\/produkt\/120ml-amber-glass-ointment-jar\/#breadcrumb"},"inLanguage":"fr-FR","potentialAction":[{"@type":"ReadAction","target":["https:\/\/originltd.com\/de\/produkt\/120ml-amber-glass-ointment-jar\/"]}]},{"@type":"ImageObject","inLanguage":"fr-FR","@id":"https:\/\/originltd.com\/de\/produkt\/120ml-amber-glass-ointment-jar\/#primaryimage","url":"https:\/\/originltd.com\/wp-content\/uploads\/2022\/07\/OJ3580120A-120ml-Amber-Ointment-Jar-scaled.jpg","contentUrl":"https:\/\/originltd.com\/wp-content\/uploads\/2022\/07\/OJ3580120A-120ml-Amber-Ointment-Jar-scaled.jpg","width":2560,"height":1707,"caption":"120ml Amber Ointment Jar"},{"@type":"BreadcrumbList","@id":"https:\/\/originltd.com\/de\/produkt\/120ml-amber-glass-ointment-jar\/#breadcrumb","itemListElement":[{"@type":"ListItem","position":1,"name":"Home","item":"https:\/\/originltd.com\/"},{"@type":"ListItem","position":2,"name":"Pharmaceutical Packaging Products","item":"https:\/\/originltd.com\/pharmaceutical-packaging\/"},{"@type":"ListItem","position":3,"name":"Cosmetic Packaging","item":"https:\/\/originltd.com\/packaging\/cosmetic-containers\/"},{"@type":"ListItem","position":4,"name":"120ml Amber Glass Ointment Jar"}]},{"@type":"WebSite","@id":"https:\/\/originltd.com\/#website","url":"https:\/\/originltd.com\/","name":"Origin Pharma Packaging","description":"","publisher":{"@id":"https:\/\/originltd.com\/#organization"},"alternateName":"Origin Ltd.","potentialAction":[{"@type":"SearchAction","target":{"@type":"EntryPoint","urlTemplate":"https:\/\/originltd.com\/?s={search_term_string}"},"query-input":{"@type":"PropertyValueSpecification","valueRequired":true,"valueName":"search_term_string"}}],"inLanguage":"fr-FR"},{"@type":"Organization","@id":"https:\/\/originltd.com\/#organization","name":"Origin Pharma Packaging","url":"https:\/\/originltd.com\/","logo":{"@type":"ImageObject","inLanguage":"fr-FR","@id":"https:\/\/originltd.com\/#\/schema\/logo\/image\/","url":"https:\/\/originltd.com\/wp-content\/uploads\/2024\/06\/cropped-Origin-logo-For-Health-For-Life-RGB@10x.png","contentUrl":"https:\/\/originltd.com\/wp-content\/uploads\/2024\/06\/cropped-Origin-logo-For-Health-For-Life-RGB@10x.png","width":227,"height":65,"caption":"Origin Pharma Packaging"},"image":{"@id":"https:\/\/originltd.com\/#\/schema\/logo\/image\/"},"sameAs":["https:\/\/www.facebook.com\/originpharmapackaging","https:\/\/x.com\/originpharma","https:\/\/www.linkedin.com\/company\/origin-packaging-ltd\/","https:\/\/www.youtube.com\/channel\/UCOOJl3eFOiO7lJT6f5qHygA"]}]}},"_links":{"self":[{"href":"https:\/\/originltd.com\/fr\/wp-json\/wp\/v2\/product\/8817","targetHints":{"allow":["GET"]}}],"collection":[{"href":"https:\/\/originltd.com\/fr\/wp-json\/wp\/v2\/product"}],"about":[{"href":"https:\/\/originltd.com\/fr\/wp-json\/wp\/v2\/types\/product"}],"replies":[{"embeddable":true,"href":"https:\/\/originltd.com\/fr\/wp-json\/wp\/v2\/comments?post=8817"}],"wp:featuredmedia":[{"embeddable":true,"href":"https:\/\/originltd.com\/fr\/wp-json\/wp\/v2\/media\/8771"}],"wp:attachment":[{"href":"https:\/\/originltd.com\/fr\/wp-json\/wp\/v2\/media?parent=8817"}],"wp:term":[{"taxonomy":"product_brand","embeddable":true,"href":"https:\/\/originltd.com\/fr\/wp-json\/wp\/v2\/product_brand?post=8817"},{"taxonomy":"product_cat","embeddable":true,"href":"https:\/\/originltd.com\/fr\/wp-json\/wp\/v2\/product_cat?post=8817"},{"taxonomy":"product_tag","embeddable":true,"href":"https:\/\/originltd.com\/fr\/wp-json\/wp\/v2\/product_tag?post=8817"}],"curies":[{"name":"wp","href":"https:\/\/api.w.org\/{rel}","templated":true}]}}