
{"id":8697,"date":"2022-07-04T14:52:09","date_gmt":"2022-07-04T13:52:09","guid":{"rendered":"https:\/\/originltd.in-beta.dev\/?post_type=product&#038;p=8697"},"modified":"2025-10-16T10:05:14","modified_gmt":"2025-10-16T09:05:14","slug":"10ml-amber-glass-dropper-bottle-kingston","status":"publish","type":"product","link":"https:\/\/originltd.com\/fr\/product\/10ml-amber-glass-dropper-bottle-kingston\/","title":{"rendered":"Flacon compte-gouttes en verre ambr\u00e9 (mod\u00e8le Kingston) de 10 ml"},"content":{"rendered":"<p><span style=\"font-weight: 400;\">Nos flacons compte-gouttes en verre ambr\u00e9 de 10 ml sont disponibles dans des tailles plus petites et plus grandes, y compris notre flacon compte-gouttes en verre ambr\u00e9 de 10 ml. <\/span><a href=\"https:\/\/originltd.com\/fr\/produit\/5ml-amber-glass-dropper-bottle-kingston\/\"><span style=\"font-weight: 400;\">Flacons compte-gouttes en verre ambr\u00e9 de 5ml<\/span><\/a><span style=\"font-weight: 400;\"> mais aussi <\/span><a href=\"https:\/\/originltd.com\/fr\/produit\/15ml-amber-glass-dropper-bottle-kingston\/\"><span style=\"font-weight: 400;\">Flacons compte-gouttes en verre ambr\u00e9 de 15ml<\/span><\/a><span style=\"font-weight: 400;\">et sont compatibles avec un grand nombre de nos <\/span><a href=\"https:\/\/originltd.com\/fr\/produit\/child-resistant-dropper-caps\/\"><span style=\"font-weight: 400;\">bouchons compte-gouttes \u00e0 l'\u00e9preuve des enfants<\/span><\/a><span style=\"font-weight: 400;\">.<\/span><\/p>","protected":false},"excerpt":{"rendered":"<p><span style=\"font-weight: 400;\">Nos flacons compte-gouttes en verre ambr\u00e9 Kingston 10ml <\/span><span style=\"font-weight: 400;\">peut \u00eatre utilis\u00e9 pour <\/span><span style=\"font-weight: 400;\">de nombreuses<\/span><span style=\"font-weight: 400;\"> des applications, <\/span><span style=\"font-weight: 400;\">comme le stockage<\/span><span style=\"font-weight: 400;\"> les liquides pharmaceutiques (\u00e0 usage m\u00e9dical), les m\u00e9dicaments approuv\u00e9s \u00e0 base de cannabidiol et les produits th\u00e9rapeutiques. <\/span><span style=\"font-weight: 400;\">Ces produits polyvalents <\/span><a href=\"https:\/\/originltd.com\/fr\/packaging\/amber-glass-bottles\/\"><span style=\"font-weight: 400;\">bouteilles en verre ambr\u00e9<\/span><\/a><span style=\"font-weight: 400;\"> conviennent \u00e0 un large \u00e9ventail d'utilisations et offrent une durabilit\u00e9 et une r\u00e9sistance \u00e0 la lumi\u00e8re UV qui permettent de prot\u00e9ger leur contenu en toute s\u00e9curit\u00e9.<\/span><\/p>\n<h3><span style=\"font-weight: 400;\">Caract\u00e9ristiques principales :<\/span><\/h3>\n<ul>\n<li style=\"font-weight: 400;\" aria-level=\"1\"><span style=\"font-weight: 400;\">Verre ambr\u00e9 USP de type III ;<\/span><\/li>\n<li style=\"font-weight: 400;\" aria-level=\"1\"><span style=\"font-weight: 400;\">un large choix de dispositifs de fermeture ;<\/span><\/li>\n<li style=\"font-weight: 400;\" aria-level=\"1\"><span style=\"font-weight: 400;\">Y compris <\/span><a href=\"https:\/\/originltd.com\/fr\/packaging\/tamper-proof\/\"><span style=\"font-weight: 400;\">emballage inviolable<\/span><\/a><span style=\"font-weight: 400;\"> mais aussi <\/span><a href=\"https:\/\/originltd.com\/fr\/packaging\/child-resistant-packaging\/\"><span style=\"font-weight: 400;\">emballage \u00e0 l'\u00e9preuve des enfants<\/span><\/a><span style=\"font-weight: 400;\"> variantes<\/span><\/li>\n<li style=\"font-weight: 400;\" aria-level=\"1\"><span style=\"font-weight: 400;\">Le verre ambr\u00e9 prot\u00e8ge contre la d\u00e9gradation par les UV<\/span><\/li>\n<\/ul>\n<h3><span style=\"font-weight: 400;\">Utilisations appropri\u00e9es :<\/span><\/h3>\n<ul>\n<li style=\"font-weight: 400;\" aria-level=\"1\"><span style=\"font-weight: 400;\">A utiliser comme emballage de CBD<\/span><\/li>\n<li style=\"font-weight: 400;\" aria-level=\"1\"><span style=\"font-weight: 400;\">A utiliser comme <\/span><a href=\"https:\/\/originltd.com\/fr\/packaging\/pharmaceutical-packaging\/\"><span style=\"font-weight: 400;\">emballage pharmaceutique<\/span><\/a><\/li>\n<li style=\"font-weight: 400;\" aria-level=\"1\"><span style=\"font-weight: 400;\">A utiliser comme <\/span><a href=\"https:\/\/originltd.com\/fr\/packaging\/health-wellbeing-packaging\/\"><span style=\"font-weight: 400;\">emballage de produits de bien-\u00eatre<\/span><\/a><\/li>\n<\/ul>","protected":false},"featured_media":8688,"comment_status":"closed","ping_status":"closed","template":"","meta":{"_acf_changed":false},"product_brand":[],"product_cat":[2213,2180,2224,2185,102,119,2225,2227,2228,2226,2223,103,95],"product_tag":[],"class_list":{"0":"post-8697","1":"product","2":"type-product","3":"status-publish","4":"has-post-thumbnail","6":"product_cat-amber-glass-bottles","7":"product_cat-amber-bottles","8":"product_cat-cbd","9":"product_cat-cosmetic-containers","10":"product_cat-glass-bottles","11":"product_cat-cosmetic-bottles","12":"product_cat-home-fragrance","13":"product_cat-lifestyle","14":"product_cat-perfume","15":"product_cat-personal-fragrance","16":"product_cat-skincare-bodycare","17":"product_cat-glass-dropper-bottles","18":"product_cat-glass","20":"first","21":"instock","22":"sold-individually","23":"shipping-taxable","24":"product-type-simple"},"acf":[],"yoast_head":"<!-- This site is optimized with the Yoast SEO plugin v27.3 - https:\/\/yoast.com\/product\/yoast-seo-wordpress\/ -->\n<title>10ml Amber Glass Dropper Bottles (Kingston) | Origin<\/title>\n<meta name=\"description\" content=\"Order 10ml Kingston amber glass dropper bottles at Origin. These versatile Amber USP Type III glass bottles offer UV protection and durability for your products.\" \/>\n<meta name=\"robots\" content=\"index, follow, max-snippet:-1, max-image-preview:large, max-video-preview:-1\" \/>\n<link rel=\"canonical\" href=\"https:\/\/originltd.com\/fr\/produit\/10ml-amber-glass-dropper-bottle-kingston\/\" \/>\n<meta property=\"og:locale\" content=\"fr_FR\" \/>\n<meta property=\"og:type\" content=\"article\" \/>\n<meta property=\"og:title\" content=\"10ml Amber Glass Dropper Bottles (Kingston) | Origin\" \/>\n<meta property=\"og:description\" content=\"Order 10ml Kingston amber glass dropper bottles at Origin. These versatile Amber USP Type III glass bottles offer UV protection and durability for your products.\" \/>\n<meta property=\"og:url\" content=\"https:\/\/originltd.com\/fr\/produit\/10ml-amber-glass-dropper-bottle-kingston\/\" \/>\n<meta property=\"og:site_name\" content=\"Origin Pharma Packaging\" \/>\n<meta property=\"article:publisher\" content=\"https:\/\/www.facebook.com\/originpharmapackaging\" \/>\n<meta property=\"article:modified_time\" content=\"2025-10-16T09:05:14+00:00\" \/>\n<meta property=\"og:image\" content=\"https:\/\/originltd.com\/wp-content\/uploads\/2022\/07\/kgl180010a-10ml-amber-dropper-bottle-scaled.jpg\" \/>\n\t<meta property=\"og:image:width\" content=\"1707\" \/>\n\t<meta property=\"og:image:height\" content=\"2560\" \/>\n\t<meta property=\"og:image:type\" content=\"image\/jpeg\" \/>\n<meta name=\"twitter:card\" content=\"summary_large_image\" \/>\n<meta name=\"twitter:site\" content=\"@originpharma\" \/>\n<meta name=\"twitter:label1\" content=\"Dur\u00e9e de lecture estim\u00e9e\" \/>\n\t<meta name=\"twitter:data1\" content=\"1 minute\" \/>\n<script type=\"application\/ld+json\" class=\"yoast-schema-graph\">{\"@context\":\"https:\\\/\\\/schema.org\",\"@graph\":[{\"@type\":\"WebPage\",\"@id\":\"https:\\\/\\\/originltd.com\\\/product\\\/10ml-amber-glass-dropper-bottle-kingston\\\/\",\"url\":\"https:\\\/\\\/originltd.com\\\/product\\\/10ml-amber-glass-dropper-bottle-kingston\\\/\",\"name\":\"10ml Amber Glass Dropper Bottles (Kingston) | Origin\",\"isPartOf\":{\"@id\":\"https:\\\/\\\/originltd.com\\\/#website\"},\"primaryImageOfPage\":{\"@id\":\"https:\\\/\\\/originltd.com\\\/product\\\/10ml-amber-glass-dropper-bottle-kingston\\\/#primaryimage\"},\"image\":{\"@id\":\"https:\\\/\\\/originltd.com\\\/product\\\/10ml-amber-glass-dropper-bottle-kingston\\\/#primaryimage\"},\"thumbnailUrl\":\"https:\\\/\\\/originltd.com\\\/wp-content\\\/uploads\\\/2022\\\/07\\\/kgl180010a-10ml-amber-dropper-bottle-scaled.jpg\",\"datePublished\":\"2022-07-04T13:52:09+00:00\",\"dateModified\":\"2025-10-16T09:05:14+00:00\",\"description\":\"Order 10ml Kingston amber glass dropper bottles at Origin. These versatile Amber USP Type III glass bottles offer UV protection and durability for your products.\",\"breadcrumb\":{\"@id\":\"https:\\\/\\\/originltd.com\\\/product\\\/10ml-amber-glass-dropper-bottle-kingston\\\/#breadcrumb\"},\"inLanguage\":\"fr-FR\",\"potentialAction\":[{\"@type\":\"ReadAction\",\"target\":[\"https:\\\/\\\/originltd.com\\\/product\\\/10ml-amber-glass-dropper-bottle-kingston\\\/\"]}]},{\"@type\":\"ImageObject\",\"inLanguage\":\"fr-FR\",\"@id\":\"https:\\\/\\\/originltd.com\\\/product\\\/10ml-amber-glass-dropper-bottle-kingston\\\/#primaryimage\",\"url\":\"https:\\\/\\\/originltd.com\\\/wp-content\\\/uploads\\\/2022\\\/07\\\/kgl180010a-10ml-amber-dropper-bottle-scaled.jpg\",\"contentUrl\":\"https:\\\/\\\/originltd.com\\\/wp-content\\\/uploads\\\/2022\\\/07\\\/kgl180010a-10ml-amber-dropper-bottle-scaled.jpg\",\"width\":1707,\"height\":2560,\"caption\":\"5ml Amber Glass Dropper Bottle (Kingston)\"},{\"@type\":\"BreadcrumbList\",\"@id\":\"https:\\\/\\\/originltd.com\\\/product\\\/10ml-amber-glass-dropper-bottle-kingston\\\/#breadcrumb\",\"itemListElement\":[{\"@type\":\"ListItem\",\"position\":1,\"name\":\"Home\",\"item\":\"https:\\\/\\\/originltd.com\\\/\"},{\"@type\":\"ListItem\",\"position\":2,\"name\":\"Pharmaceutical Packaging Products\",\"item\":\"https:\\\/\\\/originltd.com\\\/pharmaceutical-packaging\\\/\"},{\"@type\":\"ListItem\",\"position\":3,\"name\":\"Wholesale Glass Packaging\",\"item\":\"https:\\\/\\\/originltd.com\\\/packaging\\\/glass\\\/\"},{\"@type\":\"ListItem\",\"position\":4,\"name\":\"10ml Amber Glass Dropper Bottle (Kingston)\"}]},{\"@type\":\"WebSite\",\"@id\":\"https:\\\/\\\/originltd.com\\\/#website\",\"url\":\"https:\\\/\\\/originltd.com\\\/\",\"name\":\"Origin Pharma Packaging\",\"description\":\"\",\"publisher\":{\"@id\":\"https:\\\/\\\/originltd.com\\\/#organization\"},\"alternateName\":\"Origin Ltd.\",\"potentialAction\":[{\"@type\":\"SearchAction\",\"target\":{\"@type\":\"EntryPoint\",\"urlTemplate\":\"https:\\\/\\\/originltd.com\\\/?s={search_term_string}\"},\"query-input\":{\"@type\":\"PropertyValueSpecification\",\"valueRequired\":true,\"valueName\":\"search_term_string\"}}],\"inLanguage\":\"fr-FR\"},{\"@type\":\"Organization\",\"@id\":\"https:\\\/\\\/originltd.com\\\/#organization\",\"name\":\"Origin Pharma Packaging\",\"url\":\"https:\\\/\\\/originltd.com\\\/\",\"logo\":{\"@type\":\"ImageObject\",\"inLanguage\":\"fr-FR\",\"@id\":\"https:\\\/\\\/originltd.com\\\/#\\\/schema\\\/logo\\\/image\\\/\",\"url\":\"https:\\\/\\\/originltd.com\\\/wp-content\\\/uploads\\\/2024\\\/06\\\/cropped-Origin-logo-For-Health-For-Life-RGB@10x.png\",\"contentUrl\":\"https:\\\/\\\/originltd.com\\\/wp-content\\\/uploads\\\/2024\\\/06\\\/cropped-Origin-logo-For-Health-For-Life-RGB@10x.png\",\"width\":227,\"height\":65,\"caption\":\"Origin Pharma Packaging\"},\"image\":{\"@id\":\"https:\\\/\\\/originltd.com\\\/#\\\/schema\\\/logo\\\/image\\\/\"},\"sameAs\":[\"https:\\\/\\\/www.facebook.com\\\/originpharmapackaging\",\"https:\\\/\\\/x.com\\\/originpharma\",\"https:\\\/\\\/www.linkedin.com\\\/company\\\/origin-packaging-ltd\\\/\",\"https:\\\/\\\/www.youtube.com\\\/channel\\\/UCOOJl3eFOiO7lJT6f5qHygA\"]}]}<\/script>\n<!-- \/ Yoast SEO plugin. -->","yoast_head_json":{"title":"Flacons compte-gouttes 10ml en verre ambr\u00e9 (Kingston) | Origine","description":"Commandez des flacons compte-gouttes en verre ambr\u00e9 Kingston de 10 ml chez Origin. Ces flacons en verre ambr\u00e9 USP Type III offrent une protection UV et une durabilit\u00e9 \u00e0 vos produits.","robots":{"index":"index","follow":"follow","max-snippet":"max-snippet:-1","max-image-preview":"max-image-preview:large","max-video-preview":"max-video-preview:-1"},"canonical":"https:\/\/originltd.com\/fr\/produit\/10ml-amber-glass-dropper-bottle-kingston\/","og_locale":"fr_FR","og_type":"article","og_title":"10ml Amber Glass Dropper Bottles (Kingston) | Origin","og_description":"Order 10ml Kingston amber glass dropper bottles at Origin. These versatile Amber USP Type III glass bottles offer UV protection and durability for your products.","og_url":"https:\/\/originltd.com\/fr\/produit\/10ml-amber-glass-dropper-bottle-kingston\/","og_site_name":"Origin Pharma Packaging","article_publisher":"https:\/\/www.facebook.com\/originpharmapackaging","article_modified_time":"2025-10-16T09:05:14+00:00","og_image":[{"width":1707,"height":2560,"url":"https:\/\/originltd.com\/wp-content\/uploads\/2022\/07\/kgl180010a-10ml-amber-dropper-bottle-scaled.jpg","type":"image\/jpeg"}],"twitter_card":"summary_large_image","twitter_site":"@originpharma","twitter_misc":{"Dur\u00e9e de lecture estim\u00e9e":"1 minute"},"schema":{"@context":"https:\/\/schema.org","@graph":[{"@type":"WebPage","@id":"https:\/\/originltd.com\/product\/10ml-amber-glass-dropper-bottle-kingston\/","url":"https:\/\/originltd.com\/product\/10ml-amber-glass-dropper-bottle-kingston\/","name":"Flacons compte-gouttes 10ml en verre ambr\u00e9 (Kingston) | Origine","isPartOf":{"@id":"https:\/\/originltd.com\/#website"},"primaryImageOfPage":{"@id":"https:\/\/originltd.com\/product\/10ml-amber-glass-dropper-bottle-kingston\/#primaryimage"},"image":{"@id":"https:\/\/originltd.com\/product\/10ml-amber-glass-dropper-bottle-kingston\/#primaryimage"},"thumbnailUrl":"https:\/\/originltd.com\/wp-content\/uploads\/2022\/07\/kgl180010a-10ml-amber-dropper-bottle-scaled.jpg","datePublished":"2022-07-04T13:52:09+00:00","dateModified":"2025-10-16T09:05:14+00:00","description":"Commandez des flacons compte-gouttes en verre ambr\u00e9 Kingston de 10 ml chez Origin. Ces flacons en verre ambr\u00e9 USP Type III offrent une protection UV et une durabilit\u00e9 \u00e0 vos produits.","breadcrumb":{"@id":"https:\/\/originltd.com\/product\/10ml-amber-glass-dropper-bottle-kingston\/#breadcrumb"},"inLanguage":"fr-FR","potentialAction":[{"@type":"ReadAction","target":["https:\/\/originltd.com\/product\/10ml-amber-glass-dropper-bottle-kingston\/"]}]},{"@type":"ImageObject","inLanguage":"fr-FR","@id":"https:\/\/originltd.com\/product\/10ml-amber-glass-dropper-bottle-kingston\/#primaryimage","url":"https:\/\/originltd.com\/wp-content\/uploads\/2022\/07\/kgl180010a-10ml-amber-dropper-bottle-scaled.jpg","contentUrl":"https:\/\/originltd.com\/wp-content\/uploads\/2022\/07\/kgl180010a-10ml-amber-dropper-bottle-scaled.jpg","width":1707,"height":2560,"caption":"5ml Amber Glass Dropper Bottle (Kingston)"},{"@type":"BreadcrumbList","@id":"https:\/\/originltd.com\/product\/10ml-amber-glass-dropper-bottle-kingston\/#breadcrumb","itemListElement":[{"@type":"ListItem","position":1,"name":"Home","item":"https:\/\/originltd.com\/"},{"@type":"ListItem","position":2,"name":"Pharmaceutical Packaging Products","item":"https:\/\/originltd.com\/pharmaceutical-packaging\/"},{"@type":"ListItem","position":3,"name":"Wholesale Glass Packaging","item":"https:\/\/originltd.com\/packaging\/glass\/"},{"@type":"ListItem","position":4,"name":"10ml Amber Glass Dropper Bottle (Kingston)"}]},{"@type":"WebSite","@id":"https:\/\/originltd.com\/#website","url":"https:\/\/originltd.com\/","name":"Origin Pharma Packaging","description":"","publisher":{"@id":"https:\/\/originltd.com\/#organization"},"alternateName":"Origin Ltd.","potentialAction":[{"@type":"SearchAction","target":{"@type":"EntryPoint","urlTemplate":"https:\/\/originltd.com\/?s={search_term_string}"},"query-input":{"@type":"PropertyValueSpecification","valueRequired":true,"valueName":"search_term_string"}}],"inLanguage":"fr-FR"},{"@type":"Organization","@id":"https:\/\/originltd.com\/#organization","name":"Origin Pharma Packaging","url":"https:\/\/originltd.com\/","logo":{"@type":"ImageObject","inLanguage":"fr-FR","@id":"https:\/\/originltd.com\/#\/schema\/logo\/image\/","url":"https:\/\/originltd.com\/wp-content\/uploads\/2024\/06\/cropped-Origin-logo-For-Health-For-Life-RGB@10x.png","contentUrl":"https:\/\/originltd.com\/wp-content\/uploads\/2024\/06\/cropped-Origin-logo-For-Health-For-Life-RGB@10x.png","width":227,"height":65,"caption":"Origin Pharma Packaging"},"image":{"@id":"https:\/\/originltd.com\/#\/schema\/logo\/image\/"},"sameAs":["https:\/\/www.facebook.com\/originpharmapackaging","https:\/\/x.com\/originpharma","https:\/\/www.linkedin.com\/company\/origin-packaging-ltd\/","https:\/\/www.youtube.com\/channel\/UCOOJl3eFOiO7lJT6f5qHygA"]}]}},"_links":{"self":[{"href":"https:\/\/originltd.com\/fr\/wp-json\/wp\/v2\/product\/8697","targetHints":{"allow":["GET"]}}],"collection":[{"href":"https:\/\/originltd.com\/fr\/wp-json\/wp\/v2\/product"}],"about":[{"href":"https:\/\/originltd.com\/fr\/wp-json\/wp\/v2\/types\/product"}],"replies":[{"embeddable":true,"href":"https:\/\/originltd.com\/fr\/wp-json\/wp\/v2\/comments?post=8697"}],"wp:featuredmedia":[{"embeddable":true,"href":"https:\/\/originltd.com\/fr\/wp-json\/wp\/v2\/media\/8688"}],"wp:attachment":[{"href":"https:\/\/originltd.com\/fr\/wp-json\/wp\/v2\/media?parent=8697"}],"wp:term":[{"taxonomy":"product_brand","embeddable":true,"href":"https:\/\/originltd.com\/fr\/wp-json\/wp\/v2\/product_brand?post=8697"},{"taxonomy":"product_cat","embeddable":true,"href":"https:\/\/originltd.com\/fr\/wp-json\/wp\/v2\/product_cat?post=8697"},{"taxonomy":"product_tag","embeddable":true,"href":"https:\/\/originltd.com\/fr\/wp-json\/wp\/v2\/product_tag?post=8697"}],"curies":[{"name":"wp","href":"https:\/\/api.w.org\/{rel}","templated":true}]}}