{"id":8650,"date":"2022-06-29T13:41:02","date_gmt":"2022-06-29T12:41:02","guid":{"rendered":"https:\/\/originltd.in-beta.dev\/?post_type=product&#038;p=8650"},"modified":"2025-10-07T15:57:30","modified_gmt":"2025-10-07T14:57:30","slug":"1000ml-amber-glass-reagent-bottle-ground-stopper","status":"publish","type":"product","link":"https:\/\/originltd.com\/fr\/product\/1000ml-amber-glass-reagent-bottle-ground-stopper\/","title":{"rendered":"Flacon en verre ambr\u00e9 de 1000 ml pour r\u00e9actif et son bouchon rod\u00e9"},"content":{"rendered":"","protected":false},"excerpt":{"rendered":"<p><span style=\"font-weight: 400;\">Cette bouteille ambr\u00e9e de 1L<\/span><span style=\"font-weight: 400;\"> La bouteille et le bouchon en verre ont de fortes propri\u00e9t\u00e9s chimiques et physiques. <\/span><span style=\"font-weight: 400;\">En cons\u00e9quence, cette <\/span><a href=\"https:\/\/originltd.com\/fr\/packaging\/amber-glass-bottles\/\"><span style=\"font-weight: 400;\">bouteille en verre ambr\u00e9<\/span><\/a><span style=\"font-weight: 400;\"> offre une protection et une conservation fiables pour une gamme de produits pharmaceutiques. Le verre ambr\u00e9 offre une protection contre les UV pour les produits photosensibles, ce qui fait de ce flacon en verre ambr\u00e9 de 1000 ml une solution fiable pour la conservation des produits pharmaceutiques. <\/span><a href=\"https:\/\/originltd.com\/fr\/packaging\/glass\/\"><span style=\"font-weight: 400;\">emballage en verre<\/span><\/a><span style=\"font-weight: 400;\"> choix.<\/span><\/p>\n<h3><span style=\"font-weight: 400;\">Caract\u00e9ristiques principales :<\/span><\/h3>\n<ul>\n<li style=\"font-weight: 400;\" aria-level=\"1\"><span style=\"font-weight: 400;\">Protection UV<\/span><\/li>\n<li style=\"font-weight: 400;\" aria-level=\"1\"><span style=\"font-weight: 400;\">R\u00e9sistance chimique et physique<\/span><\/li>\n<li style=\"font-weight: 400;\" aria-level=\"1\"><span style=\"font-weight: 400;\">Un goulot large adapt\u00e9 au liquide ou \u00e0 un format solide ;<\/span><\/li>\n<li style=\"font-weight: 400;\" aria-level=\"1\"><span style=\"font-weight: 400;\">il pr\u00e9sente un bec verseur anti-goutte ;<\/span><\/li>\n<li style=\"font-weight: 400;\" aria-level=\"1\"><span style=\"font-weight: 400;\">Bouchon en verre rond, stable, robuste et rod\u00e9 individuellement, qui se fixe solidement pour emp\u00eacher la contamination du produit \u00e0 l'int\u00e9rieur de la bouteille.<\/span><\/li>\n<\/ul>\n<h3><span style=\"font-weight: 400;\">Utilisations appropri\u00e9es :<\/span><\/h3>\n<ul>\n<li style=\"font-weight: 400;\" aria-level=\"1\"><span style=\"font-weight: 400;\">Usage m\u00e9dical<\/span><\/li>\n<li style=\"font-weight: 400;\" aria-level=\"1\"><span style=\"font-weight: 400;\">Applications qui ne sont pas associ\u00e9es \u00e0 des charges thermiques \u00e9lev\u00e9es<\/span><\/li>\n<\/ul>","protected":false},"featured_media":8635,"comment_status":"closed","ping_status":"closed","template":"","meta":{"_acf_changed":false},"product_brand":[],"product_cat":[2185,119,2225,2227,2228,2226,95],"product_tag":[],"class_list":{"0":"post-8650","1":"product","2":"type-product","3":"status-publish","4":"has-post-thumbnail","6":"product_cat-cosmetic-containers","7":"product_cat-cosmetic-bottles","8":"product_cat-home-fragrance","9":"product_cat-lifestyle","10":"product_cat-perfume","11":"product_cat-personal-fragrance","12":"product_cat-glass","14":"first","15":"instock","16":"sold-individually","17":"shipping-taxable","18":"product-type-simple"},"acf":[],"yoast_head":"<!-- This site is optimized with the Yoast SEO plugin v27.5 - https:\/\/yoast.com\/product\/yoast-seo-wordpress\/ -->\n<title>1000ml Amber Glass Reagent Bottle &amp; Ground Stopper | Origin<\/title>\n<meta name=\"description\" content=\"Order 1000ml amber glass reagent bottles &amp; ground stoppers from Origin, suitable for medical use and offering strong chemical and physical resistance.\" \/>\n<meta name=\"robots\" content=\"index, follow, max-snippet:-1, max-image-preview:large, max-video-preview:-1\" \/>\n<link rel=\"canonical\" href=\"https:\/\/originltd.com\/fr\/produit\/1000ml-amber-glass-reagent-bottle-ground-stopper\/\" \/>\n<meta property=\"og:locale\" content=\"fr_FR\" \/>\n<meta property=\"og:type\" content=\"article\" \/>\n<meta property=\"og:title\" content=\"1000ml Amber Glass Reagent Bottle &amp; Ground Stopper | Origin\" \/>\n<meta property=\"og:description\" content=\"Order 1000ml amber glass reagent bottles &amp; ground stoppers from Origin, suitable for medical use and offering strong chemical and physical resistance.\" \/>\n<meta property=\"og:url\" content=\"https:\/\/originltd.com\/fr\/produit\/1000ml-amber-glass-reagent-bottle-ground-stopper\/\" \/>\n<meta property=\"og:site_name\" content=\"Origin Pharma Packaging\" \/>\n<meta property=\"article:publisher\" content=\"https:\/\/www.facebook.com\/originpharmapackaging\" \/>\n<meta property=\"article:modified_time\" content=\"2025-10-07T14:57:30+00:00\" \/>\n<meta property=\"og:image\" content=\"https:\/\/originltd.com\/wp-content\/uploads\/2022\/06\/rbg771000a-1000ml-amber-reagent-bottle-ground-stopper-scaled.jpg\" \/>\n\t<meta property=\"og:image:width\" content=\"1707\" \/>\n\t<meta property=\"og:image:height\" content=\"2560\" \/>\n\t<meta property=\"og:image:type\" content=\"image\/jpeg\" \/>\n<meta name=\"twitter:card\" content=\"summary_large_image\" \/>\n<meta name=\"twitter:site\" content=\"@originpharma\" \/>\n<meta name=\"twitter:label1\" content=\"Dur\u00e9e de lecture estim\u00e9e\" \/>\n\t<meta name=\"twitter:data1\" content=\"1 minute\" \/>\n<script type=\"application\/ld+json\" class=\"yoast-schema-graph\">{\"@context\":\"https:\\\/\\\/schema.org\",\"@graph\":[{\"@type\":\"WebPage\",\"@id\":\"https:\\\/\\\/originltd.com\\\/product\\\/1000ml-amber-glass-reagent-bottle-ground-stopper\\\/\",\"url\":\"https:\\\/\\\/originltd.com\\\/product\\\/1000ml-amber-glass-reagent-bottle-ground-stopper\\\/\",\"name\":\"1000ml Amber Glass Reagent Bottle & Ground Stopper | Origin\",\"isPartOf\":{\"@id\":\"https:\\\/\\\/originltd.com\\\/#website\"},\"primaryImageOfPage\":{\"@id\":\"https:\\\/\\\/originltd.com\\\/product\\\/1000ml-amber-glass-reagent-bottle-ground-stopper\\\/#primaryimage\"},\"image\":{\"@id\":\"https:\\\/\\\/originltd.com\\\/product\\\/1000ml-amber-glass-reagent-bottle-ground-stopper\\\/#primaryimage\"},\"thumbnailUrl\":\"https:\\\/\\\/originltd.com\\\/wp-content\\\/uploads\\\/2022\\\/06\\\/rbg771000a-1000ml-amber-reagent-bottle-ground-stopper-scaled.jpg\",\"datePublished\":\"2022-06-29T12:41:02+00:00\",\"dateModified\":\"2025-10-07T14:57:30+00:00\",\"description\":\"Order 1000ml amber glass reagent bottles & ground stoppers from Origin, suitable for medical use and offering strong chemical and physical resistance.\",\"breadcrumb\":{\"@id\":\"https:\\\/\\\/originltd.com\\\/product\\\/1000ml-amber-glass-reagent-bottle-ground-stopper\\\/#breadcrumb\"},\"inLanguage\":\"fr-FR\",\"potentialAction\":[{\"@type\":\"ReadAction\",\"target\":[\"https:\\\/\\\/originltd.com\\\/product\\\/1000ml-amber-glass-reagent-bottle-ground-stopper\\\/\"]}]},{\"@type\":\"ImageObject\",\"inLanguage\":\"fr-FR\",\"@id\":\"https:\\\/\\\/originltd.com\\\/product\\\/1000ml-amber-glass-reagent-bottle-ground-stopper\\\/#primaryimage\",\"url\":\"https:\\\/\\\/originltd.com\\\/wp-content\\\/uploads\\\/2022\\\/06\\\/rbg771000a-1000ml-amber-reagent-bottle-ground-stopper-scaled.jpg\",\"contentUrl\":\"https:\\\/\\\/originltd.com\\\/wp-content\\\/uploads\\\/2022\\\/06\\\/rbg771000a-1000ml-amber-reagent-bottle-ground-stopper-scaled.jpg\",\"width\":1707,\"height\":2560,\"caption\":\"1000ml-amber-reagent-bottle-ground-stopper\"},{\"@type\":\"BreadcrumbList\",\"@id\":\"https:\\\/\\\/originltd.com\\\/product\\\/1000ml-amber-glass-reagent-bottle-ground-stopper\\\/#breadcrumb\",\"itemListElement\":[{\"@type\":\"ListItem\",\"position\":1,\"name\":\"Home\",\"item\":\"https:\\\/\\\/originltd.com\\\/\"},{\"@type\":\"ListItem\",\"position\":2,\"name\":\"Pharmaceutical Packaging Products\",\"item\":\"https:\\\/\\\/originltd.com\\\/pharmaceutical-packaging\\\/\"},{\"@type\":\"ListItem\",\"position\":3,\"name\":\"Wholesale Glass Packaging\",\"item\":\"https:\\\/\\\/originltd.com\\\/packaging\\\/glass\\\/\"},{\"@type\":\"ListItem\",\"position\":4,\"name\":\"1000ml Amber Glass Reagent Bottle &#038; Ground Stopper\"}]},{\"@type\":\"WebSite\",\"@id\":\"https:\\\/\\\/originltd.com\\\/#website\",\"url\":\"https:\\\/\\\/originltd.com\\\/\",\"name\":\"Origin Pharma Packaging\",\"description\":\"\",\"publisher\":{\"@id\":\"https:\\\/\\\/originltd.com\\\/#organization\"},\"alternateName\":\"Origin Ltd.\",\"potentialAction\":[{\"@type\":\"SearchAction\",\"target\":{\"@type\":\"EntryPoint\",\"urlTemplate\":\"https:\\\/\\\/originltd.com\\\/?s={search_term_string}\"},\"query-input\":{\"@type\":\"PropertyValueSpecification\",\"valueRequired\":true,\"valueName\":\"search_term_string\"}}],\"inLanguage\":\"fr-FR\"},{\"@type\":\"Organization\",\"@id\":\"https:\\\/\\\/originltd.com\\\/#organization\",\"name\":\"Origin Pharma Packaging\",\"url\":\"https:\\\/\\\/originltd.com\\\/\",\"logo\":{\"@type\":\"ImageObject\",\"inLanguage\":\"fr-FR\",\"@id\":\"https:\\\/\\\/originltd.com\\\/#\\\/schema\\\/logo\\\/image\\\/\",\"url\":\"https:\\\/\\\/originltd.com\\\/wp-content\\\/uploads\\\/2024\\\/06\\\/cropped-Origin-logo-For-Health-For-Life-RGB@10x.png\",\"contentUrl\":\"https:\\\/\\\/originltd.com\\\/wp-content\\\/uploads\\\/2024\\\/06\\\/cropped-Origin-logo-For-Health-For-Life-RGB@10x.png\",\"width\":227,\"height\":65,\"caption\":\"Origin Pharma Packaging\"},\"image\":{\"@id\":\"https:\\\/\\\/originltd.com\\\/#\\\/schema\\\/logo\\\/image\\\/\"},\"sameAs\":[\"https:\\\/\\\/www.facebook.com\\\/originpharmapackaging\",\"https:\\\/\\\/x.com\\\/originpharma\",\"https:\\\/\\\/www.linkedin.com\\\/company\\\/origin-packaging-ltd\\\/\",\"https:\\\/\\\/www.youtube.com\\\/channel\\\/UCOOJl3eFOiO7lJT6f5qHygA\"]}]}<\/script>\n<!-- \/ Yoast SEO plugin. -->","yoast_head_json":{"title":"Bouteille de r\u00e9actif en verre ambr\u00e9 de 1000ml et bouchon de terre | Origine","description":"Commander des flacons de r\u00e9actifs et des bouchons en verre ambr\u00e9 de 1000ml d'origine, adapt\u00e9s \u00e0 un usage m\u00e9dical et offrant une forte r\u00e9sistance chimique et physique.","robots":{"index":"index","follow":"follow","max-snippet":"max-snippet:-1","max-image-preview":"max-image-preview:large","max-video-preview":"max-video-preview:-1"},"canonical":"https:\/\/originltd.com\/fr\/produit\/1000ml-amber-glass-reagent-bottle-ground-stopper\/","og_locale":"fr_FR","og_type":"article","og_title":"1000ml Amber Glass Reagent Bottle & Ground Stopper | Origin","og_description":"Order 1000ml amber glass reagent bottles & ground stoppers from Origin, suitable for medical use and offering strong chemical and physical resistance.","og_url":"https:\/\/originltd.com\/fr\/produit\/1000ml-amber-glass-reagent-bottle-ground-stopper\/","og_site_name":"Origin Pharma Packaging","article_publisher":"https:\/\/www.facebook.com\/originpharmapackaging","article_modified_time":"2025-10-07T14:57:30+00:00","og_image":[{"width":1707,"height":2560,"url":"https:\/\/originltd.com\/wp-content\/uploads\/2022\/06\/rbg771000a-1000ml-amber-reagent-bottle-ground-stopper-scaled.jpg","type":"image\/jpeg"}],"twitter_card":"summary_large_image","twitter_site":"@originpharma","twitter_misc":{"Dur\u00e9e de lecture estim\u00e9e":"1 minute"},"schema":{"@context":"https:\/\/schema.org","@graph":[{"@type":"WebPage","@id":"https:\/\/originltd.com\/product\/1000ml-amber-glass-reagent-bottle-ground-stopper\/","url":"https:\/\/originltd.com\/product\/1000ml-amber-glass-reagent-bottle-ground-stopper\/","name":"Bouteille de r\u00e9actif en verre ambr\u00e9 de 1000ml et bouchon de terre | Origine","isPartOf":{"@id":"https:\/\/originltd.com\/#website"},"primaryImageOfPage":{"@id":"https:\/\/originltd.com\/product\/1000ml-amber-glass-reagent-bottle-ground-stopper\/#primaryimage"},"image":{"@id":"https:\/\/originltd.com\/product\/1000ml-amber-glass-reagent-bottle-ground-stopper\/#primaryimage"},"thumbnailUrl":"https:\/\/originltd.com\/wp-content\/uploads\/2022\/06\/rbg771000a-1000ml-amber-reagent-bottle-ground-stopper-scaled.jpg","datePublished":"2022-06-29T12:41:02+00:00","dateModified":"2025-10-07T14:57:30+00:00","description":"Commander des flacons de r\u00e9actifs et des bouchons en verre ambr\u00e9 de 1000ml d'origine, adapt\u00e9s \u00e0 un usage m\u00e9dical et offrant une forte r\u00e9sistance chimique et physique.","breadcrumb":{"@id":"https:\/\/originltd.com\/product\/1000ml-amber-glass-reagent-bottle-ground-stopper\/#breadcrumb"},"inLanguage":"fr-FR","potentialAction":[{"@type":"ReadAction","target":["https:\/\/originltd.com\/product\/1000ml-amber-glass-reagent-bottle-ground-stopper\/"]}]},{"@type":"ImageObject","inLanguage":"fr-FR","@id":"https:\/\/originltd.com\/product\/1000ml-amber-glass-reagent-bottle-ground-stopper\/#primaryimage","url":"https:\/\/originltd.com\/wp-content\/uploads\/2022\/06\/rbg771000a-1000ml-amber-reagent-bottle-ground-stopper-scaled.jpg","contentUrl":"https:\/\/originltd.com\/wp-content\/uploads\/2022\/06\/rbg771000a-1000ml-amber-reagent-bottle-ground-stopper-scaled.jpg","width":1707,"height":2560,"caption":"1000ml-amber-reagent-bottle-ground-stopper"},{"@type":"BreadcrumbList","@id":"https:\/\/originltd.com\/product\/1000ml-amber-glass-reagent-bottle-ground-stopper\/#breadcrumb","itemListElement":[{"@type":"ListItem","position":1,"name":"Home","item":"https:\/\/originltd.com\/"},{"@type":"ListItem","position":2,"name":"Pharmaceutical Packaging Products","item":"https:\/\/originltd.com\/pharmaceutical-packaging\/"},{"@type":"ListItem","position":3,"name":"Wholesale Glass Packaging","item":"https:\/\/originltd.com\/packaging\/glass\/"},{"@type":"ListItem","position":4,"name":"1000ml Amber Glass Reagent Bottle &#038; Ground Stopper"}]},{"@type":"WebSite","@id":"https:\/\/originltd.com\/#website","url":"https:\/\/originltd.com\/","name":"Origin Pharma Packaging","description":"","publisher":{"@id":"https:\/\/originltd.com\/#organization"},"alternateName":"Origin Ltd.","potentialAction":[{"@type":"SearchAction","target":{"@type":"EntryPoint","urlTemplate":"https:\/\/originltd.com\/?s={search_term_string}"},"query-input":{"@type":"PropertyValueSpecification","valueRequired":true,"valueName":"search_term_string"}}],"inLanguage":"fr-FR"},{"@type":"Organization","@id":"https:\/\/originltd.com\/#organization","name":"Origin Pharma Packaging","url":"https:\/\/originltd.com\/","logo":{"@type":"ImageObject","inLanguage":"fr-FR","@id":"https:\/\/originltd.com\/#\/schema\/logo\/image\/","url":"https:\/\/originltd.com\/wp-content\/uploads\/2024\/06\/cropped-Origin-logo-For-Health-For-Life-RGB@10x.png","contentUrl":"https:\/\/originltd.com\/wp-content\/uploads\/2024\/06\/cropped-Origin-logo-For-Health-For-Life-RGB@10x.png","width":227,"height":65,"caption":"Origin Pharma Packaging"},"image":{"@id":"https:\/\/originltd.com\/#\/schema\/logo\/image\/"},"sameAs":["https:\/\/www.facebook.com\/originpharmapackaging","https:\/\/x.com\/originpharma","https:\/\/www.linkedin.com\/company\/origin-packaging-ltd\/","https:\/\/www.youtube.com\/channel\/UCOOJl3eFOiO7lJT6f5qHygA"]}]}},"_links":{"self":[{"href":"https:\/\/originltd.com\/fr\/wp-json\/wp\/v2\/product\/8650","targetHints":{"allow":["GET"]}}],"collection":[{"href":"https:\/\/originltd.com\/fr\/wp-json\/wp\/v2\/product"}],"about":[{"href":"https:\/\/originltd.com\/fr\/wp-json\/wp\/v2\/types\/product"}],"replies":[{"embeddable":true,"href":"https:\/\/originltd.com\/fr\/wp-json\/wp\/v2\/comments?post=8650"}],"wp:featuredmedia":[{"embeddable":true,"href":"https:\/\/originltd.com\/fr\/wp-json\/wp\/v2\/media\/8635"}],"wp:attachment":[{"href":"https:\/\/originltd.com\/fr\/wp-json\/wp\/v2\/media?parent=8650"}],"wp:term":[{"taxonomy":"product_brand","embeddable":true,"href":"https:\/\/originltd.com\/fr\/wp-json\/wp\/v2\/product_brand?post=8650"},{"taxonomy":"product_cat","embeddable":true,"href":"https:\/\/originltd.com\/fr\/wp-json\/wp\/v2\/product_cat?post=8650"},{"taxonomy":"product_tag","embeddable":true,"href":"https:\/\/originltd.com\/fr\/wp-json\/wp\/v2\/product_tag?post=8650"}],"curies":[{"name":"wp","href":"https:\/\/api.w.org\/{rel}","templated":true}]}}