
{"id":8613,"date":"2022-06-27T11:00:04","date_gmt":"2022-06-27T10:00:04","guid":{"rendered":"https:\/\/originltd.in-beta.dev\/?post_type=product&#038;p=8613"},"modified":"2025-05-21T08:53:29","modified_gmt":"2025-05-21T07:53:29","slug":"50ml-unopac-amber-round-pet-tablet-bottles","status":"publish","type":"product","link":"https:\/\/originltd.com\/fr\/product\/50ml-unopac-amber-round-pet-tablet-bottles\/","title":{"rendered":"50ml UnoPac\u00ae Bouteille ronde en PET ambre pour comprim\u00e9s"},"content":{"rendered":"","protected":false},"excerpt":{"rendered":"<p>Ces flacons en PET ambr\u00e9 servent aux m\u00e9dicaments sous forme solides et s'av\u00e8rent parfaits \u00e0 destination des entreprises pharmaceutiques et de parapharmacie. Il s'agit de flacons pour comprim\u00e9s pr\u00e9-bouch\u00e9s (\u00e0 s\u00e9curit\u00e9 enfant). C'est l'id\u00e9al  pour garantir la s\u00e9curit\u00e9, assurer l'int\u00e9grit\u00e9 de votre produit, ainsi que le respect des pr\u00e9occupations quant aux accidents domestiques mettant les enfants en danger.<\/p>\n<ul>\n<li>Flacon de comprim\u00e9s ronds en PET ambr\u00e9 pr\u00e9-capuchonn\u00e9 avec bouchon Clic-Loc<\/li>\n<li>Codage UV invisible autorisant la tra\u00e7abilit\u00e9 compl\u00e8te des emballages ;<\/li>\n<li>conforme \u00e0 la norme NF EN ISO 8317:2004 - (Emballages \u00e0 l'\u00e9preuve des  enfants - et \u00e0 la norme BS1679:8 - Flaons pour m\u00e9dicaments sous forme ;<\/li>\n<li>absence de risque de contamination (bouchage automatis\u00e9) ;<\/li>\n<li>Marque leader Clic-Loc CRC<\/li>\n<li>respectueux de l'environnement ! Jusqu'\u00e0 20% du contenu en PET est recyclable.<\/li>\n<\/ul>","protected":false},"featured_media":8609,"comment_status":"closed","ping_status":"closed","template":"","meta":{"_acf_changed":false},"product_brand":[],"product_cat":[107,2169,2184,96,2188],"product_tag":[],"class_list":{"0":"post-8613","1":"product","2":"type-product","3":"status-publish","4":"has-post-thumbnail","6":"product_cat-pet-bottles","7":"product_cat-pharmacy-packaging","8":"product_cat-bottles","9":"product_cat-plastic","10":"product_cat-round-bottles","12":"first","13":"instock","14":"sold-individually","15":"shipping-taxable","16":"product-type-simple"},"acf":[],"yoast_head":"<!-- This site is optimized with the Yoast SEO plugin v27.3 - https:\/\/yoast.com\/product\/yoast-seo-wordpress\/ -->\n<title>50ml UnoPac\u00ae Amber Round PET Tablet Bottles | Origin Pharma Packaging<\/title>\n<meta name=\"description\" content=\"Find out about our 50ml UnoPac\u00ae amber round PET tablet bottles available from Origin, bulk supplier of packaging for use in the pharmaceutical industry. Order a sample or get in touch for more details.\" \/>\n<meta name=\"robots\" content=\"index, follow, max-snippet:-1, max-image-preview:large, max-video-preview:-1\" \/>\n<link rel=\"canonical\" href=\"https:\/\/originltd.com\/fr\/produit\/50ml-unopac-amber-round-pet-tablet-bottles\/\" \/>\n<meta property=\"og:locale\" content=\"fr_FR\" \/>\n<meta property=\"og:type\" content=\"article\" \/>\n<meta property=\"og:title\" content=\"50ml UnoPac\u00ae Amber Round PET Tablet Bottles | Origin Pharma Packaging\" \/>\n<meta property=\"og:description\" content=\"Find out about our 50ml UnoPac\u00ae amber round PET tablet bottles available from Origin, bulk supplier of packaging for use in the pharmaceutical industry. Order a sample or get in touch for more details.\" \/>\n<meta property=\"og:url\" content=\"https:\/\/originltd.com\/fr\/produit\/50ml-unopac-amber-round-pet-tablet-bottles\/\" \/>\n<meta property=\"og:site_name\" content=\"Origin Pharma Packaging\" \/>\n<meta property=\"article:publisher\" content=\"https:\/\/www.facebook.com\/originpharmapackaging\" \/>\n<meta property=\"article:modified_time\" content=\"2025-05-21T07:53:29+00:00\" \/>\n<meta property=\"og:image\" content=\"https:\/\/originltd.com\/wp-content\/uploads\/2022\/06\/UP50AC-scaled.jpg\" \/>\n\t<meta property=\"og:image:width\" content=\"1707\" \/>\n\t<meta property=\"og:image:height\" content=\"2560\" \/>\n\t<meta property=\"og:image:type\" content=\"image\/jpeg\" \/>\n<meta name=\"twitter:card\" content=\"summary_large_image\" \/>\n<meta name=\"twitter:site\" content=\"@originpharma\" \/>\n<meta name=\"twitter:label1\" content=\"Dur\u00e9e de lecture estim\u00e9e\" \/>\n\t<meta name=\"twitter:data1\" content=\"1 minute\" \/>\n<script type=\"application\/ld+json\" class=\"yoast-schema-graph\">{\"@context\":\"https:\\\/\\\/schema.org\",\"@graph\":[{\"@type\":\"WebPage\",\"@id\":\"https:\\\/\\\/originltd.com\\\/product\\\/50ml-unopac-amber-round-pet-tablet-bottles\\\/\",\"url\":\"https:\\\/\\\/originltd.com\\\/product\\\/50ml-unopac-amber-round-pet-tablet-bottles\\\/\",\"name\":\"50ml UnoPac\u00ae Amber Round PET Tablet Bottles | Origin Pharma Packaging\",\"isPartOf\":{\"@id\":\"https:\\\/\\\/originltd.com\\\/#website\"},\"primaryImageOfPage\":{\"@id\":\"https:\\\/\\\/originltd.com\\\/product\\\/50ml-unopac-amber-round-pet-tablet-bottles\\\/#primaryimage\"},\"image\":{\"@id\":\"https:\\\/\\\/originltd.com\\\/product\\\/50ml-unopac-amber-round-pet-tablet-bottles\\\/#primaryimage\"},\"thumbnailUrl\":\"https:\\\/\\\/originltd.com\\\/wp-content\\\/uploads\\\/2022\\\/06\\\/UP50AC-scaled.jpg\",\"datePublished\":\"2022-06-27T10:00:04+00:00\",\"dateModified\":\"2025-05-21T07:53:29+00:00\",\"description\":\"Find out about our 50ml UnoPac\u00ae amber round PET tablet bottles available from Origin, bulk supplier of packaging for use in the pharmaceutical industry. Order a sample or get in touch for more details.\",\"breadcrumb\":{\"@id\":\"https:\\\/\\\/originltd.com\\\/product\\\/50ml-unopac-amber-round-pet-tablet-bottles\\\/#breadcrumb\"},\"inLanguage\":\"fr-FR\",\"potentialAction\":[{\"@type\":\"ReadAction\",\"target\":[\"https:\\\/\\\/originltd.com\\\/product\\\/50ml-unopac-amber-round-pet-tablet-bottles\\\/\"]}]},{\"@type\":\"ImageObject\",\"inLanguage\":\"fr-FR\",\"@id\":\"https:\\\/\\\/originltd.com\\\/product\\\/50ml-unopac-amber-round-pet-tablet-bottles\\\/#primaryimage\",\"url\":\"https:\\\/\\\/originltd.com\\\/wp-content\\\/uploads\\\/2022\\\/06\\\/UP50AC-scaled.jpg\",\"contentUrl\":\"https:\\\/\\\/originltd.com\\\/wp-content\\\/uploads\\\/2022\\\/06\\\/UP50AC-scaled.jpg\",\"width\":1707,\"height\":2560,\"caption\":\"UP50AC\"},{\"@type\":\"BreadcrumbList\",\"@id\":\"https:\\\/\\\/originltd.com\\\/product\\\/50ml-unopac-amber-round-pet-tablet-bottles\\\/#breadcrumb\",\"itemListElement\":[{\"@type\":\"ListItem\",\"position\":1,\"name\":\"Home\",\"item\":\"https:\\\/\\\/originltd.com\\\/\"},{\"@type\":\"ListItem\",\"position\":2,\"name\":\"Pharmaceutical Packaging Products\",\"item\":\"https:\\\/\\\/originltd.com\\\/pharmaceutical-packaging\\\/\"},{\"@type\":\"ListItem\",\"position\":3,\"name\":\"Plastic Packaging\",\"item\":\"https:\\\/\\\/originltd.com\\\/packaging\\\/plastic\\\/\"},{\"@type\":\"ListItem\",\"position\":4,\"name\":\"50ml UnoPac\u00ae Amber Round PET Tablet Bottle\"}]},{\"@type\":\"WebSite\",\"@id\":\"https:\\\/\\\/originltd.com\\\/#website\",\"url\":\"https:\\\/\\\/originltd.com\\\/\",\"name\":\"Origin Pharma Packaging\",\"description\":\"\",\"publisher\":{\"@id\":\"https:\\\/\\\/originltd.com\\\/#organization\"},\"alternateName\":\"Origin Ltd.\",\"potentialAction\":[{\"@type\":\"SearchAction\",\"target\":{\"@type\":\"EntryPoint\",\"urlTemplate\":\"https:\\\/\\\/originltd.com\\\/?s={search_term_string}\"},\"query-input\":{\"@type\":\"PropertyValueSpecification\",\"valueRequired\":true,\"valueName\":\"search_term_string\"}}],\"inLanguage\":\"fr-FR\"},{\"@type\":\"Organization\",\"@id\":\"https:\\\/\\\/originltd.com\\\/#organization\",\"name\":\"Origin Pharma Packaging\",\"url\":\"https:\\\/\\\/originltd.com\\\/\",\"logo\":{\"@type\":\"ImageObject\",\"inLanguage\":\"fr-FR\",\"@id\":\"https:\\\/\\\/originltd.com\\\/#\\\/schema\\\/logo\\\/image\\\/\",\"url\":\"https:\\\/\\\/originltd.com\\\/wp-content\\\/uploads\\\/2024\\\/06\\\/cropped-Origin-logo-For-Health-For-Life-RGB@10x.png\",\"contentUrl\":\"https:\\\/\\\/originltd.com\\\/wp-content\\\/uploads\\\/2024\\\/06\\\/cropped-Origin-logo-For-Health-For-Life-RGB@10x.png\",\"width\":227,\"height\":65,\"caption\":\"Origin Pharma Packaging\"},\"image\":{\"@id\":\"https:\\\/\\\/originltd.com\\\/#\\\/schema\\\/logo\\\/image\\\/\"},\"sameAs\":[\"https:\\\/\\\/www.facebook.com\\\/originpharmapackaging\",\"https:\\\/\\\/x.com\\\/originpharma\",\"https:\\\/\\\/www.linkedin.com\\\/company\\\/origin-packaging-ltd\\\/\",\"https:\\\/\\\/www.youtube.com\\\/channel\\\/UCOOJl3eFOiO7lJT6f5qHygA\"]}]}<\/script>\n<!-- \/ Yoast SEO plugin. -->","yoast_head_json":{"title":"Bouteilles rondes en PET UnoPac\u00ae ambr\u00e9 de 50ml pour comprim\u00e9s | Origin Pharma Packaging","description":"D\u00e9couvrez nos flacons de comprim\u00e9s ronds en PET ambr\u00e9 UnoPac\u00ae 50ml disponibles aupr\u00e8s d'Origin, fournisseur d'emballages en vrac pour l'industrie pharmaceutique. Commandez un \u00e9chantillon ou contactez-nous pour plus d'informations.","robots":{"index":"index","follow":"follow","max-snippet":"max-snippet:-1","max-image-preview":"max-image-preview:large","max-video-preview":"max-video-preview:-1"},"canonical":"https:\/\/originltd.com\/fr\/produit\/50ml-unopac-amber-round-pet-tablet-bottles\/","og_locale":"fr_FR","og_type":"article","og_title":"50ml UnoPac\u00ae Amber Round PET Tablet Bottles | Origin Pharma Packaging","og_description":"Find out about our 50ml UnoPac\u00ae amber round PET tablet bottles available from Origin, bulk supplier of packaging for use in the pharmaceutical industry. Order a sample or get in touch for more details.","og_url":"https:\/\/originltd.com\/fr\/produit\/50ml-unopac-amber-round-pet-tablet-bottles\/","og_site_name":"Origin Pharma Packaging","article_publisher":"https:\/\/www.facebook.com\/originpharmapackaging","article_modified_time":"2025-05-21T07:53:29+00:00","og_image":[{"width":1707,"height":2560,"url":"https:\/\/originltd.com\/wp-content\/uploads\/2022\/06\/UP50AC-scaled.jpg","type":"image\/jpeg"}],"twitter_card":"summary_large_image","twitter_site":"@originpharma","twitter_misc":{"Dur\u00e9e de lecture estim\u00e9e":"1 minute"},"schema":{"@context":"https:\/\/schema.org","@graph":[{"@type":"WebPage","@id":"https:\/\/originltd.com\/product\/50ml-unopac-amber-round-pet-tablet-bottles\/","url":"https:\/\/originltd.com\/product\/50ml-unopac-amber-round-pet-tablet-bottles\/","name":"Bouteilles rondes en PET UnoPac\u00ae ambr\u00e9 de 50ml pour comprim\u00e9s | Origin Pharma Packaging","isPartOf":{"@id":"https:\/\/originltd.com\/#website"},"primaryImageOfPage":{"@id":"https:\/\/originltd.com\/product\/50ml-unopac-amber-round-pet-tablet-bottles\/#primaryimage"},"image":{"@id":"https:\/\/originltd.com\/product\/50ml-unopac-amber-round-pet-tablet-bottles\/#primaryimage"},"thumbnailUrl":"https:\/\/originltd.com\/wp-content\/uploads\/2022\/06\/UP50AC-scaled.jpg","datePublished":"2022-06-27T10:00:04+00:00","dateModified":"2025-05-21T07:53:29+00:00","description":"D\u00e9couvrez nos flacons de comprim\u00e9s ronds en PET ambr\u00e9 UnoPac\u00ae 50ml disponibles aupr\u00e8s d'Origin, fournisseur d'emballages en vrac pour l'industrie pharmaceutique. Commandez un \u00e9chantillon ou contactez-nous pour plus d'informations.","breadcrumb":{"@id":"https:\/\/originltd.com\/product\/50ml-unopac-amber-round-pet-tablet-bottles\/#breadcrumb"},"inLanguage":"fr-FR","potentialAction":[{"@type":"ReadAction","target":["https:\/\/originltd.com\/product\/50ml-unopac-amber-round-pet-tablet-bottles\/"]}]},{"@type":"ImageObject","inLanguage":"fr-FR","@id":"https:\/\/originltd.com\/product\/50ml-unopac-amber-round-pet-tablet-bottles\/#primaryimage","url":"https:\/\/originltd.com\/wp-content\/uploads\/2022\/06\/UP50AC-scaled.jpg","contentUrl":"https:\/\/originltd.com\/wp-content\/uploads\/2022\/06\/UP50AC-scaled.jpg","width":1707,"height":2560,"caption":"UP50AC"},{"@type":"BreadcrumbList","@id":"https:\/\/originltd.com\/product\/50ml-unopac-amber-round-pet-tablet-bottles\/#breadcrumb","itemListElement":[{"@type":"ListItem","position":1,"name":"Home","item":"https:\/\/originltd.com\/"},{"@type":"ListItem","position":2,"name":"Pharmaceutical Packaging Products","item":"https:\/\/originltd.com\/pharmaceutical-packaging\/"},{"@type":"ListItem","position":3,"name":"Plastic Packaging","item":"https:\/\/originltd.com\/packaging\/plastic\/"},{"@type":"ListItem","position":4,"name":"50ml UnoPac\u00ae Amber Round PET Tablet Bottle"}]},{"@type":"WebSite","@id":"https:\/\/originltd.com\/#website","url":"https:\/\/originltd.com\/","name":"Origin Pharma Packaging","description":"","publisher":{"@id":"https:\/\/originltd.com\/#organization"},"alternateName":"Origin Ltd.","potentialAction":[{"@type":"SearchAction","target":{"@type":"EntryPoint","urlTemplate":"https:\/\/originltd.com\/?s={search_term_string}"},"query-input":{"@type":"PropertyValueSpecification","valueRequired":true,"valueName":"search_term_string"}}],"inLanguage":"fr-FR"},{"@type":"Organization","@id":"https:\/\/originltd.com\/#organization","name":"Origin Pharma Packaging","url":"https:\/\/originltd.com\/","logo":{"@type":"ImageObject","inLanguage":"fr-FR","@id":"https:\/\/originltd.com\/#\/schema\/logo\/image\/","url":"https:\/\/originltd.com\/wp-content\/uploads\/2024\/06\/cropped-Origin-logo-For-Health-For-Life-RGB@10x.png","contentUrl":"https:\/\/originltd.com\/wp-content\/uploads\/2024\/06\/cropped-Origin-logo-For-Health-For-Life-RGB@10x.png","width":227,"height":65,"caption":"Origin Pharma Packaging"},"image":{"@id":"https:\/\/originltd.com\/#\/schema\/logo\/image\/"},"sameAs":["https:\/\/www.facebook.com\/originpharmapackaging","https:\/\/x.com\/originpharma","https:\/\/www.linkedin.com\/company\/origin-packaging-ltd\/","https:\/\/www.youtube.com\/channel\/UCOOJl3eFOiO7lJT6f5qHygA"]}]}},"_links":{"self":[{"href":"https:\/\/originltd.com\/fr\/wp-json\/wp\/v2\/product\/8613","targetHints":{"allow":["GET"]}}],"collection":[{"href":"https:\/\/originltd.com\/fr\/wp-json\/wp\/v2\/product"}],"about":[{"href":"https:\/\/originltd.com\/fr\/wp-json\/wp\/v2\/types\/product"}],"replies":[{"embeddable":true,"href":"https:\/\/originltd.com\/fr\/wp-json\/wp\/v2\/comments?post=8613"}],"wp:featuredmedia":[{"embeddable":true,"href":"https:\/\/originltd.com\/fr\/wp-json\/wp\/v2\/media\/8609"}],"wp:attachment":[{"href":"https:\/\/originltd.com\/fr\/wp-json\/wp\/v2\/media?parent=8613"}],"wp:term":[{"taxonomy":"product_brand","embeddable":true,"href":"https:\/\/originltd.com\/fr\/wp-json\/wp\/v2\/product_brand?post=8613"},{"taxonomy":"product_cat","embeddable":true,"href":"https:\/\/originltd.com\/fr\/wp-json\/wp\/v2\/product_cat?post=8613"},{"taxonomy":"product_tag","embeddable":true,"href":"https:\/\/originltd.com\/fr\/wp-json\/wp\/v2\/product_tag?post=8613"}],"curies":[{"name":"wp","href":"https:\/\/api.w.org\/{rel}","templated":true}]}}