
{"id":8595,"date":"2022-06-22T12:27:08","date_gmt":"2022-06-22T11:27:08","guid":{"rendered":"https:\/\/originltd.in-beta.dev\/?post_type=product&#038;p=8595"},"modified":"2025-05-21T08:58:07","modified_gmt":"2025-05-21T07:58:07","slug":"125ml-cubopac-amber-rectangular-tablet-bottles","status":"publish","type":"product","link":"https:\/\/originltd.com\/fr\/product\/125ml-cubopac-amber-rectangular-tablet-bottles\/","title":{"rendered":"125ml CuboPac\u2122 Amber Rectangular Tablet Bottle (flacon \u00e0 comprim\u00e9s rectangulaire)"},"content":{"rendered":"","protected":false},"excerpt":{"rendered":"<p>Ces flacons conservent la forme traditionnelle de la bouteille rectangulaire \u00e0 comprim\u00e9s\/g\u00e9lules, tout en \u00e9pousant la technologie moderne du polym\u00e8re pr\u00e9sente de nos jours . Cette gamme est disponible en 10 tailles, et \u00e0 la diff\u00e9rence de son pr\u00e9d\u00e9cesseur et d'autres produits en circulation, la cure de rajeunissement \u00e0 laquelle nous l'avons soumis nous permet de vous proposer un article \u00e0 bas\nprix, et qui r\u00e9pond parfaitement aux normes (ISO8317: 20014).<\/p>\n<ul>\n<li>Flacon de comprim\u00e9s rectangulaire ambr\u00e9 avec bouchon Clic-Loc<\/li>\n<li>une forme traditionnelle de la bouteille rectangulaire ;<\/li>\n<li>finition du col moul\u00e9e par injection et base sans soudure (donc \u00e9tanche) ;<\/li>\n<li>Bouchon Clic-Loc - quantit\u00e9 correcte de fermeture de s\u00e9curit\u00e9 pour les enfants incluse<\/li>\n<li>un excellent niveau de visibilit\u00e9 gr\u00e2ce au polym\u00e8re haute brillance ;<\/li>\n<li>recyclables \u00e0 100% ;<\/li>\n<\/ul>","protected":false},"featured_media":8578,"comment_status":"closed","ping_status":"closed","template":"","meta":{"_acf_changed":false},"product_brand":[],"product_cat":[2169,2184,96,2189],"product_tag":[],"class_list":{"0":"post-8595","1":"product","2":"type-product","3":"status-publish","4":"has-post-thumbnail","6":"product_cat-pharmacy-packaging","7":"product_cat-bottles","8":"product_cat-plastic","9":"product_cat-square-bottles","11":"first","12":"instock","13":"sold-individually","14":"shipping-taxable","15":"product-type-simple"},"acf":[],"yoast_head":"<!-- This site is optimized with the Yoast SEO plugin v27.3 - https:\/\/yoast.com\/product\/yoast-seo-wordpress\/ -->\n<title>125ml CuboPac\u2122 Amber Rectangular Tablet Bottles | Origin Pharma Packaging<\/title>\n<meta name=\"description\" content=\"125ml CuboPac\u2122 amber rectangular tablet bottles are available from Origin, bulk supplier of packaging for use in the pharmaceutical industry. Order a sample or get in touch for more details.\" \/>\n<meta name=\"robots\" content=\"index, follow, max-snippet:-1, max-image-preview:large, max-video-preview:-1\" \/>\n<link rel=\"canonical\" href=\"https:\/\/originltd.com\/fr\/produit\/125ml-cubopac-amber-rectangular-tablet-bottles\/\" \/>\n<meta property=\"og:locale\" content=\"fr_FR\" \/>\n<meta property=\"og:type\" content=\"article\" \/>\n<meta property=\"og:title\" content=\"125ml CuboPac\u2122 Amber Rectangular Tablet Bottles | Origin Pharma Packaging\" \/>\n<meta property=\"og:description\" content=\"125ml CuboPac\u2122 amber rectangular tablet bottles are available from Origin, bulk supplier of packaging for use in the pharmaceutical industry. Order a sample or get in touch for more details.\" \/>\n<meta property=\"og:url\" content=\"https:\/\/originltd.com\/fr\/produit\/125ml-cubopac-amber-rectangular-tablet-bottles\/\" \/>\n<meta property=\"og:site_name\" content=\"Origin Pharma Packaging\" \/>\n<meta property=\"article:publisher\" content=\"https:\/\/www.facebook.com\/originpharmapackaging\" \/>\n<meta property=\"article:modified_time\" content=\"2025-05-21T07:58:07+00:00\" \/>\n<meta property=\"og:image\" content=\"https:\/\/originltd.com\/wp-content\/uploads\/2022\/06\/CP125A-scaled.jpg\" \/>\n\t<meta property=\"og:image:width\" content=\"1707\" \/>\n\t<meta property=\"og:image:height\" content=\"2560\" \/>\n\t<meta property=\"og:image:type\" content=\"image\/jpeg\" \/>\n<meta name=\"twitter:card\" content=\"summary_large_image\" \/>\n<meta name=\"twitter:site\" content=\"@originpharma\" \/>\n<meta name=\"twitter:label1\" content=\"Dur\u00e9e de lecture estim\u00e9e\" \/>\n\t<meta name=\"twitter:data1\" content=\"1 minute\" \/>\n<script type=\"application\/ld+json\" class=\"yoast-schema-graph\">{\"@context\":\"https:\\\/\\\/schema.org\",\"@graph\":[{\"@type\":\"WebPage\",\"@id\":\"https:\\\/\\\/originltd.com\\\/product\\\/125ml-cubopac-amber-rectangular-tablet-bottles\\\/\",\"url\":\"https:\\\/\\\/originltd.com\\\/product\\\/125ml-cubopac-amber-rectangular-tablet-bottles\\\/\",\"name\":\"125ml CuboPac\u2122 Amber Rectangular Tablet Bottles | Origin Pharma Packaging\",\"isPartOf\":{\"@id\":\"https:\\\/\\\/originltd.com\\\/#website\"},\"primaryImageOfPage\":{\"@id\":\"https:\\\/\\\/originltd.com\\\/product\\\/125ml-cubopac-amber-rectangular-tablet-bottles\\\/#primaryimage\"},\"image\":{\"@id\":\"https:\\\/\\\/originltd.com\\\/product\\\/125ml-cubopac-amber-rectangular-tablet-bottles\\\/#primaryimage\"},\"thumbnailUrl\":\"https:\\\/\\\/originltd.com\\\/wp-content\\\/uploads\\\/2022\\\/06\\\/CP125A-scaled.jpg\",\"datePublished\":\"2022-06-22T11:27:08+00:00\",\"dateModified\":\"2025-05-21T07:58:07+00:00\",\"description\":\"125ml CuboPac\u2122 amber rectangular tablet bottles are available from Origin, bulk supplier of packaging for use in the pharmaceutical industry. Order a sample or get in touch for more details.\",\"breadcrumb\":{\"@id\":\"https:\\\/\\\/originltd.com\\\/product\\\/125ml-cubopac-amber-rectangular-tablet-bottles\\\/#breadcrumb\"},\"inLanguage\":\"fr-FR\",\"potentialAction\":[{\"@type\":\"ReadAction\",\"target\":[\"https:\\\/\\\/originltd.com\\\/product\\\/125ml-cubopac-amber-rectangular-tablet-bottles\\\/\"]}]},{\"@type\":\"ImageObject\",\"inLanguage\":\"fr-FR\",\"@id\":\"https:\\\/\\\/originltd.com\\\/product\\\/125ml-cubopac-amber-rectangular-tablet-bottles\\\/#primaryimage\",\"url\":\"https:\\\/\\\/originltd.com\\\/wp-content\\\/uploads\\\/2022\\\/06\\\/CP125A-scaled.jpg\",\"contentUrl\":\"https:\\\/\\\/originltd.com\\\/wp-content\\\/uploads\\\/2022\\\/06\\\/CP125A-scaled.jpg\",\"width\":1707,\"height\":2560,\"caption\":\"CP125A\"},{\"@type\":\"BreadcrumbList\",\"@id\":\"https:\\\/\\\/originltd.com\\\/product\\\/125ml-cubopac-amber-rectangular-tablet-bottles\\\/#breadcrumb\",\"itemListElement\":[{\"@type\":\"ListItem\",\"position\":1,\"name\":\"Home\",\"item\":\"https:\\\/\\\/originltd.com\\\/\"},{\"@type\":\"ListItem\",\"position\":2,\"name\":\"Pharmaceutical Packaging Products\",\"item\":\"https:\\\/\\\/originltd.com\\\/pharmaceutical-packaging\\\/\"},{\"@type\":\"ListItem\",\"position\":3,\"name\":\"Plastic Packaging\",\"item\":\"https:\\\/\\\/originltd.com\\\/packaging\\\/plastic\\\/\"},{\"@type\":\"ListItem\",\"position\":4,\"name\":\"Square Plastic Bottles\",\"item\":\"https:\\\/\\\/originltd.com\\\/packaging\\\/plastic\\\/square-bottles\\\/\"},{\"@type\":\"ListItem\",\"position\":5,\"name\":\"125ml CuboPac\u2122 Amber Rectangular Tablet Bottle\"}]},{\"@type\":\"WebSite\",\"@id\":\"https:\\\/\\\/originltd.com\\\/#website\",\"url\":\"https:\\\/\\\/originltd.com\\\/\",\"name\":\"Origin Pharma Packaging\",\"description\":\"\",\"publisher\":{\"@id\":\"https:\\\/\\\/originltd.com\\\/#organization\"},\"alternateName\":\"Origin Ltd.\",\"potentialAction\":[{\"@type\":\"SearchAction\",\"target\":{\"@type\":\"EntryPoint\",\"urlTemplate\":\"https:\\\/\\\/originltd.com\\\/?s={search_term_string}\"},\"query-input\":{\"@type\":\"PropertyValueSpecification\",\"valueRequired\":true,\"valueName\":\"search_term_string\"}}],\"inLanguage\":\"fr-FR\"},{\"@type\":\"Organization\",\"@id\":\"https:\\\/\\\/originltd.com\\\/#organization\",\"name\":\"Origin Pharma Packaging\",\"url\":\"https:\\\/\\\/originltd.com\\\/\",\"logo\":{\"@type\":\"ImageObject\",\"inLanguage\":\"fr-FR\",\"@id\":\"https:\\\/\\\/originltd.com\\\/#\\\/schema\\\/logo\\\/image\\\/\",\"url\":\"https:\\\/\\\/originltd.com\\\/wp-content\\\/uploads\\\/2024\\\/06\\\/cropped-Origin-logo-For-Health-For-Life-RGB@10x.png\",\"contentUrl\":\"https:\\\/\\\/originltd.com\\\/wp-content\\\/uploads\\\/2024\\\/06\\\/cropped-Origin-logo-For-Health-For-Life-RGB@10x.png\",\"width\":227,\"height\":65,\"caption\":\"Origin Pharma Packaging\"},\"image\":{\"@id\":\"https:\\\/\\\/originltd.com\\\/#\\\/schema\\\/logo\\\/image\\\/\"},\"sameAs\":[\"https:\\\/\\\/www.facebook.com\\\/originpharmapackaging\",\"https:\\\/\\\/x.com\\\/originpharma\",\"https:\\\/\\\/www.linkedin.com\\\/company\\\/origin-packaging-ltd\\\/\",\"https:\\\/\\\/www.youtube.com\\\/channel\\\/UCOOJl3eFOiO7lJT6f5qHygA\"]}]}<\/script>\n<!-- \/ Yoast SEO plugin. -->","yoast_head_json":{"title":"Flacons rectangulaires de comprim\u00e9s CuboPac\u2122 Amber de 125ml | Origin Pharma Packaging","description":"Des flacons de comprim\u00e9s rectangulaires CuboPac\u2122 de 125 ml de couleur ambre sont disponibles aupr\u00e8s d'Origin, fournisseur en vrac d'emballages destin\u00e9s \u00e0 l'industrie pharmaceutique. Commandez un \u00e9chantillon ou contactez-nous pour plus de d\u00e9tails.","robots":{"index":"index","follow":"follow","max-snippet":"max-snippet:-1","max-image-preview":"max-image-preview:large","max-video-preview":"max-video-preview:-1"},"canonical":"https:\/\/originltd.com\/fr\/produit\/125ml-cubopac-amber-rectangular-tablet-bottles\/","og_locale":"fr_FR","og_type":"article","og_title":"125ml CuboPac\u2122 Amber Rectangular Tablet Bottles | Origin Pharma Packaging","og_description":"125ml CuboPac\u2122 amber rectangular tablet bottles are available from Origin, bulk supplier of packaging for use in the pharmaceutical industry. Order a sample or get in touch for more details.","og_url":"https:\/\/originltd.com\/fr\/produit\/125ml-cubopac-amber-rectangular-tablet-bottles\/","og_site_name":"Origin Pharma Packaging","article_publisher":"https:\/\/www.facebook.com\/originpharmapackaging","article_modified_time":"2025-05-21T07:58:07+00:00","og_image":[{"width":1707,"height":2560,"url":"https:\/\/originltd.com\/wp-content\/uploads\/2022\/06\/CP125A-scaled.jpg","type":"image\/jpeg"}],"twitter_card":"summary_large_image","twitter_site":"@originpharma","twitter_misc":{"Dur\u00e9e de lecture estim\u00e9e":"1 minute"},"schema":{"@context":"https:\/\/schema.org","@graph":[{"@type":"WebPage","@id":"https:\/\/originltd.com\/product\/125ml-cubopac-amber-rectangular-tablet-bottles\/","url":"https:\/\/originltd.com\/product\/125ml-cubopac-amber-rectangular-tablet-bottles\/","name":"Flacons rectangulaires de comprim\u00e9s CuboPac\u2122 Amber de 125ml | Origin Pharma Packaging","isPartOf":{"@id":"https:\/\/originltd.com\/#website"},"primaryImageOfPage":{"@id":"https:\/\/originltd.com\/product\/125ml-cubopac-amber-rectangular-tablet-bottles\/#primaryimage"},"image":{"@id":"https:\/\/originltd.com\/product\/125ml-cubopac-amber-rectangular-tablet-bottles\/#primaryimage"},"thumbnailUrl":"https:\/\/originltd.com\/wp-content\/uploads\/2022\/06\/CP125A-scaled.jpg","datePublished":"2022-06-22T11:27:08+00:00","dateModified":"2025-05-21T07:58:07+00:00","description":"Des flacons de comprim\u00e9s rectangulaires CuboPac\u2122 de 125 ml de couleur ambre sont disponibles aupr\u00e8s d'Origin, fournisseur en vrac d'emballages destin\u00e9s \u00e0 l'industrie pharmaceutique. Commandez un \u00e9chantillon ou contactez-nous pour plus de d\u00e9tails.","breadcrumb":{"@id":"https:\/\/originltd.com\/product\/125ml-cubopac-amber-rectangular-tablet-bottles\/#breadcrumb"},"inLanguage":"fr-FR","potentialAction":[{"@type":"ReadAction","target":["https:\/\/originltd.com\/product\/125ml-cubopac-amber-rectangular-tablet-bottles\/"]}]},{"@type":"ImageObject","inLanguage":"fr-FR","@id":"https:\/\/originltd.com\/product\/125ml-cubopac-amber-rectangular-tablet-bottles\/#primaryimage","url":"https:\/\/originltd.com\/wp-content\/uploads\/2022\/06\/CP125A-scaled.jpg","contentUrl":"https:\/\/originltd.com\/wp-content\/uploads\/2022\/06\/CP125A-scaled.jpg","width":1707,"height":2560,"caption":"CP125A"},{"@type":"BreadcrumbList","@id":"https:\/\/originltd.com\/product\/125ml-cubopac-amber-rectangular-tablet-bottles\/#breadcrumb","itemListElement":[{"@type":"ListItem","position":1,"name":"Home","item":"https:\/\/originltd.com\/"},{"@type":"ListItem","position":2,"name":"Pharmaceutical Packaging Products","item":"https:\/\/originltd.com\/pharmaceutical-packaging\/"},{"@type":"ListItem","position":3,"name":"Plastic Packaging","item":"https:\/\/originltd.com\/packaging\/plastic\/"},{"@type":"ListItem","position":4,"name":"Square Plastic Bottles","item":"https:\/\/originltd.com\/packaging\/plastic\/square-bottles\/"},{"@type":"ListItem","position":5,"name":"125ml CuboPac\u2122 Amber Rectangular Tablet Bottle"}]},{"@type":"WebSite","@id":"https:\/\/originltd.com\/#website","url":"https:\/\/originltd.com\/","name":"Origin Pharma Packaging","description":"","publisher":{"@id":"https:\/\/originltd.com\/#organization"},"alternateName":"Origin Ltd.","potentialAction":[{"@type":"SearchAction","target":{"@type":"EntryPoint","urlTemplate":"https:\/\/originltd.com\/?s={search_term_string}"},"query-input":{"@type":"PropertyValueSpecification","valueRequired":true,"valueName":"search_term_string"}}],"inLanguage":"fr-FR"},{"@type":"Organization","@id":"https:\/\/originltd.com\/#organization","name":"Origin Pharma Packaging","url":"https:\/\/originltd.com\/","logo":{"@type":"ImageObject","inLanguage":"fr-FR","@id":"https:\/\/originltd.com\/#\/schema\/logo\/image\/","url":"https:\/\/originltd.com\/wp-content\/uploads\/2024\/06\/cropped-Origin-logo-For-Health-For-Life-RGB@10x.png","contentUrl":"https:\/\/originltd.com\/wp-content\/uploads\/2024\/06\/cropped-Origin-logo-For-Health-For-Life-RGB@10x.png","width":227,"height":65,"caption":"Origin Pharma Packaging"},"image":{"@id":"https:\/\/originltd.com\/#\/schema\/logo\/image\/"},"sameAs":["https:\/\/www.facebook.com\/originpharmapackaging","https:\/\/x.com\/originpharma","https:\/\/www.linkedin.com\/company\/origin-packaging-ltd\/","https:\/\/www.youtube.com\/channel\/UCOOJl3eFOiO7lJT6f5qHygA"]}]}},"_links":{"self":[{"href":"https:\/\/originltd.com\/fr\/wp-json\/wp\/v2\/product\/8595","targetHints":{"allow":["GET"]}}],"collection":[{"href":"https:\/\/originltd.com\/fr\/wp-json\/wp\/v2\/product"}],"about":[{"href":"https:\/\/originltd.com\/fr\/wp-json\/wp\/v2\/types\/product"}],"replies":[{"embeddable":true,"href":"https:\/\/originltd.com\/fr\/wp-json\/wp\/v2\/comments?post=8595"}],"wp:featuredmedia":[{"embeddable":true,"href":"https:\/\/originltd.com\/fr\/wp-json\/wp\/v2\/media\/8578"}],"wp:attachment":[{"href":"https:\/\/originltd.com\/fr\/wp-json\/wp\/v2\/media?parent=8595"}],"wp:term":[{"taxonomy":"product_brand","embeddable":true,"href":"https:\/\/originltd.com\/fr\/wp-json\/wp\/v2\/product_brand?post=8595"},{"taxonomy":"product_cat","embeddable":true,"href":"https:\/\/originltd.com\/fr\/wp-json\/wp\/v2\/product_cat?post=8595"},{"taxonomy":"product_tag","embeddable":true,"href":"https:\/\/originltd.com\/fr\/wp-json\/wp\/v2\/product_tag?post=8595"}],"curies":[{"name":"wp","href":"https:\/\/api.w.org\/{rel}","templated":true}]}}