{"id":8562,"date":"2022-06-15T14:53:53","date_gmt":"2022-06-15T13:53:53","guid":{"rendered":"https:\/\/originltd.in-beta.dev\/?post_type=product&#038;p=8562"},"modified":"2025-10-16T10:11:09","modified_gmt":"2025-10-16T09:11:09","slug":"50ml-blue-glass-dropper-bottle","status":"publish","type":"product","link":"https:\/\/originltd.com\/fr\/product\/50ml-blue-glass-dropper-bottle\/","title":{"rendered":"Flacons compte-gouttes en verre bleu York 50ml"},"content":{"rendered":"<p><span style=\"font-weight: 400;\">Ce flacon compte-gouttes en verre York bleu est disponible en 50 ml. Cependant, vous pouvez \u00e9galement le commander dans de nombreuses autres tailles, avec des variantes plus petites et plus grandes, telles que notre <\/span><a href=\"https:\/\/originltd.com\/fr\/produit\/30ml-blue-glass-dropper-bottle\/\"><span style=\"font-weight: 400;\">Flacons compte-gouttes en verre bleu de 30ml<\/span><\/a><span style=\"font-weight: 400;\"> mais aussi <\/span><a href=\"https:\/\/originltd.com\/fr\/produit\/100ml-blue-glass-dropper-bottle\/\"><span style=\"font-weight: 400;\">Flacons en verre bleu de 100 ml avec compte-gouttes<\/span><\/a><span style=\"font-weight: 400;\">.<\/span><\/p>","protected":false},"excerpt":{"rendered":"<p><span style=\"font-weight: 400;\">Notre<\/span><span style=\"font-weight: 400;\"> Flacons compte-gouttes en verre bleu de 50ml <\/span><span style=\"font-weight: 400;\">sont un choix polyvalent et fiable<\/span><span style=\"font-weight: 400;\"> qui accompagne <\/span><span style=\"font-weight: 400;\">nombreux <\/span><a href=\"https:\/\/originltd.com\/fr\/packaging\/closures-dispensers\/\"><span style=\"font-weight: 400;\">fermeture pharmaceutique<\/span><\/a><span style=\"font-weight: 400;\"> options,<\/span><span style=\"font-weight: 400;\"> y compris le CRC et le <\/span><span style=\"font-weight: 400;\">inviolable<\/span><span style=\"font-weight: 400;\"> CRC. <\/span><span style=\"font-weight: 400;\">Ces <\/span><a href=\"https:\/\/originltd.com\/fr\/packaging\/glass\/glass-dropper-bottles\/\"><span style=\"font-weight: 400;\">flacons compte-gouttes en verre<\/span><\/a><\/p>\n<p><span style=\"font-weight: 400;\">sont un choix fiable pour<\/span><span style=\"font-weight: 400;\"> le stockage de liquides dans les industries de la m\u00e9decine ou de l'aromath\u00e9rapie. <\/span><span style=\"font-weight: 400;\">En outre, ces bouteilles sont disponibles dans des tailles plus petites ou plus grandes si vous le souhaitez.<\/span><\/p>\n<h3><span style=\"font-weight: 400;\">Caract\u00e9ristiques principales :<\/span><\/h3>\n<ul>\n<li style=\"font-weight: 400;\" aria-level=\"1\"><span style=\"font-weight: 400;\">Verre pharmaceutique USP de type III bleu ;<\/span><\/li>\n<li style=\"font-weight: 400;\" aria-level=\"1\"><span style=\"font-weight: 400;\">Esth\u00e9tique de la pharmacie vintage<\/span><\/li>\n<li style=\"font-weight: 400;\" aria-level=\"1\"><span style=\"font-weight: 400;\">autres versions de taille diff\u00e9rente disponibles ;<\/span><\/li>\n<li style=\"font-weight: 400;\" aria-level=\"1\"><span style=\"font-weight: 400;\">un aspect m\u00e9dicinal classique.<\/span><\/li>\n<\/ul>\n<h3><span style=\"font-weight: 400;\">Utilisations appropri\u00e9es :<\/span><\/h3>\n<ul>\n<li style=\"font-weight: 400;\" aria-level=\"1\"><span style=\"font-weight: 400;\">Stocker des m\u00e9dicaments, des produits d'aromath\u00e9rapie, des huiles essentielles, etc.<\/span><\/li>\n<\/ul>","protected":false},"featured_media":8554,"comment_status":"closed","ping_status":"closed","template":"","meta":{"_acf_changed":false},"product_brand":[],"product_cat":[2224,2185,2181,102,119,2225,2227,2228,2226,2223,103,95],"product_tag":[],"class_list":{"0":"post-8562","1":"product","2":"type-product","3":"status-publish","4":"has-post-thumbnail","6":"product_cat-cbd","7":"product_cat-cosmetic-containers","8":"product_cat-apothecary-bottles","9":"product_cat-glass-bottles","10":"product_cat-cosmetic-bottles","11":"product_cat-home-fragrance","12":"product_cat-lifestyle","13":"product_cat-perfume","14":"product_cat-personal-fragrance","15":"product_cat-skincare-bodycare","16":"product_cat-glass-dropper-bottles","17":"product_cat-glass","19":"first","20":"instock","21":"sold-individually","22":"shipping-taxable","23":"product-type-simple"},"acf":[],"yoast_head":"<!-- This site is optimized with the Yoast SEO plugin v27.5 - https:\/\/yoast.com\/product\/yoast-seo-wordpress\/ -->\n<title>50ml Blue York Glass Dropper Bottle | Origin Pharma Packaging<\/title>\n<meta name=\"description\" content=\"Order 50ml blue York glass dropper bottles from Origin. Choose these 50ml blue bottles for shelf-presence, high durability, and suitability for storing various products.\" \/>\n<meta name=\"robots\" content=\"index, follow, max-snippet:-1, max-image-preview:large, max-video-preview:-1\" \/>\n<link rel=\"canonical\" href=\"https:\/\/originltd.com\/fr\/produit\/50ml-blue-glass-dropper-bottle\/\" \/>\n<meta property=\"og:locale\" content=\"fr_FR\" \/>\n<meta property=\"og:type\" content=\"article\" \/>\n<meta property=\"og:title\" content=\"50ml Blue York Glass Dropper Bottle | Origin Pharma Packaging\" \/>\n<meta property=\"og:description\" content=\"Order 50ml blue York glass dropper bottles from Origin. Choose these 50ml blue bottles for shelf-presence, high durability, and suitability for storing various products.\" \/>\n<meta property=\"og:url\" content=\"https:\/\/originltd.com\/fr\/produit\/50ml-blue-glass-dropper-bottle\/\" \/>\n<meta property=\"og:site_name\" content=\"Origin Pharma Packaging\" \/>\n<meta property=\"article:publisher\" content=\"https:\/\/www.facebook.com\/originpharmapackaging\" \/>\n<meta property=\"article:modified_time\" content=\"2025-10-16T09:11:09+00:00\" \/>\n<meta property=\"og:image\" content=\"https:\/\/originltd.com\/wp-content\/uploads\/2022\/06\/ygl180050b-50ml-blue-glass-dropper-bottle-scaled.jpg\" \/>\n\t<meta property=\"og:image:width\" content=\"1707\" \/>\n\t<meta property=\"og:image:height\" content=\"2560\" \/>\n\t<meta property=\"og:image:type\" content=\"image\/jpeg\" \/>\n<meta name=\"twitter:card\" content=\"summary_large_image\" \/>\n<meta name=\"twitter:site\" content=\"@originpharma\" \/>\n<meta name=\"twitter:label1\" content=\"Dur\u00e9e de lecture estim\u00e9e\" \/>\n\t<meta name=\"twitter:data1\" content=\"1 minute\" \/>\n<script type=\"application\/ld+json\" class=\"yoast-schema-graph\">{\"@context\":\"https:\\\/\\\/schema.org\",\"@graph\":[{\"@type\":\"WebPage\",\"@id\":\"https:\\\/\\\/originltd.com\\\/de\\\/produkt\\\/50ml-blue-glass-dropper-bottle\\\/\",\"url\":\"https:\\\/\\\/originltd.com\\\/de\\\/produkt\\\/50ml-blue-glass-dropper-bottle\\\/\",\"name\":\"50ml Blue York Glass Dropper Bottle | Origin Pharma Packaging\",\"isPartOf\":{\"@id\":\"https:\\\/\\\/originltd.com\\\/#website\"},\"primaryImageOfPage\":{\"@id\":\"https:\\\/\\\/originltd.com\\\/de\\\/produkt\\\/50ml-blue-glass-dropper-bottle\\\/#primaryimage\"},\"image\":{\"@id\":\"https:\\\/\\\/originltd.com\\\/de\\\/produkt\\\/50ml-blue-glass-dropper-bottle\\\/#primaryimage\"},\"thumbnailUrl\":\"https:\\\/\\\/originltd.com\\\/wp-content\\\/uploads\\\/2022\\\/06\\\/ygl180050b-50ml-blue-glass-dropper-bottle-scaled.jpg\",\"datePublished\":\"2022-06-15T13:53:53+00:00\",\"dateModified\":\"2025-10-16T09:11:09+00:00\",\"description\":\"Order 50ml blue York glass dropper bottles from Origin. Choose these 50ml blue bottles for shelf-presence, high durability, and suitability for storing various products.\",\"breadcrumb\":{\"@id\":\"https:\\\/\\\/originltd.com\\\/de\\\/produkt\\\/50ml-blue-glass-dropper-bottle\\\/#breadcrumb\"},\"inLanguage\":\"fr-FR\",\"potentialAction\":[{\"@type\":\"ReadAction\",\"target\":[\"https:\\\/\\\/originltd.com\\\/de\\\/produkt\\\/50ml-blue-glass-dropper-bottle\\\/\"]}]},{\"@type\":\"ImageObject\",\"inLanguage\":\"fr-FR\",\"@id\":\"https:\\\/\\\/originltd.com\\\/de\\\/produkt\\\/50ml-blue-glass-dropper-bottle\\\/#primaryimage\",\"url\":\"https:\\\/\\\/originltd.com\\\/wp-content\\\/uploads\\\/2022\\\/06\\\/ygl180050b-50ml-blue-glass-dropper-bottle-scaled.jpg\",\"contentUrl\":\"https:\\\/\\\/originltd.com\\\/wp-content\\\/uploads\\\/2022\\\/06\\\/ygl180050b-50ml-blue-glass-dropper-bottle-scaled.jpg\",\"width\":1707,\"height\":2560,\"caption\":\"50ml-blue-glass-dropper-bottle\"},{\"@type\":\"BreadcrumbList\",\"@id\":\"https:\\\/\\\/originltd.com\\\/de\\\/produkt\\\/50ml-blue-glass-dropper-bottle\\\/#breadcrumb\",\"itemListElement\":[{\"@type\":\"ListItem\",\"position\":1,\"name\":\"Home\",\"item\":\"https:\\\/\\\/originltd.com\\\/\"},{\"@type\":\"ListItem\",\"position\":2,\"name\":\"Pharmaceutical Packaging Products\",\"item\":\"https:\\\/\\\/originltd.com\\\/pharmaceutical-packaging\\\/\"},{\"@type\":\"ListItem\",\"position\":3,\"name\":\"Cosmetic Packaging\",\"item\":\"https:\\\/\\\/originltd.com\\\/packaging\\\/cosmetic-containers\\\/\"},{\"@type\":\"ListItem\",\"position\":4,\"name\":\"50ml Blue York Glass Dropper Bottles\"}]},{\"@type\":\"WebSite\",\"@id\":\"https:\\\/\\\/originltd.com\\\/#website\",\"url\":\"https:\\\/\\\/originltd.com\\\/\",\"name\":\"Origin Pharma Packaging\",\"description\":\"\",\"publisher\":{\"@id\":\"https:\\\/\\\/originltd.com\\\/#organization\"},\"alternateName\":\"Origin Ltd.\",\"potentialAction\":[{\"@type\":\"SearchAction\",\"target\":{\"@type\":\"EntryPoint\",\"urlTemplate\":\"https:\\\/\\\/originltd.com\\\/?s={search_term_string}\"},\"query-input\":{\"@type\":\"PropertyValueSpecification\",\"valueRequired\":true,\"valueName\":\"search_term_string\"}}],\"inLanguage\":\"fr-FR\"},{\"@type\":\"Organization\",\"@id\":\"https:\\\/\\\/originltd.com\\\/#organization\",\"name\":\"Origin Pharma Packaging\",\"url\":\"https:\\\/\\\/originltd.com\\\/\",\"logo\":{\"@type\":\"ImageObject\",\"inLanguage\":\"fr-FR\",\"@id\":\"https:\\\/\\\/originltd.com\\\/#\\\/schema\\\/logo\\\/image\\\/\",\"url\":\"https:\\\/\\\/originltd.com\\\/wp-content\\\/uploads\\\/2024\\\/06\\\/cropped-Origin-logo-For-Health-For-Life-RGB@10x.png\",\"contentUrl\":\"https:\\\/\\\/originltd.com\\\/wp-content\\\/uploads\\\/2024\\\/06\\\/cropped-Origin-logo-For-Health-For-Life-RGB@10x.png\",\"width\":227,\"height\":65,\"caption\":\"Origin Pharma Packaging\"},\"image\":{\"@id\":\"https:\\\/\\\/originltd.com\\\/#\\\/schema\\\/logo\\\/image\\\/\"},\"sameAs\":[\"https:\\\/\\\/www.facebook.com\\\/originpharmapackaging\",\"https:\\\/\\\/x.com\\\/originpharma\",\"https:\\\/\\\/www.linkedin.com\\\/company\\\/origin-packaging-ltd\\\/\",\"https:\\\/\\\/www.youtube.com\\\/channel\\\/UCOOJl3eFOiO7lJT6f5qHygA\"]}]}<\/script>\n<!-- \/ Yoast SEO plugin. -->","yoast_head_json":{"title":"Bouteille compte-gouttes en verre bleu York 50ml | Origin Pharma Packaging","description":"Commandez des flacons compte-gouttes en verre York bleu de 50 ml aupr\u00e8s de Origin. Choisissez ces flacons bleus de 50 ml pour leur pr\u00e9sence en rayon, leur grande durabilit\u00e9 et leur capacit\u00e9 \u00e0 stocker divers produits.","robots":{"index":"index","follow":"follow","max-snippet":"max-snippet:-1","max-image-preview":"max-image-preview:large","max-video-preview":"max-video-preview:-1"},"canonical":"https:\/\/originltd.com\/fr\/produit\/50ml-blue-glass-dropper-bottle\/","og_locale":"fr_FR","og_type":"article","og_title":"50ml Blue York Glass Dropper Bottle | Origin Pharma Packaging","og_description":"Order 50ml blue York glass dropper bottles from Origin. Choose these 50ml blue bottles for shelf-presence, high durability, and suitability for storing various products.","og_url":"https:\/\/originltd.com\/fr\/produit\/50ml-blue-glass-dropper-bottle\/","og_site_name":"Origin Pharma Packaging","article_publisher":"https:\/\/www.facebook.com\/originpharmapackaging","article_modified_time":"2025-10-16T09:11:09+00:00","og_image":[{"width":1707,"height":2560,"url":"https:\/\/originltd.com\/wp-content\/uploads\/2022\/06\/ygl180050b-50ml-blue-glass-dropper-bottle-scaled.jpg","type":"image\/jpeg"}],"twitter_card":"summary_large_image","twitter_site":"@originpharma","twitter_misc":{"Dur\u00e9e de lecture estim\u00e9e":"1 minute"},"schema":{"@context":"https:\/\/schema.org","@graph":[{"@type":"WebPage","@id":"https:\/\/originltd.com\/de\/produkt\/50ml-blue-glass-dropper-bottle\/","url":"https:\/\/originltd.com\/de\/produkt\/50ml-blue-glass-dropper-bottle\/","name":"Bouteille compte-gouttes en verre bleu York 50ml | Origin Pharma Packaging","isPartOf":{"@id":"https:\/\/originltd.com\/#website"},"primaryImageOfPage":{"@id":"https:\/\/originltd.com\/de\/produkt\/50ml-blue-glass-dropper-bottle\/#primaryimage"},"image":{"@id":"https:\/\/originltd.com\/de\/produkt\/50ml-blue-glass-dropper-bottle\/#primaryimage"},"thumbnailUrl":"https:\/\/originltd.com\/wp-content\/uploads\/2022\/06\/ygl180050b-50ml-blue-glass-dropper-bottle-scaled.jpg","datePublished":"2022-06-15T13:53:53+00:00","dateModified":"2025-10-16T09:11:09+00:00","description":"Commandez des flacons compte-gouttes en verre York bleu de 50 ml aupr\u00e8s de Origin. Choisissez ces flacons bleus de 50 ml pour leur pr\u00e9sence en rayon, leur grande durabilit\u00e9 et leur capacit\u00e9 \u00e0 stocker divers produits.","breadcrumb":{"@id":"https:\/\/originltd.com\/de\/produkt\/50ml-blue-glass-dropper-bottle\/#breadcrumb"},"inLanguage":"fr-FR","potentialAction":[{"@type":"ReadAction","target":["https:\/\/originltd.com\/de\/produkt\/50ml-blue-glass-dropper-bottle\/"]}]},{"@type":"ImageObject","inLanguage":"fr-FR","@id":"https:\/\/originltd.com\/de\/produkt\/50ml-blue-glass-dropper-bottle\/#primaryimage","url":"https:\/\/originltd.com\/wp-content\/uploads\/2022\/06\/ygl180050b-50ml-blue-glass-dropper-bottle-scaled.jpg","contentUrl":"https:\/\/originltd.com\/wp-content\/uploads\/2022\/06\/ygl180050b-50ml-blue-glass-dropper-bottle-scaled.jpg","width":1707,"height":2560,"caption":"50ml-blue-glass-dropper-bottle"},{"@type":"BreadcrumbList","@id":"https:\/\/originltd.com\/de\/produkt\/50ml-blue-glass-dropper-bottle\/#breadcrumb","itemListElement":[{"@type":"ListItem","position":1,"name":"Home","item":"https:\/\/originltd.com\/"},{"@type":"ListItem","position":2,"name":"Pharmaceutical Packaging Products","item":"https:\/\/originltd.com\/pharmaceutical-packaging\/"},{"@type":"ListItem","position":3,"name":"Cosmetic Packaging","item":"https:\/\/originltd.com\/packaging\/cosmetic-containers\/"},{"@type":"ListItem","position":4,"name":"50ml Blue York Glass Dropper Bottles"}]},{"@type":"WebSite","@id":"https:\/\/originltd.com\/#website","url":"https:\/\/originltd.com\/","name":"Origin Pharma Packaging","description":"","publisher":{"@id":"https:\/\/originltd.com\/#organization"},"alternateName":"Origin Ltd.","potentialAction":[{"@type":"SearchAction","target":{"@type":"EntryPoint","urlTemplate":"https:\/\/originltd.com\/?s={search_term_string}"},"query-input":{"@type":"PropertyValueSpecification","valueRequired":true,"valueName":"search_term_string"}}],"inLanguage":"fr-FR"},{"@type":"Organization","@id":"https:\/\/originltd.com\/#organization","name":"Origin Pharma Packaging","url":"https:\/\/originltd.com\/","logo":{"@type":"ImageObject","inLanguage":"fr-FR","@id":"https:\/\/originltd.com\/#\/schema\/logo\/image\/","url":"https:\/\/originltd.com\/wp-content\/uploads\/2024\/06\/cropped-Origin-logo-For-Health-For-Life-RGB@10x.png","contentUrl":"https:\/\/originltd.com\/wp-content\/uploads\/2024\/06\/cropped-Origin-logo-For-Health-For-Life-RGB@10x.png","width":227,"height":65,"caption":"Origin Pharma Packaging"},"image":{"@id":"https:\/\/originltd.com\/#\/schema\/logo\/image\/"},"sameAs":["https:\/\/www.facebook.com\/originpharmapackaging","https:\/\/x.com\/originpharma","https:\/\/www.linkedin.com\/company\/origin-packaging-ltd\/","https:\/\/www.youtube.com\/channel\/UCOOJl3eFOiO7lJT6f5qHygA"]}]}},"_links":{"self":[{"href":"https:\/\/originltd.com\/fr\/wp-json\/wp\/v2\/product\/8562","targetHints":{"allow":["GET"]}}],"collection":[{"href":"https:\/\/originltd.com\/fr\/wp-json\/wp\/v2\/product"}],"about":[{"href":"https:\/\/originltd.com\/fr\/wp-json\/wp\/v2\/types\/product"}],"replies":[{"embeddable":true,"href":"https:\/\/originltd.com\/fr\/wp-json\/wp\/v2\/comments?post=8562"}],"wp:featuredmedia":[{"embeddable":true,"href":"https:\/\/originltd.com\/fr\/wp-json\/wp\/v2\/media\/8554"}],"wp:attachment":[{"href":"https:\/\/originltd.com\/fr\/wp-json\/wp\/v2\/media?parent=8562"}],"wp:term":[{"taxonomy":"product_brand","embeddable":true,"href":"https:\/\/originltd.com\/fr\/wp-json\/wp\/v2\/product_brand?post=8562"},{"taxonomy":"product_cat","embeddable":true,"href":"https:\/\/originltd.com\/fr\/wp-json\/wp\/v2\/product_cat?post=8562"},{"taxonomy":"product_tag","embeddable":true,"href":"https:\/\/originltd.com\/fr\/wp-json\/wp\/v2\/product_tag?post=8562"}],"curies":[{"name":"wp","href":"https:\/\/api.w.org\/{rel}","templated":true}]}}