{"id":8558,"date":"2022-06-15T10:42:18","date_gmt":"2022-06-15T09:42:18","guid":{"rendered":"https:\/\/originltd.in-beta.dev\/?post_type=product&#038;p=8558"},"modified":"2025-10-16T10:12:29","modified_gmt":"2025-10-16T09:12:29","slug":"5ml-blue-glass-dropper-bottle-york","status":"publish","type":"product","link":"https:\/\/originltd.com\/fr\/product\/5ml-blue-glass-dropper-bottle-york\/","title":{"rendered":"Bouteille compte-gouttes en verre bleu York 5ml"},"content":{"rendered":"<p><span style=\"font-weight: 400;\">Nos flacons compte-gouttes en verre York bleu sont disponibles en 5 ml, comme indiqu\u00e9 ci-dessus. Cependant, ils sont \u00e9galement disponibles dans de nombreuses autres tailles, avec beaucoup plus de variantes, y compris notre <\/span><a href=\"https:\/\/originltd.com\/fr\/produit\/10ml-blue-glass-dropper-bottle\/\"><span style=\"font-weight: 400;\">Flacons compte-gouttes en verre bleu de 10ml<\/span><\/a><span style=\"font-weight: 400;\"> mais aussi <\/span><a href=\"https:\/\/originltd.com\/fr\/produit\/15ml-blue-glass-dropper-bottle\/\"><span style=\"font-weight: 400;\">Flacons compte-gouttes en verre bleu de 15ml<\/span><\/a><span style=\"font-weight: 400;\">.<\/span><\/p>","protected":false},"excerpt":{"rendered":"<p><span style=\"font-weight: 400;\">Le pr\u00e9sent<\/span><span style=\"font-weight: 400;\"> Le flacon compte-gouttes de 5ml en verre bleu est livr\u00e9 avec une grande vari\u00e9t\u00e9 de fermetures. <\/span><span style=\"font-weight: 400;\">options,<\/span><span style=\"font-weight: 400;\"> y compris <\/span><span style=\"font-weight: 400;\">inviolable<\/span><span style=\"font-weight: 400;\"> et CRC. Un produit id\u00e9al pour les liquides dans les industries de la m\u00e9decine ou de l'aromath\u00e9rapie, <\/span><span style=\"font-weight: 400;\">ces <\/span><a href=\"https:\/\/originltd.com\/fr\/packaging\/glass\/glass-dropper-bottles\/\"><span style=\"font-weight: 400;\">flacons compte-gouttes en verre<\/span><\/a><span style=\"font-weight: 400;\"> offrent une esth\u00e9tique de pharmacie vintage, donnant \u00e0 vos produits une plus grande pr\u00e9sence en rayon pour les aider \u00e0 se d\u00e9marquer de vos concurrents. De plus, de nombreux autres formats plus grands sont disponibles si vous le souhaitez.<\/span><\/p>\n<h3><span style=\"font-weight: 400;\">Caract\u00e9ristiques principales :<\/span><\/h3>\n<ul>\n<li style=\"font-weight: 400;\" aria-level=\"1\"><span style=\"font-weight: 400;\">Verre pharmaceutique USP de type III bleu ;<\/span><\/li>\n<li style=\"font-weight: 400;\" aria-level=\"1\"><span style=\"font-weight: 400;\">Esth\u00e9tique de la pharmacie vintage<\/span><\/li>\n<li style=\"font-weight: 400;\" aria-level=\"1\"><span style=\"font-weight: 400;\">autres versions de taille diff\u00e9rente disponibles ;<\/span><\/li>\n<li style=\"font-weight: 400;\" aria-level=\"1\"><span style=\"font-weight: 400;\">un aspect m\u00e9dicinal classique.<\/span><\/li>\n<\/ul>\n<h3><span style=\"font-weight: 400;\">Utilisations appropri\u00e9es :<\/span><\/h3>\n<ul>\n<li style=\"font-weight: 400;\" aria-level=\"1\"><span style=\"font-weight: 400;\">Stocker des m\u00e9dicaments, des produits d'aromath\u00e9rapie, des huiles essentielles, etc.<\/span><\/li>\n<\/ul>","protected":false},"featured_media":8556,"comment_status":"closed","ping_status":"closed","template":"","meta":{"_acf_changed":false},"product_brand":[],"product_cat":[2224,2185,2181,102,119,2225,2227,2228,2226,2223,103,95],"product_tag":[],"class_list":{"0":"post-8558","1":"product","2":"type-product","3":"status-publish","4":"has-post-thumbnail","6":"product_cat-cbd","7":"product_cat-cosmetic-containers","8":"product_cat-apothecary-bottles","9":"product_cat-glass-bottles","10":"product_cat-cosmetic-bottles","11":"product_cat-home-fragrance","12":"product_cat-lifestyle","13":"product_cat-perfume","14":"product_cat-personal-fragrance","15":"product_cat-skincare-bodycare","16":"product_cat-glass-dropper-bottles","17":"product_cat-glass","19":"first","20":"instock","21":"sold-individually","22":"shipping-taxable","23":"product-type-simple"},"acf":[],"yoast_head":"<!-- This site is optimized with the Yoast SEO plugin v27.5 - https:\/\/yoast.com\/product\/yoast-seo-wordpress\/ -->\n<title>5ml Blue York Glass Dropper Bottle | Origin Pharma Packaging<\/title>\n<meta name=\"description\" content=\"Order 5ml blue York glass dropper bottles from Origin. These bottles are made from resilient, USP Type III glass and are suitable for storing various products.\" \/>\n<meta name=\"robots\" content=\"index, follow, max-snippet:-1, max-image-preview:large, max-video-preview:-1\" \/>\n<link rel=\"canonical\" href=\"https:\/\/originltd.com\/fr\/produit\/5ml-blue-glass-dropper-bottle-york\/\" \/>\n<meta property=\"og:locale\" content=\"fr_FR\" \/>\n<meta property=\"og:type\" content=\"article\" \/>\n<meta property=\"og:title\" content=\"5ml Blue York Glass Dropper Bottle | Origin Pharma Packaging\" \/>\n<meta property=\"og:description\" content=\"Order 5ml blue York glass dropper bottles from Origin. These bottles are made from resilient, USP Type III glass and are suitable for storing various products.\" \/>\n<meta property=\"og:url\" content=\"https:\/\/originltd.com\/fr\/produit\/5ml-blue-glass-dropper-bottle-york\/\" \/>\n<meta property=\"og:site_name\" content=\"Origin Pharma Packaging\" \/>\n<meta property=\"article:publisher\" content=\"https:\/\/www.facebook.com\/originpharmapackaging\" \/>\n<meta property=\"article:modified_time\" content=\"2025-10-16T09:12:29+00:00\" \/>\n<meta property=\"og:image\" content=\"https:\/\/originltd.com\/wp-content\/uploads\/2022\/06\/ygl180005b-5ml-blue-glass-dropper-bottle-scaled.jpg\" \/>\n\t<meta property=\"og:image:width\" content=\"1707\" \/>\n\t<meta property=\"og:image:height\" content=\"2560\" \/>\n\t<meta property=\"og:image:type\" content=\"image\/jpeg\" \/>\n<meta name=\"twitter:card\" content=\"summary_large_image\" \/>\n<meta name=\"twitter:site\" content=\"@originpharma\" \/>\n<meta name=\"twitter:label1\" content=\"Dur\u00e9e de lecture estim\u00e9e\" \/>\n\t<meta name=\"twitter:data1\" content=\"1 minute\" \/>\n<script type=\"application\/ld+json\" class=\"yoast-schema-graph\">{\"@context\":\"https:\\\/\\\/schema.org\",\"@graph\":[{\"@type\":\"WebPage\",\"@id\":\"https:\\\/\\\/originltd.com\\\/product\\\/5ml-blue-glass-dropper-bottle-york\\\/\",\"url\":\"https:\\\/\\\/originltd.com\\\/product\\\/5ml-blue-glass-dropper-bottle-york\\\/\",\"name\":\"5ml Blue York Glass Dropper Bottle | Origin Pharma Packaging\",\"isPartOf\":{\"@id\":\"https:\\\/\\\/originltd.com\\\/#website\"},\"primaryImageOfPage\":{\"@id\":\"https:\\\/\\\/originltd.com\\\/product\\\/5ml-blue-glass-dropper-bottle-york\\\/#primaryimage\"},\"image\":{\"@id\":\"https:\\\/\\\/originltd.com\\\/product\\\/5ml-blue-glass-dropper-bottle-york\\\/#primaryimage\"},\"thumbnailUrl\":\"https:\\\/\\\/originltd.com\\\/wp-content\\\/uploads\\\/2022\\\/06\\\/ygl180005b-5ml-blue-glass-dropper-bottle-scaled.jpg\",\"datePublished\":\"2022-06-15T09:42:18+00:00\",\"dateModified\":\"2025-10-16T09:12:29+00:00\",\"description\":\"Order 5ml blue York glass dropper bottles from Origin. These bottles are made from resilient, USP Type III glass and are suitable for storing various products.\",\"breadcrumb\":{\"@id\":\"https:\\\/\\\/originltd.com\\\/product\\\/5ml-blue-glass-dropper-bottle-york\\\/#breadcrumb\"},\"inLanguage\":\"fr-FR\",\"potentialAction\":[{\"@type\":\"ReadAction\",\"target\":[\"https:\\\/\\\/originltd.com\\\/product\\\/5ml-blue-glass-dropper-bottle-york\\\/\"]}]},{\"@type\":\"ImageObject\",\"inLanguage\":\"fr-FR\",\"@id\":\"https:\\\/\\\/originltd.com\\\/product\\\/5ml-blue-glass-dropper-bottle-york\\\/#primaryimage\",\"url\":\"https:\\\/\\\/originltd.com\\\/wp-content\\\/uploads\\\/2022\\\/06\\\/ygl180005b-5ml-blue-glass-dropper-bottle-scaled.jpg\",\"contentUrl\":\"https:\\\/\\\/originltd.com\\\/wp-content\\\/uploads\\\/2022\\\/06\\\/ygl180005b-5ml-blue-glass-dropper-bottle-scaled.jpg\",\"width\":1707,\"height\":2560,\"caption\":\"5ml blue glass dropper bottle\"},{\"@type\":\"BreadcrumbList\",\"@id\":\"https:\\\/\\\/originltd.com\\\/product\\\/5ml-blue-glass-dropper-bottle-york\\\/#breadcrumb\",\"itemListElement\":[{\"@type\":\"ListItem\",\"position\":1,\"name\":\"Home\",\"item\":\"https:\\\/\\\/originltd.com\\\/\"},{\"@type\":\"ListItem\",\"position\":2,\"name\":\"Pharmaceutical Packaging Products\",\"item\":\"https:\\\/\\\/originltd.com\\\/pharmaceutical-packaging\\\/\"},{\"@type\":\"ListItem\",\"position\":3,\"name\":\"Cosmetic Packaging\",\"item\":\"https:\\\/\\\/originltd.com\\\/packaging\\\/cosmetic-containers\\\/\"},{\"@type\":\"ListItem\",\"position\":4,\"name\":\"5ml Blue York Glass Dropper Bottle\"}]},{\"@type\":\"WebSite\",\"@id\":\"https:\\\/\\\/originltd.com\\\/#website\",\"url\":\"https:\\\/\\\/originltd.com\\\/\",\"name\":\"Origin Pharma Packaging\",\"description\":\"\",\"publisher\":{\"@id\":\"https:\\\/\\\/originltd.com\\\/#organization\"},\"alternateName\":\"Origin Ltd.\",\"potentialAction\":[{\"@type\":\"SearchAction\",\"target\":{\"@type\":\"EntryPoint\",\"urlTemplate\":\"https:\\\/\\\/originltd.com\\\/?s={search_term_string}\"},\"query-input\":{\"@type\":\"PropertyValueSpecification\",\"valueRequired\":true,\"valueName\":\"search_term_string\"}}],\"inLanguage\":\"fr-FR\"},{\"@type\":\"Organization\",\"@id\":\"https:\\\/\\\/originltd.com\\\/#organization\",\"name\":\"Origin Pharma Packaging\",\"url\":\"https:\\\/\\\/originltd.com\\\/\",\"logo\":{\"@type\":\"ImageObject\",\"inLanguage\":\"fr-FR\",\"@id\":\"https:\\\/\\\/originltd.com\\\/#\\\/schema\\\/logo\\\/image\\\/\",\"url\":\"https:\\\/\\\/originltd.com\\\/wp-content\\\/uploads\\\/2024\\\/06\\\/cropped-Origin-logo-For-Health-For-Life-RGB@10x.png\",\"contentUrl\":\"https:\\\/\\\/originltd.com\\\/wp-content\\\/uploads\\\/2024\\\/06\\\/cropped-Origin-logo-For-Health-For-Life-RGB@10x.png\",\"width\":227,\"height\":65,\"caption\":\"Origin Pharma Packaging\"},\"image\":{\"@id\":\"https:\\\/\\\/originltd.com\\\/#\\\/schema\\\/logo\\\/image\\\/\"},\"sameAs\":[\"https:\\\/\\\/www.facebook.com\\\/originpharmapackaging\",\"https:\\\/\\\/x.com\\\/originpharma\",\"https:\\\/\\\/www.linkedin.com\\\/company\\\/origin-packaging-ltd\\\/\",\"https:\\\/\\\/www.youtube.com\\\/channel\\\/UCOOJl3eFOiO7lJT6f5qHygA\"]}]}<\/script>\n<!-- \/ Yoast SEO plugin. -->","yoast_head_json":{"title":"Bouteille compte-gouttes en verre bleu York 5ml | Origin Pharma Packaging","description":"Commandez des flacons compte-gouttes en verre bleu York de 5 ml aupr\u00e8s de Origin. Ces flacons sont fabriqu\u00e9s \u00e0 partir de verre r\u00e9sistant, USP Type III, et conviennent au stockage de divers produits.","robots":{"index":"index","follow":"follow","max-snippet":"max-snippet:-1","max-image-preview":"max-image-preview:large","max-video-preview":"max-video-preview:-1"},"canonical":"https:\/\/originltd.com\/fr\/produit\/5ml-blue-glass-dropper-bottle-york\/","og_locale":"fr_FR","og_type":"article","og_title":"5ml Blue York Glass Dropper Bottle | Origin Pharma Packaging","og_description":"Order 5ml blue York glass dropper bottles from Origin. These bottles are made from resilient, USP Type III glass and are suitable for storing various products.","og_url":"https:\/\/originltd.com\/fr\/produit\/5ml-blue-glass-dropper-bottle-york\/","og_site_name":"Origin Pharma Packaging","article_publisher":"https:\/\/www.facebook.com\/originpharmapackaging","article_modified_time":"2025-10-16T09:12:29+00:00","og_image":[{"width":1707,"height":2560,"url":"https:\/\/originltd.com\/wp-content\/uploads\/2022\/06\/ygl180005b-5ml-blue-glass-dropper-bottle-scaled.jpg","type":"image\/jpeg"}],"twitter_card":"summary_large_image","twitter_site":"@originpharma","twitter_misc":{"Dur\u00e9e de lecture estim\u00e9e":"1 minute"},"schema":{"@context":"https:\/\/schema.org","@graph":[{"@type":"WebPage","@id":"https:\/\/originltd.com\/product\/5ml-blue-glass-dropper-bottle-york\/","url":"https:\/\/originltd.com\/product\/5ml-blue-glass-dropper-bottle-york\/","name":"Bouteille compte-gouttes en verre bleu York 5ml | Origin Pharma Packaging","isPartOf":{"@id":"https:\/\/originltd.com\/#website"},"primaryImageOfPage":{"@id":"https:\/\/originltd.com\/product\/5ml-blue-glass-dropper-bottle-york\/#primaryimage"},"image":{"@id":"https:\/\/originltd.com\/product\/5ml-blue-glass-dropper-bottle-york\/#primaryimage"},"thumbnailUrl":"https:\/\/originltd.com\/wp-content\/uploads\/2022\/06\/ygl180005b-5ml-blue-glass-dropper-bottle-scaled.jpg","datePublished":"2022-06-15T09:42:18+00:00","dateModified":"2025-10-16T09:12:29+00:00","description":"Commandez des flacons compte-gouttes en verre bleu York de 5 ml aupr\u00e8s de Origin. Ces flacons sont fabriqu\u00e9s \u00e0 partir de verre r\u00e9sistant, USP Type III, et conviennent au stockage de divers produits.","breadcrumb":{"@id":"https:\/\/originltd.com\/product\/5ml-blue-glass-dropper-bottle-york\/#breadcrumb"},"inLanguage":"fr-FR","potentialAction":[{"@type":"ReadAction","target":["https:\/\/originltd.com\/product\/5ml-blue-glass-dropper-bottle-york\/"]}]},{"@type":"ImageObject","inLanguage":"fr-FR","@id":"https:\/\/originltd.com\/product\/5ml-blue-glass-dropper-bottle-york\/#primaryimage","url":"https:\/\/originltd.com\/wp-content\/uploads\/2022\/06\/ygl180005b-5ml-blue-glass-dropper-bottle-scaled.jpg","contentUrl":"https:\/\/originltd.com\/wp-content\/uploads\/2022\/06\/ygl180005b-5ml-blue-glass-dropper-bottle-scaled.jpg","width":1707,"height":2560,"caption":"5ml blue glass dropper bottle"},{"@type":"BreadcrumbList","@id":"https:\/\/originltd.com\/product\/5ml-blue-glass-dropper-bottle-york\/#breadcrumb","itemListElement":[{"@type":"ListItem","position":1,"name":"Home","item":"https:\/\/originltd.com\/"},{"@type":"ListItem","position":2,"name":"Pharmaceutical Packaging Products","item":"https:\/\/originltd.com\/pharmaceutical-packaging\/"},{"@type":"ListItem","position":3,"name":"Cosmetic Packaging","item":"https:\/\/originltd.com\/packaging\/cosmetic-containers\/"},{"@type":"ListItem","position":4,"name":"5ml Blue York Glass Dropper Bottle"}]},{"@type":"WebSite","@id":"https:\/\/originltd.com\/#website","url":"https:\/\/originltd.com\/","name":"Origin Pharma Packaging","description":"","publisher":{"@id":"https:\/\/originltd.com\/#organization"},"alternateName":"Origin Ltd.","potentialAction":[{"@type":"SearchAction","target":{"@type":"EntryPoint","urlTemplate":"https:\/\/originltd.com\/?s={search_term_string}"},"query-input":{"@type":"PropertyValueSpecification","valueRequired":true,"valueName":"search_term_string"}}],"inLanguage":"fr-FR"},{"@type":"Organization","@id":"https:\/\/originltd.com\/#organization","name":"Origin Pharma Packaging","url":"https:\/\/originltd.com\/","logo":{"@type":"ImageObject","inLanguage":"fr-FR","@id":"https:\/\/originltd.com\/#\/schema\/logo\/image\/","url":"https:\/\/originltd.com\/wp-content\/uploads\/2024\/06\/cropped-Origin-logo-For-Health-For-Life-RGB@10x.png","contentUrl":"https:\/\/originltd.com\/wp-content\/uploads\/2024\/06\/cropped-Origin-logo-For-Health-For-Life-RGB@10x.png","width":227,"height":65,"caption":"Origin Pharma Packaging"},"image":{"@id":"https:\/\/originltd.com\/#\/schema\/logo\/image\/"},"sameAs":["https:\/\/www.facebook.com\/originpharmapackaging","https:\/\/x.com\/originpharma","https:\/\/www.linkedin.com\/company\/origin-packaging-ltd\/","https:\/\/www.youtube.com\/channel\/UCOOJl3eFOiO7lJT6f5qHygA"]}]}},"_links":{"self":[{"href":"https:\/\/originltd.com\/fr\/wp-json\/wp\/v2\/product\/8558","targetHints":{"allow":["GET"]}}],"collection":[{"href":"https:\/\/originltd.com\/fr\/wp-json\/wp\/v2\/product"}],"about":[{"href":"https:\/\/originltd.com\/fr\/wp-json\/wp\/v2\/types\/product"}],"replies":[{"embeddable":true,"href":"https:\/\/originltd.com\/fr\/wp-json\/wp\/v2\/comments?post=8558"}],"wp:featuredmedia":[{"embeddable":true,"href":"https:\/\/originltd.com\/fr\/wp-json\/wp\/v2\/media\/8556"}],"wp:attachment":[{"href":"https:\/\/originltd.com\/fr\/wp-json\/wp\/v2\/media?parent=8558"}],"wp:term":[{"taxonomy":"product_brand","embeddable":true,"href":"https:\/\/originltd.com\/fr\/wp-json\/wp\/v2\/product_brand?post=8558"},{"taxonomy":"product_cat","embeddable":true,"href":"https:\/\/originltd.com\/fr\/wp-json\/wp\/v2\/product_cat?post=8558"},{"taxonomy":"product_tag","embeddable":true,"href":"https:\/\/originltd.com\/fr\/wp-json\/wp\/v2\/product_tag?post=8558"}],"curies":[{"name":"wp","href":"https:\/\/api.w.org\/{rel}","templated":true}]}}