
{"id":7327,"date":"2021-07-15T10:23:26","date_gmt":"2021-07-15T09:23:26","guid":{"rendered":"https:\/\/originltd.in-beta.dev\/?post_type=product&#038;p=7327"},"modified":"2025-10-16T10:14:44","modified_gmt":"2025-10-16T09:14:44","slug":"10-50ml-pet-therapy-bottles","status":"publish","type":"product","link":"https:\/\/originltd.com\/fr\/product\/10-50ml-pet-therapy-bottles\/","title":{"rendered":"Bouteilles de th\u00e9rapie PET 10-50ml - claires, ambr\u00e9es, blanches ou noires"},"content":{"rendered":"","protected":false},"excerpt":{"rendered":"<ul>\n<li>Fabriqu\u00e9 en plastique PET. Disponible en ambre, transparent, noir ou blanc, d'autres couleurs \u00e9tant disponibles en fonction des quantit\u00e9s produites.<\/li>\n<li>Gamme de tailles allant de 10 ml \u00e0 50 ml.<\/li>\n<li>Populaire pour les produits d'aromath\u00e9rapie, les huiles de barbe, les huiles de CBD, les huiles de parfum, les huiles de vape.<\/li>\n<li>Enti\u00e8rement recyclable.<\/li>\n<li>Ultra l\u00e9ger et incassable. Id\u00e9al pour les envois postaux.<\/li>\n<li>Compatible avec les fermetures inviolables et de s\u00e9curit\u00e9 enfant GL18, les compte-gouttes int\u00e9graux et les pipettes.<\/li>\n<li>Fabriqu\u00e9s sur commande, contactez l'\u00e9quipe d'Origin pour discuter de vos besoins, y compris l'option d'utiliser du plastique recycl\u00e9 pour fabriquer vos flacons compte-gouttes.<\/li>\n<\/ul>","protected":false},"featured_media":7338,"comment_status":"open","ping_status":"closed","template":"","meta":{"_acf_changed":false},"product_brand":[],"product_cat":[2158,107,2184,2187,96,2188,2223],"product_tag":[],"class_list":{"0":"post-7327","1":"product","2":"type-product","3":"status-publish","4":"has-post-thumbnail","6":"product_cat-child-resistant-packaging","7":"product_cat-pet-bottles","8":"product_cat-bottles","9":"product_cat-dropper-bottles","10":"product_cat-plastic","11":"product_cat-round-bottles","12":"product_cat-skincare-bodycare","14":"first","15":"instock","16":"sold-individually","17":"shipping-taxable","18":"purchasable","19":"product-type-simple"},"acf":[],"yoast_head":"<!-- This site is optimized with the Yoast SEO plugin v27.3 - https:\/\/yoast.com\/product\/yoast-seo-wordpress\/ -->\n<title>10-50ml Clear PET Therapy Bottles | Origin Pharma Packaging<\/title>\n<meta name=\"description\" content=\"Find out about blue therapy available from Origin, bulk supplier of packaging for use in the pharmaceutical industry. Order a sample or get in touch for more details.\" \/>\n<meta name=\"robots\" content=\"index, follow, max-snippet:-1, max-image-preview:large, max-video-preview:-1\" \/>\n<link rel=\"canonical\" href=\"https:\/\/originltd.com\/fr\/produit\/10-50ml-pet-therapy-bottles\/\" \/>\n<meta property=\"og:locale\" content=\"fr_FR\" \/>\n<meta property=\"og:type\" content=\"article\" \/>\n<meta property=\"og:title\" content=\"10-50ml Clear PET Therapy Bottles | Origin Pharma Packaging\" \/>\n<meta property=\"og:description\" content=\"Find out about blue therapy available from Origin, bulk supplier of packaging for use in the pharmaceutical industry. Order a sample or get in touch for more details.\" \/>\n<meta property=\"og:url\" content=\"https:\/\/originltd.com\/fr\/produit\/10-50ml-pet-therapy-bottles\/\" \/>\n<meta property=\"og:site_name\" content=\"Origin Pharma Packaging\" \/>\n<meta property=\"article:publisher\" content=\"https:\/\/www.facebook.com\/originpharmapackaging\" \/>\n<meta property=\"article:modified_time\" content=\"2025-10-16T09:14:44+00:00\" \/>\n<meta property=\"og:image\" content=\"https:\/\/originltd.com\/wp-content\/uploads\/2021\/07\/pet-therapy-683x1024-1.png\" \/>\n\t<meta property=\"og:image:width\" content=\"683\" \/>\n\t<meta property=\"og:image:height\" content=\"1024\" \/>\n\t<meta property=\"og:image:type\" content=\"image\/png\" \/>\n<meta name=\"twitter:card\" content=\"summary_large_image\" \/>\n<meta name=\"twitter:site\" content=\"@originpharma\" \/>\n<meta name=\"twitter:label1\" content=\"Dur\u00e9e de lecture estim\u00e9e\" \/>\n\t<meta name=\"twitter:data1\" content=\"1 minute\" \/>\n<script type=\"application\/ld+json\" class=\"yoast-schema-graph\">{\"@context\":\"https:\\\/\\\/schema.org\",\"@graph\":[{\"@type\":\"WebPage\",\"@id\":\"https:\\\/\\\/originltd.com\\\/product\\\/10-50ml-pet-therapy-bottles\\\/\",\"url\":\"https:\\\/\\\/originltd.com\\\/product\\\/10-50ml-pet-therapy-bottles\\\/\",\"name\":\"10-50ml Clear PET Therapy Bottles | Origin Pharma Packaging\",\"isPartOf\":{\"@id\":\"https:\\\/\\\/originltd.com\\\/#website\"},\"primaryImageOfPage\":{\"@id\":\"https:\\\/\\\/originltd.com\\\/product\\\/10-50ml-pet-therapy-bottles\\\/#primaryimage\"},\"image\":{\"@id\":\"https:\\\/\\\/originltd.com\\\/product\\\/10-50ml-pet-therapy-bottles\\\/#primaryimage\"},\"thumbnailUrl\":\"https:\\\/\\\/originltd.com\\\/wp-content\\\/uploads\\\/2021\\\/07\\\/pet-therapy-683x1024-1.png\",\"datePublished\":\"2021-07-15T09:23:26+00:00\",\"dateModified\":\"2025-10-16T09:14:44+00:00\",\"description\":\"Find out about blue therapy available from Origin, bulk supplier of packaging for use in the pharmaceutical industry. Order a sample or get in touch for more details.\",\"breadcrumb\":{\"@id\":\"https:\\\/\\\/originltd.com\\\/product\\\/10-50ml-pet-therapy-bottles\\\/#breadcrumb\"},\"inLanguage\":\"fr-FR\",\"potentialAction\":[{\"@type\":\"ReadAction\",\"target\":[\"https:\\\/\\\/originltd.com\\\/product\\\/10-50ml-pet-therapy-bottles\\\/\"]}]},{\"@type\":\"ImageObject\",\"inLanguage\":\"fr-FR\",\"@id\":\"https:\\\/\\\/originltd.com\\\/product\\\/10-50ml-pet-therapy-bottles\\\/#primaryimage\",\"url\":\"https:\\\/\\\/originltd.com\\\/wp-content\\\/uploads\\\/2021\\\/07\\\/pet-therapy-683x1024-1.png\",\"contentUrl\":\"https:\\\/\\\/originltd.com\\\/wp-content\\\/uploads\\\/2021\\\/07\\\/pet-therapy-683x1024-1.png\",\"width\":683,\"height\":1024,\"caption\":\"Pet therapy bottle\"},{\"@type\":\"BreadcrumbList\",\"@id\":\"https:\\\/\\\/originltd.com\\\/product\\\/10-50ml-pet-therapy-bottles\\\/#breadcrumb\",\"itemListElement\":[{\"@type\":\"ListItem\",\"position\":1,\"name\":\"Home\",\"item\":\"https:\\\/\\\/originltd.com\\\/\"},{\"@type\":\"ListItem\",\"position\":2,\"name\":\"Pharmaceutical Packaging Products\",\"item\":\"https:\\\/\\\/originltd.com\\\/pharmaceutical-packaging\\\/\"},{\"@type\":\"ListItem\",\"position\":3,\"name\":\"Child-Resistant Packaging\",\"item\":\"https:\\\/\\\/originltd.com\\\/packaging\\\/child-resistant-packaging\\\/\"},{\"@type\":\"ListItem\",\"position\":4,\"name\":\"10-50ml PET Therapy Bottles &#8211; Clear, Amber White or Black\"}]},{\"@type\":\"WebSite\",\"@id\":\"https:\\\/\\\/originltd.com\\\/#website\",\"url\":\"https:\\\/\\\/originltd.com\\\/\",\"name\":\"Origin Pharma Packaging\",\"description\":\"\",\"publisher\":{\"@id\":\"https:\\\/\\\/originltd.com\\\/#organization\"},\"alternateName\":\"Origin Ltd.\",\"potentialAction\":[{\"@type\":\"SearchAction\",\"target\":{\"@type\":\"EntryPoint\",\"urlTemplate\":\"https:\\\/\\\/originltd.com\\\/?s={search_term_string}\"},\"query-input\":{\"@type\":\"PropertyValueSpecification\",\"valueRequired\":true,\"valueName\":\"search_term_string\"}}],\"inLanguage\":\"fr-FR\"},{\"@type\":\"Organization\",\"@id\":\"https:\\\/\\\/originltd.com\\\/#organization\",\"name\":\"Origin Pharma Packaging\",\"url\":\"https:\\\/\\\/originltd.com\\\/\",\"logo\":{\"@type\":\"ImageObject\",\"inLanguage\":\"fr-FR\",\"@id\":\"https:\\\/\\\/originltd.com\\\/#\\\/schema\\\/logo\\\/image\\\/\",\"url\":\"https:\\\/\\\/originltd.com\\\/wp-content\\\/uploads\\\/2024\\\/06\\\/cropped-Origin-logo-For-Health-For-Life-RGB@10x.png\",\"contentUrl\":\"https:\\\/\\\/originltd.com\\\/wp-content\\\/uploads\\\/2024\\\/06\\\/cropped-Origin-logo-For-Health-For-Life-RGB@10x.png\",\"width\":227,\"height\":65,\"caption\":\"Origin Pharma Packaging\"},\"image\":{\"@id\":\"https:\\\/\\\/originltd.com\\\/#\\\/schema\\\/logo\\\/image\\\/\"},\"sameAs\":[\"https:\\\/\\\/www.facebook.com\\\/originpharmapackaging\",\"https:\\\/\\\/x.com\\\/originpharma\",\"https:\\\/\\\/www.linkedin.com\\\/company\\\/origin-packaging-ltd\\\/\",\"https:\\\/\\\/www.youtube.com\\\/channel\\\/UCOOJl3eFOiO7lJT6f5qHygA\"]}]}<\/script>\n<!-- \/ Yoast SEO plugin. -->","yoast_head_json":{"title":"Bouteilles de th\u00e9rapie en PET transparent 10-50ml | Origin Pharma Packaging","description":"D\u00e9couvrez la th\u00e9rapie bleue propos\u00e9e par Origin, fournisseur en gros d'emballages destin\u00e9s \u00e0 l'industrie pharmaceutique. Commandez un \u00e9chantillon ou contactez-nous pour plus d'informations.","robots":{"index":"index","follow":"follow","max-snippet":"max-snippet:-1","max-image-preview":"max-image-preview:large","max-video-preview":"max-video-preview:-1"},"canonical":"https:\/\/originltd.com\/fr\/produit\/10-50ml-pet-therapy-bottles\/","og_locale":"fr_FR","og_type":"article","og_title":"10-50ml Clear PET Therapy Bottles | Origin Pharma Packaging","og_description":"Find out about blue therapy available from Origin, bulk supplier of packaging for use in the pharmaceutical industry. Order a sample or get in touch for more details.","og_url":"https:\/\/originltd.com\/fr\/produit\/10-50ml-pet-therapy-bottles\/","og_site_name":"Origin Pharma Packaging","article_publisher":"https:\/\/www.facebook.com\/originpharmapackaging","article_modified_time":"2025-10-16T09:14:44+00:00","og_image":[{"width":683,"height":1024,"url":"https:\/\/originltd.com\/wp-content\/uploads\/2021\/07\/pet-therapy-683x1024-1.png","type":"image\/png"}],"twitter_card":"summary_large_image","twitter_site":"@originpharma","twitter_misc":{"Dur\u00e9e de lecture estim\u00e9e":"1 minute"},"schema":{"@context":"https:\/\/schema.org","@graph":[{"@type":"WebPage","@id":"https:\/\/originltd.com\/product\/10-50ml-pet-therapy-bottles\/","url":"https:\/\/originltd.com\/product\/10-50ml-pet-therapy-bottles\/","name":"Bouteilles de th\u00e9rapie en PET transparent 10-50ml | Origin Pharma Packaging","isPartOf":{"@id":"https:\/\/originltd.com\/#website"},"primaryImageOfPage":{"@id":"https:\/\/originltd.com\/product\/10-50ml-pet-therapy-bottles\/#primaryimage"},"image":{"@id":"https:\/\/originltd.com\/product\/10-50ml-pet-therapy-bottles\/#primaryimage"},"thumbnailUrl":"https:\/\/originltd.com\/wp-content\/uploads\/2021\/07\/pet-therapy-683x1024-1.png","datePublished":"2021-07-15T09:23:26+00:00","dateModified":"2025-10-16T09:14:44+00:00","description":"D\u00e9couvrez la th\u00e9rapie bleue propos\u00e9e par Origin, fournisseur en gros d'emballages destin\u00e9s \u00e0 l'industrie pharmaceutique. Commandez un \u00e9chantillon ou contactez-nous pour plus d'informations.","breadcrumb":{"@id":"https:\/\/originltd.com\/product\/10-50ml-pet-therapy-bottles\/#breadcrumb"},"inLanguage":"fr-FR","potentialAction":[{"@type":"ReadAction","target":["https:\/\/originltd.com\/product\/10-50ml-pet-therapy-bottles\/"]}]},{"@type":"ImageObject","inLanguage":"fr-FR","@id":"https:\/\/originltd.com\/product\/10-50ml-pet-therapy-bottles\/#primaryimage","url":"https:\/\/originltd.com\/wp-content\/uploads\/2021\/07\/pet-therapy-683x1024-1.png","contentUrl":"https:\/\/originltd.com\/wp-content\/uploads\/2021\/07\/pet-therapy-683x1024-1.png","width":683,"height":1024,"caption":"Pet therapy bottle"},{"@type":"BreadcrumbList","@id":"https:\/\/originltd.com\/product\/10-50ml-pet-therapy-bottles\/#breadcrumb","itemListElement":[{"@type":"ListItem","position":1,"name":"Home","item":"https:\/\/originltd.com\/"},{"@type":"ListItem","position":2,"name":"Pharmaceutical Packaging Products","item":"https:\/\/originltd.com\/pharmaceutical-packaging\/"},{"@type":"ListItem","position":3,"name":"Child-Resistant Packaging","item":"https:\/\/originltd.com\/packaging\/child-resistant-packaging\/"},{"@type":"ListItem","position":4,"name":"10-50ml PET Therapy Bottles &#8211; Clear, Amber White or Black"}]},{"@type":"WebSite","@id":"https:\/\/originltd.com\/#website","url":"https:\/\/originltd.com\/","name":"Origin Pharma Packaging","description":"","publisher":{"@id":"https:\/\/originltd.com\/#organization"},"alternateName":"Origin Ltd.","potentialAction":[{"@type":"SearchAction","target":{"@type":"EntryPoint","urlTemplate":"https:\/\/originltd.com\/?s={search_term_string}"},"query-input":{"@type":"PropertyValueSpecification","valueRequired":true,"valueName":"search_term_string"}}],"inLanguage":"fr-FR"},{"@type":"Organization","@id":"https:\/\/originltd.com\/#organization","name":"Origin Pharma Packaging","url":"https:\/\/originltd.com\/","logo":{"@type":"ImageObject","inLanguage":"fr-FR","@id":"https:\/\/originltd.com\/#\/schema\/logo\/image\/","url":"https:\/\/originltd.com\/wp-content\/uploads\/2024\/06\/cropped-Origin-logo-For-Health-For-Life-RGB@10x.png","contentUrl":"https:\/\/originltd.com\/wp-content\/uploads\/2024\/06\/cropped-Origin-logo-For-Health-For-Life-RGB@10x.png","width":227,"height":65,"caption":"Origin Pharma Packaging"},"image":{"@id":"https:\/\/originltd.com\/#\/schema\/logo\/image\/"},"sameAs":["https:\/\/www.facebook.com\/originpharmapackaging","https:\/\/x.com\/originpharma","https:\/\/www.linkedin.com\/company\/origin-packaging-ltd\/","https:\/\/www.youtube.com\/channel\/UCOOJl3eFOiO7lJT6f5qHygA"]}]}},"_links":{"self":[{"href":"https:\/\/originltd.com\/fr\/wp-json\/wp\/v2\/product\/7327","targetHints":{"allow":["GET"]}}],"collection":[{"href":"https:\/\/originltd.com\/fr\/wp-json\/wp\/v2\/product"}],"about":[{"href":"https:\/\/originltd.com\/fr\/wp-json\/wp\/v2\/types\/product"}],"replies":[{"embeddable":true,"href":"https:\/\/originltd.com\/fr\/wp-json\/wp\/v2\/comments?post=7327"}],"wp:featuredmedia":[{"embeddable":true,"href":"https:\/\/originltd.com\/fr\/wp-json\/wp\/v2\/media\/7338"}],"wp:attachment":[{"href":"https:\/\/originltd.com\/fr\/wp-json\/wp\/v2\/media?parent=7327"}],"wp:term":[{"taxonomy":"product_brand","embeddable":true,"href":"https:\/\/originltd.com\/fr\/wp-json\/wp\/v2\/product_brand?post=7327"},{"taxonomy":"product_cat","embeddable":true,"href":"https:\/\/originltd.com\/fr\/wp-json\/wp\/v2\/product_cat?post=7327"},{"taxonomy":"product_tag","embeddable":true,"href":"https:\/\/originltd.com\/fr\/wp-json\/wp\/v2\/product_tag?post=7327"}],"curies":[{"name":"wp","href":"https:\/\/api.w.org\/{rel}","templated":true}]}}