
{"id":7321,"date":"2021-07-14T08:54:02","date_gmt":"2021-07-14T07:54:02","guid":{"rendered":"https:\/\/originltd.in-beta.dev\/?post_type=product&#038;p=7321"},"modified":"2025-09-25T14:56:06","modified_gmt":"2025-09-25T13:56:06","slug":"30ml-measuring-beaker","status":"publish","type":"product","link":"https:\/\/originltd.com\/fr\/product\/30ml-measuring-beaker\/","title":{"rendered":"B\u00e9cher pour m\u00e9dicaments de 50 ml"},"content":{"rendered":"","protected":false},"excerpt":{"rendered":"<p>Notre gobelet pour m\u00e9dicaments de 30 ml est con\u00e7u pour recevoir un couvercle de mod\u00e8le standard PP28. Ce gobelet est fabriqu\u00e9 en polym\u00e8re polypropyl\u00e8ne naturel, et lors de sa conception ont \u00e9t\u00e9 pr\u00e9vues des graduations pro\u00e9minentes sur le c\u00f4t\u00e9 du gobelet. Il pourra \u00eatre utilis\u00e9 pour mesurer une grande vari\u00e9t\u00e9 de denr\u00e9es alimentaires et de m\u00e9dicaments. Par ailleurs, il a \u00e9t\u00e9 valid\u00e9 propre \u00e0 recevoir des aliments et produits pharmaceutiques, apr\u00e8s avoir \u00e9t\u00e9 d\u00e9clar\u00e9 conforme \u00e0 la directive europ\u00e9enne UE 10\/2011 modifi\u00e9e.<\/p>\n<ul>\n<li>Fabriqu\u00e9 au Royaume-Uni ;<\/li>\n<li>marques de graduation ;<\/li>\n<li>fichier technique du produit mis \u00e0 disposition ;<\/li>\n<li>compatible avec le bouchon standard PP28 .<\/li>\n<\/ul>","protected":false},"featured_media":7325,"comment_status":"closed","ping_status":"closed","template":"","meta":{"_acf_changed":false},"product_brand":[],"product_cat":[100,96],"product_tag":[],"class_list":{"0":"post-7321","1":"product","2":"type-product","3":"status-publish","4":"has-post-thumbnail","6":"product_cat-dispensing-aid","7":"product_cat-plastic","9":"first","10":"instock","11":"sold-individually","12":"shipping-taxable","13":"product-type-simple"},"acf":[],"yoast_head":"<!-- This site is optimized with the Yoast SEO plugin v27.3 - https:\/\/yoast.com\/product\/yoast-seo-wordpress\/ -->\n<title>30ml Natural Medicine Beaker | Origin Pharma Packaging<\/title>\n<meta name=\"description\" content=\"Origin design, manufacture and supply large volume of natural colours medicine beakers. Request a free sample today.\" \/>\n<meta name=\"robots\" content=\"index, follow, max-snippet:-1, max-image-preview:large, max-video-preview:-1\" \/>\n<link rel=\"canonical\" href=\"https:\/\/originltd.com\/fr\/produit\/30ml-measuring-beaker\/\" \/>\n<meta property=\"og:locale\" content=\"fr_FR\" \/>\n<meta property=\"og:type\" content=\"article\" \/>\n<meta property=\"og:title\" content=\"30ml Natural Medicine Beaker | Origin Pharma Packaging\" \/>\n<meta property=\"og:description\" content=\"Origin design, manufacture and supply large volume of natural colours medicine beakers. Request a free sample today.\" \/>\n<meta property=\"og:url\" content=\"https:\/\/originltd.com\/fr\/produit\/30ml-measuring-beaker\/\" \/>\n<meta property=\"og:site_name\" content=\"Origin Pharma Packaging\" \/>\n<meta property=\"article:publisher\" content=\"https:\/\/www.facebook.com\/originpharmapackaging\" \/>\n<meta property=\"article:modified_time\" content=\"2025-09-25T13:56:06+00:00\" \/>\n<meta property=\"og:image\" content=\"https:\/\/originltd.com\/wp-content\/uploads\/2021\/07\/measuring-cups04-scaled-1.jpg\" \/>\n\t<meta property=\"og:image:width\" content=\"1707\" \/>\n\t<meta property=\"og:image:height\" content=\"2560\" \/>\n\t<meta property=\"og:image:type\" content=\"image\/jpeg\" \/>\n<meta name=\"twitter:card\" content=\"summary_large_image\" \/>\n<meta name=\"twitter:site\" content=\"@originpharma\" \/>\n<meta name=\"twitter:label1\" content=\"Dur\u00e9e de lecture estim\u00e9e\" \/>\n\t<meta name=\"twitter:data1\" content=\"1 minute\" \/>\n<script type=\"application\/ld+json\" class=\"yoast-schema-graph\">{\"@context\":\"https:\\\/\\\/schema.org\",\"@graph\":[{\"@type\":\"WebPage\",\"@id\":\"https:\\\/\\\/originltd.com\\\/product\\\/30ml-measuring-beaker\\\/\",\"url\":\"https:\\\/\\\/originltd.com\\\/product\\\/30ml-measuring-beaker\\\/\",\"name\":\"30ml Natural Medicine Beaker | Origin Pharma Packaging\",\"isPartOf\":{\"@id\":\"https:\\\/\\\/originltd.com\\\/#website\"},\"primaryImageOfPage\":{\"@id\":\"https:\\\/\\\/originltd.com\\\/product\\\/30ml-measuring-beaker\\\/#primaryimage\"},\"image\":{\"@id\":\"https:\\\/\\\/originltd.com\\\/product\\\/30ml-measuring-beaker\\\/#primaryimage\"},\"thumbnailUrl\":\"https:\\\/\\\/originltd.com\\\/wp-content\\\/uploads\\\/2021\\\/07\\\/measuring-cups04-scaled-1.jpg\",\"datePublished\":\"2021-07-14T07:54:02+00:00\",\"dateModified\":\"2025-09-25T13:56:06+00:00\",\"description\":\"Origin design, manufacture and supply large volume of natural colours medicine beakers. Request a free sample today.\",\"breadcrumb\":{\"@id\":\"https:\\\/\\\/originltd.com\\\/product\\\/30ml-measuring-beaker\\\/#breadcrumb\"},\"inLanguage\":\"fr-FR\",\"potentialAction\":[{\"@type\":\"ReadAction\",\"target\":[\"https:\\\/\\\/originltd.com\\\/product\\\/30ml-measuring-beaker\\\/\"]}]},{\"@type\":\"ImageObject\",\"inLanguage\":\"fr-FR\",\"@id\":\"https:\\\/\\\/originltd.com\\\/product\\\/30ml-measuring-beaker\\\/#primaryimage\",\"url\":\"https:\\\/\\\/originltd.com\\\/wp-content\\\/uploads\\\/2021\\\/07\\\/measuring-cups04-scaled-1.jpg\",\"contentUrl\":\"https:\\\/\\\/originltd.com\\\/wp-content\\\/uploads\\\/2021\\\/07\\\/measuring-cups04-scaled-1.jpg\",\"width\":1707,\"height\":2560,\"caption\":\"30ml medicine beaker\"},{\"@type\":\"BreadcrumbList\",\"@id\":\"https:\\\/\\\/originltd.com\\\/product\\\/30ml-measuring-beaker\\\/#breadcrumb\",\"itemListElement\":[{\"@type\":\"ListItem\",\"position\":1,\"name\":\"Home\",\"item\":\"https:\\\/\\\/originltd.com\\\/\"},{\"@type\":\"ListItem\",\"position\":2,\"name\":\"Pharmaceutical Packaging Products\",\"item\":\"https:\\\/\\\/originltd.com\\\/pharmaceutical-packaging\\\/\"},{\"@type\":\"ListItem\",\"position\":3,\"name\":\"Liquid Medicine Measuring Devices\",\"item\":\"https:\\\/\\\/originltd.com\\\/packaging\\\/dispensing-aid\\\/\"},{\"@type\":\"ListItem\",\"position\":4,\"name\":\"30ml Medicine Beaker\"}]},{\"@type\":\"WebSite\",\"@id\":\"https:\\\/\\\/originltd.com\\\/#website\",\"url\":\"https:\\\/\\\/originltd.com\\\/\",\"name\":\"Origin Pharma Packaging\",\"description\":\"\",\"publisher\":{\"@id\":\"https:\\\/\\\/originltd.com\\\/#organization\"},\"alternateName\":\"Origin Ltd.\",\"potentialAction\":[{\"@type\":\"SearchAction\",\"target\":{\"@type\":\"EntryPoint\",\"urlTemplate\":\"https:\\\/\\\/originltd.com\\\/?s={search_term_string}\"},\"query-input\":{\"@type\":\"PropertyValueSpecification\",\"valueRequired\":true,\"valueName\":\"search_term_string\"}}],\"inLanguage\":\"fr-FR\"},{\"@type\":\"Organization\",\"@id\":\"https:\\\/\\\/originltd.com\\\/#organization\",\"name\":\"Origin Pharma Packaging\",\"url\":\"https:\\\/\\\/originltd.com\\\/\",\"logo\":{\"@type\":\"ImageObject\",\"inLanguage\":\"fr-FR\",\"@id\":\"https:\\\/\\\/originltd.com\\\/#\\\/schema\\\/logo\\\/image\\\/\",\"url\":\"https:\\\/\\\/originltd.com\\\/wp-content\\\/uploads\\\/2024\\\/06\\\/cropped-Origin-logo-For-Health-For-Life-RGB@10x.png\",\"contentUrl\":\"https:\\\/\\\/originltd.com\\\/wp-content\\\/uploads\\\/2024\\\/06\\\/cropped-Origin-logo-For-Health-For-Life-RGB@10x.png\",\"width\":227,\"height\":65,\"caption\":\"Origin Pharma Packaging\"},\"image\":{\"@id\":\"https:\\\/\\\/originltd.com\\\/#\\\/schema\\\/logo\\\/image\\\/\"},\"sameAs\":[\"https:\\\/\\\/www.facebook.com\\\/originpharmapackaging\",\"https:\\\/\\\/x.com\\\/originpharma\",\"https:\\\/\\\/www.linkedin.com\\\/company\\\/origin-packaging-ltd\\\/\",\"https:\\\/\\\/www.youtube.com\\\/channel\\\/UCOOJl3eFOiO7lJT6f5qHygA\"]}]}<\/script>\n<!-- \/ Yoast SEO plugin. -->","yoast_head_json":{"title":"B\u00e9cher de 30ml pour m\u00e9decine naturelle | Origin Pharma Packaging","description":"Origin con\u00e7oit, fabrique et fournit de grands volumes de b\u00e9chers \u00e0 usage m\u00e9dical de couleur naturelle. Demandez un \u00e9chantillon gratuit d\u00e8s aujourd'hui.","robots":{"index":"index","follow":"follow","max-snippet":"max-snippet:-1","max-image-preview":"max-image-preview:large","max-video-preview":"max-video-preview:-1"},"canonical":"https:\/\/originltd.com\/fr\/produit\/30ml-measuring-beaker\/","og_locale":"fr_FR","og_type":"article","og_title":"30ml Natural Medicine Beaker | Origin Pharma Packaging","og_description":"Origin design, manufacture and supply large volume of natural colours medicine beakers. Request a free sample today.","og_url":"https:\/\/originltd.com\/fr\/produit\/30ml-measuring-beaker\/","og_site_name":"Origin Pharma Packaging","article_publisher":"https:\/\/www.facebook.com\/originpharmapackaging","article_modified_time":"2025-09-25T13:56:06+00:00","og_image":[{"width":1707,"height":2560,"url":"https:\/\/originltd.com\/wp-content\/uploads\/2021\/07\/measuring-cups04-scaled-1.jpg","type":"image\/jpeg"}],"twitter_card":"summary_large_image","twitter_site":"@originpharma","twitter_misc":{"Dur\u00e9e de lecture estim\u00e9e":"1 minute"},"schema":{"@context":"https:\/\/schema.org","@graph":[{"@type":"WebPage","@id":"https:\/\/originltd.com\/product\/30ml-measuring-beaker\/","url":"https:\/\/originltd.com\/product\/30ml-measuring-beaker\/","name":"B\u00e9cher de 30ml pour m\u00e9decine naturelle | Origin Pharma Packaging","isPartOf":{"@id":"https:\/\/originltd.com\/#website"},"primaryImageOfPage":{"@id":"https:\/\/originltd.com\/product\/30ml-measuring-beaker\/#primaryimage"},"image":{"@id":"https:\/\/originltd.com\/product\/30ml-measuring-beaker\/#primaryimage"},"thumbnailUrl":"https:\/\/originltd.com\/wp-content\/uploads\/2021\/07\/measuring-cups04-scaled-1.jpg","datePublished":"2021-07-14T07:54:02+00:00","dateModified":"2025-09-25T13:56:06+00:00","description":"Origin con\u00e7oit, fabrique et fournit de grands volumes de b\u00e9chers \u00e0 usage m\u00e9dical de couleur naturelle. Demandez un \u00e9chantillon gratuit d\u00e8s aujourd'hui.","breadcrumb":{"@id":"https:\/\/originltd.com\/product\/30ml-measuring-beaker\/#breadcrumb"},"inLanguage":"fr-FR","potentialAction":[{"@type":"ReadAction","target":["https:\/\/originltd.com\/product\/30ml-measuring-beaker\/"]}]},{"@type":"ImageObject","inLanguage":"fr-FR","@id":"https:\/\/originltd.com\/product\/30ml-measuring-beaker\/#primaryimage","url":"https:\/\/originltd.com\/wp-content\/uploads\/2021\/07\/measuring-cups04-scaled-1.jpg","contentUrl":"https:\/\/originltd.com\/wp-content\/uploads\/2021\/07\/measuring-cups04-scaled-1.jpg","width":1707,"height":2560,"caption":"30ml medicine beaker"},{"@type":"BreadcrumbList","@id":"https:\/\/originltd.com\/product\/30ml-measuring-beaker\/#breadcrumb","itemListElement":[{"@type":"ListItem","position":1,"name":"Home","item":"https:\/\/originltd.com\/"},{"@type":"ListItem","position":2,"name":"Pharmaceutical Packaging Products","item":"https:\/\/originltd.com\/pharmaceutical-packaging\/"},{"@type":"ListItem","position":3,"name":"Liquid Medicine Measuring Devices","item":"https:\/\/originltd.com\/packaging\/dispensing-aid\/"},{"@type":"ListItem","position":4,"name":"30ml Medicine Beaker"}]},{"@type":"WebSite","@id":"https:\/\/originltd.com\/#website","url":"https:\/\/originltd.com\/","name":"Origin Pharma Packaging","description":"","publisher":{"@id":"https:\/\/originltd.com\/#organization"},"alternateName":"Origin Ltd.","potentialAction":[{"@type":"SearchAction","target":{"@type":"EntryPoint","urlTemplate":"https:\/\/originltd.com\/?s={search_term_string}"},"query-input":{"@type":"PropertyValueSpecification","valueRequired":true,"valueName":"search_term_string"}}],"inLanguage":"fr-FR"},{"@type":"Organization","@id":"https:\/\/originltd.com\/#organization","name":"Origin Pharma Packaging","url":"https:\/\/originltd.com\/","logo":{"@type":"ImageObject","inLanguage":"fr-FR","@id":"https:\/\/originltd.com\/#\/schema\/logo\/image\/","url":"https:\/\/originltd.com\/wp-content\/uploads\/2024\/06\/cropped-Origin-logo-For-Health-For-Life-RGB@10x.png","contentUrl":"https:\/\/originltd.com\/wp-content\/uploads\/2024\/06\/cropped-Origin-logo-For-Health-For-Life-RGB@10x.png","width":227,"height":65,"caption":"Origin Pharma Packaging"},"image":{"@id":"https:\/\/originltd.com\/#\/schema\/logo\/image\/"},"sameAs":["https:\/\/www.facebook.com\/originpharmapackaging","https:\/\/x.com\/originpharma","https:\/\/www.linkedin.com\/company\/origin-packaging-ltd\/","https:\/\/www.youtube.com\/channel\/UCOOJl3eFOiO7lJT6f5qHygA"]}]}},"_links":{"self":[{"href":"https:\/\/originltd.com\/fr\/wp-json\/wp\/v2\/product\/7321","targetHints":{"allow":["GET"]}}],"collection":[{"href":"https:\/\/originltd.com\/fr\/wp-json\/wp\/v2\/product"}],"about":[{"href":"https:\/\/originltd.com\/fr\/wp-json\/wp\/v2\/types\/product"}],"replies":[{"embeddable":true,"href":"https:\/\/originltd.com\/fr\/wp-json\/wp\/v2\/comments?post=7321"}],"wp:featuredmedia":[{"embeddable":true,"href":"https:\/\/originltd.com\/fr\/wp-json\/wp\/v2\/media\/7325"}],"wp:attachment":[{"href":"https:\/\/originltd.com\/fr\/wp-json\/wp\/v2\/media?parent=7321"}],"wp:term":[{"taxonomy":"product_brand","embeddable":true,"href":"https:\/\/originltd.com\/fr\/wp-json\/wp\/v2\/product_brand?post=7321"},{"taxonomy":"product_cat","embeddable":true,"href":"https:\/\/originltd.com\/fr\/wp-json\/wp\/v2\/product_cat?post=7321"},{"taxonomy":"product_tag","embeddable":true,"href":"https:\/\/originltd.com\/fr\/wp-json\/wp\/v2\/product_tag?post=7321"}],"curies":[{"name":"wp","href":"https:\/\/api.w.org\/{rel}","templated":true}]}}