
{"id":7308,"date":"2021-08-19T13:12:34","date_gmt":"2021-08-19T12:12:34","guid":{"rendered":"https:\/\/originltd.in-beta.dev\/?post_type=product&#038;p=7308"},"modified":"2025-10-07T16:03:26","modified_gmt":"2025-10-07T15:03:26","slug":"50-300ml-amber-glass-boston-round-bottle","status":"publish","type":"product","link":"https:\/\/originltd.com\/fr\/product\/50-300ml-amber-glass-boston-round-bottle\/","title":{"rendered":"Bouteilles rondes Boston en verre ambr\u00e9 50ml-300ml"},"content":{"rendered":"<p><span style=\"font-weight: 400;\">Nos bouteilles rondes Boston en verre ambr\u00e9 de 50 ml \u00e0 300 ml sont disponibles en diff\u00e9rentes tailles, y compris les bouteilles rondes Boston en verre ambr\u00e9 de 100 ml.<\/span><\/p>","protected":false},"excerpt":{"rendered":"<p><span style=\"font-weight: 400;\">Nos flacons ronds Boston en verre ambr\u00e9 50ml-300ml<\/span><span style=\"font-weight: 400;\"> sont <\/span><span style=\"font-weight: 400;\">tr\u00e8s<\/span><span style=\"font-weight: 400;\"> convient pour conserver les cr\u00e8mes et les lotions. <\/span><span style=\"font-weight: 400;\">Un design \u00e0 la fois \u00e9l\u00e9gant et robuste,<\/span><span style=\"font-weight: 400;\"> ces <\/span><a href=\"https:\/\/originltd.com\/fr\/packaging\/amber-glass-bottles\/\"><span style=\"font-weight: 400;\">bouteilles en verre ambr\u00e9<\/span><\/a><span style=\"font-weight: 400;\"> sont<\/span><span style=\"font-weight: 400;\"> adapt\u00e9s \u00e0 la pr\u00e9sentation de produits de luxe et <\/span><span style=\"font-weight: 400;\">r\u00e9silience.<\/span> <span style=\"font-weight: 400;\">Ces <\/span><a href=\"https:\/\/originltd.com\/fr\/packaging\/glass\/\"><span style=\"font-weight: 400;\">emballage en verre<\/span><\/a><span style=\"font-weight: 400;\"> sont d'excellentes options pour prot\u00e9ger leur contenu en toute s\u00e9curit\u00e9, offrant une protection fiable contre les chocs et la d\u00e9gradation par les UV.<\/span><\/p>\n<p><span style=\"font-weight: 400;\">Ces bouteilles sont<\/span><span style=\"font-weight: 400;\"> compatible avec 28mm <\/span><a href=\"https:\/\/originltd.com\/fr\/packaging\/closures-dispensers\/\"><span style=\"font-weight: 400;\">bouchons pharmaceutiques<\/span><\/a><span style=\"font-weight: 400;\"> et des bouchons,<\/span><span style=\"font-weight: 400;\"> y compris les vaporisateurs, les bouchons \u00e0 vis et les pompes \u00e0 lotion.<\/span><\/p>\n<h3><span style=\"font-weight: 400;\">Caract\u00e9ristiques principales :<\/span><\/h3>\n<ul>\n<li style=\"font-weight: 400;\" aria-level=\"1\"><span style=\"font-weight: 400;\">Conception esth\u00e9tique et durable<\/span><\/li>\n<li style=\"font-weight: 400;\" aria-level=\"1\"><span style=\"font-weight: 400;\">Le verre ambr\u00e9 offre une protection contre les UV<\/span><\/li>\n<li style=\"font-weight: 400;\" aria-level=\"1\"><span style=\"font-weight: 400;\">Plusieurs tailles disponibles<\/span><\/li>\n<li style=\"font-weight: 400;\" aria-level=\"1\"><span style=\"font-weight: 400;\">Compatible avec les bouchons de 28 mm<\/span><\/li>\n<\/ul>\n<h3><span style=\"font-weight: 400;\">Utilisations appropri\u00e9es :<\/span><\/h3>\n<ul>\n<li style=\"font-weight: 400;\" aria-level=\"1\"><span style=\"font-weight: 400;\">Convient pour le stockage des cr\u00e8mes et des lotions<\/span><\/li>\n<\/ul>","protected":false},"featured_media":7311,"comment_status":"closed","ping_status":"closed","template":"","meta":{"_acf_changed":false},"product_brand":[],"product_cat":[2185,119,2225,2227,2228,2226,2223,95],"product_tag":[],"class_list":{"0":"post-7308","1":"product","2":"type-product","3":"status-publish","4":"has-post-thumbnail","6":"product_cat-cosmetic-containers","7":"product_cat-cosmetic-bottles","8":"product_cat-home-fragrance","9":"product_cat-lifestyle","10":"product_cat-perfume","11":"product_cat-personal-fragrance","12":"product_cat-skincare-bodycare","13":"product_cat-glass","15":"first","16":"instock","17":"sold-individually","18":"shipping-taxable","19":"product-type-simple"},"acf":[],"yoast_head":"<!-- This site is optimized with the Yoast SEO plugin v27.3 - https:\/\/yoast.com\/product\/yoast-seo-wordpress\/ -->\n<title>50ml-300ml Amber Glass Boston Round Bottles | Origin<\/title>\n<meta name=\"description\" content=\"Order 50ml-300ml amber glass Boston round bottles from Origin, offering a luxury design and dependable protection for cream and lotion packaging.\" \/>\n<meta name=\"robots\" content=\"index, follow, max-snippet:-1, max-image-preview:large, max-video-preview:-1\" \/>\n<link rel=\"canonical\" href=\"https:\/\/originltd.com\/fr\/produit\/50-300ml-amber-glass-boston-round-bottle\/\" \/>\n<meta property=\"og:locale\" content=\"fr_FR\" \/>\n<meta property=\"og:type\" content=\"article\" \/>\n<meta property=\"og:title\" content=\"50ml-300ml Amber Glass Boston Round Bottles | Origin\" \/>\n<meta property=\"og:description\" content=\"Order 50ml-300ml amber glass Boston round bottles from Origin, offering a luxury design and dependable protection for cream and lotion packaging.\" \/>\n<meta property=\"og:url\" content=\"https:\/\/originltd.com\/fr\/produit\/50-300ml-amber-glass-boston-round-bottle\/\" \/>\n<meta property=\"og:site_name\" content=\"Origin Pharma Packaging\" \/>\n<meta property=\"article:publisher\" content=\"https:\/\/www.facebook.com\/originpharmapackaging\" \/>\n<meta property=\"article:modified_time\" content=\"2025-10-07T15:03:26+00:00\" \/>\n<meta property=\"og:image\" content=\"https:\/\/originltd.com\/wp-content\/uploads\/2021\/07\/bottle4-scaled.jpg\" \/>\n\t<meta property=\"og:image:width\" content=\"1707\" \/>\n\t<meta property=\"og:image:height\" content=\"2560\" \/>\n\t<meta property=\"og:image:type\" content=\"image\/jpeg\" \/>\n<meta name=\"twitter:card\" content=\"summary_large_image\" \/>\n<meta name=\"twitter:site\" content=\"@originpharma\" \/>\n<meta name=\"twitter:label1\" content=\"Dur\u00e9e de lecture estim\u00e9e\" \/>\n\t<meta name=\"twitter:data1\" content=\"1 minute\" \/>\n<script type=\"application\/ld+json\" class=\"yoast-schema-graph\">{\"@context\":\"https:\\\/\\\/schema.org\",\"@graph\":[{\"@type\":\"WebPage\",\"@id\":\"https:\\\/\\\/originltd.com\\\/product\\\/50-300ml-amber-glass-boston-round-bottle\\\/\",\"url\":\"https:\\\/\\\/originltd.com\\\/product\\\/50-300ml-amber-glass-boston-round-bottle\\\/\",\"name\":\"50ml-300ml Amber Glass Boston Round Bottles | Origin\",\"isPartOf\":{\"@id\":\"https:\\\/\\\/originltd.com\\\/#website\"},\"primaryImageOfPage\":{\"@id\":\"https:\\\/\\\/originltd.com\\\/product\\\/50-300ml-amber-glass-boston-round-bottle\\\/#primaryimage\"},\"image\":{\"@id\":\"https:\\\/\\\/originltd.com\\\/product\\\/50-300ml-amber-glass-boston-round-bottle\\\/#primaryimage\"},\"thumbnailUrl\":\"https:\\\/\\\/originltd.com\\\/wp-content\\\/uploads\\\/2021\\\/07\\\/bottle4-scaled.jpg\",\"datePublished\":\"2021-08-19T12:12:34+00:00\",\"dateModified\":\"2025-10-07T15:03:26+00:00\",\"description\":\"Order 50ml-300ml amber glass Boston round bottles from Origin, offering a luxury design and dependable protection for cream and lotion packaging.\",\"breadcrumb\":{\"@id\":\"https:\\\/\\\/originltd.com\\\/product\\\/50-300ml-amber-glass-boston-round-bottle\\\/#breadcrumb\"},\"inLanguage\":\"fr-FR\",\"potentialAction\":[{\"@type\":\"ReadAction\",\"target\":[\"https:\\\/\\\/originltd.com\\\/product\\\/50-300ml-amber-glass-boston-round-bottle\\\/\"]}]},{\"@type\":\"ImageObject\",\"inLanguage\":\"fr-FR\",\"@id\":\"https:\\\/\\\/originltd.com\\\/product\\\/50-300ml-amber-glass-boston-round-bottle\\\/#primaryimage\",\"url\":\"https:\\\/\\\/originltd.com\\\/wp-content\\\/uploads\\\/2021\\\/07\\\/bottle4-scaled.jpg\",\"contentUrl\":\"https:\\\/\\\/originltd.com\\\/wp-content\\\/uploads\\\/2021\\\/07\\\/bottle4-scaled.jpg\",\"width\":1707,\"height\":2560,\"caption\":\"Amber glass boston round bottle\"},{\"@type\":\"BreadcrumbList\",\"@id\":\"https:\\\/\\\/originltd.com\\\/product\\\/50-300ml-amber-glass-boston-round-bottle\\\/#breadcrumb\",\"itemListElement\":[{\"@type\":\"ListItem\",\"position\":1,\"name\":\"Home\",\"item\":\"https:\\\/\\\/originltd.com\\\/\"},{\"@type\":\"ListItem\",\"position\":2,\"name\":\"Pharmaceutical Packaging Products\",\"item\":\"https:\\\/\\\/originltd.com\\\/pharmaceutical-packaging\\\/\"},{\"@type\":\"ListItem\",\"position\":3,\"name\":\"Wholesale Glass Packaging\",\"item\":\"https:\\\/\\\/originltd.com\\\/packaging\\\/glass\\\/\"},{\"@type\":\"ListItem\",\"position\":4,\"name\":\"50ml-300ml Amber Glass Boston Round Bottles\"}]},{\"@type\":\"WebSite\",\"@id\":\"https:\\\/\\\/originltd.com\\\/#website\",\"url\":\"https:\\\/\\\/originltd.com\\\/\",\"name\":\"Origin Pharma Packaging\",\"description\":\"\",\"publisher\":{\"@id\":\"https:\\\/\\\/originltd.com\\\/#organization\"},\"alternateName\":\"Origin Ltd.\",\"potentialAction\":[{\"@type\":\"SearchAction\",\"target\":{\"@type\":\"EntryPoint\",\"urlTemplate\":\"https:\\\/\\\/originltd.com\\\/?s={search_term_string}\"},\"query-input\":{\"@type\":\"PropertyValueSpecification\",\"valueRequired\":true,\"valueName\":\"search_term_string\"}}],\"inLanguage\":\"fr-FR\"},{\"@type\":\"Organization\",\"@id\":\"https:\\\/\\\/originltd.com\\\/#organization\",\"name\":\"Origin Pharma Packaging\",\"url\":\"https:\\\/\\\/originltd.com\\\/\",\"logo\":{\"@type\":\"ImageObject\",\"inLanguage\":\"fr-FR\",\"@id\":\"https:\\\/\\\/originltd.com\\\/#\\\/schema\\\/logo\\\/image\\\/\",\"url\":\"https:\\\/\\\/originltd.com\\\/wp-content\\\/uploads\\\/2024\\\/06\\\/cropped-Origin-logo-For-Health-For-Life-RGB@10x.png\",\"contentUrl\":\"https:\\\/\\\/originltd.com\\\/wp-content\\\/uploads\\\/2024\\\/06\\\/cropped-Origin-logo-For-Health-For-Life-RGB@10x.png\",\"width\":227,\"height\":65,\"caption\":\"Origin Pharma Packaging\"},\"image\":{\"@id\":\"https:\\\/\\\/originltd.com\\\/#\\\/schema\\\/logo\\\/image\\\/\"},\"sameAs\":[\"https:\\\/\\\/www.facebook.com\\\/originpharmapackaging\",\"https:\\\/\\\/x.com\\\/originpharma\",\"https:\\\/\\\/www.linkedin.com\\\/company\\\/origin-packaging-ltd\\\/\",\"https:\\\/\\\/www.youtube.com\\\/channel\\\/UCOOJl3eFOiO7lJT6f5qHygA\"]}]}<\/script>\n<!-- \/ Yoast SEO plugin. -->","yoast_head_json":{"title":"Bouteilles rondes Boston en verre ambr\u00e9 50ml-300ml | Origine","description":"Commandez des flacons ronds Boston en verre ambr\u00e9 de 50 ml \u00e0 300 ml aupr\u00e8s d'Origin, qui offrent un design luxueux et une protection fiable pour l'emballage des cr\u00e8mes et des lotions.","robots":{"index":"index","follow":"follow","max-snippet":"max-snippet:-1","max-image-preview":"max-image-preview:large","max-video-preview":"max-video-preview:-1"},"canonical":"https:\/\/originltd.com\/fr\/produit\/50-300ml-amber-glass-boston-round-bottle\/","og_locale":"fr_FR","og_type":"article","og_title":"50ml-300ml Amber Glass Boston Round Bottles | Origin","og_description":"Order 50ml-300ml amber glass Boston round bottles from Origin, offering a luxury design and dependable protection for cream and lotion packaging.","og_url":"https:\/\/originltd.com\/fr\/produit\/50-300ml-amber-glass-boston-round-bottle\/","og_site_name":"Origin Pharma Packaging","article_publisher":"https:\/\/www.facebook.com\/originpharmapackaging","article_modified_time":"2025-10-07T15:03:26+00:00","og_image":[{"width":1707,"height":2560,"url":"https:\/\/originltd.com\/wp-content\/uploads\/2021\/07\/bottle4-scaled.jpg","type":"image\/jpeg"}],"twitter_card":"summary_large_image","twitter_site":"@originpharma","twitter_misc":{"Dur\u00e9e de lecture estim\u00e9e":"1 minute"},"schema":{"@context":"https:\/\/schema.org","@graph":[{"@type":"WebPage","@id":"https:\/\/originltd.com\/product\/50-300ml-amber-glass-boston-round-bottle\/","url":"https:\/\/originltd.com\/product\/50-300ml-amber-glass-boston-round-bottle\/","name":"Bouteilles rondes Boston en verre ambr\u00e9 50ml-300ml | Origine","isPartOf":{"@id":"https:\/\/originltd.com\/#website"},"primaryImageOfPage":{"@id":"https:\/\/originltd.com\/product\/50-300ml-amber-glass-boston-round-bottle\/#primaryimage"},"image":{"@id":"https:\/\/originltd.com\/product\/50-300ml-amber-glass-boston-round-bottle\/#primaryimage"},"thumbnailUrl":"https:\/\/originltd.com\/wp-content\/uploads\/2021\/07\/bottle4-scaled.jpg","datePublished":"2021-08-19T12:12:34+00:00","dateModified":"2025-10-07T15:03:26+00:00","description":"Commandez des flacons ronds Boston en verre ambr\u00e9 de 50 ml \u00e0 300 ml aupr\u00e8s d'Origin, qui offrent un design luxueux et une protection fiable pour l'emballage des cr\u00e8mes et des lotions.","breadcrumb":{"@id":"https:\/\/originltd.com\/product\/50-300ml-amber-glass-boston-round-bottle\/#breadcrumb"},"inLanguage":"fr-FR","potentialAction":[{"@type":"ReadAction","target":["https:\/\/originltd.com\/product\/50-300ml-amber-glass-boston-round-bottle\/"]}]},{"@type":"ImageObject","inLanguage":"fr-FR","@id":"https:\/\/originltd.com\/product\/50-300ml-amber-glass-boston-round-bottle\/#primaryimage","url":"https:\/\/originltd.com\/wp-content\/uploads\/2021\/07\/bottle4-scaled.jpg","contentUrl":"https:\/\/originltd.com\/wp-content\/uploads\/2021\/07\/bottle4-scaled.jpg","width":1707,"height":2560,"caption":"Amber glass boston round bottle"},{"@type":"BreadcrumbList","@id":"https:\/\/originltd.com\/product\/50-300ml-amber-glass-boston-round-bottle\/#breadcrumb","itemListElement":[{"@type":"ListItem","position":1,"name":"Home","item":"https:\/\/originltd.com\/"},{"@type":"ListItem","position":2,"name":"Pharmaceutical Packaging Products","item":"https:\/\/originltd.com\/pharmaceutical-packaging\/"},{"@type":"ListItem","position":3,"name":"Wholesale Glass Packaging","item":"https:\/\/originltd.com\/packaging\/glass\/"},{"@type":"ListItem","position":4,"name":"50ml-300ml Amber Glass Boston Round Bottles"}]},{"@type":"WebSite","@id":"https:\/\/originltd.com\/#website","url":"https:\/\/originltd.com\/","name":"Origin Pharma Packaging","description":"","publisher":{"@id":"https:\/\/originltd.com\/#organization"},"alternateName":"Origin Ltd.","potentialAction":[{"@type":"SearchAction","target":{"@type":"EntryPoint","urlTemplate":"https:\/\/originltd.com\/?s={search_term_string}"},"query-input":{"@type":"PropertyValueSpecification","valueRequired":true,"valueName":"search_term_string"}}],"inLanguage":"fr-FR"},{"@type":"Organization","@id":"https:\/\/originltd.com\/#organization","name":"Origin Pharma Packaging","url":"https:\/\/originltd.com\/","logo":{"@type":"ImageObject","inLanguage":"fr-FR","@id":"https:\/\/originltd.com\/#\/schema\/logo\/image\/","url":"https:\/\/originltd.com\/wp-content\/uploads\/2024\/06\/cropped-Origin-logo-For-Health-For-Life-RGB@10x.png","contentUrl":"https:\/\/originltd.com\/wp-content\/uploads\/2024\/06\/cropped-Origin-logo-For-Health-For-Life-RGB@10x.png","width":227,"height":65,"caption":"Origin Pharma Packaging"},"image":{"@id":"https:\/\/originltd.com\/#\/schema\/logo\/image\/"},"sameAs":["https:\/\/www.facebook.com\/originpharmapackaging","https:\/\/x.com\/originpharma","https:\/\/www.linkedin.com\/company\/origin-packaging-ltd\/","https:\/\/www.youtube.com\/channel\/UCOOJl3eFOiO7lJT6f5qHygA"]}]}},"_links":{"self":[{"href":"https:\/\/originltd.com\/fr\/wp-json\/wp\/v2\/product\/7308","targetHints":{"allow":["GET"]}}],"collection":[{"href":"https:\/\/originltd.com\/fr\/wp-json\/wp\/v2\/product"}],"about":[{"href":"https:\/\/originltd.com\/fr\/wp-json\/wp\/v2\/types\/product"}],"replies":[{"embeddable":true,"href":"https:\/\/originltd.com\/fr\/wp-json\/wp\/v2\/comments?post=7308"}],"wp:featuredmedia":[{"embeddable":true,"href":"https:\/\/originltd.com\/fr\/wp-json\/wp\/v2\/media\/7311"}],"wp:attachment":[{"href":"https:\/\/originltd.com\/fr\/wp-json\/wp\/v2\/media?parent=7308"}],"wp:term":[{"taxonomy":"product_brand","embeddable":true,"href":"https:\/\/originltd.com\/fr\/wp-json\/wp\/v2\/product_brand?post=7308"},{"taxonomy":"product_cat","embeddable":true,"href":"https:\/\/originltd.com\/fr\/wp-json\/wp\/v2\/product_cat?post=7308"},{"taxonomy":"product_tag","embeddable":true,"href":"https:\/\/originltd.com\/fr\/wp-json\/wp\/v2\/product_tag?post=7308"}],"curies":[{"name":"wp","href":"https:\/\/api.w.org\/{rel}","templated":true}]}}