
{"id":6858,"date":"2021-05-17T14:02:58","date_gmt":"2021-05-17T13:02:58","guid":{"rendered":"https:\/\/originltd.in-beta.dev\/?post_type=product&#038;p=6858"},"modified":"2024-05-02T16:12:04","modified_gmt":"2024-05-02T15:12:04","slug":"saliva-capture-device-funnel","status":"publish","type":"product","link":"https:\/\/originltd.com\/fr\/product\/saliva-capture-device-funnel\/","title":{"rendered":"Dispositif de recueil de salive  sous forme d'entonnoir"},"content":{"rendered":"","protected":false},"excerpt":{"rendered":"<p>La soci\u00e9t\u00e9 Origin Pharma Packaging a mis au \npoint, r\u00e9alis\u00e9 et mis en fabrication un dispositif de recueil de salive produit au sein de nos installations au Royaume-Uni.<\/p>\n<ul>\n<li>Dispositif m\u00e9dical de diagnostic in vitro pour le pr\u00e9l\u00e8vement de salive ;<\/li>\n<li>en polypropyl\u00e8ne destin\u00e9 au domaine m\u00e9dical ;<\/li>\n<li>a obtenu la marquage  le marquage UKCA (ou \"UK Conformity Assessed\", c'est \u00e0 dire l'organisme britannique d'\u00e9valuation de la conformit\u00e9 aux normes requises) ;<\/li>\n<li>bol poli de par sa conception ;<\/li>\n<li>fabriqu\u00e9 au Royaume-Uni ;<\/li>\n<\/ul>","protected":false},"featured_media":7324,"comment_status":"closed","ping_status":"closed","template":"","meta":{"_acf_changed":false},"product_brand":[],"product_cat":[100,96],"product_tag":[],"class_list":{"0":"post-6858","1":"product","2":"type-product","3":"status-publish","4":"has-post-thumbnail","6":"product_cat-dispensing-aid","7":"product_cat-plastic","9":"first","10":"instock","11":"sold-individually","12":"shipping-taxable","13":"product-type-simple"},"acf":[],"yoast_head":"<!-- This site is optimized with the Yoast SEO plugin v27.3 - https:\/\/yoast.com\/product\/yoast-seo-wordpress\/ -->\n<title>Saliva capture device | Origin Pharma Packaging<\/title>\n<meta name=\"description\" content=\"Origin Pharma Packaging has designed and manufactured a dedicated saliva capture device. To order a free sample, head to the product page today.\" \/>\n<meta name=\"robots\" content=\"index, follow, max-snippet:-1, max-image-preview:large, max-video-preview:-1\" \/>\n<link rel=\"canonical\" href=\"https:\/\/originltd.com\/fr\/produit\/saliva-capture-device-funnel\/\" \/>\n<meta property=\"og:locale\" content=\"fr_FR\" \/>\n<meta property=\"og:type\" content=\"article\" \/>\n<meta property=\"og:title\" content=\"Saliva capture device | Origin Pharma Packaging\" \/>\n<meta property=\"og:description\" content=\"Origin Pharma Packaging has designed and manufactured a dedicated saliva capture device. To order a free sample, head to the product page today.\" \/>\n<meta property=\"og:url\" content=\"https:\/\/originltd.com\/fr\/produit\/saliva-capture-device-funnel\/\" \/>\n<meta property=\"og:site_name\" content=\"Origin Pharma Packaging\" \/>\n<meta property=\"article:publisher\" content=\"https:\/\/www.facebook.com\/originpharmapackaging\" \/>\n<meta property=\"article:modified_time\" content=\"2024-05-02T15:12:04+00:00\" \/>\n<meta property=\"og:image\" content=\"https:\/\/originltd.com\/wp-content\/uploads\/2021\/05\/origin-tube-funnel-006.jpg\" \/>\n\t<meta property=\"og:image:width\" content=\"1707\" \/>\n\t<meta property=\"og:image:height\" content=\"2560\" \/>\n\t<meta property=\"og:image:type\" content=\"image\/jpeg\" \/>\n<meta name=\"twitter:card\" content=\"summary_large_image\" \/>\n<meta name=\"twitter:site\" content=\"@originpharma\" \/>\n<meta name=\"twitter:label1\" content=\"Dur\u00e9e de lecture estim\u00e9e\" \/>\n\t<meta name=\"twitter:data1\" content=\"1 minute\" \/>\n<script type=\"application\/ld+json\" class=\"yoast-schema-graph\">{\"@context\":\"https:\\\/\\\/schema.org\",\"@graph\":[{\"@type\":\"WebPage\",\"@id\":\"https:\\\/\\\/originltd.com\\\/product\\\/saliva-capture-device-funnel\\\/\",\"url\":\"https:\\\/\\\/originltd.com\\\/product\\\/saliva-capture-device-funnel\\\/\",\"name\":\"Saliva capture device | Origin Pharma Packaging\",\"isPartOf\":{\"@id\":\"https:\\\/\\\/originltd.com\\\/#website\"},\"primaryImageOfPage\":{\"@id\":\"https:\\\/\\\/originltd.com\\\/product\\\/saliva-capture-device-funnel\\\/#primaryimage\"},\"image\":{\"@id\":\"https:\\\/\\\/originltd.com\\\/product\\\/saliva-capture-device-funnel\\\/#primaryimage\"},\"thumbnailUrl\":\"https:\\\/\\\/originltd.com\\\/wp-content\\\/uploads\\\/2021\\\/05\\\/origin-tube-funnel-006.jpg\",\"datePublished\":\"2021-05-17T13:02:58+00:00\",\"dateModified\":\"2024-05-02T15:12:04+00:00\",\"description\":\"Origin Pharma Packaging has designed and manufactured a dedicated saliva capture device. To order a free sample, head to the product page today.\",\"breadcrumb\":{\"@id\":\"https:\\\/\\\/originltd.com\\\/product\\\/saliva-capture-device-funnel\\\/#breadcrumb\"},\"inLanguage\":\"fr-FR\",\"potentialAction\":[{\"@type\":\"ReadAction\",\"target\":[\"https:\\\/\\\/originltd.com\\\/product\\\/saliva-capture-device-funnel\\\/\"]}]},{\"@type\":\"ImageObject\",\"inLanguage\":\"fr-FR\",\"@id\":\"https:\\\/\\\/originltd.com\\\/product\\\/saliva-capture-device-funnel\\\/#primaryimage\",\"url\":\"https:\\\/\\\/originltd.com\\\/wp-content\\\/uploads\\\/2021\\\/05\\\/origin-tube-funnel-006.jpg\",\"contentUrl\":\"https:\\\/\\\/originltd.com\\\/wp-content\\\/uploads\\\/2021\\\/05\\\/origin-tube-funnel-006.jpg\",\"width\":1707,\"height\":2560,\"caption\":\"Saliva capture device\"},{\"@type\":\"BreadcrumbList\",\"@id\":\"https:\\\/\\\/originltd.com\\\/product\\\/saliva-capture-device-funnel\\\/#breadcrumb\",\"itemListElement\":[{\"@type\":\"ListItem\",\"position\":1,\"name\":\"Home\",\"item\":\"https:\\\/\\\/originltd.com\\\/\"},{\"@type\":\"ListItem\",\"position\":2,\"name\":\"Pharmaceutical Packaging Products\",\"item\":\"https:\\\/\\\/originltd.com\\\/pharmaceutical-packaging\\\/\"},{\"@type\":\"ListItem\",\"position\":3,\"name\":\"Liquid Medicine Measuring Devices\",\"item\":\"https:\\\/\\\/originltd.com\\\/packaging\\\/dispensing-aid\\\/\"},{\"@type\":\"ListItem\",\"position\":4,\"name\":\"Saliva Capture Device &#8211; Funnel\"}]},{\"@type\":\"WebSite\",\"@id\":\"https:\\\/\\\/originltd.com\\\/#website\",\"url\":\"https:\\\/\\\/originltd.com\\\/\",\"name\":\"Origin Pharma Packaging\",\"description\":\"\",\"publisher\":{\"@id\":\"https:\\\/\\\/originltd.com\\\/#organization\"},\"alternateName\":\"Origin Ltd.\",\"potentialAction\":[{\"@type\":\"SearchAction\",\"target\":{\"@type\":\"EntryPoint\",\"urlTemplate\":\"https:\\\/\\\/originltd.com\\\/?s={search_term_string}\"},\"query-input\":{\"@type\":\"PropertyValueSpecification\",\"valueRequired\":true,\"valueName\":\"search_term_string\"}}],\"inLanguage\":\"fr-FR\"},{\"@type\":\"Organization\",\"@id\":\"https:\\\/\\\/originltd.com\\\/#organization\",\"name\":\"Origin Pharma Packaging\",\"url\":\"https:\\\/\\\/originltd.com\\\/\",\"logo\":{\"@type\":\"ImageObject\",\"inLanguage\":\"fr-FR\",\"@id\":\"https:\\\/\\\/originltd.com\\\/#\\\/schema\\\/logo\\\/image\\\/\",\"url\":\"https:\\\/\\\/originltd.com\\\/wp-content\\\/uploads\\\/2024\\\/06\\\/cropped-Origin-logo-For-Health-For-Life-RGB@10x.png\",\"contentUrl\":\"https:\\\/\\\/originltd.com\\\/wp-content\\\/uploads\\\/2024\\\/06\\\/cropped-Origin-logo-For-Health-For-Life-RGB@10x.png\",\"width\":227,\"height\":65,\"caption\":\"Origin Pharma Packaging\"},\"image\":{\"@id\":\"https:\\\/\\\/originltd.com\\\/#\\\/schema\\\/logo\\\/image\\\/\"},\"sameAs\":[\"https:\\\/\\\/www.facebook.com\\\/originpharmapackaging\",\"https:\\\/\\\/x.com\\\/originpharma\",\"https:\\\/\\\/www.linkedin.com\\\/company\\\/origin-packaging-ltd\\\/\",\"https:\\\/\\\/www.youtube.com\\\/channel\\\/UCOOJl3eFOiO7lJT6f5qHygA\"]}]}<\/script>\n<!-- \/ Yoast SEO plugin. -->","yoast_head_json":{"title":"Dispositif de capture de salive | Origin Pharma Packaging","description":"Origin Pharma Packaging a con\u00e7u et fabriqu\u00e9 un dispositif de capture de la salive. Pour commander un \u00e9chantillon gratuit, rendez-vous d\u00e8s aujourd'hui sur la page produit.","robots":{"index":"index","follow":"follow","max-snippet":"max-snippet:-1","max-image-preview":"max-image-preview:large","max-video-preview":"max-video-preview:-1"},"canonical":"https:\/\/originltd.com\/fr\/produit\/saliva-capture-device-funnel\/","og_locale":"fr_FR","og_type":"article","og_title":"Saliva capture device | Origin Pharma Packaging","og_description":"Origin Pharma Packaging has designed and manufactured a dedicated saliva capture device. To order a free sample, head to the product page today.","og_url":"https:\/\/originltd.com\/fr\/produit\/saliva-capture-device-funnel\/","og_site_name":"Origin Pharma Packaging","article_publisher":"https:\/\/www.facebook.com\/originpharmapackaging","article_modified_time":"2024-05-02T15:12:04+00:00","og_image":[{"width":1707,"height":2560,"url":"https:\/\/originltd.com\/wp-content\/uploads\/2021\/05\/origin-tube-funnel-006.jpg","type":"image\/jpeg"}],"twitter_card":"summary_large_image","twitter_site":"@originpharma","twitter_misc":{"Dur\u00e9e de lecture estim\u00e9e":"1 minute"},"schema":{"@context":"https:\/\/schema.org","@graph":[{"@type":"WebPage","@id":"https:\/\/originltd.com\/product\/saliva-capture-device-funnel\/","url":"https:\/\/originltd.com\/product\/saliva-capture-device-funnel\/","name":"Dispositif de capture de salive | Origin Pharma Packaging","isPartOf":{"@id":"https:\/\/originltd.com\/#website"},"primaryImageOfPage":{"@id":"https:\/\/originltd.com\/product\/saliva-capture-device-funnel\/#primaryimage"},"image":{"@id":"https:\/\/originltd.com\/product\/saliva-capture-device-funnel\/#primaryimage"},"thumbnailUrl":"https:\/\/originltd.com\/wp-content\/uploads\/2021\/05\/origin-tube-funnel-006.jpg","datePublished":"2021-05-17T13:02:58+00:00","dateModified":"2024-05-02T15:12:04+00:00","description":"Origin Pharma Packaging a con\u00e7u et fabriqu\u00e9 un dispositif de capture de la salive. Pour commander un \u00e9chantillon gratuit, rendez-vous d\u00e8s aujourd'hui sur la page produit.","breadcrumb":{"@id":"https:\/\/originltd.com\/product\/saliva-capture-device-funnel\/#breadcrumb"},"inLanguage":"fr-FR","potentialAction":[{"@type":"ReadAction","target":["https:\/\/originltd.com\/product\/saliva-capture-device-funnel\/"]}]},{"@type":"ImageObject","inLanguage":"fr-FR","@id":"https:\/\/originltd.com\/product\/saliva-capture-device-funnel\/#primaryimage","url":"https:\/\/originltd.com\/wp-content\/uploads\/2021\/05\/origin-tube-funnel-006.jpg","contentUrl":"https:\/\/originltd.com\/wp-content\/uploads\/2021\/05\/origin-tube-funnel-006.jpg","width":1707,"height":2560,"caption":"Saliva capture device"},{"@type":"BreadcrumbList","@id":"https:\/\/originltd.com\/product\/saliva-capture-device-funnel\/#breadcrumb","itemListElement":[{"@type":"ListItem","position":1,"name":"Home","item":"https:\/\/originltd.com\/"},{"@type":"ListItem","position":2,"name":"Pharmaceutical Packaging Products","item":"https:\/\/originltd.com\/pharmaceutical-packaging\/"},{"@type":"ListItem","position":3,"name":"Liquid Medicine Measuring Devices","item":"https:\/\/originltd.com\/packaging\/dispensing-aid\/"},{"@type":"ListItem","position":4,"name":"Saliva Capture Device &#8211; Funnel"}]},{"@type":"WebSite","@id":"https:\/\/originltd.com\/#website","url":"https:\/\/originltd.com\/","name":"Origin Pharma Packaging","description":"","publisher":{"@id":"https:\/\/originltd.com\/#organization"},"alternateName":"Origin Ltd.","potentialAction":[{"@type":"SearchAction","target":{"@type":"EntryPoint","urlTemplate":"https:\/\/originltd.com\/?s={search_term_string}"},"query-input":{"@type":"PropertyValueSpecification","valueRequired":true,"valueName":"search_term_string"}}],"inLanguage":"fr-FR"},{"@type":"Organization","@id":"https:\/\/originltd.com\/#organization","name":"Origin Pharma Packaging","url":"https:\/\/originltd.com\/","logo":{"@type":"ImageObject","inLanguage":"fr-FR","@id":"https:\/\/originltd.com\/#\/schema\/logo\/image\/","url":"https:\/\/originltd.com\/wp-content\/uploads\/2024\/06\/cropped-Origin-logo-For-Health-For-Life-RGB@10x.png","contentUrl":"https:\/\/originltd.com\/wp-content\/uploads\/2024\/06\/cropped-Origin-logo-For-Health-For-Life-RGB@10x.png","width":227,"height":65,"caption":"Origin Pharma Packaging"},"image":{"@id":"https:\/\/originltd.com\/#\/schema\/logo\/image\/"},"sameAs":["https:\/\/www.facebook.com\/originpharmapackaging","https:\/\/x.com\/originpharma","https:\/\/www.linkedin.com\/company\/origin-packaging-ltd\/","https:\/\/www.youtube.com\/channel\/UCOOJl3eFOiO7lJT6f5qHygA"]}]}},"_links":{"self":[{"href":"https:\/\/originltd.com\/fr\/wp-json\/wp\/v2\/product\/6858","targetHints":{"allow":["GET"]}}],"collection":[{"href":"https:\/\/originltd.com\/fr\/wp-json\/wp\/v2\/product"}],"about":[{"href":"https:\/\/originltd.com\/fr\/wp-json\/wp\/v2\/types\/product"}],"replies":[{"embeddable":true,"href":"https:\/\/originltd.com\/fr\/wp-json\/wp\/v2\/comments?post=6858"}],"wp:featuredmedia":[{"embeddable":true,"href":"https:\/\/originltd.com\/fr\/wp-json\/wp\/v2\/media\/7324"}],"wp:attachment":[{"href":"https:\/\/originltd.com\/fr\/wp-json\/wp\/v2\/media?parent=6858"}],"wp:term":[{"taxonomy":"product_brand","embeddable":true,"href":"https:\/\/originltd.com\/fr\/wp-json\/wp\/v2\/product_brand?post=6858"},{"taxonomy":"product_cat","embeddable":true,"href":"https:\/\/originltd.com\/fr\/wp-json\/wp\/v2\/product_cat?post=6858"},{"taxonomy":"product_tag","embeddable":true,"href":"https:\/\/originltd.com\/fr\/wp-json\/wp\/v2\/product_tag?post=6858"}],"curies":[{"name":"wp","href":"https:\/\/api.w.org\/{rel}","templated":true}]}}