{"id":6712,"date":"2021-03-12T11:51:24","date_gmt":"2021-03-12T11:51:24","guid":{"rendered":"https:\/\/originltd.in-beta.dev\/?post_type=product&#038;p=6712"},"modified":"2024-01-29T11:03:06","modified_gmt":"2024-01-29T11:03:06","slug":"recycled-paper-prescription-bags","status":"publish","type":"product","link":"https:\/\/originltd.com\/fr\/product\/recycled-paper-prescription-bags\/","title":{"rendered":"Sac de prescription en papier recycl\u00e9"},"content":{"rendered":"","protected":false},"excerpt":{"rendered":"<p>Nos concepteurs d'emballages ont r\u00e9alis\u00e9 ce  sachet en papier marron enti\u00e8rement fabriqu\u00e9 \u00e0 partir de mati\u00e8res recycl\u00e9es, sans avoir recours \u00e0 du papier kraft blanc vierge. Il est r\u00e9sistant,  \u00e0 usage professionnel, enti\u00e8rement recyclable et biod\u00e9gradable. Par ailleurs, nous avons \u00e9t\u00e9 soucieux du co\u00fbt qu'il pourrait repr\u00e9senter pour les pharmaciens. Il est, par cons\u00e9quent, tr\u00e8s facile pour vous de participer \u00e0 l'effort plan\u00e9taire en faveur de la pr\u00e9servation de l'environnement, afin de l\u00e9guer un monde meilleur \u00e0 nos enfants.<\/p>\n<p>En adoptant nos sachets \u00e0 pharmacie respectueux de l'environnement, vous renforcerez  de mani\u00e8re consid\u00e9rable votre strat\u00e9gie en mati\u00e8re d'\u00e9cologie, et ce du jour au lendemain. Fabriqu\u00e9s \u00e0 partir de mat\u00e9riaux 100% recycl\u00e9s et 100% recyclables apr\u00e8s usage, nous esp\u00e9rons que vous vous joindrez \u00e0 nous pour passer au tout-vert en passant \u00e0 notre marron.<\/p>\n<p>Ces sachets \u00e0 m\u00e9dicaments d\u00e9livr\u00e9s sur prescription m\u00e9dicale en papier sont conditionn\u00e9s  en petites quantit\u00e9s pour faciliter votre quotidien lors de leur distribution. Pr\u00e9sentent des messages d'avertissement destin\u00e9s aux patients au verso.<\/p>","protected":false},"featured_media":7245,"comment_status":"closed","ping_status":"closed","template":"","meta":{"_acf_changed":false},"product_brand":[],"product_cat":[2169,99],"product_tag":[2165,2166,2164],"class_list":{"0":"post-6712","1":"product","2":"type-product","3":"status-publish","4":"has-post-thumbnail","6":"product_cat-pharmacy-packaging","7":"product_cat-cartons-bags","8":"product_tag-paper","9":"product_tag-prescription","10":"product_tag-recycled","12":"first","13":"instock","14":"sold-individually","15":"shipping-taxable","16":"product-type-simple"},"acf":[],"yoast_head":"<!-- This site is optimized with the Yoast SEO plugin v27.5 - https:\/\/yoast.com\/product\/yoast-seo-wordpress\/ -->\n<title>Recycled Paper Prescription Bag | Origin Pharma Packaging<\/title>\n<meta name=\"description\" content=\"Origin supply wholesale prescription bags made from 100% recycled content supporting sustainability for the environment.\" \/>\n<meta name=\"robots\" content=\"index, follow, max-snippet:-1, max-image-preview:large, max-video-preview:-1\" \/>\n<link rel=\"canonical\" href=\"https:\/\/originltd.com\/fr\/produit\/recycled-paper-prescription-bags\/\" \/>\n<meta property=\"og:locale\" content=\"fr_FR\" \/>\n<meta property=\"og:type\" content=\"article\" \/>\n<meta property=\"og:title\" content=\"Recycled Paper Prescription Bag | Origin Pharma Packaging\" \/>\n<meta property=\"og:description\" content=\"Origin supply wholesale prescription bags made from 100% recycled content supporting sustainability for the environment.\" \/>\n<meta property=\"og:url\" content=\"https:\/\/originltd.com\/fr\/produit\/recycled-paper-prescription-bags\/\" \/>\n<meta property=\"og:site_name\" content=\"Origin Pharma Packaging\" \/>\n<meta property=\"article:publisher\" content=\"https:\/\/www.facebook.com\/originpharmapackaging\" \/>\n<meta property=\"article:modified_time\" content=\"2024-01-29T11:03:06+00:00\" \/>\n<meta property=\"og:image\" content=\"https:\/\/originltd.com\/wp-content\/uploads\/2021\/03\/prescription-bags.jpg\" \/>\n\t<meta property=\"og:image:width\" content=\"1707\" \/>\n\t<meta property=\"og:image:height\" content=\"2560\" \/>\n\t<meta property=\"og:image:type\" content=\"image\/jpeg\" \/>\n<meta name=\"twitter:card\" content=\"summary_large_image\" \/>\n<meta name=\"twitter:site\" content=\"@originpharma\" \/>\n<meta name=\"twitter:label1\" content=\"Dur\u00e9e de lecture estim\u00e9e\" \/>\n\t<meta name=\"twitter:data1\" content=\"1 minute\" \/>\n<script type=\"application\/ld+json\" class=\"yoast-schema-graph\">{\"@context\":\"https:\\\/\\\/schema.org\",\"@graph\":[{\"@type\":\"WebPage\",\"@id\":\"https:\\\/\\\/originltd.com\\\/product\\\/recycled-paper-prescription-bags\\\/\",\"url\":\"https:\\\/\\\/originltd.com\\\/product\\\/recycled-paper-prescription-bags\\\/\",\"name\":\"Recycled Paper Prescription Bag | Origin Pharma Packaging\",\"isPartOf\":{\"@id\":\"https:\\\/\\\/originltd.com\\\/#website\"},\"primaryImageOfPage\":{\"@id\":\"https:\\\/\\\/originltd.com\\\/product\\\/recycled-paper-prescription-bags\\\/#primaryimage\"},\"image\":{\"@id\":\"https:\\\/\\\/originltd.com\\\/product\\\/recycled-paper-prescription-bags\\\/#primaryimage\"},\"thumbnailUrl\":\"https:\\\/\\\/originltd.com\\\/wp-content\\\/uploads\\\/2021\\\/03\\\/prescription-bags.jpg\",\"datePublished\":\"2021-03-12T11:51:24+00:00\",\"dateModified\":\"2024-01-29T11:03:06+00:00\",\"description\":\"Origin supply wholesale prescription bags made from 100% recycled content supporting sustainability for the environment.\",\"breadcrumb\":{\"@id\":\"https:\\\/\\\/originltd.com\\\/product\\\/recycled-paper-prescription-bags\\\/#breadcrumb\"},\"inLanguage\":\"fr-FR\",\"potentialAction\":[{\"@type\":\"ReadAction\",\"target\":[\"https:\\\/\\\/originltd.com\\\/product\\\/recycled-paper-prescription-bags\\\/\"]}]},{\"@type\":\"ImageObject\",\"inLanguage\":\"fr-FR\",\"@id\":\"https:\\\/\\\/originltd.com\\\/product\\\/recycled-paper-prescription-bags\\\/#primaryimage\",\"url\":\"https:\\\/\\\/originltd.com\\\/wp-content\\\/uploads\\\/2021\\\/03\\\/prescription-bags.jpg\",\"contentUrl\":\"https:\\\/\\\/originltd.com\\\/wp-content\\\/uploads\\\/2021\\\/03\\\/prescription-bags.jpg\",\"width\":1707,\"height\":2560,\"caption\":\"Recycled Paper Prescription Bag\"},{\"@type\":\"BreadcrumbList\",\"@id\":\"https:\\\/\\\/originltd.com\\\/product\\\/recycled-paper-prescription-bags\\\/#breadcrumb\",\"itemListElement\":[{\"@type\":\"ListItem\",\"position\":1,\"name\":\"Home\",\"item\":\"https:\\\/\\\/originltd.com\\\/\"},{\"@type\":\"ListItem\",\"position\":2,\"name\":\"Pharmaceutical Packaging Products\",\"item\":\"https:\\\/\\\/originltd.com\\\/pharmaceutical-packaging\\\/\"},{\"@type\":\"ListItem\",\"position\":3,\"name\":\"Pharmacy Packaging\",\"item\":\"https:\\\/\\\/originltd.com\\\/packaging\\\/pharmacy-packaging\\\/\"},{\"@type\":\"ListItem\",\"position\":4,\"name\":\"Recycled Paper Prescription Bag\"}]},{\"@type\":\"WebSite\",\"@id\":\"https:\\\/\\\/originltd.com\\\/#website\",\"url\":\"https:\\\/\\\/originltd.com\\\/\",\"name\":\"Origin Pharma Packaging\",\"description\":\"\",\"publisher\":{\"@id\":\"https:\\\/\\\/originltd.com\\\/#organization\"},\"alternateName\":\"Origin Ltd.\",\"potentialAction\":[{\"@type\":\"SearchAction\",\"target\":{\"@type\":\"EntryPoint\",\"urlTemplate\":\"https:\\\/\\\/originltd.com\\\/?s={search_term_string}\"},\"query-input\":{\"@type\":\"PropertyValueSpecification\",\"valueRequired\":true,\"valueName\":\"search_term_string\"}}],\"inLanguage\":\"fr-FR\"},{\"@type\":\"Organization\",\"@id\":\"https:\\\/\\\/originltd.com\\\/#organization\",\"name\":\"Origin Pharma Packaging\",\"url\":\"https:\\\/\\\/originltd.com\\\/\",\"logo\":{\"@type\":\"ImageObject\",\"inLanguage\":\"fr-FR\",\"@id\":\"https:\\\/\\\/originltd.com\\\/#\\\/schema\\\/logo\\\/image\\\/\",\"url\":\"https:\\\/\\\/originltd.com\\\/wp-content\\\/uploads\\\/2024\\\/06\\\/cropped-Origin-logo-For-Health-For-Life-RGB@10x.png\",\"contentUrl\":\"https:\\\/\\\/originltd.com\\\/wp-content\\\/uploads\\\/2024\\\/06\\\/cropped-Origin-logo-For-Health-For-Life-RGB@10x.png\",\"width\":227,\"height\":65,\"caption\":\"Origin Pharma Packaging\"},\"image\":{\"@id\":\"https:\\\/\\\/originltd.com\\\/#\\\/schema\\\/logo\\\/image\\\/\"},\"sameAs\":[\"https:\\\/\\\/www.facebook.com\\\/originpharmapackaging\",\"https:\\\/\\\/x.com\\\/originpharma\",\"https:\\\/\\\/www.linkedin.com\\\/company\\\/origin-packaging-ltd\\\/\",\"https:\\\/\\\/www.youtube.com\\\/channel\\\/UCOOJl3eFOiO7lJT6f5qHygA\"]}]}<\/script>\n<!-- \/ Yoast SEO plugin. -->","yoast_head_json":{"title":"Sac de prescription en papier recycl\u00e9 | Origin Pharma Packaging","description":"Origin fournit des sacs de prescription en gros fabriqu\u00e9s \u00e0 partir d'un contenu recycl\u00e9 100%, ce qui contribue \u00e0 la durabilit\u00e9 de l'environnement.","robots":{"index":"index","follow":"follow","max-snippet":"max-snippet:-1","max-image-preview":"max-image-preview:large","max-video-preview":"max-video-preview:-1"},"canonical":"https:\/\/originltd.com\/fr\/produit\/recycled-paper-prescription-bags\/","og_locale":"fr_FR","og_type":"article","og_title":"Recycled Paper Prescription Bag | Origin Pharma Packaging","og_description":"Origin supply wholesale prescription bags made from 100% recycled content supporting sustainability for the environment.","og_url":"https:\/\/originltd.com\/fr\/produit\/recycled-paper-prescription-bags\/","og_site_name":"Origin Pharma Packaging","article_publisher":"https:\/\/www.facebook.com\/originpharmapackaging","article_modified_time":"2024-01-29T11:03:06+00:00","og_image":[{"width":1707,"height":2560,"url":"https:\/\/originltd.com\/wp-content\/uploads\/2021\/03\/prescription-bags.jpg","type":"image\/jpeg"}],"twitter_card":"summary_large_image","twitter_site":"@originpharma","twitter_misc":{"Dur\u00e9e de lecture estim\u00e9e":"1 minute"},"schema":{"@context":"https:\/\/schema.org","@graph":[{"@type":"WebPage","@id":"https:\/\/originltd.com\/product\/recycled-paper-prescription-bags\/","url":"https:\/\/originltd.com\/product\/recycled-paper-prescription-bags\/","name":"Sac de prescription en papier recycl\u00e9 | Origin Pharma Packaging","isPartOf":{"@id":"https:\/\/originltd.com\/#website"},"primaryImageOfPage":{"@id":"https:\/\/originltd.com\/product\/recycled-paper-prescription-bags\/#primaryimage"},"image":{"@id":"https:\/\/originltd.com\/product\/recycled-paper-prescription-bags\/#primaryimage"},"thumbnailUrl":"https:\/\/originltd.com\/wp-content\/uploads\/2021\/03\/prescription-bags.jpg","datePublished":"2021-03-12T11:51:24+00:00","dateModified":"2024-01-29T11:03:06+00:00","description":"Origin fournit des sacs de prescription en gros fabriqu\u00e9s \u00e0 partir d'un contenu recycl\u00e9 100%, ce qui contribue \u00e0 la durabilit\u00e9 de l'environnement.","breadcrumb":{"@id":"https:\/\/originltd.com\/product\/recycled-paper-prescription-bags\/#breadcrumb"},"inLanguage":"fr-FR","potentialAction":[{"@type":"ReadAction","target":["https:\/\/originltd.com\/product\/recycled-paper-prescription-bags\/"]}]},{"@type":"ImageObject","inLanguage":"fr-FR","@id":"https:\/\/originltd.com\/product\/recycled-paper-prescription-bags\/#primaryimage","url":"https:\/\/originltd.com\/wp-content\/uploads\/2021\/03\/prescription-bags.jpg","contentUrl":"https:\/\/originltd.com\/wp-content\/uploads\/2021\/03\/prescription-bags.jpg","width":1707,"height":2560,"caption":"Recycled Paper Prescription Bag"},{"@type":"BreadcrumbList","@id":"https:\/\/originltd.com\/product\/recycled-paper-prescription-bags\/#breadcrumb","itemListElement":[{"@type":"ListItem","position":1,"name":"Home","item":"https:\/\/originltd.com\/"},{"@type":"ListItem","position":2,"name":"Pharmaceutical Packaging Products","item":"https:\/\/originltd.com\/pharmaceutical-packaging\/"},{"@type":"ListItem","position":3,"name":"Pharmacy Packaging","item":"https:\/\/originltd.com\/packaging\/pharmacy-packaging\/"},{"@type":"ListItem","position":4,"name":"Recycled Paper Prescription Bag"}]},{"@type":"WebSite","@id":"https:\/\/originltd.com\/#website","url":"https:\/\/originltd.com\/","name":"Origin Pharma Packaging","description":"","publisher":{"@id":"https:\/\/originltd.com\/#organization"},"alternateName":"Origin Ltd.","potentialAction":[{"@type":"SearchAction","target":{"@type":"EntryPoint","urlTemplate":"https:\/\/originltd.com\/?s={search_term_string}"},"query-input":{"@type":"PropertyValueSpecification","valueRequired":true,"valueName":"search_term_string"}}],"inLanguage":"fr-FR"},{"@type":"Organization","@id":"https:\/\/originltd.com\/#organization","name":"Origin Pharma Packaging","url":"https:\/\/originltd.com\/","logo":{"@type":"ImageObject","inLanguage":"fr-FR","@id":"https:\/\/originltd.com\/#\/schema\/logo\/image\/","url":"https:\/\/originltd.com\/wp-content\/uploads\/2024\/06\/cropped-Origin-logo-For-Health-For-Life-RGB@10x.png","contentUrl":"https:\/\/originltd.com\/wp-content\/uploads\/2024\/06\/cropped-Origin-logo-For-Health-For-Life-RGB@10x.png","width":227,"height":65,"caption":"Origin Pharma Packaging"},"image":{"@id":"https:\/\/originltd.com\/#\/schema\/logo\/image\/"},"sameAs":["https:\/\/www.facebook.com\/originpharmapackaging","https:\/\/x.com\/originpharma","https:\/\/www.linkedin.com\/company\/origin-packaging-ltd\/","https:\/\/www.youtube.com\/channel\/UCOOJl3eFOiO7lJT6f5qHygA"]}]}},"_links":{"self":[{"href":"https:\/\/originltd.com\/fr\/wp-json\/wp\/v2\/product\/6712","targetHints":{"allow":["GET"]}}],"collection":[{"href":"https:\/\/originltd.com\/fr\/wp-json\/wp\/v2\/product"}],"about":[{"href":"https:\/\/originltd.com\/fr\/wp-json\/wp\/v2\/types\/product"}],"replies":[{"embeddable":true,"href":"https:\/\/originltd.com\/fr\/wp-json\/wp\/v2\/comments?post=6712"}],"wp:featuredmedia":[{"embeddable":true,"href":"https:\/\/originltd.com\/fr\/wp-json\/wp\/v2\/media\/7245"}],"wp:attachment":[{"href":"https:\/\/originltd.com\/fr\/wp-json\/wp\/v2\/media?parent=6712"}],"wp:term":[{"taxonomy":"product_brand","embeddable":true,"href":"https:\/\/originltd.com\/fr\/wp-json\/wp\/v2\/product_brand?post=6712"},{"taxonomy":"product_cat","embeddable":true,"href":"https:\/\/originltd.com\/fr\/wp-json\/wp\/v2\/product_cat?post=6712"},{"taxonomy":"product_tag","embeddable":true,"href":"https:\/\/originltd.com\/fr\/wp-json\/wp\/v2\/product_tag?post=6712"}],"curies":[{"name":"wp","href":"https:\/\/api.w.org\/{rel}","templated":true}]}}