
{"id":6516,"date":"2021-01-04T13:48:59","date_gmt":"2021-01-04T13:48:59","guid":{"rendered":"https:\/\/originltd.in-beta.dev\/?post_type=product&#038;p=6516"},"modified":"2025-04-11T11:07:54","modified_gmt":"2025-04-11T10:07:54","slug":"sample-specimen-transport-tubes","status":"publish","type":"product","link":"https:\/\/originltd.com\/fr\/product\/sample-specimen-transport-tubes\/","title":{"rendered":"Tube de transport de l'\u00e9chantillon"},"content":{"rendered":"","protected":false},"excerpt":{"rendered":"<p><span style=\"font-weight: 400;\">Origine sur mesure <\/span><span style=\"font-weight: 400;\">\u00e9chantillon tube de transport d'\u00e9chantillon<\/span><span style=\"font-weight: 400;\"> a \u00e9t\u00e9 con\u00e7u pour capturer les <\/span><span style=\"font-weight: 400;\">patients<\/span><span style=\"font-weight: 400;\"> des \u00e9chantillons de mani\u00e8re pr\u00e9cise et s\u00fbre.  Il s'agit <\/span><a href=\"https:\/\/originltd.com\/fr\/packaging\/plastic\/\"><span style=\"font-weight: 400;\">emballage en plastique<\/span><\/a> <span style=\"font-weight: 400;\">produits<\/span><span style=\"font-weight: 400;\"> sont en polypropyl\u00e8ne et le bouchon \u00e0 vis est en PEHD. Les <\/span><span style=\"font-weight: 400;\">Con\u00e7u \u00e0 l'origine<\/span><span style=\"font-weight: 400;\"> a \u00e9t\u00e9 con\u00e7u pour \u00eatre \u00e9tanche afin de garantir la s\u00e9curit\u00e9 du contenu.<\/span><\/p>\n<p><span style=\"font-weight: 400;\">Notre produit standard est <\/span><span style=\"font-weight: 400;\">a<\/span><span style=\"font-weight: 400;\"> Tube de 7 ml avec une graduation de 4 ml. En fonction de votre projet, nous pouvons fournir le tube et le bouchon sous forme st\u00e9rile.<\/span><span style=\"font-weight: 400;\">.<\/span><\/p>\n<h3><span style=\"font-weight: 400;\">Caract\u00e9ristiques principales :<\/span><\/h3>\n<ul>\n<li style=\"font-weight: 400;\" aria-level=\"1\"><span style=\"font-weight: 400;\">Tube en polypropyl\u00e8ne \/ bouchon en HD-PE ;<\/span><\/li>\n<li style=\"font-weight: 400;\" aria-level=\"1\"><span style=\"font-weight: 400;\">marquage CE-IVD ;<\/span><\/li>\n<li style=\"font-weight: 400;\" aria-level=\"1\"><span style=\"font-weight: 400;\">disponible sous forme st\u00e9rile ;<\/span><\/li>\n<li style=\"font-weight: 400;\" aria-level=\"1\"><span style=\"font-weight: 400;\">conception anti-fuites ;<\/span><\/li>\n<li style=\"font-weight: 400;\" aria-level=\"1\"><span style=\"font-weight: 400;\">fonction de recueil des \u00e9couvillons en option ;<\/span><\/li>\n<li style=\"font-weight: 400;\" aria-level=\"1\"><span style=\"font-weight: 400;\">tube gradu\u00e9 en option ;<\/span><\/li>\n<li style=\"font-weight: 400;\" aria-level=\"1\"><span style=\"font-weight: 400;\">r\u00e9pondent aux exigences de la norme BS EN 14254<\/span><\/li>\n<\/ul>\n<h3><span style=\"font-weight: 400;\">Dimensions standard en stock :<\/span><\/h3>\n<ul>\n<li style=\"font-weight: 400;\" aria-level=\"1\"><span style=\"font-weight: 400;\">12,65 mm de diam\u00e8tre sur 81,10 mm de longueur ;<\/span><\/li>\n<li style=\"font-weight: 400;\" aria-level=\"1\"><span style=\"font-weight: 400;\">poids du tube de 2,80 g<\/span><\/li>\n<li style=\"font-weight: 400;\" aria-level=\"1\"><span style=\"font-weight: 400;\">poids du bouchon de 1,10 g<\/span><\/li>\n<\/ul>\n<h3><span style=\"font-weight: 400;\">Utilisations appropri\u00e9es :<\/span><\/h3>\n<ul>\n<li style=\"font-weight: 400;\" aria-level=\"1\"><span style=\"font-weight: 400;\">Stocker les \u00e9chantillons des patients de mani\u00e8re s\u00fbre et pr\u00e9cise<\/span><\/li>\n<\/ul>","protected":false},"featured_media":6521,"comment_status":"closed","ping_status":"closed","template":"","meta":{"_acf_changed":false},"product_brand":[],"product_cat":[96,2163],"product_tag":[],"class_list":{"0":"post-6516","1":"product","2":"type-product","3":"status-publish","4":"has-post-thumbnail","6":"product_cat-plastic","7":"product_cat-transport-tube","9":"first","10":"instock","11":"sold-individually","12":"shipping-taxable","13":"product-type-simple"},"acf":[],"yoast_head":"<!-- This site is optimized with the Yoast SEO plugin v27.3 - https:\/\/yoast.com\/product\/yoast-seo-wordpress\/ -->\n<title>Sample Specimen Transport Tubes | Origin Pharma Packaging<\/title>\n<meta name=\"description\" content=\"Order sample specimen transport tube at Origin, designed for accurate and safe storage of patients\u2019 samples, available in bespoke designs and sizes upon request.\" \/>\n<meta name=\"robots\" content=\"index, follow, max-snippet:-1, max-image-preview:large, max-video-preview:-1\" \/>\n<link rel=\"canonical\" href=\"https:\/\/originltd.com\/fr\/produit\/sample-specimen-transport-tubes\/\" \/>\n<meta property=\"og:locale\" content=\"fr_FR\" \/>\n<meta property=\"og:type\" content=\"article\" \/>\n<meta property=\"og:title\" content=\"Sample Specimen Transport Tubes | Origin Pharma Packaging\" \/>\n<meta property=\"og:description\" content=\"Order sample specimen transport tube at Origin, designed for accurate and safe storage of patients\u2019 samples, available in bespoke designs and sizes upon request.\" \/>\n<meta property=\"og:url\" content=\"https:\/\/originltd.com\/fr\/produit\/sample-specimen-transport-tubes\/\" \/>\n<meta property=\"og:site_name\" content=\"Origin Pharma Packaging\" \/>\n<meta property=\"article:publisher\" content=\"https:\/\/www.facebook.com\/originpharmapackaging\" \/>\n<meta property=\"article:modified_time\" content=\"2025-04-11T10:07:54+00:00\" \/>\n<meta property=\"og:image\" content=\"https:\/\/originltd.com\/wp-content\/uploads\/2020\/12\/grey-cap-tube-small-empty-scaled.jpg\" \/>\n\t<meta property=\"og:image:width\" content=\"1707\" \/>\n\t<meta property=\"og:image:height\" content=\"2560\" \/>\n\t<meta property=\"og:image:type\" content=\"image\/jpeg\" \/>\n<meta name=\"twitter:card\" content=\"summary_large_image\" \/>\n<meta name=\"twitter:site\" content=\"@originpharma\" \/>\n<meta name=\"twitter:label1\" content=\"Dur\u00e9e de lecture estim\u00e9e\" \/>\n\t<meta name=\"twitter:data1\" content=\"1 minute\" \/>\n<script type=\"application\/ld+json\" class=\"yoast-schema-graph\">{\"@context\":\"https:\\\/\\\/schema.org\",\"@graph\":[{\"@type\":\"WebPage\",\"@id\":\"https:\\\/\\\/originltd.com\\\/product\\\/sample-specimen-transport-tubes\\\/\",\"url\":\"https:\\\/\\\/originltd.com\\\/product\\\/sample-specimen-transport-tubes\\\/\",\"name\":\"Sample Specimen Transport Tubes | Origin Pharma Packaging\",\"isPartOf\":{\"@id\":\"https:\\\/\\\/originltd.com\\\/#website\"},\"primaryImageOfPage\":{\"@id\":\"https:\\\/\\\/originltd.com\\\/product\\\/sample-specimen-transport-tubes\\\/#primaryimage\"},\"image\":{\"@id\":\"https:\\\/\\\/originltd.com\\\/product\\\/sample-specimen-transport-tubes\\\/#primaryimage\"},\"thumbnailUrl\":\"https:\\\/\\\/originltd.com\\\/wp-content\\\/uploads\\\/2020\\\/12\\\/grey-cap-tube-small-empty-scaled.jpg\",\"datePublished\":\"2021-01-04T13:48:59+00:00\",\"dateModified\":\"2025-04-11T10:07:54+00:00\",\"description\":\"Order sample specimen transport tube at Origin, designed for accurate and safe storage of patients\u2019 samples, available in bespoke designs and sizes upon request.\",\"breadcrumb\":{\"@id\":\"https:\\\/\\\/originltd.com\\\/product\\\/sample-specimen-transport-tubes\\\/#breadcrumb\"},\"inLanguage\":\"fr-FR\",\"potentialAction\":[{\"@type\":\"ReadAction\",\"target\":[\"https:\\\/\\\/originltd.com\\\/product\\\/sample-specimen-transport-tubes\\\/\"]}]},{\"@type\":\"ImageObject\",\"inLanguage\":\"fr-FR\",\"@id\":\"https:\\\/\\\/originltd.com\\\/product\\\/sample-specimen-transport-tubes\\\/#primaryimage\",\"url\":\"https:\\\/\\\/originltd.com\\\/wp-content\\\/uploads\\\/2020\\\/12\\\/grey-cap-tube-small-empty-scaled.jpg\",\"contentUrl\":\"https:\\\/\\\/originltd.com\\\/wp-content\\\/uploads\\\/2020\\\/12\\\/grey-cap-tube-small-empty-scaled.jpg\",\"width\":1707,\"height\":2560,\"caption\":\"Sample specimen transport tubes\"},{\"@type\":\"BreadcrumbList\",\"@id\":\"https:\\\/\\\/originltd.com\\\/product\\\/sample-specimen-transport-tubes\\\/#breadcrumb\",\"itemListElement\":[{\"@type\":\"ListItem\",\"position\":1,\"name\":\"Home\",\"item\":\"https:\\\/\\\/originltd.com\\\/\"},{\"@type\":\"ListItem\",\"position\":2,\"name\":\"Pharmaceutical Packaging Products\",\"item\":\"https:\\\/\\\/originltd.com\\\/pharmaceutical-packaging\\\/\"},{\"@type\":\"ListItem\",\"position\":3,\"name\":\"Transport Tubes\",\"item\":\"https:\\\/\\\/originltd.com\\\/packaging\\\/transport-tube\\\/\"},{\"@type\":\"ListItem\",\"position\":4,\"name\":\"Sample Specimen Transport Tube\"}]},{\"@type\":\"WebSite\",\"@id\":\"https:\\\/\\\/originltd.com\\\/#website\",\"url\":\"https:\\\/\\\/originltd.com\\\/\",\"name\":\"Origin Pharma Packaging\",\"description\":\"\",\"publisher\":{\"@id\":\"https:\\\/\\\/originltd.com\\\/#organization\"},\"alternateName\":\"Origin Ltd.\",\"potentialAction\":[{\"@type\":\"SearchAction\",\"target\":{\"@type\":\"EntryPoint\",\"urlTemplate\":\"https:\\\/\\\/originltd.com\\\/?s={search_term_string}\"},\"query-input\":{\"@type\":\"PropertyValueSpecification\",\"valueRequired\":true,\"valueName\":\"search_term_string\"}}],\"inLanguage\":\"fr-FR\"},{\"@type\":\"Organization\",\"@id\":\"https:\\\/\\\/originltd.com\\\/#organization\",\"name\":\"Origin Pharma Packaging\",\"url\":\"https:\\\/\\\/originltd.com\\\/\",\"logo\":{\"@type\":\"ImageObject\",\"inLanguage\":\"fr-FR\",\"@id\":\"https:\\\/\\\/originltd.com\\\/#\\\/schema\\\/logo\\\/image\\\/\",\"url\":\"https:\\\/\\\/originltd.com\\\/wp-content\\\/uploads\\\/2024\\\/06\\\/cropped-Origin-logo-For-Health-For-Life-RGB@10x.png\",\"contentUrl\":\"https:\\\/\\\/originltd.com\\\/wp-content\\\/uploads\\\/2024\\\/06\\\/cropped-Origin-logo-For-Health-For-Life-RGB@10x.png\",\"width\":227,\"height\":65,\"caption\":\"Origin Pharma Packaging\"},\"image\":{\"@id\":\"https:\\\/\\\/originltd.com\\\/#\\\/schema\\\/logo\\\/image\\\/\"},\"sameAs\":[\"https:\\\/\\\/www.facebook.com\\\/originpharmapackaging\",\"https:\\\/\\\/x.com\\\/originpharma\",\"https:\\\/\\\/www.linkedin.com\\\/company\\\/origin-packaging-ltd\\\/\",\"https:\\\/\\\/www.youtube.com\\\/channel\\\/UCOOJl3eFOiO7lJT6f5qHygA\"]}]}<\/script>\n<!-- \/ Yoast SEO plugin. -->","yoast_head_json":{"title":"Tubes de transport d'\u00e9chantillons | Origin Pharma Packaging","description":"Commandez un tube de transport d'\u00e9chantillons \u00e0 Origin, con\u00e7u pour un stockage pr\u00e9cis et s\u00fbr des \u00e9chantillons des patients, disponible dans des designs et des tailles sur mesure sur demande.","robots":{"index":"index","follow":"follow","max-snippet":"max-snippet:-1","max-image-preview":"max-image-preview:large","max-video-preview":"max-video-preview:-1"},"canonical":"https:\/\/originltd.com\/fr\/produit\/sample-specimen-transport-tubes\/","og_locale":"fr_FR","og_type":"article","og_title":"Sample Specimen Transport Tubes | Origin Pharma Packaging","og_description":"Order sample specimen transport tube at Origin, designed for accurate and safe storage of patients\u2019 samples, available in bespoke designs and sizes upon request.","og_url":"https:\/\/originltd.com\/fr\/produit\/sample-specimen-transport-tubes\/","og_site_name":"Origin Pharma Packaging","article_publisher":"https:\/\/www.facebook.com\/originpharmapackaging","article_modified_time":"2025-04-11T10:07:54+00:00","og_image":[{"width":1707,"height":2560,"url":"https:\/\/originltd.com\/wp-content\/uploads\/2020\/12\/grey-cap-tube-small-empty-scaled.jpg","type":"image\/jpeg"}],"twitter_card":"summary_large_image","twitter_site":"@originpharma","twitter_misc":{"Dur\u00e9e de lecture estim\u00e9e":"1 minute"},"schema":{"@context":"https:\/\/schema.org","@graph":[{"@type":"WebPage","@id":"https:\/\/originltd.com\/product\/sample-specimen-transport-tubes\/","url":"https:\/\/originltd.com\/product\/sample-specimen-transport-tubes\/","name":"Tubes de transport d'\u00e9chantillons | Origin Pharma Packaging","isPartOf":{"@id":"https:\/\/originltd.com\/#website"},"primaryImageOfPage":{"@id":"https:\/\/originltd.com\/product\/sample-specimen-transport-tubes\/#primaryimage"},"image":{"@id":"https:\/\/originltd.com\/product\/sample-specimen-transport-tubes\/#primaryimage"},"thumbnailUrl":"https:\/\/originltd.com\/wp-content\/uploads\/2020\/12\/grey-cap-tube-small-empty-scaled.jpg","datePublished":"2021-01-04T13:48:59+00:00","dateModified":"2025-04-11T10:07:54+00:00","description":"Commandez un tube de transport d'\u00e9chantillons \u00e0 Origin, con\u00e7u pour un stockage pr\u00e9cis et s\u00fbr des \u00e9chantillons des patients, disponible dans des designs et des tailles sur mesure sur demande.","breadcrumb":{"@id":"https:\/\/originltd.com\/product\/sample-specimen-transport-tubes\/#breadcrumb"},"inLanguage":"fr-FR","potentialAction":[{"@type":"ReadAction","target":["https:\/\/originltd.com\/product\/sample-specimen-transport-tubes\/"]}]},{"@type":"ImageObject","inLanguage":"fr-FR","@id":"https:\/\/originltd.com\/product\/sample-specimen-transport-tubes\/#primaryimage","url":"https:\/\/originltd.com\/wp-content\/uploads\/2020\/12\/grey-cap-tube-small-empty-scaled.jpg","contentUrl":"https:\/\/originltd.com\/wp-content\/uploads\/2020\/12\/grey-cap-tube-small-empty-scaled.jpg","width":1707,"height":2560,"caption":"Sample specimen transport tubes"},{"@type":"BreadcrumbList","@id":"https:\/\/originltd.com\/product\/sample-specimen-transport-tubes\/#breadcrumb","itemListElement":[{"@type":"ListItem","position":1,"name":"Home","item":"https:\/\/originltd.com\/"},{"@type":"ListItem","position":2,"name":"Pharmaceutical Packaging Products","item":"https:\/\/originltd.com\/pharmaceutical-packaging\/"},{"@type":"ListItem","position":3,"name":"Transport Tubes","item":"https:\/\/originltd.com\/packaging\/transport-tube\/"},{"@type":"ListItem","position":4,"name":"Sample Specimen Transport Tube"}]},{"@type":"WebSite","@id":"https:\/\/originltd.com\/#website","url":"https:\/\/originltd.com\/","name":"Origin Pharma Packaging","description":"","publisher":{"@id":"https:\/\/originltd.com\/#organization"},"alternateName":"Origin Ltd.","potentialAction":[{"@type":"SearchAction","target":{"@type":"EntryPoint","urlTemplate":"https:\/\/originltd.com\/?s={search_term_string}"},"query-input":{"@type":"PropertyValueSpecification","valueRequired":true,"valueName":"search_term_string"}}],"inLanguage":"fr-FR"},{"@type":"Organization","@id":"https:\/\/originltd.com\/#organization","name":"Origin Pharma Packaging","url":"https:\/\/originltd.com\/","logo":{"@type":"ImageObject","inLanguage":"fr-FR","@id":"https:\/\/originltd.com\/#\/schema\/logo\/image\/","url":"https:\/\/originltd.com\/wp-content\/uploads\/2024\/06\/cropped-Origin-logo-For-Health-For-Life-RGB@10x.png","contentUrl":"https:\/\/originltd.com\/wp-content\/uploads\/2024\/06\/cropped-Origin-logo-For-Health-For-Life-RGB@10x.png","width":227,"height":65,"caption":"Origin Pharma Packaging"},"image":{"@id":"https:\/\/originltd.com\/#\/schema\/logo\/image\/"},"sameAs":["https:\/\/www.facebook.com\/originpharmapackaging","https:\/\/x.com\/originpharma","https:\/\/www.linkedin.com\/company\/origin-packaging-ltd\/","https:\/\/www.youtube.com\/channel\/UCOOJl3eFOiO7lJT6f5qHygA"]}]}},"_links":{"self":[{"href":"https:\/\/originltd.com\/fr\/wp-json\/wp\/v2\/product\/6516","targetHints":{"allow":["GET"]}}],"collection":[{"href":"https:\/\/originltd.com\/fr\/wp-json\/wp\/v2\/product"}],"about":[{"href":"https:\/\/originltd.com\/fr\/wp-json\/wp\/v2\/types\/product"}],"replies":[{"embeddable":true,"href":"https:\/\/originltd.com\/fr\/wp-json\/wp\/v2\/comments?post=6516"}],"wp:featuredmedia":[{"embeddable":true,"href":"https:\/\/originltd.com\/fr\/wp-json\/wp\/v2\/media\/6521"}],"wp:attachment":[{"href":"https:\/\/originltd.com\/fr\/wp-json\/wp\/v2\/media?parent=6516"}],"wp:term":[{"taxonomy":"product_brand","embeddable":true,"href":"https:\/\/originltd.com\/fr\/wp-json\/wp\/v2\/product_brand?post=6516"},{"taxonomy":"product_cat","embeddable":true,"href":"https:\/\/originltd.com\/fr\/wp-json\/wp\/v2\/product_cat?post=6516"},{"taxonomy":"product_tag","embeddable":true,"href":"https:\/\/originltd.com\/fr\/wp-json\/wp\/v2\/product_tag?post=6516"}],"curies":[{"name":"wp","href":"https:\/\/api.w.org\/{rel}","templated":true}]}}