
{"id":4369,"date":"2019-05-02T11:01:09","date_gmt":"2019-05-02T10:01:09","guid":{"rendered":"https:\/\/originltd.in-beta.dev\/?post_type=product&#038;p=4369"},"modified":"2024-05-03T12:52:41","modified_gmt":"2024-05-03T11:52:41","slug":"white-child-resistant-clamshell-container","status":"publish","type":"product","link":"https:\/\/originltd.com\/fr\/product\/white-child-resistant-clamshell-container\/","title":{"rendered":"R\u00e9cipients blancs \u00e0 coquilles avec s\u00e9curit\u00e9 enfants"},"content":{"rendered":"","protected":false},"excerpt":{"rendered":"<p>Cette bo\u00eete blanche \u00e0 clapet \u00e0 l'\u00e9preuve des enfants a re\u00e7u la certification idoine et a \u00e9t\u00e9 cr\u00e9\u00e9e pour le transport et la conservation de produits pharmaceutiques (pilules). La bo\u00eete en tant que telle pourra arborer des inscriptions sur les flancs ext\u00e9rieurs, et pourra \u00e9galement abriter un livret d'informations destin\u00e9 au patient. Elle est recyclable \u00e0 100% , ce qui se pr\u00eate bien \u00e0 la d\u00e9marche de production d'emballages durable entreprise \u00e0 l'\u00e9chelle mondiale.<\/p>\n<ul>\n<li>Certification 16 CFR 1700 | Conception en conformit\u00e9 pour \u00eatre \u00e0 l'\u00e9preuve des enfants ;<\/li>\n<li>en conformit\u00e9 avec la loi britannique de 1970 relative aux emballages destin\u00e9s \u00e0 la pr\u00e9vention des empoisonnements ;<\/li>\n<li>recyclable ;<\/li>\n<li>le produit id\u00e9al pour y conserver des pilules.<\/li>\n<li>s'av\u00e8re parfait pour le transport de pilules ;<\/li>\n<li>des c\u00f4t\u00e9s ext\u00e9rieurs qui pourront arborer votre marque.<\/li>\n<\/ul>","protected":false},"featured_media":4375,"comment_status":"closed","ping_status":"closed","template":"","meta":{"_acf_changed":false},"product_brand":[],"product_cat":[2162,2158,665,96],"product_tag":[],"class_list":{"0":"post-4369","1":"product","2":"type-product","3":"status-publish","4":"has-post-thumbnail","6":"product_cat-containers","7":"product_cat-child-resistant-packaging","8":"product_cat-medicinal-cannabis-packaging","9":"product_cat-plastic","11":"first","12":"instock","13":"sold-individually","14":"shipping-taxable","15":"product-type-simple"},"acf":[],"yoast_head":"<!-- This site is optimized with the Yoast SEO plugin v27.4 - https:\/\/yoast.com\/product\/yoast-seo-wordpress\/ -->\n<title>White Child Resistant Clamshell Containers | Origin Pharma Packaging<\/title>\n<meta name=\"description\" content=\"Discover our white child-resistant clamshell containers, designed for safety and convenience. Perfect for secure storage of various products. Shop now!\" \/>\n<meta name=\"robots\" content=\"index, follow, max-snippet:-1, max-image-preview:large, max-video-preview:-1\" \/>\n<link rel=\"canonical\" href=\"https:\/\/originltd.com\/fr\/produit\/white-child-resistant-clamshell-container\/\" \/>\n<meta property=\"og:locale\" content=\"fr_FR\" \/>\n<meta property=\"og:type\" content=\"article\" \/>\n<meta property=\"og:title\" content=\"White Child Resistant Clamshell Containers | Origin Pharma Packaging\" \/>\n<meta property=\"og:description\" content=\"Discover our white child-resistant clamshell containers, designed for safety and convenience. Perfect for secure storage of various products. Shop now!\" \/>\n<meta property=\"og:url\" content=\"https:\/\/originltd.com\/fr\/produit\/white-child-resistant-clamshell-container\/\" \/>\n<meta property=\"og:site_name\" content=\"Origin Pharma Packaging\" \/>\n<meta property=\"article:publisher\" content=\"https:\/\/www.facebook.com\/originpharmapackaging\" \/>\n<meta property=\"article:modified_time\" content=\"2024-05-03T11:52:41+00:00\" \/>\n<meta property=\"og:image\" content=\"https:\/\/originltd.com\/wp-content\/uploads\/2019\/05\/Clamshell-Box-Open-scaled.jpg\" \/>\n\t<meta property=\"og:image:width\" content=\"1707\" \/>\n\t<meta property=\"og:image:height\" content=\"2560\" \/>\n\t<meta property=\"og:image:type\" content=\"image\/jpeg\" \/>\n<meta name=\"twitter:card\" content=\"summary_large_image\" \/>\n<meta name=\"twitter:site\" content=\"@originpharma\" \/>\n<meta name=\"twitter:label1\" content=\"Dur\u00e9e de lecture estim\u00e9e\" \/>\n\t<meta name=\"twitter:data1\" content=\"1 minute\" \/>\n<script type=\"application\/ld+json\" class=\"yoast-schema-graph\">{\"@context\":\"https:\\\/\\\/schema.org\",\"@graph\":[{\"@type\":\"WebPage\",\"@id\":\"https:\\\/\\\/originltd.com\\\/product\\\/white-child-resistant-clamshell-container\\\/\",\"url\":\"https:\\\/\\\/originltd.com\\\/product\\\/white-child-resistant-clamshell-container\\\/\",\"name\":\"White Child Resistant Clamshell Containers | Origin Pharma Packaging\",\"isPartOf\":{\"@id\":\"https:\\\/\\\/originltd.com\\\/#website\"},\"primaryImageOfPage\":{\"@id\":\"https:\\\/\\\/originltd.com\\\/product\\\/white-child-resistant-clamshell-container\\\/#primaryimage\"},\"image\":{\"@id\":\"https:\\\/\\\/originltd.com\\\/product\\\/white-child-resistant-clamshell-container\\\/#primaryimage\"},\"thumbnailUrl\":\"https:\\\/\\\/originltd.com\\\/wp-content\\\/uploads\\\/2019\\\/05\\\/Clamshell-Box-Open-scaled.jpg\",\"datePublished\":\"2019-05-02T10:01:09+00:00\",\"dateModified\":\"2024-05-03T11:52:41+00:00\",\"description\":\"Discover our white child-resistant clamshell containers, designed for safety and convenience. Perfect for secure storage of various products. Shop now!\",\"breadcrumb\":{\"@id\":\"https:\\\/\\\/originltd.com\\\/product\\\/white-child-resistant-clamshell-container\\\/#breadcrumb\"},\"inLanguage\":\"fr-FR\",\"potentialAction\":[{\"@type\":\"ReadAction\",\"target\":[\"https:\\\/\\\/originltd.com\\\/product\\\/white-child-resistant-clamshell-container\\\/\"]}]},{\"@type\":\"ImageObject\",\"inLanguage\":\"fr-FR\",\"@id\":\"https:\\\/\\\/originltd.com\\\/product\\\/white-child-resistant-clamshell-container\\\/#primaryimage\",\"url\":\"https:\\\/\\\/originltd.com\\\/wp-content\\\/uploads\\\/2019\\\/05\\\/Clamshell-Box-Open-scaled.jpg\",\"contentUrl\":\"https:\\\/\\\/originltd.com\\\/wp-content\\\/uploads\\\/2019\\\/05\\\/Clamshell-Box-Open-scaled.jpg\",\"width\":1707,\"height\":2560,\"caption\":\"Clamshell Box Open\"},{\"@type\":\"BreadcrumbList\",\"@id\":\"https:\\\/\\\/originltd.com\\\/product\\\/white-child-resistant-clamshell-container\\\/#breadcrumb\",\"itemListElement\":[{\"@type\":\"ListItem\",\"position\":1,\"name\":\"Home\",\"item\":\"https:\\\/\\\/originltd.com\\\/\"},{\"@type\":\"ListItem\",\"position\":2,\"name\":\"Pharmaceutical Packaging Products\",\"item\":\"https:\\\/\\\/originltd.com\\\/pharmaceutical-packaging\\\/\"},{\"@type\":\"ListItem\",\"position\":3,\"name\":\"Medicinal Cannabis Packaging\",\"item\":\"https:\\\/\\\/originltd.com\\\/packaging\\\/medicinal-cannabis-packaging\\\/\"},{\"@type\":\"ListItem\",\"position\":4,\"name\":\"White Child Resistant Clamshell Containers\"}]},{\"@type\":\"WebSite\",\"@id\":\"https:\\\/\\\/originltd.com\\\/#website\",\"url\":\"https:\\\/\\\/originltd.com\\\/\",\"name\":\"Origin Pharma Packaging\",\"description\":\"\",\"publisher\":{\"@id\":\"https:\\\/\\\/originltd.com\\\/#organization\"},\"alternateName\":\"Origin Ltd.\",\"potentialAction\":[{\"@type\":\"SearchAction\",\"target\":{\"@type\":\"EntryPoint\",\"urlTemplate\":\"https:\\\/\\\/originltd.com\\\/?s={search_term_string}\"},\"query-input\":{\"@type\":\"PropertyValueSpecification\",\"valueRequired\":true,\"valueName\":\"search_term_string\"}}],\"inLanguage\":\"fr-FR\"},{\"@type\":\"Organization\",\"@id\":\"https:\\\/\\\/originltd.com\\\/#organization\",\"name\":\"Origin Pharma Packaging\",\"url\":\"https:\\\/\\\/originltd.com\\\/\",\"logo\":{\"@type\":\"ImageObject\",\"inLanguage\":\"fr-FR\",\"@id\":\"https:\\\/\\\/originltd.com\\\/#\\\/schema\\\/logo\\\/image\\\/\",\"url\":\"https:\\\/\\\/originltd.com\\\/wp-content\\\/uploads\\\/2024\\\/06\\\/cropped-Origin-logo-For-Health-For-Life-RGB@10x.png\",\"contentUrl\":\"https:\\\/\\\/originltd.com\\\/wp-content\\\/uploads\\\/2024\\\/06\\\/cropped-Origin-logo-For-Health-For-Life-RGB@10x.png\",\"width\":227,\"height\":65,\"caption\":\"Origin Pharma Packaging\"},\"image\":{\"@id\":\"https:\\\/\\\/originltd.com\\\/#\\\/schema\\\/logo\\\/image\\\/\"},\"sameAs\":[\"https:\\\/\\\/www.facebook.com\\\/originpharmapackaging\",\"https:\\\/\\\/x.com\\\/originpharma\",\"https:\\\/\\\/www.linkedin.com\\\/company\\\/origin-packaging-ltd\\\/\",\"https:\\\/\\\/www.youtube.com\\\/channel\\\/UCOOJl3eFOiO7lJT6f5qHygA\"]}]}<\/script>\n<!-- \/ Yoast SEO plugin. -->","yoast_head_json":{"title":"Emballages blancs avec s\u00e9curit\u00e9 enfants | Origin Pharma Packaging","description":"D\u00e9couvrez nos conteneurs blancs \u00e0 s\u00e9curit\u00e9 enfants, con\u00e7us pour la s\u00e9curit\u00e9 et la commodit\u00e9. Ils sont parfaits pour le stockage s\u00e9curis\u00e9 de divers produits. Acheter en ce moment !","robots":{"index":"index","follow":"follow","max-snippet":"max-snippet:-1","max-image-preview":"max-image-preview:large","max-video-preview":"max-video-preview:-1"},"canonical":"https:\/\/originltd.com\/fr\/produit\/white-child-resistant-clamshell-container\/","og_locale":"fr_FR","og_type":"article","og_title":"White Child Resistant Clamshell Containers | Origin Pharma Packaging","og_description":"Discover our white child-resistant clamshell containers, designed for safety and convenience. Perfect for secure storage of various products. Shop now!","og_url":"https:\/\/originltd.com\/fr\/produit\/white-child-resistant-clamshell-container\/","og_site_name":"Origin Pharma Packaging","article_publisher":"https:\/\/www.facebook.com\/originpharmapackaging","article_modified_time":"2024-05-03T11:52:41+00:00","og_image":[{"width":1707,"height":2560,"url":"https:\/\/originltd.com\/wp-content\/uploads\/2019\/05\/Clamshell-Box-Open-scaled.jpg","type":"image\/jpeg"}],"twitter_card":"summary_large_image","twitter_site":"@originpharma","twitter_misc":{"Dur\u00e9e de lecture estim\u00e9e":"1 minute"},"schema":{"@context":"https:\/\/schema.org","@graph":[{"@type":"WebPage","@id":"https:\/\/originltd.com\/product\/white-child-resistant-clamshell-container\/","url":"https:\/\/originltd.com\/product\/white-child-resistant-clamshell-container\/","name":"Emballages blancs avec s\u00e9curit\u00e9 enfants | Origin Pharma Packaging","isPartOf":{"@id":"https:\/\/originltd.com\/#website"},"primaryImageOfPage":{"@id":"https:\/\/originltd.com\/product\/white-child-resistant-clamshell-container\/#primaryimage"},"image":{"@id":"https:\/\/originltd.com\/product\/white-child-resistant-clamshell-container\/#primaryimage"},"thumbnailUrl":"https:\/\/originltd.com\/wp-content\/uploads\/2019\/05\/Clamshell-Box-Open-scaled.jpg","datePublished":"2019-05-02T10:01:09+00:00","dateModified":"2024-05-03T11:52:41+00:00","description":"D\u00e9couvrez nos conteneurs blancs \u00e0 s\u00e9curit\u00e9 enfants, con\u00e7us pour la s\u00e9curit\u00e9 et la commodit\u00e9. Ils sont parfaits pour le stockage s\u00e9curis\u00e9 de divers produits. Acheter en ce moment !","breadcrumb":{"@id":"https:\/\/originltd.com\/product\/white-child-resistant-clamshell-container\/#breadcrumb"},"inLanguage":"fr-FR","potentialAction":[{"@type":"ReadAction","target":["https:\/\/originltd.com\/product\/white-child-resistant-clamshell-container\/"]}]},{"@type":"ImageObject","inLanguage":"fr-FR","@id":"https:\/\/originltd.com\/product\/white-child-resistant-clamshell-container\/#primaryimage","url":"https:\/\/originltd.com\/wp-content\/uploads\/2019\/05\/Clamshell-Box-Open-scaled.jpg","contentUrl":"https:\/\/originltd.com\/wp-content\/uploads\/2019\/05\/Clamshell-Box-Open-scaled.jpg","width":1707,"height":2560,"caption":"Clamshell Box Open"},{"@type":"BreadcrumbList","@id":"https:\/\/originltd.com\/product\/white-child-resistant-clamshell-container\/#breadcrumb","itemListElement":[{"@type":"ListItem","position":1,"name":"Home","item":"https:\/\/originltd.com\/"},{"@type":"ListItem","position":2,"name":"Pharmaceutical Packaging Products","item":"https:\/\/originltd.com\/pharmaceutical-packaging\/"},{"@type":"ListItem","position":3,"name":"Medicinal Cannabis Packaging","item":"https:\/\/originltd.com\/packaging\/medicinal-cannabis-packaging\/"},{"@type":"ListItem","position":4,"name":"White Child Resistant Clamshell Containers"}]},{"@type":"WebSite","@id":"https:\/\/originltd.com\/#website","url":"https:\/\/originltd.com\/","name":"Origin Pharma Packaging","description":"","publisher":{"@id":"https:\/\/originltd.com\/#organization"},"alternateName":"Origin Ltd.","potentialAction":[{"@type":"SearchAction","target":{"@type":"EntryPoint","urlTemplate":"https:\/\/originltd.com\/?s={search_term_string}"},"query-input":{"@type":"PropertyValueSpecification","valueRequired":true,"valueName":"search_term_string"}}],"inLanguage":"fr-FR"},{"@type":"Organization","@id":"https:\/\/originltd.com\/#organization","name":"Origin Pharma Packaging","url":"https:\/\/originltd.com\/","logo":{"@type":"ImageObject","inLanguage":"fr-FR","@id":"https:\/\/originltd.com\/#\/schema\/logo\/image\/","url":"https:\/\/originltd.com\/wp-content\/uploads\/2024\/06\/cropped-Origin-logo-For-Health-For-Life-RGB@10x.png","contentUrl":"https:\/\/originltd.com\/wp-content\/uploads\/2024\/06\/cropped-Origin-logo-For-Health-For-Life-RGB@10x.png","width":227,"height":65,"caption":"Origin Pharma Packaging"},"image":{"@id":"https:\/\/originltd.com\/#\/schema\/logo\/image\/"},"sameAs":["https:\/\/www.facebook.com\/originpharmapackaging","https:\/\/x.com\/originpharma","https:\/\/www.linkedin.com\/company\/origin-packaging-ltd\/","https:\/\/www.youtube.com\/channel\/UCOOJl3eFOiO7lJT6f5qHygA"]}]}},"_links":{"self":[{"href":"https:\/\/originltd.com\/fr\/wp-json\/wp\/v2\/product\/4369","targetHints":{"allow":["GET"]}}],"collection":[{"href":"https:\/\/originltd.com\/fr\/wp-json\/wp\/v2\/product"}],"about":[{"href":"https:\/\/originltd.com\/fr\/wp-json\/wp\/v2\/types\/product"}],"replies":[{"embeddable":true,"href":"https:\/\/originltd.com\/fr\/wp-json\/wp\/v2\/comments?post=4369"}],"wp:featuredmedia":[{"embeddable":true,"href":"https:\/\/originltd.com\/fr\/wp-json\/wp\/v2\/media\/4375"}],"wp:attachment":[{"href":"https:\/\/originltd.com\/fr\/wp-json\/wp\/v2\/media?parent=4369"}],"wp:term":[{"taxonomy":"product_brand","embeddable":true,"href":"https:\/\/originltd.com\/fr\/wp-json\/wp\/v2\/product_brand?post=4369"},{"taxonomy":"product_cat","embeddable":true,"href":"https:\/\/originltd.com\/fr\/wp-json\/wp\/v2\/product_cat?post=4369"},{"taxonomy":"product_tag","embeddable":true,"href":"https:\/\/originltd.com\/fr\/wp-json\/wp\/v2\/product_tag?post=4369"}],"curies":[{"name":"wp","href":"https:\/\/api.w.org\/{rel}","templated":true}]}}