
{"id":4012,"date":"2018-09-14T11:01:20","date_gmt":"2018-09-14T10:01:20","guid":{"rendered":"https:\/\/originltd.in-beta.dev\/?post_type=product&#038;p=4012"},"modified":"2026-04-27T13:58:27","modified_gmt":"2026-04-27T12:58:27","slug":"glass-ointment-jars","status":"publish","type":"product","link":"https:\/\/originltd.com\/fr\/product\/glass-ointment-jars\/","title":{"rendered":"Pots \u00e0 pommade\/onguent en verre de 15 ml \u00e0 500 ml"},"content":{"rendered":"<p><span style=\"font-weight: 400;\">Nos pots de pommade en verre sont disponibles dans des tailles allant de 15 ml \u00e0 500 ml. Ils sont disponibles en tant que <\/span><a href=\"https:\/\/originltd.com\/fr\/packaging\/amber-glass-bottles\/\"><span style=\"font-weight: 400;\">bocaux en verre ambr\u00e9<\/span><\/a><span style=\"font-weight: 400;\"> ou <\/span><a href=\"https:\/\/originltd.com\/fr\/packaging\/clear-glass-bottles\/\"><span style=\"font-weight: 400;\">bocaux en verre transparent<\/span><\/a><span style=\"font-weight: 400;\">selon votre pr\u00e9f\u00e9rence.<\/span><\/p>","protected":false},"excerpt":{"rendered":"<p><span style=\"font-weight: 400;\">Nos pots de pommade traditionnels en verre (non pr\u00e9-capuchonn\u00e9s) peuvent \u00eatre vendus<\/span><span style=\"font-weight: 400;\"> dans des emballages pratiques et des commandes en vrac suppl\u00e9mentaires. L'emballage est disponible dans une vari\u00e9t\u00e9 de couleurs et de tailles.<\/span><span style=\"font-weight: 400;\">La gamme de produits comprend des pots \u00e0 pommade en verre ambr\u00e9 de 150 ml et des pots \u00e0 pommade en verre de 250 ml. Par cons\u00e9quent, ces <\/span><a href=\"https:\/\/originltd.com\/fr\/packaging\/glass\/glass-jars\/\"><span style=\"font-weight: 400;\">bocaux en verre en gros<\/span><\/a><span style=\"font-weight: 400;\"> donner<\/span><span style=\"font-weight: 400;\"> le choix pour votre prochain nouveau produit avec un m\u00e9canisme de fermeture \u00e0 vis.<\/span><\/p>\n<p><span style=\"font-weight: 400;\">Pour sceller solidement ces <\/span><a href=\"https:\/\/originltd.com\/fr\/packaging\/glass\/\"><span style=\"font-weight: 400;\">emballage en verre<\/span><\/a><span style=\"font-weight: 400;\"> options, compatibles <\/span><a href=\"https:\/\/originltd.com\/fr\/packaging\/closures-dispensers\/\"><span style=\"font-weight: 400;\">bouchons pharmaceutiques<\/span><\/a><span style=\"font-weight: 400;\"> se trouve ci-dessous, sous la section de la description de l'article.<\/span><\/p>\n<h3><span style=\"font-weight: 400;\">Caract\u00e9ristiques principales :<\/span><\/h3>\n<ul>\n<li style=\"font-weight: 400;\" aria-level=\"1\"><span style=\"font-weight: 400;\">Des packs pratiques \u00e0 l'emploi : une gamme \u00e9tendue de tailles ;<\/span><\/li>\n<li style=\"font-weight: 400;\" aria-level=\"1\"><span style=\"font-weight: 400;\">un produit pris\u00e9 pour ses usages multiples, dont les cr\u00e8mes ;<\/span><\/li>\n<li style=\"font-weight: 400;\" aria-level=\"1\"><span style=\"font-weight: 400;\">disponible dans un grand choix de couleurs (pulv\u00e9risation en option \u00e0 la commande) .<\/span><\/li>\n<li style=\"font-weight: 400;\" aria-level=\"1\"><span style=\"font-weight: 400;\">Les pots ambr\u00e9s offrent une protection contre la d\u00e9gradation par les UV<\/span><\/li>\n<li style=\"font-weight: 400;\" aria-level=\"1\"><span style=\"font-weight: 400;\">Les pots transparents permettent de voir le contenu<\/span><\/li>\n<\/ul>\n<h3><span style=\"font-weight: 400;\">Utilisations appropri\u00e9es :<\/span><\/h3>\n<ul>\n<li style=\"font-weight: 400;\" aria-level=\"1\"><span style=\"font-weight: 400;\">Convient au stockage de cr\u00e8mes, de lotions et de comprim\u00e9s<\/span><\/li>\n<\/ul>","protected":false},"featured_media":4205,"comment_status":"closed","ping_status":"closed","template":"","meta":{"_acf_changed":false},"product_brand":[],"product_cat":[2185,2194,2227,2223,95],"product_tag":[],"class_list":{"0":"post-4012","1":"product","2":"type-product","3":"status-publish","4":"has-post-thumbnail","6":"product_cat-cosmetic-containers","7":"product_cat-cosmetic-jars","8":"product_cat-lifestyle","9":"product_cat-skincare-bodycare","10":"product_cat-glass","12":"first","13":"instock","14":"sold-individually","15":"shipping-taxable","16":"product-type-simple"},"acf":[],"yoast_head":"<!-- This site is optimized with the Yoast SEO plugin v27.5 - https:\/\/yoast.com\/product\/yoast-seo-wordpress\/ -->\n<title>15ml-500ml Glass Ointment Jars | Origin Pharma Packaging<\/title>\n<meta name=\"description\" content=\"Origin\u2019s 15ml-500ml glass ointment jars are available in wholesale quantities, suitable for creams, lotions and tablets. Contact us today for a free sample.\" \/>\n<meta name=\"robots\" content=\"index, follow, max-snippet:-1, max-image-preview:large, max-video-preview:-1\" \/>\n<link rel=\"canonical\" href=\"https:\/\/originltd.com\/fr\/produit\/glass-ointment-jars\/\" \/>\n<meta property=\"og:locale\" content=\"fr_FR\" \/>\n<meta property=\"og:type\" content=\"article\" \/>\n<meta property=\"og:title\" content=\"15ml-500ml Glass Ointment Jars | Origin Pharma Packaging\" \/>\n<meta property=\"og:description\" content=\"Origin\u2019s 15ml-500ml glass ointment jars are available in wholesale quantities, suitable for creams, lotions and tablets. Contact us today for a free sample.\" \/>\n<meta property=\"og:url\" content=\"https:\/\/originltd.com\/fr\/produit\/glass-ointment-jars\/\" \/>\n<meta property=\"og:site_name\" content=\"Origin Pharma Packaging\" \/>\n<meta property=\"article:publisher\" content=\"https:\/\/www.facebook.com\/originpharmapackaging\" \/>\n<meta property=\"article:modified_time\" content=\"2026-04-27T12:58:27+00:00\" \/>\n<meta property=\"og:image\" content=\"https:\/\/originltd.com\/wp-content\/uploads\/2018\/09\/9ySRaqlA-scaled.jpeg\" \/>\n\t<meta property=\"og:image:width\" content=\"1707\" \/>\n\t<meta property=\"og:image:height\" content=\"2560\" \/>\n\t<meta property=\"og:image:type\" content=\"image\/jpeg\" \/>\n<meta name=\"twitter:card\" content=\"summary_large_image\" \/>\n<meta name=\"twitter:site\" content=\"@originpharma\" \/>\n<meta name=\"twitter:label1\" content=\"Dur\u00e9e de lecture estim\u00e9e\" \/>\n\t<meta name=\"twitter:data1\" content=\"1 minute\" \/>\n<script type=\"application\/ld+json\" class=\"yoast-schema-graph\">{\"@context\":\"https:\\\/\\\/schema.org\",\"@graph\":[{\"@type\":\"WebPage\",\"@id\":\"https:\\\/\\\/originltd.com\\\/product\\\/glass-ointment-jars\\\/\",\"url\":\"https:\\\/\\\/originltd.com\\\/product\\\/glass-ointment-jars\\\/\",\"name\":\"15ml-500ml Glass Ointment Jars | Origin Pharma Packaging\",\"isPartOf\":{\"@id\":\"https:\\\/\\\/originltd.com\\\/#website\"},\"primaryImageOfPage\":{\"@id\":\"https:\\\/\\\/originltd.com\\\/product\\\/glass-ointment-jars\\\/#primaryimage\"},\"image\":{\"@id\":\"https:\\\/\\\/originltd.com\\\/product\\\/glass-ointment-jars\\\/#primaryimage\"},\"thumbnailUrl\":\"https:\\\/\\\/originltd.com\\\/wp-content\\\/uploads\\\/2018\\\/09\\\/9ySRaqlA-scaled.jpeg\",\"datePublished\":\"2018-09-14T10:01:20+00:00\",\"dateModified\":\"2026-04-27T12:58:27+00:00\",\"description\":\"Origin\u2019s 15ml-500ml glass ointment jars are available in wholesale quantities, suitable for creams, lotions and tablets. Contact us today for a free sample.\",\"breadcrumb\":{\"@id\":\"https:\\\/\\\/originltd.com\\\/product\\\/glass-ointment-jars\\\/#breadcrumb\"},\"inLanguage\":\"fr-FR\",\"potentialAction\":[{\"@type\":\"ReadAction\",\"target\":[\"https:\\\/\\\/originltd.com\\\/product\\\/glass-ointment-jars\\\/\"]}]},{\"@type\":\"ImageObject\",\"inLanguage\":\"fr-FR\",\"@id\":\"https:\\\/\\\/originltd.com\\\/product\\\/glass-ointment-jars\\\/#primaryimage\",\"url\":\"https:\\\/\\\/originltd.com\\\/wp-content\\\/uploads\\\/2018\\\/09\\\/9ySRaqlA-scaled.jpeg\",\"contentUrl\":\"https:\\\/\\\/originltd.com\\\/wp-content\\\/uploads\\\/2018\\\/09\\\/9ySRaqlA-scaled.jpeg\",\"width\":1707,\"height\":2560,\"caption\":\"Glass Ointment Jars\"},{\"@type\":\"BreadcrumbList\",\"@id\":\"https:\\\/\\\/originltd.com\\\/product\\\/glass-ointment-jars\\\/#breadcrumb\",\"itemListElement\":[{\"@type\":\"ListItem\",\"position\":1,\"name\":\"Home\",\"item\":\"https:\\\/\\\/originltd.com\\\/\"},{\"@type\":\"ListItem\",\"position\":2,\"name\":\"Pharmaceutical Packaging Products\",\"item\":\"https:\\\/\\\/originltd.com\\\/pharmaceutical-packaging\\\/\"},{\"@type\":\"ListItem\",\"position\":3,\"name\":\"Cosmetic Packaging\",\"item\":\"https:\\\/\\\/originltd.com\\\/packaging\\\/cosmetic-containers\\\/\"},{\"@type\":\"ListItem\",\"position\":4,\"name\":\"15ml-500ml Glass Ointment Jars\"}]},{\"@type\":\"WebSite\",\"@id\":\"https:\\\/\\\/originltd.com\\\/#website\",\"url\":\"https:\\\/\\\/originltd.com\\\/\",\"name\":\"Origin Pharma Packaging\",\"description\":\"\",\"publisher\":{\"@id\":\"https:\\\/\\\/originltd.com\\\/#organization\"},\"alternateName\":\"Origin Ltd.\",\"potentialAction\":[{\"@type\":\"SearchAction\",\"target\":{\"@type\":\"EntryPoint\",\"urlTemplate\":\"https:\\\/\\\/originltd.com\\\/?s={search_term_string}\"},\"query-input\":{\"@type\":\"PropertyValueSpecification\",\"valueRequired\":true,\"valueName\":\"search_term_string\"}}],\"inLanguage\":\"fr-FR\"},{\"@type\":\"Organization\",\"@id\":\"https:\\\/\\\/originltd.com\\\/#organization\",\"name\":\"Origin Pharma Packaging\",\"url\":\"https:\\\/\\\/originltd.com\\\/\",\"logo\":{\"@type\":\"ImageObject\",\"inLanguage\":\"fr-FR\",\"@id\":\"https:\\\/\\\/originltd.com\\\/#\\\/schema\\\/logo\\\/image\\\/\",\"url\":\"https:\\\/\\\/originltd.com\\\/wp-content\\\/uploads\\\/2024\\\/06\\\/cropped-Origin-logo-For-Health-For-Life-RGB@10x.png\",\"contentUrl\":\"https:\\\/\\\/originltd.com\\\/wp-content\\\/uploads\\\/2024\\\/06\\\/cropped-Origin-logo-For-Health-For-Life-RGB@10x.png\",\"width\":227,\"height\":65,\"caption\":\"Origin Pharma Packaging\"},\"image\":{\"@id\":\"https:\\\/\\\/originltd.com\\\/#\\\/schema\\\/logo\\\/image\\\/\"},\"sameAs\":[\"https:\\\/\\\/www.facebook.com\\\/originpharmapackaging\",\"https:\\\/\\\/x.com\\\/originpharma\",\"https:\\\/\\\/www.linkedin.com\\\/company\\\/origin-packaging-ltd\\\/\",\"https:\\\/\\\/www.youtube.com\\\/channel\\\/UCOOJl3eFOiO7lJT6f5qHygA\"]}]}<\/script>\n<!-- \/ Yoast SEO plugin. -->","yoast_head_json":{"title":"Pots de pommade en verre 15ml-500ml | Origin Pharma Packaging","description":"Les pots de pommade en verre 15ml-500ml d'Origin sont disponibles en gros. Ils conviennent pour les cr\u00e8mes, les lotions et les comprim\u00e9s. Contactez-nous d\u00e8s aujourd'hui pour obtenir un \u00e9chantillon gratuit.","robots":{"index":"index","follow":"follow","max-snippet":"max-snippet:-1","max-image-preview":"max-image-preview:large","max-video-preview":"max-video-preview:-1"},"canonical":"https:\/\/originltd.com\/fr\/produit\/glass-ointment-jars\/","og_locale":"fr_FR","og_type":"article","og_title":"15ml-500ml Glass Ointment Jars | Origin Pharma Packaging","og_description":"Origin\u2019s 15ml-500ml glass ointment jars are available in wholesale quantities, suitable for creams, lotions and tablets. Contact us today for a free sample.","og_url":"https:\/\/originltd.com\/fr\/produit\/glass-ointment-jars\/","og_site_name":"Origin Pharma Packaging","article_publisher":"https:\/\/www.facebook.com\/originpharmapackaging","article_modified_time":"2026-04-27T12:58:27+00:00","og_image":[{"width":1707,"height":2560,"url":"https:\/\/originltd.com\/wp-content\/uploads\/2018\/09\/9ySRaqlA-scaled.jpeg","type":"image\/jpeg"}],"twitter_card":"summary_large_image","twitter_site":"@originpharma","twitter_misc":{"Dur\u00e9e de lecture estim\u00e9e":"1 minute"},"schema":{"@context":"https:\/\/schema.org","@graph":[{"@type":"WebPage","@id":"https:\/\/originltd.com\/product\/glass-ointment-jars\/","url":"https:\/\/originltd.com\/product\/glass-ointment-jars\/","name":"Pots de pommade en verre 15ml-500ml | Origin Pharma Packaging","isPartOf":{"@id":"https:\/\/originltd.com\/#website"},"primaryImageOfPage":{"@id":"https:\/\/originltd.com\/product\/glass-ointment-jars\/#primaryimage"},"image":{"@id":"https:\/\/originltd.com\/product\/glass-ointment-jars\/#primaryimage"},"thumbnailUrl":"https:\/\/originltd.com\/wp-content\/uploads\/2018\/09\/9ySRaqlA-scaled.jpeg","datePublished":"2018-09-14T10:01:20+00:00","dateModified":"2026-04-27T12:58:27+00:00","description":"Les pots de pommade en verre 15ml-500ml d'Origin sont disponibles en gros. Ils conviennent pour les cr\u00e8mes, les lotions et les comprim\u00e9s. Contactez-nous d\u00e8s aujourd'hui pour obtenir un \u00e9chantillon gratuit.","breadcrumb":{"@id":"https:\/\/originltd.com\/product\/glass-ointment-jars\/#breadcrumb"},"inLanguage":"fr-FR","potentialAction":[{"@type":"ReadAction","target":["https:\/\/originltd.com\/product\/glass-ointment-jars\/"]}]},{"@type":"ImageObject","inLanguage":"fr-FR","@id":"https:\/\/originltd.com\/product\/glass-ointment-jars\/#primaryimage","url":"https:\/\/originltd.com\/wp-content\/uploads\/2018\/09\/9ySRaqlA-scaled.jpeg","contentUrl":"https:\/\/originltd.com\/wp-content\/uploads\/2018\/09\/9ySRaqlA-scaled.jpeg","width":1707,"height":2560,"caption":"Glass Ointment Jars"},{"@type":"BreadcrumbList","@id":"https:\/\/originltd.com\/product\/glass-ointment-jars\/#breadcrumb","itemListElement":[{"@type":"ListItem","position":1,"name":"Home","item":"https:\/\/originltd.com\/"},{"@type":"ListItem","position":2,"name":"Pharmaceutical Packaging Products","item":"https:\/\/originltd.com\/pharmaceutical-packaging\/"},{"@type":"ListItem","position":3,"name":"Cosmetic Packaging","item":"https:\/\/originltd.com\/packaging\/cosmetic-containers\/"},{"@type":"ListItem","position":4,"name":"15ml-500ml Glass Ointment Jars"}]},{"@type":"WebSite","@id":"https:\/\/originltd.com\/#website","url":"https:\/\/originltd.com\/","name":"Origin Pharma Packaging","description":"","publisher":{"@id":"https:\/\/originltd.com\/#organization"},"alternateName":"Origin Ltd.","potentialAction":[{"@type":"SearchAction","target":{"@type":"EntryPoint","urlTemplate":"https:\/\/originltd.com\/?s={search_term_string}"},"query-input":{"@type":"PropertyValueSpecification","valueRequired":true,"valueName":"search_term_string"}}],"inLanguage":"fr-FR"},{"@type":"Organization","@id":"https:\/\/originltd.com\/#organization","name":"Origin Pharma Packaging","url":"https:\/\/originltd.com\/","logo":{"@type":"ImageObject","inLanguage":"fr-FR","@id":"https:\/\/originltd.com\/#\/schema\/logo\/image\/","url":"https:\/\/originltd.com\/wp-content\/uploads\/2024\/06\/cropped-Origin-logo-For-Health-For-Life-RGB@10x.png","contentUrl":"https:\/\/originltd.com\/wp-content\/uploads\/2024\/06\/cropped-Origin-logo-For-Health-For-Life-RGB@10x.png","width":227,"height":65,"caption":"Origin Pharma Packaging"},"image":{"@id":"https:\/\/originltd.com\/#\/schema\/logo\/image\/"},"sameAs":["https:\/\/www.facebook.com\/originpharmapackaging","https:\/\/x.com\/originpharma","https:\/\/www.linkedin.com\/company\/origin-packaging-ltd\/","https:\/\/www.youtube.com\/channel\/UCOOJl3eFOiO7lJT6f5qHygA"]}]}},"_links":{"self":[{"href":"https:\/\/originltd.com\/fr\/wp-json\/wp\/v2\/product\/4012","targetHints":{"allow":["GET"]}}],"collection":[{"href":"https:\/\/originltd.com\/fr\/wp-json\/wp\/v2\/product"}],"about":[{"href":"https:\/\/originltd.com\/fr\/wp-json\/wp\/v2\/types\/product"}],"replies":[{"embeddable":true,"href":"https:\/\/originltd.com\/fr\/wp-json\/wp\/v2\/comments?post=4012"}],"wp:featuredmedia":[{"embeddable":true,"href":"https:\/\/originltd.com\/fr\/wp-json\/wp\/v2\/media\/4205"}],"wp:attachment":[{"href":"https:\/\/originltd.com\/fr\/wp-json\/wp\/v2\/media?parent=4012"}],"wp:term":[{"taxonomy":"product_brand","embeddable":true,"href":"https:\/\/originltd.com\/fr\/wp-json\/wp\/v2\/product_brand?post=4012"},{"taxonomy":"product_cat","embeddable":true,"href":"https:\/\/originltd.com\/fr\/wp-json\/wp\/v2\/product_cat?post=4012"},{"taxonomy":"product_tag","embeddable":true,"href":"https:\/\/originltd.com\/fr\/wp-json\/wp\/v2\/product_tag?post=4012"}],"curies":[{"name":"wp","href":"https:\/\/api.w.org\/{rel}","templated":true}]}}