
{"id":1299,"date":"2018-02-07T16:48:56","date_gmt":"2018-02-07T16:48:56","guid":{"rendered":"https:\/\/dev.originltd.com\/product\/t-e-liquid-bottle\/"},"modified":"2025-10-16T10:15:48","modified_gmt":"2025-10-16T09:15:48","slug":"10ml-dropper-bottles-pet-plastic-with-childproof-caps","status":"publish","type":"product","link":"https:\/\/originltd.com\/fr\/product\/10ml-dropper-bottles-pet-plastic-with-childproof-caps\/","title":{"rendered":"Flacons compte-gouttes en plastique PET de 10 ml + bouchon \u00e0 l'\u00e9preuve des enfants"},"content":{"rendered":"","protected":false},"excerpt":{"rendered":"<p>La soci\u00e9t\u00e9 Origin est un fabricant et revendeur en gros de petits flacons compte-gouttes de 10 ml, sur lesquels on peut appuyer. Le compte-goutte de 1 ml (de l'\u00e9paisseur d'une aiguille) s'av\u00e8re id\u00e9al pour administrer des solutions liquides, des huiles, etc. en petite quantit\u00e9, et ce surtout pour vous garantir une administration efficace et propre.<\/p>\n<ul>\n<li>Dispositif de fermeture \u00e0 l'\u00e9preuve des enfants conforme \u00e0 la norme ISO8317;<\/li>\n<li>choix entre un aspect transparent ou opaque,  neutre ou color\u00e9 ;<\/li>\n<li>Disponible en PET vierge ou avec PCR de 35% \u00e0 100%<\/li>\n<li>triangle d'avertissement en relief sur le dispositif de fermeture ;<\/li>\n<li>t\u00e9moin d'effraction vide 10ml ;<\/li>\n<li>des flacons \u00e0 liquide fabriqu\u00e9s au Royaume-Uni et adapt\u00e9s \u00e0 diverses utilisations, substances et fluides.<\/li>\n<\/ul>\n<p>Nous avons mis en place un programme eCRC sp\u00e9cifique et nous veillons \u00e0 la qualit\u00e9 de nos processus afin de garantir un produit de pointe sur le march\u00e9.<\/p>","protected":false},"featured_media":3660,"comment_status":"open","ping_status":"closed","template":"","meta":{"_acf_changed":false},"product_brand":[],"product_cat":[2224,2161,2160,2162,2158,2208,2185,2227,107,2184,2187,96,2188,2229,2230,2231],"product_tag":[],"class_list":{"0":"post-1299","1":"product","2":"type-product","3":"status-publish","4":"has-post-thumbnail","6":"product_cat-cbd","7":"product_cat-atomisers-pipette-droppers","8":"product_cat-closures","9":"product_cat-containers","10":"product_cat-child-resistant-packaging","11":"product_cat-controlled-substances-packaging","12":"product_cat-cosmetic-containers","13":"product_cat-lifestyle","14":"product_cat-pet-bottles","15":"product_cat-bottles","16":"product_cat-dropper-bottles","17":"product_cat-plastic","18":"product_cat-round-bottles","19":"product_cat-vape-closures-and-dispensers","20":"product_cat-vape-packaging","21":"product_cat-vape-bottles","23":"first","24":"instock","25":"sold-individually","26":"shipping-taxable","27":"purchasable","28":"product-type-simple"},"acf":[],"yoast_head":"<!-- This site is optimized with the Yoast SEO plugin v27.5 - https:\/\/yoast.com\/product\/yoast-seo-wordpress\/ -->\n<title>10ml Dropper Bottles PET Plastic with Childproof Caps | Origin Pharma Packaging<\/title>\n<meta name=\"description\" content=\"Find out about 10ml Dropper Bottles PET Plastic with Childproof Caps, available from Origin. Order a sample or get in touch for more details.\" \/>\n<meta name=\"robots\" content=\"index, follow, max-snippet:-1, max-image-preview:large, max-video-preview:-1\" \/>\n<link rel=\"canonical\" href=\"https:\/\/originltd.com\/fr\/produit\/10ml-dropper-bottles-pet-plastic-with-childproof-caps\/\" \/>\n<meta property=\"og:locale\" content=\"fr_FR\" \/>\n<meta property=\"og:type\" content=\"article\" \/>\n<meta property=\"og:title\" content=\"10ml Dropper Bottles PET Plastic with Childproof Caps | Origin Pharma Packaging\" \/>\n<meta property=\"og:description\" content=\"Find out about 10ml Dropper Bottles PET Plastic with Childproof Caps, available from Origin. Order a sample or get in touch for more details.\" \/>\n<meta property=\"og:url\" content=\"https:\/\/originltd.com\/fr\/produit\/10ml-dropper-bottles-pet-plastic-with-childproof-caps\/\" \/>\n<meta property=\"og:site_name\" content=\"Origin Pharma Packaging\" \/>\n<meta property=\"article:publisher\" content=\"https:\/\/www.facebook.com\/originpharmapackaging\" \/>\n<meta property=\"article:modified_time\" content=\"2025-10-16T09:15:48+00:00\" \/>\n<meta property=\"og:image\" content=\"https:\/\/originltd.com\/wp-content\/uploads\/2018\/04\/10mm-bottle-caps-scaled-e1739963995852.jpg\" \/>\n\t<meta property=\"og:image:width\" content=\"1707\" \/>\n\t<meta property=\"og:image:height\" content=\"1237\" \/>\n\t<meta property=\"og:image:type\" content=\"image\/jpeg\" \/>\n<meta name=\"twitter:card\" content=\"summary_large_image\" \/>\n<meta name=\"twitter:site\" content=\"@originpharma\" \/>\n<meta name=\"twitter:label1\" content=\"Dur\u00e9e de lecture estim\u00e9e\" \/>\n\t<meta name=\"twitter:data1\" content=\"1 minute\" \/>\n<script type=\"application\/ld+json\" class=\"yoast-schema-graph\">{\"@context\":\"https:\\\/\\\/schema.org\",\"@graph\":[{\"@type\":\"WebPage\",\"@id\":\"https:\\\/\\\/originltd.com\\\/product\\\/10ml-dropper-bottles-pet-plastic-with-childproof-caps\\\/\",\"url\":\"https:\\\/\\\/originltd.com\\\/product\\\/10ml-dropper-bottles-pet-plastic-with-childproof-caps\\\/\",\"name\":\"10ml Dropper Bottles PET Plastic with Childproof Caps | Origin Pharma Packaging\",\"isPartOf\":{\"@id\":\"https:\\\/\\\/originltd.com\\\/#website\"},\"primaryImageOfPage\":{\"@id\":\"https:\\\/\\\/originltd.com\\\/product\\\/10ml-dropper-bottles-pet-plastic-with-childproof-caps\\\/#primaryimage\"},\"image\":{\"@id\":\"https:\\\/\\\/originltd.com\\\/product\\\/10ml-dropper-bottles-pet-plastic-with-childproof-caps\\\/#primaryimage\"},\"thumbnailUrl\":\"https:\\\/\\\/originltd.com\\\/wp-content\\\/uploads\\\/2018\\\/04\\\/10mm-bottle-caps-scaled-e1739963995852.jpg\",\"datePublished\":\"2018-02-07T16:48:56+00:00\",\"dateModified\":\"2025-10-16T09:15:48+00:00\",\"description\":\"Find out about 10ml Dropper Bottles PET Plastic with Childproof Caps, available from Origin. Order a sample or get in touch for more details.\",\"breadcrumb\":{\"@id\":\"https:\\\/\\\/originltd.com\\\/product\\\/10ml-dropper-bottles-pet-plastic-with-childproof-caps\\\/#breadcrumb\"},\"inLanguage\":\"fr-FR\",\"potentialAction\":[{\"@type\":\"ReadAction\",\"target\":[\"https:\\\/\\\/originltd.com\\\/product\\\/10ml-dropper-bottles-pet-plastic-with-childproof-caps\\\/\"]}]},{\"@type\":\"ImageObject\",\"inLanguage\":\"fr-FR\",\"@id\":\"https:\\\/\\\/originltd.com\\\/product\\\/10ml-dropper-bottles-pet-plastic-with-childproof-caps\\\/#primaryimage\",\"url\":\"https:\\\/\\\/originltd.com\\\/wp-content\\\/uploads\\\/2018\\\/04\\\/10mm-bottle-caps-scaled-e1739963995852.jpg\",\"contentUrl\":\"https:\\\/\\\/originltd.com\\\/wp-content\\\/uploads\\\/2018\\\/04\\\/10mm-bottle-caps-scaled-e1739963995852.jpg\",\"width\":1707,\"height\":1237,\"caption\":\"10ml PET bottles\"},{\"@type\":\"BreadcrumbList\",\"@id\":\"https:\\\/\\\/originltd.com\\\/product\\\/10ml-dropper-bottles-pet-plastic-with-childproof-caps\\\/#breadcrumb\",\"itemListElement\":[{\"@type\":\"ListItem\",\"position\":1,\"name\":\"Home\",\"item\":\"https:\\\/\\\/originltd.com\\\/\"},{\"@type\":\"ListItem\",\"position\":2,\"name\":\"Pharmaceutical Packaging Products\",\"item\":\"https:\\\/\\\/originltd.com\\\/pharmaceutical-packaging\\\/\"},{\"@type\":\"ListItem\",\"position\":3,\"name\":\"Child-Resistant Packaging\",\"item\":\"https:\\\/\\\/originltd.com\\\/packaging\\\/child-resistant-packaging\\\/\"},{\"@type\":\"ListItem\",\"position\":4,\"name\":\"10ml Dropper Bottles PET Plastic with Childproof Caps\"}]},{\"@type\":\"WebSite\",\"@id\":\"https:\\\/\\\/originltd.com\\\/#website\",\"url\":\"https:\\\/\\\/originltd.com\\\/\",\"name\":\"Origin Pharma Packaging\",\"description\":\"\",\"publisher\":{\"@id\":\"https:\\\/\\\/originltd.com\\\/#organization\"},\"alternateName\":\"Origin Ltd.\",\"potentialAction\":[{\"@type\":\"SearchAction\",\"target\":{\"@type\":\"EntryPoint\",\"urlTemplate\":\"https:\\\/\\\/originltd.com\\\/?s={search_term_string}\"},\"query-input\":{\"@type\":\"PropertyValueSpecification\",\"valueRequired\":true,\"valueName\":\"search_term_string\"}}],\"inLanguage\":\"fr-FR\"},{\"@type\":\"Organization\",\"@id\":\"https:\\\/\\\/originltd.com\\\/#organization\",\"name\":\"Origin Pharma Packaging\",\"url\":\"https:\\\/\\\/originltd.com\\\/\",\"logo\":{\"@type\":\"ImageObject\",\"inLanguage\":\"fr-FR\",\"@id\":\"https:\\\/\\\/originltd.com\\\/#\\\/schema\\\/logo\\\/image\\\/\",\"url\":\"https:\\\/\\\/originltd.com\\\/wp-content\\\/uploads\\\/2024\\\/06\\\/cropped-Origin-logo-For-Health-For-Life-RGB@10x.png\",\"contentUrl\":\"https:\\\/\\\/originltd.com\\\/wp-content\\\/uploads\\\/2024\\\/06\\\/cropped-Origin-logo-For-Health-For-Life-RGB@10x.png\",\"width\":227,\"height\":65,\"caption\":\"Origin Pharma Packaging\"},\"image\":{\"@id\":\"https:\\\/\\\/originltd.com\\\/#\\\/schema\\\/logo\\\/image\\\/\"},\"sameAs\":[\"https:\\\/\\\/www.facebook.com\\\/originpharmapackaging\",\"https:\\\/\\\/x.com\\\/originpharma\",\"https:\\\/\\\/www.linkedin.com\\\/company\\\/origin-packaging-ltd\\\/\",\"https:\\\/\\\/www.youtube.com\\\/channel\\\/UCOOJl3eFOiO7lJT6f5qHygA\"]}]}<\/script>\n<!-- \/ Yoast SEO plugin. -->","yoast_head_json":{"title":"Flacons compte-gouttes 10ml en plastique PET avec bouchons \u00e0 s\u00e9curit\u00e9 enfant | Origin Pharma Packaging","description":"D\u00e9couvrez les flacons compte-gouttes de 10 ml en plastique PET avec bouchons \u00e0 l'\u00e9preuve des enfants, disponibles \u00e0 l'origine. Commandez un \u00e9chantillon ou contactez-nous pour plus d'informations.","robots":{"index":"index","follow":"follow","max-snippet":"max-snippet:-1","max-image-preview":"max-image-preview:large","max-video-preview":"max-video-preview:-1"},"canonical":"https:\/\/originltd.com\/fr\/produit\/10ml-dropper-bottles-pet-plastic-with-childproof-caps\/","og_locale":"fr_FR","og_type":"article","og_title":"10ml Dropper Bottles PET Plastic with Childproof Caps | Origin Pharma Packaging","og_description":"Find out about 10ml Dropper Bottles PET Plastic with Childproof Caps, available from Origin. Order a sample or get in touch for more details.","og_url":"https:\/\/originltd.com\/fr\/produit\/10ml-dropper-bottles-pet-plastic-with-childproof-caps\/","og_site_name":"Origin Pharma Packaging","article_publisher":"https:\/\/www.facebook.com\/originpharmapackaging","article_modified_time":"2025-10-16T09:15:48+00:00","og_image":[{"width":1707,"height":1237,"url":"https:\/\/originltd.com\/wp-content\/uploads\/2018\/04\/10mm-bottle-caps-scaled-e1739963995852.jpg","type":"image\/jpeg"}],"twitter_card":"summary_large_image","twitter_site":"@originpharma","twitter_misc":{"Dur\u00e9e de lecture estim\u00e9e":"1 minute"},"schema":{"@context":"https:\/\/schema.org","@graph":[{"@type":"WebPage","@id":"https:\/\/originltd.com\/product\/10ml-dropper-bottles-pet-plastic-with-childproof-caps\/","url":"https:\/\/originltd.com\/product\/10ml-dropper-bottles-pet-plastic-with-childproof-caps\/","name":"Flacons compte-gouttes 10ml en plastique PET avec bouchons \u00e0 s\u00e9curit\u00e9 enfant | Origin Pharma Packaging","isPartOf":{"@id":"https:\/\/originltd.com\/#website"},"primaryImageOfPage":{"@id":"https:\/\/originltd.com\/product\/10ml-dropper-bottles-pet-plastic-with-childproof-caps\/#primaryimage"},"image":{"@id":"https:\/\/originltd.com\/product\/10ml-dropper-bottles-pet-plastic-with-childproof-caps\/#primaryimage"},"thumbnailUrl":"https:\/\/originltd.com\/wp-content\/uploads\/2018\/04\/10mm-bottle-caps-scaled-e1739963995852.jpg","datePublished":"2018-02-07T16:48:56+00:00","dateModified":"2025-10-16T09:15:48+00:00","description":"D\u00e9couvrez les flacons compte-gouttes de 10 ml en plastique PET avec bouchons \u00e0 l'\u00e9preuve des enfants, disponibles \u00e0 l'origine. Commandez un \u00e9chantillon ou contactez-nous pour plus d'informations.","breadcrumb":{"@id":"https:\/\/originltd.com\/product\/10ml-dropper-bottles-pet-plastic-with-childproof-caps\/#breadcrumb"},"inLanguage":"fr-FR","potentialAction":[{"@type":"ReadAction","target":["https:\/\/originltd.com\/product\/10ml-dropper-bottles-pet-plastic-with-childproof-caps\/"]}]},{"@type":"ImageObject","inLanguage":"fr-FR","@id":"https:\/\/originltd.com\/product\/10ml-dropper-bottles-pet-plastic-with-childproof-caps\/#primaryimage","url":"https:\/\/originltd.com\/wp-content\/uploads\/2018\/04\/10mm-bottle-caps-scaled-e1739963995852.jpg","contentUrl":"https:\/\/originltd.com\/wp-content\/uploads\/2018\/04\/10mm-bottle-caps-scaled-e1739963995852.jpg","width":1707,"height":1237,"caption":"10ml PET bottles"},{"@type":"BreadcrumbList","@id":"https:\/\/originltd.com\/product\/10ml-dropper-bottles-pet-plastic-with-childproof-caps\/#breadcrumb","itemListElement":[{"@type":"ListItem","position":1,"name":"Home","item":"https:\/\/originltd.com\/"},{"@type":"ListItem","position":2,"name":"Pharmaceutical Packaging Products","item":"https:\/\/originltd.com\/pharmaceutical-packaging\/"},{"@type":"ListItem","position":3,"name":"Child-Resistant Packaging","item":"https:\/\/originltd.com\/packaging\/child-resistant-packaging\/"},{"@type":"ListItem","position":4,"name":"10ml Dropper Bottles PET Plastic with Childproof Caps"}]},{"@type":"WebSite","@id":"https:\/\/originltd.com\/#website","url":"https:\/\/originltd.com\/","name":"Origin Pharma Packaging","description":"","publisher":{"@id":"https:\/\/originltd.com\/#organization"},"alternateName":"Origin Ltd.","potentialAction":[{"@type":"SearchAction","target":{"@type":"EntryPoint","urlTemplate":"https:\/\/originltd.com\/?s={search_term_string}"},"query-input":{"@type":"PropertyValueSpecification","valueRequired":true,"valueName":"search_term_string"}}],"inLanguage":"fr-FR"},{"@type":"Organization","@id":"https:\/\/originltd.com\/#organization","name":"Origin Pharma Packaging","url":"https:\/\/originltd.com\/","logo":{"@type":"ImageObject","inLanguage":"fr-FR","@id":"https:\/\/originltd.com\/#\/schema\/logo\/image\/","url":"https:\/\/originltd.com\/wp-content\/uploads\/2024\/06\/cropped-Origin-logo-For-Health-For-Life-RGB@10x.png","contentUrl":"https:\/\/originltd.com\/wp-content\/uploads\/2024\/06\/cropped-Origin-logo-For-Health-For-Life-RGB@10x.png","width":227,"height":65,"caption":"Origin Pharma Packaging"},"image":{"@id":"https:\/\/originltd.com\/#\/schema\/logo\/image\/"},"sameAs":["https:\/\/www.facebook.com\/originpharmapackaging","https:\/\/x.com\/originpharma","https:\/\/www.linkedin.com\/company\/origin-packaging-ltd\/","https:\/\/www.youtube.com\/channel\/UCOOJl3eFOiO7lJT6f5qHygA"]}]}},"_links":{"self":[{"href":"https:\/\/originltd.com\/fr\/wp-json\/wp\/v2\/product\/1299","targetHints":{"allow":["GET"]}}],"collection":[{"href":"https:\/\/originltd.com\/fr\/wp-json\/wp\/v2\/product"}],"about":[{"href":"https:\/\/originltd.com\/fr\/wp-json\/wp\/v2\/types\/product"}],"replies":[{"embeddable":true,"href":"https:\/\/originltd.com\/fr\/wp-json\/wp\/v2\/comments?post=1299"}],"wp:featuredmedia":[{"embeddable":true,"href":"https:\/\/originltd.com\/fr\/wp-json\/wp\/v2\/media\/3660"}],"wp:attachment":[{"href":"https:\/\/originltd.com\/fr\/wp-json\/wp\/v2\/media?parent=1299"}],"wp:term":[{"taxonomy":"product_brand","embeddable":true,"href":"https:\/\/originltd.com\/fr\/wp-json\/wp\/v2\/product_brand?post=1299"},{"taxonomy":"product_cat","embeddable":true,"href":"https:\/\/originltd.com\/fr\/wp-json\/wp\/v2\/product_cat?post=1299"},{"taxonomy":"product_tag","embeddable":true,"href":"https:\/\/originltd.com\/fr\/wp-json\/wp\/v2\/product_tag?post=1299"}],"curies":[{"name":"wp","href":"https:\/\/api.w.org\/{rel}","templated":true}]}}