
{"id":1286,"date":"2018-02-07T16:48:53","date_gmt":"2018-02-07T16:48:53","guid":{"rendered":"https:\/\/dev.originltd.com\/product\/graduated-measures-conical-and-cylindrical\/"},"modified":"2025-09-25T15:06:16","modified_gmt":"2025-09-25T14:06:16","slug":"graduated-measures-conical-and-cylindrical","status":"publish","type":"product","link":"https:\/\/originltd.com\/fr\/product\/graduated-measures-conical-and-cylindrical\/","title":{"rendered":"Mesures gradu\u00e9es - Flacons coniques et cylindriques"},"content":{"rendered":"<p><span style=\"font-weight: 400;\">Les mesures gradu\u00e9es d'Origin sont disponibles en diff\u00e9rentes tailles. Nos mesures gradu\u00e9es cylindriques sont disponibles dans des capacit\u00e9s de 10 ml \u00e0 1000 ml, tandis que nos mesures gradu\u00e9es coniques sont disponibles dans des capacit\u00e9s de 5 ml \u00e0 500 ml.<\/span><\/p>","protected":false},"excerpt":{"rendered":"<p><span style=\"font-weight: 400;\">Nos fioles coniques et cylindriques \u00e0 mesures gradu\u00e9es sont con\u00e7ues pour la mesure pr\u00e9cise des volumes de liquides.<\/span><\/p>\n<p><span style=\"font-weight: 400;\">Ces <\/span><a href=\"https:\/\/originltd.com\/fr\/packaging\/dispensing-aid\/\"><span style=\"font-weight: 400;\">dispositifs de mesure des m\u00e9dicaments liquides<\/span><\/a><span style=\"font-weight: 400;\"> sont fabriqu\u00e9s \u00e0 partir du type<\/span><span style=\"font-weight: 400;\"> 1 <\/span><span style=\"font-weight: 400;\">borosilicate<\/span><span style=\"font-weight: 400;\"> le verre. Il contient du trioxyde de bore, ce qui lui conf\u00e8re un coefficient de dilatation thermique tr\u00e8s faible et lui permet de r\u00e9sister \u00e0 des temp\u00e9ratures tr\u00e8s \u00e9lev\u00e9es. <\/span><span style=\"font-weight: 400;\">Ces mesures gradu\u00e9es coniques et cylindriques sont \u00e9galement produites \u00e0 un niveau de qualit\u00e9 sup\u00e9rieur.<\/span><span style=\"font-weight: 400;\"> Norme de pr\u00e9cision DIN ISO 4788-A.<\/span><\/p>\n<h3><span style=\"font-weight: 400;\">Caract\u00e9ristiques principales :<\/span><\/h3>\n<ul>\n<li style=\"font-weight: 400;\" aria-level=\"1\"><span style=\"font-weight: 400;\">Verre borosilicat\u00e9 couleur neutre <\/span><span style=\"font-weight: 400;\">borosilicate<\/span><span style=\"font-weight: 400;\"> verre<\/span><\/li>\n<li style=\"font-weight: 400;\" aria-level=\"1\"><span style=\"font-weight: 400;\">r\u00e9pond \u00e0 la norme de pr\u00e9cision DIN ISO 4788-A ;<\/span><\/li>\n<li style=\"font-weight: 400;\" aria-level=\"1\"><span style=\"font-weight: 400;\">Gouvernement <\/span><span style=\"font-weight: 400;\">estampill\u00e9<\/span><span style=\"font-weight: 400;\"> prouver l'authenticit\u00e9 et la qualit\u00e9<\/span><\/li>\n<li style=\"font-weight: 400;\" aria-level=\"1\"><span style=\"font-weight: 400;\">version cylindrique : pied de forme hexagonale pour garantir sa stabilit\u00e9 ;<\/span><\/li>\n<li style=\"font-weight: 400;\" aria-level=\"1\"><span style=\"font-weight: 400;\">version cylindrique : graduations grav\u00e9es.<\/span><\/li>\n<\/ul>\n<h3><span style=\"font-weight: 400;\">Utilisations appropri\u00e9es :<\/span><\/h3>\n<ul>\n<li style=\"font-weight: 400;\" aria-level=\"1\"><span style=\"font-weight: 400;\">Mesure des volumes de liquides avec une grande pr\u00e9cision, m\u00eame \u00e0 des temp\u00e9ratures \u00e9lev\u00e9es<\/span><\/li>\n<\/ul>","protected":false},"featured_media":3471,"comment_status":"open","ping_status":"closed","template":"","meta":{"_acf_changed":false},"product_brand":[],"product_cat":[100,95],"product_tag":[],"class_list":{"0":"post-1286","1":"product","2":"type-product","3":"status-publish","4":"has-post-thumbnail","6":"product_cat-dispensing-aid","7":"product_cat-glass","9":"first","10":"instock","11":"sold-individually","12":"shipping-taxable","13":"purchasable","14":"product-type-simple"},"acf":[],"yoast_head":"<!-- This site is optimized with the Yoast SEO plugin v27.3 - https:\/\/yoast.com\/product\/yoast-seo-wordpress\/ -->\n<title>Graduated Measures \u2013 Conical &amp; Cylindrical Flasks | Origin<\/title>\n<meta name=\"description\" content=\"Order graduated measures conical and cylindrical flasks at Origin, made from Type 1 borosilicate glass designed to withstand high temperatures.\" \/>\n<meta name=\"robots\" content=\"index, follow, max-snippet:-1, max-image-preview:large, max-video-preview:-1\" \/>\n<link rel=\"canonical\" href=\"https:\/\/originltd.com\/fr\/produit\/graduated-measures-conical-and-cylindrical\/\" \/>\n<meta property=\"og:locale\" content=\"fr_FR\" \/>\n<meta property=\"og:type\" content=\"article\" \/>\n<meta property=\"og:title\" content=\"Graduated Measures \u2013 Conical &amp; Cylindrical Flasks | Origin\" \/>\n<meta property=\"og:description\" content=\"Order graduated measures conical and cylindrical flasks at Origin, made from Type 1 borosilicate glass designed to withstand high temperatures.\" \/>\n<meta property=\"og:url\" content=\"https:\/\/originltd.com\/fr\/produit\/graduated-measures-conical-and-cylindrical\/\" \/>\n<meta property=\"og:site_name\" content=\"Origin Pharma Packaging\" \/>\n<meta property=\"article:publisher\" content=\"https:\/\/www.facebook.com\/originpharmapackaging\" \/>\n<meta property=\"article:modified_time\" content=\"2025-09-25T14:06:16+00:00\" \/>\n<meta property=\"og:image\" content=\"https:\/\/originltd.com\/wp-content\/uploads\/2018\/03\/grad-measures-scaled.jpg\" \/>\n\t<meta property=\"og:image:width\" content=\"1707\" \/>\n\t<meta property=\"og:image:height\" content=\"2560\" \/>\n\t<meta property=\"og:image:type\" content=\"image\/jpeg\" \/>\n<meta name=\"twitter:card\" content=\"summary_large_image\" \/>\n<meta name=\"twitter:site\" content=\"@originpharma\" \/>\n<meta name=\"twitter:label1\" content=\"Dur\u00e9e de lecture estim\u00e9e\" \/>\n\t<meta name=\"twitter:data1\" content=\"1 minute\" \/>\n<script type=\"application\/ld+json\" class=\"yoast-schema-graph\">{\"@context\":\"https:\\\/\\\/schema.org\",\"@graph\":[{\"@type\":\"WebPage\",\"@id\":\"https:\\\/\\\/originltd.com\\\/product\\\/graduated-measures-conical-and-cylindrical\\\/\",\"url\":\"https:\\\/\\\/originltd.com\\\/product\\\/graduated-measures-conical-and-cylindrical\\\/\",\"name\":\"Graduated Measures \u2013 Conical & Cylindrical Flasks | Origin\",\"isPartOf\":{\"@id\":\"https:\\\/\\\/originltd.com\\\/#website\"},\"primaryImageOfPage\":{\"@id\":\"https:\\\/\\\/originltd.com\\\/product\\\/graduated-measures-conical-and-cylindrical\\\/#primaryimage\"},\"image\":{\"@id\":\"https:\\\/\\\/originltd.com\\\/product\\\/graduated-measures-conical-and-cylindrical\\\/#primaryimage\"},\"thumbnailUrl\":\"https:\\\/\\\/originltd.com\\\/wp-content\\\/uploads\\\/2018\\\/03\\\/grad-measures-scaled.jpg\",\"datePublished\":\"2018-02-07T16:48:53+00:00\",\"dateModified\":\"2025-09-25T14:06:16+00:00\",\"description\":\"Order graduated measures conical and cylindrical flasks at Origin, made from Type 1 borosilicate glass designed to withstand high temperatures.\",\"breadcrumb\":{\"@id\":\"https:\\\/\\\/originltd.com\\\/product\\\/graduated-measures-conical-and-cylindrical\\\/#breadcrumb\"},\"inLanguage\":\"fr-FR\",\"potentialAction\":[{\"@type\":\"ReadAction\",\"target\":[\"https:\\\/\\\/originltd.com\\\/product\\\/graduated-measures-conical-and-cylindrical\\\/\"]}]},{\"@type\":\"ImageObject\",\"inLanguage\":\"fr-FR\",\"@id\":\"https:\\\/\\\/originltd.com\\\/product\\\/graduated-measures-conical-and-cylindrical\\\/#primaryimage\",\"url\":\"https:\\\/\\\/originltd.com\\\/wp-content\\\/uploads\\\/2018\\\/03\\\/grad-measures-scaled.jpg\",\"contentUrl\":\"https:\\\/\\\/originltd.com\\\/wp-content\\\/uploads\\\/2018\\\/03\\\/grad-measures-scaled.jpg\",\"width\":1707,\"height\":2560,\"caption\":\"grad-measures\"},{\"@type\":\"BreadcrumbList\",\"@id\":\"https:\\\/\\\/originltd.com\\\/product\\\/graduated-measures-conical-and-cylindrical\\\/#breadcrumb\",\"itemListElement\":[{\"@type\":\"ListItem\",\"position\":1,\"name\":\"Home\",\"item\":\"https:\\\/\\\/originltd.com\\\/\"},{\"@type\":\"ListItem\",\"position\":2,\"name\":\"Pharmaceutical Packaging Products\",\"item\":\"https:\\\/\\\/originltd.com\\\/pharmaceutical-packaging\\\/\"},{\"@type\":\"ListItem\",\"position\":3,\"name\":\"Liquid Medicine Measuring Devices\",\"item\":\"https:\\\/\\\/originltd.com\\\/packaging\\\/dispensing-aid\\\/\"},{\"@type\":\"ListItem\",\"position\":4,\"name\":\"Graduated Measures \u2013 Conical &#038; Cylindrical Flasks\"}]},{\"@type\":\"WebSite\",\"@id\":\"https:\\\/\\\/originltd.com\\\/#website\",\"url\":\"https:\\\/\\\/originltd.com\\\/\",\"name\":\"Origin Pharma Packaging\",\"description\":\"\",\"publisher\":{\"@id\":\"https:\\\/\\\/originltd.com\\\/#organization\"},\"alternateName\":\"Origin Ltd.\",\"potentialAction\":[{\"@type\":\"SearchAction\",\"target\":{\"@type\":\"EntryPoint\",\"urlTemplate\":\"https:\\\/\\\/originltd.com\\\/?s={search_term_string}\"},\"query-input\":{\"@type\":\"PropertyValueSpecification\",\"valueRequired\":true,\"valueName\":\"search_term_string\"}}],\"inLanguage\":\"fr-FR\"},{\"@type\":\"Organization\",\"@id\":\"https:\\\/\\\/originltd.com\\\/#organization\",\"name\":\"Origin Pharma Packaging\",\"url\":\"https:\\\/\\\/originltd.com\\\/\",\"logo\":{\"@type\":\"ImageObject\",\"inLanguage\":\"fr-FR\",\"@id\":\"https:\\\/\\\/originltd.com\\\/#\\\/schema\\\/logo\\\/image\\\/\",\"url\":\"https:\\\/\\\/originltd.com\\\/wp-content\\\/uploads\\\/2024\\\/06\\\/cropped-Origin-logo-For-Health-For-Life-RGB@10x.png\",\"contentUrl\":\"https:\\\/\\\/originltd.com\\\/wp-content\\\/uploads\\\/2024\\\/06\\\/cropped-Origin-logo-For-Health-For-Life-RGB@10x.png\",\"width\":227,\"height\":65,\"caption\":\"Origin Pharma Packaging\"},\"image\":{\"@id\":\"https:\\\/\\\/originltd.com\\\/#\\\/schema\\\/logo\\\/image\\\/\"},\"sameAs\":[\"https:\\\/\\\/www.facebook.com\\\/originpharmapackaging\",\"https:\\\/\\\/x.com\\\/originpharma\",\"https:\\\/\\\/www.linkedin.com\\\/company\\\/origin-packaging-ltd\\\/\",\"https:\\\/\\\/www.youtube.com\\\/channel\\\/UCOOJl3eFOiO7lJT6f5qHygA\"]}]}<\/script>\n<!-- \/ Yoast SEO plugin. -->","yoast_head_json":{"title":"Mesures gradu\u00e9es - Flacons coniques et cylindriques | Origine","description":"Commandez chez Origin des flacons coniques et cylindriques \u00e0 mesures gradu\u00e9es, fabriqu\u00e9s en verre borosilicat\u00e9 de type 1 con\u00e7u pour r\u00e9sister aux temp\u00e9ratures \u00e9lev\u00e9es.","robots":{"index":"index","follow":"follow","max-snippet":"max-snippet:-1","max-image-preview":"max-image-preview:large","max-video-preview":"max-video-preview:-1"},"canonical":"https:\/\/originltd.com\/fr\/produit\/graduated-measures-conical-and-cylindrical\/","og_locale":"fr_FR","og_type":"article","og_title":"Graduated Measures \u2013 Conical & Cylindrical Flasks | Origin","og_description":"Order graduated measures conical and cylindrical flasks at Origin, made from Type 1 borosilicate glass designed to withstand high temperatures.","og_url":"https:\/\/originltd.com\/fr\/produit\/graduated-measures-conical-and-cylindrical\/","og_site_name":"Origin Pharma Packaging","article_publisher":"https:\/\/www.facebook.com\/originpharmapackaging","article_modified_time":"2025-09-25T14:06:16+00:00","og_image":[{"width":1707,"height":2560,"url":"https:\/\/originltd.com\/wp-content\/uploads\/2018\/03\/grad-measures-scaled.jpg","type":"image\/jpeg"}],"twitter_card":"summary_large_image","twitter_site":"@originpharma","twitter_misc":{"Dur\u00e9e de lecture estim\u00e9e":"1 minute"},"schema":{"@context":"https:\/\/schema.org","@graph":[{"@type":"WebPage","@id":"https:\/\/originltd.com\/product\/graduated-measures-conical-and-cylindrical\/","url":"https:\/\/originltd.com\/product\/graduated-measures-conical-and-cylindrical\/","name":"Mesures gradu\u00e9es - Flacons coniques et cylindriques | Origine","isPartOf":{"@id":"https:\/\/originltd.com\/#website"},"primaryImageOfPage":{"@id":"https:\/\/originltd.com\/product\/graduated-measures-conical-and-cylindrical\/#primaryimage"},"image":{"@id":"https:\/\/originltd.com\/product\/graduated-measures-conical-and-cylindrical\/#primaryimage"},"thumbnailUrl":"https:\/\/originltd.com\/wp-content\/uploads\/2018\/03\/grad-measures-scaled.jpg","datePublished":"2018-02-07T16:48:53+00:00","dateModified":"2025-09-25T14:06:16+00:00","description":"Commandez chez Origin des flacons coniques et cylindriques \u00e0 mesures gradu\u00e9es, fabriqu\u00e9s en verre borosilicat\u00e9 de type 1 con\u00e7u pour r\u00e9sister aux temp\u00e9ratures \u00e9lev\u00e9es.","breadcrumb":{"@id":"https:\/\/originltd.com\/product\/graduated-measures-conical-and-cylindrical\/#breadcrumb"},"inLanguage":"fr-FR","potentialAction":[{"@type":"ReadAction","target":["https:\/\/originltd.com\/product\/graduated-measures-conical-and-cylindrical\/"]}]},{"@type":"ImageObject","inLanguage":"fr-FR","@id":"https:\/\/originltd.com\/product\/graduated-measures-conical-and-cylindrical\/#primaryimage","url":"https:\/\/originltd.com\/wp-content\/uploads\/2018\/03\/grad-measures-scaled.jpg","contentUrl":"https:\/\/originltd.com\/wp-content\/uploads\/2018\/03\/grad-measures-scaled.jpg","width":1707,"height":2560,"caption":"grad-measures"},{"@type":"BreadcrumbList","@id":"https:\/\/originltd.com\/product\/graduated-measures-conical-and-cylindrical\/#breadcrumb","itemListElement":[{"@type":"ListItem","position":1,"name":"Home","item":"https:\/\/originltd.com\/"},{"@type":"ListItem","position":2,"name":"Pharmaceutical Packaging Products","item":"https:\/\/originltd.com\/pharmaceutical-packaging\/"},{"@type":"ListItem","position":3,"name":"Liquid Medicine Measuring Devices","item":"https:\/\/originltd.com\/packaging\/dispensing-aid\/"},{"@type":"ListItem","position":4,"name":"Graduated Measures \u2013 Conical &#038; Cylindrical Flasks"}]},{"@type":"WebSite","@id":"https:\/\/originltd.com\/#website","url":"https:\/\/originltd.com\/","name":"Origin Pharma Packaging","description":"","publisher":{"@id":"https:\/\/originltd.com\/#organization"},"alternateName":"Origin Ltd.","potentialAction":[{"@type":"SearchAction","target":{"@type":"EntryPoint","urlTemplate":"https:\/\/originltd.com\/?s={search_term_string}"},"query-input":{"@type":"PropertyValueSpecification","valueRequired":true,"valueName":"search_term_string"}}],"inLanguage":"fr-FR"},{"@type":"Organization","@id":"https:\/\/originltd.com\/#organization","name":"Origin Pharma Packaging","url":"https:\/\/originltd.com\/","logo":{"@type":"ImageObject","inLanguage":"fr-FR","@id":"https:\/\/originltd.com\/#\/schema\/logo\/image\/","url":"https:\/\/originltd.com\/wp-content\/uploads\/2024\/06\/cropped-Origin-logo-For-Health-For-Life-RGB@10x.png","contentUrl":"https:\/\/originltd.com\/wp-content\/uploads\/2024\/06\/cropped-Origin-logo-For-Health-For-Life-RGB@10x.png","width":227,"height":65,"caption":"Origin Pharma Packaging"},"image":{"@id":"https:\/\/originltd.com\/#\/schema\/logo\/image\/"},"sameAs":["https:\/\/www.facebook.com\/originpharmapackaging","https:\/\/x.com\/originpharma","https:\/\/www.linkedin.com\/company\/origin-packaging-ltd\/","https:\/\/www.youtube.com\/channel\/UCOOJl3eFOiO7lJT6f5qHygA"]}]}},"_links":{"self":[{"href":"https:\/\/originltd.com\/fr\/wp-json\/wp\/v2\/product\/1286","targetHints":{"allow":["GET"]}}],"collection":[{"href":"https:\/\/originltd.com\/fr\/wp-json\/wp\/v2\/product"}],"about":[{"href":"https:\/\/originltd.com\/fr\/wp-json\/wp\/v2\/types\/product"}],"replies":[{"embeddable":true,"href":"https:\/\/originltd.com\/fr\/wp-json\/wp\/v2\/comments?post=1286"}],"wp:featuredmedia":[{"embeddable":true,"href":"https:\/\/originltd.com\/fr\/wp-json\/wp\/v2\/media\/3471"}],"wp:attachment":[{"href":"https:\/\/originltd.com\/fr\/wp-json\/wp\/v2\/media?parent=1286"}],"wp:term":[{"taxonomy":"product_brand","embeddable":true,"href":"https:\/\/originltd.com\/fr\/wp-json\/wp\/v2\/product_brand?post=1286"},{"taxonomy":"product_cat","embeddable":true,"href":"https:\/\/originltd.com\/fr\/wp-json\/wp\/v2\/product_cat?post=1286"},{"taxonomy":"product_tag","embeddable":true,"href":"https:\/\/originltd.com\/fr\/wp-json\/wp\/v2\/product_tag?post=1286"}],"curies":[{"name":"wp","href":"https:\/\/api.w.org\/{rel}","templated":true}]}}