
{"id":1282,"date":"2018-02-07T16:48:52","date_gmt":"2018-02-07T16:48:52","guid":{"rendered":"https:\/\/dev.originltd.com\/product\/sealsafe\/"},"modified":"2025-09-25T15:06:42","modified_gmt":"2025-09-25T14:06:42","slug":"sealsafe","status":"publish","type":"product","link":"https:\/\/originltd.com\/fr\/product\/sealsafe\/","title":{"rendered":"Adaptateur de seringue pour flacon de m\u00e9dicaments SealSafe"},"content":{"rendered":"<p><span style=\"font-weight: 400;\">Cet adaptateur SealSafe\u00ae pour seringue de flacon de m\u00e9dicaments est compatible avec la plupart des flacons ayant un col standard de 28 mm et permet aux bouchons de s'adapter \u00e0 la fermeture.<\/span><\/p>","protected":false},"excerpt":{"rendered":"<p><span style=\"font-weight: 400;\">Cet adaptateur de seringue pour flacon de m\u00e9dicaments SealSafe\u00ae est utilis\u00e9 pour la distribution de m\u00e9dicaments liquides oraux avec des seringues pour <\/span><a href=\"https:\/\/originltd.com\/fr\/packaging\/pharmacy-packaging\/\"><span style=\"font-weight: 400;\">emballage des produits pharmaceutiques<\/span><\/a><span style=\"font-weight: 400;\">. Elle vous permet de distribuer avec pr\u00e9cision des m\u00e9dicaments liquides sans risque de d\u00e9bordement et est compatible avec les seringues Origin de notre gamme <\/span><a href=\"https:\/\/originltd.com\/fr\/packaging\/dispensing-aid\/\"><span style=\"font-weight: 400;\">dispositif de mesure des m\u00e9dicaments liquides<\/span><\/a><span style=\"font-weight: 400;\"> options.<\/span><\/p>\n<p><span style=\"font-weight: 400;\">L'adaptateur pour seringue de flacon de m\u00e9dicaments est \"ouvert\" par l'embout de la seringue et se referme instantan\u00e9ment lorsqu'il est retir\u00e9 pour une distribution simple et fiable.<\/span><\/p>\n<h3><span style=\"font-weight: 400;\">Caract\u00e9ristiques principales :<\/span><\/h3>\n<ul>\n<li style=\"font-weight: 400;\" aria-level=\"1\"><span style=\"font-weight: 400;\">S'adapte parfaitement aux seringues Origin<\/span><\/li>\n<li style=\"font-weight: 400;\" aria-level=\"1\"><span style=\"font-weight: 400;\">Pr\u00e9cision de 0,5% par rapport \u00e0 la mesure marqu\u00e9e sur la seringue, vous permettant de pr\u00e9lever la quantit\u00e9 exacte de m\u00e9dicament sans en renverser.<\/span><\/li>\n<li style=\"font-weight: 400;\" aria-level=\"1\"><span style=\"font-weight: 400;\">Les marques de dose de la seringue ne sont pas endommag\u00e9es par l'entr\u00e9e de la seringue dans la bouteille, ce qui permet de conserver une bonne lisibilit\u00e9.<\/span><\/li>\n<li style=\"font-weight: 400;\" aria-level=\"1\"><span style=\"font-weight: 400;\">Convient \u00e0 la plupart des <\/span><a href=\"https:\/\/originltd.com\/fr\/packaging\/child-resistant-packaging\/bottles\/\"><span style=\"font-weight: 400;\">bouteilles \u00e0 l'\u00e9preuve des enfants<\/span><\/a><span style=\"font-weight: 400;\"> avec un col standard de 28 mm, et permet au bouchon CR d'origine de s'adapter \u00e0 la fermeture<\/span><\/li>\n<li style=\"font-weight: 400;\" aria-level=\"1\"><span style=\"font-weight: 400;\">Recloses sans fuite de m\u00e9dicaments liquides, ce qui \u00e9limine la possibilit\u00e9 de consommation par des non-patients et agit comme une barri\u00e8re secondaire en plus d'un bouchon CR.<\/span><\/li>\n<\/ul>\n<h3><span style=\"font-weight: 400;\">Utilisations appropri\u00e9es :<\/span><\/h3>\n<ul>\n<li style=\"font-weight: 400;\" aria-level=\"1\"><span style=\"font-weight: 400;\">Particuli\u00e8rement pr\u00e9cieux lorsque le m\u00e9dicament est destin\u00e9 \u00e0 traiter des sympt\u00f4mes qui r\u00e9duisent les capacit\u00e9s cognitives ou alt\u00e8rent la coordination, mais qui n\u00e9cessitent une autom\u00e9dication imm\u00e9diate de la part du patient.<\/span><\/li>\n<\/ul>","protected":false},"featured_media":3537,"comment_status":"open","ping_status":"closed","template":"","meta":{"_acf_changed":false},"product_brand":[],"product_cat":[2161,2158,100,96],"product_tag":[],"class_list":{"0":"post-1282","1":"product","2":"type-product","3":"status-publish","4":"has-post-thumbnail","6":"product_cat-atomisers-pipette-droppers","7":"product_cat-child-resistant-packaging","8":"product_cat-dispensing-aid","9":"product_cat-plastic","11":"first","12":"instock","13":"sold-individually","14":"shipping-taxable","15":"purchasable","16":"product-type-simple"},"acf":[],"yoast_head":"<!-- This site is optimized with the Yoast SEO plugin v27.3 - https:\/\/yoast.com\/product\/yoast-seo-wordpress\/ -->\n<title>SealSafe\u00ae Medicine Bottle Syringe Adapters | Origin<\/title>\n<meta name=\"description\" content=\"Order SealSafe\u00ae Medicine Bottle Syringe Adapters from Origin, designed for safe, easy &amp; accurate dispensing of oral liquid medication with no risk of spilling.\" \/>\n<meta name=\"robots\" content=\"index, follow, max-snippet:-1, max-image-preview:large, max-video-preview:-1\" \/>\n<link rel=\"canonical\" href=\"https:\/\/originltd.com\/fr\/produit\/sealsafe\/\" \/>\n<meta property=\"og:locale\" content=\"fr_FR\" \/>\n<meta property=\"og:type\" content=\"article\" \/>\n<meta property=\"og:title\" content=\"SealSafe\u00ae Medicine Bottle Syringe Adapters | Origin\" \/>\n<meta property=\"og:description\" content=\"Order SealSafe\u00ae Medicine Bottle Syringe Adapters from Origin, designed for safe, easy &amp; accurate dispensing of oral liquid medication with no risk of spilling.\" \/>\n<meta property=\"og:url\" content=\"https:\/\/originltd.com\/fr\/produit\/sealsafe\/\" \/>\n<meta property=\"og:site_name\" content=\"Origin Pharma Packaging\" \/>\n<meta property=\"article:publisher\" content=\"https:\/\/www.facebook.com\/originpharmapackaging\" \/>\n<meta property=\"article:modified_time\" content=\"2025-09-25T14:06:42+00:00\" \/>\n<meta property=\"og:image\" content=\"https:\/\/originltd.com\/wp-content\/uploads\/2018\/03\/sealsafe-scaled.jpg\" \/>\n\t<meta property=\"og:image:width\" content=\"1707\" \/>\n\t<meta property=\"og:image:height\" content=\"2560\" \/>\n\t<meta property=\"og:image:type\" content=\"image\/jpeg\" \/>\n<meta name=\"twitter:card\" content=\"summary_large_image\" \/>\n<meta name=\"twitter:site\" content=\"@originpharma\" \/>\n<meta name=\"twitter:label1\" content=\"Dur\u00e9e de lecture estim\u00e9e\" \/>\n\t<meta name=\"twitter:data1\" content=\"1 minute\" \/>\n<script type=\"application\/ld+json\" class=\"yoast-schema-graph\">{\"@context\":\"https:\\\/\\\/schema.org\",\"@graph\":[{\"@type\":\"WebPage\",\"@id\":\"https:\\\/\\\/originltd.com\\\/product\\\/sealsafe\\\/\",\"url\":\"https:\\\/\\\/originltd.com\\\/product\\\/sealsafe\\\/\",\"name\":\"SealSafe\u00ae Medicine Bottle Syringe Adapters | Origin\",\"isPartOf\":{\"@id\":\"https:\\\/\\\/originltd.com\\\/#website\"},\"primaryImageOfPage\":{\"@id\":\"https:\\\/\\\/originltd.com\\\/product\\\/sealsafe\\\/#primaryimage\"},\"image\":{\"@id\":\"https:\\\/\\\/originltd.com\\\/product\\\/sealsafe\\\/#primaryimage\"},\"thumbnailUrl\":\"https:\\\/\\\/originltd.com\\\/wp-content\\\/uploads\\\/2018\\\/03\\\/sealsafe-scaled.jpg\",\"datePublished\":\"2018-02-07T16:48:52+00:00\",\"dateModified\":\"2025-09-25T14:06:42+00:00\",\"description\":\"Order SealSafe\u00ae Medicine Bottle Syringe Adapters from Origin, designed for safe, easy & accurate dispensing of oral liquid medication with no risk of spilling.\",\"breadcrumb\":{\"@id\":\"https:\\\/\\\/originltd.com\\\/product\\\/sealsafe\\\/#breadcrumb\"},\"inLanguage\":\"fr-FR\",\"potentialAction\":[{\"@type\":\"ReadAction\",\"target\":[\"https:\\\/\\\/originltd.com\\\/product\\\/sealsafe\\\/\"]}]},{\"@type\":\"ImageObject\",\"inLanguage\":\"fr-FR\",\"@id\":\"https:\\\/\\\/originltd.com\\\/product\\\/sealsafe\\\/#primaryimage\",\"url\":\"https:\\\/\\\/originltd.com\\\/wp-content\\\/uploads\\\/2018\\\/03\\\/sealsafe-scaled.jpg\",\"contentUrl\":\"https:\\\/\\\/originltd.com\\\/wp-content\\\/uploads\\\/2018\\\/03\\\/sealsafe-scaled.jpg\",\"width\":1707,\"height\":2560,\"caption\":\"Medicine bottle syringe adaptor\"},{\"@type\":\"BreadcrumbList\",\"@id\":\"https:\\\/\\\/originltd.com\\\/product\\\/sealsafe\\\/#breadcrumb\",\"itemListElement\":[{\"@type\":\"ListItem\",\"position\":1,\"name\":\"Home\",\"item\":\"https:\\\/\\\/originltd.com\\\/\"},{\"@type\":\"ListItem\",\"position\":2,\"name\":\"Pharmaceutical Packaging Products\",\"item\":\"https:\\\/\\\/originltd.com\\\/pharmaceutical-packaging\\\/\"},{\"@type\":\"ListItem\",\"position\":3,\"name\":\"Child-Resistant Packaging\",\"item\":\"https:\\\/\\\/originltd.com\\\/packaging\\\/child-resistant-packaging\\\/\"},{\"@type\":\"ListItem\",\"position\":4,\"name\":\"SealSafe\u00ae Medicine Bottle Syringe Adapter\"}]},{\"@type\":\"WebSite\",\"@id\":\"https:\\\/\\\/originltd.com\\\/#website\",\"url\":\"https:\\\/\\\/originltd.com\\\/\",\"name\":\"Origin Pharma Packaging\",\"description\":\"\",\"publisher\":{\"@id\":\"https:\\\/\\\/originltd.com\\\/#organization\"},\"alternateName\":\"Origin Ltd.\",\"potentialAction\":[{\"@type\":\"SearchAction\",\"target\":{\"@type\":\"EntryPoint\",\"urlTemplate\":\"https:\\\/\\\/originltd.com\\\/?s={search_term_string}\"},\"query-input\":{\"@type\":\"PropertyValueSpecification\",\"valueRequired\":true,\"valueName\":\"search_term_string\"}}],\"inLanguage\":\"fr-FR\"},{\"@type\":\"Organization\",\"@id\":\"https:\\\/\\\/originltd.com\\\/#organization\",\"name\":\"Origin Pharma Packaging\",\"url\":\"https:\\\/\\\/originltd.com\\\/\",\"logo\":{\"@type\":\"ImageObject\",\"inLanguage\":\"fr-FR\",\"@id\":\"https:\\\/\\\/originltd.com\\\/#\\\/schema\\\/logo\\\/image\\\/\",\"url\":\"https:\\\/\\\/originltd.com\\\/wp-content\\\/uploads\\\/2024\\\/06\\\/cropped-Origin-logo-For-Health-For-Life-RGB@10x.png\",\"contentUrl\":\"https:\\\/\\\/originltd.com\\\/wp-content\\\/uploads\\\/2024\\\/06\\\/cropped-Origin-logo-For-Health-For-Life-RGB@10x.png\",\"width\":227,\"height\":65,\"caption\":\"Origin Pharma Packaging\"},\"image\":{\"@id\":\"https:\\\/\\\/originltd.com\\\/#\\\/schema\\\/logo\\\/image\\\/\"},\"sameAs\":[\"https:\\\/\\\/www.facebook.com\\\/originpharmapackaging\",\"https:\\\/\\\/x.com\\\/originpharma\",\"https:\\\/\\\/www.linkedin.com\\\/company\\\/origin-packaging-ltd\\\/\",\"https:\\\/\\\/www.youtube.com\\\/channel\\\/UCOOJl3eFOiO7lJT6f5qHygA\"]}]}<\/script>\n<!-- \/ Yoast SEO plugin. -->","yoast_head_json":{"title":"Adaptateurs de seringues pour flacons de m\u00e9dicaments SealSafe\u00ae - Origine","description":"Commander les adaptateurs de seringues pour flacons de m\u00e9dicaments SealSafe\u00ae d'Origin, con\u00e7us pour une distribution s\u00fbre, facile et pr\u00e9cise des m\u00e9dicaments liquides par voie orale, sans risque de renversement.","robots":{"index":"index","follow":"follow","max-snippet":"max-snippet:-1","max-image-preview":"max-image-preview:large","max-video-preview":"max-video-preview:-1"},"canonical":"https:\/\/originltd.com\/fr\/produit\/sealsafe\/","og_locale":"fr_FR","og_type":"article","og_title":"SealSafe\u00ae Medicine Bottle Syringe Adapters | Origin","og_description":"Order SealSafe\u00ae Medicine Bottle Syringe Adapters from Origin, designed for safe, easy & accurate dispensing of oral liquid medication with no risk of spilling.","og_url":"https:\/\/originltd.com\/fr\/produit\/sealsafe\/","og_site_name":"Origin Pharma Packaging","article_publisher":"https:\/\/www.facebook.com\/originpharmapackaging","article_modified_time":"2025-09-25T14:06:42+00:00","og_image":[{"width":1707,"height":2560,"url":"https:\/\/originltd.com\/wp-content\/uploads\/2018\/03\/sealsafe-scaled.jpg","type":"image\/jpeg"}],"twitter_card":"summary_large_image","twitter_site":"@originpharma","twitter_misc":{"Dur\u00e9e de lecture estim\u00e9e":"1 minute"},"schema":{"@context":"https:\/\/schema.org","@graph":[{"@type":"WebPage","@id":"https:\/\/originltd.com\/product\/sealsafe\/","url":"https:\/\/originltd.com\/product\/sealsafe\/","name":"Adaptateurs de seringues pour flacons de m\u00e9dicaments SealSafe\u00ae - Origine","isPartOf":{"@id":"https:\/\/originltd.com\/#website"},"primaryImageOfPage":{"@id":"https:\/\/originltd.com\/product\/sealsafe\/#primaryimage"},"image":{"@id":"https:\/\/originltd.com\/product\/sealsafe\/#primaryimage"},"thumbnailUrl":"https:\/\/originltd.com\/wp-content\/uploads\/2018\/03\/sealsafe-scaled.jpg","datePublished":"2018-02-07T16:48:52+00:00","dateModified":"2025-09-25T14:06:42+00:00","description":"Commander les adaptateurs de seringues pour flacons de m\u00e9dicaments SealSafe\u00ae d'Origin, con\u00e7us pour une distribution s\u00fbre, facile et pr\u00e9cise des m\u00e9dicaments liquides par voie orale, sans risque de renversement.","breadcrumb":{"@id":"https:\/\/originltd.com\/product\/sealsafe\/#breadcrumb"},"inLanguage":"fr-FR","potentialAction":[{"@type":"ReadAction","target":["https:\/\/originltd.com\/product\/sealsafe\/"]}]},{"@type":"ImageObject","inLanguage":"fr-FR","@id":"https:\/\/originltd.com\/product\/sealsafe\/#primaryimage","url":"https:\/\/originltd.com\/wp-content\/uploads\/2018\/03\/sealsafe-scaled.jpg","contentUrl":"https:\/\/originltd.com\/wp-content\/uploads\/2018\/03\/sealsafe-scaled.jpg","width":1707,"height":2560,"caption":"Medicine bottle syringe adaptor"},{"@type":"BreadcrumbList","@id":"https:\/\/originltd.com\/product\/sealsafe\/#breadcrumb","itemListElement":[{"@type":"ListItem","position":1,"name":"Home","item":"https:\/\/originltd.com\/"},{"@type":"ListItem","position":2,"name":"Pharmaceutical Packaging Products","item":"https:\/\/originltd.com\/pharmaceutical-packaging\/"},{"@type":"ListItem","position":3,"name":"Child-Resistant Packaging","item":"https:\/\/originltd.com\/packaging\/child-resistant-packaging\/"},{"@type":"ListItem","position":4,"name":"SealSafe\u00ae Medicine Bottle Syringe Adapter"}]},{"@type":"WebSite","@id":"https:\/\/originltd.com\/#website","url":"https:\/\/originltd.com\/","name":"Origin Pharma Packaging","description":"","publisher":{"@id":"https:\/\/originltd.com\/#organization"},"alternateName":"Origin Ltd.","potentialAction":[{"@type":"SearchAction","target":{"@type":"EntryPoint","urlTemplate":"https:\/\/originltd.com\/?s={search_term_string}"},"query-input":{"@type":"PropertyValueSpecification","valueRequired":true,"valueName":"search_term_string"}}],"inLanguage":"fr-FR"},{"@type":"Organization","@id":"https:\/\/originltd.com\/#organization","name":"Origin Pharma Packaging","url":"https:\/\/originltd.com\/","logo":{"@type":"ImageObject","inLanguage":"fr-FR","@id":"https:\/\/originltd.com\/#\/schema\/logo\/image\/","url":"https:\/\/originltd.com\/wp-content\/uploads\/2024\/06\/cropped-Origin-logo-For-Health-For-Life-RGB@10x.png","contentUrl":"https:\/\/originltd.com\/wp-content\/uploads\/2024\/06\/cropped-Origin-logo-For-Health-For-Life-RGB@10x.png","width":227,"height":65,"caption":"Origin Pharma Packaging"},"image":{"@id":"https:\/\/originltd.com\/#\/schema\/logo\/image\/"},"sameAs":["https:\/\/www.facebook.com\/originpharmapackaging","https:\/\/x.com\/originpharma","https:\/\/www.linkedin.com\/company\/origin-packaging-ltd\/","https:\/\/www.youtube.com\/channel\/UCOOJl3eFOiO7lJT6f5qHygA"]}]}},"_links":{"self":[{"href":"https:\/\/originltd.com\/fr\/wp-json\/wp\/v2\/product\/1282","targetHints":{"allow":["GET"]}}],"collection":[{"href":"https:\/\/originltd.com\/fr\/wp-json\/wp\/v2\/product"}],"about":[{"href":"https:\/\/originltd.com\/fr\/wp-json\/wp\/v2\/types\/product"}],"replies":[{"embeddable":true,"href":"https:\/\/originltd.com\/fr\/wp-json\/wp\/v2\/comments?post=1282"}],"wp:featuredmedia":[{"embeddable":true,"href":"https:\/\/originltd.com\/fr\/wp-json\/wp\/v2\/media\/3537"}],"wp:attachment":[{"href":"https:\/\/originltd.com\/fr\/wp-json\/wp\/v2\/media?parent=1282"}],"wp:term":[{"taxonomy":"product_brand","embeddable":true,"href":"https:\/\/originltd.com\/fr\/wp-json\/wp\/v2\/product_brand?post=1282"},{"taxonomy":"product_cat","embeddable":true,"href":"https:\/\/originltd.com\/fr\/wp-json\/wp\/v2\/product_cat?post=1282"},{"taxonomy":"product_tag","embeddable":true,"href":"https:\/\/originltd.com\/fr\/wp-json\/wp\/v2\/product_tag?post=1282"}],"curies":[{"name":"wp","href":"https:\/\/api.w.org\/{rel}","templated":true}]}}