
{"id":1277,"date":"2018-02-07T16:48:51","date_gmt":"2018-02-07T16:48:51","guid":{"rendered":"https:\/\/dev.originltd.com\/product\/pp28-child-resistant-closure\/"},"modified":"2025-09-25T15:07:08","modified_gmt":"2025-09-25T14:07:08","slug":"pp28-child-resistant-closures","status":"publish","type":"product","link":"https:\/\/originltd.com\/fr\/product\/pp28-child-resistant-closures\/","title":{"rendered":"Dispositifs de fermeture PP28 \u00e0 l'\u00e9preuve des enfants"},"content":{"rendered":"","protected":false},"excerpt":{"rendered":"<h3>Dispositifs de fermeture \u00e0 l'\u00e9preuve des enfants, con\u00e7us et fabriqu\u00e9s par la soci\u00e9t\u00e9 Origin<\/h3>\n<div class=\"video-wrap\">\n<ul>\n<li class=\"responsive-video\">Une conception \u00e0 l'\u00e9preuve des enfants ;<\/li>\n<li class=\"responsive-video\">un conditionnement en gros volumes ;<\/li>\n<li class=\"responsive-video\">une durabilit\u00e9 accrue (proportion de  polym\u00e8re r\u00e9duite).<\/li>\n<\/ul>\n<\/div>\n<p>Le nouveau PP28 <b>fermeture \u00e0 l'\u00e9preuve des enfants<\/b> a \u00e9t\u00e9 con\u00e7ue, \u00e9labor\u00e9e et optimis\u00e9e strat\u00e9giquement pour devenir l'une des plus l\u00e9g\u00e8res de sa cat\u00e9gorie. Ces fermetures CRC ont la plus faible teneur en polym\u00e8re possible tout en conservant une premi\u00e8re ligne de d\u00e9fense robuste et efficace contre l'acc\u00e8s des enfants.<\/p>\n<p>Un dispositif de fermeture qui favorise la durabilit\u00e9 - en fonction des caract\u00e9ristiques techniques qui vous seront propres, nous pourrons r\u00e9duire vos restrictions actuelles en mati\u00e8re de d\u00e9chets jusqu'\u00e0 50 % en ayant recours \u00e0 des m\u00e9thodes de production en vrac.<\/p>\n<p>La fermeture \u00e0 l'\u00e9preuve des enfants peut \u00eatre produite en polym\u00e8res de qualit\u00e9 alimentaire ou de pharmacop\u00e9e europ\u00e9enne et am\u00e9ricaine et peut \u00eatre fabriqu\u00e9e en salle blanche pour r\u00e9pondre \u00e0 votre protocole de production sp\u00e9cifique. Le bouchon offre des possibilit\u00e9s in\u00e9gal\u00e9es de promotion de la marque, ce qui est essentiel dans le march\u00e9 concurrentiel d'aujourd'hui. Il peut \u00eatre produit dans pratiquement n'importe quelle couleur et la couronne du bouchon est \u00e9galement personnalisable au moyen d'un outil interchangeable, offrant un design gaufr\u00e9 de votre choix.<\/p>\n<p>Toute une gamme de rondelles  et d'accessoires est \u00e9galement disponible pour ce nouveau dispositif et la surimpression du gaufrage est en option.<\/p>\n<p>Approuv\u00e9 selon les normes ISO8317 et 16CFR1700.20, ce produit repr\u00e9sente une solution rafra\u00eechissante pour la conformit\u00e9 \u00e0 la s\u00e9curit\u00e9 des enfants, o\u00f9 que vous soyez dans le monde. Nous avons \u00e9galement pris en compte la cha\u00eene d'approvisionnement ; l'appareil peut \u00eatre fourni dans un emballage con\u00e7u pour r\u00e9duire les d\u00e9chets.<\/p>\n<p>Nous red\u00e9finissons continuellement nos bouchons gr\u00e2ce \u00e0 notre d\u00e9partement NPD, Origin peut vous aider \u00e0 d\u00e9velopper des designs optimaux pour une livraison de haute performance.<\/p>","protected":false},"featured_media":4220,"comment_status":"open","ping_status":"closed","template":"","meta":{"_acf_changed":false},"product_brand":[],"product_cat":[2160,2158,97,96],"product_tag":[],"class_list":{"0":"post-1277","1":"product","2":"type-product","3":"status-publish","4":"has-post-thumbnail","6":"product_cat-closures","7":"product_cat-child-resistant-packaging","8":"product_cat-closures-dispensers","9":"product_cat-plastic","11":"first","12":"instock","13":"sold-individually","14":"shipping-taxable","15":"purchasable","16":"product-type-simple"},"acf":[],"yoast_head":"<!-- This site is optimized with the Yoast SEO plugin v27.3 - https:\/\/yoast.com\/product\/yoast-seo-wordpress\/ -->\n<title>PP28 Child Resistant Closure | Origin Pharma Packaging<\/title>\n<meta name=\"description\" content=\"Find out about PP28 child-resistant closures available from Origin, bulk supplier of packaging for use in the pharmaceutical industry. Order a sample today.\" \/>\n<meta name=\"robots\" content=\"index, follow, max-snippet:-1, max-image-preview:large, max-video-preview:-1\" \/>\n<link rel=\"canonical\" href=\"https:\/\/originltd.com\/fr\/produit\/pp28-child-resistant-closures\/\" \/>\n<meta property=\"og:locale\" content=\"fr_FR\" \/>\n<meta property=\"og:type\" content=\"article\" \/>\n<meta property=\"og:title\" content=\"PP28 Child Resistant Closure | Origin Pharma Packaging\" \/>\n<meta property=\"og:description\" content=\"Find out about PP28 child-resistant closures available from Origin, bulk supplier of packaging for use in the pharmaceutical industry. Order a sample today.\" \/>\n<meta property=\"og:url\" content=\"https:\/\/originltd.com\/fr\/produit\/pp28-child-resistant-closures\/\" \/>\n<meta property=\"og:site_name\" content=\"Origin Pharma Packaging\" \/>\n<meta property=\"article:publisher\" content=\"https:\/\/www.facebook.com\/originpharmapackaging\" \/>\n<meta property=\"article:modified_time\" content=\"2025-09-25T14:07:08+00:00\" \/>\n<meta property=\"og:image\" content=\"https:\/\/originltd.com\/wp-content\/uploads\/2018\/02\/CK9oux8g-scaled.jpeg\" \/>\n\t<meta property=\"og:image:width\" content=\"1707\" \/>\n\t<meta property=\"og:image:height\" content=\"2560\" \/>\n\t<meta property=\"og:image:type\" content=\"image\/jpeg\" \/>\n<meta name=\"twitter:card\" content=\"summary_large_image\" \/>\n<meta name=\"twitter:site\" content=\"@originpharma\" \/>\n<meta name=\"twitter:label1\" content=\"Dur\u00e9e de lecture estim\u00e9e\" \/>\n\t<meta name=\"twitter:data1\" content=\"1 minute\" \/>\n<script type=\"application\/ld+json\" class=\"yoast-schema-graph\">{\"@context\":\"https:\\\/\\\/schema.org\",\"@graph\":[{\"@type\":\"WebPage\",\"@id\":\"https:\\\/\\\/originltd.com\\\/product\\\/pp28-child-resistant-closures\\\/\",\"url\":\"https:\\\/\\\/originltd.com\\\/product\\\/pp28-child-resistant-closures\\\/\",\"name\":\"PP28 Child Resistant Closure | Origin Pharma Packaging\",\"isPartOf\":{\"@id\":\"https:\\\/\\\/originltd.com\\\/#website\"},\"primaryImageOfPage\":{\"@id\":\"https:\\\/\\\/originltd.com\\\/product\\\/pp28-child-resistant-closures\\\/#primaryimage\"},\"image\":{\"@id\":\"https:\\\/\\\/originltd.com\\\/product\\\/pp28-child-resistant-closures\\\/#primaryimage\"},\"thumbnailUrl\":\"https:\\\/\\\/originltd.com\\\/wp-content\\\/uploads\\\/2018\\\/02\\\/CK9oux8g-scaled.jpeg\",\"datePublished\":\"2018-02-07T16:48:51+00:00\",\"dateModified\":\"2025-09-25T14:07:08+00:00\",\"description\":\"Find out about PP28 child-resistant closures available from Origin, bulk supplier of packaging for use in the pharmaceutical industry. Order a sample today.\",\"breadcrumb\":{\"@id\":\"https:\\\/\\\/originltd.com\\\/product\\\/pp28-child-resistant-closures\\\/#breadcrumb\"},\"inLanguage\":\"fr-FR\",\"potentialAction\":[{\"@type\":\"ReadAction\",\"target\":[\"https:\\\/\\\/originltd.com\\\/product\\\/pp28-child-resistant-closures\\\/\"]}]},{\"@type\":\"ImageObject\",\"inLanguage\":\"fr-FR\",\"@id\":\"https:\\\/\\\/originltd.com\\\/product\\\/pp28-child-resistant-closures\\\/#primaryimage\",\"url\":\"https:\\\/\\\/originltd.com\\\/wp-content\\\/uploads\\\/2018\\\/02\\\/CK9oux8g-scaled.jpeg\",\"contentUrl\":\"https:\\\/\\\/originltd.com\\\/wp-content\\\/uploads\\\/2018\\\/02\\\/CK9oux8g-scaled.jpeg\",\"width\":1707,\"height\":2560,\"caption\":\"PP28 Child Resistant Closure\"},{\"@type\":\"BreadcrumbList\",\"@id\":\"https:\\\/\\\/originltd.com\\\/product\\\/pp28-child-resistant-closures\\\/#breadcrumb\",\"itemListElement\":[{\"@type\":\"ListItem\",\"position\":1,\"name\":\"Home\",\"item\":\"https:\\\/\\\/originltd.com\\\/\"},{\"@type\":\"ListItem\",\"position\":2,\"name\":\"Pharmaceutical Packaging Products\",\"item\":\"https:\\\/\\\/originltd.com\\\/pharmaceutical-packaging\\\/\"},{\"@type\":\"ListItem\",\"position\":3,\"name\":\"Child-Resistant Packaging\",\"item\":\"https:\\\/\\\/originltd.com\\\/packaging\\\/child-resistant-packaging\\\/\"},{\"@type\":\"ListItem\",\"position\":4,\"name\":\"PP28 Child Resistant Closures\"}]},{\"@type\":\"WebSite\",\"@id\":\"https:\\\/\\\/originltd.com\\\/#website\",\"url\":\"https:\\\/\\\/originltd.com\\\/\",\"name\":\"Origin Pharma Packaging\",\"description\":\"\",\"publisher\":{\"@id\":\"https:\\\/\\\/originltd.com\\\/#organization\"},\"alternateName\":\"Origin Ltd.\",\"potentialAction\":[{\"@type\":\"SearchAction\",\"target\":{\"@type\":\"EntryPoint\",\"urlTemplate\":\"https:\\\/\\\/originltd.com\\\/?s={search_term_string}\"},\"query-input\":{\"@type\":\"PropertyValueSpecification\",\"valueRequired\":true,\"valueName\":\"search_term_string\"}}],\"inLanguage\":\"fr-FR\"},{\"@type\":\"Organization\",\"@id\":\"https:\\\/\\\/originltd.com\\\/#organization\",\"name\":\"Origin Pharma Packaging\",\"url\":\"https:\\\/\\\/originltd.com\\\/\",\"logo\":{\"@type\":\"ImageObject\",\"inLanguage\":\"fr-FR\",\"@id\":\"https:\\\/\\\/originltd.com\\\/#\\\/schema\\\/logo\\\/image\\\/\",\"url\":\"https:\\\/\\\/originltd.com\\\/wp-content\\\/uploads\\\/2024\\\/06\\\/cropped-Origin-logo-For-Health-For-Life-RGB@10x.png\",\"contentUrl\":\"https:\\\/\\\/originltd.com\\\/wp-content\\\/uploads\\\/2024\\\/06\\\/cropped-Origin-logo-For-Health-For-Life-RGB@10x.png\",\"width\":227,\"height\":65,\"caption\":\"Origin Pharma Packaging\"},\"image\":{\"@id\":\"https:\\\/\\\/originltd.com\\\/#\\\/schema\\\/logo\\\/image\\\/\"},\"sameAs\":[\"https:\\\/\\\/www.facebook.com\\\/originpharmapackaging\",\"https:\\\/\\\/x.com\\\/originpharma\",\"https:\\\/\\\/www.linkedin.com\\\/company\\\/origin-packaging-ltd\\\/\",\"https:\\\/\\\/www.youtube.com\\\/channel\\\/UCOOJl3eFOiO7lJT6f5qHygA\"]}]}<\/script>\n<!-- \/ Yoast SEO plugin. -->","yoast_head_json":{"title":"PP28 Child Resistant Closure | Origin Pharma Packaging","description":"D\u00e9couvrez les bouchons de s\u00e9curit\u00e9 enfants PP28 propos\u00e9s par Origin, fournisseur d'emballages en vrac pour l'industrie pharmaceutique. Commandez un \u00e9chantillon d\u00e8s aujourd'hui.","robots":{"index":"index","follow":"follow","max-snippet":"max-snippet:-1","max-image-preview":"max-image-preview:large","max-video-preview":"max-video-preview:-1"},"canonical":"https:\/\/originltd.com\/fr\/produit\/pp28-child-resistant-closures\/","og_locale":"fr_FR","og_type":"article","og_title":"PP28 Child Resistant Closure | Origin Pharma Packaging","og_description":"Find out about PP28 child-resistant closures available from Origin, bulk supplier of packaging for use in the pharmaceutical industry. Order a sample today.","og_url":"https:\/\/originltd.com\/fr\/produit\/pp28-child-resistant-closures\/","og_site_name":"Origin Pharma Packaging","article_publisher":"https:\/\/www.facebook.com\/originpharmapackaging","article_modified_time":"2025-09-25T14:07:08+00:00","og_image":[{"width":1707,"height":2560,"url":"https:\/\/originltd.com\/wp-content\/uploads\/2018\/02\/CK9oux8g-scaled.jpeg","type":"image\/jpeg"}],"twitter_card":"summary_large_image","twitter_site":"@originpharma","twitter_misc":{"Dur\u00e9e de lecture estim\u00e9e":"1 minute"},"schema":{"@context":"https:\/\/schema.org","@graph":[{"@type":"WebPage","@id":"https:\/\/originltd.com\/product\/pp28-child-resistant-closures\/","url":"https:\/\/originltd.com\/product\/pp28-child-resistant-closures\/","name":"PP28 Child Resistant Closure | Origin Pharma Packaging","isPartOf":{"@id":"https:\/\/originltd.com\/#website"},"primaryImageOfPage":{"@id":"https:\/\/originltd.com\/product\/pp28-child-resistant-closures\/#primaryimage"},"image":{"@id":"https:\/\/originltd.com\/product\/pp28-child-resistant-closures\/#primaryimage"},"thumbnailUrl":"https:\/\/originltd.com\/wp-content\/uploads\/2018\/02\/CK9oux8g-scaled.jpeg","datePublished":"2018-02-07T16:48:51+00:00","dateModified":"2025-09-25T14:07:08+00:00","description":"D\u00e9couvrez les bouchons de s\u00e9curit\u00e9 enfants PP28 propos\u00e9s par Origin, fournisseur d'emballages en vrac pour l'industrie pharmaceutique. Commandez un \u00e9chantillon d\u00e8s aujourd'hui.","breadcrumb":{"@id":"https:\/\/originltd.com\/product\/pp28-child-resistant-closures\/#breadcrumb"},"inLanguage":"fr-FR","potentialAction":[{"@type":"ReadAction","target":["https:\/\/originltd.com\/product\/pp28-child-resistant-closures\/"]}]},{"@type":"ImageObject","inLanguage":"fr-FR","@id":"https:\/\/originltd.com\/product\/pp28-child-resistant-closures\/#primaryimage","url":"https:\/\/originltd.com\/wp-content\/uploads\/2018\/02\/CK9oux8g-scaled.jpeg","contentUrl":"https:\/\/originltd.com\/wp-content\/uploads\/2018\/02\/CK9oux8g-scaled.jpeg","width":1707,"height":2560,"caption":"PP28 Child Resistant Closure"},{"@type":"BreadcrumbList","@id":"https:\/\/originltd.com\/product\/pp28-child-resistant-closures\/#breadcrumb","itemListElement":[{"@type":"ListItem","position":1,"name":"Home","item":"https:\/\/originltd.com\/"},{"@type":"ListItem","position":2,"name":"Pharmaceutical Packaging Products","item":"https:\/\/originltd.com\/pharmaceutical-packaging\/"},{"@type":"ListItem","position":3,"name":"Child-Resistant Packaging","item":"https:\/\/originltd.com\/packaging\/child-resistant-packaging\/"},{"@type":"ListItem","position":4,"name":"PP28 Child Resistant Closures"}]},{"@type":"WebSite","@id":"https:\/\/originltd.com\/#website","url":"https:\/\/originltd.com\/","name":"Origin Pharma Packaging","description":"","publisher":{"@id":"https:\/\/originltd.com\/#organization"},"alternateName":"Origin Ltd.","potentialAction":[{"@type":"SearchAction","target":{"@type":"EntryPoint","urlTemplate":"https:\/\/originltd.com\/?s={search_term_string}"},"query-input":{"@type":"PropertyValueSpecification","valueRequired":true,"valueName":"search_term_string"}}],"inLanguage":"fr-FR"},{"@type":"Organization","@id":"https:\/\/originltd.com\/#organization","name":"Origin Pharma Packaging","url":"https:\/\/originltd.com\/","logo":{"@type":"ImageObject","inLanguage":"fr-FR","@id":"https:\/\/originltd.com\/#\/schema\/logo\/image\/","url":"https:\/\/originltd.com\/wp-content\/uploads\/2024\/06\/cropped-Origin-logo-For-Health-For-Life-RGB@10x.png","contentUrl":"https:\/\/originltd.com\/wp-content\/uploads\/2024\/06\/cropped-Origin-logo-For-Health-For-Life-RGB@10x.png","width":227,"height":65,"caption":"Origin Pharma Packaging"},"image":{"@id":"https:\/\/originltd.com\/#\/schema\/logo\/image\/"},"sameAs":["https:\/\/www.facebook.com\/originpharmapackaging","https:\/\/x.com\/originpharma","https:\/\/www.linkedin.com\/company\/origin-packaging-ltd\/","https:\/\/www.youtube.com\/channel\/UCOOJl3eFOiO7lJT6f5qHygA"]}]}},"_links":{"self":[{"href":"https:\/\/originltd.com\/fr\/wp-json\/wp\/v2\/product\/1277","targetHints":{"allow":["GET"]}}],"collection":[{"href":"https:\/\/originltd.com\/fr\/wp-json\/wp\/v2\/product"}],"about":[{"href":"https:\/\/originltd.com\/fr\/wp-json\/wp\/v2\/types\/product"}],"replies":[{"embeddable":true,"href":"https:\/\/originltd.com\/fr\/wp-json\/wp\/v2\/comments?post=1277"}],"wp:featuredmedia":[{"embeddable":true,"href":"https:\/\/originltd.com\/fr\/wp-json\/wp\/v2\/media\/4220"}],"wp:attachment":[{"href":"https:\/\/originltd.com\/fr\/wp-json\/wp\/v2\/media?parent=1277"}],"wp:term":[{"taxonomy":"product_brand","embeddable":true,"href":"https:\/\/originltd.com\/fr\/wp-json\/wp\/v2\/product_brand?post=1277"},{"taxonomy":"product_cat","embeddable":true,"href":"https:\/\/originltd.com\/fr\/wp-json\/wp\/v2\/product_cat?post=1277"},{"taxonomy":"product_tag","embeddable":true,"href":"https:\/\/originltd.com\/fr\/wp-json\/wp\/v2\/product_tag?post=1277"}],"curies":[{"name":"wp","href":"https:\/\/api.w.org\/{rel}","templated":true}]}}