
{"id":1268,"date":"2018-02-07T16:48:50","date_gmt":"2018-02-07T16:48:50","guid":{"rendered":"https:\/\/dev.originltd.com\/product\/spoons\/"},"modified":"2025-09-25T15:07:17","modified_gmt":"2025-09-25T14:07:17","slug":"spoons","status":"publish","type":"product","link":"https:\/\/originltd.com\/fr\/product\/spoons\/","title":{"rendered":"Cuillers \u00e0 m\u00e9dicaments en plastique"},"content":{"rendered":"<p><span style=\"font-weight: 400;\">Nos cuill\u00e8res \u00e0 pharmacie en plastique sont disponibles en version \u00e0 une ou deux extr\u00e9mit\u00e9s. La version \u00e0 simple embout comporte un bol de 5 ml, tandis que la version \u00e0 double embout comporte un bol de 5 ml et un bol de 2,5 ml.<\/span><\/p>","protected":false},"excerpt":{"rendered":"<p><span style=\"font-weight: 400;\">Nous proposons du plastique<\/span><span style=\"font-weight: 400;\"> cuill\u00e8res \u00e0 pharmacie qui sont <\/span><span style=\"font-weight: 400;\">simple<\/span><span style=\"font-weight: 400;\"> et \u00e0 double extr\u00e9mit\u00e9, <\/span><span style=\"font-weight: 400;\">destin\u00e9 \u00e0 \u00eatre utilis\u00e9 comme<\/span><span style=\"font-weight: 400;\"> cuill\u00e8res doseuses pour mesurer les m\u00e9dicaments.<\/span><\/p>\n<p><span style=\"font-weight: 400;\">Origin est un fournisseur en gros de cuill\u00e8res de dosage de m\u00e9dicaments st\u00e9riles utilis\u00e9es dans les cliniques, les h\u00f4pitaux et les emballages de produits pharmaceutiques pour mesurer efficacement les m\u00e9dicaments liquides. <\/span><span style=\"font-weight: 400;\">Ces <\/span><a href=\"https:\/\/originltd.com\/fr\/packaging\/dispensing-aid\/\"><span style=\"font-weight: 400;\">dispositifs de mesure des m\u00e9dicaments liquides<\/span><\/a><span style=\"font-weight: 400;\"> sont souvent<\/span><span style=\"font-weight: 400;\"> utilis\u00e9 pour la mesure et l'administration (pour les b\u00e9b\u00e9s et les enfants) de m\u00e9dicaments oraux. <\/span><span style=\"font-weight: 400;\">des m\u00e9dicaments, tels que des antitussifs<\/span><span style=\"font-weight: 400;\"> sirops.<\/span><\/p>\n<h3><span style=\"font-weight: 400;\">Caract\u00e9ristiques principales :<\/span><\/h3>\n<ul>\n<li style=\"font-weight: 400;\" aria-level=\"1\"><span style=\"font-weight: 400;\">Le cas \u00e9ch\u00e9ant, conformes \u00e0 la norme BS3221:6<\/span><\/li>\n<li style=\"font-weight: 400;\" aria-level=\"1\"><span style=\"font-weight: 400;\">marquage CE pour en authentifier la source ;<\/span><\/li>\n<li style=\"font-weight: 400;\" aria-level=\"1\"><span style=\"font-weight: 400;\">Unique...<\/span><span style=\"font-weight: 400;\"> mais aussi <\/span><span style=\"font-weight: 400;\">double<\/span><span style=\"font-weight: 400;\">-Options d'embouts pour un volume de dosage vari\u00e9<\/span><\/li>\n<\/ul>\n<h3><span style=\"font-weight: 400;\">Utilisations appropri\u00e9es :<\/span><\/h3>\n<ul>\n<li style=\"font-weight: 400;\" aria-level=\"1\"><span style=\"font-weight: 400;\">Administration de m\u00e9dicaments par voie orale pour les b\u00e9b\u00e9s et les enfants<\/span><\/li>\n<\/ul>","protected":false},"featured_media":4091,"comment_status":"open","ping_status":"closed","template":"","meta":{"_acf_changed":false},"product_brand":[],"product_cat":[100,96],"product_tag":[],"class_list":{"0":"post-1268","1":"product","2":"type-product","3":"status-publish","4":"has-post-thumbnail","6":"product_cat-dispensing-aid","7":"product_cat-plastic","9":"first","10":"instock","11":"sold-individually","12":"shipping-taxable","13":"purchasable","14":"product-type-simple"},"acf":[],"yoast_head":"<!-- This site is optimized with the Yoast SEO plugin v27.3 - https:\/\/yoast.com\/product\/yoast-seo-wordpress\/ -->\n<title>Plastic Medicine Spoons | Origin Pharma Packaging<\/title>\n<meta name=\"description\" content=\"Find out about plastic medical spoons available from Origin, bulk supplier of packaging for use in the pharmaceutical industry. Order a sample or get in touch for more details.\" \/>\n<meta name=\"robots\" content=\"index, follow, max-snippet:-1, max-image-preview:large, max-video-preview:-1\" \/>\n<link rel=\"canonical\" href=\"https:\/\/originltd.com\/fr\/produit\/spoons\/\" \/>\n<meta property=\"og:locale\" content=\"fr_FR\" \/>\n<meta property=\"og:type\" content=\"article\" \/>\n<meta property=\"og:title\" content=\"Plastic Medicine Spoons | Origin Pharma Packaging\" \/>\n<meta property=\"og:description\" content=\"Find out about plastic medical spoons available from Origin, bulk supplier of packaging for use in the pharmaceutical industry. Order a sample or get in touch for more details.\" \/>\n<meta property=\"og:url\" content=\"https:\/\/originltd.com\/fr\/produit\/spoons\/\" \/>\n<meta property=\"og:site_name\" content=\"Origin Pharma Packaging\" \/>\n<meta property=\"article:publisher\" content=\"https:\/\/www.facebook.com\/originpharmapackaging\" \/>\n<meta property=\"article:modified_time\" content=\"2025-09-25T14:07:17+00:00\" \/>\n<meta property=\"og:image\" content=\"https:\/\/originltd.com\/wp-content\/uploads\/2018\/02\/2I6J67Sk-scaled.jpeg\" \/>\n\t<meta property=\"og:image:width\" content=\"1707\" \/>\n\t<meta property=\"og:image:height\" content=\"2560\" \/>\n\t<meta property=\"og:image:type\" content=\"image\/jpeg\" \/>\n<meta name=\"twitter:card\" content=\"summary_large_image\" \/>\n<meta name=\"twitter:site\" content=\"@originpharma\" \/>\n<meta name=\"twitter:label1\" content=\"Dur\u00e9e de lecture estim\u00e9e\" \/>\n\t<meta name=\"twitter:data1\" content=\"1 minute\" \/>\n<script type=\"application\/ld+json\" class=\"yoast-schema-graph\">{\"@context\":\"https:\\\/\\\/schema.org\",\"@graph\":[{\"@type\":\"WebPage\",\"@id\":\"https:\\\/\\\/originltd.com\\\/product\\\/spoons\\\/\",\"url\":\"https:\\\/\\\/originltd.com\\\/product\\\/spoons\\\/\",\"name\":\"Plastic Medicine Spoons | Origin Pharma Packaging\",\"isPartOf\":{\"@id\":\"https:\\\/\\\/originltd.com\\\/#website\"},\"primaryImageOfPage\":{\"@id\":\"https:\\\/\\\/originltd.com\\\/product\\\/spoons\\\/#primaryimage\"},\"image\":{\"@id\":\"https:\\\/\\\/originltd.com\\\/product\\\/spoons\\\/#primaryimage\"},\"thumbnailUrl\":\"https:\\\/\\\/originltd.com\\\/wp-content\\\/uploads\\\/2018\\\/02\\\/2I6J67Sk-scaled.jpeg\",\"datePublished\":\"2018-02-07T16:48:50+00:00\",\"dateModified\":\"2025-09-25T14:07:17+00:00\",\"description\":\"Find out about plastic medical spoons available from Origin, bulk supplier of packaging for use in the pharmaceutical industry. Order a sample or get in touch for more details.\",\"breadcrumb\":{\"@id\":\"https:\\\/\\\/originltd.com\\\/product\\\/spoons\\\/#breadcrumb\"},\"inLanguage\":\"fr-FR\",\"potentialAction\":[{\"@type\":\"ReadAction\",\"target\":[\"https:\\\/\\\/originltd.com\\\/product\\\/spoons\\\/\"]}]},{\"@type\":\"ImageObject\",\"inLanguage\":\"fr-FR\",\"@id\":\"https:\\\/\\\/originltd.com\\\/product\\\/spoons\\\/#primaryimage\",\"url\":\"https:\\\/\\\/originltd.com\\\/wp-content\\\/uploads\\\/2018\\\/02\\\/2I6J67Sk-scaled.jpeg\",\"contentUrl\":\"https:\\\/\\\/originltd.com\\\/wp-content\\\/uploads\\\/2018\\\/02\\\/2I6J67Sk-scaled.jpeg\",\"width\":1707,\"height\":2560,\"caption\":\"Medicine spoons\"},{\"@type\":\"BreadcrumbList\",\"@id\":\"https:\\\/\\\/originltd.com\\\/product\\\/spoons\\\/#breadcrumb\",\"itemListElement\":[{\"@type\":\"ListItem\",\"position\":1,\"name\":\"Home\",\"item\":\"https:\\\/\\\/originltd.com\\\/\"},{\"@type\":\"ListItem\",\"position\":2,\"name\":\"Pharmaceutical Packaging Products\",\"item\":\"https:\\\/\\\/originltd.com\\\/pharmaceutical-packaging\\\/\"},{\"@type\":\"ListItem\",\"position\":3,\"name\":\"Plastic Packaging\",\"item\":\"https:\\\/\\\/originltd.com\\\/packaging\\\/plastic\\\/\"},{\"@type\":\"ListItem\",\"position\":4,\"name\":\"Plastic Medicine Spoons\"}]},{\"@type\":\"WebSite\",\"@id\":\"https:\\\/\\\/originltd.com\\\/#website\",\"url\":\"https:\\\/\\\/originltd.com\\\/\",\"name\":\"Origin Pharma Packaging\",\"description\":\"\",\"publisher\":{\"@id\":\"https:\\\/\\\/originltd.com\\\/#organization\"},\"alternateName\":\"Origin Ltd.\",\"potentialAction\":[{\"@type\":\"SearchAction\",\"target\":{\"@type\":\"EntryPoint\",\"urlTemplate\":\"https:\\\/\\\/originltd.com\\\/?s={search_term_string}\"},\"query-input\":{\"@type\":\"PropertyValueSpecification\",\"valueRequired\":true,\"valueName\":\"search_term_string\"}}],\"inLanguage\":\"fr-FR\"},{\"@type\":\"Organization\",\"@id\":\"https:\\\/\\\/originltd.com\\\/#organization\",\"name\":\"Origin Pharma Packaging\",\"url\":\"https:\\\/\\\/originltd.com\\\/\",\"logo\":{\"@type\":\"ImageObject\",\"inLanguage\":\"fr-FR\",\"@id\":\"https:\\\/\\\/originltd.com\\\/#\\\/schema\\\/logo\\\/image\\\/\",\"url\":\"https:\\\/\\\/originltd.com\\\/wp-content\\\/uploads\\\/2024\\\/06\\\/cropped-Origin-logo-For-Health-For-Life-RGB@10x.png\",\"contentUrl\":\"https:\\\/\\\/originltd.com\\\/wp-content\\\/uploads\\\/2024\\\/06\\\/cropped-Origin-logo-For-Health-For-Life-RGB@10x.png\",\"width\":227,\"height\":65,\"caption\":\"Origin Pharma Packaging\"},\"image\":{\"@id\":\"https:\\\/\\\/originltd.com\\\/#\\\/schema\\\/logo\\\/image\\\/\"},\"sameAs\":[\"https:\\\/\\\/www.facebook.com\\\/originpharmapackaging\",\"https:\\\/\\\/x.com\\\/originpharma\",\"https:\\\/\\\/www.linkedin.com\\\/company\\\/origin-packaging-ltd\\\/\",\"https:\\\/\\\/www.youtube.com\\\/channel\\\/UCOOJl3eFOiO7lJT6f5qHygA\"]}]}<\/script>\n<!-- \/ Yoast SEO plugin. -->","yoast_head_json":{"title":"Cuill\u00e8res \u00e0 m\u00e9dicaments en plastique | Origin Pharma Packaging","description":"D\u00e9couvrez les cuill\u00e8res m\u00e9dicales en plastique propos\u00e9es par Origin, fournisseur d'emballages en vrac destin\u00e9s \u00e0 l'industrie pharmaceutique. Commandez un \u00e9chantillon ou contactez-nous pour plus d'informations.","robots":{"index":"index","follow":"follow","max-snippet":"max-snippet:-1","max-image-preview":"max-image-preview:large","max-video-preview":"max-video-preview:-1"},"canonical":"https:\/\/originltd.com\/fr\/produit\/spoons\/","og_locale":"fr_FR","og_type":"article","og_title":"Plastic Medicine Spoons | Origin Pharma Packaging","og_description":"Find out about plastic medical spoons available from Origin, bulk supplier of packaging for use in the pharmaceutical industry. Order a sample or get in touch for more details.","og_url":"https:\/\/originltd.com\/fr\/produit\/spoons\/","og_site_name":"Origin Pharma Packaging","article_publisher":"https:\/\/www.facebook.com\/originpharmapackaging","article_modified_time":"2025-09-25T14:07:17+00:00","og_image":[{"width":1707,"height":2560,"url":"https:\/\/originltd.com\/wp-content\/uploads\/2018\/02\/2I6J67Sk-scaled.jpeg","type":"image\/jpeg"}],"twitter_card":"summary_large_image","twitter_site":"@originpharma","twitter_misc":{"Dur\u00e9e de lecture estim\u00e9e":"1 minute"},"schema":{"@context":"https:\/\/schema.org","@graph":[{"@type":"WebPage","@id":"https:\/\/originltd.com\/product\/spoons\/","url":"https:\/\/originltd.com\/product\/spoons\/","name":"Cuill\u00e8res \u00e0 m\u00e9dicaments en plastique | Origin Pharma Packaging","isPartOf":{"@id":"https:\/\/originltd.com\/#website"},"primaryImageOfPage":{"@id":"https:\/\/originltd.com\/product\/spoons\/#primaryimage"},"image":{"@id":"https:\/\/originltd.com\/product\/spoons\/#primaryimage"},"thumbnailUrl":"https:\/\/originltd.com\/wp-content\/uploads\/2018\/02\/2I6J67Sk-scaled.jpeg","datePublished":"2018-02-07T16:48:50+00:00","dateModified":"2025-09-25T14:07:17+00:00","description":"D\u00e9couvrez les cuill\u00e8res m\u00e9dicales en plastique propos\u00e9es par Origin, fournisseur d'emballages en vrac destin\u00e9s \u00e0 l'industrie pharmaceutique. Commandez un \u00e9chantillon ou contactez-nous pour plus d'informations.","breadcrumb":{"@id":"https:\/\/originltd.com\/product\/spoons\/#breadcrumb"},"inLanguage":"fr-FR","potentialAction":[{"@type":"ReadAction","target":["https:\/\/originltd.com\/product\/spoons\/"]}]},{"@type":"ImageObject","inLanguage":"fr-FR","@id":"https:\/\/originltd.com\/product\/spoons\/#primaryimage","url":"https:\/\/originltd.com\/wp-content\/uploads\/2018\/02\/2I6J67Sk-scaled.jpeg","contentUrl":"https:\/\/originltd.com\/wp-content\/uploads\/2018\/02\/2I6J67Sk-scaled.jpeg","width":1707,"height":2560,"caption":"Medicine spoons"},{"@type":"BreadcrumbList","@id":"https:\/\/originltd.com\/product\/spoons\/#breadcrumb","itemListElement":[{"@type":"ListItem","position":1,"name":"Home","item":"https:\/\/originltd.com\/"},{"@type":"ListItem","position":2,"name":"Pharmaceutical Packaging Products","item":"https:\/\/originltd.com\/pharmaceutical-packaging\/"},{"@type":"ListItem","position":3,"name":"Plastic Packaging","item":"https:\/\/originltd.com\/packaging\/plastic\/"},{"@type":"ListItem","position":4,"name":"Plastic Medicine Spoons"}]},{"@type":"WebSite","@id":"https:\/\/originltd.com\/#website","url":"https:\/\/originltd.com\/","name":"Origin Pharma Packaging","description":"","publisher":{"@id":"https:\/\/originltd.com\/#organization"},"alternateName":"Origin Ltd.","potentialAction":[{"@type":"SearchAction","target":{"@type":"EntryPoint","urlTemplate":"https:\/\/originltd.com\/?s={search_term_string}"},"query-input":{"@type":"PropertyValueSpecification","valueRequired":true,"valueName":"search_term_string"}}],"inLanguage":"fr-FR"},{"@type":"Organization","@id":"https:\/\/originltd.com\/#organization","name":"Origin Pharma Packaging","url":"https:\/\/originltd.com\/","logo":{"@type":"ImageObject","inLanguage":"fr-FR","@id":"https:\/\/originltd.com\/#\/schema\/logo\/image\/","url":"https:\/\/originltd.com\/wp-content\/uploads\/2024\/06\/cropped-Origin-logo-For-Health-For-Life-RGB@10x.png","contentUrl":"https:\/\/originltd.com\/wp-content\/uploads\/2024\/06\/cropped-Origin-logo-For-Health-For-Life-RGB@10x.png","width":227,"height":65,"caption":"Origin Pharma Packaging"},"image":{"@id":"https:\/\/originltd.com\/#\/schema\/logo\/image\/"},"sameAs":["https:\/\/www.facebook.com\/originpharmapackaging","https:\/\/x.com\/originpharma","https:\/\/www.linkedin.com\/company\/origin-packaging-ltd\/","https:\/\/www.youtube.com\/channel\/UCOOJl3eFOiO7lJT6f5qHygA"]}]}},"_links":{"self":[{"href":"https:\/\/originltd.com\/fr\/wp-json\/wp\/v2\/product\/1268","targetHints":{"allow":["GET"]}}],"collection":[{"href":"https:\/\/originltd.com\/fr\/wp-json\/wp\/v2\/product"}],"about":[{"href":"https:\/\/originltd.com\/fr\/wp-json\/wp\/v2\/types\/product"}],"replies":[{"embeddable":true,"href":"https:\/\/originltd.com\/fr\/wp-json\/wp\/v2\/comments?post=1268"}],"wp:featuredmedia":[{"embeddable":true,"href":"https:\/\/originltd.com\/fr\/wp-json\/wp\/v2\/media\/4091"}],"wp:attachment":[{"href":"https:\/\/originltd.com\/fr\/wp-json\/wp\/v2\/media?parent=1268"}],"wp:term":[{"taxonomy":"product_brand","embeddable":true,"href":"https:\/\/originltd.com\/fr\/wp-json\/wp\/v2\/product_brand?post=1268"},{"taxonomy":"product_cat","embeddable":true,"href":"https:\/\/originltd.com\/fr\/wp-json\/wp\/v2\/product_cat?post=1268"},{"taxonomy":"product_tag","embeddable":true,"href":"https:\/\/originltd.com\/fr\/wp-json\/wp\/v2\/product_tag?post=1268"}],"curies":[{"name":"wp","href":"https:\/\/api.w.org\/{rel}","templated":true}]}}