
{"id":1255,"date":"2018-02-07T16:48:46","date_gmt":"2018-02-07T16:48:46","guid":{"rendered":"https:\/\/dev.originltd.com\/product\/plastic-ointment-jars-white-pre-capped\/"},"modified":"2025-10-07T16:05:54","modified_gmt":"2025-10-07T15:05:54","slug":"plastic-ointment-jars-white-pre-capped","status":"publish","type":"product","link":"https:\/\/originltd.com\/fr\/product\/plastic-ointment-jars-white-pre-capped\/","title":{"rendered":"Bocaux pr\u00e9-bouch\u00e9s \u00e0 pommade de 50 ml \u00e0 500 ml, en plastique blanc"},"content":{"rendered":"<p><span style=\"font-weight: 400;\">Vous pouvez commander nos pots de pommade en plastique blanc dans une large gamme de tailles allant de 50 ml \u00e0 500 ml. Ces options comprennent les pots \u00e0 pommade en plastique de 100 ml et les pots \u00e0 pommade en plastique de 300 ml.<\/span><\/p>","protected":false},"excerpt":{"rendered":"<p><span style=\"font-weight: 400;\">Nos pots de pommade en plastique blanc de 50 ml \u00e0 500 ml constituent une alternative \u00e9conomique.<\/span><span style=\"font-weight: 400;\"> pour ce type de jarre. <\/span><span style=\"font-weight: 400;\">Utilis\u00e9 pour conserver les produits \u00e0 base de cr\u00e8me<\/span><span style=\"font-weight: 400;\"> Cette forme de <\/span><a href=\"https:\/\/originltd.com\/fr\/packaging\/plastic\/\"><span style=\"font-weight: 400;\">emballages pharmaceutiques en plastique<\/span><\/a><span style=\"font-weight: 400;\"> est con\u00e7u et fabriqu\u00e9 dans un souci de durabilit\u00e9 afin de prot\u00e9ger le produit pendant toute la dur\u00e9e de son utilisation.<\/span><\/p>\n<h3><span style=\"font-weight: 400;\">Caract\u00e9ristiques principales :<\/span><\/h3>\n<ul>\n<li style=\"font-weight: 400;\" aria-level=\"1\"><span style=\"font-weight: 400;\">Des packs pratiques \u00e0 l'emploi : une gamme \u00e9tendue de tailles ;<\/span><\/li>\n<li style=\"font-weight: 400;\" aria-level=\"1\"><span style=\"font-weight: 400;\">Alternative peu co\u00fbteuse au pot en verre traditionnel<\/span><\/li>\n<li style=\"font-weight: 400;\" aria-level=\"1\"><span style=\"font-weight: 400;\">Fermeture par pression sur la face externe du bocal\u00a0<\/span><\/li>\n<\/ul>\n<h3><span style=\"font-weight: 400;\">Utilisations appropri\u00e9es :<\/span><\/h3>\n<ul>\n<li style=\"font-weight: 400;\" aria-level=\"1\"><span style=\"font-weight: 400;\">Convient au stockage de cr\u00e8mes, de lotions et de comprim\u00e9s<\/span><\/li>\n<\/ul>","protected":false},"featured_media":3498,"comment_status":"open","ping_status":"closed","template":"","meta":{"_acf_changed":false},"product_brand":[],"product_cat":[2207,2227,2206,96,109],"product_tag":[],"class_list":{"0":"post-1255","1":"product","2":"type-product","3":"status-publish","4":"has-post-thumbnail","6":"product_cat-health-wellbeing-packaging","7":"product_cat-lifestyle","8":"product_cat-pharmaceutical-packaging","9":"product_cat-plastic","10":"product_cat-hdpe-bottles","12":"first","13":"instock","14":"sold-individually","15":"shipping-taxable","16":"purchasable","17":"product-type-simple"},"acf":[],"yoast_head":"<!-- This site is optimized with the Yoast SEO plugin v27.5 - https:\/\/yoast.com\/product\/yoast-seo-wordpress\/ -->\n<title>50ml \u2013 500ml White Plastic Ointment Jars | Origin Pharma Packaging<\/title>\n<meta name=\"description\" content=\"Origins 50ml \u2013 500ml white plastic ornament jars are available in wholesale quantities for storing cream-based formulas. Find free samples and bulk-buying options.\" \/>\n<meta name=\"robots\" content=\"index, follow, max-snippet:-1, max-image-preview:large, max-video-preview:-1\" \/>\n<link rel=\"canonical\" href=\"https:\/\/originltd.com\/fr\/produit\/plastic-ointment-jars-white-pre-capped\/\" \/>\n<meta property=\"og:locale\" content=\"fr_FR\" \/>\n<meta property=\"og:type\" content=\"article\" \/>\n<meta property=\"og:title\" content=\"50ml \u2013 500ml White Plastic Ointment Jars | Origin Pharma Packaging\" \/>\n<meta property=\"og:description\" content=\"Origins 50ml \u2013 500ml white plastic ornament jars are available in wholesale quantities for storing cream-based formulas. Find free samples and bulk-buying options.\" \/>\n<meta property=\"og:url\" content=\"https:\/\/originltd.com\/fr\/produit\/plastic-ointment-jars-white-pre-capped\/\" \/>\n<meta property=\"og:site_name\" content=\"Origin Pharma Packaging\" \/>\n<meta property=\"article:publisher\" content=\"https:\/\/www.facebook.com\/originpharmapackaging\" \/>\n<meta property=\"article:modified_time\" content=\"2025-10-07T15:05:54+00:00\" \/>\n<meta property=\"og:image\" content=\"https:\/\/originltd.com\/wp-content\/uploads\/2018\/03\/straight-sided-jar1-scaled.jpg\" \/>\n\t<meta property=\"og:image:width\" content=\"1707\" \/>\n\t<meta property=\"og:image:height\" content=\"2560\" \/>\n\t<meta property=\"og:image:type\" content=\"image\/jpeg\" \/>\n<meta name=\"twitter:card\" content=\"summary_large_image\" \/>\n<meta name=\"twitter:site\" content=\"@originpharma\" \/>\n<meta name=\"twitter:label1\" content=\"Dur\u00e9e de lecture estim\u00e9e\" \/>\n\t<meta name=\"twitter:data1\" content=\"1 minute\" \/>\n<script type=\"application\/ld+json\" class=\"yoast-schema-graph\">{\"@context\":\"https:\\\/\\\/schema.org\",\"@graph\":[{\"@type\":\"WebPage\",\"@id\":\"https:\\\/\\\/originltd.com\\\/product\\\/plastic-ointment-jars-white-pre-capped\\\/\",\"url\":\"https:\\\/\\\/originltd.com\\\/product\\\/plastic-ointment-jars-white-pre-capped\\\/\",\"name\":\"50ml \u2013 500ml White Plastic Ointment Jars | Origin Pharma Packaging\",\"isPartOf\":{\"@id\":\"https:\\\/\\\/originltd.com\\\/#website\"},\"primaryImageOfPage\":{\"@id\":\"https:\\\/\\\/originltd.com\\\/product\\\/plastic-ointment-jars-white-pre-capped\\\/#primaryimage\"},\"image\":{\"@id\":\"https:\\\/\\\/originltd.com\\\/product\\\/plastic-ointment-jars-white-pre-capped\\\/#primaryimage\"},\"thumbnailUrl\":\"https:\\\/\\\/originltd.com\\\/wp-content\\\/uploads\\\/2018\\\/03\\\/straight-sided-jar1-scaled.jpg\",\"datePublished\":\"2018-02-07T16:48:46+00:00\",\"dateModified\":\"2025-10-07T15:05:54+00:00\",\"description\":\"Origins 50ml \u2013 500ml white plastic ornament jars are available in wholesale quantities for storing cream-based formulas. Find free samples and bulk-buying options.\",\"breadcrumb\":{\"@id\":\"https:\\\/\\\/originltd.com\\\/product\\\/plastic-ointment-jars-white-pre-capped\\\/#breadcrumb\"},\"inLanguage\":\"fr-FR\",\"potentialAction\":[{\"@type\":\"ReadAction\",\"target\":[\"https:\\\/\\\/originltd.com\\\/product\\\/plastic-ointment-jars-white-pre-capped\\\/\"]}]},{\"@type\":\"ImageObject\",\"inLanguage\":\"fr-FR\",\"@id\":\"https:\\\/\\\/originltd.com\\\/product\\\/plastic-ointment-jars-white-pre-capped\\\/#primaryimage\",\"url\":\"https:\\\/\\\/originltd.com\\\/wp-content\\\/uploads\\\/2018\\\/03\\\/straight-sided-jar1-scaled.jpg\",\"contentUrl\":\"https:\\\/\\\/originltd.com\\\/wp-content\\\/uploads\\\/2018\\\/03\\\/straight-sided-jar1-scaled.jpg\",\"width\":1707,\"height\":2560,\"caption\":\"Pre-capped white ointment jars\"},{\"@type\":\"BreadcrumbList\",\"@id\":\"https:\\\/\\\/originltd.com\\\/product\\\/plastic-ointment-jars-white-pre-capped\\\/#breadcrumb\",\"itemListElement\":[{\"@type\":\"ListItem\",\"position\":1,\"name\":\"Home\",\"item\":\"https:\\\/\\\/originltd.com\\\/\"},{\"@type\":\"ListItem\",\"position\":2,\"name\":\"Pharmaceutical Packaging Products\",\"item\":\"https:\\\/\\\/originltd.com\\\/pharmaceutical-packaging\\\/\"},{\"@type\":\"ListItem\",\"position\":3,\"name\":\"Plastic Packaging\",\"item\":\"https:\\\/\\\/originltd.com\\\/packaging\\\/plastic\\\/\"},{\"@type\":\"ListItem\",\"position\":4,\"name\":\"50ml-500ml Pre-Capped White Plastic Ointment Jars\"}]},{\"@type\":\"WebSite\",\"@id\":\"https:\\\/\\\/originltd.com\\\/#website\",\"url\":\"https:\\\/\\\/originltd.com\\\/\",\"name\":\"Origin Pharma Packaging\",\"description\":\"\",\"publisher\":{\"@id\":\"https:\\\/\\\/originltd.com\\\/#organization\"},\"alternateName\":\"Origin Ltd.\",\"potentialAction\":[{\"@type\":\"SearchAction\",\"target\":{\"@type\":\"EntryPoint\",\"urlTemplate\":\"https:\\\/\\\/originltd.com\\\/?s={search_term_string}\"},\"query-input\":{\"@type\":\"PropertyValueSpecification\",\"valueRequired\":true,\"valueName\":\"search_term_string\"}}],\"inLanguage\":\"fr-FR\"},{\"@type\":\"Organization\",\"@id\":\"https:\\\/\\\/originltd.com\\\/#organization\",\"name\":\"Origin Pharma Packaging\",\"url\":\"https:\\\/\\\/originltd.com\\\/\",\"logo\":{\"@type\":\"ImageObject\",\"inLanguage\":\"fr-FR\",\"@id\":\"https:\\\/\\\/originltd.com\\\/#\\\/schema\\\/logo\\\/image\\\/\",\"url\":\"https:\\\/\\\/originltd.com\\\/wp-content\\\/uploads\\\/2024\\\/06\\\/cropped-Origin-logo-For-Health-For-Life-RGB@10x.png\",\"contentUrl\":\"https:\\\/\\\/originltd.com\\\/wp-content\\\/uploads\\\/2024\\\/06\\\/cropped-Origin-logo-For-Health-For-Life-RGB@10x.png\",\"width\":227,\"height\":65,\"caption\":\"Origin Pharma Packaging\"},\"image\":{\"@id\":\"https:\\\/\\\/originltd.com\\\/#\\\/schema\\\/logo\\\/image\\\/\"},\"sameAs\":[\"https:\\\/\\\/www.facebook.com\\\/originpharmapackaging\",\"https:\\\/\\\/x.com\\\/originpharma\",\"https:\\\/\\\/www.linkedin.com\\\/company\\\/origin-packaging-ltd\\\/\",\"https:\\\/\\\/www.youtube.com\\\/channel\\\/UCOOJl3eFOiO7lJT6f5qHygA\"]}]}<\/script>\n<!-- \/ Yoast SEO plugin. -->","yoast_head_json":{"title":"Pots de pommade en plastique blanc 50ml - 500ml | Origin Pharma Packaging","description":"Les pots d'ornement en plastique blanc Origins de 50 ml - 500 ml sont disponibles en gros pour le stockage des formules \u00e0 base de cr\u00e8me. D\u00e9couvrez les \u00e9chantillons gratuits et les options d'achat en gros.","robots":{"index":"index","follow":"follow","max-snippet":"max-snippet:-1","max-image-preview":"max-image-preview:large","max-video-preview":"max-video-preview:-1"},"canonical":"https:\/\/originltd.com\/fr\/produit\/plastic-ointment-jars-white-pre-capped\/","og_locale":"fr_FR","og_type":"article","og_title":"50ml \u2013 500ml White Plastic Ointment Jars | Origin Pharma Packaging","og_description":"Origins 50ml \u2013 500ml white plastic ornament jars are available in wholesale quantities for storing cream-based formulas. Find free samples and bulk-buying options.","og_url":"https:\/\/originltd.com\/fr\/produit\/plastic-ointment-jars-white-pre-capped\/","og_site_name":"Origin Pharma Packaging","article_publisher":"https:\/\/www.facebook.com\/originpharmapackaging","article_modified_time":"2025-10-07T15:05:54+00:00","og_image":[{"width":1707,"height":2560,"url":"https:\/\/originltd.com\/wp-content\/uploads\/2018\/03\/straight-sided-jar1-scaled.jpg","type":"image\/jpeg"}],"twitter_card":"summary_large_image","twitter_site":"@originpharma","twitter_misc":{"Dur\u00e9e de lecture estim\u00e9e":"1 minute"},"schema":{"@context":"https:\/\/schema.org","@graph":[{"@type":"WebPage","@id":"https:\/\/originltd.com\/product\/plastic-ointment-jars-white-pre-capped\/","url":"https:\/\/originltd.com\/product\/plastic-ointment-jars-white-pre-capped\/","name":"Pots de pommade en plastique blanc 50ml - 500ml | Origin Pharma Packaging","isPartOf":{"@id":"https:\/\/originltd.com\/#website"},"primaryImageOfPage":{"@id":"https:\/\/originltd.com\/product\/plastic-ointment-jars-white-pre-capped\/#primaryimage"},"image":{"@id":"https:\/\/originltd.com\/product\/plastic-ointment-jars-white-pre-capped\/#primaryimage"},"thumbnailUrl":"https:\/\/originltd.com\/wp-content\/uploads\/2018\/03\/straight-sided-jar1-scaled.jpg","datePublished":"2018-02-07T16:48:46+00:00","dateModified":"2025-10-07T15:05:54+00:00","description":"Les pots d'ornement en plastique blanc Origins de 50 ml - 500 ml sont disponibles en gros pour le stockage des formules \u00e0 base de cr\u00e8me. D\u00e9couvrez les \u00e9chantillons gratuits et les options d'achat en gros.","breadcrumb":{"@id":"https:\/\/originltd.com\/product\/plastic-ointment-jars-white-pre-capped\/#breadcrumb"},"inLanguage":"fr-FR","potentialAction":[{"@type":"ReadAction","target":["https:\/\/originltd.com\/product\/plastic-ointment-jars-white-pre-capped\/"]}]},{"@type":"ImageObject","inLanguage":"fr-FR","@id":"https:\/\/originltd.com\/product\/plastic-ointment-jars-white-pre-capped\/#primaryimage","url":"https:\/\/originltd.com\/wp-content\/uploads\/2018\/03\/straight-sided-jar1-scaled.jpg","contentUrl":"https:\/\/originltd.com\/wp-content\/uploads\/2018\/03\/straight-sided-jar1-scaled.jpg","width":1707,"height":2560,"caption":"Pre-capped white ointment jars"},{"@type":"BreadcrumbList","@id":"https:\/\/originltd.com\/product\/plastic-ointment-jars-white-pre-capped\/#breadcrumb","itemListElement":[{"@type":"ListItem","position":1,"name":"Home","item":"https:\/\/originltd.com\/"},{"@type":"ListItem","position":2,"name":"Pharmaceutical Packaging Products","item":"https:\/\/originltd.com\/pharmaceutical-packaging\/"},{"@type":"ListItem","position":3,"name":"Plastic Packaging","item":"https:\/\/originltd.com\/packaging\/plastic\/"},{"@type":"ListItem","position":4,"name":"50ml-500ml Pre-Capped White Plastic Ointment Jars"}]},{"@type":"WebSite","@id":"https:\/\/originltd.com\/#website","url":"https:\/\/originltd.com\/","name":"Origin Pharma Packaging","description":"","publisher":{"@id":"https:\/\/originltd.com\/#organization"},"alternateName":"Origin Ltd.","potentialAction":[{"@type":"SearchAction","target":{"@type":"EntryPoint","urlTemplate":"https:\/\/originltd.com\/?s={search_term_string}"},"query-input":{"@type":"PropertyValueSpecification","valueRequired":true,"valueName":"search_term_string"}}],"inLanguage":"fr-FR"},{"@type":"Organization","@id":"https:\/\/originltd.com\/#organization","name":"Origin Pharma Packaging","url":"https:\/\/originltd.com\/","logo":{"@type":"ImageObject","inLanguage":"fr-FR","@id":"https:\/\/originltd.com\/#\/schema\/logo\/image\/","url":"https:\/\/originltd.com\/wp-content\/uploads\/2024\/06\/cropped-Origin-logo-For-Health-For-Life-RGB@10x.png","contentUrl":"https:\/\/originltd.com\/wp-content\/uploads\/2024\/06\/cropped-Origin-logo-For-Health-For-Life-RGB@10x.png","width":227,"height":65,"caption":"Origin Pharma Packaging"},"image":{"@id":"https:\/\/originltd.com\/#\/schema\/logo\/image\/"},"sameAs":["https:\/\/www.facebook.com\/originpharmapackaging","https:\/\/x.com\/originpharma","https:\/\/www.linkedin.com\/company\/origin-packaging-ltd\/","https:\/\/www.youtube.com\/channel\/UCOOJl3eFOiO7lJT6f5qHygA"]}]}},"_links":{"self":[{"href":"https:\/\/originltd.com\/fr\/wp-json\/wp\/v2\/product\/1255","targetHints":{"allow":["GET"]}}],"collection":[{"href":"https:\/\/originltd.com\/fr\/wp-json\/wp\/v2\/product"}],"about":[{"href":"https:\/\/originltd.com\/fr\/wp-json\/wp\/v2\/types\/product"}],"replies":[{"embeddable":true,"href":"https:\/\/originltd.com\/fr\/wp-json\/wp\/v2\/comments?post=1255"}],"wp:featuredmedia":[{"embeddable":true,"href":"https:\/\/originltd.com\/fr\/wp-json\/wp\/v2\/media\/3498"}],"wp:attachment":[{"href":"https:\/\/originltd.com\/fr\/wp-json\/wp\/v2\/media?parent=1255"}],"wp:term":[{"taxonomy":"product_brand","embeddable":true,"href":"https:\/\/originltd.com\/fr\/wp-json\/wp\/v2\/product_brand?post=1255"},{"taxonomy":"product_cat","embeddable":true,"href":"https:\/\/originltd.com\/fr\/wp-json\/wp\/v2\/product_cat?post=1255"},{"taxonomy":"product_tag","embeddable":true,"href":"https:\/\/originltd.com\/fr\/wp-json\/wp\/v2\/product_tag?post=1255"}],"curies":[{"name":"wp","href":"https:\/\/api.w.org\/{rel}","templated":true}]}}