
{"id":1253,"date":"2018-02-07T16:48:46","date_gmt":"2018-02-07T16:48:46","guid":{"rendered":"https:\/\/dev.originltd.com\/product\/clear-glass-ointment-jars-pre-capped-with-black-urea-lids\/"},"modified":"2025-10-07T16:06:28","modified_gmt":"2025-10-07T15:06:28","slug":"clear-glass-ointment-jars-pre-capped-with-black-urea-lids","status":"publish","type":"product","link":"https:\/\/originltd.com\/fr\/product\/clear-glass-ointment-jars-pre-capped-with-black-urea-lids\/","title":{"rendered":"Pots \u00e0 pommade en verre blanc de 15 ml \u00e0 250 ml pr\u00e9-ferm\u00e9s avec couvercle en ur\u00e9e-formald\u00e9hyde noire"},"content":{"rendered":"","protected":false},"excerpt":{"rendered":"<p>Pots \u00e0 pommade traditionnel en verre qui sont propos\u00e9s \u00e0 la vente en packs. Le pack de pots vous sera livr\u00e9 parmi un large \u00e9ventail de tailles, afin de vous permettre de choisir celle qui sera la mieux adapt\u00e9e \u00e0 votre gamme de produits.<\/p>\n<ul>\n<li>Des packs pratiques \u00e0 l'emploi : une gamme \u00e9tendue de tailles ;<\/li>\n<li>pots livr\u00e9s pr\u00e9-bouch\u00e9s avec un couvercle avec doublure en PVDC ;<\/li>\n<li>existent \u00e9galement en verre ambr\u00e9;<\/li>\n<li>un produit pris\u00e9 pour ses usages multiples, dont les cr\u00e8mes ;<\/li>\n<\/ul>","protected":false},"featured_media":3399,"comment_status":"open","ping_status":"closed","template":"","meta":{"_acf_changed":false},"product_brand":[],"product_cat":[2185,2194,2227,2223,95],"product_tag":[],"class_list":{"0":"post-1253","1":"product","2":"type-product","3":"status-publish","4":"has-post-thumbnail","6":"product_cat-cosmetic-containers","7":"product_cat-cosmetic-jars","8":"product_cat-lifestyle","9":"product_cat-skincare-bodycare","10":"product_cat-glass","12":"first","13":"instock","14":"sold-individually","15":"shipping-taxable","16":"purchasable","17":"product-type-simple"},"acf":[],"yoast_head":"<!-- This site is optimized with the Yoast SEO plugin v27.3 - https:\/\/yoast.com\/product\/yoast-seo-wordpress\/ -->\n<title>Clear Glass Ointment Jars Pre-capped with Black Urea Lids | Origin Pharma Packaging<\/title>\n<meta name=\"description\" content=\"Find out about clear glass ointment jars pre-capped available from Origin, bulk supplier of packaging for use in the pharmaceutical industry. Order a sample or get in touch for more details.\" \/>\n<meta name=\"robots\" content=\"index, follow, max-snippet:-1, max-image-preview:large, max-video-preview:-1\" \/>\n<link rel=\"canonical\" href=\"https:\/\/originltd.com\/fr\/produit\/clear-glass-ointment-jars-pre-capped-with-black-urea-lids\/\" \/>\n<meta property=\"og:locale\" content=\"fr_FR\" \/>\n<meta property=\"og:type\" content=\"article\" \/>\n<meta property=\"og:title\" content=\"Clear Glass Ointment Jars Pre-capped with Black Urea Lids | Origin Pharma Packaging\" \/>\n<meta property=\"og:description\" content=\"Find out about clear glass ointment jars pre-capped available from Origin, bulk supplier of packaging for use in the pharmaceutical industry. Order a sample or get in touch for more details.\" \/>\n<meta property=\"og:url\" content=\"https:\/\/originltd.com\/fr\/produit\/clear-glass-ointment-jars-pre-capped-with-black-urea-lids\/\" \/>\n<meta property=\"og:site_name\" content=\"Origin Pharma Packaging\" \/>\n<meta property=\"article:publisher\" content=\"https:\/\/www.facebook.com\/originpharmapackaging\" \/>\n<meta property=\"article:modified_time\" content=\"2025-10-07T15:06:28+00:00\" \/>\n<meta property=\"og:image\" content=\"https:\/\/originltd.com\/wp-content\/uploads\/2018\/03\/clear-glass-ointment-jar-pre-capped-black-urea-lid-scaled.jpg\" \/>\n\t<meta property=\"og:image:width\" content=\"1707\" \/>\n\t<meta property=\"og:image:height\" content=\"2560\" \/>\n\t<meta property=\"og:image:type\" content=\"image\/jpeg\" \/>\n<meta name=\"twitter:card\" content=\"summary_large_image\" \/>\n<meta name=\"twitter:site\" content=\"@originpharma\" \/>\n<meta name=\"twitter:label1\" content=\"Dur\u00e9e de lecture estim\u00e9e\" \/>\n\t<meta name=\"twitter:data1\" content=\"1 minute\" \/>\n<script type=\"application\/ld+json\" class=\"yoast-schema-graph\">{\"@context\":\"https:\\\/\\\/schema.org\",\"@graph\":[{\"@type\":\"WebPage\",\"@id\":\"https:\\\/\\\/originltd.com\\\/product\\\/clear-glass-ointment-jars-pre-capped-with-black-urea-lids\\\/\",\"url\":\"https:\\\/\\\/originltd.com\\\/product\\\/clear-glass-ointment-jars-pre-capped-with-black-urea-lids\\\/\",\"name\":\"Clear Glass Ointment Jars Pre-capped with Black Urea Lids | Origin Pharma Packaging\",\"isPartOf\":{\"@id\":\"https:\\\/\\\/originltd.com\\\/#website\"},\"primaryImageOfPage\":{\"@id\":\"https:\\\/\\\/originltd.com\\\/product\\\/clear-glass-ointment-jars-pre-capped-with-black-urea-lids\\\/#primaryimage\"},\"image\":{\"@id\":\"https:\\\/\\\/originltd.com\\\/product\\\/clear-glass-ointment-jars-pre-capped-with-black-urea-lids\\\/#primaryimage\"},\"thumbnailUrl\":\"https:\\\/\\\/originltd.com\\\/wp-content\\\/uploads\\\/2018\\\/03\\\/clear-glass-ointment-jar-pre-capped-black-urea-lid-scaled.jpg\",\"datePublished\":\"2018-02-07T16:48:46+00:00\",\"dateModified\":\"2025-10-07T15:06:28+00:00\",\"description\":\"Find out about clear glass ointment jars pre-capped available from Origin, bulk supplier of packaging for use in the pharmaceutical industry. Order a sample or get in touch for more details.\",\"breadcrumb\":{\"@id\":\"https:\\\/\\\/originltd.com\\\/product\\\/clear-glass-ointment-jars-pre-capped-with-black-urea-lids\\\/#breadcrumb\"},\"inLanguage\":\"fr-FR\",\"potentialAction\":[{\"@type\":\"ReadAction\",\"target\":[\"https:\\\/\\\/originltd.com\\\/product\\\/clear-glass-ointment-jars-pre-capped-with-black-urea-lids\\\/\"]}]},{\"@type\":\"ImageObject\",\"inLanguage\":\"fr-FR\",\"@id\":\"https:\\\/\\\/originltd.com\\\/product\\\/clear-glass-ointment-jars-pre-capped-with-black-urea-lids\\\/#primaryimage\",\"url\":\"https:\\\/\\\/originltd.com\\\/wp-content\\\/uploads\\\/2018\\\/03\\\/clear-glass-ointment-jar-pre-capped-black-urea-lid-scaled.jpg\",\"contentUrl\":\"https:\\\/\\\/originltd.com\\\/wp-content\\\/uploads\\\/2018\\\/03\\\/clear-glass-ointment-jar-pre-capped-black-urea-lid-scaled.jpg\",\"width\":1707,\"height\":2560,\"caption\":\"Pre-capped, clear glass ointment jar\"},{\"@type\":\"BreadcrumbList\",\"@id\":\"https:\\\/\\\/originltd.com\\\/product\\\/clear-glass-ointment-jars-pre-capped-with-black-urea-lids\\\/#breadcrumb\",\"itemListElement\":[{\"@type\":\"ListItem\",\"position\":1,\"name\":\"Home\",\"item\":\"https:\\\/\\\/originltd.com\\\/\"},{\"@type\":\"ListItem\",\"position\":2,\"name\":\"Pharmaceutical Packaging Products\",\"item\":\"https:\\\/\\\/originltd.com\\\/pharmaceutical-packaging\\\/\"},{\"@type\":\"ListItem\",\"position\":3,\"name\":\"Cosmetic Packaging\",\"item\":\"https:\\\/\\\/originltd.com\\\/packaging\\\/cosmetic-containers\\\/\"},{\"@type\":\"ListItem\",\"position\":4,\"name\":\"15ml-250ml Clear Glass Ointment Jars Pre-capped with Black Urea Lids\"}]},{\"@type\":\"WebSite\",\"@id\":\"https:\\\/\\\/originltd.com\\\/#website\",\"url\":\"https:\\\/\\\/originltd.com\\\/\",\"name\":\"Origin Pharma Packaging\",\"description\":\"\",\"publisher\":{\"@id\":\"https:\\\/\\\/originltd.com\\\/#organization\"},\"alternateName\":\"Origin Ltd.\",\"potentialAction\":[{\"@type\":\"SearchAction\",\"target\":{\"@type\":\"EntryPoint\",\"urlTemplate\":\"https:\\\/\\\/originltd.com\\\/?s={search_term_string}\"},\"query-input\":{\"@type\":\"PropertyValueSpecification\",\"valueRequired\":true,\"valueName\":\"search_term_string\"}}],\"inLanguage\":\"fr-FR\"},{\"@type\":\"Organization\",\"@id\":\"https:\\\/\\\/originltd.com\\\/#organization\",\"name\":\"Origin Pharma Packaging\",\"url\":\"https:\\\/\\\/originltd.com\\\/\",\"logo\":{\"@type\":\"ImageObject\",\"inLanguage\":\"fr-FR\",\"@id\":\"https:\\\/\\\/originltd.com\\\/#\\\/schema\\\/logo\\\/image\\\/\",\"url\":\"https:\\\/\\\/originltd.com\\\/wp-content\\\/uploads\\\/2024\\\/06\\\/cropped-Origin-logo-For-Health-For-Life-RGB@10x.png\",\"contentUrl\":\"https:\\\/\\\/originltd.com\\\/wp-content\\\/uploads\\\/2024\\\/06\\\/cropped-Origin-logo-For-Health-For-Life-RGB@10x.png\",\"width\":227,\"height\":65,\"caption\":\"Origin Pharma Packaging\"},\"image\":{\"@id\":\"https:\\\/\\\/originltd.com\\\/#\\\/schema\\\/logo\\\/image\\\/\"},\"sameAs\":[\"https:\\\/\\\/www.facebook.com\\\/originpharmapackaging\",\"https:\\\/\\\/x.com\\\/originpharma\",\"https:\\\/\\\/www.linkedin.com\\\/company\\\/origin-packaging-ltd\\\/\",\"https:\\\/\\\/www.youtube.com\\\/channel\\\/UCOOJl3eFOiO7lJT6f5qHygA\"]}]}<\/script>\n<!-- \/ Yoast SEO plugin. -->","yoast_head_json":{"title":"Pots de pommade en verre transparent avec couvercles en ur\u00e9e noire | Origin Pharma Packaging","description":"D\u00e9couvrez les pots de pommade en verre transparent pr\u00e9-capuchonn\u00e9s disponibles aupr\u00e8s d'Origin, fournisseur d'emballages en vrac pour l'industrie pharmaceutique. Commandez un \u00e9chantillon ou contactez-nous pour plus d'informations.","robots":{"index":"index","follow":"follow","max-snippet":"max-snippet:-1","max-image-preview":"max-image-preview:large","max-video-preview":"max-video-preview:-1"},"canonical":"https:\/\/originltd.com\/fr\/produit\/clear-glass-ointment-jars-pre-capped-with-black-urea-lids\/","og_locale":"fr_FR","og_type":"article","og_title":"Clear Glass Ointment Jars Pre-capped with Black Urea Lids | Origin Pharma Packaging","og_description":"Find out about clear glass ointment jars pre-capped available from Origin, bulk supplier of packaging for use in the pharmaceutical industry. Order a sample or get in touch for more details.","og_url":"https:\/\/originltd.com\/fr\/produit\/clear-glass-ointment-jars-pre-capped-with-black-urea-lids\/","og_site_name":"Origin Pharma Packaging","article_publisher":"https:\/\/www.facebook.com\/originpharmapackaging","article_modified_time":"2025-10-07T15:06:28+00:00","og_image":[{"width":1707,"height":2560,"url":"https:\/\/originltd.com\/wp-content\/uploads\/2018\/03\/clear-glass-ointment-jar-pre-capped-black-urea-lid-scaled.jpg","type":"image\/jpeg"}],"twitter_card":"summary_large_image","twitter_site":"@originpharma","twitter_misc":{"Dur\u00e9e de lecture estim\u00e9e":"1 minute"},"schema":{"@context":"https:\/\/schema.org","@graph":[{"@type":"WebPage","@id":"https:\/\/originltd.com\/product\/clear-glass-ointment-jars-pre-capped-with-black-urea-lids\/","url":"https:\/\/originltd.com\/product\/clear-glass-ointment-jars-pre-capped-with-black-urea-lids\/","name":"Pots de pommade en verre transparent avec couvercles en ur\u00e9e noire | Origin Pharma Packaging","isPartOf":{"@id":"https:\/\/originltd.com\/#website"},"primaryImageOfPage":{"@id":"https:\/\/originltd.com\/product\/clear-glass-ointment-jars-pre-capped-with-black-urea-lids\/#primaryimage"},"image":{"@id":"https:\/\/originltd.com\/product\/clear-glass-ointment-jars-pre-capped-with-black-urea-lids\/#primaryimage"},"thumbnailUrl":"https:\/\/originltd.com\/wp-content\/uploads\/2018\/03\/clear-glass-ointment-jar-pre-capped-black-urea-lid-scaled.jpg","datePublished":"2018-02-07T16:48:46+00:00","dateModified":"2025-10-07T15:06:28+00:00","description":"D\u00e9couvrez les pots de pommade en verre transparent pr\u00e9-capuchonn\u00e9s disponibles aupr\u00e8s d'Origin, fournisseur d'emballages en vrac pour l'industrie pharmaceutique. Commandez un \u00e9chantillon ou contactez-nous pour plus d'informations.","breadcrumb":{"@id":"https:\/\/originltd.com\/product\/clear-glass-ointment-jars-pre-capped-with-black-urea-lids\/#breadcrumb"},"inLanguage":"fr-FR","potentialAction":[{"@type":"ReadAction","target":["https:\/\/originltd.com\/product\/clear-glass-ointment-jars-pre-capped-with-black-urea-lids\/"]}]},{"@type":"ImageObject","inLanguage":"fr-FR","@id":"https:\/\/originltd.com\/product\/clear-glass-ointment-jars-pre-capped-with-black-urea-lids\/#primaryimage","url":"https:\/\/originltd.com\/wp-content\/uploads\/2018\/03\/clear-glass-ointment-jar-pre-capped-black-urea-lid-scaled.jpg","contentUrl":"https:\/\/originltd.com\/wp-content\/uploads\/2018\/03\/clear-glass-ointment-jar-pre-capped-black-urea-lid-scaled.jpg","width":1707,"height":2560,"caption":"Pre-capped, clear glass ointment jar"},{"@type":"BreadcrumbList","@id":"https:\/\/originltd.com\/product\/clear-glass-ointment-jars-pre-capped-with-black-urea-lids\/#breadcrumb","itemListElement":[{"@type":"ListItem","position":1,"name":"Home","item":"https:\/\/originltd.com\/"},{"@type":"ListItem","position":2,"name":"Pharmaceutical Packaging Products","item":"https:\/\/originltd.com\/pharmaceutical-packaging\/"},{"@type":"ListItem","position":3,"name":"Cosmetic Packaging","item":"https:\/\/originltd.com\/packaging\/cosmetic-containers\/"},{"@type":"ListItem","position":4,"name":"15ml-250ml Clear Glass Ointment Jars Pre-capped with Black Urea Lids"}]},{"@type":"WebSite","@id":"https:\/\/originltd.com\/#website","url":"https:\/\/originltd.com\/","name":"Origin Pharma Packaging","description":"","publisher":{"@id":"https:\/\/originltd.com\/#organization"},"alternateName":"Origin Ltd.","potentialAction":[{"@type":"SearchAction","target":{"@type":"EntryPoint","urlTemplate":"https:\/\/originltd.com\/?s={search_term_string}"},"query-input":{"@type":"PropertyValueSpecification","valueRequired":true,"valueName":"search_term_string"}}],"inLanguage":"fr-FR"},{"@type":"Organization","@id":"https:\/\/originltd.com\/#organization","name":"Origin Pharma Packaging","url":"https:\/\/originltd.com\/","logo":{"@type":"ImageObject","inLanguage":"fr-FR","@id":"https:\/\/originltd.com\/#\/schema\/logo\/image\/","url":"https:\/\/originltd.com\/wp-content\/uploads\/2024\/06\/cropped-Origin-logo-For-Health-For-Life-RGB@10x.png","contentUrl":"https:\/\/originltd.com\/wp-content\/uploads\/2024\/06\/cropped-Origin-logo-For-Health-For-Life-RGB@10x.png","width":227,"height":65,"caption":"Origin Pharma Packaging"},"image":{"@id":"https:\/\/originltd.com\/#\/schema\/logo\/image\/"},"sameAs":["https:\/\/www.facebook.com\/originpharmapackaging","https:\/\/x.com\/originpharma","https:\/\/www.linkedin.com\/company\/origin-packaging-ltd\/","https:\/\/www.youtube.com\/channel\/UCOOJl3eFOiO7lJT6f5qHygA"]}]}},"_links":{"self":[{"href":"https:\/\/originltd.com\/fr\/wp-json\/wp\/v2\/product\/1253","targetHints":{"allow":["GET"]}}],"collection":[{"href":"https:\/\/originltd.com\/fr\/wp-json\/wp\/v2\/product"}],"about":[{"href":"https:\/\/originltd.com\/fr\/wp-json\/wp\/v2\/types\/product"}],"replies":[{"embeddable":true,"href":"https:\/\/originltd.com\/fr\/wp-json\/wp\/v2\/comments?post=1253"}],"wp:featuredmedia":[{"embeddable":true,"href":"https:\/\/originltd.com\/fr\/wp-json\/wp\/v2\/media\/3399"}],"wp:attachment":[{"href":"https:\/\/originltd.com\/fr\/wp-json\/wp\/v2\/media?parent=1253"}],"wp:term":[{"taxonomy":"product_brand","embeddable":true,"href":"https:\/\/originltd.com\/fr\/wp-json\/wp\/v2\/product_brand?post=1253"},{"taxonomy":"product_cat","embeddable":true,"href":"https:\/\/originltd.com\/fr\/wp-json\/wp\/v2\/product_cat?post=1253"},{"taxonomy":"product_tag","embeddable":true,"href":"https:\/\/originltd.com\/fr\/wp-json\/wp\/v2\/product_tag?post=1253"}],"curies":[{"name":"wp","href":"https:\/\/api.w.org\/{rel}","templated":true}]}}