
{"id":1248,"date":"2018-02-07T16:48:45","date_gmt":"2018-02-07T16:48:45","guid":{"rendered":"https:\/\/dev.originltd.com\/product\/cubopac\/"},"modified":"2025-05-19T09:42:51","modified_gmt":"2025-05-19T08:42:51","slug":"cubopac","status":"publish","type":"product","link":"https:\/\/originltd.com\/fr\/product\/cubopac\/","title":{"rendered":"Flacons rectangulaires \u00e0 comprim\u00e9s couleur ambre CuboPac\u2122"},"content":{"rendered":"<p><span style=\"font-weight: 400;\">Ces flacons rectangulaires ambr\u00e9s pour comprim\u00e9s sont disponibles dans de nombreuses tailles, allant de 16 \u00e0 200 ml.<\/span><\/p>","protected":false},"excerpt":{"rendered":"<p><span style=\"font-weight: 400;\">La <\/span><span style=\"font-weight: 400;\">CuboPac\u2122 flacon de comprim\u00e9s rectangulaire ambr\u00e9<\/span><span style=\"font-weight: 400;\"> conserves <\/span><span style=\"font-weight: 400;\">une forme traditionnelle<\/span><span style=\"font-weight: 400;\"> tout en adoptant la technologie moderne des polym\u00e8res d'aujourd'hui. <\/span><span style=\"font-weight: 400;\">Leur conception offre une protection fiable et un design pratique de qualit\u00e9. <\/span><a href=\"https:\/\/originltd.com\/fr\/packaging\/pharmacy-packaging\/\"><span style=\"font-weight: 400;\">emballage des produits pharmaceutiques<\/span><\/a><span style=\"font-weight: 400;\">. En outre, la couleur ambr\u00e9e de cette <\/span><a href=\"https:\/\/originltd.com\/fr\/packaging\/plastic\/\"><span style=\"font-weight: 400;\">emballage des bouteilles en plastique<\/span><\/a><span style=\"font-weight: 400;\"> offre une protection contre la d\u00e9gradation due aux UV.<\/span><\/p>\n<p><span style=\"font-weight: 400;\">La gamme se d\u00e9cline en neuf tailles qui sont <\/span><span style=\"font-weight: 400;\">peu co\u00fbteux<\/span><span style=\"font-weight: 400;\"> mais aussi <\/span><span style=\"font-weight: 400;\">enti\u00e8rement<\/span><span style=\"font-weight: 400;\"> conforme <\/span><span style=\"font-weight: 400;\">avec des normes industrielles strictes, y compris ISO8317 : 20014.<\/span><\/p>\n<h3><span style=\"font-weight: 400;\">Caract\u00e9ristiques principales :<\/span><\/h3>\n<ul>\n<li style=\"font-weight: 400;\" aria-level=\"1\"><span style=\"font-weight: 400;\">Flacon de comprim\u00e9s rectangulaire ambr\u00e9 avec bouchon Clic-Loc<\/span><\/li>\n<li style=\"font-weight: 400;\" aria-level=\"1\"><span style=\"font-weight: 400;\">une forme traditionnelle de la bouteille rectangulaire ;<\/span><\/li>\n<li style=\"font-weight: 400;\" aria-level=\"1\"><span style=\"font-weight: 400;\">finition du col moul\u00e9e par injection et base sans soudure (donc \u00e9tanche) ;<\/span><\/li>\n<li style=\"font-weight: 400;\" aria-level=\"1\"><span style=\"font-weight: 400;\">Capuchon Clic-Loc - quantit\u00e9 correcte de compliant <\/span><span style=\"font-weight: 400;\">s\u00e9curit\u00e9 des enfants<\/span><span style=\"font-weight: 400;\"> fermeture incluse<\/span><\/li>\n<li style=\"font-weight: 400;\" aria-level=\"1\"><span style=\"font-weight: 400;\">Excellente clart\u00e9 <\/span><span style=\"font-weight: 400;\">brillant<\/span><span style=\"font-weight: 400;\"> polym\u00e8re<\/span><\/li>\n<li style=\"font-weight: 400;\" aria-level=\"1\"><span style=\"font-weight: 400;\">recyclables \u00e0 100% ;<\/span><\/li>\n<\/ul>\n<h3><span style=\"font-weight: 400;\">Utilisations appropri\u00e9es :<\/span><\/h3>\n<ul>\n<li style=\"font-weight: 400;\" aria-level=\"1\"><span style=\"font-weight: 400;\">Convient au stockage de comprim\u00e9s et de g\u00e9lules<\/span><\/li>\n<li style=\"font-weight: 400;\" aria-level=\"1\"><span style=\"font-weight: 400;\">Les flacons ambr\u00e9s conviennent \u00e0 la protection des m\u00e9dicaments sensibles \u00e0 la lumi\u00e8re.<\/span><\/li>\n<\/ul>","protected":false},"featured_media":3405,"comment_status":"open","ping_status":"closed","template":"","meta":{"_acf_changed":false},"product_brand":[],"product_cat":[2160,2162,2158,107,2169,2184,96,2189],"product_tag":[],"class_list":{"0":"post-1248","1":"product","2":"type-product","3":"status-publish","4":"has-post-thumbnail","6":"product_cat-closures","7":"product_cat-containers","8":"product_cat-child-resistant-packaging","9":"product_cat-pet-bottles","10":"product_cat-pharmacy-packaging","11":"product_cat-bottles","12":"product_cat-plastic","13":"product_cat-square-bottles","15":"first","16":"instock","17":"sold-individually","18":"shipping-taxable","19":"purchasable","20":"product-type-simple"},"acf":[],"yoast_head":"<!-- This site is optimized with the Yoast SEO plugin v27.3 - https:\/\/yoast.com\/product\/yoast-seo-wordpress\/ -->\n<title>CuboPac\u2122 Rectangular Tablet Bottles | Origin Pharma Packaging<\/title>\n<meta name=\"description\" content=\"Order CuboPac\u2122 rectangular tablet bottles from Origin. Available in an amber design, these bottles offer dependable protection and are fully compliant.\" \/>\n<meta name=\"robots\" content=\"index, follow, max-snippet:-1, max-image-preview:large, max-video-preview:-1\" \/>\n<link rel=\"canonical\" href=\"https:\/\/originltd.com\/fr\/produit\/cubopac\/\" \/>\n<meta property=\"og:locale\" content=\"fr_FR\" \/>\n<meta property=\"og:type\" content=\"article\" \/>\n<meta property=\"og:title\" content=\"CuboPac\u2122 Rectangular Tablet Bottles | Origin Pharma Packaging\" \/>\n<meta property=\"og:description\" content=\"Order CuboPac\u2122 rectangular tablet bottles from Origin. Available in an amber design, these bottles offer dependable protection and are fully compliant.\" \/>\n<meta property=\"og:url\" content=\"https:\/\/originltd.com\/fr\/produit\/cubopac\/\" \/>\n<meta property=\"og:site_name\" content=\"Origin Pharma Packaging\" \/>\n<meta property=\"article:publisher\" content=\"https:\/\/www.facebook.com\/originpharmapackaging\" \/>\n<meta property=\"article:modified_time\" content=\"2025-05-19T08:42:51+00:00\" \/>\n<meta property=\"og:image\" content=\"https:\/\/originltd.com\/wp-content\/uploads\/2018\/03\/cubo-pac-group1-scaled.jpg\" \/>\n\t<meta property=\"og:image:width\" content=\"1707\" \/>\n\t<meta property=\"og:image:height\" content=\"2560\" \/>\n\t<meta property=\"og:image:type\" content=\"image\/jpeg\" \/>\n<meta name=\"twitter:card\" content=\"summary_large_image\" \/>\n<meta name=\"twitter:site\" content=\"@originpharma\" \/>\n<meta name=\"twitter:label1\" content=\"Dur\u00e9e de lecture estim\u00e9e\" \/>\n\t<meta name=\"twitter:data1\" content=\"1 minute\" \/>\n<script type=\"application\/ld+json\" class=\"yoast-schema-graph\">{\"@context\":\"https:\\\/\\\/schema.org\",\"@graph\":[{\"@type\":\"WebPage\",\"@id\":\"https:\\\/\\\/originltd.com\\\/product\\\/cubopac\\\/\",\"url\":\"https:\\\/\\\/originltd.com\\\/product\\\/cubopac\\\/\",\"name\":\"CuboPac\u2122 Rectangular Tablet Bottles | Origin Pharma Packaging\",\"isPartOf\":{\"@id\":\"https:\\\/\\\/originltd.com\\\/#website\"},\"primaryImageOfPage\":{\"@id\":\"https:\\\/\\\/originltd.com\\\/product\\\/cubopac\\\/#primaryimage\"},\"image\":{\"@id\":\"https:\\\/\\\/originltd.com\\\/product\\\/cubopac\\\/#primaryimage\"},\"thumbnailUrl\":\"https:\\\/\\\/originltd.com\\\/wp-content\\\/uploads\\\/2018\\\/03\\\/cubo-pac-group1-scaled.jpg\",\"datePublished\":\"2018-02-07T16:48:45+00:00\",\"dateModified\":\"2025-05-19T08:42:51+00:00\",\"description\":\"Order CuboPac\u2122 rectangular tablet bottles from Origin. Available in an amber design, these bottles offer dependable protection and are fully compliant.\",\"breadcrumb\":{\"@id\":\"https:\\\/\\\/originltd.com\\\/product\\\/cubopac\\\/#breadcrumb\"},\"inLanguage\":\"fr-FR\",\"potentialAction\":[{\"@type\":\"ReadAction\",\"target\":[\"https:\\\/\\\/originltd.com\\\/product\\\/cubopac\\\/\"]}]},{\"@type\":\"ImageObject\",\"inLanguage\":\"fr-FR\",\"@id\":\"https:\\\/\\\/originltd.com\\\/product\\\/cubopac\\\/#primaryimage\",\"url\":\"https:\\\/\\\/originltd.com\\\/wp-content\\\/uploads\\\/2018\\\/03\\\/cubo-pac-group1-scaled.jpg\",\"contentUrl\":\"https:\\\/\\\/originltd.com\\\/wp-content\\\/uploads\\\/2018\\\/03\\\/cubo-pac-group1-scaled.jpg\",\"width\":1707,\"height\":2560,\"caption\":\"Cubopac\"},{\"@type\":\"BreadcrumbList\",\"@id\":\"https:\\\/\\\/originltd.com\\\/product\\\/cubopac\\\/#breadcrumb\",\"itemListElement\":[{\"@type\":\"ListItem\",\"position\":1,\"name\":\"Home\",\"item\":\"https:\\\/\\\/originltd.com\\\/\"},{\"@type\":\"ListItem\",\"position\":2,\"name\":\"Pharmaceutical Packaging Products\",\"item\":\"https:\\\/\\\/originltd.com\\\/pharmaceutical-packaging\\\/\"},{\"@type\":\"ListItem\",\"position\":3,\"name\":\"Plastic Packaging\",\"item\":\"https:\\\/\\\/originltd.com\\\/packaging\\\/plastic\\\/\"},{\"@type\":\"ListItem\",\"position\":4,\"name\":\"Plastic Bottle Packaging\",\"item\":\"https:\\\/\\\/originltd.com\\\/packaging\\\/plastic\\\/bottles\\\/\"},{\"@type\":\"ListItem\",\"position\":5,\"name\":\"CuboPac\u2122 Amber Rectangular Tablet Bottle\"}]},{\"@type\":\"WebSite\",\"@id\":\"https:\\\/\\\/originltd.com\\\/#website\",\"url\":\"https:\\\/\\\/originltd.com\\\/\",\"name\":\"Origin Pharma Packaging\",\"description\":\"\",\"publisher\":{\"@id\":\"https:\\\/\\\/originltd.com\\\/#organization\"},\"alternateName\":\"Origin Ltd.\",\"potentialAction\":[{\"@type\":\"SearchAction\",\"target\":{\"@type\":\"EntryPoint\",\"urlTemplate\":\"https:\\\/\\\/originltd.com\\\/?s={search_term_string}\"},\"query-input\":{\"@type\":\"PropertyValueSpecification\",\"valueRequired\":true,\"valueName\":\"search_term_string\"}}],\"inLanguage\":\"fr-FR\"},{\"@type\":\"Organization\",\"@id\":\"https:\\\/\\\/originltd.com\\\/#organization\",\"name\":\"Origin Pharma Packaging\",\"url\":\"https:\\\/\\\/originltd.com\\\/\",\"logo\":{\"@type\":\"ImageObject\",\"inLanguage\":\"fr-FR\",\"@id\":\"https:\\\/\\\/originltd.com\\\/#\\\/schema\\\/logo\\\/image\\\/\",\"url\":\"https:\\\/\\\/originltd.com\\\/wp-content\\\/uploads\\\/2024\\\/06\\\/cropped-Origin-logo-For-Health-For-Life-RGB@10x.png\",\"contentUrl\":\"https:\\\/\\\/originltd.com\\\/wp-content\\\/uploads\\\/2024\\\/06\\\/cropped-Origin-logo-For-Health-For-Life-RGB@10x.png\",\"width\":227,\"height\":65,\"caption\":\"Origin Pharma Packaging\"},\"image\":{\"@id\":\"https:\\\/\\\/originltd.com\\\/#\\\/schema\\\/logo\\\/image\\\/\"},\"sameAs\":[\"https:\\\/\\\/www.facebook.com\\\/originpharmapackaging\",\"https:\\\/\\\/x.com\\\/originpharma\",\"https:\\\/\\\/www.linkedin.com\\\/company\\\/origin-packaging-ltd\\\/\",\"https:\\\/\\\/www.youtube.com\\\/channel\\\/UCOOJl3eFOiO7lJT6f5qHygA\"]}]}<\/script>\n<!-- \/ Yoast SEO plugin. -->","yoast_head_json":{"title":"CuboPac\u2122 Rectangular Tablet Bottles | Origin Pharma Packaging","description":"Commandez des flacons de comprim\u00e9s rectangulaires CuboPac\u2122 aupr\u00e8s d'Origin. Disponibles dans un design ambr\u00e9, ces flacons offrent une protection fiable et sont enti\u00e8rement conformes.","robots":{"index":"index","follow":"follow","max-snippet":"max-snippet:-1","max-image-preview":"max-image-preview:large","max-video-preview":"max-video-preview:-1"},"canonical":"https:\/\/originltd.com\/fr\/produit\/cubopac\/","og_locale":"fr_FR","og_type":"article","og_title":"CuboPac\u2122 Rectangular Tablet Bottles | Origin Pharma Packaging","og_description":"Order CuboPac\u2122 rectangular tablet bottles from Origin. Available in an amber design, these bottles offer dependable protection and are fully compliant.","og_url":"https:\/\/originltd.com\/fr\/produit\/cubopac\/","og_site_name":"Origin Pharma Packaging","article_publisher":"https:\/\/www.facebook.com\/originpharmapackaging","article_modified_time":"2025-05-19T08:42:51+00:00","og_image":[{"width":1707,"height":2560,"url":"https:\/\/originltd.com\/wp-content\/uploads\/2018\/03\/cubo-pac-group1-scaled.jpg","type":"image\/jpeg"}],"twitter_card":"summary_large_image","twitter_site":"@originpharma","twitter_misc":{"Dur\u00e9e de lecture estim\u00e9e":"1 minute"},"schema":{"@context":"https:\/\/schema.org","@graph":[{"@type":"WebPage","@id":"https:\/\/originltd.com\/product\/cubopac\/","url":"https:\/\/originltd.com\/product\/cubopac\/","name":"CuboPac\u2122 Rectangular Tablet Bottles | Origin Pharma Packaging","isPartOf":{"@id":"https:\/\/originltd.com\/#website"},"primaryImageOfPage":{"@id":"https:\/\/originltd.com\/product\/cubopac\/#primaryimage"},"image":{"@id":"https:\/\/originltd.com\/product\/cubopac\/#primaryimage"},"thumbnailUrl":"https:\/\/originltd.com\/wp-content\/uploads\/2018\/03\/cubo-pac-group1-scaled.jpg","datePublished":"2018-02-07T16:48:45+00:00","dateModified":"2025-05-19T08:42:51+00:00","description":"Commandez des flacons de comprim\u00e9s rectangulaires CuboPac\u2122 aupr\u00e8s d'Origin. Disponibles dans un design ambr\u00e9, ces flacons offrent une protection fiable et sont enti\u00e8rement conformes.","breadcrumb":{"@id":"https:\/\/originltd.com\/product\/cubopac\/#breadcrumb"},"inLanguage":"fr-FR","potentialAction":[{"@type":"ReadAction","target":["https:\/\/originltd.com\/product\/cubopac\/"]}]},{"@type":"ImageObject","inLanguage":"fr-FR","@id":"https:\/\/originltd.com\/product\/cubopac\/#primaryimage","url":"https:\/\/originltd.com\/wp-content\/uploads\/2018\/03\/cubo-pac-group1-scaled.jpg","contentUrl":"https:\/\/originltd.com\/wp-content\/uploads\/2018\/03\/cubo-pac-group1-scaled.jpg","width":1707,"height":2560,"caption":"Cubopac"},{"@type":"BreadcrumbList","@id":"https:\/\/originltd.com\/product\/cubopac\/#breadcrumb","itemListElement":[{"@type":"ListItem","position":1,"name":"Home","item":"https:\/\/originltd.com\/"},{"@type":"ListItem","position":2,"name":"Pharmaceutical Packaging Products","item":"https:\/\/originltd.com\/pharmaceutical-packaging\/"},{"@type":"ListItem","position":3,"name":"Plastic Packaging","item":"https:\/\/originltd.com\/packaging\/plastic\/"},{"@type":"ListItem","position":4,"name":"Plastic Bottle Packaging","item":"https:\/\/originltd.com\/packaging\/plastic\/bottles\/"},{"@type":"ListItem","position":5,"name":"CuboPac\u2122 Amber Rectangular Tablet Bottle"}]},{"@type":"WebSite","@id":"https:\/\/originltd.com\/#website","url":"https:\/\/originltd.com\/","name":"Origin Pharma Packaging","description":"","publisher":{"@id":"https:\/\/originltd.com\/#organization"},"alternateName":"Origin Ltd.","potentialAction":[{"@type":"SearchAction","target":{"@type":"EntryPoint","urlTemplate":"https:\/\/originltd.com\/?s={search_term_string}"},"query-input":{"@type":"PropertyValueSpecification","valueRequired":true,"valueName":"search_term_string"}}],"inLanguage":"fr-FR"},{"@type":"Organization","@id":"https:\/\/originltd.com\/#organization","name":"Origin Pharma Packaging","url":"https:\/\/originltd.com\/","logo":{"@type":"ImageObject","inLanguage":"fr-FR","@id":"https:\/\/originltd.com\/#\/schema\/logo\/image\/","url":"https:\/\/originltd.com\/wp-content\/uploads\/2024\/06\/cropped-Origin-logo-For-Health-For-Life-RGB@10x.png","contentUrl":"https:\/\/originltd.com\/wp-content\/uploads\/2024\/06\/cropped-Origin-logo-For-Health-For-Life-RGB@10x.png","width":227,"height":65,"caption":"Origin Pharma Packaging"},"image":{"@id":"https:\/\/originltd.com\/#\/schema\/logo\/image\/"},"sameAs":["https:\/\/www.facebook.com\/originpharmapackaging","https:\/\/x.com\/originpharma","https:\/\/www.linkedin.com\/company\/origin-packaging-ltd\/","https:\/\/www.youtube.com\/channel\/UCOOJl3eFOiO7lJT6f5qHygA"]}]}},"_links":{"self":[{"href":"https:\/\/originltd.com\/fr\/wp-json\/wp\/v2\/product\/1248","targetHints":{"allow":["GET"]}}],"collection":[{"href":"https:\/\/originltd.com\/fr\/wp-json\/wp\/v2\/product"}],"about":[{"href":"https:\/\/originltd.com\/fr\/wp-json\/wp\/v2\/types\/product"}],"replies":[{"embeddable":true,"href":"https:\/\/originltd.com\/fr\/wp-json\/wp\/v2\/comments?post=1248"}],"wp:featuredmedia":[{"embeddable":true,"href":"https:\/\/originltd.com\/fr\/wp-json\/wp\/v2\/media\/3405"}],"wp:attachment":[{"href":"https:\/\/originltd.com\/fr\/wp-json\/wp\/v2\/media?parent=1248"}],"wp:term":[{"taxonomy":"product_brand","embeddable":true,"href":"https:\/\/originltd.com\/fr\/wp-json\/wp\/v2\/product_brand?post=1248"},{"taxonomy":"product_cat","embeddable":true,"href":"https:\/\/originltd.com\/fr\/wp-json\/wp\/v2\/product_cat?post=1248"},{"taxonomy":"product_tag","embeddable":true,"href":"https:\/\/originltd.com\/fr\/wp-json\/wp\/v2\/product_tag?post=1248"}],"curies":[{"name":"wp","href":"https:\/\/api.w.org\/{rel}","templated":true}]}}