
{"id":1239,"date":"2018-02-07T16:48:43","date_gmt":"2018-02-07T16:48:43","guid":{"rendered":"https:\/\/dev.originltd.com\/product\/white-marlow\/"},"modified":"2025-11-07T09:49:09","modified_gmt":"2025-11-07T09:49:09","slug":"white-marlow","status":"publish","type":"product","link":"https:\/\/originltd.com\/fr\/product\/white-marlow\/","title":{"rendered":"Flacons polis blancs (mod\u00e8le Marlow) de 5 ml \u00e0 100 ml"},"content":{"rendered":"<p><span style=\"font-weight: 400;\">Ces flacons sont disponibles dans une large gamme de tailles, y compris des flacons compte-gouttes en verre blanc de 5 ml, <\/span><a href=\"https:\/\/originltd.com\/fr\/produit\/15ml-white-marlow-glass-bottle\/\"><span style=\"font-weight: 400;\">Flacons compte-gouttes en verre blanc de 15ml<\/span><\/a><span style=\"font-weight: 400;\">, et des flacons compte-gouttes en verre blanc de 100 ml.<\/span><\/p>","protected":false},"excerpt":{"rendered":"<p><span style=\"font-weight: 400;\">Notre gamme de bouteilles Marlow blanches est une ligne \u00e9l\u00e9gante et pratique de produits de qualit\u00e9. <\/span><a href=\"https:\/\/originltd.com\/fr\/packaging\/glass\/glass-dropper-bottles\/\"><span style=\"font-weight: 400;\">flacons compte-gouttes en verre<\/span><\/a><span style=\"font-weight: 400;\">, utilisable en tant que <\/span><a href=\"https:\/\/originltd.com\/fr\/packaging\/pharmaceutical-packaging\/\"><span style=\"font-weight: 400;\">emballage pharmaceutique<\/span><\/a><span style=\"font-weight: 400;\"> mais aussi <\/span><a href=\"https:\/\/originltd.com\/fr\/packaging\/lifestyle\/\"><span style=\"font-weight: 400;\">emballage de produits de style de vie<\/span><\/a><span style=\"font-weight: 400;\">. Ces flacons compte-gouttes en verre blanc peuvent notamment \u00eatre utilis\u00e9s pour les m\u00e9decines douces et les applications \u00e0 base d'huile. Leur design blanc en fait un choix esth\u00e9tique pour rehausser l'aspect de votre produit, tout en offrant une durabilit\u00e9 gr\u00e2ce \u00e0 l'utilisation de verre USP de type III.<\/span><\/p>\n<h3><span style=\"font-weight: 400;\">Caract\u00e9ristiques principales :<\/span><\/h3>\n<ul>\n<li style=\"font-weight: 400;\" aria-level=\"1\"><span style=\"font-weight: 400;\">Multiple <\/span><span style=\"font-weight: 400;\">compte-gouttes<\/span><span style=\"font-weight: 400;\"> options <\/span><span style=\"font-weight: 400;\">disponible<\/span><\/li>\n<li style=\"font-weight: 400;\" aria-level=\"1\"><span style=\"font-weight: 400;\">Une grande vari\u00e9t\u00e9 de <\/span><a href=\"https:\/\/originltd.com\/fr\/packaging\/closures-dispensers\/\"><span style=\"font-weight: 400;\">fermeture pharmaceutique<\/span><\/a><span style=\"font-weight: 400;\"> options, y compris <\/span><a href=\"https:\/\/originltd.com\/fr\/packaging\/tamper-proof\/\"><span style=\"font-weight: 400;\">emballage inviolable<\/span><\/a><span style=\"font-weight: 400;\"> variantes<\/span><\/li>\n<li style=\"font-weight: 400;\" aria-level=\"1\"><span style=\"font-weight: 400;\">Transparent USP Type III <\/span><span style=\"font-weight: 400;\">verre,<\/span><span style=\"font-weight: 400;\"> pulv\u00e9ris\u00e9 en blanc mat<\/span><\/li>\n<li style=\"font-weight: 400;\" aria-level=\"1\"><span style=\"font-weight: 400;\">MOQ de 15k bouteilles<\/span><\/li>\n<\/ul>\n<h3><span style=\"font-weight: 400;\">Utilisations appropri\u00e9es :<\/span><\/h3>\n<ul>\n<li style=\"font-weight: 400;\" aria-level=\"1\"><span style=\"font-weight: 400;\">Convient aux utilisations alternatives et aux applications \u00e0 base d'huile<\/span><\/li>\n<li style=\"font-weight: 400;\" aria-level=\"1\"><span style=\"font-weight: 400;\">A utiliser comme <\/span><a href=\"https:\/\/originltd.com\/fr\/packaging\/health-wellbeing-packaging\/\"><span style=\"font-weight: 400;\">emballage de produits de bien-\u00eatre<\/span><\/a><\/li>\n<li style=\"font-weight: 400;\" aria-level=\"1\"><span style=\"font-weight: 400;\">A utiliser comme <\/span><a href=\"https:\/\/originltd.com\/fr\/packaging\/cosmetic-containers\/\"><span style=\"font-weight: 400;\">emballage cosm\u00e9tique<\/span><\/a><\/li>\n<\/ul>","protected":false},"featured_media":3458,"comment_status":"open","ping_status":"closed","template":"","meta":{"_acf_changed":false},"product_brand":[],"product_cat":[2224,2185,102,119,2225,2227,2228,2226,2223,103,95],"product_tag":[],"class_list":{"0":"post-1239","1":"product","2":"type-product","3":"status-publish","4":"has-post-thumbnail","6":"product_cat-cbd","7":"product_cat-cosmetic-containers","8":"product_cat-glass-bottles","9":"product_cat-cosmetic-bottles","10":"product_cat-home-fragrance","11":"product_cat-lifestyle","12":"product_cat-perfume","13":"product_cat-personal-fragrance","14":"product_cat-skincare-bodycare","15":"product_cat-glass-dropper-bottles","16":"product_cat-glass","18":"first","19":"instock","20":"sold-individually","21":"shipping-taxable","22":"purchasable","23":"product-type-simple"},"acf":[],"yoast_head":"<!-- This site is optimized with the Yoast SEO plugin v27.4 - https:\/\/yoast.com\/product\/yoast-seo-wordpress\/ -->\n<title>5ml-100ml White Marlow Glass Dropper Bottles | Origin<\/title>\n<meta name=\"description\" content=\"Order from our range of 5ml-100ml white Marlow glass dropper bottles at Origin. This line of versatile products offers sleek &amp; durable packaging solutions.\" \/>\n<meta name=\"robots\" content=\"index, follow, max-snippet:-1, max-image-preview:large, max-video-preview:-1\" \/>\n<link rel=\"canonical\" href=\"https:\/\/originltd.com\/fr\/produit\/white-marlow\/\" \/>\n<meta property=\"og:locale\" content=\"fr_FR\" \/>\n<meta property=\"og:type\" content=\"article\" \/>\n<meta property=\"og:title\" content=\"5ml-100ml White Marlow Glass Dropper Bottles | Origin\" \/>\n<meta property=\"og:description\" content=\"Order from our range of 5ml-100ml white Marlow glass dropper bottles at Origin. This line of versatile products offers sleek &amp; durable packaging solutions.\" \/>\n<meta property=\"og:url\" content=\"https:\/\/originltd.com\/fr\/produit\/white-marlow\/\" \/>\n<meta property=\"og:site_name\" content=\"Origin Pharma Packaging\" \/>\n<meta property=\"article:publisher\" content=\"https:\/\/www.facebook.com\/originpharmapackaging\" \/>\n<meta property=\"article:modified_time\" content=\"2025-11-07T09:49:09+00:00\" \/>\n<meta property=\"og:image\" content=\"https:\/\/originltd.com\/wp-content\/uploads\/2018\/03\/white-glass-marlow-scaled.jpg\" \/>\n\t<meta property=\"og:image:width\" content=\"1707\" \/>\n\t<meta property=\"og:image:height\" content=\"2560\" \/>\n\t<meta property=\"og:image:type\" content=\"image\/jpeg\" \/>\n<meta name=\"twitter:card\" content=\"summary_large_image\" \/>\n<meta name=\"twitter:site\" content=\"@originpharma\" \/>\n<meta name=\"twitter:label1\" content=\"Dur\u00e9e de lecture estim\u00e9e\" \/>\n\t<meta name=\"twitter:data1\" content=\"1 minute\" \/>\n<script type=\"application\/ld+json\" class=\"yoast-schema-graph\">{\"@context\":\"https:\\\/\\\/schema.org\",\"@graph\":[{\"@type\":\"WebPage\",\"@id\":\"https:\\\/\\\/originltd.com\\\/product\\\/white-marlow\\\/\",\"url\":\"https:\\\/\\\/originltd.com\\\/product\\\/white-marlow\\\/\",\"name\":\"5ml-100ml White Marlow Glass Dropper Bottles | Origin\",\"isPartOf\":{\"@id\":\"https:\\\/\\\/originltd.com\\\/#website\"},\"primaryImageOfPage\":{\"@id\":\"https:\\\/\\\/originltd.com\\\/product\\\/white-marlow\\\/#primaryimage\"},\"image\":{\"@id\":\"https:\\\/\\\/originltd.com\\\/product\\\/white-marlow\\\/#primaryimage\"},\"thumbnailUrl\":\"https:\\\/\\\/originltd.com\\\/wp-content\\\/uploads\\\/2018\\\/03\\\/white-glass-marlow-scaled.jpg\",\"datePublished\":\"2018-02-07T16:48:43+00:00\",\"dateModified\":\"2025-11-07T09:49:09+00:00\",\"description\":\"Order from our range of 5ml-100ml white Marlow glass dropper bottles at Origin. This line of versatile products offers sleek & durable packaging solutions.\",\"breadcrumb\":{\"@id\":\"https:\\\/\\\/originltd.com\\\/product\\\/white-marlow\\\/#breadcrumb\"},\"inLanguage\":\"fr-FR\",\"potentialAction\":[{\"@type\":\"ReadAction\",\"target\":[\"https:\\\/\\\/originltd.com\\\/product\\\/white-marlow\\\/\"]}]},{\"@type\":\"ImageObject\",\"inLanguage\":\"fr-FR\",\"@id\":\"https:\\\/\\\/originltd.com\\\/product\\\/white-marlow\\\/#primaryimage\",\"url\":\"https:\\\/\\\/originltd.com\\\/wp-content\\\/uploads\\\/2018\\\/03\\\/white-glass-marlow-scaled.jpg\",\"contentUrl\":\"https:\\\/\\\/originltd.com\\\/wp-content\\\/uploads\\\/2018\\\/03\\\/white-glass-marlow-scaled.jpg\",\"width\":1707,\"height\":2560,\"caption\":\"A close up photo of Origin's White Glass Marlow Bottle\"},{\"@type\":\"BreadcrumbList\",\"@id\":\"https:\\\/\\\/originltd.com\\\/product\\\/white-marlow\\\/#breadcrumb\",\"itemListElement\":[{\"@type\":\"ListItem\",\"position\":1,\"name\":\"Home\",\"item\":\"https:\\\/\\\/originltd.com\\\/\"},{\"@type\":\"ListItem\",\"position\":2,\"name\":\"Pharmaceutical Packaging Products\",\"item\":\"https:\\\/\\\/originltd.com\\\/pharmaceutical-packaging\\\/\"},{\"@type\":\"ListItem\",\"position\":3,\"name\":\"Cosmetic Packaging\",\"item\":\"https:\\\/\\\/originltd.com\\\/packaging\\\/cosmetic-containers\\\/\"},{\"@type\":\"ListItem\",\"position\":4,\"name\":\"5ml-100ml White Marlow Glass Bottles\"}]},{\"@type\":\"WebSite\",\"@id\":\"https:\\\/\\\/originltd.com\\\/#website\",\"url\":\"https:\\\/\\\/originltd.com\\\/\",\"name\":\"Origin Pharma Packaging\",\"description\":\"\",\"publisher\":{\"@id\":\"https:\\\/\\\/originltd.com\\\/#organization\"},\"alternateName\":\"Origin Ltd.\",\"potentialAction\":[{\"@type\":\"SearchAction\",\"target\":{\"@type\":\"EntryPoint\",\"urlTemplate\":\"https:\\\/\\\/originltd.com\\\/?s={search_term_string}\"},\"query-input\":{\"@type\":\"PropertyValueSpecification\",\"valueRequired\":true,\"valueName\":\"search_term_string\"}}],\"inLanguage\":\"fr-FR\"},{\"@type\":\"Organization\",\"@id\":\"https:\\\/\\\/originltd.com\\\/#organization\",\"name\":\"Origin Pharma Packaging\",\"url\":\"https:\\\/\\\/originltd.com\\\/\",\"logo\":{\"@type\":\"ImageObject\",\"inLanguage\":\"fr-FR\",\"@id\":\"https:\\\/\\\/originltd.com\\\/#\\\/schema\\\/logo\\\/image\\\/\",\"url\":\"https:\\\/\\\/originltd.com\\\/wp-content\\\/uploads\\\/2024\\\/06\\\/cropped-Origin-logo-For-Health-For-Life-RGB@10x.png\",\"contentUrl\":\"https:\\\/\\\/originltd.com\\\/wp-content\\\/uploads\\\/2024\\\/06\\\/cropped-Origin-logo-For-Health-For-Life-RGB@10x.png\",\"width\":227,\"height\":65,\"caption\":\"Origin Pharma Packaging\"},\"image\":{\"@id\":\"https:\\\/\\\/originltd.com\\\/#\\\/schema\\\/logo\\\/image\\\/\"},\"sameAs\":[\"https:\\\/\\\/www.facebook.com\\\/originpharmapackaging\",\"https:\\\/\\\/x.com\\\/originpharma\",\"https:\\\/\\\/www.linkedin.com\\\/company\\\/origin-packaging-ltd\\\/\",\"https:\\\/\\\/www.youtube.com\\\/channel\\\/UCOOJl3eFOiO7lJT6f5qHygA\"]}]}<\/script>\n<!-- \/ Yoast SEO plugin. -->","yoast_head_json":{"title":"5ml-100ml Flacons compte-gouttes en verre Marlow blanc | Origine","description":"Commandez parmi notre gamme de flacons compte-gouttes en verre Marlow blanc de 5 ml \u00e0 100 ml chez Origin. Cette gamme de produits polyvalents offre des solutions d'emballage \u00e9l\u00e9gantes et durables.","robots":{"index":"index","follow":"follow","max-snippet":"max-snippet:-1","max-image-preview":"max-image-preview:large","max-video-preview":"max-video-preview:-1"},"canonical":"https:\/\/originltd.com\/fr\/produit\/white-marlow\/","og_locale":"fr_FR","og_type":"article","og_title":"5ml-100ml White Marlow Glass Dropper Bottles | Origin","og_description":"Order from our range of 5ml-100ml white Marlow glass dropper bottles at Origin. This line of versatile products offers sleek & durable packaging solutions.","og_url":"https:\/\/originltd.com\/fr\/produit\/white-marlow\/","og_site_name":"Origin Pharma Packaging","article_publisher":"https:\/\/www.facebook.com\/originpharmapackaging","article_modified_time":"2025-11-07T09:49:09+00:00","og_image":[{"width":1707,"height":2560,"url":"https:\/\/originltd.com\/wp-content\/uploads\/2018\/03\/white-glass-marlow-scaled.jpg","type":"image\/jpeg"}],"twitter_card":"summary_large_image","twitter_site":"@originpharma","twitter_misc":{"Dur\u00e9e de lecture estim\u00e9e":"1 minute"},"schema":{"@context":"https:\/\/schema.org","@graph":[{"@type":"WebPage","@id":"https:\/\/originltd.com\/product\/white-marlow\/","url":"https:\/\/originltd.com\/product\/white-marlow\/","name":"5ml-100ml Flacons compte-gouttes en verre Marlow blanc | Origine","isPartOf":{"@id":"https:\/\/originltd.com\/#website"},"primaryImageOfPage":{"@id":"https:\/\/originltd.com\/product\/white-marlow\/#primaryimage"},"image":{"@id":"https:\/\/originltd.com\/product\/white-marlow\/#primaryimage"},"thumbnailUrl":"https:\/\/originltd.com\/wp-content\/uploads\/2018\/03\/white-glass-marlow-scaled.jpg","datePublished":"2018-02-07T16:48:43+00:00","dateModified":"2025-11-07T09:49:09+00:00","description":"Commandez parmi notre gamme de flacons compte-gouttes en verre Marlow blanc de 5 ml \u00e0 100 ml chez Origin. Cette gamme de produits polyvalents offre des solutions d'emballage \u00e9l\u00e9gantes et durables.","breadcrumb":{"@id":"https:\/\/originltd.com\/product\/white-marlow\/#breadcrumb"},"inLanguage":"fr-FR","potentialAction":[{"@type":"ReadAction","target":["https:\/\/originltd.com\/product\/white-marlow\/"]}]},{"@type":"ImageObject","inLanguage":"fr-FR","@id":"https:\/\/originltd.com\/product\/white-marlow\/#primaryimage","url":"https:\/\/originltd.com\/wp-content\/uploads\/2018\/03\/white-glass-marlow-scaled.jpg","contentUrl":"https:\/\/originltd.com\/wp-content\/uploads\/2018\/03\/white-glass-marlow-scaled.jpg","width":1707,"height":2560,"caption":"A close up photo of Origin's White Glass Marlow Bottle"},{"@type":"BreadcrumbList","@id":"https:\/\/originltd.com\/product\/white-marlow\/#breadcrumb","itemListElement":[{"@type":"ListItem","position":1,"name":"Home","item":"https:\/\/originltd.com\/"},{"@type":"ListItem","position":2,"name":"Pharmaceutical Packaging Products","item":"https:\/\/originltd.com\/pharmaceutical-packaging\/"},{"@type":"ListItem","position":3,"name":"Cosmetic Packaging","item":"https:\/\/originltd.com\/packaging\/cosmetic-containers\/"},{"@type":"ListItem","position":4,"name":"5ml-100ml White Marlow Glass Bottles"}]},{"@type":"WebSite","@id":"https:\/\/originltd.com\/#website","url":"https:\/\/originltd.com\/","name":"Origin Pharma Packaging","description":"","publisher":{"@id":"https:\/\/originltd.com\/#organization"},"alternateName":"Origin Ltd.","potentialAction":[{"@type":"SearchAction","target":{"@type":"EntryPoint","urlTemplate":"https:\/\/originltd.com\/?s={search_term_string}"},"query-input":{"@type":"PropertyValueSpecification","valueRequired":true,"valueName":"search_term_string"}}],"inLanguage":"fr-FR"},{"@type":"Organization","@id":"https:\/\/originltd.com\/#organization","name":"Origin Pharma Packaging","url":"https:\/\/originltd.com\/","logo":{"@type":"ImageObject","inLanguage":"fr-FR","@id":"https:\/\/originltd.com\/#\/schema\/logo\/image\/","url":"https:\/\/originltd.com\/wp-content\/uploads\/2024\/06\/cropped-Origin-logo-For-Health-For-Life-RGB@10x.png","contentUrl":"https:\/\/originltd.com\/wp-content\/uploads\/2024\/06\/cropped-Origin-logo-For-Health-For-Life-RGB@10x.png","width":227,"height":65,"caption":"Origin Pharma Packaging"},"image":{"@id":"https:\/\/originltd.com\/#\/schema\/logo\/image\/"},"sameAs":["https:\/\/www.facebook.com\/originpharmapackaging","https:\/\/x.com\/originpharma","https:\/\/www.linkedin.com\/company\/origin-packaging-ltd\/","https:\/\/www.youtube.com\/channel\/UCOOJl3eFOiO7lJT6f5qHygA"]}]}},"_links":{"self":[{"href":"https:\/\/originltd.com\/fr\/wp-json\/wp\/v2\/product\/1239","targetHints":{"allow":["GET"]}}],"collection":[{"href":"https:\/\/originltd.com\/fr\/wp-json\/wp\/v2\/product"}],"about":[{"href":"https:\/\/originltd.com\/fr\/wp-json\/wp\/v2\/types\/product"}],"replies":[{"embeddable":true,"href":"https:\/\/originltd.com\/fr\/wp-json\/wp\/v2\/comments?post=1239"}],"wp:featuredmedia":[{"embeddable":true,"href":"https:\/\/originltd.com\/fr\/wp-json\/wp\/v2\/media\/3458"}],"wp:attachment":[{"href":"https:\/\/originltd.com\/fr\/wp-json\/wp\/v2\/media?parent=1239"}],"wp:term":[{"taxonomy":"product_brand","embeddable":true,"href":"https:\/\/originltd.com\/fr\/wp-json\/wp\/v2\/product_brand?post=1239"},{"taxonomy":"product_cat","embeddable":true,"href":"https:\/\/originltd.com\/fr\/wp-json\/wp\/v2\/product_cat?post=1239"},{"taxonomy":"product_tag","embeddable":true,"href":"https:\/\/originltd.com\/fr\/wp-json\/wp\/v2\/product_tag?post=1239"}],"curies":[{"name":"wp","href":"https:\/\/api.w.org\/{rel}","templated":true}]}}