{"id":1231,"date":"2018-02-07T16:48:42","date_gmt":"2018-02-07T16:48:42","guid":{"rendered":"https:\/\/dev.originltd.com\/product\/medical-balls\/"},"modified":"2025-05-16T12:00:40","modified_gmt":"2025-05-16T11:00:40","slug":"medical-balls","status":"publish","type":"product","link":"https:\/\/originltd.com\/fr\/product\/medical-balls\/","title":{"rendered":"Boules de coton m\u00e9dicales"},"content":{"rendered":"<p><span style=\"font-weight: 400;\">Nos boules de coton m\u00e9dicales sont disponibles en coton 100% ou en fibre de rayonne. Une plus grande taille de ces boules est disponible sur demande.<\/span><\/p>","protected":false},"excerpt":{"rendered":"<p><span style=\"font-weight: 400;\">Nos boules m\u00e9dicales prot\u00e8gent les comprim\u00e9s et les g\u00e9lules \u00e0 l'int\u00e9rieur. <\/span><a href=\"https:\/\/originltd.com\/fr\/packaging\/pharmacy-packaging\/\"><span style=\"font-weight: 400;\">emballage des produits pharmaceutiques<\/span><\/a><span style=\"font-weight: 400;\">. Ce produit pharmaceutique <\/span><a href=\"https:\/\/originltd.com\/fr\/packaging\/pharmaceutical-coil\/\"><span style=\"font-weight: 400;\">bobine de coton<\/span><\/a><span style=\"font-weight: 400;\"> est<\/span><span style=\"font-weight: 400;\"> pr\u00e9d\u00e9coup\u00e9s pour un emballage efficace et <\/span><span style=\"font-weight: 400;\">r\u00e9duit<\/span> <span style=\"font-weight: 400;\">les<\/span><span style=\"font-weight: 400;\"> le deuxi\u00e8me processus consiste \u00e0 couper la bobine en forme de boule. L'option de la fibre de rayonne cr\u00e9e une plus grande absorption d'humidit\u00e9<\/span><span style=\"font-weight: 400;\">Ils offrent une protection fiable contre l'humidit\u00e9 et la condensation pour le contenu de leur conteneur.<\/span><\/p>\n<h3><span style=\"font-weight: 400;\">Caract\u00e9ristiques principales :<\/span><\/h3>\n<ul>\n<li style=\"font-weight: 400;\" aria-level=\"1\"><span style=\"font-weight: 400;\">Les ballons m\u00e9dicaux sont disponibles en 100% coton ou en fibre de rayonne.<\/span><\/li>\n<li style=\"font-weight: 400;\" aria-level=\"1\"><span style=\"font-weight: 400;\">Conforme aux normes am\u00e9ricaines <\/span><span style=\"font-weight: 400;\">pharmacop\u00e9e<\/span><span style=\"font-weight: 400;\"> sp\u00e9cifications<\/span><\/li>\n<li style=\"font-weight: 400;\" aria-level=\"1\"><span style=\"font-weight: 400;\">St\u00e9rile, de qualit\u00e9 m\u00e9dicale<\/span><\/li>\n<li style=\"font-weight: 400;\" aria-level=\"1\"><span style=\"font-weight: 400;\">Grande taille disponible<\/span><\/li>\n<\/ul>\n<h3><span style=\"font-weight: 400;\">Utilisations appropri\u00e9es :<\/span><\/h3>\n<ul>\n<li style=\"font-weight: 400;\" aria-level=\"1\"><span style=\"font-weight: 400;\">Con\u00e7u pour prot\u00e9ger les comprim\u00e9s dans les bouteilles<\/span><\/li>\n<li style=\"font-weight: 400;\" aria-level=\"1\"><span style=\"font-weight: 400;\">Protection contre les chocs, l'humidit\u00e9 et la condensation<\/span><\/li>\n<\/ul>","protected":false},"featured_media":3480,"comment_status":"open","ping_status":"closed","template":"","meta":{"_acf_changed":false},"product_brand":[],"product_cat":[98,2206,2169],"product_tag":[],"class_list":{"0":"post-1231","1":"product","2":"type-product","3":"status-publish","4":"has-post-thumbnail","6":"product_cat-pharmaceutical-coil","7":"product_cat-pharmaceutical-packaging","8":"product_cat-pharmacy-packaging","10":"first","11":"instock","12":"featured","13":"sold-individually","14":"shipping-taxable","15":"purchasable","16":"product-type-simple"},"acf":[],"yoast_head":"<!-- This site is optimized with the Yoast SEO plugin v27.5 - https:\/\/yoast.com\/product\/yoast-seo-wordpress\/ -->\n<title>Medical Cotton Balls | Origin Pharma Packaging<\/title>\n<meta name=\"description\" content=\"Order medical cotton balls in wholesale from Origin. These offer protection for the contents of tablet bottles from impact, humidity and condensation.\" \/>\n<meta name=\"robots\" content=\"index, follow, max-snippet:-1, max-image-preview:large, max-video-preview:-1\" \/>\n<link rel=\"canonical\" href=\"https:\/\/originltd.com\/fr\/produit\/medical-balls\/\" \/>\n<meta property=\"og:locale\" content=\"fr_FR\" \/>\n<meta property=\"og:type\" content=\"article\" \/>\n<meta property=\"og:title\" content=\"Medical Cotton Balls | Origin Pharma Packaging\" \/>\n<meta property=\"og:description\" content=\"Order medical cotton balls in wholesale from Origin. These offer protection for the contents of tablet bottles from impact, humidity and condensation.\" \/>\n<meta property=\"og:url\" content=\"https:\/\/originltd.com\/fr\/produit\/medical-balls\/\" \/>\n<meta property=\"og:site_name\" content=\"Origin Pharma Packaging\" \/>\n<meta property=\"article:publisher\" content=\"https:\/\/www.facebook.com\/originpharmapackaging\" \/>\n<meta property=\"article:modified_time\" content=\"2025-05-16T11:00:40+00:00\" \/>\n<meta property=\"og:image\" content=\"https:\/\/originltd.com\/wp-content\/uploads\/2018\/03\/medical-balls-scaled.jpg\" \/>\n\t<meta property=\"og:image:width\" content=\"1707\" \/>\n\t<meta property=\"og:image:height\" content=\"2560\" \/>\n\t<meta property=\"og:image:type\" content=\"image\/jpeg\" \/>\n<meta name=\"twitter:card\" content=\"summary_large_image\" \/>\n<meta name=\"twitter:site\" content=\"@originpharma\" \/>\n<meta name=\"twitter:label1\" content=\"Dur\u00e9e de lecture estim\u00e9e\" \/>\n\t<meta name=\"twitter:data1\" content=\"1 minute\" \/>\n<script type=\"application\/ld+json\" class=\"yoast-schema-graph\">{\"@context\":\"https:\\\/\\\/schema.org\",\"@graph\":[{\"@type\":\"WebPage\",\"@id\":\"https:\\\/\\\/originltd.com\\\/product\\\/medical-balls\\\/\",\"url\":\"https:\\\/\\\/originltd.com\\\/product\\\/medical-balls\\\/\",\"name\":\"Medical Cotton Balls | Origin Pharma Packaging\",\"isPartOf\":{\"@id\":\"https:\\\/\\\/originltd.com\\\/#website\"},\"primaryImageOfPage\":{\"@id\":\"https:\\\/\\\/originltd.com\\\/product\\\/medical-balls\\\/#primaryimage\"},\"image\":{\"@id\":\"https:\\\/\\\/originltd.com\\\/product\\\/medical-balls\\\/#primaryimage\"},\"thumbnailUrl\":\"https:\\\/\\\/originltd.com\\\/wp-content\\\/uploads\\\/2018\\\/03\\\/medical-balls-scaled.jpg\",\"datePublished\":\"2018-02-07T16:48:42+00:00\",\"dateModified\":\"2025-05-16T11:00:40+00:00\",\"description\":\"Order medical cotton balls in wholesale from Origin. These offer protection for the contents of tablet bottles from impact, humidity and condensation.\",\"breadcrumb\":{\"@id\":\"https:\\\/\\\/originltd.com\\\/product\\\/medical-balls\\\/#breadcrumb\"},\"inLanguage\":\"fr-FR\",\"potentialAction\":[{\"@type\":\"ReadAction\",\"target\":[\"https:\\\/\\\/originltd.com\\\/product\\\/medical-balls\\\/\"]}]},{\"@type\":\"ImageObject\",\"inLanguage\":\"fr-FR\",\"@id\":\"https:\\\/\\\/originltd.com\\\/product\\\/medical-balls\\\/#primaryimage\",\"url\":\"https:\\\/\\\/originltd.com\\\/wp-content\\\/uploads\\\/2018\\\/03\\\/medical-balls-scaled.jpg\",\"contentUrl\":\"https:\\\/\\\/originltd.com\\\/wp-content\\\/uploads\\\/2018\\\/03\\\/medical-balls-scaled.jpg\",\"width\":1707,\"height\":2560,\"caption\":\"Medical balls\"},{\"@type\":\"BreadcrumbList\",\"@id\":\"https:\\\/\\\/originltd.com\\\/product\\\/medical-balls\\\/#breadcrumb\",\"itemListElement\":[{\"@type\":\"ListItem\",\"position\":1,\"name\":\"Home\",\"item\":\"https:\\\/\\\/originltd.com\\\/\"},{\"@type\":\"ListItem\",\"position\":2,\"name\":\"Pharmaceutical Packaging Products\",\"item\":\"https:\\\/\\\/originltd.com\\\/pharmaceutical-packaging\\\/\"},{\"@type\":\"ListItem\",\"position\":3,\"name\":\"Pharmaceutical Packaging\",\"item\":\"https:\\\/\\\/originltd.com\\\/packaging\\\/pharmaceutical-packaging\\\/\"},{\"@type\":\"ListItem\",\"position\":4,\"name\":\"Medical Cotton Balls\"}]},{\"@type\":\"WebSite\",\"@id\":\"https:\\\/\\\/originltd.com\\\/#website\",\"url\":\"https:\\\/\\\/originltd.com\\\/\",\"name\":\"Origin Pharma Packaging\",\"description\":\"\",\"publisher\":{\"@id\":\"https:\\\/\\\/originltd.com\\\/#organization\"},\"alternateName\":\"Origin Ltd.\",\"potentialAction\":[{\"@type\":\"SearchAction\",\"target\":{\"@type\":\"EntryPoint\",\"urlTemplate\":\"https:\\\/\\\/originltd.com\\\/?s={search_term_string}\"},\"query-input\":{\"@type\":\"PropertyValueSpecification\",\"valueRequired\":true,\"valueName\":\"search_term_string\"}}],\"inLanguage\":\"fr-FR\"},{\"@type\":\"Organization\",\"@id\":\"https:\\\/\\\/originltd.com\\\/#organization\",\"name\":\"Origin Pharma Packaging\",\"url\":\"https:\\\/\\\/originltd.com\\\/\",\"logo\":{\"@type\":\"ImageObject\",\"inLanguage\":\"fr-FR\",\"@id\":\"https:\\\/\\\/originltd.com\\\/#\\\/schema\\\/logo\\\/image\\\/\",\"url\":\"https:\\\/\\\/originltd.com\\\/wp-content\\\/uploads\\\/2024\\\/06\\\/cropped-Origin-logo-For-Health-For-Life-RGB@10x.png\",\"contentUrl\":\"https:\\\/\\\/originltd.com\\\/wp-content\\\/uploads\\\/2024\\\/06\\\/cropped-Origin-logo-For-Health-For-Life-RGB@10x.png\",\"width\":227,\"height\":65,\"caption\":\"Origin Pharma Packaging\"},\"image\":{\"@id\":\"https:\\\/\\\/originltd.com\\\/#\\\/schema\\\/logo\\\/image\\\/\"},\"sameAs\":[\"https:\\\/\\\/www.facebook.com\\\/originpharmapackaging\",\"https:\\\/\\\/x.com\\\/originpharma\",\"https:\\\/\\\/www.linkedin.com\\\/company\\\/origin-packaging-ltd\\\/\",\"https:\\\/\\\/www.youtube.com\\\/channel\\\/UCOOJl3eFOiO7lJT6f5qHygA\"]}]}<\/script>\n<!-- \/ Yoast SEO plugin. -->","yoast_head_json":{"title":"Boules de coton m\u00e9dicales - Origin Pharma Packaging","description":"Commandez des boules de coton m\u00e9dicales en gros aupr\u00e8s de Origin. Elles prot\u00e8gent le contenu des flacons de comprim\u00e9s contre les chocs, l'humidit\u00e9 et la condensation.","robots":{"index":"index","follow":"follow","max-snippet":"max-snippet:-1","max-image-preview":"max-image-preview:large","max-video-preview":"max-video-preview:-1"},"canonical":"https:\/\/originltd.com\/fr\/produit\/medical-balls\/","og_locale":"fr_FR","og_type":"article","og_title":"Medical Cotton Balls | Origin Pharma Packaging","og_description":"Order medical cotton balls in wholesale from Origin. These offer protection for the contents of tablet bottles from impact, humidity and condensation.","og_url":"https:\/\/originltd.com\/fr\/produit\/medical-balls\/","og_site_name":"Origin Pharma Packaging","article_publisher":"https:\/\/www.facebook.com\/originpharmapackaging","article_modified_time":"2025-05-16T11:00:40+00:00","og_image":[{"width":1707,"height":2560,"url":"https:\/\/originltd.com\/wp-content\/uploads\/2018\/03\/medical-balls-scaled.jpg","type":"image\/jpeg"}],"twitter_card":"summary_large_image","twitter_site":"@originpharma","twitter_misc":{"Dur\u00e9e de lecture estim\u00e9e":"1 minute"},"schema":{"@context":"https:\/\/schema.org","@graph":[{"@type":"WebPage","@id":"https:\/\/originltd.com\/product\/medical-balls\/","url":"https:\/\/originltd.com\/product\/medical-balls\/","name":"Boules de coton m\u00e9dicales - Origin Pharma Packaging","isPartOf":{"@id":"https:\/\/originltd.com\/#website"},"primaryImageOfPage":{"@id":"https:\/\/originltd.com\/product\/medical-balls\/#primaryimage"},"image":{"@id":"https:\/\/originltd.com\/product\/medical-balls\/#primaryimage"},"thumbnailUrl":"https:\/\/originltd.com\/wp-content\/uploads\/2018\/03\/medical-balls-scaled.jpg","datePublished":"2018-02-07T16:48:42+00:00","dateModified":"2025-05-16T11:00:40+00:00","description":"Commandez des boules de coton m\u00e9dicales en gros aupr\u00e8s de Origin. Elles prot\u00e8gent le contenu des flacons de comprim\u00e9s contre les chocs, l'humidit\u00e9 et la condensation.","breadcrumb":{"@id":"https:\/\/originltd.com\/product\/medical-balls\/#breadcrumb"},"inLanguage":"fr-FR","potentialAction":[{"@type":"ReadAction","target":["https:\/\/originltd.com\/product\/medical-balls\/"]}]},{"@type":"ImageObject","inLanguage":"fr-FR","@id":"https:\/\/originltd.com\/product\/medical-balls\/#primaryimage","url":"https:\/\/originltd.com\/wp-content\/uploads\/2018\/03\/medical-balls-scaled.jpg","contentUrl":"https:\/\/originltd.com\/wp-content\/uploads\/2018\/03\/medical-balls-scaled.jpg","width":1707,"height":2560,"caption":"Medical balls"},{"@type":"BreadcrumbList","@id":"https:\/\/originltd.com\/product\/medical-balls\/#breadcrumb","itemListElement":[{"@type":"ListItem","position":1,"name":"Home","item":"https:\/\/originltd.com\/"},{"@type":"ListItem","position":2,"name":"Pharmaceutical Packaging Products","item":"https:\/\/originltd.com\/pharmaceutical-packaging\/"},{"@type":"ListItem","position":3,"name":"Pharmaceutical Packaging","item":"https:\/\/originltd.com\/packaging\/pharmaceutical-packaging\/"},{"@type":"ListItem","position":4,"name":"Medical Cotton Balls"}]},{"@type":"WebSite","@id":"https:\/\/originltd.com\/#website","url":"https:\/\/originltd.com\/","name":"Origin Pharma Packaging","description":"","publisher":{"@id":"https:\/\/originltd.com\/#organization"},"alternateName":"Origin Ltd.","potentialAction":[{"@type":"SearchAction","target":{"@type":"EntryPoint","urlTemplate":"https:\/\/originltd.com\/?s={search_term_string}"},"query-input":{"@type":"PropertyValueSpecification","valueRequired":true,"valueName":"search_term_string"}}],"inLanguage":"fr-FR"},{"@type":"Organization","@id":"https:\/\/originltd.com\/#organization","name":"Origin Pharma Packaging","url":"https:\/\/originltd.com\/","logo":{"@type":"ImageObject","inLanguage":"fr-FR","@id":"https:\/\/originltd.com\/#\/schema\/logo\/image\/","url":"https:\/\/originltd.com\/wp-content\/uploads\/2024\/06\/cropped-Origin-logo-For-Health-For-Life-RGB@10x.png","contentUrl":"https:\/\/originltd.com\/wp-content\/uploads\/2024\/06\/cropped-Origin-logo-For-Health-For-Life-RGB@10x.png","width":227,"height":65,"caption":"Origin Pharma Packaging"},"image":{"@id":"https:\/\/originltd.com\/#\/schema\/logo\/image\/"},"sameAs":["https:\/\/www.facebook.com\/originpharmapackaging","https:\/\/x.com\/originpharma","https:\/\/www.linkedin.com\/company\/origin-packaging-ltd\/","https:\/\/www.youtube.com\/channel\/UCOOJl3eFOiO7lJT6f5qHygA"]}]}},"_links":{"self":[{"href":"https:\/\/originltd.com\/fr\/wp-json\/wp\/v2\/product\/1231","targetHints":{"allow":["GET"]}}],"collection":[{"href":"https:\/\/originltd.com\/fr\/wp-json\/wp\/v2\/product"}],"about":[{"href":"https:\/\/originltd.com\/fr\/wp-json\/wp\/v2\/types\/product"}],"replies":[{"embeddable":true,"href":"https:\/\/originltd.com\/fr\/wp-json\/wp\/v2\/comments?post=1231"}],"wp:featuredmedia":[{"embeddable":true,"href":"https:\/\/originltd.com\/fr\/wp-json\/wp\/v2\/media\/3480"}],"wp:attachment":[{"href":"https:\/\/originltd.com\/fr\/wp-json\/wp\/v2\/media?parent=1231"}],"wp:term":[{"taxonomy":"product_brand","embeddable":true,"href":"https:\/\/originltd.com\/fr\/wp-json\/wp\/v2\/product_brand?post=1231"},{"taxonomy":"product_cat","embeddable":true,"href":"https:\/\/originltd.com\/fr\/wp-json\/wp\/v2\/product_cat?post=1231"},{"taxonomy":"product_tag","embeddable":true,"href":"https:\/\/originltd.com\/fr\/wp-json\/wp\/v2\/product_tag?post=1231"}],"curies":[{"name":"wp","href":"https:\/\/api.w.org\/{rel}","templated":true}]}}