{"id":1206,"date":"2018-02-07T16:48:36","date_gmt":"2018-02-07T16:48:36","guid":{"rendered":"https:\/\/dev.originltd.com\/product\/tamper-evident-child-resistant-pipette-closure\/"},"modified":"2025-10-07T16:11:54","modified_gmt":"2025-10-07T15:11:54","slug":"tamper-evident-child-resistant-pipette-closure","status":"publish","type":"product","link":"https:\/\/originltd.com\/fr\/product\/tamper-evident-child-resistant-pipette-closure\/","title":{"rendered":"Pipette de labo \u00e0 l'\u00e9preuve des enfants"},"content":{"rendered":"","protected":false},"excerpt":{"rendered":"<p>Ces dispositifs de fermeture de dimension GL \n18 ont re\u00e7u la certification garantissant la s\u00e9curit\u00e9 des enfants  : ce produit a \u00e9t\u00e9 jug\u00e9  satisfaisant pour l'ensemble des exigences et m\u00e9thodes d'essai pour emballages refermables ISO 8317:2015 (fr) -\nemballages \u00e0 l'\u00e9preuve des enfants. Il pr\u00e9sente une int\u00e9grit\u00e9 et une s\u00e9curit\u00e9 maximales pour un dispositif de fermeture \u00e0  ampoule et pipette.<\/p>\n<ul>\n<li>Dispositif \u00e0 pipette inviolable et \u00e0 l'\u00e9preuve des enfants (ou \u00ab r\u00e9sistant \u00e0 la manipulation par les enfants \u00bb) ;<\/li>\n<li>une int\u00e9grit\u00e9 et une s\u00e9curit\u00e9 maximales pour un dispositif de fermeture \u00e0 ampoule et pipette ;<\/li>\n<li>trou du dispositif de fermeture en PE-HD.<\/li>\n<li>Disponible en noir ou en blanc<\/li>\n<li>Il est recommand\u00e9 de l'utiliser avec une ampoule TPE pour minimiser la r\u00e9activit\u00e9 avec le produit puissant.<\/li>\n<\/ul>","protected":false},"featured_media":5116,"comment_status":"open","ping_status":"closed","template":"","meta":{"_acf_changed":false},"product_brand":[],"product_cat":[2224,2161,2160,2158,2185,2225,2227,2226,97,2223],"product_tag":[],"class_list":{"0":"post-1206","1":"product","2":"type-product","3":"status-publish","4":"has-post-thumbnail","6":"product_cat-cbd","7":"product_cat-atomisers-pipette-droppers","8":"product_cat-closures","9":"product_cat-child-resistant-packaging","10":"product_cat-cosmetic-containers","11":"product_cat-home-fragrance","12":"product_cat-lifestyle","13":"product_cat-personal-fragrance","14":"product_cat-closures-dispensers","15":"product_cat-skincare-bodycare","17":"first","18":"instock","19":"sold-individually","20":"shipping-taxable","21":"purchasable","22":"product-type-simple"},"acf":[],"yoast_head":"<!-- This site is optimized with the Yoast SEO plugin v27.5 - https:\/\/yoast.com\/product\/yoast-seo-wordpress\/ -->\n<title>TE, Child Resistant Pipette | Origin Pharma Packaging<\/title>\n<meta name=\"description\" content=\"Find out about tamper evident, child resistant pipette closures available from Origin, bulk supplier of packaging for use in the pharmaceutical industry. Order a sample or get in touch for more details.\" \/>\n<meta name=\"robots\" content=\"index, follow, max-snippet:-1, max-image-preview:large, max-video-preview:-1\" \/>\n<link rel=\"canonical\" href=\"https:\/\/originltd.com\/fr\/produit\/tamper-evident-child-resistant-pipette-closure\/\" \/>\n<meta property=\"og:locale\" content=\"fr_FR\" \/>\n<meta property=\"og:type\" content=\"article\" \/>\n<meta property=\"og:title\" content=\"TE, Child Resistant Pipette | Origin Pharma Packaging\" \/>\n<meta property=\"og:description\" content=\"Find out about tamper evident, child resistant pipette closures available from Origin, bulk supplier of packaging for use in the pharmaceutical industry. Order a sample or get in touch for more details.\" \/>\n<meta property=\"og:url\" content=\"https:\/\/originltd.com\/fr\/produit\/tamper-evident-child-resistant-pipette-closure\/\" \/>\n<meta property=\"og:site_name\" content=\"Origin Pharma Packaging\" \/>\n<meta property=\"article:publisher\" content=\"https:\/\/www.facebook.com\/originpharmapackaging\" \/>\n<meta property=\"article:modified_time\" content=\"2025-10-07T15:11:54+00:00\" \/>\n<meta property=\"og:image\" content=\"https:\/\/originltd.com\/wp-content\/uploads\/2018\/02\/Shadow-Lifestyle-Artboard-14-683x1024.png\" \/>\n\t<meta property=\"og:image:width\" content=\"683\" \/>\n\t<meta property=\"og:image:height\" content=\"1024\" \/>\n\t<meta property=\"og:image:type\" content=\"image\/png\" \/>\n<meta name=\"twitter:card\" content=\"summary_large_image\" \/>\n<meta name=\"twitter:site\" content=\"@originpharma\" \/>\n<meta name=\"twitter:label1\" content=\"Dur\u00e9e de lecture estim\u00e9e\" \/>\n\t<meta name=\"twitter:data1\" content=\"1 minute\" \/>\n<script type=\"application\/ld+json\" class=\"yoast-schema-graph\">{\"@context\":\"https:\\\/\\\/schema.org\",\"@graph\":[{\"@type\":\"WebPage\",\"@id\":\"https:\\\/\\\/originltd.com\\\/product\\\/tamper-evident-child-resistant-pipette-closure\\\/\",\"url\":\"https:\\\/\\\/originltd.com\\\/product\\\/tamper-evident-child-resistant-pipette-closure\\\/\",\"name\":\"TE, Child Resistant Pipette | Origin Pharma Packaging\",\"isPartOf\":{\"@id\":\"https:\\\/\\\/originltd.com\\\/#website\"},\"primaryImageOfPage\":{\"@id\":\"https:\\\/\\\/originltd.com\\\/product\\\/tamper-evident-child-resistant-pipette-closure\\\/#primaryimage\"},\"image\":{\"@id\":\"https:\\\/\\\/originltd.com\\\/product\\\/tamper-evident-child-resistant-pipette-closure\\\/#primaryimage\"},\"thumbnailUrl\":\"https:\\\/\\\/originltd.com\\\/wp-content\\\/uploads\\\/2018\\\/02\\\/Shadow-Lifestyle-Artboard-14-683x1024.png\",\"datePublished\":\"2018-02-07T16:48:36+00:00\",\"dateModified\":\"2025-10-07T15:11:54+00:00\",\"description\":\"Find out about tamper evident, child resistant pipette closures available from Origin, bulk supplier of packaging for use in the pharmaceutical industry. Order a sample or get in touch for more details.\",\"breadcrumb\":{\"@id\":\"https:\\\/\\\/originltd.com\\\/product\\\/tamper-evident-child-resistant-pipette-closure\\\/#breadcrumb\"},\"inLanguage\":\"fr-FR\",\"potentialAction\":[{\"@type\":\"ReadAction\",\"target\":[\"https:\\\/\\\/originltd.com\\\/product\\\/tamper-evident-child-resistant-pipette-closure\\\/\"]}]},{\"@type\":\"ImageObject\",\"inLanguage\":\"fr-FR\",\"@id\":\"https:\\\/\\\/originltd.com\\\/product\\\/tamper-evident-child-resistant-pipette-closure\\\/#primaryimage\",\"url\":\"https:\\\/\\\/originltd.com\\\/wp-content\\\/uploads\\\/2018\\\/02\\\/Shadow-Lifestyle-Artboard-14-683x1024.png\",\"contentUrl\":\"https:\\\/\\\/originltd.com\\\/wp-content\\\/uploads\\\/2018\\\/02\\\/Shadow-Lifestyle-Artboard-14-683x1024.png\",\"width\":683,\"height\":1024,\"caption\":\"Tamper evident, child resistant closure\"},{\"@type\":\"BreadcrumbList\",\"@id\":\"https:\\\/\\\/originltd.com\\\/product\\\/tamper-evident-child-resistant-pipette-closure\\\/#breadcrumb\",\"itemListElement\":[{\"@type\":\"ListItem\",\"position\":1,\"name\":\"Home\",\"item\":\"https:\\\/\\\/originltd.com\\\/\"},{\"@type\":\"ListItem\",\"position\":2,\"name\":\"Pharmaceutical Packaging Products\",\"item\":\"https:\\\/\\\/originltd.com\\\/pharmaceutical-packaging\\\/\"},{\"@type\":\"ListItem\",\"position\":3,\"name\":\"Pharmaceutical Closures &amp; Dispensers\",\"item\":\"https:\\\/\\\/originltd.com\\\/packaging\\\/closures-dispensers\\\/\"},{\"@type\":\"ListItem\",\"position\":4,\"name\":\"TE, Child Resistant Pipette\"}]},{\"@type\":\"WebSite\",\"@id\":\"https:\\\/\\\/originltd.com\\\/#website\",\"url\":\"https:\\\/\\\/originltd.com\\\/\",\"name\":\"Origin Pharma Packaging\",\"description\":\"\",\"publisher\":{\"@id\":\"https:\\\/\\\/originltd.com\\\/#organization\"},\"alternateName\":\"Origin Ltd.\",\"potentialAction\":[{\"@type\":\"SearchAction\",\"target\":{\"@type\":\"EntryPoint\",\"urlTemplate\":\"https:\\\/\\\/originltd.com\\\/?s={search_term_string}\"},\"query-input\":{\"@type\":\"PropertyValueSpecification\",\"valueRequired\":true,\"valueName\":\"search_term_string\"}}],\"inLanguage\":\"fr-FR\"},{\"@type\":\"Organization\",\"@id\":\"https:\\\/\\\/originltd.com\\\/#organization\",\"name\":\"Origin Pharma Packaging\",\"url\":\"https:\\\/\\\/originltd.com\\\/\",\"logo\":{\"@type\":\"ImageObject\",\"inLanguage\":\"fr-FR\",\"@id\":\"https:\\\/\\\/originltd.com\\\/#\\\/schema\\\/logo\\\/image\\\/\",\"url\":\"https:\\\/\\\/originltd.com\\\/wp-content\\\/uploads\\\/2024\\\/06\\\/cropped-Origin-logo-For-Health-For-Life-RGB@10x.png\",\"contentUrl\":\"https:\\\/\\\/originltd.com\\\/wp-content\\\/uploads\\\/2024\\\/06\\\/cropped-Origin-logo-For-Health-For-Life-RGB@10x.png\",\"width\":227,\"height\":65,\"caption\":\"Origin Pharma Packaging\"},\"image\":{\"@id\":\"https:\\\/\\\/originltd.com\\\/#\\\/schema\\\/logo\\\/image\\\/\"},\"sameAs\":[\"https:\\\/\\\/www.facebook.com\\\/originpharmapackaging\",\"https:\\\/\\\/x.com\\\/originpharma\",\"https:\\\/\\\/www.linkedin.com\\\/company\\\/origin-packaging-ltd\\\/\",\"https:\\\/\\\/www.youtube.com\\\/channel\\\/UCOOJl3eFOiO7lJT6f5qHygA\"]}]}<\/script>\n<!-- \/ Yoast SEO plugin. -->","yoast_head_json":{"title":"TE, Pipette \u00e0 s\u00e9curit\u00e9 enfant - Origin Pharma Packaging","description":"D\u00e9couvrez les bouchons de pipette inviolables et \u00e0 l'\u00e9preuve des enfants propos\u00e9s par Origin, fournisseur d'emballages en vrac destin\u00e9s \u00e0 l'industrie pharmaceutique. Commandez un \u00e9chantillon ou contactez-nous pour plus d'informations.","robots":{"index":"index","follow":"follow","max-snippet":"max-snippet:-1","max-image-preview":"max-image-preview:large","max-video-preview":"max-video-preview:-1"},"canonical":"https:\/\/originltd.com\/fr\/produit\/tamper-evident-child-resistant-pipette-closure\/","og_locale":"fr_FR","og_type":"article","og_title":"TE, Child Resistant Pipette | Origin Pharma Packaging","og_description":"Find out about tamper evident, child resistant pipette closures available from Origin, bulk supplier of packaging for use in the pharmaceutical industry. Order a sample or get in touch for more details.","og_url":"https:\/\/originltd.com\/fr\/produit\/tamper-evident-child-resistant-pipette-closure\/","og_site_name":"Origin Pharma Packaging","article_publisher":"https:\/\/www.facebook.com\/originpharmapackaging","article_modified_time":"2025-10-07T15:11:54+00:00","og_image":[{"width":683,"height":1024,"url":"https:\/\/originltd.com\/wp-content\/uploads\/2018\/02\/Shadow-Lifestyle-Artboard-14-683x1024.png","type":"image\/png"}],"twitter_card":"summary_large_image","twitter_site":"@originpharma","twitter_misc":{"Dur\u00e9e de lecture estim\u00e9e":"1 minute"},"schema":{"@context":"https:\/\/schema.org","@graph":[{"@type":"WebPage","@id":"https:\/\/originltd.com\/product\/tamper-evident-child-resistant-pipette-closure\/","url":"https:\/\/originltd.com\/product\/tamper-evident-child-resistant-pipette-closure\/","name":"TE, Pipette \u00e0 s\u00e9curit\u00e9 enfant - Origin Pharma Packaging","isPartOf":{"@id":"https:\/\/originltd.com\/#website"},"primaryImageOfPage":{"@id":"https:\/\/originltd.com\/product\/tamper-evident-child-resistant-pipette-closure\/#primaryimage"},"image":{"@id":"https:\/\/originltd.com\/product\/tamper-evident-child-resistant-pipette-closure\/#primaryimage"},"thumbnailUrl":"https:\/\/originltd.com\/wp-content\/uploads\/2018\/02\/Shadow-Lifestyle-Artboard-14-683x1024.png","datePublished":"2018-02-07T16:48:36+00:00","dateModified":"2025-10-07T15:11:54+00:00","description":"D\u00e9couvrez les bouchons de pipette inviolables et \u00e0 l'\u00e9preuve des enfants propos\u00e9s par Origin, fournisseur d'emballages en vrac destin\u00e9s \u00e0 l'industrie pharmaceutique. Commandez un \u00e9chantillon ou contactez-nous pour plus d'informations.","breadcrumb":{"@id":"https:\/\/originltd.com\/product\/tamper-evident-child-resistant-pipette-closure\/#breadcrumb"},"inLanguage":"fr-FR","potentialAction":[{"@type":"ReadAction","target":["https:\/\/originltd.com\/product\/tamper-evident-child-resistant-pipette-closure\/"]}]},{"@type":"ImageObject","inLanguage":"fr-FR","@id":"https:\/\/originltd.com\/product\/tamper-evident-child-resistant-pipette-closure\/#primaryimage","url":"https:\/\/originltd.com\/wp-content\/uploads\/2018\/02\/Shadow-Lifestyle-Artboard-14-683x1024.png","contentUrl":"https:\/\/originltd.com\/wp-content\/uploads\/2018\/02\/Shadow-Lifestyle-Artboard-14-683x1024.png","width":683,"height":1024,"caption":"Tamper evident, child resistant closure"},{"@type":"BreadcrumbList","@id":"https:\/\/originltd.com\/product\/tamper-evident-child-resistant-pipette-closure\/#breadcrumb","itemListElement":[{"@type":"ListItem","position":1,"name":"Home","item":"https:\/\/originltd.com\/"},{"@type":"ListItem","position":2,"name":"Pharmaceutical Packaging Products","item":"https:\/\/originltd.com\/pharmaceutical-packaging\/"},{"@type":"ListItem","position":3,"name":"Pharmaceutical Closures &amp; Dispensers","item":"https:\/\/originltd.com\/packaging\/closures-dispensers\/"},{"@type":"ListItem","position":4,"name":"TE, Child Resistant Pipette"}]},{"@type":"WebSite","@id":"https:\/\/originltd.com\/#website","url":"https:\/\/originltd.com\/","name":"Origin Pharma Packaging","description":"","publisher":{"@id":"https:\/\/originltd.com\/#organization"},"alternateName":"Origin Ltd.","potentialAction":[{"@type":"SearchAction","target":{"@type":"EntryPoint","urlTemplate":"https:\/\/originltd.com\/?s={search_term_string}"},"query-input":{"@type":"PropertyValueSpecification","valueRequired":true,"valueName":"search_term_string"}}],"inLanguage":"fr-FR"},{"@type":"Organization","@id":"https:\/\/originltd.com\/#organization","name":"Origin Pharma Packaging","url":"https:\/\/originltd.com\/","logo":{"@type":"ImageObject","inLanguage":"fr-FR","@id":"https:\/\/originltd.com\/#\/schema\/logo\/image\/","url":"https:\/\/originltd.com\/wp-content\/uploads\/2024\/06\/cropped-Origin-logo-For-Health-For-Life-RGB@10x.png","contentUrl":"https:\/\/originltd.com\/wp-content\/uploads\/2024\/06\/cropped-Origin-logo-For-Health-For-Life-RGB@10x.png","width":227,"height":65,"caption":"Origin Pharma Packaging"},"image":{"@id":"https:\/\/originltd.com\/#\/schema\/logo\/image\/"},"sameAs":["https:\/\/www.facebook.com\/originpharmapackaging","https:\/\/x.com\/originpharma","https:\/\/www.linkedin.com\/company\/origin-packaging-ltd\/","https:\/\/www.youtube.com\/channel\/UCOOJl3eFOiO7lJT6f5qHygA"]}]}},"_links":{"self":[{"href":"https:\/\/originltd.com\/fr\/wp-json\/wp\/v2\/product\/1206","targetHints":{"allow":["GET"]}}],"collection":[{"href":"https:\/\/originltd.com\/fr\/wp-json\/wp\/v2\/product"}],"about":[{"href":"https:\/\/originltd.com\/fr\/wp-json\/wp\/v2\/types\/product"}],"replies":[{"embeddable":true,"href":"https:\/\/originltd.com\/fr\/wp-json\/wp\/v2\/comments?post=1206"}],"wp:featuredmedia":[{"embeddable":true,"href":"https:\/\/originltd.com\/fr\/wp-json\/wp\/v2\/media\/5116"}],"wp:attachment":[{"href":"https:\/\/originltd.com\/fr\/wp-json\/wp\/v2\/media?parent=1206"}],"wp:term":[{"taxonomy":"product_brand","embeddable":true,"href":"https:\/\/originltd.com\/fr\/wp-json\/wp\/v2\/product_brand?post=1206"},{"taxonomy":"product_cat","embeddable":true,"href":"https:\/\/originltd.com\/fr\/wp-json\/wp\/v2\/product_cat?post=1206"},{"taxonomy":"product_tag","embeddable":true,"href":"https:\/\/originltd.com\/fr\/wp-json\/wp\/v2\/product_tag?post=1206"}],"curies":[{"name":"wp","href":"https:\/\/api.w.org\/{rel}","templated":true}]}}