
{"id":12008,"date":"2024-09-05T10:28:01","date_gmt":"2024-09-05T09:28:01","guid":{"rendered":"https:\/\/originltd.in-beta.dev\/?post_type=product&#038;p=12008"},"modified":"2025-11-07T16:12:56","modified_gmt":"2025-11-07T16:12:56","slug":"bulk-format-aluminium-bags","status":"publish","type":"product","link":"https:\/\/originltd.com\/fr\/product\/bulk-format-aluminium-bags\/","title":{"rendered":"Sacs en aluminium en vrac"},"content":{"rendered":"<p><span style=\"font-weight: 400;\">Ces sacs pharmaceutiques en aluminium sont disponibles en deux variantes, convenant au stockage de 1 \u00e0 2,5 kg et de 3 \u00e0 5 kg.<\/span><\/p>","protected":false},"excerpt":{"rendered":"<p><span style=\"font-weight: 400;\">Origin <\/span><span style=\"font-weight: 400;\">sacs en aluminium en vrac<\/span><span style=\"font-weight: 400;\"> vous permettent d'emballer votre cannabis m\u00e9dicinal en toute confiance. Ces <\/span><span style=\"font-weight: 400;\">en vrac<\/span><span style=\"font-weight: 400;\"> Les sacs permettent d'emballer et de stocker en toute s\u00e9curit\u00e9 de plus grandes quantit\u00e9s de cannabis m\u00e9dicinal, avec des certifications conformes aux normes alimentaires.<\/span><\/p>\n<p><span style=\"font-weight: 400;\">La <\/span><span style=\"font-weight: 400;\">haute barri\u00e8re<\/span><span style=\"font-weight: 400;\"> Le lamin\u00e9 se scelle compl\u00e8tement, ce qui rend ces sacs parfaits pour l'emballage en vrac de liquides. <\/span><span style=\"font-weight: 400;\">produits<\/span><span style=\"font-weight: 400;\"> \u00e9galement.<\/span><\/p>\n<p><span style=\"font-weight: 400;\">Impression sur mesure de nos <\/span><span style=\"font-weight: 400;\">sacs pharmaceutiques en aluminium<\/span><span style=\"font-weight: 400;\"> vous permet de transmettre les messages de votre marque directement \u00e0 vos clients. Une finition argent\u00e9e est \u00e9galement disponible.<\/span><\/p>\n<h3><span style=\"font-weight: 400;\">Caract\u00e9ristiques principales :<\/span><\/h3>\n<ul>\n<li style=\"font-weight: 400;\" aria-level=\"1\"><span style=\"font-weight: 400;\">Joint solide<\/span><\/li>\n<li style=\"font-weight: 400;\" aria-level=\"1\"><span style=\"font-weight: 400;\">Une grande surface permet de mettre en valeur votre marque et votre produit<\/span><\/li>\n<li style=\"font-weight: 400;\" aria-level=\"1\"><span style=\"font-weight: 400;\">Faible taux de transmission de vapeur et d'oxyg\u00e8ne (&lt;10)<\/span><\/li>\n<li style=\"font-weight: 400;\" aria-level=\"1\"><span style=\"font-weight: 400;\">Fabriqu\u00e9 en aluminium de qualit\u00e9 alimentaire et en PET<\/span><\/li>\n<\/ul>\n<h3><span style=\"font-weight: 400;\">Utilisations appropri\u00e9es :<\/span><\/h3>\n<ul>\n<li style=\"font-weight: 400;\" aria-level=\"1\"><span style=\"font-weight: 400;\">A utiliser comme <\/span><a href=\"https:\/\/originltd.com\/fr\/packaging\/medicinal-cannabis-packaging\/\"><span style=\"font-weight: 400;\">emballage du cannabis m\u00e9dical<\/span><\/a><\/li>\n<li style=\"font-weight: 400;\" aria-level=\"1\"><span style=\"font-weight: 400;\">A utiliser comme <\/span><a href=\"https:\/\/originltd.com\/fr\/packaging\/pharmacy-packaging\/\"><span style=\"font-weight: 400;\">emballage des produits pharmaceutiques<\/span><\/a><\/li>\n<li style=\"font-weight: 400;\" aria-level=\"1\">A utiliser comme <a href=\"https:\/\/originltd.com\/fr\/packaging\/controlled-substances-packaging\/\"><span>emballage de substances r\u00e9glement\u00e9es<\/span><\/a><\/li>\n<\/ul>","protected":false},"featured_media":12009,"comment_status":"closed","ping_status":"closed","template":"","meta":{"_acf_changed":false},"product_brand":[],"product_cat":[665],"product_tag":[2212],"class_list":{"0":"post-12008","1":"product","2":"type-product","3":"status-publish","4":"has-post-thumbnail","6":"product_cat-medicinal-cannabis-packaging","7":"product_tag-new","9":"first","10":"instock","11":"sold-individually","12":"shipping-taxable","13":"product-type-simple"},"acf":[],"yoast_head":"<!-- This site is optimized with the Yoast SEO plugin v27.3 - https:\/\/yoast.com\/product\/yoast-seo-wordpress\/ -->\n<title>Bulk Format Aluminium Pharmaceutical Bags | Origin Packaging<\/title>\n<meta name=\"description\" content=\"Order bulk-format aluminium pharmaceutical bags from Origin, suitable for the secure storage of medical cannabis and adhering to food standard certifications.\" \/>\n<meta name=\"robots\" content=\"index, follow, max-snippet:-1, max-image-preview:large, max-video-preview:-1\" \/>\n<link rel=\"canonical\" href=\"https:\/\/originltd.com\/fr\/produit\/bulk-format-aluminium-bags\/\" \/>\n<meta property=\"og:locale\" content=\"fr_FR\" \/>\n<meta property=\"og:type\" content=\"article\" \/>\n<meta property=\"og:title\" content=\"Bulk Format Aluminium Pharmaceutical Bags | Origin Packaging\" \/>\n<meta property=\"og:description\" content=\"Order bulk-format aluminium pharmaceutical bags from Origin, suitable for the secure storage of medical cannabis and adhering to food standard certifications.\" \/>\n<meta property=\"og:url\" content=\"https:\/\/originltd.com\/fr\/produit\/bulk-format-aluminium-bags\/\" \/>\n<meta property=\"og:site_name\" content=\"Origin Pharma Packaging\" \/>\n<meta property=\"article:publisher\" content=\"https:\/\/www.facebook.com\/originpharmapackaging\" \/>\n<meta property=\"article:modified_time\" content=\"2025-11-07T16:12:56+00:00\" \/>\n<meta property=\"og:image\" content=\"https:\/\/originltd.com\/wp-content\/uploads\/2024\/09\/vacuum-bag.jpg\" \/>\n\t<meta property=\"og:image:width\" content=\"490\" \/>\n\t<meta property=\"og:image:height\" content=\"591\" \/>\n\t<meta property=\"og:image:type\" content=\"image\/jpeg\" \/>\n<meta name=\"twitter:card\" content=\"summary_large_image\" \/>\n<meta name=\"twitter:site\" content=\"@originpharma\" \/>\n<meta name=\"twitter:label1\" content=\"Dur\u00e9e de lecture estim\u00e9e\" \/>\n\t<meta name=\"twitter:data1\" content=\"1 minute\" \/>\n<script type=\"application\/ld+json\" class=\"yoast-schema-graph\">{\"@context\":\"https:\\\/\\\/schema.org\",\"@graph\":[{\"@type\":\"WebPage\",\"@id\":\"https:\\\/\\\/originltd.com\\\/product\\\/bulk-format-aluminium-bags\\\/\",\"url\":\"https:\\\/\\\/originltd.com\\\/product\\\/bulk-format-aluminium-bags\\\/\",\"name\":\"Bulk Format Aluminium Pharmaceutical Bags | Origin Packaging\",\"isPartOf\":{\"@id\":\"https:\\\/\\\/originltd.com\\\/#website\"},\"primaryImageOfPage\":{\"@id\":\"https:\\\/\\\/originltd.com\\\/product\\\/bulk-format-aluminium-bags\\\/#primaryimage\"},\"image\":{\"@id\":\"https:\\\/\\\/originltd.com\\\/product\\\/bulk-format-aluminium-bags\\\/#primaryimage\"},\"thumbnailUrl\":\"https:\\\/\\\/originltd.com\\\/wp-content\\\/uploads\\\/2024\\\/09\\\/vacuum-bag.jpg\",\"datePublished\":\"2024-09-05T09:28:01+00:00\",\"dateModified\":\"2025-11-07T16:12:56+00:00\",\"description\":\"Order bulk-format aluminium pharmaceutical bags from Origin, suitable for the secure storage of medical cannabis and adhering to food standard certifications.\",\"breadcrumb\":{\"@id\":\"https:\\\/\\\/originltd.com\\\/product\\\/bulk-format-aluminium-bags\\\/#breadcrumb\"},\"inLanguage\":\"fr-FR\",\"potentialAction\":[{\"@type\":\"ReadAction\",\"target\":[\"https:\\\/\\\/originltd.com\\\/product\\\/bulk-format-aluminium-bags\\\/\"]}]},{\"@type\":\"ImageObject\",\"inLanguage\":\"fr-FR\",\"@id\":\"https:\\\/\\\/originltd.com\\\/product\\\/bulk-format-aluminium-bags\\\/#primaryimage\",\"url\":\"https:\\\/\\\/originltd.com\\\/wp-content\\\/uploads\\\/2024\\\/09\\\/vacuum-bag.jpg\",\"contentUrl\":\"https:\\\/\\\/originltd.com\\\/wp-content\\\/uploads\\\/2024\\\/09\\\/vacuum-bag.jpg\",\"width\":490,\"height\":591,\"caption\":\"Bulk Format Aluminium Bags\"},{\"@type\":\"BreadcrumbList\",\"@id\":\"https:\\\/\\\/originltd.com\\\/product\\\/bulk-format-aluminium-bags\\\/#breadcrumb\",\"itemListElement\":[{\"@type\":\"ListItem\",\"position\":1,\"name\":\"Home\",\"item\":\"https:\\\/\\\/originltd.com\\\/\"},{\"@type\":\"ListItem\",\"position\":2,\"name\":\"Pharmaceutical Packaging Products\",\"item\":\"https:\\\/\\\/originltd.com\\\/pharmaceutical-packaging\\\/\"},{\"@type\":\"ListItem\",\"position\":3,\"name\":\"Medicinal Cannabis Packaging\",\"item\":\"https:\\\/\\\/originltd.com\\\/packaging\\\/medicinal-cannabis-packaging\\\/\"},{\"@type\":\"ListItem\",\"position\":4,\"name\":\"Bulk-Format Aluminium Bags\"}]},{\"@type\":\"WebSite\",\"@id\":\"https:\\\/\\\/originltd.com\\\/#website\",\"url\":\"https:\\\/\\\/originltd.com\\\/\",\"name\":\"Origin Pharma Packaging\",\"description\":\"\",\"publisher\":{\"@id\":\"https:\\\/\\\/originltd.com\\\/#organization\"},\"alternateName\":\"Origin Ltd.\",\"potentialAction\":[{\"@type\":\"SearchAction\",\"target\":{\"@type\":\"EntryPoint\",\"urlTemplate\":\"https:\\\/\\\/originltd.com\\\/?s={search_term_string}\"},\"query-input\":{\"@type\":\"PropertyValueSpecification\",\"valueRequired\":true,\"valueName\":\"search_term_string\"}}],\"inLanguage\":\"fr-FR\"},{\"@type\":\"Organization\",\"@id\":\"https:\\\/\\\/originltd.com\\\/#organization\",\"name\":\"Origin Pharma Packaging\",\"url\":\"https:\\\/\\\/originltd.com\\\/\",\"logo\":{\"@type\":\"ImageObject\",\"inLanguage\":\"fr-FR\",\"@id\":\"https:\\\/\\\/originltd.com\\\/#\\\/schema\\\/logo\\\/image\\\/\",\"url\":\"https:\\\/\\\/originltd.com\\\/wp-content\\\/uploads\\\/2024\\\/06\\\/cropped-Origin-logo-For-Health-For-Life-RGB@10x.png\",\"contentUrl\":\"https:\\\/\\\/originltd.com\\\/wp-content\\\/uploads\\\/2024\\\/06\\\/cropped-Origin-logo-For-Health-For-Life-RGB@10x.png\",\"width\":227,\"height\":65,\"caption\":\"Origin Pharma Packaging\"},\"image\":{\"@id\":\"https:\\\/\\\/originltd.com\\\/#\\\/schema\\\/logo\\\/image\\\/\"},\"sameAs\":[\"https:\\\/\\\/www.facebook.com\\\/originpharmapackaging\",\"https:\\\/\\\/x.com\\\/originpharma\",\"https:\\\/\\\/www.linkedin.com\\\/company\\\/origin-packaging-ltd\\\/\",\"https:\\\/\\\/www.youtube.com\\\/channel\\\/UCOOJl3eFOiO7lJT6f5qHygA\"]}]}<\/script>\n<!-- \/ Yoast SEO plugin. -->","yoast_head_json":{"title":"Sacs pharmaceutiques en aluminium de grand format | Origin Packaging","description":"Commandez aupr\u00e8s d'Origin des sachets pharmaceutiques en aluminium en vrac, adapt\u00e9s au stockage s\u00e9curis\u00e9 du cannabis m\u00e9dical et conformes aux certifications des normes alimentaires.","robots":{"index":"index","follow":"follow","max-snippet":"max-snippet:-1","max-image-preview":"max-image-preview:large","max-video-preview":"max-video-preview:-1"},"canonical":"https:\/\/originltd.com\/fr\/produit\/bulk-format-aluminium-bags\/","og_locale":"fr_FR","og_type":"article","og_title":"Bulk Format Aluminium Pharmaceutical Bags | Origin Packaging","og_description":"Order bulk-format aluminium pharmaceutical bags from Origin, suitable for the secure storage of medical cannabis and adhering to food standard certifications.","og_url":"https:\/\/originltd.com\/fr\/produit\/bulk-format-aluminium-bags\/","og_site_name":"Origin Pharma Packaging","article_publisher":"https:\/\/www.facebook.com\/originpharmapackaging","article_modified_time":"2025-11-07T16:12:56+00:00","og_image":[{"width":490,"height":591,"url":"https:\/\/originltd.com\/wp-content\/uploads\/2024\/09\/vacuum-bag.jpg","type":"image\/jpeg"}],"twitter_card":"summary_large_image","twitter_site":"@originpharma","twitter_misc":{"Dur\u00e9e de lecture estim\u00e9e":"1 minute"},"schema":{"@context":"https:\/\/schema.org","@graph":[{"@type":"WebPage","@id":"https:\/\/originltd.com\/product\/bulk-format-aluminium-bags\/","url":"https:\/\/originltd.com\/product\/bulk-format-aluminium-bags\/","name":"Sacs pharmaceutiques en aluminium de grand format | Origin Packaging","isPartOf":{"@id":"https:\/\/originltd.com\/#website"},"primaryImageOfPage":{"@id":"https:\/\/originltd.com\/product\/bulk-format-aluminium-bags\/#primaryimage"},"image":{"@id":"https:\/\/originltd.com\/product\/bulk-format-aluminium-bags\/#primaryimage"},"thumbnailUrl":"https:\/\/originltd.com\/wp-content\/uploads\/2024\/09\/vacuum-bag.jpg","datePublished":"2024-09-05T09:28:01+00:00","dateModified":"2025-11-07T16:12:56+00:00","description":"Commandez aupr\u00e8s d'Origin des sachets pharmaceutiques en aluminium en vrac, adapt\u00e9s au stockage s\u00e9curis\u00e9 du cannabis m\u00e9dical et conformes aux certifications des normes alimentaires.","breadcrumb":{"@id":"https:\/\/originltd.com\/product\/bulk-format-aluminium-bags\/#breadcrumb"},"inLanguage":"fr-FR","potentialAction":[{"@type":"ReadAction","target":["https:\/\/originltd.com\/product\/bulk-format-aluminium-bags\/"]}]},{"@type":"ImageObject","inLanguage":"fr-FR","@id":"https:\/\/originltd.com\/product\/bulk-format-aluminium-bags\/#primaryimage","url":"https:\/\/originltd.com\/wp-content\/uploads\/2024\/09\/vacuum-bag.jpg","contentUrl":"https:\/\/originltd.com\/wp-content\/uploads\/2024\/09\/vacuum-bag.jpg","width":490,"height":591,"caption":"Bulk Format Aluminium Bags"},{"@type":"BreadcrumbList","@id":"https:\/\/originltd.com\/product\/bulk-format-aluminium-bags\/#breadcrumb","itemListElement":[{"@type":"ListItem","position":1,"name":"Home","item":"https:\/\/originltd.com\/"},{"@type":"ListItem","position":2,"name":"Pharmaceutical Packaging Products","item":"https:\/\/originltd.com\/pharmaceutical-packaging\/"},{"@type":"ListItem","position":3,"name":"Medicinal Cannabis Packaging","item":"https:\/\/originltd.com\/packaging\/medicinal-cannabis-packaging\/"},{"@type":"ListItem","position":4,"name":"Bulk-Format Aluminium Bags"}]},{"@type":"WebSite","@id":"https:\/\/originltd.com\/#website","url":"https:\/\/originltd.com\/","name":"Origin Pharma Packaging","description":"","publisher":{"@id":"https:\/\/originltd.com\/#organization"},"alternateName":"Origin Ltd.","potentialAction":[{"@type":"SearchAction","target":{"@type":"EntryPoint","urlTemplate":"https:\/\/originltd.com\/?s={search_term_string}"},"query-input":{"@type":"PropertyValueSpecification","valueRequired":true,"valueName":"search_term_string"}}],"inLanguage":"fr-FR"},{"@type":"Organization","@id":"https:\/\/originltd.com\/#organization","name":"Origin Pharma Packaging","url":"https:\/\/originltd.com\/","logo":{"@type":"ImageObject","inLanguage":"fr-FR","@id":"https:\/\/originltd.com\/#\/schema\/logo\/image\/","url":"https:\/\/originltd.com\/wp-content\/uploads\/2024\/06\/cropped-Origin-logo-For-Health-For-Life-RGB@10x.png","contentUrl":"https:\/\/originltd.com\/wp-content\/uploads\/2024\/06\/cropped-Origin-logo-For-Health-For-Life-RGB@10x.png","width":227,"height":65,"caption":"Origin Pharma Packaging"},"image":{"@id":"https:\/\/originltd.com\/#\/schema\/logo\/image\/"},"sameAs":["https:\/\/www.facebook.com\/originpharmapackaging","https:\/\/x.com\/originpharma","https:\/\/www.linkedin.com\/company\/origin-packaging-ltd\/","https:\/\/www.youtube.com\/channel\/UCOOJl3eFOiO7lJT6f5qHygA"]}]}},"_links":{"self":[{"href":"https:\/\/originltd.com\/fr\/wp-json\/wp\/v2\/product\/12008","targetHints":{"allow":["GET"]}}],"collection":[{"href":"https:\/\/originltd.com\/fr\/wp-json\/wp\/v2\/product"}],"about":[{"href":"https:\/\/originltd.com\/fr\/wp-json\/wp\/v2\/types\/product"}],"replies":[{"embeddable":true,"href":"https:\/\/originltd.com\/fr\/wp-json\/wp\/v2\/comments?post=12008"}],"wp:featuredmedia":[{"embeddable":true,"href":"https:\/\/originltd.com\/fr\/wp-json\/wp\/v2\/media\/12009"}],"wp:attachment":[{"href":"https:\/\/originltd.com\/fr\/wp-json\/wp\/v2\/media?parent=12008"}],"wp:term":[{"taxonomy":"product_brand","embeddable":true,"href":"https:\/\/originltd.com\/fr\/wp-json\/wp\/v2\/product_brand?post=12008"},{"taxonomy":"product_cat","embeddable":true,"href":"https:\/\/originltd.com\/fr\/wp-json\/wp\/v2\/product_cat?post=12008"},{"taxonomy":"product_tag","embeddable":true,"href":"https:\/\/originltd.com\/fr\/wp-json\/wp\/v2\/product_tag?post=12008"}],"curies":[{"name":"wp","href":"https:\/\/api.w.org\/{rel}","templated":true}]}}