
{"id":1198,"date":"2018-02-07T16:48:35","date_gmt":"2018-02-07T16:48:35","guid":{"rendered":"https:\/\/dev.originltd.com\/product\/child-resistant-dropper-caps\/"},"modified":"2025-09-25T15:22:49","modified_gmt":"2025-09-25T14:22:49","slug":"child-resistant-dropper-caps","status":"publish","type":"product","link":"https:\/\/originltd.com\/fr\/product\/child-resistant-dropper-caps\/","title":{"rendered":"Bouchons compte-gouttes \u00e0 l'\u00e9preuve des enfants"},"content":{"rendered":"<p><span style=\"font-weight: 400;\">Les bouchons de s\u00e9curit\u00e9 enfants que nous proposons sont disponibles en noir ou en blanc pour notre bouchon de 7 mm, ou en noir pour notre bouchon de 1,5 mm.<\/span><\/p>","protected":false},"excerpt":{"rendered":"<p><span style=\"font-weight: 400;\">Prot\u00e9gez les enfants dans l'environnement domestique du contenu liquide de votre produit avec <\/span><span style=\"font-weight: 400;\">ces<\/span><span style=\"font-weight: 400;\"> capuchons de compte-gouttes s\u00e9curis\u00e9s et \u00e0 l'\u00e9preuve des enfants<\/span><span style=\"font-weight: 400;\">. Ceux-ci <\/span><a href=\"https:\/\/originltd.com\/fr\/packaging\/child-resistant-packaging\/atomisers-pipette-droppers\/\"><span style=\"font-weight: 400;\">compte-gouttes \u00e0 l'\u00e9preuve des enfants<\/span><\/a><span style=\"font-weight: 400;\"> rendent simultan\u00e9ment la distribution de m\u00e9dicaments liquides pratique et pr\u00e9cise pour les utilisateurs finaux, tout en veillant \u00e0 ce que les enfants soient prot\u00e9g\u00e9s contre les substances qui pourraient leur nuire.<\/span><\/p>\n<p><span style=\"font-weight: 400;\">L'action d'ouvrir le <\/span><a href=\"https:\/\/originltd.com\/fr\/packaging\/child-resistant-packaging\/closures\/\"><span style=\"font-weight: 400;\">fermeture \u00e0 l'\u00e9preuve des enfants<\/span><\/a><span style=\"font-weight: 400;\"> est de \"pousser vers le bas et de tourner<\/span><span style=\"font-weight: 400;\">Ce double m\u00e9canisme dissuade les enfants tout en restant accessible aux adultes, y compris les personnes \u00e2g\u00e9es.<\/span><\/p>\n<h3><span style=\"font-weight: 400;\">Caract\u00e9ristiques principales :<\/span><\/h3>\n<ul>\n<li style=\"font-weight: 400;\" aria-level=\"1\"><span style=\"font-weight: 400;\">Fine nervure,<\/span><span style=\"font-weight: 400;\"> bouchons compte-gouttes \u00e0 l'\u00e9preuve des enfants<\/span><\/li>\n<li style=\"font-weight: 400;\" aria-level=\"1\"><span style=\"font-weight: 400;\">Enseignement <\/span><span style=\"font-weight: 400;\">pictogramme<\/span><span style=\"font-weight: 400;\"> sur le dessus de la fermeture<\/span><\/li>\n<li style=\"font-weight: 400;\" aria-level=\"1\"><span style=\"font-weight: 400;\">ils existent en version compte-int\u00e9gral.<\/span><\/li>\n<li style=\"font-weight: 400;\" aria-level=\"1\"><span style=\"font-weight: 400;\">Disponible en blanc ou en noir<\/span><\/li>\n<li style=\"font-weight: 400;\" aria-level=\"1\"><span style=\"font-weight: 400;\">Plusieurs tailles disponibles<\/span><\/li>\n<\/ul>\n<h3><span style=\"font-weight: 400;\">Utilisations appropri\u00e9es :<\/span><\/h3>\n<ul>\n<li style=\"font-weight: 400;\" aria-level=\"1\"><span style=\"font-weight: 400;\">Pour une distribution pr\u00e9cise des m\u00e9dicaments liquides et la protection du contenu contre les enfants<\/span><\/li>\n<\/ul>","protected":false},"featured_media":3540,"comment_status":"open","ping_status":"closed","template":"","meta":{"_acf_changed":false},"product_brand":[],"product_cat":[2160,2158,97,96],"product_tag":[],"class_list":{"0":"post-1198","1":"product","2":"type-product","3":"status-publish","4":"has-post-thumbnail","6":"product_cat-closures","7":"product_cat-child-resistant-packaging","8":"product_cat-closures-dispensers","9":"product_cat-plastic","11":"first","12":"instock","13":"sold-individually","14":"shipping-taxable","15":"purchasable","16":"product-type-simple"},"acf":[],"yoast_head":"<!-- This site is optimized with the Yoast SEO plugin v27.3 - https:\/\/yoast.com\/product\/yoast-seo-wordpress\/ -->\n<title>Child Resistant Dropper Caps | Origin Pharma Packaging<\/title>\n<meta name=\"description\" content=\"Origin\u2019s child-resistant dropper caps offer secure protection and child-resistance for pharmacy packaging, available for order in wholesale quantities.\" \/>\n<meta name=\"robots\" content=\"index, follow, max-snippet:-1, max-image-preview:large, max-video-preview:-1\" \/>\n<link rel=\"canonical\" href=\"https:\/\/originltd.com\/fr\/produit\/child-resistant-dropper-caps\/\" \/>\n<meta property=\"og:locale\" content=\"fr_FR\" \/>\n<meta property=\"og:type\" content=\"article\" \/>\n<meta property=\"og:title\" content=\"Child Resistant Dropper Caps | Origin Pharma Packaging\" \/>\n<meta property=\"og:description\" content=\"Origin\u2019s child-resistant dropper caps offer secure protection and child-resistance for pharmacy packaging, available for order in wholesale quantities.\" \/>\n<meta property=\"og:url\" content=\"https:\/\/originltd.com\/fr\/produit\/child-resistant-dropper-caps\/\" \/>\n<meta property=\"og:site_name\" content=\"Origin Pharma Packaging\" \/>\n<meta property=\"article:publisher\" content=\"https:\/\/www.facebook.com\/originpharmapackaging\" \/>\n<meta property=\"article:modified_time\" content=\"2025-09-25T14:22:49+00:00\" \/>\n<meta property=\"og:image\" content=\"https:\/\/originltd.com\/wp-content\/uploads\/2018\/03\/tamper-evident-cr-closure-scaled.jpg\" \/>\n\t<meta property=\"og:image:width\" content=\"1707\" \/>\n\t<meta property=\"og:image:height\" content=\"2560\" \/>\n\t<meta property=\"og:image:type\" content=\"image\/jpeg\" \/>\n<meta name=\"twitter:card\" content=\"summary_large_image\" \/>\n<meta name=\"twitter:site\" content=\"@originpharma\" \/>\n<meta name=\"twitter:label1\" content=\"Dur\u00e9e de lecture estim\u00e9e\" \/>\n\t<meta name=\"twitter:data1\" content=\"1 minute\" \/>\n<script type=\"application\/ld+json\" class=\"yoast-schema-graph\">{\"@context\":\"https:\\\/\\\/schema.org\",\"@graph\":[{\"@type\":\"WebPage\",\"@id\":\"https:\\\/\\\/originltd.com\\\/product\\\/child-resistant-dropper-caps\\\/\",\"url\":\"https:\\\/\\\/originltd.com\\\/product\\\/child-resistant-dropper-caps\\\/\",\"name\":\"Child Resistant Dropper Caps | Origin Pharma Packaging\",\"isPartOf\":{\"@id\":\"https:\\\/\\\/originltd.com\\\/#website\"},\"primaryImageOfPage\":{\"@id\":\"https:\\\/\\\/originltd.com\\\/product\\\/child-resistant-dropper-caps\\\/#primaryimage\"},\"image\":{\"@id\":\"https:\\\/\\\/originltd.com\\\/product\\\/child-resistant-dropper-caps\\\/#primaryimage\"},\"thumbnailUrl\":\"https:\\\/\\\/originltd.com\\\/wp-content\\\/uploads\\\/2018\\\/03\\\/tamper-evident-cr-closure-scaled.jpg\",\"datePublished\":\"2018-02-07T16:48:35+00:00\",\"dateModified\":\"2025-09-25T14:22:49+00:00\",\"description\":\"Origin\u2019s child-resistant dropper caps offer secure protection and child-resistance for pharmacy packaging, available for order in wholesale quantities.\",\"breadcrumb\":{\"@id\":\"https:\\\/\\\/originltd.com\\\/product\\\/child-resistant-dropper-caps\\\/#breadcrumb\"},\"inLanguage\":\"fr-FR\",\"potentialAction\":[{\"@type\":\"ReadAction\",\"target\":[\"https:\\\/\\\/originltd.com\\\/product\\\/child-resistant-dropper-caps\\\/\"]}]},{\"@type\":\"ImageObject\",\"inLanguage\":\"fr-FR\",\"@id\":\"https:\\\/\\\/originltd.com\\\/product\\\/child-resistant-dropper-caps\\\/#primaryimage\",\"url\":\"https:\\\/\\\/originltd.com\\\/wp-content\\\/uploads\\\/2018\\\/03\\\/tamper-evident-cr-closure-scaled.jpg\",\"contentUrl\":\"https:\\\/\\\/originltd.com\\\/wp-content\\\/uploads\\\/2018\\\/03\\\/tamper-evident-cr-closure-scaled.jpg\",\"width\":1707,\"height\":2560,\"caption\":\"Child resistant dropper caps\"},{\"@type\":\"BreadcrumbList\",\"@id\":\"https:\\\/\\\/originltd.com\\\/product\\\/child-resistant-dropper-caps\\\/#breadcrumb\",\"itemListElement\":[{\"@type\":\"ListItem\",\"position\":1,\"name\":\"Home\",\"item\":\"https:\\\/\\\/originltd.com\\\/\"},{\"@type\":\"ListItem\",\"position\":2,\"name\":\"Pharmaceutical Packaging Products\",\"item\":\"https:\\\/\\\/originltd.com\\\/pharmaceutical-packaging\\\/\"},{\"@type\":\"ListItem\",\"position\":3,\"name\":\"Child-Resistant Packaging\",\"item\":\"https:\\\/\\\/originltd.com\\\/packaging\\\/child-resistant-packaging\\\/\"},{\"@type\":\"ListItem\",\"position\":4,\"name\":\"Child-Resistant Dropper Caps\"}]},{\"@type\":\"WebSite\",\"@id\":\"https:\\\/\\\/originltd.com\\\/#website\",\"url\":\"https:\\\/\\\/originltd.com\\\/\",\"name\":\"Origin Pharma Packaging\",\"description\":\"\",\"publisher\":{\"@id\":\"https:\\\/\\\/originltd.com\\\/#organization\"},\"alternateName\":\"Origin Ltd.\",\"potentialAction\":[{\"@type\":\"SearchAction\",\"target\":{\"@type\":\"EntryPoint\",\"urlTemplate\":\"https:\\\/\\\/originltd.com\\\/?s={search_term_string}\"},\"query-input\":{\"@type\":\"PropertyValueSpecification\",\"valueRequired\":true,\"valueName\":\"search_term_string\"}}],\"inLanguage\":\"fr-FR\"},{\"@type\":\"Organization\",\"@id\":\"https:\\\/\\\/originltd.com\\\/#organization\",\"name\":\"Origin Pharma Packaging\",\"url\":\"https:\\\/\\\/originltd.com\\\/\",\"logo\":{\"@type\":\"ImageObject\",\"inLanguage\":\"fr-FR\",\"@id\":\"https:\\\/\\\/originltd.com\\\/#\\\/schema\\\/logo\\\/image\\\/\",\"url\":\"https:\\\/\\\/originltd.com\\\/wp-content\\\/uploads\\\/2024\\\/06\\\/cropped-Origin-logo-For-Health-For-Life-RGB@10x.png\",\"contentUrl\":\"https:\\\/\\\/originltd.com\\\/wp-content\\\/uploads\\\/2024\\\/06\\\/cropped-Origin-logo-For-Health-For-Life-RGB@10x.png\",\"width\":227,\"height\":65,\"caption\":\"Origin Pharma Packaging\"},\"image\":{\"@id\":\"https:\\\/\\\/originltd.com\\\/#\\\/schema\\\/logo\\\/image\\\/\"},\"sameAs\":[\"https:\\\/\\\/www.facebook.com\\\/originpharmapackaging\",\"https:\\\/\\\/x.com\\\/originpharma\",\"https:\\\/\\\/www.linkedin.com\\\/company\\\/origin-packaging-ltd\\\/\",\"https:\\\/\\\/www.youtube.com\\\/channel\\\/UCOOJl3eFOiO7lJT6f5qHygA\"]}]}<\/script>\n<!-- \/ Yoast SEO plugin. -->","yoast_head_json":{"title":"Bouchons compte-gouttes \u00e0 l'\u00e9preuve des enfants | Origin Pharma Packaging","description":"Les bouchons compte-gouttes \u00e0 l'\u00e9preuve des enfants d'Origin offrent une protection s\u00fbre et \u00e0 l'\u00e9preuve des enfants pour les emballages pharmaceutiques, disponibles en quantit\u00e9s de gros.","robots":{"index":"index","follow":"follow","max-snippet":"max-snippet:-1","max-image-preview":"max-image-preview:large","max-video-preview":"max-video-preview:-1"},"canonical":"https:\/\/originltd.com\/fr\/produit\/child-resistant-dropper-caps\/","og_locale":"fr_FR","og_type":"article","og_title":"Child Resistant Dropper Caps | Origin Pharma Packaging","og_description":"Origin\u2019s child-resistant dropper caps offer secure protection and child-resistance for pharmacy packaging, available for order in wholesale quantities.","og_url":"https:\/\/originltd.com\/fr\/produit\/child-resistant-dropper-caps\/","og_site_name":"Origin Pharma Packaging","article_publisher":"https:\/\/www.facebook.com\/originpharmapackaging","article_modified_time":"2025-09-25T14:22:49+00:00","og_image":[{"width":1707,"height":2560,"url":"https:\/\/originltd.com\/wp-content\/uploads\/2018\/03\/tamper-evident-cr-closure-scaled.jpg","type":"image\/jpeg"}],"twitter_card":"summary_large_image","twitter_site":"@originpharma","twitter_misc":{"Dur\u00e9e de lecture estim\u00e9e":"1 minute"},"schema":{"@context":"https:\/\/schema.org","@graph":[{"@type":"WebPage","@id":"https:\/\/originltd.com\/product\/child-resistant-dropper-caps\/","url":"https:\/\/originltd.com\/product\/child-resistant-dropper-caps\/","name":"Bouchons compte-gouttes \u00e0 l'\u00e9preuve des enfants | Origin Pharma Packaging","isPartOf":{"@id":"https:\/\/originltd.com\/#website"},"primaryImageOfPage":{"@id":"https:\/\/originltd.com\/product\/child-resistant-dropper-caps\/#primaryimage"},"image":{"@id":"https:\/\/originltd.com\/product\/child-resistant-dropper-caps\/#primaryimage"},"thumbnailUrl":"https:\/\/originltd.com\/wp-content\/uploads\/2018\/03\/tamper-evident-cr-closure-scaled.jpg","datePublished":"2018-02-07T16:48:35+00:00","dateModified":"2025-09-25T14:22:49+00:00","description":"Les bouchons compte-gouttes \u00e0 l'\u00e9preuve des enfants d'Origin offrent une protection s\u00fbre et \u00e0 l'\u00e9preuve des enfants pour les emballages pharmaceutiques, disponibles en quantit\u00e9s de gros.","breadcrumb":{"@id":"https:\/\/originltd.com\/product\/child-resistant-dropper-caps\/#breadcrumb"},"inLanguage":"fr-FR","potentialAction":[{"@type":"ReadAction","target":["https:\/\/originltd.com\/product\/child-resistant-dropper-caps\/"]}]},{"@type":"ImageObject","inLanguage":"fr-FR","@id":"https:\/\/originltd.com\/product\/child-resistant-dropper-caps\/#primaryimage","url":"https:\/\/originltd.com\/wp-content\/uploads\/2018\/03\/tamper-evident-cr-closure-scaled.jpg","contentUrl":"https:\/\/originltd.com\/wp-content\/uploads\/2018\/03\/tamper-evident-cr-closure-scaled.jpg","width":1707,"height":2560,"caption":"Child resistant dropper caps"},{"@type":"BreadcrumbList","@id":"https:\/\/originltd.com\/product\/child-resistant-dropper-caps\/#breadcrumb","itemListElement":[{"@type":"ListItem","position":1,"name":"Home","item":"https:\/\/originltd.com\/"},{"@type":"ListItem","position":2,"name":"Pharmaceutical Packaging Products","item":"https:\/\/originltd.com\/pharmaceutical-packaging\/"},{"@type":"ListItem","position":3,"name":"Child-Resistant Packaging","item":"https:\/\/originltd.com\/packaging\/child-resistant-packaging\/"},{"@type":"ListItem","position":4,"name":"Child-Resistant Dropper Caps"}]},{"@type":"WebSite","@id":"https:\/\/originltd.com\/#website","url":"https:\/\/originltd.com\/","name":"Origin Pharma Packaging","description":"","publisher":{"@id":"https:\/\/originltd.com\/#organization"},"alternateName":"Origin Ltd.","potentialAction":[{"@type":"SearchAction","target":{"@type":"EntryPoint","urlTemplate":"https:\/\/originltd.com\/?s={search_term_string}"},"query-input":{"@type":"PropertyValueSpecification","valueRequired":true,"valueName":"search_term_string"}}],"inLanguage":"fr-FR"},{"@type":"Organization","@id":"https:\/\/originltd.com\/#organization","name":"Origin Pharma Packaging","url":"https:\/\/originltd.com\/","logo":{"@type":"ImageObject","inLanguage":"fr-FR","@id":"https:\/\/originltd.com\/#\/schema\/logo\/image\/","url":"https:\/\/originltd.com\/wp-content\/uploads\/2024\/06\/cropped-Origin-logo-For-Health-For-Life-RGB@10x.png","contentUrl":"https:\/\/originltd.com\/wp-content\/uploads\/2024\/06\/cropped-Origin-logo-For-Health-For-Life-RGB@10x.png","width":227,"height":65,"caption":"Origin Pharma Packaging"},"image":{"@id":"https:\/\/originltd.com\/#\/schema\/logo\/image\/"},"sameAs":["https:\/\/www.facebook.com\/originpharmapackaging","https:\/\/x.com\/originpharma","https:\/\/www.linkedin.com\/company\/origin-packaging-ltd\/","https:\/\/www.youtube.com\/channel\/UCOOJl3eFOiO7lJT6f5qHygA"]}]}},"_links":{"self":[{"href":"https:\/\/originltd.com\/fr\/wp-json\/wp\/v2\/product\/1198","targetHints":{"allow":["GET"]}}],"collection":[{"href":"https:\/\/originltd.com\/fr\/wp-json\/wp\/v2\/product"}],"about":[{"href":"https:\/\/originltd.com\/fr\/wp-json\/wp\/v2\/types\/product"}],"replies":[{"embeddable":true,"href":"https:\/\/originltd.com\/fr\/wp-json\/wp\/v2\/comments?post=1198"}],"wp:featuredmedia":[{"embeddable":true,"href":"https:\/\/originltd.com\/fr\/wp-json\/wp\/v2\/media\/3540"}],"wp:attachment":[{"href":"https:\/\/originltd.com\/fr\/wp-json\/wp\/v2\/media?parent=1198"}],"wp:term":[{"taxonomy":"product_brand","embeddable":true,"href":"https:\/\/originltd.com\/fr\/wp-json\/wp\/v2\/product_brand?post=1198"},{"taxonomy":"product_cat","embeddable":true,"href":"https:\/\/originltd.com\/fr\/wp-json\/wp\/v2\/product_cat?post=1198"},{"taxonomy":"product_tag","embeddable":true,"href":"https:\/\/originltd.com\/fr\/wp-json\/wp\/v2\/product_tag?post=1198"}],"curies":[{"name":"wp","href":"https:\/\/api.w.org\/{rel}","templated":true}]}}