
{"id":1189,"date":"2018-02-07T16:48:33","date_gmt":"2018-02-07T16:48:33","guid":{"rendered":"https:\/\/dev.originltd.com\/product\/epa-vials-clear-amber\/"},"modified":"2025-02-04T08:48:37","modified_gmt":"2025-02-04T08:48:37","slug":"epa-vials-clear-amber","status":"publish","type":"product","link":"https:\/\/originltd.com\/fr\/product\/epa-vials-clear-amber\/","title":{"rendered":"Fioles EPA \u00e0 col vissant de 40 ml en verre blanc ou ambr\u00e9"},"content":{"rendered":"","protected":false},"excerpt":{"rendered":"<p>Les flacons EPA r\u00e9pondent aux exigences de l'Agence am\u00e9ricaine de protection de l'environnement (EPA). Les flacons sont munis d'un bouchon \u00e0 vis Open Top, doubl\u00e9 d'un joint Septa en silicone recouvert de t\u00e9flon. Verre borosilicat\u00e9 de type 1, transparent et ambr\u00e9, l'\u00e9paisseur uniforme de la paroi du verre assure la clart\u00e9 et une excellente coh\u00e9rence dimensionnelle d'un flacon \u00e0 l'autre. Il r\u00e9duit \u00e9galement le poids total et permet une r\u00e9sistance \u00e9lev\u00e9e aux chocs thermiques. Le verre ambr\u00e9 prot\u00e8ge le contenu de la transmission de la lumi\u00e8re UV. Les flacons sont emball\u00e9s dans une barquette en carton r\u00e9tractable afin de maintenir la propret\u00e9 de l'emballage pendant le stockage.<\/p>\n<ul>\n<li>Le contenu pourra \u00eatre aspir\u00e9 \u00e0 l'aide d'une seringue enfonc\u00e9e dans la capsule de protection,  ou bien le bouchon \u00e0 vis pourra \u00eatre retir\u00e9 pour laisser d\u00e9canter le contenu ;<\/li>\n<li>Le pas de vis est destin\u00e9 \u00e0 assurer de nouveau l'\u00e9tanch\u00e9it\u00e9 apr\u00e8s ouverture le cas \u00e9ch\u00e9ant. Il supprime \u00e9galement les contraintes li\u00e9es aux dispositifs de sertissage et de d\u00e9sertissage.<\/li>\n<\/ul>","protected":false},"featured_media":3410,"comment_status":"open","ping_status":"closed","template":"","meta":{"_acf_changed":false},"product_brand":[],"product_cat":[2213,2214,106,95],"product_tag":[],"class_list":{"0":"post-1189","1":"product","2":"type-product","3":"status-publish","4":"has-post-thumbnail","6":"product_cat-amber-glass-bottles","7":"product_cat-clear-glass-bottles","8":"product_cat-glass-vials","9":"product_cat-glass","11":"first","12":"instock","13":"sold-individually","14":"shipping-taxable","15":"purchasable","16":"product-type-simple"},"acf":[],"yoast_head":"<!-- This site is optimized with the Yoast SEO plugin v27.3 - https:\/\/yoast.com\/product\/yoast-seo-wordpress\/ -->\n<title>EPA Vials \u2013 Clear\/Amber | Origin Pharma Packaging<\/title>\n<meta name=\"description\" content=\"Find out about EPA vials (clear\/amber) available from Origin, a bulk supplier of packaging for use in the pharmaceutical industry. Order a sample today!\" \/>\n<meta name=\"robots\" content=\"index, follow, max-snippet:-1, max-image-preview:large, max-video-preview:-1\" \/>\n<link rel=\"canonical\" href=\"https:\/\/originltd.com\/fr\/produit\/epa-vials-clear-amber\/\" \/>\n<meta property=\"og:locale\" content=\"fr_FR\" \/>\n<meta property=\"og:type\" content=\"article\" \/>\n<meta property=\"og:title\" content=\"EPA Vials \u2013 Clear\/Amber | Origin Pharma Packaging\" \/>\n<meta property=\"og:description\" content=\"Find out about EPA vials (clear\/amber) available from Origin, a bulk supplier of packaging for use in the pharmaceutical industry. Order a sample today!\" \/>\n<meta property=\"og:url\" content=\"https:\/\/originltd.com\/fr\/produit\/epa-vials-clear-amber\/\" \/>\n<meta property=\"og:site_name\" content=\"Origin Pharma Packaging\" \/>\n<meta property=\"article:publisher\" content=\"https:\/\/www.facebook.com\/originpharmapackaging\" \/>\n<meta property=\"article:modified_time\" content=\"2025-02-04T08:48:37+00:00\" \/>\n<meta property=\"og:image\" content=\"https:\/\/originltd.com\/wp-content\/uploads\/2018\/03\/epa-vial-clear-scaled.jpg\" \/>\n\t<meta property=\"og:image:width\" content=\"1707\" \/>\n\t<meta property=\"og:image:height\" content=\"2560\" \/>\n\t<meta property=\"og:image:type\" content=\"image\/jpeg\" \/>\n<meta name=\"twitter:card\" content=\"summary_large_image\" \/>\n<meta name=\"twitter:site\" content=\"@originpharma\" \/>\n<meta name=\"twitter:label1\" content=\"Dur\u00e9e de lecture estim\u00e9e\" \/>\n\t<meta name=\"twitter:data1\" content=\"1 minute\" \/>\n<script type=\"application\/ld+json\" class=\"yoast-schema-graph\">{\"@context\":\"https:\\\/\\\/schema.org\",\"@graph\":[{\"@type\":\"WebPage\",\"@id\":\"https:\\\/\\\/originltd.com\\\/product\\\/epa-vials-clear-amber\\\/\",\"url\":\"https:\\\/\\\/originltd.com\\\/product\\\/epa-vials-clear-amber\\\/\",\"name\":\"EPA Vials \u2013 Clear\\\/Amber | Origin Pharma Packaging\",\"isPartOf\":{\"@id\":\"https:\\\/\\\/originltd.com\\\/#website\"},\"primaryImageOfPage\":{\"@id\":\"https:\\\/\\\/originltd.com\\\/product\\\/epa-vials-clear-amber\\\/#primaryimage\"},\"image\":{\"@id\":\"https:\\\/\\\/originltd.com\\\/product\\\/epa-vials-clear-amber\\\/#primaryimage\"},\"thumbnailUrl\":\"https:\\\/\\\/originltd.com\\\/wp-content\\\/uploads\\\/2018\\\/03\\\/epa-vial-clear-scaled.jpg\",\"datePublished\":\"2018-02-07T16:48:33+00:00\",\"dateModified\":\"2025-02-04T08:48:37+00:00\",\"description\":\"Find out about EPA vials (clear\\\/amber) available from Origin, a bulk supplier of packaging for use in the pharmaceutical industry. Order a sample today!\",\"breadcrumb\":{\"@id\":\"https:\\\/\\\/originltd.com\\\/product\\\/epa-vials-clear-amber\\\/#breadcrumb\"},\"inLanguage\":\"fr-FR\",\"potentialAction\":[{\"@type\":\"ReadAction\",\"target\":[\"https:\\\/\\\/originltd.com\\\/product\\\/epa-vials-clear-amber\\\/\"]}]},{\"@type\":\"ImageObject\",\"inLanguage\":\"fr-FR\",\"@id\":\"https:\\\/\\\/originltd.com\\\/product\\\/epa-vials-clear-amber\\\/#primaryimage\",\"url\":\"https:\\\/\\\/originltd.com\\\/wp-content\\\/uploads\\\/2018\\\/03\\\/epa-vial-clear-scaled.jpg\",\"contentUrl\":\"https:\\\/\\\/originltd.com\\\/wp-content\\\/uploads\\\/2018\\\/03\\\/epa-vial-clear-scaled.jpg\",\"width\":1707,\"height\":2560,\"caption\":\"Glass EPA Vials\"},{\"@type\":\"BreadcrumbList\",\"@id\":\"https:\\\/\\\/originltd.com\\\/product\\\/epa-vials-clear-amber\\\/#breadcrumb\",\"itemListElement\":[{\"@type\":\"ListItem\",\"position\":1,\"name\":\"Home\",\"item\":\"https:\\\/\\\/originltd.com\\\/\"},{\"@type\":\"ListItem\",\"position\":2,\"name\":\"Pharmaceutical Packaging Products\",\"item\":\"https:\\\/\\\/originltd.com\\\/pharmaceutical-packaging\\\/\"},{\"@type\":\"ListItem\",\"position\":3,\"name\":\"Wholesale Glass Packaging\",\"item\":\"https:\\\/\\\/originltd.com\\\/packaging\\\/glass\\\/\"},{\"@type\":\"ListItem\",\"position\":4,\"name\":\"40ml EPA Vial &#8211; Clear\\\/Amber\"}]},{\"@type\":\"WebSite\",\"@id\":\"https:\\\/\\\/originltd.com\\\/#website\",\"url\":\"https:\\\/\\\/originltd.com\\\/\",\"name\":\"Origin Pharma Packaging\",\"description\":\"\",\"publisher\":{\"@id\":\"https:\\\/\\\/originltd.com\\\/#organization\"},\"alternateName\":\"Origin Ltd.\",\"potentialAction\":[{\"@type\":\"SearchAction\",\"target\":{\"@type\":\"EntryPoint\",\"urlTemplate\":\"https:\\\/\\\/originltd.com\\\/?s={search_term_string}\"},\"query-input\":{\"@type\":\"PropertyValueSpecification\",\"valueRequired\":true,\"valueName\":\"search_term_string\"}}],\"inLanguage\":\"fr-FR\"},{\"@type\":\"Organization\",\"@id\":\"https:\\\/\\\/originltd.com\\\/#organization\",\"name\":\"Origin Pharma Packaging\",\"url\":\"https:\\\/\\\/originltd.com\\\/\",\"logo\":{\"@type\":\"ImageObject\",\"inLanguage\":\"fr-FR\",\"@id\":\"https:\\\/\\\/originltd.com\\\/#\\\/schema\\\/logo\\\/image\\\/\",\"url\":\"https:\\\/\\\/originltd.com\\\/wp-content\\\/uploads\\\/2024\\\/06\\\/cropped-Origin-logo-For-Health-For-Life-RGB@10x.png\",\"contentUrl\":\"https:\\\/\\\/originltd.com\\\/wp-content\\\/uploads\\\/2024\\\/06\\\/cropped-Origin-logo-For-Health-For-Life-RGB@10x.png\",\"width\":227,\"height\":65,\"caption\":\"Origin Pharma Packaging\"},\"image\":{\"@id\":\"https:\\\/\\\/originltd.com\\\/#\\\/schema\\\/logo\\\/image\\\/\"},\"sameAs\":[\"https:\\\/\\\/www.facebook.com\\\/originpharmapackaging\",\"https:\\\/\\\/x.com\\\/originpharma\",\"https:\\\/\\\/www.linkedin.com\\\/company\\\/origin-packaging-ltd\\\/\",\"https:\\\/\\\/www.youtube.com\\\/channel\\\/UCOOJl3eFOiO7lJT6f5qHygA\"]}]}<\/script>\n<!-- \/ Yoast SEO plugin. -->","yoast_head_json":{"title":"Flacons EPA - Clair\/Ambre | Origin Pharma Packaging","description":"D\u00e9couvrez les flacons EPA (clair\/ambre) disponibles chez Origin, fournisseur d'emballages pour l'industrie pharmaceutique. Commandez un \u00e9chantillon d\u00e8s aujourd'hui !","robots":{"index":"index","follow":"follow","max-snippet":"max-snippet:-1","max-image-preview":"max-image-preview:large","max-video-preview":"max-video-preview:-1"},"canonical":"https:\/\/originltd.com\/fr\/produit\/epa-vials-clear-amber\/","og_locale":"fr_FR","og_type":"article","og_title":"EPA Vials \u2013 Clear\/Amber | Origin Pharma Packaging","og_description":"Find out about EPA vials (clear\/amber) available from Origin, a bulk supplier of packaging for use in the pharmaceutical industry. Order a sample today!","og_url":"https:\/\/originltd.com\/fr\/produit\/epa-vials-clear-amber\/","og_site_name":"Origin Pharma Packaging","article_publisher":"https:\/\/www.facebook.com\/originpharmapackaging","article_modified_time":"2025-02-04T08:48:37+00:00","og_image":[{"width":1707,"height":2560,"url":"https:\/\/originltd.com\/wp-content\/uploads\/2018\/03\/epa-vial-clear-scaled.jpg","type":"image\/jpeg"}],"twitter_card":"summary_large_image","twitter_site":"@originpharma","twitter_misc":{"Dur\u00e9e de lecture estim\u00e9e":"1 minute"},"schema":{"@context":"https:\/\/schema.org","@graph":[{"@type":"WebPage","@id":"https:\/\/originltd.com\/product\/epa-vials-clear-amber\/","url":"https:\/\/originltd.com\/product\/epa-vials-clear-amber\/","name":"Flacons EPA - Clair\/Ambre | Origin Pharma Packaging","isPartOf":{"@id":"https:\/\/originltd.com\/#website"},"primaryImageOfPage":{"@id":"https:\/\/originltd.com\/product\/epa-vials-clear-amber\/#primaryimage"},"image":{"@id":"https:\/\/originltd.com\/product\/epa-vials-clear-amber\/#primaryimage"},"thumbnailUrl":"https:\/\/originltd.com\/wp-content\/uploads\/2018\/03\/epa-vial-clear-scaled.jpg","datePublished":"2018-02-07T16:48:33+00:00","dateModified":"2025-02-04T08:48:37+00:00","description":"D\u00e9couvrez les flacons EPA (clair\/ambre) disponibles chez Origin, fournisseur d'emballages pour l'industrie pharmaceutique. Commandez un \u00e9chantillon d\u00e8s aujourd'hui !","breadcrumb":{"@id":"https:\/\/originltd.com\/product\/epa-vials-clear-amber\/#breadcrumb"},"inLanguage":"fr-FR","potentialAction":[{"@type":"ReadAction","target":["https:\/\/originltd.com\/product\/epa-vials-clear-amber\/"]}]},{"@type":"ImageObject","inLanguage":"fr-FR","@id":"https:\/\/originltd.com\/product\/epa-vials-clear-amber\/#primaryimage","url":"https:\/\/originltd.com\/wp-content\/uploads\/2018\/03\/epa-vial-clear-scaled.jpg","contentUrl":"https:\/\/originltd.com\/wp-content\/uploads\/2018\/03\/epa-vial-clear-scaled.jpg","width":1707,"height":2560,"caption":"Glass EPA Vials"},{"@type":"BreadcrumbList","@id":"https:\/\/originltd.com\/product\/epa-vials-clear-amber\/#breadcrumb","itemListElement":[{"@type":"ListItem","position":1,"name":"Home","item":"https:\/\/originltd.com\/"},{"@type":"ListItem","position":2,"name":"Pharmaceutical Packaging Products","item":"https:\/\/originltd.com\/pharmaceutical-packaging\/"},{"@type":"ListItem","position":3,"name":"Wholesale Glass Packaging","item":"https:\/\/originltd.com\/packaging\/glass\/"},{"@type":"ListItem","position":4,"name":"40ml EPA Vial &#8211; Clear\/Amber"}]},{"@type":"WebSite","@id":"https:\/\/originltd.com\/#website","url":"https:\/\/originltd.com\/","name":"Origin Pharma Packaging","description":"","publisher":{"@id":"https:\/\/originltd.com\/#organization"},"alternateName":"Origin Ltd.","potentialAction":[{"@type":"SearchAction","target":{"@type":"EntryPoint","urlTemplate":"https:\/\/originltd.com\/?s={search_term_string}"},"query-input":{"@type":"PropertyValueSpecification","valueRequired":true,"valueName":"search_term_string"}}],"inLanguage":"fr-FR"},{"@type":"Organization","@id":"https:\/\/originltd.com\/#organization","name":"Origin Pharma Packaging","url":"https:\/\/originltd.com\/","logo":{"@type":"ImageObject","inLanguage":"fr-FR","@id":"https:\/\/originltd.com\/#\/schema\/logo\/image\/","url":"https:\/\/originltd.com\/wp-content\/uploads\/2024\/06\/cropped-Origin-logo-For-Health-For-Life-RGB@10x.png","contentUrl":"https:\/\/originltd.com\/wp-content\/uploads\/2024\/06\/cropped-Origin-logo-For-Health-For-Life-RGB@10x.png","width":227,"height":65,"caption":"Origin Pharma Packaging"},"image":{"@id":"https:\/\/originltd.com\/#\/schema\/logo\/image\/"},"sameAs":["https:\/\/www.facebook.com\/originpharmapackaging","https:\/\/x.com\/originpharma","https:\/\/www.linkedin.com\/company\/origin-packaging-ltd\/","https:\/\/www.youtube.com\/channel\/UCOOJl3eFOiO7lJT6f5qHygA"]}]}},"_links":{"self":[{"href":"https:\/\/originltd.com\/fr\/wp-json\/wp\/v2\/product\/1189","targetHints":{"allow":["GET"]}}],"collection":[{"href":"https:\/\/originltd.com\/fr\/wp-json\/wp\/v2\/product"}],"about":[{"href":"https:\/\/originltd.com\/fr\/wp-json\/wp\/v2\/types\/product"}],"replies":[{"embeddable":true,"href":"https:\/\/originltd.com\/fr\/wp-json\/wp\/v2\/comments?post=1189"}],"wp:featuredmedia":[{"embeddable":true,"href":"https:\/\/originltd.com\/fr\/wp-json\/wp\/v2\/media\/3410"}],"wp:attachment":[{"href":"https:\/\/originltd.com\/fr\/wp-json\/wp\/v2\/media?parent=1189"}],"wp:term":[{"taxonomy":"product_brand","embeddable":true,"href":"https:\/\/originltd.com\/fr\/wp-json\/wp\/v2\/product_brand?post=1189"},{"taxonomy":"product_cat","embeddable":true,"href":"https:\/\/originltd.com\/fr\/wp-json\/wp\/v2\/product_cat?post=1189"},{"taxonomy":"product_tag","embeddable":true,"href":"https:\/\/originltd.com\/fr\/wp-json\/wp\/v2\/product_tag?post=1189"}],"curies":[{"name":"wp","href":"https:\/\/api.w.org\/{rel}","templated":true}]}}