
{"id":1176,"date":"2018-02-07T16:48:28","date_gmt":"2018-02-07T16:48:28","guid":{"rendered":"https:\/\/dev.originltd.com\/product\/pasteur-pipettes-pe\/"},"modified":"2025-04-11T10:07:52","modified_gmt":"2025-04-11T09:07:52","slug":"pasteur-pipettes-pe","status":"publish","type":"product","link":"https:\/\/originltd.com\/fr\/product\/pasteur-pipettes-pe\/","title":{"rendered":"Pipettes Pasteur 1ml-10ml"},"content":{"rendered":"<p><span style=\"font-weight: 400;\">Diff\u00e9rents volumes de pipettes Pasteur sont disponibles, allant de 1 ml \u00e0 10 ml. Elles sont fabriqu\u00e9es en PEBD non toxique.<\/span><\/p>","protected":false},"excerpt":{"rendered":"<p><span style=\"font-weight: 400;\">Nos pipettes Pasteur pour les commandes en gros offrent un contr\u00f4le pr\u00e9cis pour une utilisation pharmaceutique. Elles <\/span><span style=\"font-weight: 400;\">sont pr\u00e9cises \u00e0 +\/-10% de la valeur indiqu\u00e9e. <\/span><span style=\"font-weight: 400;\">sp\u00e9cification,<\/span><span style=\"font-weight: 400;\"> permettant de d\u00e9livrer des gouttes de \u00b5l de <\/span><span style=\"font-weight: 400;\">connu<\/span><span style=\"font-weight: 400;\"> volumes. Ils sont donc id\u00e9aux pour transf\u00e9rer facilement et en toute s\u00e9curit\u00e9 des liquides et des \u00e9chantillons.<\/span><\/p>\n<h3><span style=\"font-weight: 400;\">Caract\u00e9ristiques principales :<\/span><\/h3>\n<ul>\n<li style=\"font-weight: 400;\" aria-level=\"1\"><span style=\"font-weight: 400;\">Le g<\/span><span style=\"font-weight: 400;\">raduations sur 1ml et 3ml <\/span><span style=\"font-weight: 400;\">permettre<\/span><span style=\"font-weight: 400;\"> vous permet de d\u00e9livrer rapidement et facilement des volumes mesur\u00e9s, en fractions de 0,25 \u00e0 1,0 ml.<\/span><\/li>\n<li style=\"font-weight: 400;\" aria-level=\"1\"><span style=\"font-weight: 400;\">Ces <\/span><a href=\"https:\/\/originltd.com\/fr\/packaging\/dispensing-aid\/\"><span style=\"font-weight: 400;\">dispositifs de mesure des m\u00e9dicaments liquides<\/span><\/a><span style=\"font-weight: 400;\"> sont fabriqu\u00e9s<\/span><span style=\"font-weight: 400;\"> en LDPE non toxique - une alternative s\u00fbre et pratique aux pipettes en verre.<\/span><\/li>\n<li style=\"font-weight: 400;\" aria-level=\"1\"><span style=\"font-weight: 400;\">Une pipette \u00e0 tige \u00e9troite est disponible pour ces pipettes pasteur de 1 \u00e0 10 ml - convenant \u00e0 une utilisation comme <\/span><span style=\"font-weight: 400;\">a<\/span><span style=\"font-weight: 400;\"> congeler le flacon lorsque l'ampoule est thermoscell\u00e9e.<\/span><\/li>\n<\/ul>\n<h3><span style=\"font-weight: 400;\">Utilisations appropri\u00e9es :<\/span><\/h3>\n<ul>\n<li style=\"font-weight: 400;\" aria-level=\"1\"><span style=\"font-weight: 400;\">Chimie Entretien du pH-m\u00e8tre<\/span><\/li>\n<li style=\"font-weight: 400;\" aria-level=\"1\"><span style=\"font-weight: 400;\">Destin\u00e9es aux analyses en laboratoire ;<\/span><\/li>\n<li style=\"font-weight: 400;\" aria-level=\"1\"><span style=\"font-weight: 400;\">Kit d'analyse pour diagnostic ;<\/span><\/li>\n<li style=\"font-weight: 400;\" aria-level=\"1\"><span style=\"font-weight: 400;\">Tests sur diapositives<\/span><\/li>\n<li style=\"font-weight: 400;\" aria-level=\"1\"><span style=\"font-weight: 400;\">servent au pr\u00e9l\u00e8vement d'\u00e9chantillons et \u00e0 l'ajout de r\u00e9actifs\/produits chimiques.<\/span><\/li>\n<\/ul>","protected":false},"featured_media":3529,"comment_status":"open","ping_status":"closed","template":"","meta":{"_acf_changed":false},"product_brand":[],"product_cat":[100],"product_tag":[],"class_list":{"0":"post-1176","1":"product","2":"type-product","3":"status-publish","4":"has-post-thumbnail","6":"product_cat-dispensing-aid","8":"first","9":"instock","10":"sold-individually","11":"shipping-taxable","12":"purchasable","13":"product-type-simple"},"acf":[],"yoast_head":"<!-- This site is optimized with the Yoast SEO plugin v27.3 - https:\/\/yoast.com\/product\/yoast-seo-wordpress\/ -->\n<title>1ml-10ml Pasteur Pipettes | Origin Pharma Packaging<\/title>\n<meta name=\"description\" content=\"Order 1ml-10ml pasteur pipettes wholesale from Origin, bulk supplier of packaging for use in the pharmaceutical industry. Order a sample or get in touch for more details.\" \/>\n<meta name=\"robots\" content=\"index, follow, max-snippet:-1, max-image-preview:large, max-video-preview:-1\" \/>\n<link rel=\"canonical\" href=\"https:\/\/originltd.com\/fr\/produit\/pasteur-pipettes-pe\/\" \/>\n<meta property=\"og:locale\" content=\"fr_FR\" \/>\n<meta property=\"og:type\" content=\"article\" \/>\n<meta property=\"og:title\" content=\"1ml-10ml Pasteur Pipettes | Origin Pharma Packaging\" \/>\n<meta property=\"og:description\" content=\"Order 1ml-10ml pasteur pipettes wholesale from Origin, bulk supplier of packaging for use in the pharmaceutical industry. Order a sample or get in touch for more details.\" \/>\n<meta property=\"og:url\" content=\"https:\/\/originltd.com\/fr\/produit\/pasteur-pipettes-pe\/\" \/>\n<meta property=\"og:site_name\" content=\"Origin Pharma Packaging\" \/>\n<meta property=\"article:publisher\" content=\"https:\/\/www.facebook.com\/originpharmapackaging\" \/>\n<meta property=\"article:modified_time\" content=\"2025-04-11T09:07:52+00:00\" \/>\n<meta property=\"og:image\" content=\"https:\/\/originltd.com\/wp-content\/uploads\/2018\/03\/pasteur-pipettes-scaled.jpg\" \/>\n\t<meta property=\"og:image:width\" content=\"1707\" \/>\n\t<meta property=\"og:image:height\" content=\"2560\" \/>\n\t<meta property=\"og:image:type\" content=\"image\/jpeg\" \/>\n<meta name=\"twitter:card\" content=\"summary_large_image\" \/>\n<meta name=\"twitter:site\" content=\"@originpharma\" \/>\n<meta name=\"twitter:label1\" content=\"Dur\u00e9e de lecture estim\u00e9e\" \/>\n\t<meta name=\"twitter:data1\" content=\"1 minute\" \/>\n<script type=\"application\/ld+json\" class=\"yoast-schema-graph\">{\"@context\":\"https:\\\/\\\/schema.org\",\"@graph\":[{\"@type\":\"WebPage\",\"@id\":\"https:\\\/\\\/originltd.com\\\/product\\\/pasteur-pipettes-pe\\\/\",\"url\":\"https:\\\/\\\/originltd.com\\\/product\\\/pasteur-pipettes-pe\\\/\",\"name\":\"1ml-10ml Pasteur Pipettes | Origin Pharma Packaging\",\"isPartOf\":{\"@id\":\"https:\\\/\\\/originltd.com\\\/#website\"},\"primaryImageOfPage\":{\"@id\":\"https:\\\/\\\/originltd.com\\\/product\\\/pasteur-pipettes-pe\\\/#primaryimage\"},\"image\":{\"@id\":\"https:\\\/\\\/originltd.com\\\/product\\\/pasteur-pipettes-pe\\\/#primaryimage\"},\"thumbnailUrl\":\"https:\\\/\\\/originltd.com\\\/wp-content\\\/uploads\\\/2018\\\/03\\\/pasteur-pipettes-scaled.jpg\",\"datePublished\":\"2018-02-07T16:48:28+00:00\",\"dateModified\":\"2025-04-11T09:07:52+00:00\",\"description\":\"Order 1ml-10ml pasteur pipettes wholesale from Origin, bulk supplier of packaging for use in the pharmaceutical industry. Order a sample or get in touch for more details.\",\"breadcrumb\":{\"@id\":\"https:\\\/\\\/originltd.com\\\/product\\\/pasteur-pipettes-pe\\\/#breadcrumb\"},\"inLanguage\":\"fr-FR\",\"potentialAction\":[{\"@type\":\"ReadAction\",\"target\":[\"https:\\\/\\\/originltd.com\\\/product\\\/pasteur-pipettes-pe\\\/\"]}]},{\"@type\":\"ImageObject\",\"inLanguage\":\"fr-FR\",\"@id\":\"https:\\\/\\\/originltd.com\\\/product\\\/pasteur-pipettes-pe\\\/#primaryimage\",\"url\":\"https:\\\/\\\/originltd.com\\\/wp-content\\\/uploads\\\/2018\\\/03\\\/pasteur-pipettes-scaled.jpg\",\"contentUrl\":\"https:\\\/\\\/originltd.com\\\/wp-content\\\/uploads\\\/2018\\\/03\\\/pasteur-pipettes-scaled.jpg\",\"width\":1707,\"height\":2560,\"caption\":\"pasteur-pipettes\"},{\"@type\":\"BreadcrumbList\",\"@id\":\"https:\\\/\\\/originltd.com\\\/product\\\/pasteur-pipettes-pe\\\/#breadcrumb\",\"itemListElement\":[{\"@type\":\"ListItem\",\"position\":1,\"name\":\"Home\",\"item\":\"https:\\\/\\\/originltd.com\\\/\"},{\"@type\":\"ListItem\",\"position\":2,\"name\":\"Pharmaceutical Packaging Products\",\"item\":\"https:\\\/\\\/originltd.com\\\/pharmaceutical-packaging\\\/\"},{\"@type\":\"ListItem\",\"position\":3,\"name\":\"Liquid Medicine Measuring Devices\",\"item\":\"https:\\\/\\\/originltd.com\\\/packaging\\\/dispensing-aid\\\/\"},{\"@type\":\"ListItem\",\"position\":4,\"name\":\"1ml-10ml Pasteur Pipettes\"}]},{\"@type\":\"WebSite\",\"@id\":\"https:\\\/\\\/originltd.com\\\/#website\",\"url\":\"https:\\\/\\\/originltd.com\\\/\",\"name\":\"Origin Pharma Packaging\",\"description\":\"\",\"publisher\":{\"@id\":\"https:\\\/\\\/originltd.com\\\/#organization\"},\"alternateName\":\"Origin Ltd.\",\"potentialAction\":[{\"@type\":\"SearchAction\",\"target\":{\"@type\":\"EntryPoint\",\"urlTemplate\":\"https:\\\/\\\/originltd.com\\\/?s={search_term_string}\"},\"query-input\":{\"@type\":\"PropertyValueSpecification\",\"valueRequired\":true,\"valueName\":\"search_term_string\"}}],\"inLanguage\":\"fr-FR\"},{\"@type\":\"Organization\",\"@id\":\"https:\\\/\\\/originltd.com\\\/#organization\",\"name\":\"Origin Pharma Packaging\",\"url\":\"https:\\\/\\\/originltd.com\\\/\",\"logo\":{\"@type\":\"ImageObject\",\"inLanguage\":\"fr-FR\",\"@id\":\"https:\\\/\\\/originltd.com\\\/#\\\/schema\\\/logo\\\/image\\\/\",\"url\":\"https:\\\/\\\/originltd.com\\\/wp-content\\\/uploads\\\/2024\\\/06\\\/cropped-Origin-logo-For-Health-For-Life-RGB@10x.png\",\"contentUrl\":\"https:\\\/\\\/originltd.com\\\/wp-content\\\/uploads\\\/2024\\\/06\\\/cropped-Origin-logo-For-Health-For-Life-RGB@10x.png\",\"width\":227,\"height\":65,\"caption\":\"Origin Pharma Packaging\"},\"image\":{\"@id\":\"https:\\\/\\\/originltd.com\\\/#\\\/schema\\\/logo\\\/image\\\/\"},\"sameAs\":[\"https:\\\/\\\/www.facebook.com\\\/originpharmapackaging\",\"https:\\\/\\\/x.com\\\/originpharma\",\"https:\\\/\\\/www.linkedin.com\\\/company\\\/origin-packaging-ltd\\\/\",\"https:\\\/\\\/www.youtube.com\\\/channel\\\/UCOOJl3eFOiO7lJT6f5qHygA\"]}]}<\/script>\n<!-- \/ Yoast SEO plugin. -->","yoast_head_json":{"title":"Pipettes Pasteur 1ml-10ml | Origin Pharma Packaging","description":"Commandez en gros des pipettes Pasteur 1ml-10ml aupr\u00e8s d'Origin, fournisseur d'emballages pour l'industrie pharmaceutique. Commandez un \u00e9chantillon ou contactez-nous pour plus d'informations.","robots":{"index":"index","follow":"follow","max-snippet":"max-snippet:-1","max-image-preview":"max-image-preview:large","max-video-preview":"max-video-preview:-1"},"canonical":"https:\/\/originltd.com\/fr\/produit\/pasteur-pipettes-pe\/","og_locale":"fr_FR","og_type":"article","og_title":"1ml-10ml Pasteur Pipettes | Origin Pharma Packaging","og_description":"Order 1ml-10ml pasteur pipettes wholesale from Origin, bulk supplier of packaging for use in the pharmaceutical industry. Order a sample or get in touch for more details.","og_url":"https:\/\/originltd.com\/fr\/produit\/pasteur-pipettes-pe\/","og_site_name":"Origin Pharma Packaging","article_publisher":"https:\/\/www.facebook.com\/originpharmapackaging","article_modified_time":"2025-04-11T09:07:52+00:00","og_image":[{"width":1707,"height":2560,"url":"https:\/\/originltd.com\/wp-content\/uploads\/2018\/03\/pasteur-pipettes-scaled.jpg","type":"image\/jpeg"}],"twitter_card":"summary_large_image","twitter_site":"@originpharma","twitter_misc":{"Dur\u00e9e de lecture estim\u00e9e":"1 minute"},"schema":{"@context":"https:\/\/schema.org","@graph":[{"@type":"WebPage","@id":"https:\/\/originltd.com\/product\/pasteur-pipettes-pe\/","url":"https:\/\/originltd.com\/product\/pasteur-pipettes-pe\/","name":"Pipettes Pasteur 1ml-10ml | Origin Pharma Packaging","isPartOf":{"@id":"https:\/\/originltd.com\/#website"},"primaryImageOfPage":{"@id":"https:\/\/originltd.com\/product\/pasteur-pipettes-pe\/#primaryimage"},"image":{"@id":"https:\/\/originltd.com\/product\/pasteur-pipettes-pe\/#primaryimage"},"thumbnailUrl":"https:\/\/originltd.com\/wp-content\/uploads\/2018\/03\/pasteur-pipettes-scaled.jpg","datePublished":"2018-02-07T16:48:28+00:00","dateModified":"2025-04-11T09:07:52+00:00","description":"Commandez en gros des pipettes Pasteur 1ml-10ml aupr\u00e8s d'Origin, fournisseur d'emballages pour l'industrie pharmaceutique. Commandez un \u00e9chantillon ou contactez-nous pour plus d'informations.","breadcrumb":{"@id":"https:\/\/originltd.com\/product\/pasteur-pipettes-pe\/#breadcrumb"},"inLanguage":"fr-FR","potentialAction":[{"@type":"ReadAction","target":["https:\/\/originltd.com\/product\/pasteur-pipettes-pe\/"]}]},{"@type":"ImageObject","inLanguage":"fr-FR","@id":"https:\/\/originltd.com\/product\/pasteur-pipettes-pe\/#primaryimage","url":"https:\/\/originltd.com\/wp-content\/uploads\/2018\/03\/pasteur-pipettes-scaled.jpg","contentUrl":"https:\/\/originltd.com\/wp-content\/uploads\/2018\/03\/pasteur-pipettes-scaled.jpg","width":1707,"height":2560,"caption":"pasteur-pipettes"},{"@type":"BreadcrumbList","@id":"https:\/\/originltd.com\/product\/pasteur-pipettes-pe\/#breadcrumb","itemListElement":[{"@type":"ListItem","position":1,"name":"Home","item":"https:\/\/originltd.com\/"},{"@type":"ListItem","position":2,"name":"Pharmaceutical Packaging Products","item":"https:\/\/originltd.com\/pharmaceutical-packaging\/"},{"@type":"ListItem","position":3,"name":"Liquid Medicine Measuring Devices","item":"https:\/\/originltd.com\/packaging\/dispensing-aid\/"},{"@type":"ListItem","position":4,"name":"1ml-10ml Pasteur Pipettes"}]},{"@type":"WebSite","@id":"https:\/\/originltd.com\/#website","url":"https:\/\/originltd.com\/","name":"Origin Pharma Packaging","description":"","publisher":{"@id":"https:\/\/originltd.com\/#organization"},"alternateName":"Origin Ltd.","potentialAction":[{"@type":"SearchAction","target":{"@type":"EntryPoint","urlTemplate":"https:\/\/originltd.com\/?s={search_term_string}"},"query-input":{"@type":"PropertyValueSpecification","valueRequired":true,"valueName":"search_term_string"}}],"inLanguage":"fr-FR"},{"@type":"Organization","@id":"https:\/\/originltd.com\/#organization","name":"Origin Pharma Packaging","url":"https:\/\/originltd.com\/","logo":{"@type":"ImageObject","inLanguage":"fr-FR","@id":"https:\/\/originltd.com\/#\/schema\/logo\/image\/","url":"https:\/\/originltd.com\/wp-content\/uploads\/2024\/06\/cropped-Origin-logo-For-Health-For-Life-RGB@10x.png","contentUrl":"https:\/\/originltd.com\/wp-content\/uploads\/2024\/06\/cropped-Origin-logo-For-Health-For-Life-RGB@10x.png","width":227,"height":65,"caption":"Origin Pharma Packaging"},"image":{"@id":"https:\/\/originltd.com\/#\/schema\/logo\/image\/"},"sameAs":["https:\/\/www.facebook.com\/originpharmapackaging","https:\/\/x.com\/originpharma","https:\/\/www.linkedin.com\/company\/origin-packaging-ltd\/","https:\/\/www.youtube.com\/channel\/UCOOJl3eFOiO7lJT6f5qHygA"]}]}},"_links":{"self":[{"href":"https:\/\/originltd.com\/fr\/wp-json\/wp\/v2\/product\/1176","targetHints":{"allow":["GET"]}}],"collection":[{"href":"https:\/\/originltd.com\/fr\/wp-json\/wp\/v2\/product"}],"about":[{"href":"https:\/\/originltd.com\/fr\/wp-json\/wp\/v2\/types\/product"}],"replies":[{"embeddable":true,"href":"https:\/\/originltd.com\/fr\/wp-json\/wp\/v2\/comments?post=1176"}],"wp:featuredmedia":[{"embeddable":true,"href":"https:\/\/originltd.com\/fr\/wp-json\/wp\/v2\/media\/3529"}],"wp:attachment":[{"href":"https:\/\/originltd.com\/fr\/wp-json\/wp\/v2\/media?parent=1176"}],"wp:term":[{"taxonomy":"product_brand","embeddable":true,"href":"https:\/\/originltd.com\/fr\/wp-json\/wp\/v2\/product_brand?post=1176"},{"taxonomy":"product_cat","embeddable":true,"href":"https:\/\/originltd.com\/fr\/wp-json\/wp\/v2\/product_cat?post=1176"},{"taxonomy":"product_tag","embeddable":true,"href":"https:\/\/originltd.com\/fr\/wp-json\/wp\/v2\/product_tag?post=1176"}],"curies":[{"name":"wp","href":"https:\/\/api.w.org\/{rel}","templated":true}]}}