
{"id":1164,"date":"2018-02-07T16:48:25","date_gmt":"2018-02-07T16:48:25","guid":{"rendered":"https:\/\/dev.originltd.com\/product\/rubber-stoppers-and-crimp-seals\/"},"modified":"2025-05-15T15:55:16","modified_gmt":"2025-05-15T14:55:16","slug":"rubber-stoppers-and-crimp-seals","status":"publish","type":"product","link":"https:\/\/originltd.com\/fr\/product\/rubber-stoppers-and-crimp-seals\/","title":{"rendered":"Bouchons en caoutchouc et joints \u00e0 sertir"},"content":{"rendered":"<p><span style=\"font-weight: 400;\">Nos bouchons en caoutchouc et nos joints \u00e0 sertir sont disponibles dans diff\u00e9rents styles, y compris les mod\u00e8les \u00e0 trou central, \u00e0 d\u00e9chirure centrale, \u00e0 d\u00e9chirure compl\u00e8te et \u00e0 d\u00e9chirure par retournement. Vous pouvez \u00e9galement choisir parmi de nombreuses tailles et couleurs diff\u00e9rentes.<\/span><\/p>","protected":false},"excerpt":{"rendered":"<p><span style=\"font-weight: 400;\">Nous proposons des bouchons en caoutchouc et des joints \u00e0 sertir efficaces \u00e0 Origin, produits pour boucher et sceller une vari\u00e9t\u00e9 de formes de <\/span><a href=\"https:\/\/originltd.com\/fr\/packaging\/glass\/glass-vials\/\"><span style=\"font-weight: 400;\">le verre,<\/span><\/a><span style=\"font-weight: 400;\">. Ceux-ci <\/span><a href=\"https:\/\/originltd.com\/fr\/packaging\/closures-dispensers\/\"><span style=\"font-weight: 400;\">bouchons pharmaceutiques<\/span><\/a><span style=\"font-weight: 400;\"> ont une forte capacit\u00e9 de protection <\/span><span style=\"font-weight: 400;\">barri\u00e8res<\/span><span style=\"font-weight: 400;\"> pour prot\u00e9ger l'application \u00e0 l'int\u00e9rieur des flacons.<\/span><\/p>\n<h3><span style=\"font-weight: 400;\">Caract\u00e9ristiques principales :<\/span><\/h3>\n<ul>\n<li style=\"font-weight: 400;\" aria-level=\"1\"><span style=\"font-weight: 400;\">Trou central, <\/span><span style=\"font-weight: 400;\">d\u00e9chirure centrale<\/span><span style=\"font-weight: 400;\">-off, <\/span><span style=\"font-weight: 400;\">complet<\/span><span style=\"font-weight: 400;\"> de l'arrachage, et <\/span><span style=\"font-weight: 400;\">flip<\/span><span style=\"font-weight: 400;\"> les styles de surjet \u00e0 d\u00e9chirer<\/span><\/li>\n<li style=\"font-weight: 400;\" aria-level=\"1\"><span style=\"font-weight: 400;\">Sertissage <\/span><span style=\"font-weight: 400;\">joints<\/span><span style=\"font-weight: 400;\"> en <\/span><span style=\"font-weight: 400;\">a<\/span><span style=\"font-weight: 400;\"> gamme de couleurs <\/span><span style=\"font-weight: 400;\">permettre<\/span><span style=\"font-weight: 400;\"> pour une identification facile du produit<\/span><\/li>\n<\/ul>\n<h3><span style=\"font-weight: 400;\">Utilisations appropri\u00e9es :<\/span><\/h3>\n<ul>\n<li style=\"font-weight: 400;\" aria-level=\"1\"><span style=\"font-weight: 400;\">Bouchons disponibles pour les applications d'injection ou de lyophilisation<\/span><\/li>\n<\/ul>","protected":false},"featured_media":3536,"comment_status":"open","ping_status":"closed","template":"","meta":{"_acf_changed":false},"product_brand":[],"product_cat":[97,2206],"product_tag":[],"class_list":{"0":"post-1164","1":"product","2":"type-product","3":"status-publish","4":"has-post-thumbnail","6":"product_cat-closures-dispensers","7":"product_cat-pharmaceutical-packaging","9":"first","10":"instock","11":"sold-individually","12":"shipping-taxable","13":"purchasable","14":"product-type-simple"},"acf":[],"yoast_head":"<!-- This site is optimized with the Yoast SEO plugin v27.4 - https:\/\/yoast.com\/product\/yoast-seo-wordpress\/ -->\n<title>Rubber Stoppers and Crimp Seals | Origin Pharma Packaging<\/title>\n<meta name=\"description\" content=\"Order rubber stoppers and crimp seals at Origin, forming strong, protective barriers for vials and available in many sizes, colours and styles of overseal.\" \/>\n<meta name=\"robots\" content=\"index, follow, max-snippet:-1, max-image-preview:large, max-video-preview:-1\" \/>\n<link rel=\"canonical\" href=\"https:\/\/originltd.com\/fr\/produit\/rubber-stoppers-and-crimp-seals\/\" \/>\n<meta property=\"og:locale\" content=\"fr_FR\" \/>\n<meta property=\"og:type\" content=\"article\" \/>\n<meta property=\"og:title\" content=\"Rubber Stoppers and Crimp Seals | Origin Pharma Packaging\" \/>\n<meta property=\"og:description\" content=\"Order rubber stoppers and crimp seals at Origin, forming strong, protective barriers for vials and available in many sizes, colours and styles of overseal.\" \/>\n<meta property=\"og:url\" content=\"https:\/\/originltd.com\/fr\/produit\/rubber-stoppers-and-crimp-seals\/\" \/>\n<meta property=\"og:site_name\" content=\"Origin Pharma Packaging\" \/>\n<meta property=\"article:publisher\" content=\"https:\/\/www.facebook.com\/originpharmapackaging\" \/>\n<meta property=\"article:modified_time\" content=\"2025-05-15T14:55:16+00:00\" \/>\n<meta property=\"og:image\" content=\"https:\/\/originltd.com\/wp-content\/uploads\/2018\/03\/rubber-stoppers-and-crimp-seals-scaled.jpg\" \/>\n\t<meta property=\"og:image:width\" content=\"1707\" \/>\n\t<meta property=\"og:image:height\" content=\"2560\" \/>\n\t<meta property=\"og:image:type\" content=\"image\/jpeg\" \/>\n<meta name=\"twitter:card\" content=\"summary_large_image\" \/>\n<meta name=\"twitter:site\" content=\"@originpharma\" \/>\n<meta name=\"twitter:label1\" content=\"Dur\u00e9e de lecture estim\u00e9e\" \/>\n\t<meta name=\"twitter:data1\" content=\"1 minute\" \/>\n<script type=\"application\/ld+json\" class=\"yoast-schema-graph\">{\"@context\":\"https:\\\/\\\/schema.org\",\"@graph\":[{\"@type\":\"WebPage\",\"@id\":\"https:\\\/\\\/originltd.com\\\/product\\\/rubber-stoppers-and-crimp-seals\\\/\",\"url\":\"https:\\\/\\\/originltd.com\\\/product\\\/rubber-stoppers-and-crimp-seals\\\/\",\"name\":\"Rubber Stoppers and Crimp Seals | Origin Pharma Packaging\",\"isPartOf\":{\"@id\":\"https:\\\/\\\/originltd.com\\\/#website\"},\"primaryImageOfPage\":{\"@id\":\"https:\\\/\\\/originltd.com\\\/product\\\/rubber-stoppers-and-crimp-seals\\\/#primaryimage\"},\"image\":{\"@id\":\"https:\\\/\\\/originltd.com\\\/product\\\/rubber-stoppers-and-crimp-seals\\\/#primaryimage\"},\"thumbnailUrl\":\"https:\\\/\\\/originltd.com\\\/wp-content\\\/uploads\\\/2018\\\/03\\\/rubber-stoppers-and-crimp-seals-scaled.jpg\",\"datePublished\":\"2018-02-07T16:48:25+00:00\",\"dateModified\":\"2025-05-15T14:55:16+00:00\",\"description\":\"Order rubber stoppers and crimp seals at Origin, forming strong, protective barriers for vials and available in many sizes, colours and styles of overseal.\",\"breadcrumb\":{\"@id\":\"https:\\\/\\\/originltd.com\\\/product\\\/rubber-stoppers-and-crimp-seals\\\/#breadcrumb\"},\"inLanguage\":\"fr-FR\",\"potentialAction\":[{\"@type\":\"ReadAction\",\"target\":[\"https:\\\/\\\/originltd.com\\\/product\\\/rubber-stoppers-and-crimp-seals\\\/\"]}]},{\"@type\":\"ImageObject\",\"inLanguage\":\"fr-FR\",\"@id\":\"https:\\\/\\\/originltd.com\\\/product\\\/rubber-stoppers-and-crimp-seals\\\/#primaryimage\",\"url\":\"https:\\\/\\\/originltd.com\\\/wp-content\\\/uploads\\\/2018\\\/03\\\/rubber-stoppers-and-crimp-seals-scaled.jpg\",\"contentUrl\":\"https:\\\/\\\/originltd.com\\\/wp-content\\\/uploads\\\/2018\\\/03\\\/rubber-stoppers-and-crimp-seals-scaled.jpg\",\"width\":1707,\"height\":2560,\"caption\":\"Rubber stoppers and crimp closures\"},{\"@type\":\"BreadcrumbList\",\"@id\":\"https:\\\/\\\/originltd.com\\\/product\\\/rubber-stoppers-and-crimp-seals\\\/#breadcrumb\",\"itemListElement\":[{\"@type\":\"ListItem\",\"position\":1,\"name\":\"Home\",\"item\":\"https:\\\/\\\/originltd.com\\\/\"},{\"@type\":\"ListItem\",\"position\":2,\"name\":\"Pharmaceutical Packaging Products\",\"item\":\"https:\\\/\\\/originltd.com\\\/pharmaceutical-packaging\\\/\"},{\"@type\":\"ListItem\",\"position\":3,\"name\":\"Pharmaceutical Packaging\",\"item\":\"https:\\\/\\\/originltd.com\\\/packaging\\\/pharmaceutical-packaging\\\/\"},{\"@type\":\"ListItem\",\"position\":4,\"name\":\"Rubber Stoppers and Crimp Seals\"}]},{\"@type\":\"WebSite\",\"@id\":\"https:\\\/\\\/originltd.com\\\/#website\",\"url\":\"https:\\\/\\\/originltd.com\\\/\",\"name\":\"Origin Pharma Packaging\",\"description\":\"\",\"publisher\":{\"@id\":\"https:\\\/\\\/originltd.com\\\/#organization\"},\"alternateName\":\"Origin Ltd.\",\"potentialAction\":[{\"@type\":\"SearchAction\",\"target\":{\"@type\":\"EntryPoint\",\"urlTemplate\":\"https:\\\/\\\/originltd.com\\\/?s={search_term_string}\"},\"query-input\":{\"@type\":\"PropertyValueSpecification\",\"valueRequired\":true,\"valueName\":\"search_term_string\"}}],\"inLanguage\":\"fr-FR\"},{\"@type\":\"Organization\",\"@id\":\"https:\\\/\\\/originltd.com\\\/#organization\",\"name\":\"Origin Pharma Packaging\",\"url\":\"https:\\\/\\\/originltd.com\\\/\",\"logo\":{\"@type\":\"ImageObject\",\"inLanguage\":\"fr-FR\",\"@id\":\"https:\\\/\\\/originltd.com\\\/#\\\/schema\\\/logo\\\/image\\\/\",\"url\":\"https:\\\/\\\/originltd.com\\\/wp-content\\\/uploads\\\/2024\\\/06\\\/cropped-Origin-logo-For-Health-For-Life-RGB@10x.png\",\"contentUrl\":\"https:\\\/\\\/originltd.com\\\/wp-content\\\/uploads\\\/2024\\\/06\\\/cropped-Origin-logo-For-Health-For-Life-RGB@10x.png\",\"width\":227,\"height\":65,\"caption\":\"Origin Pharma Packaging\"},\"image\":{\"@id\":\"https:\\\/\\\/originltd.com\\\/#\\\/schema\\\/logo\\\/image\\\/\"},\"sameAs\":[\"https:\\\/\\\/www.facebook.com\\\/originpharmapackaging\",\"https:\\\/\\\/x.com\\\/originpharma\",\"https:\\\/\\\/www.linkedin.com\\\/company\\\/origin-packaging-ltd\\\/\",\"https:\\\/\\\/www.youtube.com\\\/channel\\\/UCOOJl3eFOiO7lJT6f5qHygA\"]}]}<\/script>\n<!-- \/ Yoast SEO plugin. -->","yoast_head_json":{"title":"Bouchons en caoutchouc et joints \u00e0 sertir | Origin Pharma Packaging","description":"Les bouchons en caoutchouc et les joints \u00e0 sertir d'Origin forment des barri\u00e8res de protection solides pour les flacons et sont disponibles dans de nombreuses tailles, couleurs et styles de surbouchage.","robots":{"index":"index","follow":"follow","max-snippet":"max-snippet:-1","max-image-preview":"max-image-preview:large","max-video-preview":"max-video-preview:-1"},"canonical":"https:\/\/originltd.com\/fr\/produit\/rubber-stoppers-and-crimp-seals\/","og_locale":"fr_FR","og_type":"article","og_title":"Rubber Stoppers and Crimp Seals | Origin Pharma Packaging","og_description":"Order rubber stoppers and crimp seals at Origin, forming strong, protective barriers for vials and available in many sizes, colours and styles of overseal.","og_url":"https:\/\/originltd.com\/fr\/produit\/rubber-stoppers-and-crimp-seals\/","og_site_name":"Origin Pharma Packaging","article_publisher":"https:\/\/www.facebook.com\/originpharmapackaging","article_modified_time":"2025-05-15T14:55:16+00:00","og_image":[{"width":1707,"height":2560,"url":"https:\/\/originltd.com\/wp-content\/uploads\/2018\/03\/rubber-stoppers-and-crimp-seals-scaled.jpg","type":"image\/jpeg"}],"twitter_card":"summary_large_image","twitter_site":"@originpharma","twitter_misc":{"Dur\u00e9e de lecture estim\u00e9e":"1 minute"},"schema":{"@context":"https:\/\/schema.org","@graph":[{"@type":"WebPage","@id":"https:\/\/originltd.com\/product\/rubber-stoppers-and-crimp-seals\/","url":"https:\/\/originltd.com\/product\/rubber-stoppers-and-crimp-seals\/","name":"Bouchons en caoutchouc et joints \u00e0 sertir | Origin Pharma Packaging","isPartOf":{"@id":"https:\/\/originltd.com\/#website"},"primaryImageOfPage":{"@id":"https:\/\/originltd.com\/product\/rubber-stoppers-and-crimp-seals\/#primaryimage"},"image":{"@id":"https:\/\/originltd.com\/product\/rubber-stoppers-and-crimp-seals\/#primaryimage"},"thumbnailUrl":"https:\/\/originltd.com\/wp-content\/uploads\/2018\/03\/rubber-stoppers-and-crimp-seals-scaled.jpg","datePublished":"2018-02-07T16:48:25+00:00","dateModified":"2025-05-15T14:55:16+00:00","description":"Les bouchons en caoutchouc et les joints \u00e0 sertir d'Origin forment des barri\u00e8res de protection solides pour les flacons et sont disponibles dans de nombreuses tailles, couleurs et styles de surbouchage.","breadcrumb":{"@id":"https:\/\/originltd.com\/product\/rubber-stoppers-and-crimp-seals\/#breadcrumb"},"inLanguage":"fr-FR","potentialAction":[{"@type":"ReadAction","target":["https:\/\/originltd.com\/product\/rubber-stoppers-and-crimp-seals\/"]}]},{"@type":"ImageObject","inLanguage":"fr-FR","@id":"https:\/\/originltd.com\/product\/rubber-stoppers-and-crimp-seals\/#primaryimage","url":"https:\/\/originltd.com\/wp-content\/uploads\/2018\/03\/rubber-stoppers-and-crimp-seals-scaled.jpg","contentUrl":"https:\/\/originltd.com\/wp-content\/uploads\/2018\/03\/rubber-stoppers-and-crimp-seals-scaled.jpg","width":1707,"height":2560,"caption":"Rubber stoppers and crimp closures"},{"@type":"BreadcrumbList","@id":"https:\/\/originltd.com\/product\/rubber-stoppers-and-crimp-seals\/#breadcrumb","itemListElement":[{"@type":"ListItem","position":1,"name":"Home","item":"https:\/\/originltd.com\/"},{"@type":"ListItem","position":2,"name":"Pharmaceutical Packaging Products","item":"https:\/\/originltd.com\/pharmaceutical-packaging\/"},{"@type":"ListItem","position":3,"name":"Pharmaceutical Packaging","item":"https:\/\/originltd.com\/packaging\/pharmaceutical-packaging\/"},{"@type":"ListItem","position":4,"name":"Rubber Stoppers and Crimp Seals"}]},{"@type":"WebSite","@id":"https:\/\/originltd.com\/#website","url":"https:\/\/originltd.com\/","name":"Origin Pharma Packaging","description":"","publisher":{"@id":"https:\/\/originltd.com\/#organization"},"alternateName":"Origin Ltd.","potentialAction":[{"@type":"SearchAction","target":{"@type":"EntryPoint","urlTemplate":"https:\/\/originltd.com\/?s={search_term_string}"},"query-input":{"@type":"PropertyValueSpecification","valueRequired":true,"valueName":"search_term_string"}}],"inLanguage":"fr-FR"},{"@type":"Organization","@id":"https:\/\/originltd.com\/#organization","name":"Origin Pharma Packaging","url":"https:\/\/originltd.com\/","logo":{"@type":"ImageObject","inLanguage":"fr-FR","@id":"https:\/\/originltd.com\/#\/schema\/logo\/image\/","url":"https:\/\/originltd.com\/wp-content\/uploads\/2024\/06\/cropped-Origin-logo-For-Health-For-Life-RGB@10x.png","contentUrl":"https:\/\/originltd.com\/wp-content\/uploads\/2024\/06\/cropped-Origin-logo-For-Health-For-Life-RGB@10x.png","width":227,"height":65,"caption":"Origin Pharma Packaging"},"image":{"@id":"https:\/\/originltd.com\/#\/schema\/logo\/image\/"},"sameAs":["https:\/\/www.facebook.com\/originpharmapackaging","https:\/\/x.com\/originpharma","https:\/\/www.linkedin.com\/company\/origin-packaging-ltd\/","https:\/\/www.youtube.com\/channel\/UCOOJl3eFOiO7lJT6f5qHygA"]}]}},"_links":{"self":[{"href":"https:\/\/originltd.com\/fr\/wp-json\/wp\/v2\/product\/1164","targetHints":{"allow":["GET"]}}],"collection":[{"href":"https:\/\/originltd.com\/fr\/wp-json\/wp\/v2\/product"}],"about":[{"href":"https:\/\/originltd.com\/fr\/wp-json\/wp\/v2\/types\/product"}],"replies":[{"embeddable":true,"href":"https:\/\/originltd.com\/fr\/wp-json\/wp\/v2\/comments?post=1164"}],"wp:featuredmedia":[{"embeddable":true,"href":"https:\/\/originltd.com\/fr\/wp-json\/wp\/v2\/media\/3536"}],"wp:attachment":[{"href":"https:\/\/originltd.com\/fr\/wp-json\/wp\/v2\/media?parent=1164"}],"wp:term":[{"taxonomy":"product_brand","embeddable":true,"href":"https:\/\/originltd.com\/fr\/wp-json\/wp\/v2\/product_brand?post=1164"},{"taxonomy":"product_cat","embeddable":true,"href":"https:\/\/originltd.com\/fr\/wp-json\/wp\/v2\/product_cat?post=1164"},{"taxonomy":"product_tag","embeddable":true,"href":"https:\/\/originltd.com\/fr\/wp-json\/wp\/v2\/product_tag?post=1164"}],"curies":[{"name":"wp","href":"https:\/\/api.w.org\/{rel}","templated":true}]}}