
{"id":1162,"date":"2018-02-07T16:48:25","date_gmt":"2018-02-07T16:48:25","guid":{"rendered":"https:\/\/dev.originltd.com\/product\/reagent-bottle-and-ground-stopper\/"},"modified":"2025-10-07T16:12:29","modified_gmt":"2025-10-07T15:12:29","slug":"reagent-bottle-and-ground-stopper","status":"publish","type":"product","link":"https:\/\/originltd.com\/fr\/product\/reagent-bottle-and-ground-stopper\/","title":{"rendered":"Flacon de r\u00e9actif 50ml-2000ml et bouchon de sol"},"content":{"rendered":"<p><span style=\"font-weight: 400;\">Ces flacons de r\u00e9actifs ambr\u00e9s sont disponibles dans des tailles allant de 50 ml \u00e0 2000 ml. Ils sont disponibles en tant que <\/span><a href=\"https:\/\/originltd.com\/fr\/packaging\/clear-glass-bottles\/\"><span style=\"font-weight: 400;\">bouteilles en verre transparent<\/span><\/a><span style=\"font-weight: 400;\"> ou <\/span><a href=\"https:\/\/originltd.com\/fr\/packaging\/amber-glass-bottles\/\"><span style=\"font-weight: 400;\">bouteilles en verre ambr\u00e9<\/span><\/a><span style=\"font-weight: 400;\"> selon votre pr\u00e9f\u00e9rence.<\/span><\/p>","protected":false},"excerpt":{"rendered":"<p><span style=\"font-weight: 400;\">Nos 50ml-2000ml <\/span><span style=\"font-weight: 400;\">flacon de r\u00e9actif en verre et terre <\/span><span style=\"font-weight: 400;\">bouchons<\/span><span style=\"font-weight: 400;\"> offrir <\/span><span style=\"font-weight: 400;\">une protection fiable et de qualit\u00e9 <\/span><a href=\"https:\/\/originltd.com\/fr\/packaging\/pharmaceutical-packaging\/\"><span style=\"font-weight: 400;\">emballage pharmaceutique<\/span><\/a><span style=\"font-weight: 400;\">. Ces bouteilles pr\u00e9sentent les caract\u00e9ristiques suivantes <\/span><span style=\"font-weight: 400;\">des propri\u00e9t\u00e9s chimiques et physiques solides pour assurer leur long\u00e9vit\u00e9 et celle de leur contenu.<\/span><\/p>\n<p><span style=\"font-weight: 400;\">La gamme de tailles disponibles vous permet de trouver la solution id\u00e9ale. <\/span><a href=\"https:\/\/originltd.com\/fr\/packaging\/glass\/\"><span style=\"font-weight: 400;\">emballage en verre<\/span><\/a><span style=\"font-weight: 400;\"> pour abriter au mieux votre produit. Vous avez le choix entre <\/span><a href=\"https:\/\/originltd.com\/fr\/packaging\/amber-glass-bottles\/\"><span style=\"font-weight: 400;\">bouteilles en verre ambr\u00e9<\/span><\/a><span style=\"font-weight: 400;\"> ou <\/span><a href=\"https:\/\/originltd.com\/fr\/packaging\/clear-glass-bottles\/\"><span style=\"font-weight: 400;\">bouteilles en verre transparent<\/span><\/a><span style=\"font-weight: 400;\">Ces derniers pr\u00e9sentent les avantages d'une protection contre les UV ou d'une bonne visibilit\u00e9 de leur contenu, respectivement.<\/span><\/p>\n<h3><span style=\"font-weight: 400;\">Caract\u00e9ristiques principales :<\/span><\/h3>\n<ul>\n<li style=\"font-weight: 400;\" aria-level=\"1\"><span style=\"font-weight: 400;\">R\u00e9sistance chimique et physique<\/span><\/li>\n<li style=\"font-weight: 400;\" aria-level=\"1\"><span style=\"font-weight: 400;\">Les bouteilles ambr\u00e9es offrent une protection contre les UV<\/span><\/li>\n<li style=\"font-weight: 400;\" aria-level=\"1\"><span style=\"font-weight: 400;\">Les bouteilles transparentes offrent une clart\u00e9 visible du contenu<\/span><\/li>\n<li style=\"font-weight: 400;\" aria-level=\"1\"><span style=\"font-weight: 400;\">Un goulot large adapt\u00e9 au liquide ou \u00e0 un format solide ;<\/span><\/li>\n<li style=\"font-weight: 400;\" aria-level=\"1\"><span style=\"font-weight: 400;\">il pr\u00e9sente un bec verseur anti-goutte ;<\/span><\/li>\n<li style=\"font-weight: 400;\" aria-level=\"1\"><span style=\"font-weight: 400;\">Bouchon en verre rond, stable, robuste et rod\u00e9 individuellement, qui se fixe solidement pour emp\u00eacher la contamination du produit \u00e0 l'int\u00e9rieur de la bouteille.<\/span><\/li>\n<\/ul>\n<h3><span style=\"font-weight: 400;\">Utilisations appropri\u00e9es :<\/span><\/h3>\n<ul>\n<li style=\"font-weight: 400;\" aria-level=\"1\"><span style=\"font-weight: 400;\">Applications qui ne sont pas associ\u00e9es \u00e0 des charges thermiques \u00e9lev\u00e9es.<\/span><\/li>\n<li style=\"font-weight: 400;\" aria-level=\"1\"><span style=\"font-weight: 400;\">Usage m\u00e9dical<\/span><\/li>\n<\/ul>","protected":false},"featured_media":3448,"comment_status":"open","ping_status":"closed","template":"","meta":{"_acf_changed":false},"product_brand":[],"product_cat":[2185,119,2225,2227,2226,95],"product_tag":[],"class_list":{"0":"post-1162","1":"product","2":"type-product","3":"status-publish","4":"has-post-thumbnail","6":"product_cat-cosmetic-containers","7":"product_cat-cosmetic-bottles","8":"product_cat-home-fragrance","9":"product_cat-lifestyle","10":"product_cat-personal-fragrance","11":"product_cat-glass","13":"first","14":"instock","15":"sold-individually","16":"shipping-taxable","17":"purchasable","18":"product-type-simple"},"acf":[],"yoast_head":"<!-- This site is optimized with the Yoast SEO plugin v27.4 - https:\/\/yoast.com\/product\/yoast-seo-wordpress\/ -->\n<title>50ml-2000ml Glass Reagent Bottle &amp; Stopper | Origin<\/title>\n<meta name=\"description\" content=\"Order amber or clear glass reagent bottles &amp; ground stoppers in sizes ranging from 50ml to 2000ml from Origin, offering strong chemical and physical resistance.\" \/>\n<meta name=\"robots\" content=\"index, follow, max-snippet:-1, max-image-preview:large, max-video-preview:-1\" \/>\n<link rel=\"canonical\" href=\"https:\/\/originltd.com\/fr\/produit\/reagent-bottle-and-ground-stopper\/\" \/>\n<meta property=\"og:locale\" content=\"fr_FR\" \/>\n<meta property=\"og:type\" content=\"article\" \/>\n<meta property=\"og:title\" content=\"50ml-2000ml Glass Reagent Bottle &amp; Stopper | Origin\" \/>\n<meta property=\"og:description\" content=\"Order amber or clear glass reagent bottles &amp; ground stoppers in sizes ranging from 50ml to 2000ml from Origin, offering strong chemical and physical resistance.\" \/>\n<meta property=\"og:url\" content=\"https:\/\/originltd.com\/fr\/produit\/reagent-bottle-and-ground-stopper\/\" \/>\n<meta property=\"og:site_name\" content=\"Origin Pharma Packaging\" \/>\n<meta property=\"article:publisher\" content=\"https:\/\/www.facebook.com\/originpharmapackaging\" \/>\n<meta property=\"article:modified_time\" content=\"2025-10-07T15:12:29+00:00\" \/>\n<meta property=\"og:image\" content=\"https:\/\/originltd.com\/wp-content\/uploads\/2018\/03\/reagent-amber-scaled.jpg\" \/>\n\t<meta property=\"og:image:width\" content=\"1707\" \/>\n\t<meta property=\"og:image:height\" content=\"2560\" \/>\n\t<meta property=\"og:image:type\" content=\"image\/jpeg\" \/>\n<meta name=\"twitter:card\" content=\"summary_large_image\" \/>\n<meta name=\"twitter:site\" content=\"@originpharma\" \/>\n<meta name=\"twitter:label1\" content=\"Dur\u00e9e de lecture estim\u00e9e\" \/>\n\t<meta name=\"twitter:data1\" content=\"1 minute\" \/>\n<script type=\"application\/ld+json\" class=\"yoast-schema-graph\">{\"@context\":\"https:\\\/\\\/schema.org\",\"@graph\":[{\"@type\":\"WebPage\",\"@id\":\"https:\\\/\\\/originltd.com\\\/product\\\/reagent-bottle-and-ground-stopper\\\/\",\"url\":\"https:\\\/\\\/originltd.com\\\/product\\\/reagent-bottle-and-ground-stopper\\\/\",\"name\":\"50ml-2000ml Glass Reagent Bottle & Stopper | Origin\",\"isPartOf\":{\"@id\":\"https:\\\/\\\/originltd.com\\\/#website\"},\"primaryImageOfPage\":{\"@id\":\"https:\\\/\\\/originltd.com\\\/product\\\/reagent-bottle-and-ground-stopper\\\/#primaryimage\"},\"image\":{\"@id\":\"https:\\\/\\\/originltd.com\\\/product\\\/reagent-bottle-and-ground-stopper\\\/#primaryimage\"},\"thumbnailUrl\":\"https:\\\/\\\/originltd.com\\\/wp-content\\\/uploads\\\/2018\\\/03\\\/reagent-amber-scaled.jpg\",\"datePublished\":\"2018-02-07T16:48:25+00:00\",\"dateModified\":\"2025-10-07T15:12:29+00:00\",\"description\":\"Order amber or clear glass reagent bottles & ground stoppers in sizes ranging from 50ml to 2000ml from Origin, offering strong chemical and physical resistance.\",\"breadcrumb\":{\"@id\":\"https:\\\/\\\/originltd.com\\\/product\\\/reagent-bottle-and-ground-stopper\\\/#breadcrumb\"},\"inLanguage\":\"fr-FR\",\"potentialAction\":[{\"@type\":\"ReadAction\",\"target\":[\"https:\\\/\\\/originltd.com\\\/product\\\/reagent-bottle-and-ground-stopper\\\/\"]}]},{\"@type\":\"ImageObject\",\"inLanguage\":\"fr-FR\",\"@id\":\"https:\\\/\\\/originltd.com\\\/product\\\/reagent-bottle-and-ground-stopper\\\/#primaryimage\",\"url\":\"https:\\\/\\\/originltd.com\\\/wp-content\\\/uploads\\\/2018\\\/03\\\/reagent-amber-scaled.jpg\",\"contentUrl\":\"https:\\\/\\\/originltd.com\\\/wp-content\\\/uploads\\\/2018\\\/03\\\/reagent-amber-scaled.jpg\",\"width\":1707,\"height\":2560,\"caption\":\"Amber Glass Reagent Bottle\"},{\"@type\":\"BreadcrumbList\",\"@id\":\"https:\\\/\\\/originltd.com\\\/product\\\/reagent-bottle-and-ground-stopper\\\/#breadcrumb\",\"itemListElement\":[{\"@type\":\"ListItem\",\"position\":1,\"name\":\"Home\",\"item\":\"https:\\\/\\\/originltd.com\\\/\"},{\"@type\":\"ListItem\",\"position\":2,\"name\":\"Pharmaceutical Packaging Products\",\"item\":\"https:\\\/\\\/originltd.com\\\/pharmaceutical-packaging\\\/\"},{\"@type\":\"ListItem\",\"position\":3,\"name\":\"Cosmetic Packaging\",\"item\":\"https:\\\/\\\/originltd.com\\\/packaging\\\/cosmetic-containers\\\/\"},{\"@type\":\"ListItem\",\"position\":4,\"name\":\"50ml-2000ml Reagent Bottle &amp; Ground Stopper\"}]},{\"@type\":\"WebSite\",\"@id\":\"https:\\\/\\\/originltd.com\\\/#website\",\"url\":\"https:\\\/\\\/originltd.com\\\/\",\"name\":\"Origin Pharma Packaging\",\"description\":\"\",\"publisher\":{\"@id\":\"https:\\\/\\\/originltd.com\\\/#organization\"},\"alternateName\":\"Origin Ltd.\",\"potentialAction\":[{\"@type\":\"SearchAction\",\"target\":{\"@type\":\"EntryPoint\",\"urlTemplate\":\"https:\\\/\\\/originltd.com\\\/?s={search_term_string}\"},\"query-input\":{\"@type\":\"PropertyValueSpecification\",\"valueRequired\":true,\"valueName\":\"search_term_string\"}}],\"inLanguage\":\"fr-FR\"},{\"@type\":\"Organization\",\"@id\":\"https:\\\/\\\/originltd.com\\\/#organization\",\"name\":\"Origin Pharma Packaging\",\"url\":\"https:\\\/\\\/originltd.com\\\/\",\"logo\":{\"@type\":\"ImageObject\",\"inLanguage\":\"fr-FR\",\"@id\":\"https:\\\/\\\/originltd.com\\\/#\\\/schema\\\/logo\\\/image\\\/\",\"url\":\"https:\\\/\\\/originltd.com\\\/wp-content\\\/uploads\\\/2024\\\/06\\\/cropped-Origin-logo-For-Health-For-Life-RGB@10x.png\",\"contentUrl\":\"https:\\\/\\\/originltd.com\\\/wp-content\\\/uploads\\\/2024\\\/06\\\/cropped-Origin-logo-For-Health-For-Life-RGB@10x.png\",\"width\":227,\"height\":65,\"caption\":\"Origin Pharma Packaging\"},\"image\":{\"@id\":\"https:\\\/\\\/originltd.com\\\/#\\\/schema\\\/logo\\\/image\\\/\"},\"sameAs\":[\"https:\\\/\\\/www.facebook.com\\\/originpharmapackaging\",\"https:\\\/\\\/x.com\\\/originpharma\",\"https:\\\/\\\/www.linkedin.com\\\/company\\\/origin-packaging-ltd\\\/\",\"https:\\\/\\\/www.youtube.com\\\/channel\\\/UCOOJl3eFOiO7lJT6f5qHygA\"]}]}<\/script>\n<!-- \/ Yoast SEO plugin. -->","yoast_head_json":{"title":"Bouteille de r\u00e9actif en verre 50ml-2000ml et bouchon | Origine","description":"Commandez des flacons de r\u00e9actifs et des bouchons en verre ambr\u00e9 ou transparent de 50 ml \u00e0 2000 ml aupr\u00e8s d'Origin, qui offrent une forte r\u00e9sistance chimique et physique.","robots":{"index":"index","follow":"follow","max-snippet":"max-snippet:-1","max-image-preview":"max-image-preview:large","max-video-preview":"max-video-preview:-1"},"canonical":"https:\/\/originltd.com\/fr\/produit\/reagent-bottle-and-ground-stopper\/","og_locale":"fr_FR","og_type":"article","og_title":"50ml-2000ml Glass Reagent Bottle & Stopper | Origin","og_description":"Order amber or clear glass reagent bottles & ground stoppers in sizes ranging from 50ml to 2000ml from Origin, offering strong chemical and physical resistance.","og_url":"https:\/\/originltd.com\/fr\/produit\/reagent-bottle-and-ground-stopper\/","og_site_name":"Origin Pharma Packaging","article_publisher":"https:\/\/www.facebook.com\/originpharmapackaging","article_modified_time":"2025-10-07T15:12:29+00:00","og_image":[{"width":1707,"height":2560,"url":"https:\/\/originltd.com\/wp-content\/uploads\/2018\/03\/reagent-amber-scaled.jpg","type":"image\/jpeg"}],"twitter_card":"summary_large_image","twitter_site":"@originpharma","twitter_misc":{"Dur\u00e9e de lecture estim\u00e9e":"1 minute"},"schema":{"@context":"https:\/\/schema.org","@graph":[{"@type":"WebPage","@id":"https:\/\/originltd.com\/product\/reagent-bottle-and-ground-stopper\/","url":"https:\/\/originltd.com\/product\/reagent-bottle-and-ground-stopper\/","name":"Bouteille de r\u00e9actif en verre 50ml-2000ml et bouchon | Origine","isPartOf":{"@id":"https:\/\/originltd.com\/#website"},"primaryImageOfPage":{"@id":"https:\/\/originltd.com\/product\/reagent-bottle-and-ground-stopper\/#primaryimage"},"image":{"@id":"https:\/\/originltd.com\/product\/reagent-bottle-and-ground-stopper\/#primaryimage"},"thumbnailUrl":"https:\/\/originltd.com\/wp-content\/uploads\/2018\/03\/reagent-amber-scaled.jpg","datePublished":"2018-02-07T16:48:25+00:00","dateModified":"2025-10-07T15:12:29+00:00","description":"Commandez des flacons de r\u00e9actifs et des bouchons en verre ambr\u00e9 ou transparent de 50 ml \u00e0 2000 ml aupr\u00e8s d'Origin, qui offrent une forte r\u00e9sistance chimique et physique.","breadcrumb":{"@id":"https:\/\/originltd.com\/product\/reagent-bottle-and-ground-stopper\/#breadcrumb"},"inLanguage":"fr-FR","potentialAction":[{"@type":"ReadAction","target":["https:\/\/originltd.com\/product\/reagent-bottle-and-ground-stopper\/"]}]},{"@type":"ImageObject","inLanguage":"fr-FR","@id":"https:\/\/originltd.com\/product\/reagent-bottle-and-ground-stopper\/#primaryimage","url":"https:\/\/originltd.com\/wp-content\/uploads\/2018\/03\/reagent-amber-scaled.jpg","contentUrl":"https:\/\/originltd.com\/wp-content\/uploads\/2018\/03\/reagent-amber-scaled.jpg","width":1707,"height":2560,"caption":"Amber Glass Reagent Bottle"},{"@type":"BreadcrumbList","@id":"https:\/\/originltd.com\/product\/reagent-bottle-and-ground-stopper\/#breadcrumb","itemListElement":[{"@type":"ListItem","position":1,"name":"Home","item":"https:\/\/originltd.com\/"},{"@type":"ListItem","position":2,"name":"Pharmaceutical Packaging Products","item":"https:\/\/originltd.com\/pharmaceutical-packaging\/"},{"@type":"ListItem","position":3,"name":"Cosmetic Packaging","item":"https:\/\/originltd.com\/packaging\/cosmetic-containers\/"},{"@type":"ListItem","position":4,"name":"50ml-2000ml Reagent Bottle &amp; Ground Stopper"}]},{"@type":"WebSite","@id":"https:\/\/originltd.com\/#website","url":"https:\/\/originltd.com\/","name":"Origin Pharma Packaging","description":"","publisher":{"@id":"https:\/\/originltd.com\/#organization"},"alternateName":"Origin Ltd.","potentialAction":[{"@type":"SearchAction","target":{"@type":"EntryPoint","urlTemplate":"https:\/\/originltd.com\/?s={search_term_string}"},"query-input":{"@type":"PropertyValueSpecification","valueRequired":true,"valueName":"search_term_string"}}],"inLanguage":"fr-FR"},{"@type":"Organization","@id":"https:\/\/originltd.com\/#organization","name":"Origin Pharma Packaging","url":"https:\/\/originltd.com\/","logo":{"@type":"ImageObject","inLanguage":"fr-FR","@id":"https:\/\/originltd.com\/#\/schema\/logo\/image\/","url":"https:\/\/originltd.com\/wp-content\/uploads\/2024\/06\/cropped-Origin-logo-For-Health-For-Life-RGB@10x.png","contentUrl":"https:\/\/originltd.com\/wp-content\/uploads\/2024\/06\/cropped-Origin-logo-For-Health-For-Life-RGB@10x.png","width":227,"height":65,"caption":"Origin Pharma Packaging"},"image":{"@id":"https:\/\/originltd.com\/#\/schema\/logo\/image\/"},"sameAs":["https:\/\/www.facebook.com\/originpharmapackaging","https:\/\/x.com\/originpharma","https:\/\/www.linkedin.com\/company\/origin-packaging-ltd\/","https:\/\/www.youtube.com\/channel\/UCOOJl3eFOiO7lJT6f5qHygA"]}]}},"_links":{"self":[{"href":"https:\/\/originltd.com\/fr\/wp-json\/wp\/v2\/product\/1162","targetHints":{"allow":["GET"]}}],"collection":[{"href":"https:\/\/originltd.com\/fr\/wp-json\/wp\/v2\/product"}],"about":[{"href":"https:\/\/originltd.com\/fr\/wp-json\/wp\/v2\/types\/product"}],"replies":[{"embeddable":true,"href":"https:\/\/originltd.com\/fr\/wp-json\/wp\/v2\/comments?post=1162"}],"wp:featuredmedia":[{"embeddable":true,"href":"https:\/\/originltd.com\/fr\/wp-json\/wp\/v2\/media\/3448"}],"wp:attachment":[{"href":"https:\/\/originltd.com\/fr\/wp-json\/wp\/v2\/media?parent=1162"}],"wp:term":[{"taxonomy":"product_brand","embeddable":true,"href":"https:\/\/originltd.com\/fr\/wp-json\/wp\/v2\/product_brand?post=1162"},{"taxonomy":"product_cat","embeddable":true,"href":"https:\/\/originltd.com\/fr\/wp-json\/wp\/v2\/product_cat?post=1162"},{"taxonomy":"product_tag","embeddable":true,"href":"https:\/\/originltd.com\/fr\/wp-json\/wp\/v2\/product_tag?post=1162"}],"curies":[{"name":"wp","href":"https:\/\/api.w.org\/{rel}","templated":true}]}}