{"id":1150,"date":"2018-02-07T16:48:23","date_gmt":"2018-02-07T16:48:23","guid":{"rendered":"https:\/\/dev.originltd.com\/product\/twist-off\/"},"modified":"2025-10-07T16:14:54","modified_gmt":"2025-10-07T15:14:54","slug":"twist-off","status":"publish","type":"product","link":"https:\/\/originltd.com\/fr\/product\/twist-off\/","title":{"rendered":"Flacons Twist-Off-HDPE 15ml-600ml"},"content":{"rendered":"<p><span style=\"font-weight: 400;\">Nos flacons HDPE \u00e0 bouchon tournant de 15 ml \u00e0 600 ml sont disponibles dans de nombreuses tailles diff\u00e9rentes et sont dot\u00e9s d'un syst\u00e8me innovant de bouchon tournant adapt\u00e9 aux personnes \u00e2g\u00e9es.<\/span><\/p>","protected":false},"excerpt":{"rendered":"<p><span style=\"font-weight: 400;\">Nos flacons HDPE 15ml-600ml avec bouchon twist-off sont<\/span><span style=\"font-weight: 400;\"> sp\u00e9cifiquement con\u00e7u pour les produits pharmaceutiques solides, un contenant applicable pour prot\u00e9ger vos m\u00e9dicaments dans un syst\u00e8me innovant de bouchon tournant. Disponible avec une fermeture adapt\u00e9e aux personnes \u00e2g\u00e9es, avec ou sans s\u00e9curit\u00e9 enfant. Ces <\/span><a href=\"https:\/\/originltd.com\/fr\/packaging\/plastic\/hdpe-bottles\/\"><span style=\"font-weight: 400;\">Bouteilles en PEHD<\/span><\/a><span style=\"font-weight: 400;\"> sont<\/span><span style=\"font-weight: 400;\"> fabriqu\u00e9s dans une salle blanche.<\/span><\/p>\n<p><span style=\"font-weight: 400;\">Il existe 18 tailles diff\u00e9rentes de twist-off, allant de 15 ml \u00e0 600 ml, ce qui permet de stocker des quantit\u00e9s variables de produits pharmaceutiques dans nos bo\u00eetes \u00e0 pharmacie. <\/span><a href=\"https:\/\/originltd.com\/fr\/packaging\/pharmaceutical-packaging\/\"><span style=\"font-weight: 400;\">emballage pharmaceutique<\/span><\/a><span style=\"font-weight: 400;\">.\u00a0<\/span><\/p>\n<h3><span style=\"font-weight: 400;\">Caract\u00e9ristiques principales :<\/span><\/h3>\n<ul>\n<li style=\"font-weight: 400;\" aria-level=\"1\"><span style=\"font-weight: 400;\">Une large gamme de tailles disponibles<\/span><\/li>\n<li style=\"font-weight: 400;\" aria-level=\"1\"><span style=\"font-weight: 400;\">Disponible avec capsule d\u00e9shydratante  int\u00e9gr\u00e9e et fix\u00e9e de 0,5 \u00e0 6 g ;<\/span><\/li>\n<li style=\"font-weight: 400;\" aria-level=\"1\"><span style=\"font-weight: 400;\">R\u00e9pertori\u00e9s FDA, DMF (\"Drug Master File\", U.SA.) de Type I , DMF N\u00b0 12077 ;<\/span><\/li>\n<li style=\"font-weight: 400;\" aria-level=\"1\"><span style=\"font-weight: 400;\">bague d'inviolabilit\u00e9 ;<\/span><\/li>\n<li style=\"font-weight: 400;\" aria-level=\"1\"><span style=\"font-weight: 400;\">Disponible avec <\/span><a href=\"https:\/\/originltd.com\/fr\/packaging\/child-resistant-packaging\/closures\/\"><span style=\"font-weight: 400;\">fermetures \u00e0 l'\u00e9preuve des enfants<\/span><\/a><\/li>\n<li style=\"font-weight: 400;\" aria-level=\"1\"><span style=\"font-weight: 400;\">Contenants fabriqu\u00e9s par moulage par injection-soufflage\/moulage par soufflage ;<\/span><\/li>\n<li style=\"font-weight: 400;\" aria-level=\"1\"><span style=\"font-weight: 400;\">Dispositifs de fermeture fabriqu\u00e9s par moulage par injection ;<\/span><\/li>\n<li style=\"font-weight: 400;\" aria-level=\"1\"><span style=\"font-weight: 400;\">certaines tailles sont pourvues d'une paroi plus \u00e9paisse.<\/span><\/li>\n<\/ul>\n<h3><span style=\"font-weight: 400;\">Utilisations appropri\u00e9es :<\/span><\/h3>\n<ul>\n<li style=\"font-weight: 400;\" aria-level=\"1\"><span style=\"font-weight: 400;\">Stockage de produits pharmaceutiques solides <\/span><\/li>\n<\/ul>","protected":false},"featured_media":3475,"comment_status":"open","ping_status":"closed","template":"","meta":{"_acf_changed":false},"product_brand":[],"product_cat":[2158,2185,2227,96,2223],"product_tag":[],"class_list":{"0":"post-1150","1":"product","2":"type-product","3":"status-publish","4":"has-post-thumbnail","6":"product_cat-child-resistant-packaging","7":"product_cat-cosmetic-containers","8":"product_cat-lifestyle","9":"product_cat-plastic","10":"product_cat-skincare-bodycare","12":"first","13":"instock","14":"sold-individually","15":"shipping-taxable","16":"purchasable","17":"product-type-simple"},"acf":[],"yoast_head":"<!-- This site is optimized with the Yoast SEO plugin v27.5 - https:\/\/yoast.com\/product\/yoast-seo-wordpress\/ -->\n<title>15ml\u2013600ml Twist-Off-Cap-HDPE-Bottles | Origin Pharma Packaging<\/title>\n<meta name=\"description\" content=\"Order 15ml-600ml twist-off-cap HDPE bottles from Origin. The senior-friendly design ensures you can get to your medicine easily while also keeping it protected.\" \/>\n<meta name=\"robots\" content=\"index, follow, max-snippet:-1, max-image-preview:large, max-video-preview:-1\" \/>\n<link rel=\"canonical\" href=\"https:\/\/originltd.com\/fr\/produit\/twist-off\/\" \/>\n<meta property=\"og:locale\" content=\"fr_FR\" \/>\n<meta property=\"og:type\" content=\"article\" \/>\n<meta property=\"og:title\" content=\"15ml\u2013600ml Twist-Off-Cap-HDPE-Bottles | Origin Pharma Packaging\" \/>\n<meta property=\"og:description\" content=\"Order 15ml-600ml twist-off-cap HDPE bottles from Origin. The senior-friendly design ensures you can get to your medicine easily while also keeping it protected.\" \/>\n<meta property=\"og:url\" content=\"https:\/\/originltd.com\/fr\/produit\/twist-off\/\" \/>\n<meta property=\"og:site_name\" content=\"Origin Pharma Packaging\" \/>\n<meta property=\"article:publisher\" content=\"https:\/\/www.facebook.com\/originpharmapackaging\" \/>\n<meta property=\"article:modified_time\" content=\"2025-10-07T15:14:54+00:00\" \/>\n<meta property=\"og:image\" content=\"https:\/\/originltd.com\/wp-content\/uploads\/2018\/03\/hdpe-bottle-twist-off-cap-scaled.jpg\" \/>\n\t<meta property=\"og:image:width\" content=\"1707\" \/>\n\t<meta property=\"og:image:height\" content=\"2560\" \/>\n\t<meta property=\"og:image:type\" content=\"image\/jpeg\" \/>\n<meta name=\"twitter:card\" content=\"summary_large_image\" \/>\n<meta name=\"twitter:site\" content=\"@originpharma\" \/>\n<meta name=\"twitter:label1\" content=\"Dur\u00e9e de lecture estim\u00e9e\" \/>\n\t<meta name=\"twitter:data1\" content=\"1 minute\" \/>\n<script type=\"application\/ld+json\" class=\"yoast-schema-graph\">{\"@context\":\"https:\\\/\\\/schema.org\",\"@graph\":[{\"@type\":\"WebPage\",\"@id\":\"https:\\\/\\\/originltd.com\\\/product\\\/twist-off\\\/\",\"url\":\"https:\\\/\\\/originltd.com\\\/product\\\/twist-off\\\/\",\"name\":\"15ml\u2013600ml Twist-Off-Cap-HDPE-Bottles | Origin Pharma Packaging\",\"isPartOf\":{\"@id\":\"https:\\\/\\\/originltd.com\\\/#website\"},\"primaryImageOfPage\":{\"@id\":\"https:\\\/\\\/originltd.com\\\/product\\\/twist-off\\\/#primaryimage\"},\"image\":{\"@id\":\"https:\\\/\\\/originltd.com\\\/product\\\/twist-off\\\/#primaryimage\"},\"thumbnailUrl\":\"https:\\\/\\\/originltd.com\\\/wp-content\\\/uploads\\\/2018\\\/03\\\/hdpe-bottle-twist-off-cap-scaled.jpg\",\"datePublished\":\"2018-02-07T16:48:23+00:00\",\"dateModified\":\"2025-10-07T15:14:54+00:00\",\"description\":\"Order 15ml-600ml twist-off-cap HDPE bottles from Origin. The senior-friendly design ensures you can get to your medicine easily while also keeping it protected.\",\"breadcrumb\":{\"@id\":\"https:\\\/\\\/originltd.com\\\/product\\\/twist-off\\\/#breadcrumb\"},\"inLanguage\":\"fr-FR\",\"potentialAction\":[{\"@type\":\"ReadAction\",\"target\":[\"https:\\\/\\\/originltd.com\\\/product\\\/twist-off\\\/\"]}]},{\"@type\":\"ImageObject\",\"inLanguage\":\"fr-FR\",\"@id\":\"https:\\\/\\\/originltd.com\\\/product\\\/twist-off\\\/#primaryimage\",\"url\":\"https:\\\/\\\/originltd.com\\\/wp-content\\\/uploads\\\/2018\\\/03\\\/hdpe-bottle-twist-off-cap-scaled.jpg\",\"contentUrl\":\"https:\\\/\\\/originltd.com\\\/wp-content\\\/uploads\\\/2018\\\/03\\\/hdpe-bottle-twist-off-cap-scaled.jpg\",\"width\":1707,\"height\":2560,\"caption\":\"HDPE bottle, twist off cap\"},{\"@type\":\"BreadcrumbList\",\"@id\":\"https:\\\/\\\/originltd.com\\\/product\\\/twist-off\\\/#breadcrumb\",\"itemListElement\":[{\"@type\":\"ListItem\",\"position\":1,\"name\":\"Home\",\"item\":\"https:\\\/\\\/originltd.com\\\/\"},{\"@type\":\"ListItem\",\"position\":2,\"name\":\"Pharmaceutical Packaging Products\",\"item\":\"https:\\\/\\\/originltd.com\\\/pharmaceutical-packaging\\\/\"},{\"@type\":\"ListItem\",\"position\":3,\"name\":\"Child-Resistant Packaging\",\"item\":\"https:\\\/\\\/originltd.com\\\/packaging\\\/child-resistant-packaging\\\/\"},{\"@type\":\"ListItem\",\"position\":4,\"name\":\"15ml\u2013600ml Twist-Off-Cap-HDPE-Bottles\"}]},{\"@type\":\"WebSite\",\"@id\":\"https:\\\/\\\/originltd.com\\\/#website\",\"url\":\"https:\\\/\\\/originltd.com\\\/\",\"name\":\"Origin Pharma Packaging\",\"description\":\"\",\"publisher\":{\"@id\":\"https:\\\/\\\/originltd.com\\\/#organization\"},\"alternateName\":\"Origin Ltd.\",\"potentialAction\":[{\"@type\":\"SearchAction\",\"target\":{\"@type\":\"EntryPoint\",\"urlTemplate\":\"https:\\\/\\\/originltd.com\\\/?s={search_term_string}\"},\"query-input\":{\"@type\":\"PropertyValueSpecification\",\"valueRequired\":true,\"valueName\":\"search_term_string\"}}],\"inLanguage\":\"fr-FR\"},{\"@type\":\"Organization\",\"@id\":\"https:\\\/\\\/originltd.com\\\/#organization\",\"name\":\"Origin Pharma Packaging\",\"url\":\"https:\\\/\\\/originltd.com\\\/\",\"logo\":{\"@type\":\"ImageObject\",\"inLanguage\":\"fr-FR\",\"@id\":\"https:\\\/\\\/originltd.com\\\/#\\\/schema\\\/logo\\\/image\\\/\",\"url\":\"https:\\\/\\\/originltd.com\\\/wp-content\\\/uploads\\\/2024\\\/06\\\/cropped-Origin-logo-For-Health-For-Life-RGB@10x.png\",\"contentUrl\":\"https:\\\/\\\/originltd.com\\\/wp-content\\\/uploads\\\/2024\\\/06\\\/cropped-Origin-logo-For-Health-For-Life-RGB@10x.png\",\"width\":227,\"height\":65,\"caption\":\"Origin Pharma Packaging\"},\"image\":{\"@id\":\"https:\\\/\\\/originltd.com\\\/#\\\/schema\\\/logo\\\/image\\\/\"},\"sameAs\":[\"https:\\\/\\\/www.facebook.com\\\/originpharmapackaging\",\"https:\\\/\\\/x.com\\\/originpharma\",\"https:\\\/\\\/www.linkedin.com\\\/company\\\/origin-packaging-ltd\\\/\",\"https:\\\/\\\/www.youtube.com\\\/channel\\\/UCOOJl3eFOiO7lJT6f5qHygA\"]}]}<\/script>\n<!-- \/ Yoast SEO plugin. -->","yoast_head_json":{"title":"Bouteilles Twist-Off-HDPE 15ml-600ml | Origin Pharma Packaging","description":"Commandez des flacons HDPE \u00e0 bouchon tournant de 15 ml-600 ml aupr\u00e8s d'Origin. La conception adapt\u00e9e aux personnes \u00e2g\u00e9es vous permet d'acc\u00e9der facilement \u00e0 vos m\u00e9dicaments tout en les prot\u00e9geant.","robots":{"index":"index","follow":"follow","max-snippet":"max-snippet:-1","max-image-preview":"max-image-preview:large","max-video-preview":"max-video-preview:-1"},"canonical":"https:\/\/originltd.com\/fr\/produit\/twist-off\/","og_locale":"fr_FR","og_type":"article","og_title":"15ml\u2013600ml Twist-Off-Cap-HDPE-Bottles | Origin Pharma Packaging","og_description":"Order 15ml-600ml twist-off-cap HDPE bottles from Origin. The senior-friendly design ensures you can get to your medicine easily while also keeping it protected.","og_url":"https:\/\/originltd.com\/fr\/produit\/twist-off\/","og_site_name":"Origin Pharma Packaging","article_publisher":"https:\/\/www.facebook.com\/originpharmapackaging","article_modified_time":"2025-10-07T15:14:54+00:00","og_image":[{"width":1707,"height":2560,"url":"https:\/\/originltd.com\/wp-content\/uploads\/2018\/03\/hdpe-bottle-twist-off-cap-scaled.jpg","type":"image\/jpeg"}],"twitter_card":"summary_large_image","twitter_site":"@originpharma","twitter_misc":{"Dur\u00e9e de lecture estim\u00e9e":"1 minute"},"schema":{"@context":"https:\/\/schema.org","@graph":[{"@type":"WebPage","@id":"https:\/\/originltd.com\/product\/twist-off\/","url":"https:\/\/originltd.com\/product\/twist-off\/","name":"Bouteilles Twist-Off-HDPE 15ml-600ml | Origin Pharma Packaging","isPartOf":{"@id":"https:\/\/originltd.com\/#website"},"primaryImageOfPage":{"@id":"https:\/\/originltd.com\/product\/twist-off\/#primaryimage"},"image":{"@id":"https:\/\/originltd.com\/product\/twist-off\/#primaryimage"},"thumbnailUrl":"https:\/\/originltd.com\/wp-content\/uploads\/2018\/03\/hdpe-bottle-twist-off-cap-scaled.jpg","datePublished":"2018-02-07T16:48:23+00:00","dateModified":"2025-10-07T15:14:54+00:00","description":"Commandez des flacons HDPE \u00e0 bouchon tournant de 15 ml-600 ml aupr\u00e8s d'Origin. La conception adapt\u00e9e aux personnes \u00e2g\u00e9es vous permet d'acc\u00e9der facilement \u00e0 vos m\u00e9dicaments tout en les prot\u00e9geant.","breadcrumb":{"@id":"https:\/\/originltd.com\/product\/twist-off\/#breadcrumb"},"inLanguage":"fr-FR","potentialAction":[{"@type":"ReadAction","target":["https:\/\/originltd.com\/product\/twist-off\/"]}]},{"@type":"ImageObject","inLanguage":"fr-FR","@id":"https:\/\/originltd.com\/product\/twist-off\/#primaryimage","url":"https:\/\/originltd.com\/wp-content\/uploads\/2018\/03\/hdpe-bottle-twist-off-cap-scaled.jpg","contentUrl":"https:\/\/originltd.com\/wp-content\/uploads\/2018\/03\/hdpe-bottle-twist-off-cap-scaled.jpg","width":1707,"height":2560,"caption":"HDPE bottle, twist off cap"},{"@type":"BreadcrumbList","@id":"https:\/\/originltd.com\/product\/twist-off\/#breadcrumb","itemListElement":[{"@type":"ListItem","position":1,"name":"Home","item":"https:\/\/originltd.com\/"},{"@type":"ListItem","position":2,"name":"Pharmaceutical Packaging Products","item":"https:\/\/originltd.com\/pharmaceutical-packaging\/"},{"@type":"ListItem","position":3,"name":"Child-Resistant Packaging","item":"https:\/\/originltd.com\/packaging\/child-resistant-packaging\/"},{"@type":"ListItem","position":4,"name":"15ml\u2013600ml Twist-Off-Cap-HDPE-Bottles"}]},{"@type":"WebSite","@id":"https:\/\/originltd.com\/#website","url":"https:\/\/originltd.com\/","name":"Origin Pharma Packaging","description":"","publisher":{"@id":"https:\/\/originltd.com\/#organization"},"alternateName":"Origin Ltd.","potentialAction":[{"@type":"SearchAction","target":{"@type":"EntryPoint","urlTemplate":"https:\/\/originltd.com\/?s={search_term_string}"},"query-input":{"@type":"PropertyValueSpecification","valueRequired":true,"valueName":"search_term_string"}}],"inLanguage":"fr-FR"},{"@type":"Organization","@id":"https:\/\/originltd.com\/#organization","name":"Origin Pharma Packaging","url":"https:\/\/originltd.com\/","logo":{"@type":"ImageObject","inLanguage":"fr-FR","@id":"https:\/\/originltd.com\/#\/schema\/logo\/image\/","url":"https:\/\/originltd.com\/wp-content\/uploads\/2024\/06\/cropped-Origin-logo-For-Health-For-Life-RGB@10x.png","contentUrl":"https:\/\/originltd.com\/wp-content\/uploads\/2024\/06\/cropped-Origin-logo-For-Health-For-Life-RGB@10x.png","width":227,"height":65,"caption":"Origin Pharma Packaging"},"image":{"@id":"https:\/\/originltd.com\/#\/schema\/logo\/image\/"},"sameAs":["https:\/\/www.facebook.com\/originpharmapackaging","https:\/\/x.com\/originpharma","https:\/\/www.linkedin.com\/company\/origin-packaging-ltd\/","https:\/\/www.youtube.com\/channel\/UCOOJl3eFOiO7lJT6f5qHygA"]}]}},"_links":{"self":[{"href":"https:\/\/originltd.com\/fr\/wp-json\/wp\/v2\/product\/1150","targetHints":{"allow":["GET"]}}],"collection":[{"href":"https:\/\/originltd.com\/fr\/wp-json\/wp\/v2\/product"}],"about":[{"href":"https:\/\/originltd.com\/fr\/wp-json\/wp\/v2\/types\/product"}],"replies":[{"embeddable":true,"href":"https:\/\/originltd.com\/fr\/wp-json\/wp\/v2\/comments?post=1150"}],"wp:featuredmedia":[{"embeddable":true,"href":"https:\/\/originltd.com\/fr\/wp-json\/wp\/v2\/media\/3475"}],"wp:attachment":[{"href":"https:\/\/originltd.com\/fr\/wp-json\/wp\/v2\/media?parent=1150"}],"wp:term":[{"taxonomy":"product_brand","embeddable":true,"href":"https:\/\/originltd.com\/fr\/wp-json\/wp\/v2\/product_brand?post=1150"},{"taxonomy":"product_cat","embeddable":true,"href":"https:\/\/originltd.com\/fr\/wp-json\/wp\/v2\/product_cat?post=1150"},{"taxonomy":"product_tag","embeddable":true,"href":"https:\/\/originltd.com\/fr\/wp-json\/wp\/v2\/product_tag?post=1150"}],"curies":[{"name":"wp","href":"https:\/\/api.w.org\/{rel}","templated":true}]}}