{"id":1139,"date":"2018-02-07T16:48:21","date_gmt":"2018-02-07T16:48:21","guid":{"rendered":"https:\/\/dev.originltd.com\/product\/tubular-diagnostic-screw-neck-vial\/"},"modified":"2025-10-07T16:16:28","modified_gmt":"2025-10-07T15:16:28","slug":"tubular-diagnostic-screw-neck-vial","status":"publish","type":"product","link":"https:\/\/originltd.com\/fr\/product\/tubular-diagnostic-screw-neck-vial\/","title":{"rendered":"Flacons \u00e0 col viss\u00e9 3ml-25ml"},"content":{"rendered":"<p><span style=\"font-weight: 400;\">Nos flacons \u00e0 col viss\u00e9 sont disponibles dans des tailles allant de 3 ml \u00e0 125 ml. Ils sont disponibles en tant que <\/span><a href=\"https:\/\/originltd.com\/fr\/packaging\/clear-glass-bottles\/\"><span style=\"font-weight: 400;\">bouteilles en verre transparent<\/span><\/a><span style=\"font-weight: 400;\"> ou <\/span><a href=\"https:\/\/originltd.com\/fr\/packaging\/amber-glass-bottles\/\"><span style=\"font-weight: 400;\">bouteilles en verre ambr\u00e9<\/span><\/a><span style=\"font-weight: 400;\">.<\/span><\/p>","protected":false},"excerpt":{"rendered":"<p><span style=\"font-weight: 400;\">Nos flacons \u00e0 col viss\u00e9 3ml-25ml sont fabriqu\u00e9s<\/span><span style=\"font-weight: 400;\"> du verre tubulaire neutre de type 1B et le verre tubulaire neutre de type 1B. <\/span><span style=\"font-weight: 400;\">al\u00e9sage contr\u00f4l\u00e9<\/span><span style=\"font-weight: 400;\"> assure <\/span><span style=\"font-weight: 400;\">un excellent<\/span><span style=\"font-weight: 400;\"> s'adaptent aux bouchons en caoutchouc. <\/span><span style=\"font-weight: 400;\">La <\/span><a href=\"https:\/\/originltd.com\/fr\/packaging\/glass\/glass-vials\/\"><span style=\"font-weight: 400;\">le verre,<\/span><\/a><span style=\"font-weight: 400;\"> sont difficiles \u00e0 briser et conviennent parfaitement \u00e0 des applications dans divers secteurs d'activit\u00e9<\/span><span style=\"font-weight: 400;\">. <\/span><span style=\"font-weight: 400;\">Flacons d'origine \u00e0 col viss\u00e9 de 20 ml<\/span><span style=\"font-weight: 400;\"> sont utilis\u00e9s dans <\/span><span style=\"font-weight: 400;\">les <\/span><a href=\"https:\/\/originltd.com\/fr\/packaging\/pharmaceutical-packaging\/\"><span style=\"font-weight: 400;\">pharmaceutique<\/span><\/a><span style=\"font-weight: 400;\">, les industries du diagnostic et de l'alimentation.<\/span><\/p>\n<p><span style=\"font-weight: 400;\">Disponible en transparent et en ambr\u00e9, chacun de ces <\/span><a href=\"https:\/\/originltd.com\/fr\/packaging\/glass\/\"><span style=\"font-weight: 400;\">emballage en verre<\/span><\/a><span style=\"font-weight: 400;\"> a ses avantages. Les flacons ambr\u00e9s permettent de prot\u00e9ger le contenu des UV et de la d\u00e9gradation, tandis que les flacons transparents \u00e0 col viss\u00e9 permettent de mieux voir le contenu \u00e0 l'int\u00e9rieur.\u00a0<\/span><\/p>\n<h3><span style=\"font-weight: 400;\">Caract\u00e9ristiques principales :<\/span><\/h3>\n<ul>\n<li style=\"font-weight: 400;\" aria-level=\"1\"><span style=\"font-weight: 400;\">Fiole existant en clair ou en ambr\u00e9 ;<\/span><\/li>\n<li style=\"font-weight: 400;\" aria-level=\"1\"><span style=\"font-weight: 400;\">Fabriqu\u00e9 en verre tubulaire neutre de type 1B<\/span><\/li>\n<li style=\"font-weight: 400;\" aria-level=\"1\"><span style=\"font-weight: 400;\">disponible en stock dans des packs de tailles pratiques ;<\/span><\/li>\n<li style=\"font-weight: 400;\" aria-level=\"1\"><span style=\"font-weight: 400;\">convient aux machines \u00e0 essais par autoclave.<\/span><\/li>\n<\/ul>\n<h3><span style=\"font-weight: 400;\">Utilisations appropri\u00e9es :<\/span><\/h3>\n<ul>\n<li style=\"font-weight: 400;\" aria-level=\"1\"><span style=\"font-weight: 400;\">Stockage des produits pharmaceutiques\u00a0<\/span><\/li>\n<li style=\"font-weight: 400;\" aria-level=\"1\"><span style=\"font-weight: 400;\">Emballage pour l'industrie du diagnostic et l'industrie alimentaire<\/span><\/li>\n<\/ul>","protected":false},"featured_media":3453,"comment_status":"open","ping_status":"closed","template":"","meta":{"_acf_changed":false},"product_brand":[],"product_cat":[2185,119,2227,2223,95],"product_tag":[],"class_list":{"0":"post-1139","1":"product","2":"type-product","3":"status-publish","4":"has-post-thumbnail","6":"product_cat-cosmetic-containers","7":"product_cat-cosmetic-bottles","8":"product_cat-lifestyle","9":"product_cat-skincare-bodycare","10":"product_cat-glass","12":"first","13":"instock","14":"sold-individually","15":"shipping-taxable","16":"purchasable","17":"product-type-simple"},"acf":[],"yoast_head":"<!-- This site is optimized with the Yoast SEO plugin v27.5 - https:\/\/yoast.com\/product\/yoast-seo-wordpress\/ -->\n<title>3ml-25ml Screw Neck Vials | Origin Pharma Packaging<\/title>\n<meta name=\"description\" content=\"Order 3ml\u201325ml screw neck vials from Origin. These lightweight vials are used across the pharmaceutical, diagnostic and food industries. Order your sample today.\" \/>\n<meta name=\"robots\" content=\"index, follow, max-snippet:-1, max-image-preview:large, max-video-preview:-1\" \/>\n<link rel=\"canonical\" href=\"https:\/\/originltd.com\/fr\/produit\/tubular-diagnostic-screw-neck-vial\/\" \/>\n<meta property=\"og:locale\" content=\"fr_FR\" \/>\n<meta property=\"og:type\" content=\"article\" \/>\n<meta property=\"og:title\" content=\"3ml-25ml Screw Neck Vials | Origin Pharma Packaging\" \/>\n<meta property=\"og:description\" content=\"Order 3ml\u201325ml screw neck vials from Origin. These lightweight vials are used across the pharmaceutical, diagnostic and food industries. Order your sample today.\" \/>\n<meta property=\"og:url\" content=\"https:\/\/originltd.com\/fr\/produit\/tubular-diagnostic-screw-neck-vial\/\" \/>\n<meta property=\"og:site_name\" content=\"Origin Pharma Packaging\" \/>\n<meta property=\"article:publisher\" content=\"https:\/\/www.facebook.com\/originpharmapackaging\" \/>\n<meta property=\"article:modified_time\" content=\"2025-10-07T15:16:28+00:00\" \/>\n<meta property=\"og:image\" content=\"https:\/\/originltd.com\/wp-content\/uploads\/2018\/03\/tubular-diagnostic-screw-neck-vial-amber-scaled.jpg\" \/>\n\t<meta property=\"og:image:width\" content=\"1707\" \/>\n\t<meta property=\"og:image:height\" content=\"2560\" \/>\n\t<meta property=\"og:image:type\" content=\"image\/jpeg\" \/>\n<meta name=\"twitter:card\" content=\"summary_large_image\" \/>\n<meta name=\"twitter:site\" content=\"@originpharma\" \/>\n<meta name=\"twitter:label1\" content=\"Dur\u00e9e de lecture estim\u00e9e\" \/>\n\t<meta name=\"twitter:data1\" content=\"1 minute\" \/>\n<script type=\"application\/ld+json\" class=\"yoast-schema-graph\">{\"@context\":\"https:\\\/\\\/schema.org\",\"@graph\":[{\"@type\":\"WebPage\",\"@id\":\"https:\\\/\\\/originltd.com\\\/product\\\/tubular-diagnostic-screw-neck-vial\\\/\",\"url\":\"https:\\\/\\\/originltd.com\\\/product\\\/tubular-diagnostic-screw-neck-vial\\\/\",\"name\":\"3ml-25ml Screw Neck Vials | Origin Pharma Packaging\",\"isPartOf\":{\"@id\":\"https:\\\/\\\/originltd.com\\\/#website\"},\"primaryImageOfPage\":{\"@id\":\"https:\\\/\\\/originltd.com\\\/product\\\/tubular-diagnostic-screw-neck-vial\\\/#primaryimage\"},\"image\":{\"@id\":\"https:\\\/\\\/originltd.com\\\/product\\\/tubular-diagnostic-screw-neck-vial\\\/#primaryimage\"},\"thumbnailUrl\":\"https:\\\/\\\/originltd.com\\\/wp-content\\\/uploads\\\/2018\\\/03\\\/tubular-diagnostic-screw-neck-vial-amber-scaled.jpg\",\"datePublished\":\"2018-02-07T16:48:21+00:00\",\"dateModified\":\"2025-10-07T15:16:28+00:00\",\"description\":\"Order 3ml\u201325ml screw neck vials from Origin. These lightweight vials are used across the pharmaceutical, diagnostic and food industries. Order your sample today.\",\"breadcrumb\":{\"@id\":\"https:\\\/\\\/originltd.com\\\/product\\\/tubular-diagnostic-screw-neck-vial\\\/#breadcrumb\"},\"inLanguage\":\"fr-FR\",\"potentialAction\":[{\"@type\":\"ReadAction\",\"target\":[\"https:\\\/\\\/originltd.com\\\/product\\\/tubular-diagnostic-screw-neck-vial\\\/\"]}]},{\"@type\":\"ImageObject\",\"inLanguage\":\"fr-FR\",\"@id\":\"https:\\\/\\\/originltd.com\\\/product\\\/tubular-diagnostic-screw-neck-vial\\\/#primaryimage\",\"url\":\"https:\\\/\\\/originltd.com\\\/wp-content\\\/uploads\\\/2018\\\/03\\\/tubular-diagnostic-screw-neck-vial-amber-scaled.jpg\",\"contentUrl\":\"https:\\\/\\\/originltd.com\\\/wp-content\\\/uploads\\\/2018\\\/03\\\/tubular-diagnostic-screw-neck-vial-amber-scaled.jpg\",\"width\":1707,\"height\":2560,\"caption\":\"Amber glass tubular diagnostic screw neck vial\"},{\"@type\":\"BreadcrumbList\",\"@id\":\"https:\\\/\\\/originltd.com\\\/product\\\/tubular-diagnostic-screw-neck-vial\\\/#breadcrumb\",\"itemListElement\":[{\"@type\":\"ListItem\",\"position\":1,\"name\":\"Home\",\"item\":\"https:\\\/\\\/originltd.com\\\/\"},{\"@type\":\"ListItem\",\"position\":2,\"name\":\"Pharmaceutical Packaging Products\",\"item\":\"https:\\\/\\\/originltd.com\\\/pharmaceutical-packaging\\\/\"},{\"@type\":\"ListItem\",\"position\":3,\"name\":\"Wholesale Glass Packaging\",\"item\":\"https:\\\/\\\/originltd.com\\\/packaging\\\/glass\\\/\"},{\"@type\":\"ListItem\",\"position\":4,\"name\":\"3ml-25ml Screw Neck Vials\"}]},{\"@type\":\"WebSite\",\"@id\":\"https:\\\/\\\/originltd.com\\\/#website\",\"url\":\"https:\\\/\\\/originltd.com\\\/\",\"name\":\"Origin Pharma Packaging\",\"description\":\"\",\"publisher\":{\"@id\":\"https:\\\/\\\/originltd.com\\\/#organization\"},\"alternateName\":\"Origin Ltd.\",\"potentialAction\":[{\"@type\":\"SearchAction\",\"target\":{\"@type\":\"EntryPoint\",\"urlTemplate\":\"https:\\\/\\\/originltd.com\\\/?s={search_term_string}\"},\"query-input\":{\"@type\":\"PropertyValueSpecification\",\"valueRequired\":true,\"valueName\":\"search_term_string\"}}],\"inLanguage\":\"fr-FR\"},{\"@type\":\"Organization\",\"@id\":\"https:\\\/\\\/originltd.com\\\/#organization\",\"name\":\"Origin Pharma Packaging\",\"url\":\"https:\\\/\\\/originltd.com\\\/\",\"logo\":{\"@type\":\"ImageObject\",\"inLanguage\":\"fr-FR\",\"@id\":\"https:\\\/\\\/originltd.com\\\/#\\\/schema\\\/logo\\\/image\\\/\",\"url\":\"https:\\\/\\\/originltd.com\\\/wp-content\\\/uploads\\\/2024\\\/06\\\/cropped-Origin-logo-For-Health-For-Life-RGB@10x.png\",\"contentUrl\":\"https:\\\/\\\/originltd.com\\\/wp-content\\\/uploads\\\/2024\\\/06\\\/cropped-Origin-logo-For-Health-For-Life-RGB@10x.png\",\"width\":227,\"height\":65,\"caption\":\"Origin Pharma Packaging\"},\"image\":{\"@id\":\"https:\\\/\\\/originltd.com\\\/#\\\/schema\\\/logo\\\/image\\\/\"},\"sameAs\":[\"https:\\\/\\\/www.facebook.com\\\/originpharmapackaging\",\"https:\\\/\\\/x.com\\\/originpharma\",\"https:\\\/\\\/www.linkedin.com\\\/company\\\/origin-packaging-ltd\\\/\",\"https:\\\/\\\/www.youtube.com\\\/channel\\\/UCOOJl3eFOiO7lJT6f5qHygA\"]}]}<\/script>\n<!-- \/ Yoast SEO plugin. -->","yoast_head_json":{"title":"Flacons \u00e0 col viss\u00e9 3ml-25ml | Origin Pharma Packaging","description":"Commandez des flacons \u00e0 col viss\u00e9 de 3ml-25ml aupr\u00e8s d'Origin. Ces flacons l\u00e9gers sont utilis\u00e9s dans les industries pharmaceutiques, diagnostiques et alimentaires. Commandez votre \u00e9chantillon d\u00e8s aujourd'hui.","robots":{"index":"index","follow":"follow","max-snippet":"max-snippet:-1","max-image-preview":"max-image-preview:large","max-video-preview":"max-video-preview:-1"},"canonical":"https:\/\/originltd.com\/fr\/produit\/tubular-diagnostic-screw-neck-vial\/","og_locale":"fr_FR","og_type":"article","og_title":"3ml-25ml Screw Neck Vials | Origin Pharma Packaging","og_description":"Order 3ml\u201325ml screw neck vials from Origin. These lightweight vials are used across the pharmaceutical, diagnostic and food industries. Order your sample today.","og_url":"https:\/\/originltd.com\/fr\/produit\/tubular-diagnostic-screw-neck-vial\/","og_site_name":"Origin Pharma Packaging","article_publisher":"https:\/\/www.facebook.com\/originpharmapackaging","article_modified_time":"2025-10-07T15:16:28+00:00","og_image":[{"width":1707,"height":2560,"url":"https:\/\/originltd.com\/wp-content\/uploads\/2018\/03\/tubular-diagnostic-screw-neck-vial-amber-scaled.jpg","type":"image\/jpeg"}],"twitter_card":"summary_large_image","twitter_site":"@originpharma","twitter_misc":{"Dur\u00e9e de lecture estim\u00e9e":"1 minute"},"schema":{"@context":"https:\/\/schema.org","@graph":[{"@type":"WebPage","@id":"https:\/\/originltd.com\/product\/tubular-diagnostic-screw-neck-vial\/","url":"https:\/\/originltd.com\/product\/tubular-diagnostic-screw-neck-vial\/","name":"Flacons \u00e0 col viss\u00e9 3ml-25ml | Origin Pharma Packaging","isPartOf":{"@id":"https:\/\/originltd.com\/#website"},"primaryImageOfPage":{"@id":"https:\/\/originltd.com\/product\/tubular-diagnostic-screw-neck-vial\/#primaryimage"},"image":{"@id":"https:\/\/originltd.com\/product\/tubular-diagnostic-screw-neck-vial\/#primaryimage"},"thumbnailUrl":"https:\/\/originltd.com\/wp-content\/uploads\/2018\/03\/tubular-diagnostic-screw-neck-vial-amber-scaled.jpg","datePublished":"2018-02-07T16:48:21+00:00","dateModified":"2025-10-07T15:16:28+00:00","description":"Commandez des flacons \u00e0 col viss\u00e9 de 3ml-25ml aupr\u00e8s d'Origin. Ces flacons l\u00e9gers sont utilis\u00e9s dans les industries pharmaceutiques, diagnostiques et alimentaires. Commandez votre \u00e9chantillon d\u00e8s aujourd'hui.","breadcrumb":{"@id":"https:\/\/originltd.com\/product\/tubular-diagnostic-screw-neck-vial\/#breadcrumb"},"inLanguage":"fr-FR","potentialAction":[{"@type":"ReadAction","target":["https:\/\/originltd.com\/product\/tubular-diagnostic-screw-neck-vial\/"]}]},{"@type":"ImageObject","inLanguage":"fr-FR","@id":"https:\/\/originltd.com\/product\/tubular-diagnostic-screw-neck-vial\/#primaryimage","url":"https:\/\/originltd.com\/wp-content\/uploads\/2018\/03\/tubular-diagnostic-screw-neck-vial-amber-scaled.jpg","contentUrl":"https:\/\/originltd.com\/wp-content\/uploads\/2018\/03\/tubular-diagnostic-screw-neck-vial-amber-scaled.jpg","width":1707,"height":2560,"caption":"Amber glass tubular diagnostic screw neck vial"},{"@type":"BreadcrumbList","@id":"https:\/\/originltd.com\/product\/tubular-diagnostic-screw-neck-vial\/#breadcrumb","itemListElement":[{"@type":"ListItem","position":1,"name":"Home","item":"https:\/\/originltd.com\/"},{"@type":"ListItem","position":2,"name":"Pharmaceutical Packaging Products","item":"https:\/\/originltd.com\/pharmaceutical-packaging\/"},{"@type":"ListItem","position":3,"name":"Wholesale Glass Packaging","item":"https:\/\/originltd.com\/packaging\/glass\/"},{"@type":"ListItem","position":4,"name":"3ml-25ml Screw Neck Vials"}]},{"@type":"WebSite","@id":"https:\/\/originltd.com\/#website","url":"https:\/\/originltd.com\/","name":"Origin Pharma Packaging","description":"","publisher":{"@id":"https:\/\/originltd.com\/#organization"},"alternateName":"Origin Ltd.","potentialAction":[{"@type":"SearchAction","target":{"@type":"EntryPoint","urlTemplate":"https:\/\/originltd.com\/?s={search_term_string}"},"query-input":{"@type":"PropertyValueSpecification","valueRequired":true,"valueName":"search_term_string"}}],"inLanguage":"fr-FR"},{"@type":"Organization","@id":"https:\/\/originltd.com\/#organization","name":"Origin Pharma Packaging","url":"https:\/\/originltd.com\/","logo":{"@type":"ImageObject","inLanguage":"fr-FR","@id":"https:\/\/originltd.com\/#\/schema\/logo\/image\/","url":"https:\/\/originltd.com\/wp-content\/uploads\/2024\/06\/cropped-Origin-logo-For-Health-For-Life-RGB@10x.png","contentUrl":"https:\/\/originltd.com\/wp-content\/uploads\/2024\/06\/cropped-Origin-logo-For-Health-For-Life-RGB@10x.png","width":227,"height":65,"caption":"Origin Pharma Packaging"},"image":{"@id":"https:\/\/originltd.com\/#\/schema\/logo\/image\/"},"sameAs":["https:\/\/www.facebook.com\/originpharmapackaging","https:\/\/x.com\/originpharma","https:\/\/www.linkedin.com\/company\/origin-packaging-ltd\/","https:\/\/www.youtube.com\/channel\/UCOOJl3eFOiO7lJT6f5qHygA"]}]}},"_links":{"self":[{"href":"https:\/\/originltd.com\/fr\/wp-json\/wp\/v2\/product\/1139","targetHints":{"allow":["GET"]}}],"collection":[{"href":"https:\/\/originltd.com\/fr\/wp-json\/wp\/v2\/product"}],"about":[{"href":"https:\/\/originltd.com\/fr\/wp-json\/wp\/v2\/types\/product"}],"replies":[{"embeddable":true,"href":"https:\/\/originltd.com\/fr\/wp-json\/wp\/v2\/comments?post=1139"}],"wp:featuredmedia":[{"embeddable":true,"href":"https:\/\/originltd.com\/fr\/wp-json\/wp\/v2\/media\/3453"}],"wp:attachment":[{"href":"https:\/\/originltd.com\/fr\/wp-json\/wp\/v2\/media?parent=1139"}],"wp:term":[{"taxonomy":"product_brand","embeddable":true,"href":"https:\/\/originltd.com\/fr\/wp-json\/wp\/v2\/product_brand?post=1139"},{"taxonomy":"product_cat","embeddable":true,"href":"https:\/\/originltd.com\/fr\/wp-json\/wp\/v2\/product_cat?post=1139"},{"taxonomy":"product_tag","embeddable":true,"href":"https:\/\/originltd.com\/fr\/wp-json\/wp\/v2\/product_tag?post=1139"}],"curies":[{"name":"wp","href":"https:\/\/api.w.org\/{rel}","templated":true}]}}