{"id":1137,"date":"2018-02-07T16:48:20","date_gmt":"2018-02-07T16:48:20","guid":{"rendered":"https:\/\/dev.originltd.com\/product\/injection-vials\/"},"modified":"2025-04-11T10:27:07","modified_gmt":"2025-04-11T09:27:07","slug":"injection-vials","status":"publish","type":"product","link":"https:\/\/originltd.com\/fr\/product\/injection-vials\/","title":{"rendered":"Fioles \u00e0 produit \u00e0 injecter de 2 ml \u00e0 220 ml"},"content":{"rendered":"<p><span style=\"font-weight: 400;\">Les tailles de ces flacons d'injection vont de 2 ml \u00e0 220 ml. Ces flacons sont disponibles en verre ambr\u00e9 ou transparent selon certains param\u00e8tres sur demande.<\/span><\/p>","protected":false},"excerpt":{"rendered":"<p><span style=\"font-weight: 400;\">Une gamme standard de tailles est disponible pour nos flacons d'injection de 2 ml \u00e0 220 ml.<\/span><span style=\"font-weight: 400;\">, utilisable en tant que <\/span><a href=\"https:\/\/originltd.com\/fr\/packaging\/pharmaceutical-packaging\/\"><span style=\"font-weight: 400;\">emballage pharmaceutique<\/span><\/a><span style=\"font-weight: 400;\">. Ceux-ci <\/span><a href=\"https:\/\/originltd.com\/fr\/packaging\/clear-glass-bottles\/\"><span style=\"font-weight: 400;\">bouteilles en verre transparent<\/span><\/a><span style=\"font-weight: 400;\"> permettent de visualiser facilement le reste de leur contenu et sont con\u00e7us avec des cols sertis pour faciliter leur utilisation.<\/span><\/p>\n<p><span style=\"font-weight: 400;\">Si vous \u00eates int\u00e9ress\u00e9 par des flacons personnalis\u00e9s, nous les proposons dans toutes les tailles, par exemple des flacons d'injection de 10 ml. Il est possible de produire des flacons en verre ambr\u00e9 et en verre transparent en respectant certains param\u00e8tres.<\/span><\/p>\n<p><span style=\"font-weight: 400;\">Nous proposons de nombreux autres produits en plastique et <\/span><a href=\"https:\/\/originltd.com\/fr\/packaging\/glass\/glass-vials\/\"><span style=\"font-weight: 400;\">le verre,<\/span><\/a><span style=\"font-weight: 400;\"> qui se pr\u00eatent \u00e0 l'utilisation de flacons d'injection ISO, y compris notre <\/span><a href=\"https:\/\/originltd.com\/fr\/produit\/type-one-moulded-injection-vials\/\"><span style=\"font-weight: 400;\">Fioles moul\u00e9es pour injection en verre de type I<\/span><\/a><span style=\"font-weight: 400;\">. Pour les flacons dot\u00e9s de cols \u00e0 vis, de bouchons de lyophilisation et de bouchons en caoutchouc butyle, voir notre rubrique <\/span><a href=\"https:\/\/originltd.com\/fr\/produit\/tamper-evident-vials\/\"><span style=\"font-weight: 400;\">Flacons de diagnostic PET<\/span><\/a><span style=\"font-weight: 400;\">, <\/span><a href=\"https:\/\/originltd.com\/fr\/produit\/bijou-vial\/\"><span style=\"font-weight: 400;\">Fioles Bijou<\/span><\/a><span style=\"font-weight: 400;\"> ou <\/span><a href=\"https:\/\/originltd.com\/fr\/produit\/dram-vials\/\"><span style=\"font-weight: 400;\">Fioles (en DRAM)<\/span><\/a><span style=\"font-weight: 400;\">.<\/span><\/p>\n<h3><span style=\"font-weight: 400;\">Caract\u00e9ristiques principales :<\/span><\/h3>\n<ul>\n<li style=\"font-weight: 400;\" aria-level=\"1\"><span style=\"font-weight: 400;\">Les flacons d'injection de 2 ml \u00e0 220 ml sont disponibles dans de nombreuses tailles, y compris des flacons d'injection de 10 ml.<\/span><\/li>\n<li style=\"font-weight: 400;\" aria-level=\"1\"><span style=\"font-weight: 400;\">Fabriqu\u00e9 \u00e0 partir du type 1 <\/span><span style=\"font-weight: 400;\">neutre<\/span><span style=\"font-weight: 400;\"> tube de verre<\/span><\/li>\n<li style=\"font-weight: 400;\" aria-level=\"1\"><span style=\"font-weight: 400;\">type \u00e0 col serti pour en faciliter l'utilisation ;<\/span><\/li>\n<li style=\"font-weight: 400;\" aria-level=\"1\"><span style=\"font-weight: 400;\">Ambre et <\/span><span style=\"font-weight: 400;\">clair<\/span><span style=\"font-weight: 400;\"> versions en verre <\/span><span style=\"font-weight: 400;\">sont<\/span><span style=\"font-weight: 400;\"> disponible<\/span><\/li>\n<\/ul>\n<h3><span style=\"font-weight: 400;\">Utilisations appropri\u00e9es :<\/span><\/h3>\n<ul>\n<li style=\"font-weight: 400;\" aria-level=\"1\"><span style=\"font-weight: 400;\">Fioles \u00e0 produit \u00e0 injecter multi-usages ;<\/span><\/li>\n<li style=\"font-weight: 400;\" aria-level=\"1\"><span style=\"font-weight: 400;\">Convient comme <\/span><span style=\"font-weight: 400;\">flacons m\u00e9dicaux liquides en verre tubulaire pour le dosage des injections.<\/span><\/li>\n<\/ul>","protected":false},"featured_media":3433,"comment_status":"open","ping_status":"closed","template":"","meta":{"_acf_changed":false},"product_brand":[],"product_cat":[2214,106,2206,95],"product_tag":[],"class_list":{"0":"post-1137","1":"product","2":"type-product","3":"status-publish","4":"has-post-thumbnail","6":"product_cat-clear-glass-bottles","7":"product_cat-glass-vials","8":"product_cat-pharmaceutical-packaging","9":"product_cat-glass","11":"first","12":"instock","13":"sold-individually","14":"shipping-taxable","15":"purchasable","16":"product-type-simple"},"acf":[],"yoast_head":"<!-- This site is optimized with the Yoast SEO plugin v27.5 - https:\/\/yoast.com\/product\/yoast-seo-wordpress\/ -->\n<title>2ml-220ml Injection Vials | 10ml Injection Vials | Origin<\/title>\n<meta name=\"description\" content=\"Order 2ml-220ml injection vials from Origin, manufactured from Type 1 neutral glass tube and available in amber and clear glass designs upon request.\" \/>\n<meta name=\"robots\" content=\"index, follow, max-snippet:-1, max-image-preview:large, max-video-preview:-1\" \/>\n<link rel=\"canonical\" href=\"https:\/\/originltd.com\/fr\/produit\/injection-vials\/\" \/>\n<meta property=\"og:locale\" content=\"fr_FR\" \/>\n<meta property=\"og:type\" content=\"article\" \/>\n<meta property=\"og:title\" content=\"2ml-220ml Injection Vials | 10ml Injection Vials | Origin\" \/>\n<meta property=\"og:description\" content=\"Order 2ml-220ml injection vials from Origin, manufactured from Type 1 neutral glass tube and available in amber and clear glass designs upon request.\" \/>\n<meta property=\"og:url\" content=\"https:\/\/originltd.com\/fr\/produit\/injection-vials\/\" \/>\n<meta property=\"og:site_name\" content=\"Origin Pharma Packaging\" \/>\n<meta property=\"article:publisher\" content=\"https:\/\/www.facebook.com\/originpharmapackaging\" \/>\n<meta property=\"article:modified_time\" content=\"2025-04-11T09:27:07+00:00\" \/>\n<meta property=\"og:image\" content=\"https:\/\/originltd.com\/wp-content\/uploads\/2018\/03\/injection-vial-clear-scaled.jpg\" \/>\n\t<meta property=\"og:image:width\" content=\"1707\" \/>\n\t<meta property=\"og:image:height\" content=\"2560\" \/>\n\t<meta property=\"og:image:type\" content=\"image\/jpeg\" \/>\n<meta name=\"twitter:card\" content=\"summary_large_image\" \/>\n<meta name=\"twitter:site\" content=\"@originpharma\" \/>\n<meta name=\"twitter:label1\" content=\"Dur\u00e9e de lecture estim\u00e9e\" \/>\n\t<meta name=\"twitter:data1\" content=\"1 minute\" \/>\n<script type=\"application\/ld+json\" class=\"yoast-schema-graph\">{\"@context\":\"https:\\\/\\\/schema.org\",\"@graph\":[{\"@type\":\"WebPage\",\"@id\":\"https:\\\/\\\/originltd.com\\\/product\\\/injection-vials\\\/\",\"url\":\"https:\\\/\\\/originltd.com\\\/product\\\/injection-vials\\\/\",\"name\":\"2ml-220ml Injection Vials | 10ml Injection Vials | Origin\",\"isPartOf\":{\"@id\":\"https:\\\/\\\/originltd.com\\\/#website\"},\"primaryImageOfPage\":{\"@id\":\"https:\\\/\\\/originltd.com\\\/product\\\/injection-vials\\\/#primaryimage\"},\"image\":{\"@id\":\"https:\\\/\\\/originltd.com\\\/product\\\/injection-vials\\\/#primaryimage\"},\"thumbnailUrl\":\"https:\\\/\\\/originltd.com\\\/wp-content\\\/uploads\\\/2018\\\/03\\\/injection-vial-clear-scaled.jpg\",\"datePublished\":\"2018-02-07T16:48:20+00:00\",\"dateModified\":\"2025-04-11T09:27:07+00:00\",\"description\":\"Order 2ml-220ml injection vials from Origin, manufactured from Type 1 neutral glass tube and available in amber and clear glass designs upon request.\",\"breadcrumb\":{\"@id\":\"https:\\\/\\\/originltd.com\\\/product\\\/injection-vials\\\/#breadcrumb\"},\"inLanguage\":\"fr-FR\",\"potentialAction\":[{\"@type\":\"ReadAction\",\"target\":[\"https:\\\/\\\/originltd.com\\\/product\\\/injection-vials\\\/\"]}]},{\"@type\":\"ImageObject\",\"inLanguage\":\"fr-FR\",\"@id\":\"https:\\\/\\\/originltd.com\\\/product\\\/injection-vials\\\/#primaryimage\",\"url\":\"https:\\\/\\\/originltd.com\\\/wp-content\\\/uploads\\\/2018\\\/03\\\/injection-vial-clear-scaled.jpg\",\"contentUrl\":\"https:\\\/\\\/originltd.com\\\/wp-content\\\/uploads\\\/2018\\\/03\\\/injection-vial-clear-scaled.jpg\",\"width\":1707,\"height\":2560,\"caption\":\"Clear injection vial\"},{\"@type\":\"BreadcrumbList\",\"@id\":\"https:\\\/\\\/originltd.com\\\/product\\\/injection-vials\\\/#breadcrumb\",\"itemListElement\":[{\"@type\":\"ListItem\",\"position\":1,\"name\":\"Home\",\"item\":\"https:\\\/\\\/originltd.com\\\/\"},{\"@type\":\"ListItem\",\"position\":2,\"name\":\"Pharmaceutical Packaging Products\",\"item\":\"https:\\\/\\\/originltd.com\\\/pharmaceutical-packaging\\\/\"},{\"@type\":\"ListItem\",\"position\":3,\"name\":\"Wholesale Glass Packaging\",\"item\":\"https:\\\/\\\/originltd.com\\\/packaging\\\/glass\\\/\"},{\"@type\":\"ListItem\",\"position\":4,\"name\":\"2ml-220ml Injection Vials\"}]},{\"@type\":\"WebSite\",\"@id\":\"https:\\\/\\\/originltd.com\\\/#website\",\"url\":\"https:\\\/\\\/originltd.com\\\/\",\"name\":\"Origin Pharma Packaging\",\"description\":\"\",\"publisher\":{\"@id\":\"https:\\\/\\\/originltd.com\\\/#organization\"},\"alternateName\":\"Origin Ltd.\",\"potentialAction\":[{\"@type\":\"SearchAction\",\"target\":{\"@type\":\"EntryPoint\",\"urlTemplate\":\"https:\\\/\\\/originltd.com\\\/?s={search_term_string}\"},\"query-input\":{\"@type\":\"PropertyValueSpecification\",\"valueRequired\":true,\"valueName\":\"search_term_string\"}}],\"inLanguage\":\"fr-FR\"},{\"@type\":\"Organization\",\"@id\":\"https:\\\/\\\/originltd.com\\\/#organization\",\"name\":\"Origin Pharma Packaging\",\"url\":\"https:\\\/\\\/originltd.com\\\/\",\"logo\":{\"@type\":\"ImageObject\",\"inLanguage\":\"fr-FR\",\"@id\":\"https:\\\/\\\/originltd.com\\\/#\\\/schema\\\/logo\\\/image\\\/\",\"url\":\"https:\\\/\\\/originltd.com\\\/wp-content\\\/uploads\\\/2024\\\/06\\\/cropped-Origin-logo-For-Health-For-Life-RGB@10x.png\",\"contentUrl\":\"https:\\\/\\\/originltd.com\\\/wp-content\\\/uploads\\\/2024\\\/06\\\/cropped-Origin-logo-For-Health-For-Life-RGB@10x.png\",\"width\":227,\"height\":65,\"caption\":\"Origin Pharma Packaging\"},\"image\":{\"@id\":\"https:\\\/\\\/originltd.com\\\/#\\\/schema\\\/logo\\\/image\\\/\"},\"sameAs\":[\"https:\\\/\\\/www.facebook.com\\\/originpharmapackaging\",\"https:\\\/\\\/x.com\\\/originpharma\",\"https:\\\/\\\/www.linkedin.com\\\/company\\\/origin-packaging-ltd\\\/\",\"https:\\\/\\\/www.youtube.com\\\/channel\\\/UCOOJl3eFOiO7lJT6f5qHygA\"]}]}<\/script>\n<!-- \/ Yoast SEO plugin. -->","yoast_head_json":{"title":"Flacons d'injection 2ml-220ml | Flacons d'injection 10ml | Origine","description":"Commandez des flacons d'injection de 2ml-220ml aupr\u00e8s d'Origin, fabriqu\u00e9s \u00e0 partir d'un tube en verre neutre de type 1 et disponibles en verre ambr\u00e9 et transparent sur demande.","robots":{"index":"index","follow":"follow","max-snippet":"max-snippet:-1","max-image-preview":"max-image-preview:large","max-video-preview":"max-video-preview:-1"},"canonical":"https:\/\/originltd.com\/fr\/produit\/injection-vials\/","og_locale":"fr_FR","og_type":"article","og_title":"2ml-220ml Injection Vials | 10ml Injection Vials | Origin","og_description":"Order 2ml-220ml injection vials from Origin, manufactured from Type 1 neutral glass tube and available in amber and clear glass designs upon request.","og_url":"https:\/\/originltd.com\/fr\/produit\/injection-vials\/","og_site_name":"Origin Pharma Packaging","article_publisher":"https:\/\/www.facebook.com\/originpharmapackaging","article_modified_time":"2025-04-11T09:27:07+00:00","og_image":[{"width":1707,"height":2560,"url":"https:\/\/originltd.com\/wp-content\/uploads\/2018\/03\/injection-vial-clear-scaled.jpg","type":"image\/jpeg"}],"twitter_card":"summary_large_image","twitter_site":"@originpharma","twitter_misc":{"Dur\u00e9e de lecture estim\u00e9e":"1 minute"},"schema":{"@context":"https:\/\/schema.org","@graph":[{"@type":"WebPage","@id":"https:\/\/originltd.com\/product\/injection-vials\/","url":"https:\/\/originltd.com\/product\/injection-vials\/","name":"Flacons d'injection 2ml-220ml | Flacons d'injection 10ml | Origine","isPartOf":{"@id":"https:\/\/originltd.com\/#website"},"primaryImageOfPage":{"@id":"https:\/\/originltd.com\/product\/injection-vials\/#primaryimage"},"image":{"@id":"https:\/\/originltd.com\/product\/injection-vials\/#primaryimage"},"thumbnailUrl":"https:\/\/originltd.com\/wp-content\/uploads\/2018\/03\/injection-vial-clear-scaled.jpg","datePublished":"2018-02-07T16:48:20+00:00","dateModified":"2025-04-11T09:27:07+00:00","description":"Commandez des flacons d'injection de 2ml-220ml aupr\u00e8s d'Origin, fabriqu\u00e9s \u00e0 partir d'un tube en verre neutre de type 1 et disponibles en verre ambr\u00e9 et transparent sur demande.","breadcrumb":{"@id":"https:\/\/originltd.com\/product\/injection-vials\/#breadcrumb"},"inLanguage":"fr-FR","potentialAction":[{"@type":"ReadAction","target":["https:\/\/originltd.com\/product\/injection-vials\/"]}]},{"@type":"ImageObject","inLanguage":"fr-FR","@id":"https:\/\/originltd.com\/product\/injection-vials\/#primaryimage","url":"https:\/\/originltd.com\/wp-content\/uploads\/2018\/03\/injection-vial-clear-scaled.jpg","contentUrl":"https:\/\/originltd.com\/wp-content\/uploads\/2018\/03\/injection-vial-clear-scaled.jpg","width":1707,"height":2560,"caption":"Clear injection vial"},{"@type":"BreadcrumbList","@id":"https:\/\/originltd.com\/product\/injection-vials\/#breadcrumb","itemListElement":[{"@type":"ListItem","position":1,"name":"Home","item":"https:\/\/originltd.com\/"},{"@type":"ListItem","position":2,"name":"Pharmaceutical Packaging Products","item":"https:\/\/originltd.com\/pharmaceutical-packaging\/"},{"@type":"ListItem","position":3,"name":"Wholesale Glass Packaging","item":"https:\/\/originltd.com\/packaging\/glass\/"},{"@type":"ListItem","position":4,"name":"2ml-220ml Injection Vials"}]},{"@type":"WebSite","@id":"https:\/\/originltd.com\/#website","url":"https:\/\/originltd.com\/","name":"Origin Pharma Packaging","description":"","publisher":{"@id":"https:\/\/originltd.com\/#organization"},"alternateName":"Origin Ltd.","potentialAction":[{"@type":"SearchAction","target":{"@type":"EntryPoint","urlTemplate":"https:\/\/originltd.com\/?s={search_term_string}"},"query-input":{"@type":"PropertyValueSpecification","valueRequired":true,"valueName":"search_term_string"}}],"inLanguage":"fr-FR"},{"@type":"Organization","@id":"https:\/\/originltd.com\/#organization","name":"Origin Pharma Packaging","url":"https:\/\/originltd.com\/","logo":{"@type":"ImageObject","inLanguage":"fr-FR","@id":"https:\/\/originltd.com\/#\/schema\/logo\/image\/","url":"https:\/\/originltd.com\/wp-content\/uploads\/2024\/06\/cropped-Origin-logo-For-Health-For-Life-RGB@10x.png","contentUrl":"https:\/\/originltd.com\/wp-content\/uploads\/2024\/06\/cropped-Origin-logo-For-Health-For-Life-RGB@10x.png","width":227,"height":65,"caption":"Origin Pharma Packaging"},"image":{"@id":"https:\/\/originltd.com\/#\/schema\/logo\/image\/"},"sameAs":["https:\/\/www.facebook.com\/originpharmapackaging","https:\/\/x.com\/originpharma","https:\/\/www.linkedin.com\/company\/origin-packaging-ltd\/","https:\/\/www.youtube.com\/channel\/UCOOJl3eFOiO7lJT6f5qHygA"]}]}},"_links":{"self":[{"href":"https:\/\/originltd.com\/fr\/wp-json\/wp\/v2\/product\/1137","targetHints":{"allow":["GET"]}}],"collection":[{"href":"https:\/\/originltd.com\/fr\/wp-json\/wp\/v2\/product"}],"about":[{"href":"https:\/\/originltd.com\/fr\/wp-json\/wp\/v2\/types\/product"}],"replies":[{"embeddable":true,"href":"https:\/\/originltd.com\/fr\/wp-json\/wp\/v2\/comments?post=1137"}],"wp:featuredmedia":[{"embeddable":true,"href":"https:\/\/originltd.com\/fr\/wp-json\/wp\/v2\/media\/3433"}],"wp:attachment":[{"href":"https:\/\/originltd.com\/fr\/wp-json\/wp\/v2\/media?parent=1137"}],"wp:term":[{"taxonomy":"product_brand","embeddable":true,"href":"https:\/\/originltd.com\/fr\/wp-json\/wp\/v2\/product_brand?post=1137"},{"taxonomy":"product_cat","embeddable":true,"href":"https:\/\/originltd.com\/fr\/wp-json\/wp\/v2\/product_cat?post=1137"},{"taxonomy":"product_tag","embeddable":true,"href":"https:\/\/originltd.com\/fr\/wp-json\/wp\/v2\/product_tag?post=1137"}],"curies":[{"name":"wp","href":"https:\/\/api.w.org\/{rel}","templated":true}]}}