
{"id":11305,"date":"2024-05-14T13:21:04","date_gmt":"2024-05-14T12:21:04","guid":{"rendered":"https:\/\/originltd.in-beta.dev\/?post_type=product&#038;p=11305"},"modified":"2025-10-07T15:18:42","modified_gmt":"2025-10-07T14:18:42","slug":"150ml-blue-and-green-pharma-jars","status":"publish","type":"product","link":"https:\/\/originltd.com\/fr\/product\/150ml-blue-and-green-pharma-jars\/","title":{"rendered":"Pots pharmaceutiques bleus et verts de 150 ml"},"content":{"rendered":"","protected":false},"excerpt":{"rendered":"<p>Donnez \u00e0 vos produits l'aspect sophistiqu\u00e9 d'une pharmacie avec les pots Pharma d'Origin, disponibles en bleu ou en vert.<\/p>\n<p>Fabriqu\u00e9s en verre de type III, ces bocaux prot\u00e8gent leur contenu des effets de la lumi\u00e8re UV de mani\u00e8re \u00e9l\u00e9gante.<\/p>\n<ul>\n<li>Verre USP Type III en bleu ou en vert<\/li>\n<li>R\u00e9sistant aux UV<\/li>\n<li>Apothicaire classique, aspect m\u00e9dical<\/li>\n<li>Gamme de fermetures disponibles<\/li>\n<li>recyclables \u00e0 100% ;<\/li>\n<\/ul>","protected":false},"featured_media":11291,"comment_status":"closed","ping_status":"closed","template":"","meta":{"_acf_changed":false},"product_brand":[],"product_cat":[2185,2194,2227,2223,95],"product_tag":[],"class_list":{"0":"post-11305","1":"product","2":"type-product","3":"status-publish","4":"has-post-thumbnail","6":"product_cat-cosmetic-containers","7":"product_cat-cosmetic-jars","8":"product_cat-lifestyle","9":"product_cat-skincare-bodycare","10":"product_cat-glass","12":"first","13":"instock","14":"sold-individually","15":"shipping-taxable","16":"product-type-simple"},"acf":[],"yoast_head":"<!-- This site is optimized with the Yoast SEO plugin v27.3 - https:\/\/yoast.com\/product\/yoast-seo-wordpress\/ -->\n<title>150ml Blue and Green Pharma Jars | Origin Pharma Packaging<\/title>\n<meta name=\"description\" content=\"Protect your product with Origin&#039;s 150ml blue and green pharma jars. Strong, recyclable, and elegant: order a Speedsample today!\" \/>\n<meta name=\"robots\" content=\"index, follow, max-snippet:-1, max-image-preview:large, max-video-preview:-1\" \/>\n<link rel=\"canonical\" href=\"https:\/\/originltd.com\/fr\/produit\/150ml-blue-and-green-pharma-jars\/\" \/>\n<meta property=\"og:locale\" content=\"fr_FR\" \/>\n<meta property=\"og:type\" content=\"article\" \/>\n<meta property=\"og:title\" content=\"150ml Blue and Green Pharma Jars | Origin Pharma Packaging\" \/>\n<meta property=\"og:description\" content=\"Protect your product with Origin&#039;s 150ml blue and green pharma jars. Strong, recyclable, and elegant: order a Speedsample today!\" \/>\n<meta property=\"og:url\" content=\"https:\/\/originltd.com\/fr\/produit\/150ml-blue-and-green-pharma-jars\/\" \/>\n<meta property=\"og:site_name\" content=\"Origin Pharma Packaging\" \/>\n<meta property=\"article:publisher\" content=\"https:\/\/www.facebook.com\/originpharmapackaging\" \/>\n<meta property=\"article:modified_time\" content=\"2025-10-07T14:18:42+00:00\" \/>\n<meta property=\"og:image\" content=\"https:\/\/originltd.com\/wp-content\/uploads\/2024\/05\/Blue-Pharma-100ml.jpg\" \/>\n\t<meta property=\"og:image:width\" content=\"1656\" \/>\n\t<meta property=\"og:image:height\" content=\"1673\" \/>\n\t<meta property=\"og:image:type\" content=\"image\/jpeg\" \/>\n<meta name=\"twitter:card\" content=\"summary_large_image\" \/>\n<meta name=\"twitter:site\" content=\"@originpharma\" \/>\n<meta name=\"twitter:label1\" content=\"Dur\u00e9e de lecture estim\u00e9e\" \/>\n\t<meta name=\"twitter:data1\" content=\"1 minute\" \/>\n<script type=\"application\/ld+json\" class=\"yoast-schema-graph\">{\"@context\":\"https:\\\/\\\/schema.org\",\"@graph\":[{\"@type\":\"WebPage\",\"@id\":\"https:\\\/\\\/originltd.com\\\/product\\\/150ml-blue-and-green-pharma-jars\\\/\",\"url\":\"https:\\\/\\\/originltd.com\\\/product\\\/150ml-blue-and-green-pharma-jars\\\/\",\"name\":\"150ml Blue and Green Pharma Jars | Origin Pharma Packaging\",\"isPartOf\":{\"@id\":\"https:\\\/\\\/originltd.com\\\/#website\"},\"primaryImageOfPage\":{\"@id\":\"https:\\\/\\\/originltd.com\\\/product\\\/150ml-blue-and-green-pharma-jars\\\/#primaryimage\"},\"image\":{\"@id\":\"https:\\\/\\\/originltd.com\\\/product\\\/150ml-blue-and-green-pharma-jars\\\/#primaryimage\"},\"thumbnailUrl\":\"https:\\\/\\\/originltd.com\\\/wp-content\\\/uploads\\\/2024\\\/05\\\/Blue-Pharma-100ml.jpg\",\"datePublished\":\"2024-05-14T12:21:04+00:00\",\"dateModified\":\"2025-10-07T14:18:42+00:00\",\"description\":\"Protect your product with Origin's 150ml blue and green pharma jars. Strong, recyclable, and elegant: order a Speedsample today!\",\"breadcrumb\":{\"@id\":\"https:\\\/\\\/originltd.com\\\/product\\\/150ml-blue-and-green-pharma-jars\\\/#breadcrumb\"},\"inLanguage\":\"fr-FR\",\"potentialAction\":[{\"@type\":\"ReadAction\",\"target\":[\"https:\\\/\\\/originltd.com\\\/product\\\/150ml-blue-and-green-pharma-jars\\\/\"]}]},{\"@type\":\"ImageObject\",\"inLanguage\":\"fr-FR\",\"@id\":\"https:\\\/\\\/originltd.com\\\/product\\\/150ml-blue-and-green-pharma-jars\\\/#primaryimage\",\"url\":\"https:\\\/\\\/originltd.com\\\/wp-content\\\/uploads\\\/2024\\\/05\\\/Blue-Pharma-100ml.jpg\",\"contentUrl\":\"https:\\\/\\\/originltd.com\\\/wp-content\\\/uploads\\\/2024\\\/05\\\/Blue-Pharma-100ml.jpg\",\"width\":1656,\"height\":1673,\"caption\":\"Blue Pharma Bottle 100ml\"},{\"@type\":\"BreadcrumbList\",\"@id\":\"https:\\\/\\\/originltd.com\\\/product\\\/150ml-blue-and-green-pharma-jars\\\/#breadcrumb\",\"itemListElement\":[{\"@type\":\"ListItem\",\"position\":1,\"name\":\"Home\",\"item\":\"https:\\\/\\\/originltd.com\\\/\"},{\"@type\":\"ListItem\",\"position\":2,\"name\":\"Pharmaceutical Packaging Products\",\"item\":\"https:\\\/\\\/originltd.com\\\/pharmaceutical-packaging\\\/\"},{\"@type\":\"ListItem\",\"position\":3,\"name\":\"Cosmetic Packaging\",\"item\":\"https:\\\/\\\/originltd.com\\\/packaging\\\/cosmetic-containers\\\/\"},{\"@type\":\"ListItem\",\"position\":4,\"name\":\"150ml Blue and Green Pharma Jars\"}]},{\"@type\":\"WebSite\",\"@id\":\"https:\\\/\\\/originltd.com\\\/#website\",\"url\":\"https:\\\/\\\/originltd.com\\\/\",\"name\":\"Origin Pharma Packaging\",\"description\":\"\",\"publisher\":{\"@id\":\"https:\\\/\\\/originltd.com\\\/#organization\"},\"alternateName\":\"Origin Ltd.\",\"potentialAction\":[{\"@type\":\"SearchAction\",\"target\":{\"@type\":\"EntryPoint\",\"urlTemplate\":\"https:\\\/\\\/originltd.com\\\/?s={search_term_string}\"},\"query-input\":{\"@type\":\"PropertyValueSpecification\",\"valueRequired\":true,\"valueName\":\"search_term_string\"}}],\"inLanguage\":\"fr-FR\"},{\"@type\":\"Organization\",\"@id\":\"https:\\\/\\\/originltd.com\\\/#organization\",\"name\":\"Origin Pharma Packaging\",\"url\":\"https:\\\/\\\/originltd.com\\\/\",\"logo\":{\"@type\":\"ImageObject\",\"inLanguage\":\"fr-FR\",\"@id\":\"https:\\\/\\\/originltd.com\\\/#\\\/schema\\\/logo\\\/image\\\/\",\"url\":\"https:\\\/\\\/originltd.com\\\/wp-content\\\/uploads\\\/2024\\\/06\\\/cropped-Origin-logo-For-Health-For-Life-RGB@10x.png\",\"contentUrl\":\"https:\\\/\\\/originltd.com\\\/wp-content\\\/uploads\\\/2024\\\/06\\\/cropped-Origin-logo-For-Health-For-Life-RGB@10x.png\",\"width\":227,\"height\":65,\"caption\":\"Origin Pharma Packaging\"},\"image\":{\"@id\":\"https:\\\/\\\/originltd.com\\\/#\\\/schema\\\/logo\\\/image\\\/\"},\"sameAs\":[\"https:\\\/\\\/www.facebook.com\\\/originpharmapackaging\",\"https:\\\/\\\/x.com\\\/originpharma\",\"https:\\\/\\\/www.linkedin.com\\\/company\\\/origin-packaging-ltd\\\/\",\"https:\\\/\\\/www.youtube.com\\\/channel\\\/UCOOJl3eFOiO7lJT6f5qHygA\"]}]}<\/script>\n<!-- \/ Yoast SEO plugin. -->","yoast_head_json":{"title":"Bocaux de 150ml bleu et vert | Origin Pharma Packaging","description":"Prot\u00e9gez votre produit avec les pots pharmaceutiques bleus et verts de 150 ml d'Origin. Solides, recyclables et \u00e9l\u00e9gants : commandez un Speedsample d\u00e8s aujourd'hui !","robots":{"index":"index","follow":"follow","max-snippet":"max-snippet:-1","max-image-preview":"max-image-preview:large","max-video-preview":"max-video-preview:-1"},"canonical":"https:\/\/originltd.com\/fr\/produit\/150ml-blue-and-green-pharma-jars\/","og_locale":"fr_FR","og_type":"article","og_title":"150ml Blue and Green Pharma Jars | Origin Pharma Packaging","og_description":"Protect your product with Origin's 150ml blue and green pharma jars. Strong, recyclable, and elegant: order a Speedsample today!","og_url":"https:\/\/originltd.com\/fr\/produit\/150ml-blue-and-green-pharma-jars\/","og_site_name":"Origin Pharma Packaging","article_publisher":"https:\/\/www.facebook.com\/originpharmapackaging","article_modified_time":"2025-10-07T14:18:42+00:00","og_image":[{"width":1656,"height":1673,"url":"https:\/\/originltd.com\/wp-content\/uploads\/2024\/05\/Blue-Pharma-100ml.jpg","type":"image\/jpeg"}],"twitter_card":"summary_large_image","twitter_site":"@originpharma","twitter_misc":{"Dur\u00e9e de lecture estim\u00e9e":"1 minute"},"schema":{"@context":"https:\/\/schema.org","@graph":[{"@type":"WebPage","@id":"https:\/\/originltd.com\/product\/150ml-blue-and-green-pharma-jars\/","url":"https:\/\/originltd.com\/product\/150ml-blue-and-green-pharma-jars\/","name":"Bocaux de 150ml bleu et vert | Origin Pharma Packaging","isPartOf":{"@id":"https:\/\/originltd.com\/#website"},"primaryImageOfPage":{"@id":"https:\/\/originltd.com\/product\/150ml-blue-and-green-pharma-jars\/#primaryimage"},"image":{"@id":"https:\/\/originltd.com\/product\/150ml-blue-and-green-pharma-jars\/#primaryimage"},"thumbnailUrl":"https:\/\/originltd.com\/wp-content\/uploads\/2024\/05\/Blue-Pharma-100ml.jpg","datePublished":"2024-05-14T12:21:04+00:00","dateModified":"2025-10-07T14:18:42+00:00","description":"Prot\u00e9gez votre produit avec les pots pharmaceutiques bleus et verts de 150 ml d'Origin. Solides, recyclables et \u00e9l\u00e9gants : commandez un Speedsample d\u00e8s aujourd'hui !","breadcrumb":{"@id":"https:\/\/originltd.com\/product\/150ml-blue-and-green-pharma-jars\/#breadcrumb"},"inLanguage":"fr-FR","potentialAction":[{"@type":"ReadAction","target":["https:\/\/originltd.com\/product\/150ml-blue-and-green-pharma-jars\/"]}]},{"@type":"ImageObject","inLanguage":"fr-FR","@id":"https:\/\/originltd.com\/product\/150ml-blue-and-green-pharma-jars\/#primaryimage","url":"https:\/\/originltd.com\/wp-content\/uploads\/2024\/05\/Blue-Pharma-100ml.jpg","contentUrl":"https:\/\/originltd.com\/wp-content\/uploads\/2024\/05\/Blue-Pharma-100ml.jpg","width":1656,"height":1673,"caption":"Blue Pharma Bottle 100ml"},{"@type":"BreadcrumbList","@id":"https:\/\/originltd.com\/product\/150ml-blue-and-green-pharma-jars\/#breadcrumb","itemListElement":[{"@type":"ListItem","position":1,"name":"Home","item":"https:\/\/originltd.com\/"},{"@type":"ListItem","position":2,"name":"Pharmaceutical Packaging Products","item":"https:\/\/originltd.com\/pharmaceutical-packaging\/"},{"@type":"ListItem","position":3,"name":"Cosmetic Packaging","item":"https:\/\/originltd.com\/packaging\/cosmetic-containers\/"},{"@type":"ListItem","position":4,"name":"150ml Blue and Green Pharma Jars"}]},{"@type":"WebSite","@id":"https:\/\/originltd.com\/#website","url":"https:\/\/originltd.com\/","name":"Origin Pharma Packaging","description":"","publisher":{"@id":"https:\/\/originltd.com\/#organization"},"alternateName":"Origin Ltd.","potentialAction":[{"@type":"SearchAction","target":{"@type":"EntryPoint","urlTemplate":"https:\/\/originltd.com\/?s={search_term_string}"},"query-input":{"@type":"PropertyValueSpecification","valueRequired":true,"valueName":"search_term_string"}}],"inLanguage":"fr-FR"},{"@type":"Organization","@id":"https:\/\/originltd.com\/#organization","name":"Origin Pharma Packaging","url":"https:\/\/originltd.com\/","logo":{"@type":"ImageObject","inLanguage":"fr-FR","@id":"https:\/\/originltd.com\/#\/schema\/logo\/image\/","url":"https:\/\/originltd.com\/wp-content\/uploads\/2024\/06\/cropped-Origin-logo-For-Health-For-Life-RGB@10x.png","contentUrl":"https:\/\/originltd.com\/wp-content\/uploads\/2024\/06\/cropped-Origin-logo-For-Health-For-Life-RGB@10x.png","width":227,"height":65,"caption":"Origin Pharma Packaging"},"image":{"@id":"https:\/\/originltd.com\/#\/schema\/logo\/image\/"},"sameAs":["https:\/\/www.facebook.com\/originpharmapackaging","https:\/\/x.com\/originpharma","https:\/\/www.linkedin.com\/company\/origin-packaging-ltd\/","https:\/\/www.youtube.com\/channel\/UCOOJl3eFOiO7lJT6f5qHygA"]}]}},"_links":{"self":[{"href":"https:\/\/originltd.com\/fr\/wp-json\/wp\/v2\/product\/11305","targetHints":{"allow":["GET"]}}],"collection":[{"href":"https:\/\/originltd.com\/fr\/wp-json\/wp\/v2\/product"}],"about":[{"href":"https:\/\/originltd.com\/fr\/wp-json\/wp\/v2\/types\/product"}],"replies":[{"embeddable":true,"href":"https:\/\/originltd.com\/fr\/wp-json\/wp\/v2\/comments?post=11305"}],"wp:featuredmedia":[{"embeddable":true,"href":"https:\/\/originltd.com\/fr\/wp-json\/wp\/v2\/media\/11291"}],"wp:attachment":[{"href":"https:\/\/originltd.com\/fr\/wp-json\/wp\/v2\/media?parent=11305"}],"wp:term":[{"taxonomy":"product_brand","embeddable":true,"href":"https:\/\/originltd.com\/fr\/wp-json\/wp\/v2\/product_brand?post=11305"},{"taxonomy":"product_cat","embeddable":true,"href":"https:\/\/originltd.com\/fr\/wp-json\/wp\/v2\/product_cat?post=11305"},{"taxonomy":"product_tag","embeddable":true,"href":"https:\/\/originltd.com\/fr\/wp-json\/wp\/v2\/product_tag?post=11305"}],"curies":[{"name":"wp","href":"https:\/\/api.w.org\/{rel}","templated":true}]}}