
{"id":1128,"date":"2018-02-07T16:48:18","date_gmt":"2018-02-07T16:48:18","guid":{"rendered":"https:\/\/dev.originltd.com\/product\/amber-oxford-bottles\/"},"modified":"2025-11-07T16:17:16","modified_gmt":"2025-11-07T16:17:16","slug":"amber-oxford-bottles","status":"publish","type":"product","link":"https:\/\/originltd.com\/fr\/product\/amber-oxford-bottles\/","title":{"rendered":"5ml-10ml Flacons compte-gouttes en verre ambr\u00e9 Oxford"},"content":{"rendered":"<p><span style=\"font-weight: 400;\">Nos flacons compte-gouttes Oxford en verre ambr\u00e9 sont disponibles en variantes de 5 ml et 10 ml, selon vos besoins, avec diff\u00e9rentes caract\u00e9ristiques. <\/span><a href=\"https:\/\/originltd.com\/fr\/packaging\/closures-dispensers\/\"><span style=\"font-weight: 400;\">fermeture pharmaceutique<\/span><\/a><span style=\"font-weight: 400;\"> options disponibles pour l'inviolabilit\u00e9 et la protection des enfants.<\/span><\/p>","protected":false},"excerpt":{"rendered":"<p><span style=\"font-weight: 400;\">Notre gamme de flacons compte-gouttes en verre ambr\u00e9 Oxford de 5 ml \u00e0 10 ml est id\u00e9ale pour ceux qui recherchent un produit de haute qualit\u00e9. <\/span><a href=\"https:\/\/originltd.com\/fr\/packaging\/pharmaceutical-packaging\/\"><span style=\"font-weight: 400;\">emballage pharmaceutique<\/span><\/a><span style=\"font-weight: 400;\"> ou<\/span><a href=\"https:\/\/originltd.com\/fr\/packaging\/lifestyle\/\"><span style=\"font-weight: 400;\"> emballage de produits de style de vie<\/span><\/a><span style=\"font-weight: 400;\"> option. Cette bouteille polyvalente est con\u00e7ue pour \u00eatre utilis\u00e9e dans diverses applications et industries gr\u00e2ce \u00e0 ses propri\u00e9t\u00e9s universelles. Son verre ambr\u00e9 USP Type III est \u00e0 la fois durable et protecteur contre les rayons UV, ce qui garantit une protection fiable de son contenu.<\/span><\/p>\n<h3><span style=\"font-weight: 400;\">Caract\u00e9ristiques principales :<\/span><\/h3>\n<ul>\n<li style=\"font-weight: 400;\" aria-level=\"1\"><span style=\"font-weight: 400;\">Multiple <\/span><span style=\"font-weight: 400;\">options de compte-gouttes disponibles<\/span><\/li>\n<li style=\"font-weight: 400;\" aria-level=\"1\"><span style=\"font-weight: 400;\">Verre ambr\u00e9 USP de type III ;<\/span><\/li>\n<li style=\"font-weight: 400;\" aria-level=\"1\"><span style=\"font-weight: 400;\">Protection contre la d\u00e9gradation due aux UV<\/span><\/li>\n<li style=\"font-weight: 400;\" aria-level=\"1\"><a href=\"https:\/\/originltd.com\/fr\/packaging\/tamper-proof\/\"><span style=\"font-weight: 400;\">Emballage inviolable<\/span><\/a><span style=\"font-weight: 400;\"> mais aussi <\/span><a href=\"https:\/\/originltd.com\/fr\/packaging\/child-resistant-packaging\/\"><span style=\"font-weight: 400;\">emballage \u00e0 l'\u00e9preuve des enfants<\/span><\/a><span style=\"font-weight: 400;\"> options<\/span><\/li>\n<\/ul>\n<h3><span style=\"font-weight: 400;\">Utilisations appropri\u00e9es :<\/span><\/h3>\n<ul>\n<li style=\"font-weight: 400;\" aria-level=\"1\"><span style=\"font-weight: 400;\">Stockage d'huiles essentielles, de m\u00e9dicaments, d'huiles de parfum, de produits \u00e0 base de CBD et d'applications alternatives.<\/span><\/li>\n<li style=\"font-weight: 400;\" aria-level=\"1\"><span style=\"font-weight: 400;\">A utiliser comme <\/span><a href=\"https:\/\/originltd.com\/fr\/packaging\/health-wellbeing-packaging\/\"><span style=\"font-weight: 400;\">emballage de produits de bien-\u00eatre<\/span><\/a><\/li>\n<li style=\"font-weight: 400;\" aria-level=\"1\"><span style=\"font-weight: 400;\">A utiliser comme <\/span><a href=\"https:\/\/originltd.com\/fr\/packaging\/cosmetic-containers\/\"><span style=\"font-weight: 400;\">emballage cosm\u00e9tique<\/span><\/a><\/li>\n<li style=\"font-weight: 400;\" aria-level=\"1\">A utiliser comme <a href=\"https:\/\/originltd.com\/fr\/packaging\/pharmaceutical-packaging\/\">emballage pharmaceutique<\/a><\/li>\n<\/ul>","protected":false},"featured_media":3394,"comment_status":"open","ping_status":"closed","template":"","meta":{"_acf_changed":false},"product_brand":[],"product_cat":[2213,2180,2224,2185,102,119,2225,2227,2228,2226,2223,103,95],"product_tag":[],"class_list":{"0":"post-1128","1":"product","2":"type-product","3":"status-publish","4":"has-post-thumbnail","6":"product_cat-amber-glass-bottles","7":"product_cat-amber-bottles","8":"product_cat-cbd","9":"product_cat-cosmetic-containers","10":"product_cat-glass-bottles","11":"product_cat-cosmetic-bottles","12":"product_cat-home-fragrance","13":"product_cat-lifestyle","14":"product_cat-perfume","15":"product_cat-personal-fragrance","16":"product_cat-skincare-bodycare","17":"product_cat-glass-dropper-bottles","18":"product_cat-glass","20":"first","21":"instock","22":"sold-individually","23":"shipping-taxable","24":"purchasable","25":"product-type-simple"},"acf":[],"yoast_head":"<!-- This site is optimized with the Yoast SEO plugin v27.4 - https:\/\/yoast.com\/product\/yoast-seo-wordpress\/ -->\n<title>5ml-10ml Oxford Amber Glass Dropper Bottles | Origin Packaging<\/title>\n<meta name=\"description\" content=\"Order 5ml-10ml Oxford amber glass dropper bottles at Origin. These versatile bottles offer UV protection, with tamper- and childproof options available.\" \/>\n<meta name=\"robots\" content=\"index, follow, max-snippet:-1, max-image-preview:large, max-video-preview:-1\" \/>\n<link rel=\"canonical\" href=\"https:\/\/originltd.com\/fr\/produit\/amber-oxford-bottles\/\" \/>\n<meta property=\"og:locale\" content=\"fr_FR\" \/>\n<meta property=\"og:type\" content=\"article\" \/>\n<meta property=\"og:title\" content=\"5ml-10ml Oxford Amber Glass Dropper Bottles | Origin Packaging\" \/>\n<meta property=\"og:description\" content=\"Order 5ml-10ml Oxford amber glass dropper bottles at Origin. These versatile bottles offer UV protection, with tamper- and childproof options available.\" \/>\n<meta property=\"og:url\" content=\"https:\/\/originltd.com\/fr\/produit\/amber-oxford-bottles\/\" \/>\n<meta property=\"og:site_name\" content=\"Origin Pharma Packaging\" \/>\n<meta property=\"article:publisher\" content=\"https:\/\/www.facebook.com\/originpharmapackaging\" \/>\n<meta property=\"article:modified_time\" content=\"2025-11-07T16:17:16+00:00\" \/>\n<meta property=\"og:image\" content=\"https:\/\/originltd.com\/wp-content\/uploads\/2018\/03\/amber-glass-dropper-oxford-scaled.jpg\" \/>\n\t<meta property=\"og:image:width\" content=\"1707\" \/>\n\t<meta property=\"og:image:height\" content=\"2560\" \/>\n\t<meta property=\"og:image:type\" content=\"image\/jpeg\" \/>\n<meta name=\"twitter:card\" content=\"summary_large_image\" \/>\n<meta name=\"twitter:site\" content=\"@originpharma\" \/>\n<meta name=\"twitter:label1\" content=\"Dur\u00e9e de lecture estim\u00e9e\" \/>\n\t<meta name=\"twitter:data1\" content=\"1 minute\" \/>\n<script type=\"application\/ld+json\" class=\"yoast-schema-graph\">{\"@context\":\"https:\\\/\\\/schema.org\",\"@graph\":[{\"@type\":\"WebPage\",\"@id\":\"https:\\\/\\\/originltd.com\\\/product\\\/amber-oxford-bottles\\\/\",\"url\":\"https:\\\/\\\/originltd.com\\\/product\\\/amber-oxford-bottles\\\/\",\"name\":\"5ml-10ml Oxford Amber Glass Dropper Bottles | Origin Packaging\",\"isPartOf\":{\"@id\":\"https:\\\/\\\/originltd.com\\\/#website\"},\"primaryImageOfPage\":{\"@id\":\"https:\\\/\\\/originltd.com\\\/product\\\/amber-oxford-bottles\\\/#primaryimage\"},\"image\":{\"@id\":\"https:\\\/\\\/originltd.com\\\/product\\\/amber-oxford-bottles\\\/#primaryimage\"},\"thumbnailUrl\":\"https:\\\/\\\/originltd.com\\\/wp-content\\\/uploads\\\/2018\\\/03\\\/amber-glass-dropper-oxford-scaled.jpg\",\"datePublished\":\"2018-02-07T16:48:18+00:00\",\"dateModified\":\"2025-11-07T16:17:16+00:00\",\"description\":\"Order 5ml-10ml Oxford amber glass dropper bottles at Origin. These versatile bottles offer UV protection, with tamper- and childproof options available.\",\"breadcrumb\":{\"@id\":\"https:\\\/\\\/originltd.com\\\/product\\\/amber-oxford-bottles\\\/#breadcrumb\"},\"inLanguage\":\"fr-FR\",\"potentialAction\":[{\"@type\":\"ReadAction\",\"target\":[\"https:\\\/\\\/originltd.com\\\/product\\\/amber-oxford-bottles\\\/\"]}]},{\"@type\":\"ImageObject\",\"inLanguage\":\"fr-FR\",\"@id\":\"https:\\\/\\\/originltd.com\\\/product\\\/amber-oxford-bottles\\\/#primaryimage\",\"url\":\"https:\\\/\\\/originltd.com\\\/wp-content\\\/uploads\\\/2018\\\/03\\\/amber-glass-dropper-oxford-scaled.jpg\",\"contentUrl\":\"https:\\\/\\\/originltd.com\\\/wp-content\\\/uploads\\\/2018\\\/03\\\/amber-glass-dropper-oxford-scaled.jpg\",\"width\":1707,\"height\":2560,\"caption\":\"Amber glass dropper bottle\"},{\"@type\":\"BreadcrumbList\",\"@id\":\"https:\\\/\\\/originltd.com\\\/product\\\/amber-oxford-bottles\\\/#breadcrumb\",\"itemListElement\":[{\"@type\":\"ListItem\",\"position\":1,\"name\":\"Home\",\"item\":\"https:\\\/\\\/originltd.com\\\/\"},{\"@type\":\"ListItem\",\"position\":2,\"name\":\"Pharmaceutical Packaging Products\",\"item\":\"https:\\\/\\\/originltd.com\\\/pharmaceutical-packaging\\\/\"},{\"@type\":\"ListItem\",\"position\":3,\"name\":\"Cosmetic Packaging\",\"item\":\"https:\\\/\\\/originltd.com\\\/packaging\\\/cosmetic-containers\\\/\"},{\"@type\":\"ListItem\",\"position\":4,\"name\":\"5ml-10ml Oxford Amber Glass Dropper Bottles\"}]},{\"@type\":\"WebSite\",\"@id\":\"https:\\\/\\\/originltd.com\\\/#website\",\"url\":\"https:\\\/\\\/originltd.com\\\/\",\"name\":\"Origin Pharma Packaging\",\"description\":\"\",\"publisher\":{\"@id\":\"https:\\\/\\\/originltd.com\\\/#organization\"},\"alternateName\":\"Origin Ltd.\",\"potentialAction\":[{\"@type\":\"SearchAction\",\"target\":{\"@type\":\"EntryPoint\",\"urlTemplate\":\"https:\\\/\\\/originltd.com\\\/?s={search_term_string}\"},\"query-input\":{\"@type\":\"PropertyValueSpecification\",\"valueRequired\":true,\"valueName\":\"search_term_string\"}}],\"inLanguage\":\"fr-FR\"},{\"@type\":\"Organization\",\"@id\":\"https:\\\/\\\/originltd.com\\\/#organization\",\"name\":\"Origin Pharma Packaging\",\"url\":\"https:\\\/\\\/originltd.com\\\/\",\"logo\":{\"@type\":\"ImageObject\",\"inLanguage\":\"fr-FR\",\"@id\":\"https:\\\/\\\/originltd.com\\\/#\\\/schema\\\/logo\\\/image\\\/\",\"url\":\"https:\\\/\\\/originltd.com\\\/wp-content\\\/uploads\\\/2024\\\/06\\\/cropped-Origin-logo-For-Health-For-Life-RGB@10x.png\",\"contentUrl\":\"https:\\\/\\\/originltd.com\\\/wp-content\\\/uploads\\\/2024\\\/06\\\/cropped-Origin-logo-For-Health-For-Life-RGB@10x.png\",\"width\":227,\"height\":65,\"caption\":\"Origin Pharma Packaging\"},\"image\":{\"@id\":\"https:\\\/\\\/originltd.com\\\/#\\\/schema\\\/logo\\\/image\\\/\"},\"sameAs\":[\"https:\\\/\\\/www.facebook.com\\\/originpharmapackaging\",\"https:\\\/\\\/x.com\\\/originpharma\",\"https:\\\/\\\/www.linkedin.com\\\/company\\\/origin-packaging-ltd\\\/\",\"https:\\\/\\\/www.youtube.com\\\/channel\\\/UCOOJl3eFOiO7lJT6f5qHygA\"]}]}<\/script>\n<!-- \/ Yoast SEO plugin. -->","yoast_head_json":{"title":"5ml-10ml Flacons compte-gouttes en verre ambr\u00e9 Oxford | Origin Packaging","description":"Commandez des flacons compte-gouttes en verre ambr\u00e9 Oxford de 5 ml \u00e0 10 ml chez Origin. Ces flacons polyvalents offrent une protection contre les UV, avec des options d'inviolabilit\u00e9 et de s\u00e9curit\u00e9 pour les enfants.","robots":{"index":"index","follow":"follow","max-snippet":"max-snippet:-1","max-image-preview":"max-image-preview:large","max-video-preview":"max-video-preview:-1"},"canonical":"https:\/\/originltd.com\/fr\/produit\/amber-oxford-bottles\/","og_locale":"fr_FR","og_type":"article","og_title":"5ml-10ml Oxford Amber Glass Dropper Bottles | Origin Packaging","og_description":"Order 5ml-10ml Oxford amber glass dropper bottles at Origin. These versatile bottles offer UV protection, with tamper- and childproof options available.","og_url":"https:\/\/originltd.com\/fr\/produit\/amber-oxford-bottles\/","og_site_name":"Origin Pharma Packaging","article_publisher":"https:\/\/www.facebook.com\/originpharmapackaging","article_modified_time":"2025-11-07T16:17:16+00:00","og_image":[{"width":1707,"height":2560,"url":"https:\/\/originltd.com\/wp-content\/uploads\/2018\/03\/amber-glass-dropper-oxford-scaled.jpg","type":"image\/jpeg"}],"twitter_card":"summary_large_image","twitter_site":"@originpharma","twitter_misc":{"Dur\u00e9e de lecture estim\u00e9e":"1 minute"},"schema":{"@context":"https:\/\/schema.org","@graph":[{"@type":"WebPage","@id":"https:\/\/originltd.com\/product\/amber-oxford-bottles\/","url":"https:\/\/originltd.com\/product\/amber-oxford-bottles\/","name":"5ml-10ml Flacons compte-gouttes en verre ambr\u00e9 Oxford | Origin Packaging","isPartOf":{"@id":"https:\/\/originltd.com\/#website"},"primaryImageOfPage":{"@id":"https:\/\/originltd.com\/product\/amber-oxford-bottles\/#primaryimage"},"image":{"@id":"https:\/\/originltd.com\/product\/amber-oxford-bottles\/#primaryimage"},"thumbnailUrl":"https:\/\/originltd.com\/wp-content\/uploads\/2018\/03\/amber-glass-dropper-oxford-scaled.jpg","datePublished":"2018-02-07T16:48:18+00:00","dateModified":"2025-11-07T16:17:16+00:00","description":"Commandez des flacons compte-gouttes en verre ambr\u00e9 Oxford de 5 ml \u00e0 10 ml chez Origin. Ces flacons polyvalents offrent une protection contre les UV, avec des options d'inviolabilit\u00e9 et de s\u00e9curit\u00e9 pour les enfants.","breadcrumb":{"@id":"https:\/\/originltd.com\/product\/amber-oxford-bottles\/#breadcrumb"},"inLanguage":"fr-FR","potentialAction":[{"@type":"ReadAction","target":["https:\/\/originltd.com\/product\/amber-oxford-bottles\/"]}]},{"@type":"ImageObject","inLanguage":"fr-FR","@id":"https:\/\/originltd.com\/product\/amber-oxford-bottles\/#primaryimage","url":"https:\/\/originltd.com\/wp-content\/uploads\/2018\/03\/amber-glass-dropper-oxford-scaled.jpg","contentUrl":"https:\/\/originltd.com\/wp-content\/uploads\/2018\/03\/amber-glass-dropper-oxford-scaled.jpg","width":1707,"height":2560,"caption":"Amber glass dropper bottle"},{"@type":"BreadcrumbList","@id":"https:\/\/originltd.com\/product\/amber-oxford-bottles\/#breadcrumb","itemListElement":[{"@type":"ListItem","position":1,"name":"Home","item":"https:\/\/originltd.com\/"},{"@type":"ListItem","position":2,"name":"Pharmaceutical Packaging Products","item":"https:\/\/originltd.com\/pharmaceutical-packaging\/"},{"@type":"ListItem","position":3,"name":"Cosmetic Packaging","item":"https:\/\/originltd.com\/packaging\/cosmetic-containers\/"},{"@type":"ListItem","position":4,"name":"5ml-10ml Oxford Amber Glass Dropper Bottles"}]},{"@type":"WebSite","@id":"https:\/\/originltd.com\/#website","url":"https:\/\/originltd.com\/","name":"Origin Pharma Packaging","description":"","publisher":{"@id":"https:\/\/originltd.com\/#organization"},"alternateName":"Origin Ltd.","potentialAction":[{"@type":"SearchAction","target":{"@type":"EntryPoint","urlTemplate":"https:\/\/originltd.com\/?s={search_term_string}"},"query-input":{"@type":"PropertyValueSpecification","valueRequired":true,"valueName":"search_term_string"}}],"inLanguage":"fr-FR"},{"@type":"Organization","@id":"https:\/\/originltd.com\/#organization","name":"Origin Pharma Packaging","url":"https:\/\/originltd.com\/","logo":{"@type":"ImageObject","inLanguage":"fr-FR","@id":"https:\/\/originltd.com\/#\/schema\/logo\/image\/","url":"https:\/\/originltd.com\/wp-content\/uploads\/2024\/06\/cropped-Origin-logo-For-Health-For-Life-RGB@10x.png","contentUrl":"https:\/\/originltd.com\/wp-content\/uploads\/2024\/06\/cropped-Origin-logo-For-Health-For-Life-RGB@10x.png","width":227,"height":65,"caption":"Origin Pharma Packaging"},"image":{"@id":"https:\/\/originltd.com\/#\/schema\/logo\/image\/"},"sameAs":["https:\/\/www.facebook.com\/originpharmapackaging","https:\/\/x.com\/originpharma","https:\/\/www.linkedin.com\/company\/origin-packaging-ltd\/","https:\/\/www.youtube.com\/channel\/UCOOJl3eFOiO7lJT6f5qHygA"]}]}},"_links":{"self":[{"href":"https:\/\/originltd.com\/fr\/wp-json\/wp\/v2\/product\/1128","targetHints":{"allow":["GET"]}}],"collection":[{"href":"https:\/\/originltd.com\/fr\/wp-json\/wp\/v2\/product"}],"about":[{"href":"https:\/\/originltd.com\/fr\/wp-json\/wp\/v2\/types\/product"}],"replies":[{"embeddable":true,"href":"https:\/\/originltd.com\/fr\/wp-json\/wp\/v2\/comments?post=1128"}],"wp:featuredmedia":[{"embeddable":true,"href":"https:\/\/originltd.com\/fr\/wp-json\/wp\/v2\/media\/3394"}],"wp:attachment":[{"href":"https:\/\/originltd.com\/fr\/wp-json\/wp\/v2\/media?parent=1128"}],"wp:term":[{"taxonomy":"product_brand","embeddable":true,"href":"https:\/\/originltd.com\/fr\/wp-json\/wp\/v2\/product_brand?post=1128"},{"taxonomy":"product_cat","embeddable":true,"href":"https:\/\/originltd.com\/fr\/wp-json\/wp\/v2\/product_cat?post=1128"},{"taxonomy":"product_tag","embeddable":true,"href":"https:\/\/originltd.com\/fr\/wp-json\/wp\/v2\/product_tag?post=1128"}],"curies":[{"name":"wp","href":"https:\/\/api.w.org\/{rel}","templated":true}]}}