
{"id":1124,"date":"2018-02-07T16:47:47","date_gmt":"2018-02-07T16:47:47","guid":{"rendered":"https:\/\/dev.originltd.com\/?post_type=product&#038;p=1124"},"modified":"2025-07-07T11:40:55","modified_gmt":"2025-07-07T10:40:55","slug":"pet-tablet-packaging","status":"publish","type":"product","link":"https:\/\/originltd.com\/fr\/product\/pet-tablet-packaging\/","title":{"rendered":"Flacons de comprim\u00e9s PET 25ml-200ml"},"content":{"rendered":"<p><span style=\"font-weight: 400;\">Nos flacons de comprim\u00e9s en PET sont disponibles dans de nombreuses tailles, allant de 25 ml \u00e0 200 ml. Ils sont \u00e9galement disponibles en diff\u00e9rentes tailles de col. <\/span><\/p>","protected":false},"excerpt":{"rendered":"<p><span style=\"font-weight: 400;\">Nos flacons de comprim\u00e9s en PET de 25 ml \u00e0 200 ml constituent la solution id\u00e9ale. <\/span><a href=\"https:\/\/originltd.com\/fr\/packaging\/pharmacy-packaging\/\"><span style=\"font-weight: 400;\">emballage des produits pharmaceutiques<\/span><\/a><span style=\"font-weight: 400;\"> pour les m\u00e9dicaments \u00e0 dose solide pour <\/span><a href=\"https:\/\/originltd.com\/fr\/packaging\/pharmaceutical-packaging\/\"><span style=\"font-weight: 400;\">emballage pharmaceutique en gros<\/span><\/a><span style=\"font-weight: 400;\">. Les flacons de comprim\u00e9s en PET de 25 ml \u00e0 200 ml garantissent la s\u00e9curit\u00e9 du m\u00e9dicament.<\/span><span style=\"font-weight: 400;\"> Cette combinaison sp\u00e9cifique de bouteille et de bouchon est disponible en huit tailles.<\/span><\/p>\n<h3><span style=\"font-weight: 400;\">Caract\u00e9ristiques principales :<\/span><\/h3>\n<ul>\n<li style=\"font-weight: 400;\" aria-level=\"1\"><span style=\"font-weight: 400;\">autres coloris disponibles ;<\/span><\/li>\n<li style=\"font-weight: 400;\" aria-level=\"1\"><span style=\"font-weight: 400;\">PET ambr\u00e9 en standard - offre une protection UV \u00e0 votre produit \u00e0 l'int\u00e9rieur de la bouteille<\/span><\/li>\n<li style=\"font-weight: 400;\" aria-level=\"1\"><span style=\"font-weight: 400;\">Optionnellement pr\u00e9-capuchonn\u00e9 avec des fermetures de s\u00e9curit\u00e9 pour les enfants<\/span><\/li>\n<li style=\"font-weight: 400;\" aria-level=\"1\"><span style=\"font-weight: 400;\">Codage de la tra\u00e7abilit\u00e9 des UV<\/span><\/li>\n<\/ul>\n<h3><span style=\"font-weight: 400;\">Utilisations appropri\u00e9es :<\/span><\/h3>\n<ul>\n<li style=\"font-weight: 400;\" aria-level=\"1\"><span style=\"font-weight: 400;\">Conservation des comprim\u00e9s et des g\u00e9lules<\/span><\/li>\n<li style=\"font-weight: 400;\" aria-level=\"1\"><span style=\"font-weight: 400;\">Conservation des m\u00e9dicaments sensibles \u00e0 la lumi\u00e8re<\/span><\/li>\n<\/ul>","protected":false},"featured_media":4265,"comment_status":"open","ping_status":"closed","template":"","meta":{"_acf_changed":false},"product_brand":[],"product_cat":[2207,107,2206,2169,96,2188],"product_tag":[],"class_list":{"0":"post-1124","1":"product","2":"type-product","3":"status-publish","4":"has-post-thumbnail","6":"product_cat-health-wellbeing-packaging","7":"product_cat-pet-bottles","8":"product_cat-pharmaceutical-packaging","9":"product_cat-pharmacy-packaging","10":"product_cat-plastic","11":"product_cat-round-bottles","13":"first","14":"instock","15":"sold-individually","16":"shipping-taxable","17":"purchasable","18":"product-type-simple"},"acf":[],"yoast_head":"<!-- This site is optimized with the Yoast SEO plugin v27.4 - https:\/\/yoast.com\/product\/yoast-seo-wordpress\/ -->\n<title>25ml\u2013200ml PET Tablet Bottles | Origin Pharma Packaging<\/title>\n<meta name=\"description\" content=\"Explore our selection of 25ml-200ml PET tablet bottles at Origin. These bottles are perfect for carrying doses of medicine with child-resistant closures.\" \/>\n<meta name=\"robots\" content=\"index, follow, max-snippet:-1, max-image-preview:large, max-video-preview:-1\" \/>\n<link rel=\"canonical\" href=\"https:\/\/originltd.com\/fr\/produit\/pet-tablet-packaging\/\" \/>\n<meta property=\"og:locale\" content=\"fr_FR\" \/>\n<meta property=\"og:type\" content=\"article\" \/>\n<meta property=\"og:title\" content=\"25ml\u2013200ml PET Tablet Bottles | Origin Pharma Packaging\" \/>\n<meta property=\"og:description\" content=\"Explore our selection of 25ml-200ml PET tablet bottles at Origin. These bottles are perfect for carrying doses of medicine with child-resistant closures.\" \/>\n<meta property=\"og:url\" content=\"https:\/\/originltd.com\/fr\/produit\/pet-tablet-packaging\/\" \/>\n<meta property=\"og:site_name\" content=\"Origin Pharma Packaging\" \/>\n<meta property=\"article:publisher\" content=\"https:\/\/www.facebook.com\/originpharmapackaging\" \/>\n<meta property=\"article:modified_time\" content=\"2025-07-07T10:40:55+00:00\" \/>\n<meta property=\"og:image\" content=\"https:\/\/originltd.com\/wp-content\/uploads\/2018\/02\/rjYDKnTU-scaled.jpeg\" \/>\n\t<meta property=\"og:image:width\" content=\"1707\" \/>\n\t<meta property=\"og:image:height\" content=\"2560\" \/>\n\t<meta property=\"og:image:type\" content=\"image\/jpeg\" \/>\n<meta name=\"twitter:card\" content=\"summary_large_image\" \/>\n<meta name=\"twitter:site\" content=\"@originpharma\" \/>\n<meta name=\"twitter:label1\" content=\"Dur\u00e9e de lecture estim\u00e9e\" \/>\n\t<meta name=\"twitter:data1\" content=\"1 minute\" \/>\n<script type=\"application\/ld+json\" class=\"yoast-schema-graph\">{\"@context\":\"https:\\\/\\\/schema.org\",\"@graph\":[{\"@type\":\"WebPage\",\"@id\":\"https:\\\/\\\/originltd.com\\\/de\\\/produkt\\\/pet-tablet-packaging\\\/\",\"url\":\"https:\\\/\\\/originltd.com\\\/de\\\/produkt\\\/pet-tablet-packaging\\\/\",\"name\":\"25ml\u2013200ml PET Tablet Bottles | Origin Pharma Packaging\",\"isPartOf\":{\"@id\":\"https:\\\/\\\/originltd.com\\\/#website\"},\"primaryImageOfPage\":{\"@id\":\"https:\\\/\\\/originltd.com\\\/de\\\/produkt\\\/pet-tablet-packaging\\\/#primaryimage\"},\"image\":{\"@id\":\"https:\\\/\\\/originltd.com\\\/de\\\/produkt\\\/pet-tablet-packaging\\\/#primaryimage\"},\"thumbnailUrl\":\"https:\\\/\\\/originltd.com\\\/wp-content\\\/uploads\\\/2018\\\/02\\\/rjYDKnTU-scaled.jpeg\",\"datePublished\":\"2018-02-07T16:47:47+00:00\",\"dateModified\":\"2025-07-07T10:40:55+00:00\",\"description\":\"Explore our selection of 25ml-200ml PET tablet bottles at Origin. These bottles are perfect for carrying doses of medicine with child-resistant closures.\",\"breadcrumb\":{\"@id\":\"https:\\\/\\\/originltd.com\\\/de\\\/produkt\\\/pet-tablet-packaging\\\/#breadcrumb\"},\"inLanguage\":\"fr-FR\",\"potentialAction\":[{\"@type\":\"ReadAction\",\"target\":[\"https:\\\/\\\/originltd.com\\\/de\\\/produkt\\\/pet-tablet-packaging\\\/\"]}]},{\"@type\":\"ImageObject\",\"inLanguage\":\"fr-FR\",\"@id\":\"https:\\\/\\\/originltd.com\\\/de\\\/produkt\\\/pet-tablet-packaging\\\/#primaryimage\",\"url\":\"https:\\\/\\\/originltd.com\\\/wp-content\\\/uploads\\\/2018\\\/02\\\/rjYDKnTU-scaled.jpeg\",\"contentUrl\":\"https:\\\/\\\/originltd.com\\\/wp-content\\\/uploads\\\/2018\\\/02\\\/rjYDKnTU-scaled.jpeg\",\"width\":1707,\"height\":2560,\"caption\":\"PET tablet packaging\"},{\"@type\":\"BreadcrumbList\",\"@id\":\"https:\\\/\\\/originltd.com\\\/de\\\/produkt\\\/pet-tablet-packaging\\\/#breadcrumb\",\"itemListElement\":[{\"@type\":\"ListItem\",\"position\":1,\"name\":\"Home\",\"item\":\"https:\\\/\\\/originltd.com\\\/\"},{\"@type\":\"ListItem\",\"position\":2,\"name\":\"Pharmaceutical Packaging Products\",\"item\":\"https:\\\/\\\/originltd.com\\\/pharmaceutical-packaging\\\/\"},{\"@type\":\"ListItem\",\"position\":3,\"name\":\"Plastic Packaging\",\"item\":\"https:\\\/\\\/originltd.com\\\/packaging\\\/plastic\\\/\"},{\"@type\":\"ListItem\",\"position\":4,\"name\":\"25ml-200ml PET Tablet Bottles\"}]},{\"@type\":\"WebSite\",\"@id\":\"https:\\\/\\\/originltd.com\\\/#website\",\"url\":\"https:\\\/\\\/originltd.com\\\/\",\"name\":\"Origin Pharma Packaging\",\"description\":\"\",\"publisher\":{\"@id\":\"https:\\\/\\\/originltd.com\\\/#organization\"},\"alternateName\":\"Origin Ltd.\",\"potentialAction\":[{\"@type\":\"SearchAction\",\"target\":{\"@type\":\"EntryPoint\",\"urlTemplate\":\"https:\\\/\\\/originltd.com\\\/?s={search_term_string}\"},\"query-input\":{\"@type\":\"PropertyValueSpecification\",\"valueRequired\":true,\"valueName\":\"search_term_string\"}}],\"inLanguage\":\"fr-FR\"},{\"@type\":\"Organization\",\"@id\":\"https:\\\/\\\/originltd.com\\\/#organization\",\"name\":\"Origin Pharma Packaging\",\"url\":\"https:\\\/\\\/originltd.com\\\/\",\"logo\":{\"@type\":\"ImageObject\",\"inLanguage\":\"fr-FR\",\"@id\":\"https:\\\/\\\/originltd.com\\\/#\\\/schema\\\/logo\\\/image\\\/\",\"url\":\"https:\\\/\\\/originltd.com\\\/wp-content\\\/uploads\\\/2024\\\/06\\\/cropped-Origin-logo-For-Health-For-Life-RGB@10x.png\",\"contentUrl\":\"https:\\\/\\\/originltd.com\\\/wp-content\\\/uploads\\\/2024\\\/06\\\/cropped-Origin-logo-For-Health-For-Life-RGB@10x.png\",\"width\":227,\"height\":65,\"caption\":\"Origin Pharma Packaging\"},\"image\":{\"@id\":\"https:\\\/\\\/originltd.com\\\/#\\\/schema\\\/logo\\\/image\\\/\"},\"sameAs\":[\"https:\\\/\\\/www.facebook.com\\\/originpharmapackaging\",\"https:\\\/\\\/x.com\\\/originpharma\",\"https:\\\/\\\/www.linkedin.com\\\/company\\\/origin-packaging-ltd\\\/\",\"https:\\\/\\\/www.youtube.com\\\/channel\\\/UCOOJl3eFOiO7lJT6f5qHygA\"]}]}<\/script>\n<!-- \/ Yoast SEO plugin. -->","yoast_head_json":{"title":"Bouteilles de comprim\u00e9s en PET 25ml-200ml | Origin Pharma Packaging","description":"D\u00e9couvrez notre s\u00e9lection de flacons pour comprim\u00e9s en PET de 25 ml \u00e0 200 ml chez Origin. Ces flacons sont parfaits pour transporter des doses de m\u00e9dicaments et sont dot\u00e9s d'une fermeture de s\u00e9curit\u00e9 pour les enfants.","robots":{"index":"index","follow":"follow","max-snippet":"max-snippet:-1","max-image-preview":"max-image-preview:large","max-video-preview":"max-video-preview:-1"},"canonical":"https:\/\/originltd.com\/fr\/produit\/pet-tablet-packaging\/","og_locale":"fr_FR","og_type":"article","og_title":"25ml\u2013200ml PET Tablet Bottles | Origin Pharma Packaging","og_description":"Explore our selection of 25ml-200ml PET tablet bottles at Origin. These bottles are perfect for carrying doses of medicine with child-resistant closures.","og_url":"https:\/\/originltd.com\/fr\/produit\/pet-tablet-packaging\/","og_site_name":"Origin Pharma Packaging","article_publisher":"https:\/\/www.facebook.com\/originpharmapackaging","article_modified_time":"2025-07-07T10:40:55+00:00","og_image":[{"width":1707,"height":2560,"url":"https:\/\/originltd.com\/wp-content\/uploads\/2018\/02\/rjYDKnTU-scaled.jpeg","type":"image\/jpeg"}],"twitter_card":"summary_large_image","twitter_site":"@originpharma","twitter_misc":{"Dur\u00e9e de lecture estim\u00e9e":"1 minute"},"schema":{"@context":"https:\/\/schema.org","@graph":[{"@type":"WebPage","@id":"https:\/\/originltd.com\/de\/produkt\/pet-tablet-packaging\/","url":"https:\/\/originltd.com\/de\/produkt\/pet-tablet-packaging\/","name":"Bouteilles de comprim\u00e9s en PET 25ml-200ml | Origin Pharma Packaging","isPartOf":{"@id":"https:\/\/originltd.com\/#website"},"primaryImageOfPage":{"@id":"https:\/\/originltd.com\/de\/produkt\/pet-tablet-packaging\/#primaryimage"},"image":{"@id":"https:\/\/originltd.com\/de\/produkt\/pet-tablet-packaging\/#primaryimage"},"thumbnailUrl":"https:\/\/originltd.com\/wp-content\/uploads\/2018\/02\/rjYDKnTU-scaled.jpeg","datePublished":"2018-02-07T16:47:47+00:00","dateModified":"2025-07-07T10:40:55+00:00","description":"D\u00e9couvrez notre s\u00e9lection de flacons pour comprim\u00e9s en PET de 25 ml \u00e0 200 ml chez Origin. Ces flacons sont parfaits pour transporter des doses de m\u00e9dicaments et sont dot\u00e9s d'une fermeture de s\u00e9curit\u00e9 pour les enfants.","breadcrumb":{"@id":"https:\/\/originltd.com\/de\/produkt\/pet-tablet-packaging\/#breadcrumb"},"inLanguage":"fr-FR","potentialAction":[{"@type":"ReadAction","target":["https:\/\/originltd.com\/de\/produkt\/pet-tablet-packaging\/"]}]},{"@type":"ImageObject","inLanguage":"fr-FR","@id":"https:\/\/originltd.com\/de\/produkt\/pet-tablet-packaging\/#primaryimage","url":"https:\/\/originltd.com\/wp-content\/uploads\/2018\/02\/rjYDKnTU-scaled.jpeg","contentUrl":"https:\/\/originltd.com\/wp-content\/uploads\/2018\/02\/rjYDKnTU-scaled.jpeg","width":1707,"height":2560,"caption":"PET tablet packaging"},{"@type":"BreadcrumbList","@id":"https:\/\/originltd.com\/de\/produkt\/pet-tablet-packaging\/#breadcrumb","itemListElement":[{"@type":"ListItem","position":1,"name":"Home","item":"https:\/\/originltd.com\/"},{"@type":"ListItem","position":2,"name":"Pharmaceutical Packaging Products","item":"https:\/\/originltd.com\/pharmaceutical-packaging\/"},{"@type":"ListItem","position":3,"name":"Plastic Packaging","item":"https:\/\/originltd.com\/packaging\/plastic\/"},{"@type":"ListItem","position":4,"name":"25ml-200ml PET Tablet Bottles"}]},{"@type":"WebSite","@id":"https:\/\/originltd.com\/#website","url":"https:\/\/originltd.com\/","name":"Origin Pharma Packaging","description":"","publisher":{"@id":"https:\/\/originltd.com\/#organization"},"alternateName":"Origin Ltd.","potentialAction":[{"@type":"SearchAction","target":{"@type":"EntryPoint","urlTemplate":"https:\/\/originltd.com\/?s={search_term_string}"},"query-input":{"@type":"PropertyValueSpecification","valueRequired":true,"valueName":"search_term_string"}}],"inLanguage":"fr-FR"},{"@type":"Organization","@id":"https:\/\/originltd.com\/#organization","name":"Origin Pharma Packaging","url":"https:\/\/originltd.com\/","logo":{"@type":"ImageObject","inLanguage":"fr-FR","@id":"https:\/\/originltd.com\/#\/schema\/logo\/image\/","url":"https:\/\/originltd.com\/wp-content\/uploads\/2024\/06\/cropped-Origin-logo-For-Health-For-Life-RGB@10x.png","contentUrl":"https:\/\/originltd.com\/wp-content\/uploads\/2024\/06\/cropped-Origin-logo-For-Health-For-Life-RGB@10x.png","width":227,"height":65,"caption":"Origin Pharma Packaging"},"image":{"@id":"https:\/\/originltd.com\/#\/schema\/logo\/image\/"},"sameAs":["https:\/\/www.facebook.com\/originpharmapackaging","https:\/\/x.com\/originpharma","https:\/\/www.linkedin.com\/company\/origin-packaging-ltd\/","https:\/\/www.youtube.com\/channel\/UCOOJl3eFOiO7lJT6f5qHygA"]}]}},"_links":{"self":[{"href":"https:\/\/originltd.com\/fr\/wp-json\/wp\/v2\/product\/1124","targetHints":{"allow":["GET"]}}],"collection":[{"href":"https:\/\/originltd.com\/fr\/wp-json\/wp\/v2\/product"}],"about":[{"href":"https:\/\/originltd.com\/fr\/wp-json\/wp\/v2\/types\/product"}],"replies":[{"embeddable":true,"href":"https:\/\/originltd.com\/fr\/wp-json\/wp\/v2\/comments?post=1124"}],"wp:featuredmedia":[{"embeddable":true,"href":"https:\/\/originltd.com\/fr\/wp-json\/wp\/v2\/media\/4265"}],"wp:attachment":[{"href":"https:\/\/originltd.com\/fr\/wp-json\/wp\/v2\/media?parent=1124"}],"wp:term":[{"taxonomy":"product_brand","embeddable":true,"href":"https:\/\/originltd.com\/fr\/wp-json\/wp\/v2\/product_brand?post=1124"},{"taxonomy":"product_cat","embeddable":true,"href":"https:\/\/originltd.com\/fr\/wp-json\/wp\/v2\/product_cat?post=1124"},{"taxonomy":"product_tag","embeddable":true,"href":"https:\/\/originltd.com\/fr\/wp-json\/wp\/v2\/product_tag?post=1124"}],"curies":[{"name":"wp","href":"https:\/\/api.w.org\/{rel}","templated":true}]}}