
{"id":10913,"date":"2024-02-15T09:59:31","date_gmt":"2024-02-15T09:59:31","guid":{"rendered":"https:\/\/originltd.in-beta.dev\/?post_type=product&#038;p=10913"},"modified":"2024-09-24T10:02:05","modified_gmt":"2024-09-24T09:02:05","slug":"pharmacy-postal-packaging","status":"publish","type":"product","link":"https:\/\/originltd.com\/fr\/product\/pharmacy-postal-packaging\/","title":{"rendered":"Emballage postal pour les pharmacies"},"content":{"rendered":"","protected":false},"excerpt":{"rendered":"<p>Le nombre d'ordonnances ex\u00e9cut\u00e9es par des pharmacies en ligne a consid\u00e9rablement augment\u00e9 ces derni\u00e8res ann\u00e9es, le secteur pharmaceutique trouvant de nouveaux moyens de r\u00e9pondre \u00e0 la demande des patients.<\/p>\n<p>Origin propose \u00e0 votre entreprise une gamme d'options d'emballage primaire et secondaire id\u00e9ales pour les commandes de pharmacie en ligne que vous recevez. De nombreuses solutions sont disponibles avec des fermetures \u00e0 l'\u00e9preuve des enfants et la plupart ont une profondeur inf\u00e9rieure \u00e0 25 mm, ce qui signifie que vous pouvez r\u00e9duire vos frais d'affranchissement en respectant les r\u00e9glementations de Royal Mail relatives au format Large Letter.<\/p>\n<p>Notre gamme comprend<\/p>\n<ul>\n<li><a href=\"https:\/\/originltd.com\/fr\/produit\/unopac\/\">UnoPac<\/a> ambr\u00e9e ronde et <a href=\"https:\/\/originltd.com\/fr\/produit\/cubopac\/\">CuboPac\u2122<\/a> flacons de comprim\u00e9s rectangulaires en plastique ambr\u00e9<\/li>\n<li><a href=\"https:\/\/originltd.com\/fr\/produit\/postage-boxes\/\">Bo\u00eetes postales<\/a> avec ou sans insert pour le maintien <a href=\"https:\/\/originltd.com\/fr\/packaging\/glass\/glass-dropper-bottles\/\">flacons compte-gouttes<\/a><\/li>\n<li><a href=\"https:\/\/originltd.com\/fr\/produit\/child-resistant-bags\/\">Sacs \u00e0 l'\u00e9preuve des enfants<\/a><\/li>\n<li><a href=\"https:\/\/originltd.com\/fr\/produit\/100-300-ml-flat-postal-bottles\/\">Bouteilles postales plates<\/a><\/li>\n<li><a href=\"https:\/\/originltd.com\/fr\/produit\/white-board-tablet-cartons\/\">Robot Pharmacy Cartons de comprim\u00e9s<\/a><\/li>\n<li><a href=\"https:\/\/originltd.com\/fr\/produit\/monitored-dosage-system-mds\/\">Syst\u00e8me de dosage surveill\u00e9 (SDM)<\/a><\/li>\n<\/ul>","protected":false},"featured_media":10869,"comment_status":"closed","ping_status":"closed","template":"","meta":{"_acf_changed":false},"product_brand":[],"product_cat":[2169,96],"product_tag":[2212],"class_list":{"0":"post-10913","1":"product","2":"type-product","3":"status-publish","4":"has-post-thumbnail","6":"product_cat-pharmacy-packaging","7":"product_cat-plastic","8":"product_tag-new","10":"first","11":"instock","12":"sold-individually","13":"shipping-taxable","14":"product-type-simple"},"acf":[],"yoast_head":"<!-- This site is optimized with the Yoast SEO plugin v27.4 - https:\/\/yoast.com\/product\/yoast-seo-wordpress\/ -->\n<title>Pharmacy Postal Packaging | Origin Pharma Packaging<\/title>\n<meta name=\"description\" content=\"Origin&#039;s Pharmacy Postal Packaging solutions are ideal for sending patients their prescriptions by post. Contact us to find out more.\" \/>\n<meta name=\"robots\" content=\"index, follow, max-snippet:-1, max-image-preview:large, max-video-preview:-1\" \/>\n<link rel=\"canonical\" href=\"https:\/\/originltd.com\/fr\/produit\/pharmacy-postal-packaging\/\" \/>\n<meta property=\"og:locale\" content=\"fr_FR\" \/>\n<meta property=\"og:type\" content=\"article\" \/>\n<meta property=\"og:title\" content=\"Pharmacy Postal Packaging | Origin Pharma Packaging\" \/>\n<meta property=\"og:description\" content=\"Origin&#039;s Pharmacy Postal Packaging solutions are ideal for sending patients their prescriptions by post. Contact us to find out more.\" \/>\n<meta property=\"og:url\" content=\"https:\/\/originltd.com\/fr\/produit\/pharmacy-postal-packaging\/\" \/>\n<meta property=\"og:site_name\" content=\"Origin Pharma Packaging\" \/>\n<meta property=\"article:publisher\" content=\"https:\/\/www.facebook.com\/originpharmapackaging\" \/>\n<meta property=\"article:modified_time\" content=\"2024-09-24T09:02:05+00:00\" \/>\n<meta property=\"og:image\" content=\"https:\/\/originltd.com\/wp-content\/uploads\/2024\/02\/009-scaled.jpg\" \/>\n\t<meta property=\"og:image:width\" content=\"1889\" \/>\n\t<meta property=\"og:image:height\" content=\"2560\" \/>\n\t<meta property=\"og:image:type\" content=\"image\/jpeg\" \/>\n<meta name=\"twitter:card\" content=\"summary_large_image\" \/>\n<meta name=\"twitter:site\" content=\"@originpharma\" \/>\n<meta name=\"twitter:label1\" content=\"Dur\u00e9e de lecture estim\u00e9e\" \/>\n\t<meta name=\"twitter:data1\" content=\"1 minute\" \/>\n<script type=\"application\/ld+json\" class=\"yoast-schema-graph\">{\"@context\":\"https:\\\/\\\/schema.org\",\"@graph\":[{\"@type\":\"WebPage\",\"@id\":\"https:\\\/\\\/originltd.com\\\/product\\\/pharmacy-postal-packaging\\\/\",\"url\":\"https:\\\/\\\/originltd.com\\\/product\\\/pharmacy-postal-packaging\\\/\",\"name\":\"Pharmacy Postal Packaging | Origin Pharma Packaging\",\"isPartOf\":{\"@id\":\"https:\\\/\\\/originltd.com\\\/#website\"},\"primaryImageOfPage\":{\"@id\":\"https:\\\/\\\/originltd.com\\\/product\\\/pharmacy-postal-packaging\\\/#primaryimage\"},\"image\":{\"@id\":\"https:\\\/\\\/originltd.com\\\/product\\\/pharmacy-postal-packaging\\\/#primaryimage\"},\"thumbnailUrl\":\"https:\\\/\\\/originltd.com\\\/wp-content\\\/uploads\\\/2024\\\/02\\\/009-scaled.jpg\",\"datePublished\":\"2024-02-15T09:59:31+00:00\",\"dateModified\":\"2024-09-24T09:02:05+00:00\",\"description\":\"Origin's Pharmacy Postal Packaging solutions are ideal for sending patients their prescriptions by post. Contact us to find out more.\",\"breadcrumb\":{\"@id\":\"https:\\\/\\\/originltd.com\\\/product\\\/pharmacy-postal-packaging\\\/#breadcrumb\"},\"inLanguage\":\"fr-FR\",\"potentialAction\":[{\"@type\":\"ReadAction\",\"target\":[\"https:\\\/\\\/originltd.com\\\/product\\\/pharmacy-postal-packaging\\\/\"]}]},{\"@type\":\"ImageObject\",\"inLanguage\":\"fr-FR\",\"@id\":\"https:\\\/\\\/originltd.com\\\/product\\\/pharmacy-postal-packaging\\\/#primaryimage\",\"url\":\"https:\\\/\\\/originltd.com\\\/wp-content\\\/uploads\\\/2024\\\/02\\\/009-scaled.jpg\",\"contentUrl\":\"https:\\\/\\\/originltd.com\\\/wp-content\\\/uploads\\\/2024\\\/02\\\/009-scaled.jpg\",\"width\":1889,\"height\":2560,\"caption\":\"Pharmacy Postal Packaging Range\"},{\"@type\":\"BreadcrumbList\",\"@id\":\"https:\\\/\\\/originltd.com\\\/product\\\/pharmacy-postal-packaging\\\/#breadcrumb\",\"itemListElement\":[{\"@type\":\"ListItem\",\"position\":1,\"name\":\"Home\",\"item\":\"https:\\\/\\\/originltd.com\\\/\"},{\"@type\":\"ListItem\",\"position\":2,\"name\":\"Pharmaceutical Packaging Products\",\"item\":\"https:\\\/\\\/originltd.com\\\/pharmaceutical-packaging\\\/\"},{\"@type\":\"ListItem\",\"position\":3,\"name\":\"Pharmacy Packaging\",\"item\":\"https:\\\/\\\/originltd.com\\\/packaging\\\/pharmacy-packaging\\\/\"},{\"@type\":\"ListItem\",\"position\":4,\"name\":\"Pharmacy Postal Packaging\"}]},{\"@type\":\"WebSite\",\"@id\":\"https:\\\/\\\/originltd.com\\\/#website\",\"url\":\"https:\\\/\\\/originltd.com\\\/\",\"name\":\"Origin Pharma Packaging\",\"description\":\"\",\"publisher\":{\"@id\":\"https:\\\/\\\/originltd.com\\\/#organization\"},\"alternateName\":\"Origin Ltd.\",\"potentialAction\":[{\"@type\":\"SearchAction\",\"target\":{\"@type\":\"EntryPoint\",\"urlTemplate\":\"https:\\\/\\\/originltd.com\\\/?s={search_term_string}\"},\"query-input\":{\"@type\":\"PropertyValueSpecification\",\"valueRequired\":true,\"valueName\":\"search_term_string\"}}],\"inLanguage\":\"fr-FR\"},{\"@type\":\"Organization\",\"@id\":\"https:\\\/\\\/originltd.com\\\/#organization\",\"name\":\"Origin Pharma Packaging\",\"url\":\"https:\\\/\\\/originltd.com\\\/\",\"logo\":{\"@type\":\"ImageObject\",\"inLanguage\":\"fr-FR\",\"@id\":\"https:\\\/\\\/originltd.com\\\/#\\\/schema\\\/logo\\\/image\\\/\",\"url\":\"https:\\\/\\\/originltd.com\\\/wp-content\\\/uploads\\\/2024\\\/06\\\/cropped-Origin-logo-For-Health-For-Life-RGB@10x.png\",\"contentUrl\":\"https:\\\/\\\/originltd.com\\\/wp-content\\\/uploads\\\/2024\\\/06\\\/cropped-Origin-logo-For-Health-For-Life-RGB@10x.png\",\"width\":227,\"height\":65,\"caption\":\"Origin Pharma Packaging\"},\"image\":{\"@id\":\"https:\\\/\\\/originltd.com\\\/#\\\/schema\\\/logo\\\/image\\\/\"},\"sameAs\":[\"https:\\\/\\\/www.facebook.com\\\/originpharmapackaging\",\"https:\\\/\\\/x.com\\\/originpharma\",\"https:\\\/\\\/www.linkedin.com\\\/company\\\/origin-packaging-ltd\\\/\",\"https:\\\/\\\/www.youtube.com\\\/channel\\\/UCOOJl3eFOiO7lJT6f5qHygA\"]}]}<\/script>\n<!-- \/ Yoast SEO plugin. -->","yoast_head_json":{"title":"Emballages postaux pour pharmacies | Origin Pharma Packaging","description":"Les solutions d'emballage postal pour les pharmacies d'Origin sont id\u00e9ales pour envoyer aux patients leurs ordonnances par la poste. Contactez-nous pour en savoir plus.","robots":{"index":"index","follow":"follow","max-snippet":"max-snippet:-1","max-image-preview":"max-image-preview:large","max-video-preview":"max-video-preview:-1"},"canonical":"https:\/\/originltd.com\/fr\/produit\/pharmacy-postal-packaging\/","og_locale":"fr_FR","og_type":"article","og_title":"Pharmacy Postal Packaging | Origin Pharma Packaging","og_description":"Origin's Pharmacy Postal Packaging solutions are ideal for sending patients their prescriptions by post. Contact us to find out more.","og_url":"https:\/\/originltd.com\/fr\/produit\/pharmacy-postal-packaging\/","og_site_name":"Origin Pharma Packaging","article_publisher":"https:\/\/www.facebook.com\/originpharmapackaging","article_modified_time":"2024-09-24T09:02:05+00:00","og_image":[{"width":1889,"height":2560,"url":"https:\/\/originltd.com\/wp-content\/uploads\/2024\/02\/009-scaled.jpg","type":"image\/jpeg"}],"twitter_card":"summary_large_image","twitter_site":"@originpharma","twitter_misc":{"Dur\u00e9e de lecture estim\u00e9e":"1 minute"},"schema":{"@context":"https:\/\/schema.org","@graph":[{"@type":"WebPage","@id":"https:\/\/originltd.com\/product\/pharmacy-postal-packaging\/","url":"https:\/\/originltd.com\/product\/pharmacy-postal-packaging\/","name":"Emballages postaux pour pharmacies | Origin Pharma Packaging","isPartOf":{"@id":"https:\/\/originltd.com\/#website"},"primaryImageOfPage":{"@id":"https:\/\/originltd.com\/product\/pharmacy-postal-packaging\/#primaryimage"},"image":{"@id":"https:\/\/originltd.com\/product\/pharmacy-postal-packaging\/#primaryimage"},"thumbnailUrl":"https:\/\/originltd.com\/wp-content\/uploads\/2024\/02\/009-scaled.jpg","datePublished":"2024-02-15T09:59:31+00:00","dateModified":"2024-09-24T09:02:05+00:00","description":"Les solutions d'emballage postal pour les pharmacies d'Origin sont id\u00e9ales pour envoyer aux patients leurs ordonnances par la poste. Contactez-nous pour en savoir plus.","breadcrumb":{"@id":"https:\/\/originltd.com\/product\/pharmacy-postal-packaging\/#breadcrumb"},"inLanguage":"fr-FR","potentialAction":[{"@type":"ReadAction","target":["https:\/\/originltd.com\/product\/pharmacy-postal-packaging\/"]}]},{"@type":"ImageObject","inLanguage":"fr-FR","@id":"https:\/\/originltd.com\/product\/pharmacy-postal-packaging\/#primaryimage","url":"https:\/\/originltd.com\/wp-content\/uploads\/2024\/02\/009-scaled.jpg","contentUrl":"https:\/\/originltd.com\/wp-content\/uploads\/2024\/02\/009-scaled.jpg","width":1889,"height":2560,"caption":"Pharmacy Postal Packaging Range"},{"@type":"BreadcrumbList","@id":"https:\/\/originltd.com\/product\/pharmacy-postal-packaging\/#breadcrumb","itemListElement":[{"@type":"ListItem","position":1,"name":"Home","item":"https:\/\/originltd.com\/"},{"@type":"ListItem","position":2,"name":"Pharmaceutical Packaging Products","item":"https:\/\/originltd.com\/pharmaceutical-packaging\/"},{"@type":"ListItem","position":3,"name":"Pharmacy Packaging","item":"https:\/\/originltd.com\/packaging\/pharmacy-packaging\/"},{"@type":"ListItem","position":4,"name":"Pharmacy Postal Packaging"}]},{"@type":"WebSite","@id":"https:\/\/originltd.com\/#website","url":"https:\/\/originltd.com\/","name":"Origin Pharma Packaging","description":"","publisher":{"@id":"https:\/\/originltd.com\/#organization"},"alternateName":"Origin Ltd.","potentialAction":[{"@type":"SearchAction","target":{"@type":"EntryPoint","urlTemplate":"https:\/\/originltd.com\/?s={search_term_string}"},"query-input":{"@type":"PropertyValueSpecification","valueRequired":true,"valueName":"search_term_string"}}],"inLanguage":"fr-FR"},{"@type":"Organization","@id":"https:\/\/originltd.com\/#organization","name":"Origin Pharma Packaging","url":"https:\/\/originltd.com\/","logo":{"@type":"ImageObject","inLanguage":"fr-FR","@id":"https:\/\/originltd.com\/#\/schema\/logo\/image\/","url":"https:\/\/originltd.com\/wp-content\/uploads\/2024\/06\/cropped-Origin-logo-For-Health-For-Life-RGB@10x.png","contentUrl":"https:\/\/originltd.com\/wp-content\/uploads\/2024\/06\/cropped-Origin-logo-For-Health-For-Life-RGB@10x.png","width":227,"height":65,"caption":"Origin Pharma Packaging"},"image":{"@id":"https:\/\/originltd.com\/#\/schema\/logo\/image\/"},"sameAs":["https:\/\/www.facebook.com\/originpharmapackaging","https:\/\/x.com\/originpharma","https:\/\/www.linkedin.com\/company\/origin-packaging-ltd\/","https:\/\/www.youtube.com\/channel\/UCOOJl3eFOiO7lJT6f5qHygA"]}]}},"_links":{"self":[{"href":"https:\/\/originltd.com\/fr\/wp-json\/wp\/v2\/product\/10913","targetHints":{"allow":["GET"]}}],"collection":[{"href":"https:\/\/originltd.com\/fr\/wp-json\/wp\/v2\/product"}],"about":[{"href":"https:\/\/originltd.com\/fr\/wp-json\/wp\/v2\/types\/product"}],"replies":[{"embeddable":true,"href":"https:\/\/originltd.com\/fr\/wp-json\/wp\/v2\/comments?post=10913"}],"wp:featuredmedia":[{"embeddable":true,"href":"https:\/\/originltd.com\/fr\/wp-json\/wp\/v2\/media\/10869"}],"wp:attachment":[{"href":"https:\/\/originltd.com\/fr\/wp-json\/wp\/v2\/media?parent=10913"}],"wp:term":[{"taxonomy":"product_brand","embeddable":true,"href":"https:\/\/originltd.com\/fr\/wp-json\/wp\/v2\/product_brand?post=10913"},{"taxonomy":"product_cat","embeddable":true,"href":"https:\/\/originltd.com\/fr\/wp-json\/wp\/v2\/product_cat?post=10913"},{"taxonomy":"product_tag","embeddable":true,"href":"https:\/\/originltd.com\/fr\/wp-json\/wp\/v2\/product_tag?post=10913"}],"curies":[{"name":"wp","href":"https:\/\/api.w.org\/{rel}","templated":true}]}}