{"id":10877,"date":"2024-02-13T12:45:50","date_gmt":"2024-02-13T12:45:50","guid":{"rendered":"https:\/\/originltd.in-beta.dev\/?post_type=product&#038;p=10877"},"modified":"2025-12-23T15:35:35","modified_gmt":"2025-12-23T15:35:35","slug":"child-resistant-bags","status":"publish","type":"product","link":"https:\/\/originltd.com\/fr\/product\/child-resistant-bags\/","title":{"rendered":"Sacs de s\u00e9curit\u00e9 pour enfants"},"content":{"rendered":"<p><span style=\"font-weight: 400;\">Nos sacs de cannabis \u00e0 l'\u00e9preuve des enfants sont disponibles dans une gamme de tailles allant de 3,00\u2033 x 7,20\u2033 \u00e0 6,02\u2033 x 9,80\u2033, pour r\u00e9pondre \u00e0 tous les besoins.<\/span><\/p>","protected":false},"excerpt":{"rendered":"<p><span style=\"font-weight: 400;\">Origine <\/span><span style=\"font-weight: 400;\">sacs \u00e0 l'\u00e9preuve des enfants<\/span><span style=\"font-weight: 400;\"> offrent un moyen robuste d'emballer et de transporter votre produit tout en assurant la tranquillit\u00e9 d'esprit et la s\u00e9curit\u00e9 des patients. <\/span><span style=\"font-weight: 400;\">Ces <\/span><a href=\"https:\/\/originltd.com\/fr\/packaging\/child-resistant-packaging\/\"><span style=\"font-weight: 400;\">emballage \u00e0 l'\u00e9preuve des enfants<\/span><\/a><span style=\"font-weight: 400;\"> mais aussi <\/span><a href=\"https:\/\/originltd.com\/fr\/packaging\/tamper-proof\/\"><span style=\"font-weight: 400;\">emballage inviolable<\/span><\/a><span style=\"font-weight: 400;\"> produits<\/span><span style=\"font-weight: 400;\"> sont id\u00e9ales pour les pharmacies traditionnelles et en ligne, les pharmacies OTC <\/span><span style=\"font-weight: 400;\">m\u00e9dicaments,<\/span><span style=\"font-weight: 400;\"> et le cannabis m\u00e9dicinal.<\/span><\/p>\n<p><span style=\"font-weight: 400;\">Impression sur mesure de nos <\/span><span style=\"font-weight: 400;\">sacs de cannabis \u00e0 l'\u00e9preuve des enfants<\/span><span style=\"font-weight: 400;\"> vous permet de transmettre les messages de votre marque directement \u00e0 vos clients. Des finitions blanches ou noires, brillantes ou kraft, sont \u00e9galement disponibles.<\/span><\/p>\n<h3><span style=\"font-weight: 400;\">Caract\u00e9ristiques principales :<\/span><\/h3>\n<ul>\n<li style=\"font-weight: 400;\" aria-level=\"1\"><span style=\"font-weight: 400;\">Fermeture \u00e0 l'\u00e9preuve des enfants, non volumineuse<\/span><\/li>\n<li style=\"font-weight: 400;\" aria-level=\"1\"><span style=\"font-weight: 400;\">Languette d'inviolabilit\u00e9 pour une protection suppl\u00e9mentaire<\/span><\/li>\n<li style=\"font-weight: 400;\" aria-level=\"1\"><span style=\"font-weight: 400;\">Ouvert pour un remplissage rapide<\/span><\/li>\n<li style=\"font-weight: 400;\" aria-level=\"1\"><span style=\"font-weight: 400;\">Id\u00e9al pour envoyer des produits \u00e0 vos clients par la poste ou par service de messagerie<\/span><\/li>\n<li style=\"font-weight: 400;\" aria-level=\"1\"><span style=\"font-weight: 400;\">100% opaque, gardant le contenu discret et prot\u00e9g\u00e9 de la d\u00e9gradation par la lumi\u00e8re<\/span><\/li>\n<li style=\"font-weight: 400;\" aria-level=\"1\"><span style=\"font-weight: 400;\">Portable et discret<\/span><\/li>\n<li style=\"font-weight: 400;\" aria-level=\"1\"><span style=\"font-weight: 400;\">Fabriqu\u00e9 en plastique \u00e9pais de qualit\u00e9 alimentaire<\/span><\/li>\n<\/ul>\n<h3><span style=\"font-weight: 400;\">Utilisations appropri\u00e9es :<\/span><\/h3>\n<ul>\n<li style=\"font-weight: 400;\" aria-level=\"1\"><span style=\"font-weight: 400;\">A utiliser comme <\/span><a href=\"https:\/\/originltd.com\/fr\/packaging\/pharmacy-packaging\/\"><span style=\"font-weight: 400;\">emballage des produits pharmaceutiques<\/span><\/a><\/li>\n<li style=\"font-weight: 400;\" aria-level=\"1\"><span style=\"font-weight: 400;\">A utiliser comme <\/span><a href=\"https:\/\/originltd.com\/fr\/packaging\/controlled-substances-packaging\/\"><span style=\"font-weight: 400;\">emballage de substances r\u00e9glement\u00e9es<\/span><\/a><\/li>\n<li style=\"font-weight: 400;\" aria-level=\"1\">A utiliser comme <a href=\"https:\/\/originltd.com\/fr\/packaging\/medicinal-cannabis-packaging\/\">emballage du cannabis m\u00e9dical<\/a><\/li>\n<\/ul>","protected":false},"featured_media":11953,"comment_status":"closed","ping_status":"closed","template":"","meta":{"_acf_changed":false},"product_brand":[],"product_cat":[2162,2158,2207,665,2169,96,2190],"product_tag":[2212],"class_list":{"0":"post-10877","1":"product","2":"type-product","3":"status-publish","4":"has-post-thumbnail","6":"product_cat-containers","7":"product_cat-child-resistant-packaging","8":"product_cat-health-wellbeing-packaging","9":"product_cat-medicinal-cannabis-packaging","10":"product_cat-pharmacy-packaging","11":"product_cat-plastic","12":"product_cat-tamper-proof","13":"product_tag-new","15":"first","16":"instock","17":"sold-individually","18":"shipping-taxable","19":"product-type-simple"},"acf":[],"yoast_head":"<!-- This site is optimized with the Yoast SEO plugin v27.5 - https:\/\/yoast.com\/product\/yoast-seo-wordpress\/ -->\n<title>Child Resistant Bags | Origin Pharma Packaging<\/title>\n<meta name=\"description\" content=\"Origin Child Resistant Bags are ideal for sending products to your customers by post or courier. Talk to our packaging team today or click to discover more.\" \/>\n<meta name=\"robots\" content=\"index, follow, max-snippet:-1, max-image-preview:large, max-video-preview:-1\" \/>\n<link rel=\"canonical\" href=\"https:\/\/originltd.com\/fr\/produit\/child-resistant-bags\/\" \/>\n<meta property=\"og:locale\" content=\"fr_FR\" \/>\n<meta property=\"og:type\" content=\"article\" \/>\n<meta property=\"og:title\" content=\"Child Resistant Bags | Origin Pharma Packaging\" \/>\n<meta property=\"og:description\" content=\"Origin Child Resistant Bags are ideal for sending products to your customers by post or courier. Talk to our packaging team today or click to discover more.\" \/>\n<meta property=\"og:url\" content=\"https:\/\/originltd.com\/fr\/produit\/child-resistant-bags\/\" \/>\n<meta property=\"og:site_name\" content=\"Origin Pharma Packaging\" \/>\n<meta property=\"article:publisher\" content=\"https:\/\/www.facebook.com\/originpharmapackaging\" \/>\n<meta property=\"article:modified_time\" content=\"2025-12-23T15:35:35+00:00\" \/>\n<meta property=\"og:image\" content=\"https:\/\/originltd.com\/wp-content\/uploads\/2024\/02\/CR-Bag-pair-scaled.jpg\" \/>\n\t<meta property=\"og:image:width\" content=\"2163\" \/>\n\t<meta property=\"og:image:height\" content=\"2560\" \/>\n\t<meta property=\"og:image:type\" content=\"image\/jpeg\" \/>\n<meta name=\"twitter:card\" content=\"summary_large_image\" \/>\n<meta name=\"twitter:site\" content=\"@originpharma\" \/>\n<meta name=\"twitter:label1\" content=\"Dur\u00e9e de lecture estim\u00e9e\" \/>\n\t<meta name=\"twitter:data1\" content=\"1 minute\" \/>\n<script type=\"application\/ld+json\" class=\"yoast-schema-graph\">{\"@context\":\"https:\\\/\\\/schema.org\",\"@graph\":[{\"@type\":\"WebPage\",\"@id\":\"https:\\\/\\\/originltd.com\\\/product\\\/child-resistant-bags\\\/\",\"url\":\"https:\\\/\\\/originltd.com\\\/product\\\/child-resistant-bags\\\/\",\"name\":\"Child Resistant Bags | Origin Pharma Packaging\",\"isPartOf\":{\"@id\":\"https:\\\/\\\/originltd.com\\\/#website\"},\"primaryImageOfPage\":{\"@id\":\"https:\\\/\\\/originltd.com\\\/product\\\/child-resistant-bags\\\/#primaryimage\"},\"image\":{\"@id\":\"https:\\\/\\\/originltd.com\\\/product\\\/child-resistant-bags\\\/#primaryimage\"},\"thumbnailUrl\":\"https:\\\/\\\/originltd.com\\\/wp-content\\\/uploads\\\/2024\\\/02\\\/CR-Bag-pair-scaled.jpg\",\"datePublished\":\"2024-02-13T12:45:50+00:00\",\"dateModified\":\"2025-12-23T15:35:35+00:00\",\"description\":\"Origin Child Resistant Bags are ideal for sending products to your customers by post or courier. Talk to our packaging team today or click to discover more.\",\"breadcrumb\":{\"@id\":\"https:\\\/\\\/originltd.com\\\/product\\\/child-resistant-bags\\\/#breadcrumb\"},\"inLanguage\":\"fr-FR\",\"potentialAction\":[{\"@type\":\"ReadAction\",\"target\":[\"https:\\\/\\\/originltd.com\\\/product\\\/child-resistant-bags\\\/\"]}]},{\"@type\":\"ImageObject\",\"inLanguage\":\"fr-FR\",\"@id\":\"https:\\\/\\\/originltd.com\\\/product\\\/child-resistant-bags\\\/#primaryimage\",\"url\":\"https:\\\/\\\/originltd.com\\\/wp-content\\\/uploads\\\/2024\\\/02\\\/CR-Bag-pair-scaled.jpg\",\"contentUrl\":\"https:\\\/\\\/originltd.com\\\/wp-content\\\/uploads\\\/2024\\\/02\\\/CR-Bag-pair-scaled.jpg\",\"width\":2163,\"height\":2560,\"caption\":\"Child Resistant Bags\"},{\"@type\":\"BreadcrumbList\",\"@id\":\"https:\\\/\\\/originltd.com\\\/product\\\/child-resistant-bags\\\/#breadcrumb\",\"itemListElement\":[{\"@type\":\"ListItem\",\"position\":1,\"name\":\"Home\",\"item\":\"https:\\\/\\\/originltd.com\\\/\"},{\"@type\":\"ListItem\",\"position\":2,\"name\":\"Pharmaceutical Packaging Products\",\"item\":\"https:\\\/\\\/originltd.com\\\/pharmaceutical-packaging\\\/\"},{\"@type\":\"ListItem\",\"position\":3,\"name\":\"Child-Resistant Packaging\",\"item\":\"https:\\\/\\\/originltd.com\\\/packaging\\\/child-resistant-packaging\\\/\"},{\"@type\":\"ListItem\",\"position\":4,\"name\":\"Child-Resistant Bags\"}]},{\"@type\":\"WebSite\",\"@id\":\"https:\\\/\\\/originltd.com\\\/#website\",\"url\":\"https:\\\/\\\/originltd.com\\\/\",\"name\":\"Origin Pharma Packaging\",\"description\":\"\",\"publisher\":{\"@id\":\"https:\\\/\\\/originltd.com\\\/#organization\"},\"alternateName\":\"Origin Ltd.\",\"potentialAction\":[{\"@type\":\"SearchAction\",\"target\":{\"@type\":\"EntryPoint\",\"urlTemplate\":\"https:\\\/\\\/originltd.com\\\/?s={search_term_string}\"},\"query-input\":{\"@type\":\"PropertyValueSpecification\",\"valueRequired\":true,\"valueName\":\"search_term_string\"}}],\"inLanguage\":\"fr-FR\"},{\"@type\":\"Organization\",\"@id\":\"https:\\\/\\\/originltd.com\\\/#organization\",\"name\":\"Origin Pharma Packaging\",\"url\":\"https:\\\/\\\/originltd.com\\\/\",\"logo\":{\"@type\":\"ImageObject\",\"inLanguage\":\"fr-FR\",\"@id\":\"https:\\\/\\\/originltd.com\\\/#\\\/schema\\\/logo\\\/image\\\/\",\"url\":\"https:\\\/\\\/originltd.com\\\/wp-content\\\/uploads\\\/2024\\\/06\\\/cropped-Origin-logo-For-Health-For-Life-RGB@10x.png\",\"contentUrl\":\"https:\\\/\\\/originltd.com\\\/wp-content\\\/uploads\\\/2024\\\/06\\\/cropped-Origin-logo-For-Health-For-Life-RGB@10x.png\",\"width\":227,\"height\":65,\"caption\":\"Origin Pharma Packaging\"},\"image\":{\"@id\":\"https:\\\/\\\/originltd.com\\\/#\\\/schema\\\/logo\\\/image\\\/\"},\"sameAs\":[\"https:\\\/\\\/www.facebook.com\\\/originpharmapackaging\",\"https:\\\/\\\/x.com\\\/originpharma\",\"https:\\\/\\\/www.linkedin.com\\\/company\\\/origin-packaging-ltd\\\/\",\"https:\\\/\\\/www.youtube.com\\\/channel\\\/UCOOJl3eFOiO7lJT6f5qHygA\"]}]}<\/script>\n<!-- \/ Yoast SEO plugin. -->","yoast_head_json":{"title":"Sacs \u00e0 l'\u00e9preuve des enfants | Origin Pharma Packaging","description":"Les sacs de s\u00e9curit\u00e9 enfant Origin sont id\u00e9aux pour envoyer des produits \u00e0 vos clients par la poste ou par messagerie. Contactez notre \u00e9quipe d'emballage d\u00e8s aujourd'hui ou cliquez pour en savoir plus.","robots":{"index":"index","follow":"follow","max-snippet":"max-snippet:-1","max-image-preview":"max-image-preview:large","max-video-preview":"max-video-preview:-1"},"canonical":"https:\/\/originltd.com\/fr\/produit\/child-resistant-bags\/","og_locale":"fr_FR","og_type":"article","og_title":"Child Resistant Bags | Origin Pharma Packaging","og_description":"Origin Child Resistant Bags are ideal for sending products to your customers by post or courier. Talk to our packaging team today or click to discover more.","og_url":"https:\/\/originltd.com\/fr\/produit\/child-resistant-bags\/","og_site_name":"Origin Pharma Packaging","article_publisher":"https:\/\/www.facebook.com\/originpharmapackaging","article_modified_time":"2025-12-23T15:35:35+00:00","og_image":[{"width":2163,"height":2560,"url":"https:\/\/originltd.com\/wp-content\/uploads\/2024\/02\/CR-Bag-pair-scaled.jpg","type":"image\/jpeg"}],"twitter_card":"summary_large_image","twitter_site":"@originpharma","twitter_misc":{"Dur\u00e9e de lecture estim\u00e9e":"1 minute"},"schema":{"@context":"https:\/\/schema.org","@graph":[{"@type":"WebPage","@id":"https:\/\/originltd.com\/product\/child-resistant-bags\/","url":"https:\/\/originltd.com\/product\/child-resistant-bags\/","name":"Sacs \u00e0 l'\u00e9preuve des enfants | Origin Pharma Packaging","isPartOf":{"@id":"https:\/\/originltd.com\/#website"},"primaryImageOfPage":{"@id":"https:\/\/originltd.com\/product\/child-resistant-bags\/#primaryimage"},"image":{"@id":"https:\/\/originltd.com\/product\/child-resistant-bags\/#primaryimage"},"thumbnailUrl":"https:\/\/originltd.com\/wp-content\/uploads\/2024\/02\/CR-Bag-pair-scaled.jpg","datePublished":"2024-02-13T12:45:50+00:00","dateModified":"2025-12-23T15:35:35+00:00","description":"Les sacs de s\u00e9curit\u00e9 enfant Origin sont id\u00e9aux pour envoyer des produits \u00e0 vos clients par la poste ou par messagerie. Contactez notre \u00e9quipe d'emballage d\u00e8s aujourd'hui ou cliquez pour en savoir plus.","breadcrumb":{"@id":"https:\/\/originltd.com\/product\/child-resistant-bags\/#breadcrumb"},"inLanguage":"fr-FR","potentialAction":[{"@type":"ReadAction","target":["https:\/\/originltd.com\/product\/child-resistant-bags\/"]}]},{"@type":"ImageObject","inLanguage":"fr-FR","@id":"https:\/\/originltd.com\/product\/child-resistant-bags\/#primaryimage","url":"https:\/\/originltd.com\/wp-content\/uploads\/2024\/02\/CR-Bag-pair-scaled.jpg","contentUrl":"https:\/\/originltd.com\/wp-content\/uploads\/2024\/02\/CR-Bag-pair-scaled.jpg","width":2163,"height":2560,"caption":"Child Resistant Bags"},{"@type":"BreadcrumbList","@id":"https:\/\/originltd.com\/product\/child-resistant-bags\/#breadcrumb","itemListElement":[{"@type":"ListItem","position":1,"name":"Home","item":"https:\/\/originltd.com\/"},{"@type":"ListItem","position":2,"name":"Pharmaceutical Packaging Products","item":"https:\/\/originltd.com\/pharmaceutical-packaging\/"},{"@type":"ListItem","position":3,"name":"Child-Resistant Packaging","item":"https:\/\/originltd.com\/packaging\/child-resistant-packaging\/"},{"@type":"ListItem","position":4,"name":"Child-Resistant Bags"}]},{"@type":"WebSite","@id":"https:\/\/originltd.com\/#website","url":"https:\/\/originltd.com\/","name":"Origin Pharma Packaging","description":"","publisher":{"@id":"https:\/\/originltd.com\/#organization"},"alternateName":"Origin Ltd.","potentialAction":[{"@type":"SearchAction","target":{"@type":"EntryPoint","urlTemplate":"https:\/\/originltd.com\/?s={search_term_string}"},"query-input":{"@type":"PropertyValueSpecification","valueRequired":true,"valueName":"search_term_string"}}],"inLanguage":"fr-FR"},{"@type":"Organization","@id":"https:\/\/originltd.com\/#organization","name":"Origin Pharma Packaging","url":"https:\/\/originltd.com\/","logo":{"@type":"ImageObject","inLanguage":"fr-FR","@id":"https:\/\/originltd.com\/#\/schema\/logo\/image\/","url":"https:\/\/originltd.com\/wp-content\/uploads\/2024\/06\/cropped-Origin-logo-For-Health-For-Life-RGB@10x.png","contentUrl":"https:\/\/originltd.com\/wp-content\/uploads\/2024\/06\/cropped-Origin-logo-For-Health-For-Life-RGB@10x.png","width":227,"height":65,"caption":"Origin Pharma Packaging"},"image":{"@id":"https:\/\/originltd.com\/#\/schema\/logo\/image\/"},"sameAs":["https:\/\/www.facebook.com\/originpharmapackaging","https:\/\/x.com\/originpharma","https:\/\/www.linkedin.com\/company\/origin-packaging-ltd\/","https:\/\/www.youtube.com\/channel\/UCOOJl3eFOiO7lJT6f5qHygA"]}]}},"_links":{"self":[{"href":"https:\/\/originltd.com\/fr\/wp-json\/wp\/v2\/product\/10877","targetHints":{"allow":["GET"]}}],"collection":[{"href":"https:\/\/originltd.com\/fr\/wp-json\/wp\/v2\/product"}],"about":[{"href":"https:\/\/originltd.com\/fr\/wp-json\/wp\/v2\/types\/product"}],"replies":[{"embeddable":true,"href":"https:\/\/originltd.com\/fr\/wp-json\/wp\/v2\/comments?post=10877"}],"wp:featuredmedia":[{"embeddable":true,"href":"https:\/\/originltd.com\/fr\/wp-json\/wp\/v2\/media\/11953"}],"wp:attachment":[{"href":"https:\/\/originltd.com\/fr\/wp-json\/wp\/v2\/media?parent=10877"}],"wp:term":[{"taxonomy":"product_brand","embeddable":true,"href":"https:\/\/originltd.com\/fr\/wp-json\/wp\/v2\/product_brand?post=10877"},{"taxonomy":"product_cat","embeddable":true,"href":"https:\/\/originltd.com\/fr\/wp-json\/wp\/v2\/product_cat?post=10877"},{"taxonomy":"product_tag","embeddable":true,"href":"https:\/\/originltd.com\/fr\/wp-json\/wp\/v2\/product_tag?post=10877"}],"curies":[{"name":"wp","href":"https:\/\/api.w.org\/{rel}","templated":true}]}}