{"id":10832,"date":"2024-02-08T13:32:07","date_gmt":"2024-02-08T13:32:07","guid":{"rendered":"https:\/\/originltd.in-beta.dev\/?post_type=product&#038;p=10832"},"modified":"2025-10-16T09:49:45","modified_gmt":"2025-10-16T08:49:45","slug":"10-100ml-black-glass-dropper-bottles","status":"publish","type":"product","link":"https:\/\/originltd.com\/fr\/product\/10-100ml-black-glass-dropper-bottles\/","title":{"rendered":"10-100ml Flacons compte-gouttes en verre noir"},"content":{"rendered":"<p><span style=\"font-weight: 400;\">Ces <\/span><a href=\"https:\/\/originltd.com\/fr\/packaging\/glass\/glass-dropper-bottles\/\"><span style=\"font-weight: 400;\">flacons compte-gouttes en verre<\/span><\/a><span style=\"font-weight: 400;\"> sont disponibles dans une gamme de tailles permettant de trouver le produit le plus appropri\u00e9, en commen\u00e7ant par notre <\/span><a href=\"https:\/\/originltd.com\/fr\/produit\/10ml-black-glass-dropper-bottle\/\"><span style=\"font-weight: 400;\">Flacons compte-gouttes en verre noir de 10ml<\/span><\/a><span style=\"font-weight: 400;\"> \u00e0 notre <\/span><a href=\"https:\/\/originltd.com\/fr\/produit\/100ml-black-glass-dropper-bottle\/\"><span style=\"font-weight: 400;\">Flacons compte-gouttes en verre noir de 100ml<\/span><\/a><span style=\"font-weight: 400;\">.<\/span><\/p>","protected":false},"excerpt":{"rendered":"<p><span style=\"font-weight: 400;\">Notre gamme de flacons compte-gouttes Hampton en verre noir en gros \u00e0 Origin<\/span><span style=\"font-weight: 400;\"> est disponible dans une grande vari\u00e9t\u00e9 de tailles et d'options de fermeture, y compris <\/span><a href=\"https:\/\/originltd.com\/fr\/packaging\/tamper-proof\/\"><span style=\"font-weight: 400;\">emballage inviolable<\/span><\/a><span style=\"font-weight: 400;\"> mais aussi <\/span><a href=\"https:\/\/originltd.com\/fr\/packaging\/child-resistant-packaging\/\"><span style=\"font-weight: 400;\">emballage \u00e0 l'\u00e9preuve des enfants<\/span><\/a><span style=\"font-weight: 400;\"> CRC. <\/span><span style=\"font-weight: 400;\">Avec une gamme de formats pratiques pour un transport ais\u00e9, cette collection de bouteilles esth\u00e9tiquement agr\u00e9ables constitue une solution id\u00e9ale pour les personnes ayant des probl\u00e8mes de sant\u00e9.<\/span><span style=\"font-weight: 400;\"> une s\u00e9lection id\u00e9ale pour <\/span><span style=\"font-weight: 400;\">divers<\/span><span style=\"font-weight: 400;\"> produits et marques cosm\u00e9tiques.<\/span><\/p>\n<h3><span style=\"font-weight: 400;\">Caract\u00e9ristiques principales :<\/span><\/h3>\n<ul>\n<li style=\"font-weight: 400;\" aria-level=\"1\"><span style=\"font-weight: 400;\">Fabriqu\u00e9 \u00e0 partir de verre noir, ce colorant n'est pas susceptible de se rayer, comme les bouteilles en verre pulv\u00e9ris\u00e9.<\/span><\/li>\n<li style=\"font-weight: 400;\" aria-level=\"1\"><span style=\"font-weight: 400;\">Le col de 18 mm est compatible avec toutes les fermetures GL18 et d'autres formes de bouchons. <\/span><a href=\"https:\/\/originltd.com\/fr\/packaging\/closures-dispensers\/\"><span style=\"font-weight: 400;\">fermetures d'emballage<\/span><\/a><\/li>\n<li style=\"font-weight: 400;\" aria-level=\"1\"><span style=\"font-weight: 400;\">La conception du verre noir r\u00e9duit la sensibilit\u00e9 du contenu \u00e0 la d\u00e9gradation par les UV.<\/span><\/li>\n<\/ul>\n<h3><span style=\"font-weight: 400;\">Utilisations appropri\u00e9es :<\/span><\/h3>\n<ul>\n<li style=\"font-weight: 400;\" aria-level=\"1\"><span style=\"font-weight: 400;\">Convient pour une utilisation comme <\/span><a href=\"https:\/\/originltd.com\/fr\/packaging\/cosmetic-containers\/\"><span style=\"font-weight: 400;\">emballage cosm\u00e9tique<\/span><\/a><span style=\"font-weight: 400;\"> mais aussi <\/span><a href=\"https:\/\/originltd.com\/fr\/packaging\/health-wellbeing-packaging\/\"><span style=\"font-weight: 400;\">emballage de produits de bien-\u00eatre<\/span><\/a><\/li>\n<li style=\"font-weight: 400;\" aria-level=\"1\"><span style=\"font-weight: 400;\">Peut \u00eatre utilis\u00e9 pour les vaporisateurs de parfum, les emballages de soins de la peau, les emballages de CBD, les huiles essentielles, les huiles \u00e0 barbe, les s\u00e9rums capillaires et les rem\u00e8des \u00e0 base de plantes.<\/span><\/li>\n<\/ul>","protected":false},"featured_media":8874,"comment_status":"closed","ping_status":"closed","template":"","meta":{"_acf_changed":false},"product_brand":[],"product_cat":[2224,2185,102,119,2225,2227,2228,2226,2223,103,95],"product_tag":[],"class_list":{"0":"post-10832","1":"product","2":"type-product","3":"status-publish","4":"has-post-thumbnail","6":"product_cat-cbd","7":"product_cat-cosmetic-containers","8":"product_cat-glass-bottles","9":"product_cat-cosmetic-bottles","10":"product_cat-home-fragrance","11":"product_cat-lifestyle","12":"product_cat-perfume","13":"product_cat-personal-fragrance","14":"product_cat-skincare-bodycare","15":"product_cat-glass-dropper-bottles","16":"product_cat-glass","18":"first","19":"instock","20":"sold-individually","21":"shipping-taxable","22":"product-type-simple"},"acf":[],"yoast_head":"<!-- This site is optimized with the Yoast SEO plugin v27.5 - https:\/\/yoast.com\/product\/yoast-seo-wordpress\/ -->\n<title>10-100ml Black Glass Hampton Dropper Bottles | Origin Packaging<\/title>\n<meta name=\"description\" content=\"Discover Origin\u2019s selection of black glass Hampton dropper bottles for wholesale order, ranging from 10ml to 100ml and suitable for storing a range of cosmetic products.\" \/>\n<meta name=\"robots\" content=\"index, follow, max-snippet:-1, max-image-preview:large, max-video-preview:-1\" \/>\n<link rel=\"canonical\" href=\"https:\/\/originltd.com\/fr\/produit\/10-100ml-black-glass-dropper-bottles\/\" \/>\n<meta property=\"og:locale\" content=\"fr_FR\" \/>\n<meta property=\"og:type\" content=\"article\" \/>\n<meta property=\"og:title\" content=\"10-100ml Black Glass Hampton Dropper Bottles | Origin Packaging\" \/>\n<meta property=\"og:description\" content=\"Discover Origin\u2019s selection of black glass Hampton dropper bottles for wholesale order, ranging from 10ml to 100ml and suitable for storing a range of cosmetic products.\" \/>\n<meta property=\"og:url\" content=\"https:\/\/originltd.com\/fr\/produit\/10-100ml-black-glass-dropper-bottles\/\" \/>\n<meta property=\"og:site_name\" content=\"Origin Pharma Packaging\" \/>\n<meta property=\"article:publisher\" content=\"https:\/\/www.facebook.com\/originpharmapackaging\" \/>\n<meta property=\"article:modified_time\" content=\"2025-10-16T08:49:45+00:00\" \/>\n<meta property=\"og:image\" content=\"https:\/\/originltd.com\/wp-content\/uploads\/2022\/07\/hgl180100bk-scaled.jpg\" \/>\n\t<meta property=\"og:image:width\" content=\"1707\" \/>\n\t<meta property=\"og:image:height\" content=\"2560\" \/>\n\t<meta property=\"og:image:type\" content=\"image\/jpeg\" \/>\n<meta name=\"twitter:card\" content=\"summary_large_image\" \/>\n<meta name=\"twitter:site\" content=\"@originpharma\" \/>\n<meta name=\"twitter:label1\" content=\"Dur\u00e9e de lecture estim\u00e9e\" \/>\n\t<meta name=\"twitter:data1\" content=\"1 minute\" \/>\n<script type=\"application\/ld+json\" class=\"yoast-schema-graph\">{\"@context\":\"https:\\\/\\\/schema.org\",\"@graph\":[{\"@type\":\"WebPage\",\"@id\":\"https:\\\/\\\/originltd.com\\\/product\\\/10-100ml-black-glass-dropper-bottles\\\/\",\"url\":\"https:\\\/\\\/originltd.com\\\/product\\\/10-100ml-black-glass-dropper-bottles\\\/\",\"name\":\"10-100ml Black Glass Hampton Dropper Bottles | Origin Packaging\",\"isPartOf\":{\"@id\":\"https:\\\/\\\/originltd.com\\\/#website\"},\"primaryImageOfPage\":{\"@id\":\"https:\\\/\\\/originltd.com\\\/product\\\/10-100ml-black-glass-dropper-bottles\\\/#primaryimage\"},\"image\":{\"@id\":\"https:\\\/\\\/originltd.com\\\/product\\\/10-100ml-black-glass-dropper-bottles\\\/#primaryimage\"},\"thumbnailUrl\":\"https:\\\/\\\/originltd.com\\\/wp-content\\\/uploads\\\/2022\\\/07\\\/hgl180100bk-scaled.jpg\",\"datePublished\":\"2024-02-08T13:32:07+00:00\",\"dateModified\":\"2025-10-16T08:49:45+00:00\",\"description\":\"Discover Origin\u2019s selection of black glass Hampton dropper bottles for wholesale order, ranging from 10ml to 100ml and suitable for storing a range of cosmetic products.\",\"breadcrumb\":{\"@id\":\"https:\\\/\\\/originltd.com\\\/product\\\/10-100ml-black-glass-dropper-bottles\\\/#breadcrumb\"},\"inLanguage\":\"fr-FR\",\"potentialAction\":[{\"@type\":\"ReadAction\",\"target\":[\"https:\\\/\\\/originltd.com\\\/product\\\/10-100ml-black-glass-dropper-bottles\\\/\"]}]},{\"@type\":\"ImageObject\",\"inLanguage\":\"fr-FR\",\"@id\":\"https:\\\/\\\/originltd.com\\\/product\\\/10-100ml-black-glass-dropper-bottles\\\/#primaryimage\",\"url\":\"https:\\\/\\\/originltd.com\\\/wp-content\\\/uploads\\\/2022\\\/07\\\/hgl180100bk-scaled.jpg\",\"contentUrl\":\"https:\\\/\\\/originltd.com\\\/wp-content\\\/uploads\\\/2022\\\/07\\\/hgl180100bk-scaled.jpg\",\"width\":1707,\"height\":2560,\"caption\":\"Black Jar\"},{\"@type\":\"BreadcrumbList\",\"@id\":\"https:\\\/\\\/originltd.com\\\/product\\\/10-100ml-black-glass-dropper-bottles\\\/#breadcrumb\",\"itemListElement\":[{\"@type\":\"ListItem\",\"position\":1,\"name\":\"Home\",\"item\":\"https:\\\/\\\/originltd.com\\\/\"},{\"@type\":\"ListItem\",\"position\":2,\"name\":\"Pharmaceutical Packaging Products\",\"item\":\"https:\\\/\\\/originltd.com\\\/pharmaceutical-packaging\\\/\"},{\"@type\":\"ListItem\",\"position\":3,\"name\":\"Wholesale Glass Packaging\",\"item\":\"https:\\\/\\\/originltd.com\\\/packaging\\\/glass\\\/\"},{\"@type\":\"ListItem\",\"position\":4,\"name\":\"10-100ml Black Glass Dropper Bottles\"}]},{\"@type\":\"WebSite\",\"@id\":\"https:\\\/\\\/originltd.com\\\/#website\",\"url\":\"https:\\\/\\\/originltd.com\\\/\",\"name\":\"Origin Pharma Packaging\",\"description\":\"\",\"publisher\":{\"@id\":\"https:\\\/\\\/originltd.com\\\/#organization\"},\"alternateName\":\"Origin Ltd.\",\"potentialAction\":[{\"@type\":\"SearchAction\",\"target\":{\"@type\":\"EntryPoint\",\"urlTemplate\":\"https:\\\/\\\/originltd.com\\\/?s={search_term_string}\"},\"query-input\":{\"@type\":\"PropertyValueSpecification\",\"valueRequired\":true,\"valueName\":\"search_term_string\"}}],\"inLanguage\":\"fr-FR\"},{\"@type\":\"Organization\",\"@id\":\"https:\\\/\\\/originltd.com\\\/#organization\",\"name\":\"Origin Pharma Packaging\",\"url\":\"https:\\\/\\\/originltd.com\\\/\",\"logo\":{\"@type\":\"ImageObject\",\"inLanguage\":\"fr-FR\",\"@id\":\"https:\\\/\\\/originltd.com\\\/#\\\/schema\\\/logo\\\/image\\\/\",\"url\":\"https:\\\/\\\/originltd.com\\\/wp-content\\\/uploads\\\/2024\\\/06\\\/cropped-Origin-logo-For-Health-For-Life-RGB@10x.png\",\"contentUrl\":\"https:\\\/\\\/originltd.com\\\/wp-content\\\/uploads\\\/2024\\\/06\\\/cropped-Origin-logo-For-Health-For-Life-RGB@10x.png\",\"width\":227,\"height\":65,\"caption\":\"Origin Pharma Packaging\"},\"image\":{\"@id\":\"https:\\\/\\\/originltd.com\\\/#\\\/schema\\\/logo\\\/image\\\/\"},\"sameAs\":[\"https:\\\/\\\/www.facebook.com\\\/originpharmapackaging\",\"https:\\\/\\\/x.com\\\/originpharma\",\"https:\\\/\\\/www.linkedin.com\\\/company\\\/origin-packaging-ltd\\\/\",\"https:\\\/\\\/www.youtube.com\\\/channel\\\/UCOOJl3eFOiO7lJT6f5qHygA\"]}]}<\/script>\n<!-- \/ Yoast SEO plugin. -->","yoast_head_json":{"title":"10-100ml Flacons compte-gouttes Hampton en verre noir | Origin Packaging","description":"D\u00e9couvrez la s\u00e9lection de flacons compte-gouttes Hampton en verre noir d'Origin pour la vente en gros, allant de 10 ml \u00e0 100 ml et convenant \u00e0 la conservation d'une gamme de produits cosm\u00e9tiques.","robots":{"index":"index","follow":"follow","max-snippet":"max-snippet:-1","max-image-preview":"max-image-preview:large","max-video-preview":"max-video-preview:-1"},"canonical":"https:\/\/originltd.com\/fr\/produit\/10-100ml-black-glass-dropper-bottles\/","og_locale":"fr_FR","og_type":"article","og_title":"10-100ml Black Glass Hampton Dropper Bottles | Origin Packaging","og_description":"Discover Origin\u2019s selection of black glass Hampton dropper bottles for wholesale order, ranging from 10ml to 100ml and suitable for storing a range of cosmetic products.","og_url":"https:\/\/originltd.com\/fr\/produit\/10-100ml-black-glass-dropper-bottles\/","og_site_name":"Origin Pharma Packaging","article_publisher":"https:\/\/www.facebook.com\/originpharmapackaging","article_modified_time":"2025-10-16T08:49:45+00:00","og_image":[{"width":1707,"height":2560,"url":"https:\/\/originltd.com\/wp-content\/uploads\/2022\/07\/hgl180100bk-scaled.jpg","type":"image\/jpeg"}],"twitter_card":"summary_large_image","twitter_site":"@originpharma","twitter_misc":{"Dur\u00e9e de lecture estim\u00e9e":"1 minute"},"schema":{"@context":"https:\/\/schema.org","@graph":[{"@type":"WebPage","@id":"https:\/\/originltd.com\/product\/10-100ml-black-glass-dropper-bottles\/","url":"https:\/\/originltd.com\/product\/10-100ml-black-glass-dropper-bottles\/","name":"10-100ml Flacons compte-gouttes Hampton en verre noir | Origin Packaging","isPartOf":{"@id":"https:\/\/originltd.com\/#website"},"primaryImageOfPage":{"@id":"https:\/\/originltd.com\/product\/10-100ml-black-glass-dropper-bottles\/#primaryimage"},"image":{"@id":"https:\/\/originltd.com\/product\/10-100ml-black-glass-dropper-bottles\/#primaryimage"},"thumbnailUrl":"https:\/\/originltd.com\/wp-content\/uploads\/2022\/07\/hgl180100bk-scaled.jpg","datePublished":"2024-02-08T13:32:07+00:00","dateModified":"2025-10-16T08:49:45+00:00","description":"D\u00e9couvrez la s\u00e9lection de flacons compte-gouttes Hampton en verre noir d'Origin pour la vente en gros, allant de 10 ml \u00e0 100 ml et convenant \u00e0 la conservation d'une gamme de produits cosm\u00e9tiques.","breadcrumb":{"@id":"https:\/\/originltd.com\/product\/10-100ml-black-glass-dropper-bottles\/#breadcrumb"},"inLanguage":"fr-FR","potentialAction":[{"@type":"ReadAction","target":["https:\/\/originltd.com\/product\/10-100ml-black-glass-dropper-bottles\/"]}]},{"@type":"ImageObject","inLanguage":"fr-FR","@id":"https:\/\/originltd.com\/product\/10-100ml-black-glass-dropper-bottles\/#primaryimage","url":"https:\/\/originltd.com\/wp-content\/uploads\/2022\/07\/hgl180100bk-scaled.jpg","contentUrl":"https:\/\/originltd.com\/wp-content\/uploads\/2022\/07\/hgl180100bk-scaled.jpg","width":1707,"height":2560,"caption":"Black Jar"},{"@type":"BreadcrumbList","@id":"https:\/\/originltd.com\/product\/10-100ml-black-glass-dropper-bottles\/#breadcrumb","itemListElement":[{"@type":"ListItem","position":1,"name":"Home","item":"https:\/\/originltd.com\/"},{"@type":"ListItem","position":2,"name":"Pharmaceutical Packaging Products","item":"https:\/\/originltd.com\/pharmaceutical-packaging\/"},{"@type":"ListItem","position":3,"name":"Wholesale Glass Packaging","item":"https:\/\/originltd.com\/packaging\/glass\/"},{"@type":"ListItem","position":4,"name":"10-100ml Black Glass Dropper Bottles"}]},{"@type":"WebSite","@id":"https:\/\/originltd.com\/#website","url":"https:\/\/originltd.com\/","name":"Origin Pharma Packaging","description":"","publisher":{"@id":"https:\/\/originltd.com\/#organization"},"alternateName":"Origin Ltd.","potentialAction":[{"@type":"SearchAction","target":{"@type":"EntryPoint","urlTemplate":"https:\/\/originltd.com\/?s={search_term_string}"},"query-input":{"@type":"PropertyValueSpecification","valueRequired":true,"valueName":"search_term_string"}}],"inLanguage":"fr-FR"},{"@type":"Organization","@id":"https:\/\/originltd.com\/#organization","name":"Origin Pharma Packaging","url":"https:\/\/originltd.com\/","logo":{"@type":"ImageObject","inLanguage":"fr-FR","@id":"https:\/\/originltd.com\/#\/schema\/logo\/image\/","url":"https:\/\/originltd.com\/wp-content\/uploads\/2024\/06\/cropped-Origin-logo-For-Health-For-Life-RGB@10x.png","contentUrl":"https:\/\/originltd.com\/wp-content\/uploads\/2024\/06\/cropped-Origin-logo-For-Health-For-Life-RGB@10x.png","width":227,"height":65,"caption":"Origin Pharma Packaging"},"image":{"@id":"https:\/\/originltd.com\/#\/schema\/logo\/image\/"},"sameAs":["https:\/\/www.facebook.com\/originpharmapackaging","https:\/\/x.com\/originpharma","https:\/\/www.linkedin.com\/company\/origin-packaging-ltd\/","https:\/\/www.youtube.com\/channel\/UCOOJl3eFOiO7lJT6f5qHygA"]}]}},"_links":{"self":[{"href":"https:\/\/originltd.com\/fr\/wp-json\/wp\/v2\/product\/10832","targetHints":{"allow":["GET"]}}],"collection":[{"href":"https:\/\/originltd.com\/fr\/wp-json\/wp\/v2\/product"}],"about":[{"href":"https:\/\/originltd.com\/fr\/wp-json\/wp\/v2\/types\/product"}],"replies":[{"embeddable":true,"href":"https:\/\/originltd.com\/fr\/wp-json\/wp\/v2\/comments?post=10832"}],"wp:featuredmedia":[{"embeddable":true,"href":"https:\/\/originltd.com\/fr\/wp-json\/wp\/v2\/media\/8874"}],"wp:attachment":[{"href":"https:\/\/originltd.com\/fr\/wp-json\/wp\/v2\/media?parent=10832"}],"wp:term":[{"taxonomy":"product_brand","embeddable":true,"href":"https:\/\/originltd.com\/fr\/wp-json\/wp\/v2\/product_brand?post=10832"},{"taxonomy":"product_cat","embeddable":true,"href":"https:\/\/originltd.com\/fr\/wp-json\/wp\/v2\/product_cat?post=10832"},{"taxonomy":"product_tag","embeddable":true,"href":"https:\/\/originltd.com\/fr\/wp-json\/wp\/v2\/product_tag?post=10832"}],"curies":[{"name":"wp","href":"https:\/\/api.w.org\/{rel}","templated":true}]}}