
{"id":10765,"date":"2024-01-23T15:30:50","date_gmt":"2024-01-23T15:30:50","guid":{"rendered":"https:\/\/originltd.in-beta.dev\/?post_type=product&#038;p=10765"},"modified":"2025-10-07T15:21:30","modified_gmt":"2025-10-07T14:21:30","slug":"10ml-120ml-unicorn-pet-vape-clear-bottles-with-natural-crc-tamper-evident-cap","status":"publish","type":"product","link":"https:\/\/originltd.com\/fr\/product\/10ml-120ml-unicorn-pet-vape-clear-bottles-with-natural-crc-tamper-evident-cap\/","title":{"rendered":"10ml-120ml Unicorn PET Vape Flacons transparents avec Natural CRC &amp; Tamper Evident Cap"},"content":{"rendered":"","protected":false},"excerpt":{"rendered":"<p>Les bouteilles en PET de la Licorne sont con\u00e7ues pour contenir les liquides n\u00e9cessaires aux utilisateurs de vape. Elles sont compressibles et ne se brisent pas, tandis que l'embout est sp\u00e9cialement con\u00e7u pour le pack, ce qui garantit qu'il reste bien en place dans le goulot de la bouteille. Le pack est \u00e9galement s\u00e9curis\u00e9 pour les enfants, avec un bouchon \u00e0 l'\u00e9preuve des enfants et une bande d'inviolabilit\u00e9.<\/p>","protected":false},"featured_media":10766,"comment_status":"closed","ping_status":"closed","template":"","meta":{"_acf_changed":false},"product_brand":[],"product_cat":[2158,2208,2227,2229,2230,2231],"product_tag":[],"class_list":{"0":"post-10765","1":"product","2":"type-product","3":"status-publish","4":"has-post-thumbnail","6":"product_cat-child-resistant-packaging","7":"product_cat-controlled-substances-packaging","8":"product_cat-lifestyle","9":"product_cat-vape-closures-and-dispensers","10":"product_cat-vape-packaging","11":"product_cat-vape-bottles","13":"first","14":"instock","15":"sold-individually","16":"shipping-taxable","17":"product-type-simple"},"acf":[],"yoast_head":"<!-- This site is optimized with the Yoast SEO plugin v27.4 - https:\/\/yoast.com\/product\/yoast-seo-wordpress\/ -->\n<title>10ml-120ml Unicorn PET Vape Clear Bottles with Natural CRC &amp; Tamper Evident Cap | Origin Pharma Packaging<\/title>\n<meta name=\"description\" content=\"Clear Unicorn PET bottles for Vape liquids featuring a natural child resistant and tamper evident cap. Click to find out more.\" \/>\n<meta name=\"robots\" content=\"index, follow, max-snippet:-1, max-image-preview:large, max-video-preview:-1\" \/>\n<link rel=\"canonical\" href=\"https:\/\/originltd.com\/fr\/produit\/10ml-120ml-unicorn-pet-vape-clear-bottles-with-natural-crc-tamper-evident-cap\/\" \/>\n<meta property=\"og:locale\" content=\"fr_FR\" \/>\n<meta property=\"og:type\" content=\"article\" \/>\n<meta property=\"og:title\" content=\"10ml-120ml Unicorn PET Vape Clear Bottles with Natural CRC &amp; Tamper Evident Cap | Origin Pharma Packaging\" \/>\n<meta property=\"og:description\" content=\"Clear Unicorn PET bottles for Vape liquids featuring a natural child resistant and tamper evident cap. Click to find out more.\" \/>\n<meta property=\"og:url\" content=\"https:\/\/originltd.com\/fr\/produit\/10ml-120ml-unicorn-pet-vape-clear-bottles-with-natural-crc-tamper-evident-cap\/\" \/>\n<meta property=\"og:site_name\" content=\"Origin Pharma Packaging\" \/>\n<meta property=\"article:publisher\" content=\"https:\/\/www.facebook.com\/originpharmapackaging\" \/>\n<meta property=\"article:modified_time\" content=\"2025-10-07T14:21:30+00:00\" \/>\n<meta property=\"og:image\" content=\"https:\/\/originltd.com\/wp-content\/uploads\/2024\/01\/CGUB1-100MLV3-NATL.png\" \/>\n\t<meta property=\"og:image:width\" content=\"1800\" \/>\n\t<meta property=\"og:image:height\" content=\"2700\" \/>\n\t<meta property=\"og:image:type\" content=\"image\/png\" \/>\n<meta name=\"twitter:card\" content=\"summary_large_image\" \/>\n<meta name=\"twitter:site\" content=\"@originpharma\" \/>\n<meta name=\"twitter:label1\" content=\"Dur\u00e9e de lecture estim\u00e9e\" \/>\n\t<meta name=\"twitter:data1\" content=\"1 minute\" \/>\n<script type=\"application\/ld+json\" class=\"yoast-schema-graph\">{\"@context\":\"https:\\\/\\\/schema.org\",\"@graph\":[{\"@type\":\"WebPage\",\"@id\":\"https:\\\/\\\/originltd.com\\\/product\\\/10ml-120ml-unicorn-pet-vape-clear-bottles-with-natural-crc-tamper-evident-cap\\\/\",\"url\":\"https:\\\/\\\/originltd.com\\\/product\\\/10ml-120ml-unicorn-pet-vape-clear-bottles-with-natural-crc-tamper-evident-cap\\\/\",\"name\":\"10ml-120ml Unicorn PET Vape Clear Bottles with Natural CRC & Tamper Evident Cap | Origin Pharma Packaging\",\"isPartOf\":{\"@id\":\"https:\\\/\\\/originltd.com\\\/#website\"},\"primaryImageOfPage\":{\"@id\":\"https:\\\/\\\/originltd.com\\\/product\\\/10ml-120ml-unicorn-pet-vape-clear-bottles-with-natural-crc-tamper-evident-cap\\\/#primaryimage\"},\"image\":{\"@id\":\"https:\\\/\\\/originltd.com\\\/product\\\/10ml-120ml-unicorn-pet-vape-clear-bottles-with-natural-crc-tamper-evident-cap\\\/#primaryimage\"},\"thumbnailUrl\":\"https:\\\/\\\/originltd.com\\\/wp-content\\\/uploads\\\/2024\\\/01\\\/CGUB1-100MLV3-NATL.png\",\"datePublished\":\"2024-01-23T15:30:50+00:00\",\"dateModified\":\"2025-10-07T14:21:30+00:00\",\"description\":\"Clear Unicorn PET bottles for Vape liquids featuring a natural child resistant and tamper evident cap. Click to find out more.\",\"breadcrumb\":{\"@id\":\"https:\\\/\\\/originltd.com\\\/product\\\/10ml-120ml-unicorn-pet-vape-clear-bottles-with-natural-crc-tamper-evident-cap\\\/#breadcrumb\"},\"inLanguage\":\"fr-FR\",\"potentialAction\":[{\"@type\":\"ReadAction\",\"target\":[\"https:\\\/\\\/originltd.com\\\/product\\\/10ml-120ml-unicorn-pet-vape-clear-bottles-with-natural-crc-tamper-evident-cap\\\/\"]}]},{\"@type\":\"ImageObject\",\"inLanguage\":\"fr-FR\",\"@id\":\"https:\\\/\\\/originltd.com\\\/product\\\/10ml-120ml-unicorn-pet-vape-clear-bottles-with-natural-crc-tamper-evident-cap\\\/#primaryimage\",\"url\":\"https:\\\/\\\/originltd.com\\\/wp-content\\\/uploads\\\/2024\\\/01\\\/CGUB1-100MLV3-NATL.png\",\"contentUrl\":\"https:\\\/\\\/originltd.com\\\/wp-content\\\/uploads\\\/2024\\\/01\\\/CGUB1-100MLV3-NATL.png\",\"width\":1800,\"height\":2700,\"caption\":\"10ml-120ml Unicorn PET Vape Clear Bottles with Natural CRC & Tamper Evident Cap\"},{\"@type\":\"BreadcrumbList\",\"@id\":\"https:\\\/\\\/originltd.com\\\/product\\\/10ml-120ml-unicorn-pet-vape-clear-bottles-with-natural-crc-tamper-evident-cap\\\/#breadcrumb\",\"itemListElement\":[{\"@type\":\"ListItem\",\"position\":1,\"name\":\"Home\",\"item\":\"https:\\\/\\\/originltd.com\\\/\"},{\"@type\":\"ListItem\",\"position\":2,\"name\":\"Pharmaceutical Packaging Products\",\"item\":\"https:\\\/\\\/originltd.com\\\/pharmaceutical-packaging\\\/\"},{\"@type\":\"ListItem\",\"position\":3,\"name\":\"Child-Resistant Packaging\",\"item\":\"https:\\\/\\\/originltd.com\\\/packaging\\\/child-resistant-packaging\\\/\"},{\"@type\":\"ListItem\",\"position\":4,\"name\":\"10ml-120ml Unicorn PET Vape Clear Bottles with Natural CRC &#038; Tamper Evident Cap\"}]},{\"@type\":\"WebSite\",\"@id\":\"https:\\\/\\\/originltd.com\\\/#website\",\"url\":\"https:\\\/\\\/originltd.com\\\/\",\"name\":\"Origin Pharma Packaging\",\"description\":\"\",\"publisher\":{\"@id\":\"https:\\\/\\\/originltd.com\\\/#organization\"},\"alternateName\":\"Origin Ltd.\",\"potentialAction\":[{\"@type\":\"SearchAction\",\"target\":{\"@type\":\"EntryPoint\",\"urlTemplate\":\"https:\\\/\\\/originltd.com\\\/?s={search_term_string}\"},\"query-input\":{\"@type\":\"PropertyValueSpecification\",\"valueRequired\":true,\"valueName\":\"search_term_string\"}}],\"inLanguage\":\"fr-FR\"},{\"@type\":\"Organization\",\"@id\":\"https:\\\/\\\/originltd.com\\\/#organization\",\"name\":\"Origin Pharma Packaging\",\"url\":\"https:\\\/\\\/originltd.com\\\/\",\"logo\":{\"@type\":\"ImageObject\",\"inLanguage\":\"fr-FR\",\"@id\":\"https:\\\/\\\/originltd.com\\\/#\\\/schema\\\/logo\\\/image\\\/\",\"url\":\"https:\\\/\\\/originltd.com\\\/wp-content\\\/uploads\\\/2024\\\/06\\\/cropped-Origin-logo-For-Health-For-Life-RGB@10x.png\",\"contentUrl\":\"https:\\\/\\\/originltd.com\\\/wp-content\\\/uploads\\\/2024\\\/06\\\/cropped-Origin-logo-For-Health-For-Life-RGB@10x.png\",\"width\":227,\"height\":65,\"caption\":\"Origin Pharma Packaging\"},\"image\":{\"@id\":\"https:\\\/\\\/originltd.com\\\/#\\\/schema\\\/logo\\\/image\\\/\"},\"sameAs\":[\"https:\\\/\\\/www.facebook.com\\\/originpharmapackaging\",\"https:\\\/\\\/x.com\\\/originpharma\",\"https:\\\/\\\/www.linkedin.com\\\/company\\\/origin-packaging-ltd\\\/\",\"https:\\\/\\\/www.youtube.com\\\/channel\\\/UCOOJl3eFOiO7lJT6f5qHygA\"]}]}<\/script>\n<!-- \/ Yoast SEO plugin. -->","yoast_head_json":{"title":"10ml-120ml Unicorn PET Vape Clear Bottles with Natural CRC &amp; Tamper Evident Cap | Origin Pharma Packaging","description":"Bouteilles PET licorne transparentes pour les liquides de vapotage avec un bouchon naturel \u00e0 l'\u00e9preuve des enfants et inviolable. Cliquez ici pour en savoir plus.","robots":{"index":"index","follow":"follow","max-snippet":"max-snippet:-1","max-image-preview":"max-image-preview:large","max-video-preview":"max-video-preview:-1"},"canonical":"https:\/\/originltd.com\/fr\/produit\/10ml-120ml-unicorn-pet-vape-clear-bottles-with-natural-crc-tamper-evident-cap\/","og_locale":"fr_FR","og_type":"article","og_title":"10ml-120ml Unicorn PET Vape Clear Bottles with Natural CRC & Tamper Evident Cap | Origin Pharma Packaging","og_description":"Clear Unicorn PET bottles for Vape liquids featuring a natural child resistant and tamper evident cap. Click to find out more.","og_url":"https:\/\/originltd.com\/fr\/produit\/10ml-120ml-unicorn-pet-vape-clear-bottles-with-natural-crc-tamper-evident-cap\/","og_site_name":"Origin Pharma Packaging","article_publisher":"https:\/\/www.facebook.com\/originpharmapackaging","article_modified_time":"2025-10-07T14:21:30+00:00","og_image":[{"width":1800,"height":2700,"url":"https:\/\/originltd.com\/wp-content\/uploads\/2024\/01\/CGUB1-100MLV3-NATL.png","type":"image\/png"}],"twitter_card":"summary_large_image","twitter_site":"@originpharma","twitter_misc":{"Dur\u00e9e de lecture estim\u00e9e":"1 minute"},"schema":{"@context":"https:\/\/schema.org","@graph":[{"@type":"WebPage","@id":"https:\/\/originltd.com\/product\/10ml-120ml-unicorn-pet-vape-clear-bottles-with-natural-crc-tamper-evident-cap\/","url":"https:\/\/originltd.com\/product\/10ml-120ml-unicorn-pet-vape-clear-bottles-with-natural-crc-tamper-evident-cap\/","name":"10ml-120ml Unicorn PET Vape Clear Bottles with Natural CRC &amp; Tamper Evident Cap | Origin Pharma Packaging","isPartOf":{"@id":"https:\/\/originltd.com\/#website"},"primaryImageOfPage":{"@id":"https:\/\/originltd.com\/product\/10ml-120ml-unicorn-pet-vape-clear-bottles-with-natural-crc-tamper-evident-cap\/#primaryimage"},"image":{"@id":"https:\/\/originltd.com\/product\/10ml-120ml-unicorn-pet-vape-clear-bottles-with-natural-crc-tamper-evident-cap\/#primaryimage"},"thumbnailUrl":"https:\/\/originltd.com\/wp-content\/uploads\/2024\/01\/CGUB1-100MLV3-NATL.png","datePublished":"2024-01-23T15:30:50+00:00","dateModified":"2025-10-07T14:21:30+00:00","description":"Bouteilles PET licorne transparentes pour les liquides de vapotage avec un bouchon naturel \u00e0 l'\u00e9preuve des enfants et inviolable. Cliquez ici pour en savoir plus.","breadcrumb":{"@id":"https:\/\/originltd.com\/product\/10ml-120ml-unicorn-pet-vape-clear-bottles-with-natural-crc-tamper-evident-cap\/#breadcrumb"},"inLanguage":"fr-FR","potentialAction":[{"@type":"ReadAction","target":["https:\/\/originltd.com\/product\/10ml-120ml-unicorn-pet-vape-clear-bottles-with-natural-crc-tamper-evident-cap\/"]}]},{"@type":"ImageObject","inLanguage":"fr-FR","@id":"https:\/\/originltd.com\/product\/10ml-120ml-unicorn-pet-vape-clear-bottles-with-natural-crc-tamper-evident-cap\/#primaryimage","url":"https:\/\/originltd.com\/wp-content\/uploads\/2024\/01\/CGUB1-100MLV3-NATL.png","contentUrl":"https:\/\/originltd.com\/wp-content\/uploads\/2024\/01\/CGUB1-100MLV3-NATL.png","width":1800,"height":2700,"caption":"10ml-120ml Unicorn PET Vape Clear Bottles with Natural CRC & Tamper Evident Cap"},{"@type":"BreadcrumbList","@id":"https:\/\/originltd.com\/product\/10ml-120ml-unicorn-pet-vape-clear-bottles-with-natural-crc-tamper-evident-cap\/#breadcrumb","itemListElement":[{"@type":"ListItem","position":1,"name":"Home","item":"https:\/\/originltd.com\/"},{"@type":"ListItem","position":2,"name":"Pharmaceutical Packaging Products","item":"https:\/\/originltd.com\/pharmaceutical-packaging\/"},{"@type":"ListItem","position":3,"name":"Child-Resistant Packaging","item":"https:\/\/originltd.com\/packaging\/child-resistant-packaging\/"},{"@type":"ListItem","position":4,"name":"10ml-120ml Unicorn PET Vape Clear Bottles with Natural CRC &#038; Tamper Evident Cap"}]},{"@type":"WebSite","@id":"https:\/\/originltd.com\/#website","url":"https:\/\/originltd.com\/","name":"Origin Pharma Packaging","description":"","publisher":{"@id":"https:\/\/originltd.com\/#organization"},"alternateName":"Origin Ltd.","potentialAction":[{"@type":"SearchAction","target":{"@type":"EntryPoint","urlTemplate":"https:\/\/originltd.com\/?s={search_term_string}"},"query-input":{"@type":"PropertyValueSpecification","valueRequired":true,"valueName":"search_term_string"}}],"inLanguage":"fr-FR"},{"@type":"Organization","@id":"https:\/\/originltd.com\/#organization","name":"Origin Pharma Packaging","url":"https:\/\/originltd.com\/","logo":{"@type":"ImageObject","inLanguage":"fr-FR","@id":"https:\/\/originltd.com\/#\/schema\/logo\/image\/","url":"https:\/\/originltd.com\/wp-content\/uploads\/2024\/06\/cropped-Origin-logo-For-Health-For-Life-RGB@10x.png","contentUrl":"https:\/\/originltd.com\/wp-content\/uploads\/2024\/06\/cropped-Origin-logo-For-Health-For-Life-RGB@10x.png","width":227,"height":65,"caption":"Origin Pharma Packaging"},"image":{"@id":"https:\/\/originltd.com\/#\/schema\/logo\/image\/"},"sameAs":["https:\/\/www.facebook.com\/originpharmapackaging","https:\/\/x.com\/originpharma","https:\/\/www.linkedin.com\/company\/origin-packaging-ltd\/","https:\/\/www.youtube.com\/channel\/UCOOJl3eFOiO7lJT6f5qHygA"]}]}},"_links":{"self":[{"href":"https:\/\/originltd.com\/fr\/wp-json\/wp\/v2\/product\/10765","targetHints":{"allow":["GET"]}}],"collection":[{"href":"https:\/\/originltd.com\/fr\/wp-json\/wp\/v2\/product"}],"about":[{"href":"https:\/\/originltd.com\/fr\/wp-json\/wp\/v2\/types\/product"}],"replies":[{"embeddable":true,"href":"https:\/\/originltd.com\/fr\/wp-json\/wp\/v2\/comments?post=10765"}],"wp:featuredmedia":[{"embeddable":true,"href":"https:\/\/originltd.com\/fr\/wp-json\/wp\/v2\/media\/10766"}],"wp:attachment":[{"href":"https:\/\/originltd.com\/fr\/wp-json\/wp\/v2\/media?parent=10765"}],"wp:term":[{"taxonomy":"product_brand","embeddable":true,"href":"https:\/\/originltd.com\/fr\/wp-json\/wp\/v2\/product_brand?post=10765"},{"taxonomy":"product_cat","embeddable":true,"href":"https:\/\/originltd.com\/fr\/wp-json\/wp\/v2\/product_cat?post=10765"},{"taxonomy":"product_tag","embeddable":true,"href":"https:\/\/originltd.com\/fr\/wp-json\/wp\/v2\/product_tag?post=10765"}],"curies":[{"name":"wp","href":"https:\/\/api.w.org\/{rel}","templated":true}]}}