{"id":10477,"date":"2023-11-13T10:37:40","date_gmt":"2023-11-13T10:37:40","guid":{"rendered":"https:\/\/originltd.in-beta.dev\/?post_type=product&#038;p=10477"},"modified":"2025-01-29T10:58:42","modified_gmt":"2025-01-29T10:58:42","slug":"250ml-the-origin-jar-amber-glass-child-resistant","status":"publish","type":"product","link":"https:\/\/originltd.com\/fr\/product\/250ml-the-origin-jar-amber-glass-child-resistant\/","title":{"rendered":"Bocal 250ml The Origin Verre ambr\u00e9 S\u00e9curit\u00e9 enfants"},"content":{"rendered":"","protected":false},"excerpt":{"rendered":"<p>Le pot Origin, le pot de fleurs s\u00e9ch\u00e9es le plus appr\u00e9ci\u00e9 au monde, est d\u00e9sormais disponible en verre ambr\u00e9. Le bocal en verre utilise le m\u00eame couvercle que la version en PEHD, offrant une fermeture de s\u00e9curit\u00e9 pour les enfants, ce qui contribue \u00e0 la s\u00e9curit\u00e9 des patients.<\/p>\n<p>Le pot Origin est la solution parfaite pour emballer et conserver les fleurs s\u00e9ch\u00e9es. Le diam\u00e8tre du col est de 70 mm, ce qui permet d'acc\u00e9der facilement au produit lorsqu'il est ouvert.  Ce diam\u00e8tre est \u00e9galement optimal pour une utilisation par des adultes, tout en renfor\u00e7ant la r\u00e9sistance de l'emballage pour les enfants.<\/p>\n<p>Le bocal en verre Origin Jar se distingue par ses caract\u00e9ristiques :<\/p>\n<ul>\n<li>Il peut contenir jusqu'\u00e0 15 grammes de fleurs de cannabis s\u00e9ch\u00e9es.<\/li>\n<li>Le col est large pour faciliter la distribution<\/li>\n<li>Il offre un pot de qualit\u00e9 sup\u00e9rieure avec la r\u00e9sistance des enfants<\/li>\n<\/ul>","protected":false},"featured_media":10478,"comment_status":"closed","ping_status":"closed","template":"","meta":{"_acf_changed":false},"product_brand":[],"product_cat":[2213,2162,2158,665,104,95],"product_tag":[],"class_list":{"0":"post-10477","1":"product","2":"type-product","3":"status-publish","4":"has-post-thumbnail","6":"product_cat-amber-glass-bottles","7":"product_cat-containers","8":"product_cat-child-resistant-packaging","9":"product_cat-medicinal-cannabis-packaging","10":"product_cat-glass-jars","11":"product_cat-glass","13":"first","14":"instock","15":"sold-individually","16":"shipping-taxable","17":"product-type-simple"},"acf":[],"yoast_head":"<!-- This site is optimized with the Yoast SEO plugin v27.5 - https:\/\/yoast.com\/product\/yoast-seo-wordpress\/ -->\n<title>250ml The Origin Jar Amber Glass Child Resistant | Origin Pharma Packaging<\/title>\n<meta name=\"description\" content=\"The Origin Jar is the world&#039;s favourite dried flower jar and is now available in amber glass. Order your free sample today.\" \/>\n<meta name=\"robots\" content=\"index, follow, max-snippet:-1, max-image-preview:large, max-video-preview:-1\" \/>\n<link rel=\"canonical\" href=\"https:\/\/originltd.com\/fr\/produit\/250ml-the-origin-jar-amber-glass-child-resistant\/\" \/>\n<meta property=\"og:locale\" content=\"fr_FR\" \/>\n<meta property=\"og:type\" content=\"article\" \/>\n<meta property=\"og:title\" content=\"250ml The Origin Jar Amber Glass Child Resistant | Origin Pharma Packaging\" \/>\n<meta property=\"og:description\" content=\"The Origin Jar is the world&#039;s favourite dried flower jar and is now available in amber glass. Order your free sample today.\" \/>\n<meta property=\"og:url\" content=\"https:\/\/originltd.com\/fr\/produit\/250ml-the-origin-jar-amber-glass-child-resistant\/\" \/>\n<meta property=\"og:site_name\" content=\"Origin Pharma Packaging\" \/>\n<meta property=\"article:publisher\" content=\"https:\/\/www.facebook.com\/originpharmapackaging\" \/>\n<meta property=\"article:modified_time\" content=\"2025-01-29T10:58:42+00:00\" \/>\n<meta property=\"og:image\" content=\"https:\/\/originltd.com\/wp-content\/uploads\/2023\/11\/OJ31000500A-Amber-Ointment-Jar-R3-100-500ml-copy-scaled.jpg\" \/>\n\t<meta property=\"og:image:width\" content=\"2560\" \/>\n\t<meta property=\"og:image:height\" content=\"1707\" \/>\n\t<meta property=\"og:image:type\" content=\"image\/jpeg\" \/>\n<meta name=\"twitter:card\" content=\"summary_large_image\" \/>\n<meta name=\"twitter:site\" content=\"@originpharma\" \/>\n<meta name=\"twitter:label1\" content=\"Dur\u00e9e de lecture estim\u00e9e\" \/>\n\t<meta name=\"twitter:data1\" content=\"1 minute\" \/>\n<script type=\"application\/ld+json\" class=\"yoast-schema-graph\">{\"@context\":\"https:\\\/\\\/schema.org\",\"@graph\":[{\"@type\":\"WebPage\",\"@id\":\"https:\\\/\\\/originltd.com\\\/product\\\/250ml-the-origin-jar-amber-glass-child-resistant\\\/\",\"url\":\"https:\\\/\\\/originltd.com\\\/product\\\/250ml-the-origin-jar-amber-glass-child-resistant\\\/\",\"name\":\"250ml The Origin Jar Amber Glass Child Resistant | Origin Pharma Packaging\",\"isPartOf\":{\"@id\":\"https:\\\/\\\/originltd.com\\\/#website\"},\"primaryImageOfPage\":{\"@id\":\"https:\\\/\\\/originltd.com\\\/product\\\/250ml-the-origin-jar-amber-glass-child-resistant\\\/#primaryimage\"},\"image\":{\"@id\":\"https:\\\/\\\/originltd.com\\\/product\\\/250ml-the-origin-jar-amber-glass-child-resistant\\\/#primaryimage\"},\"thumbnailUrl\":\"https:\\\/\\\/originltd.com\\\/wp-content\\\/uploads\\\/2023\\\/11\\\/OJ31000500A-Amber-Ointment-Jar-R3-100-500ml-copy-scaled.jpg\",\"datePublished\":\"2023-11-13T10:37:40+00:00\",\"dateModified\":\"2025-01-29T10:58:42+00:00\",\"description\":\"The Origin Jar is the world's favourite dried flower jar and is now available in amber glass. Order your free sample today.\",\"breadcrumb\":{\"@id\":\"https:\\\/\\\/originltd.com\\\/product\\\/250ml-the-origin-jar-amber-glass-child-resistant\\\/#breadcrumb\"},\"inLanguage\":\"fr-FR\",\"potentialAction\":[{\"@type\":\"ReadAction\",\"target\":[\"https:\\\/\\\/originltd.com\\\/product\\\/250ml-the-origin-jar-amber-glass-child-resistant\\\/\"]}]},{\"@type\":\"ImageObject\",\"inLanguage\":\"fr-FR\",\"@id\":\"https:\\\/\\\/originltd.com\\\/product\\\/250ml-the-origin-jar-amber-glass-child-resistant\\\/#primaryimage\",\"url\":\"https:\\\/\\\/originltd.com\\\/wp-content\\\/uploads\\\/2023\\\/11\\\/OJ31000500A-Amber-Ointment-Jar-R3-100-500ml-copy-scaled.jpg\",\"contentUrl\":\"https:\\\/\\\/originltd.com\\\/wp-content\\\/uploads\\\/2023\\\/11\\\/OJ31000500A-Amber-Ointment-Jar-R3-100-500ml-copy-scaled.jpg\",\"width\":2560,\"height\":1707,\"caption\":\"250ml The Origin Jar Amber Glass Child Resistant\"},{\"@type\":\"BreadcrumbList\",\"@id\":\"https:\\\/\\\/originltd.com\\\/product\\\/250ml-the-origin-jar-amber-glass-child-resistant\\\/#breadcrumb\",\"itemListElement\":[{\"@type\":\"ListItem\",\"position\":1,\"name\":\"Home\",\"item\":\"https:\\\/\\\/originltd.com\\\/\"},{\"@type\":\"ListItem\",\"position\":2,\"name\":\"Pharmaceutical Packaging Products\",\"item\":\"https:\\\/\\\/originltd.com\\\/pharmaceutical-packaging\\\/\"},{\"@type\":\"ListItem\",\"position\":3,\"name\":\"Medicinal Cannabis Packaging\",\"item\":\"https:\\\/\\\/originltd.com\\\/packaging\\\/medicinal-cannabis-packaging\\\/\"},{\"@type\":\"ListItem\",\"position\":4,\"name\":\"250ml The Origin Jar Amber Glass Child Resistant\"}]},{\"@type\":\"WebSite\",\"@id\":\"https:\\\/\\\/originltd.com\\\/#website\",\"url\":\"https:\\\/\\\/originltd.com\\\/\",\"name\":\"Origin Pharma Packaging\",\"description\":\"\",\"publisher\":{\"@id\":\"https:\\\/\\\/originltd.com\\\/#organization\"},\"alternateName\":\"Origin Ltd.\",\"potentialAction\":[{\"@type\":\"SearchAction\",\"target\":{\"@type\":\"EntryPoint\",\"urlTemplate\":\"https:\\\/\\\/originltd.com\\\/?s={search_term_string}\"},\"query-input\":{\"@type\":\"PropertyValueSpecification\",\"valueRequired\":true,\"valueName\":\"search_term_string\"}}],\"inLanguage\":\"fr-FR\"},{\"@type\":\"Organization\",\"@id\":\"https:\\\/\\\/originltd.com\\\/#organization\",\"name\":\"Origin Pharma Packaging\",\"url\":\"https:\\\/\\\/originltd.com\\\/\",\"logo\":{\"@type\":\"ImageObject\",\"inLanguage\":\"fr-FR\",\"@id\":\"https:\\\/\\\/originltd.com\\\/#\\\/schema\\\/logo\\\/image\\\/\",\"url\":\"https:\\\/\\\/originltd.com\\\/wp-content\\\/uploads\\\/2024\\\/06\\\/cropped-Origin-logo-For-Health-For-Life-RGB@10x.png\",\"contentUrl\":\"https:\\\/\\\/originltd.com\\\/wp-content\\\/uploads\\\/2024\\\/06\\\/cropped-Origin-logo-For-Health-For-Life-RGB@10x.png\",\"width\":227,\"height\":65,\"caption\":\"Origin Pharma Packaging\"},\"image\":{\"@id\":\"https:\\\/\\\/originltd.com\\\/#\\\/schema\\\/logo\\\/image\\\/\"},\"sameAs\":[\"https:\\\/\\\/www.facebook.com\\\/originpharmapackaging\",\"https:\\\/\\\/x.com\\\/originpharma\",\"https:\\\/\\\/www.linkedin.com\\\/company\\\/origin-packaging-ltd\\\/\",\"https:\\\/\\\/www.youtube.com\\\/channel\\\/UCOOJl3eFOiO7lJT6f5qHygA\"]}]}<\/script>\n<!-- \/ Yoast SEO plugin. -->","yoast_head_json":{"title":"250ml The Origin Jar Amber Glass Child Resistant | Origin Pharma Packaging","description":"Le pot Origin est le pot de fleurs s\u00e9ch\u00e9es le plus appr\u00e9ci\u00e9 au monde et il est d\u00e9sormais disponible en verre ambr\u00e9. Commandez votre \u00e9chantillon gratuit d\u00e8s aujourd'hui.","robots":{"index":"index","follow":"follow","max-snippet":"max-snippet:-1","max-image-preview":"max-image-preview:large","max-video-preview":"max-video-preview:-1"},"canonical":"https:\/\/originltd.com\/fr\/produit\/250ml-the-origin-jar-amber-glass-child-resistant\/","og_locale":"fr_FR","og_type":"article","og_title":"250ml The Origin Jar Amber Glass Child Resistant | Origin Pharma Packaging","og_description":"The Origin Jar is the world's favourite dried flower jar and is now available in amber glass. Order your free sample today.","og_url":"https:\/\/originltd.com\/fr\/produit\/250ml-the-origin-jar-amber-glass-child-resistant\/","og_site_name":"Origin Pharma Packaging","article_publisher":"https:\/\/www.facebook.com\/originpharmapackaging","article_modified_time":"2025-01-29T10:58:42+00:00","og_image":[{"width":2560,"height":1707,"url":"https:\/\/originltd.com\/wp-content\/uploads\/2023\/11\/OJ31000500A-Amber-Ointment-Jar-R3-100-500ml-copy-scaled.jpg","type":"image\/jpeg"}],"twitter_card":"summary_large_image","twitter_site":"@originpharma","twitter_misc":{"Dur\u00e9e de lecture estim\u00e9e":"1 minute"},"schema":{"@context":"https:\/\/schema.org","@graph":[{"@type":"WebPage","@id":"https:\/\/originltd.com\/product\/250ml-the-origin-jar-amber-glass-child-resistant\/","url":"https:\/\/originltd.com\/product\/250ml-the-origin-jar-amber-glass-child-resistant\/","name":"250ml The Origin Jar Amber Glass Child Resistant | Origin Pharma Packaging","isPartOf":{"@id":"https:\/\/originltd.com\/#website"},"primaryImageOfPage":{"@id":"https:\/\/originltd.com\/product\/250ml-the-origin-jar-amber-glass-child-resistant\/#primaryimage"},"image":{"@id":"https:\/\/originltd.com\/product\/250ml-the-origin-jar-amber-glass-child-resistant\/#primaryimage"},"thumbnailUrl":"https:\/\/originltd.com\/wp-content\/uploads\/2023\/11\/OJ31000500A-Amber-Ointment-Jar-R3-100-500ml-copy-scaled.jpg","datePublished":"2023-11-13T10:37:40+00:00","dateModified":"2025-01-29T10:58:42+00:00","description":"Le pot Origin est le pot de fleurs s\u00e9ch\u00e9es le plus appr\u00e9ci\u00e9 au monde et il est d\u00e9sormais disponible en verre ambr\u00e9. Commandez votre \u00e9chantillon gratuit d\u00e8s aujourd'hui.","breadcrumb":{"@id":"https:\/\/originltd.com\/product\/250ml-the-origin-jar-amber-glass-child-resistant\/#breadcrumb"},"inLanguage":"fr-FR","potentialAction":[{"@type":"ReadAction","target":["https:\/\/originltd.com\/product\/250ml-the-origin-jar-amber-glass-child-resistant\/"]}]},{"@type":"ImageObject","inLanguage":"fr-FR","@id":"https:\/\/originltd.com\/product\/250ml-the-origin-jar-amber-glass-child-resistant\/#primaryimage","url":"https:\/\/originltd.com\/wp-content\/uploads\/2023\/11\/OJ31000500A-Amber-Ointment-Jar-R3-100-500ml-copy-scaled.jpg","contentUrl":"https:\/\/originltd.com\/wp-content\/uploads\/2023\/11\/OJ31000500A-Amber-Ointment-Jar-R3-100-500ml-copy-scaled.jpg","width":2560,"height":1707,"caption":"250ml The Origin Jar Amber Glass Child Resistant"},{"@type":"BreadcrumbList","@id":"https:\/\/originltd.com\/product\/250ml-the-origin-jar-amber-glass-child-resistant\/#breadcrumb","itemListElement":[{"@type":"ListItem","position":1,"name":"Home","item":"https:\/\/originltd.com\/"},{"@type":"ListItem","position":2,"name":"Pharmaceutical Packaging Products","item":"https:\/\/originltd.com\/pharmaceutical-packaging\/"},{"@type":"ListItem","position":3,"name":"Medicinal Cannabis Packaging","item":"https:\/\/originltd.com\/packaging\/medicinal-cannabis-packaging\/"},{"@type":"ListItem","position":4,"name":"250ml The Origin Jar Amber Glass Child Resistant"}]},{"@type":"WebSite","@id":"https:\/\/originltd.com\/#website","url":"https:\/\/originltd.com\/","name":"Origin Pharma Packaging","description":"","publisher":{"@id":"https:\/\/originltd.com\/#organization"},"alternateName":"Origin Ltd.","potentialAction":[{"@type":"SearchAction","target":{"@type":"EntryPoint","urlTemplate":"https:\/\/originltd.com\/?s={search_term_string}"},"query-input":{"@type":"PropertyValueSpecification","valueRequired":true,"valueName":"search_term_string"}}],"inLanguage":"fr-FR"},{"@type":"Organization","@id":"https:\/\/originltd.com\/#organization","name":"Origin Pharma Packaging","url":"https:\/\/originltd.com\/","logo":{"@type":"ImageObject","inLanguage":"fr-FR","@id":"https:\/\/originltd.com\/#\/schema\/logo\/image\/","url":"https:\/\/originltd.com\/wp-content\/uploads\/2024\/06\/cropped-Origin-logo-For-Health-For-Life-RGB@10x.png","contentUrl":"https:\/\/originltd.com\/wp-content\/uploads\/2024\/06\/cropped-Origin-logo-For-Health-For-Life-RGB@10x.png","width":227,"height":65,"caption":"Origin Pharma Packaging"},"image":{"@id":"https:\/\/originltd.com\/#\/schema\/logo\/image\/"},"sameAs":["https:\/\/www.facebook.com\/originpharmapackaging","https:\/\/x.com\/originpharma","https:\/\/www.linkedin.com\/company\/origin-packaging-ltd\/","https:\/\/www.youtube.com\/channel\/UCOOJl3eFOiO7lJT6f5qHygA"]}]}},"_links":{"self":[{"href":"https:\/\/originltd.com\/fr\/wp-json\/wp\/v2\/product\/10477","targetHints":{"allow":["GET"]}}],"collection":[{"href":"https:\/\/originltd.com\/fr\/wp-json\/wp\/v2\/product"}],"about":[{"href":"https:\/\/originltd.com\/fr\/wp-json\/wp\/v2\/types\/product"}],"replies":[{"embeddable":true,"href":"https:\/\/originltd.com\/fr\/wp-json\/wp\/v2\/comments?post=10477"}],"wp:featuredmedia":[{"embeddable":true,"href":"https:\/\/originltd.com\/fr\/wp-json\/wp\/v2\/media\/10478"}],"wp:attachment":[{"href":"https:\/\/originltd.com\/fr\/wp-json\/wp\/v2\/media?parent=10477"}],"wp:term":[{"taxonomy":"product_brand","embeddable":true,"href":"https:\/\/originltd.com\/fr\/wp-json\/wp\/v2\/product_brand?post=10477"},{"taxonomy":"product_cat","embeddable":true,"href":"https:\/\/originltd.com\/fr\/wp-json\/wp\/v2\/product_cat?post=10477"},{"taxonomy":"product_tag","embeddable":true,"href":"https:\/\/originltd.com\/fr\/wp-json\/wp\/v2\/product_tag?post=10477"}],"curies":[{"name":"wp","href":"https:\/\/api.w.org\/{rel}","templated":true}]}}