
{"id":10446,"date":"2023-11-03T10:12:37","date_gmt":"2023-11-03T10:12:37","guid":{"rendered":"https:\/\/originltd.in-beta.dev\/?post_type=product&#038;p=10446"},"modified":"2024-06-11T11:24:16","modified_gmt":"2024-06-11T10:24:16","slug":"monitored-dosage-system-mds","status":"publish","type":"product","link":"https:\/\/originltd.com\/fr\/product\/monitored-dosage-system-mds\/","title":{"rendered":"Syst\u00e8me de dosage surveill\u00e9 (SDM)"},"content":{"rendered":"","protected":false},"excerpt":{"rendered":"<p>L'Origin MDS est un moyen simple de g\u00e9rer les m\u00e9dicaments pour les patients qui ont plusieurs types de m\u00e9dicaments oraux solides \u00e0 prendre chaque jour.<\/p>\n<p>Fournissant des poches pour quatre heures diff\u00e9rentes de la journ\u00e9e sur sept jours, l'Origin MDS est beaucoup plus facile \u00e0 utiliser pour les pharmaciens, les maisons de soins et les patients que les solutions existantes.<\/p>\n<ul>\n<li>Conception monobloc et empilable<\/li>\n<li>Pochettes pour quatre moments de la journ\u00e9e sur sept jours, avec un code couleur pour une reconnaissance plus facile<\/li>\n<li>Feuille adh\u00e9sive d\u00e9tachable, facilitant le collage de la couverture. Plus besoin de rouleau !<\/li>\n<li>Il est possible d'apposer jusqu'\u00e0 10 \u00e9tiquettes de pharmacie. Des feuilles suppl\u00e9mentaires peuvent \u00eatre ajout\u00e9es si n\u00e9cessaire<\/li>\n<li>Fabriqu\u00e9s \u00e0 partir de PET et de carton, ils peuvent \u00eatre collect\u00e9s dans le cadre de programmes de recyclage locaux.<\/li>\n<\/ul>","protected":false},"featured_media":10449,"comment_status":"closed","ping_status":"closed","template":"","meta":{"_acf_changed":false},"product_brand":[],"product_cat":[96],"product_tag":[2212],"class_list":{"0":"post-10446","1":"product","2":"type-product","3":"status-publish","4":"has-post-thumbnail","6":"product_cat-plastic","7":"product_tag-new","9":"first","10":"instock","11":"sold-individually","12":"shipping-taxable","13":"product-type-simple"},"acf":[],"yoast_head":"<!-- This site is optimized with the Yoast SEO plugin v27.3 - https:\/\/yoast.com\/product\/yoast-seo-wordpress\/ -->\n<title>Monitored Dosage System (MDS) | Origin Pharma Packaging<\/title>\n<meta name=\"description\" content=\"The Origin MDS is a simple way to manage medication for patients with several types of solid oral dose medication to take each day. Click to find out more\" \/>\n<meta name=\"robots\" content=\"index, follow, max-snippet:-1, max-image-preview:large, max-video-preview:-1\" \/>\n<link rel=\"canonical\" href=\"https:\/\/originltd.com\/fr\/produit\/monitored-dosage-system-mds\/\" \/>\n<meta property=\"og:locale\" content=\"fr_FR\" \/>\n<meta property=\"og:type\" content=\"article\" \/>\n<meta property=\"og:title\" content=\"Monitored Dosage System (MDS) | Origin Pharma Packaging\" \/>\n<meta property=\"og:description\" content=\"The Origin MDS is a simple way to manage medication for patients with several types of solid oral dose medication to take each day. Click to find out more\" \/>\n<meta property=\"og:url\" content=\"https:\/\/originltd.com\/fr\/produit\/monitored-dosage-system-mds\/\" \/>\n<meta property=\"og:site_name\" content=\"Origin Pharma Packaging\" \/>\n<meta property=\"article:publisher\" content=\"https:\/\/www.facebook.com\/originpharmapackaging\" \/>\n<meta property=\"article:modified_time\" content=\"2024-06-11T10:24:16+00:00\" \/>\n<meta property=\"og:image\" content=\"https:\/\/originltd.com\/wp-content\/uploads\/2023\/11\/019-copy-scaled.jpg\" \/>\n\t<meta property=\"og:image:width\" content=\"2560\" \/>\n\t<meta property=\"og:image:height\" content=\"2240\" \/>\n\t<meta property=\"og:image:type\" content=\"image\/jpeg\" \/>\n<meta name=\"twitter:card\" content=\"summary_large_image\" \/>\n<meta name=\"twitter:site\" content=\"@originpharma\" \/>\n<meta name=\"twitter:label1\" content=\"Dur\u00e9e de lecture estim\u00e9e\" \/>\n\t<meta name=\"twitter:data1\" content=\"1 minute\" \/>\n<script type=\"application\/ld+json\" class=\"yoast-schema-graph\">{\"@context\":\"https:\\\/\\\/schema.org\",\"@graph\":[{\"@type\":\"WebPage\",\"@id\":\"https:\\\/\\\/originltd.com\\\/product\\\/monitored-dosage-system-mds\\\/\",\"url\":\"https:\\\/\\\/originltd.com\\\/product\\\/monitored-dosage-system-mds\\\/\",\"name\":\"Monitored Dosage System (MDS) | Origin Pharma Packaging\",\"isPartOf\":{\"@id\":\"https:\\\/\\\/originltd.com\\\/#website\"},\"primaryImageOfPage\":{\"@id\":\"https:\\\/\\\/originltd.com\\\/product\\\/monitored-dosage-system-mds\\\/#primaryimage\"},\"image\":{\"@id\":\"https:\\\/\\\/originltd.com\\\/product\\\/monitored-dosage-system-mds\\\/#primaryimage\"},\"thumbnailUrl\":\"https:\\\/\\\/originltd.com\\\/wp-content\\\/uploads\\\/2023\\\/11\\\/019-copy-scaled.jpg\",\"datePublished\":\"2023-11-03T10:12:37+00:00\",\"dateModified\":\"2024-06-11T10:24:16+00:00\",\"description\":\"The Origin MDS is a simple way to manage medication for patients with several types of solid oral dose medication to take each day. Click to find out more\",\"breadcrumb\":{\"@id\":\"https:\\\/\\\/originltd.com\\\/product\\\/monitored-dosage-system-mds\\\/#breadcrumb\"},\"inLanguage\":\"fr-FR\",\"potentialAction\":[{\"@type\":\"ReadAction\",\"target\":[\"https:\\\/\\\/originltd.com\\\/product\\\/monitored-dosage-system-mds\\\/\"]}]},{\"@type\":\"ImageObject\",\"inLanguage\":\"fr-FR\",\"@id\":\"https:\\\/\\\/originltd.com\\\/product\\\/monitored-dosage-system-mds\\\/#primaryimage\",\"url\":\"https:\\\/\\\/originltd.com\\\/wp-content\\\/uploads\\\/2023\\\/11\\\/019-copy-scaled.jpg\",\"contentUrl\":\"https:\\\/\\\/originltd.com\\\/wp-content\\\/uploads\\\/2023\\\/11\\\/019-copy-scaled.jpg\",\"width\":2560,\"height\":2240,\"caption\":\"Monitored Dosage System (MDS)\"},{\"@type\":\"BreadcrumbList\",\"@id\":\"https:\\\/\\\/originltd.com\\\/product\\\/monitored-dosage-system-mds\\\/#breadcrumb\",\"itemListElement\":[{\"@type\":\"ListItem\",\"position\":1,\"name\":\"Home\",\"item\":\"https:\\\/\\\/originltd.com\\\/\"},{\"@type\":\"ListItem\",\"position\":2,\"name\":\"Pharmaceutical Packaging Products\",\"item\":\"https:\\\/\\\/originltd.com\\\/pharmaceutical-packaging\\\/\"},{\"@type\":\"ListItem\",\"position\":3,\"name\":\"Plastic Packaging\",\"item\":\"https:\\\/\\\/originltd.com\\\/packaging\\\/plastic\\\/\"},{\"@type\":\"ListItem\",\"position\":4,\"name\":\"Monitored Dosage System (MDS)\"}]},{\"@type\":\"WebSite\",\"@id\":\"https:\\\/\\\/originltd.com\\\/#website\",\"url\":\"https:\\\/\\\/originltd.com\\\/\",\"name\":\"Origin Pharma Packaging\",\"description\":\"\",\"publisher\":{\"@id\":\"https:\\\/\\\/originltd.com\\\/#organization\"},\"alternateName\":\"Origin Ltd.\",\"potentialAction\":[{\"@type\":\"SearchAction\",\"target\":{\"@type\":\"EntryPoint\",\"urlTemplate\":\"https:\\\/\\\/originltd.com\\\/?s={search_term_string}\"},\"query-input\":{\"@type\":\"PropertyValueSpecification\",\"valueRequired\":true,\"valueName\":\"search_term_string\"}}],\"inLanguage\":\"fr-FR\"},{\"@type\":\"Organization\",\"@id\":\"https:\\\/\\\/originltd.com\\\/#organization\",\"name\":\"Origin Pharma Packaging\",\"url\":\"https:\\\/\\\/originltd.com\\\/\",\"logo\":{\"@type\":\"ImageObject\",\"inLanguage\":\"fr-FR\",\"@id\":\"https:\\\/\\\/originltd.com\\\/#\\\/schema\\\/logo\\\/image\\\/\",\"url\":\"https:\\\/\\\/originltd.com\\\/wp-content\\\/uploads\\\/2024\\\/06\\\/cropped-Origin-logo-For-Health-For-Life-RGB@10x.png\",\"contentUrl\":\"https:\\\/\\\/originltd.com\\\/wp-content\\\/uploads\\\/2024\\\/06\\\/cropped-Origin-logo-For-Health-For-Life-RGB@10x.png\",\"width\":227,\"height\":65,\"caption\":\"Origin Pharma Packaging\"},\"image\":{\"@id\":\"https:\\\/\\\/originltd.com\\\/#\\\/schema\\\/logo\\\/image\\\/\"},\"sameAs\":[\"https:\\\/\\\/www.facebook.com\\\/originpharmapackaging\",\"https:\\\/\\\/x.com\\\/originpharma\",\"https:\\\/\\\/www.linkedin.com\\\/company\\\/origin-packaging-ltd\\\/\",\"https:\\\/\\\/www.youtube.com\\\/channel\\\/UCOOJl3eFOiO7lJT6f5qHygA\"]}]}<\/script>\n<!-- \/ Yoast SEO plugin. -->","yoast_head_json":{"title":"Syst\u00e8me de dosage contr\u00f4l\u00e9 (MDS) | Origin Pharma Packaging","description":"L'Origin MDS est un moyen simple de g\u00e9rer les m\u00e9dicaments pour les patients qui ont plusieurs types de m\u00e9dicaments oraux solides \u00e0 prendre chaque jour. Cliquez ici pour en savoir plus","robots":{"index":"index","follow":"follow","max-snippet":"max-snippet:-1","max-image-preview":"max-image-preview:large","max-video-preview":"max-video-preview:-1"},"canonical":"https:\/\/originltd.com\/fr\/produit\/monitored-dosage-system-mds\/","og_locale":"fr_FR","og_type":"article","og_title":"Monitored Dosage System (MDS) | Origin Pharma Packaging","og_description":"The Origin MDS is a simple way to manage medication for patients with several types of solid oral dose medication to take each day. Click to find out more","og_url":"https:\/\/originltd.com\/fr\/produit\/monitored-dosage-system-mds\/","og_site_name":"Origin Pharma Packaging","article_publisher":"https:\/\/www.facebook.com\/originpharmapackaging","article_modified_time":"2024-06-11T10:24:16+00:00","og_image":[{"width":2560,"height":2240,"url":"https:\/\/originltd.com\/wp-content\/uploads\/2023\/11\/019-copy-scaled.jpg","type":"image\/jpeg"}],"twitter_card":"summary_large_image","twitter_site":"@originpharma","twitter_misc":{"Dur\u00e9e de lecture estim\u00e9e":"1 minute"},"schema":{"@context":"https:\/\/schema.org","@graph":[{"@type":"WebPage","@id":"https:\/\/originltd.com\/product\/monitored-dosage-system-mds\/","url":"https:\/\/originltd.com\/product\/monitored-dosage-system-mds\/","name":"Syst\u00e8me de dosage contr\u00f4l\u00e9 (MDS) | Origin Pharma Packaging","isPartOf":{"@id":"https:\/\/originltd.com\/#website"},"primaryImageOfPage":{"@id":"https:\/\/originltd.com\/product\/monitored-dosage-system-mds\/#primaryimage"},"image":{"@id":"https:\/\/originltd.com\/product\/monitored-dosage-system-mds\/#primaryimage"},"thumbnailUrl":"https:\/\/originltd.com\/wp-content\/uploads\/2023\/11\/019-copy-scaled.jpg","datePublished":"2023-11-03T10:12:37+00:00","dateModified":"2024-06-11T10:24:16+00:00","description":"L'Origin MDS est un moyen simple de g\u00e9rer les m\u00e9dicaments pour les patients qui ont plusieurs types de m\u00e9dicaments oraux solides \u00e0 prendre chaque jour. Cliquez ici pour en savoir plus","breadcrumb":{"@id":"https:\/\/originltd.com\/product\/monitored-dosage-system-mds\/#breadcrumb"},"inLanguage":"fr-FR","potentialAction":[{"@type":"ReadAction","target":["https:\/\/originltd.com\/product\/monitored-dosage-system-mds\/"]}]},{"@type":"ImageObject","inLanguage":"fr-FR","@id":"https:\/\/originltd.com\/product\/monitored-dosage-system-mds\/#primaryimage","url":"https:\/\/originltd.com\/wp-content\/uploads\/2023\/11\/019-copy-scaled.jpg","contentUrl":"https:\/\/originltd.com\/wp-content\/uploads\/2023\/11\/019-copy-scaled.jpg","width":2560,"height":2240,"caption":"Monitored Dosage System (MDS)"},{"@type":"BreadcrumbList","@id":"https:\/\/originltd.com\/product\/monitored-dosage-system-mds\/#breadcrumb","itemListElement":[{"@type":"ListItem","position":1,"name":"Home","item":"https:\/\/originltd.com\/"},{"@type":"ListItem","position":2,"name":"Pharmaceutical Packaging Products","item":"https:\/\/originltd.com\/pharmaceutical-packaging\/"},{"@type":"ListItem","position":3,"name":"Plastic Packaging","item":"https:\/\/originltd.com\/packaging\/plastic\/"},{"@type":"ListItem","position":4,"name":"Monitored Dosage System (MDS)"}]},{"@type":"WebSite","@id":"https:\/\/originltd.com\/#website","url":"https:\/\/originltd.com\/","name":"Origin Pharma Packaging","description":"","publisher":{"@id":"https:\/\/originltd.com\/#organization"},"alternateName":"Origin Ltd.","potentialAction":[{"@type":"SearchAction","target":{"@type":"EntryPoint","urlTemplate":"https:\/\/originltd.com\/?s={search_term_string}"},"query-input":{"@type":"PropertyValueSpecification","valueRequired":true,"valueName":"search_term_string"}}],"inLanguage":"fr-FR"},{"@type":"Organization","@id":"https:\/\/originltd.com\/#organization","name":"Origin Pharma Packaging","url":"https:\/\/originltd.com\/","logo":{"@type":"ImageObject","inLanguage":"fr-FR","@id":"https:\/\/originltd.com\/#\/schema\/logo\/image\/","url":"https:\/\/originltd.com\/wp-content\/uploads\/2024\/06\/cropped-Origin-logo-For-Health-For-Life-RGB@10x.png","contentUrl":"https:\/\/originltd.com\/wp-content\/uploads\/2024\/06\/cropped-Origin-logo-For-Health-For-Life-RGB@10x.png","width":227,"height":65,"caption":"Origin Pharma Packaging"},"image":{"@id":"https:\/\/originltd.com\/#\/schema\/logo\/image\/"},"sameAs":["https:\/\/www.facebook.com\/originpharmapackaging","https:\/\/x.com\/originpharma","https:\/\/www.linkedin.com\/company\/origin-packaging-ltd\/","https:\/\/www.youtube.com\/channel\/UCOOJl3eFOiO7lJT6f5qHygA"]}]}},"_links":{"self":[{"href":"https:\/\/originltd.com\/fr\/wp-json\/wp\/v2\/product\/10446","targetHints":{"allow":["GET"]}}],"collection":[{"href":"https:\/\/originltd.com\/fr\/wp-json\/wp\/v2\/product"}],"about":[{"href":"https:\/\/originltd.com\/fr\/wp-json\/wp\/v2\/types\/product"}],"replies":[{"embeddable":true,"href":"https:\/\/originltd.com\/fr\/wp-json\/wp\/v2\/comments?post=10446"}],"wp:featuredmedia":[{"embeddable":true,"href":"https:\/\/originltd.com\/fr\/wp-json\/wp\/v2\/media\/10449"}],"wp:attachment":[{"href":"https:\/\/originltd.com\/fr\/wp-json\/wp\/v2\/media?parent=10446"}],"wp:term":[{"taxonomy":"product_brand","embeddable":true,"href":"https:\/\/originltd.com\/fr\/wp-json\/wp\/v2\/product_brand?post=10446"},{"taxonomy":"product_cat","embeddable":true,"href":"https:\/\/originltd.com\/fr\/wp-json\/wp\/v2\/product_cat?post=10446"},{"taxonomy":"product_tag","embeddable":true,"href":"https:\/\/originltd.com\/fr\/wp-json\/wp\/v2\/product_tag?post=10446"}],"curies":[{"name":"wp","href":"https:\/\/api.w.org\/{rel}","templated":true}]}}