
{"id":3966,"date":"2018-08-23T18:50:48","date_gmt":"2018-08-23T17:50:48","guid":{"rendered":"https:\/\/originltd.in-beta.dev\/?page_id=3966"},"modified":"2024-03-07T13:09:27","modified_gmt":"2024-03-07T13:09:27","slug":"distributors","status":"publish","type":"page","link":"https:\/\/originltd.com\/fr\/contact-us\/distributors\/","title":{"rendered":"Les distributeurs de la soci\u00e9t\u00e9 Origin"},"content":{"rendered":"<div class=\"wpb-content-wrapper\"><div class=\"vc_row wpb_row vc_row-fluid\"><div class=\"wpb_animate_when_almost_visible wpb_fadeInUp fadeInUp wpb_column vc_column_container vc_col-sm-12\"><div class=\"vc_column-inner\"><div class=\"wpb_wrapper\">\n\t<div class=\"wpb_text_column wpb_content_element\" >\n\t\t<div class=\"wpb_wrapper\">\n\t\t\t<p><strong>Distribution Partners<\/strong><\/p>\n<p>To ensure that products are easily accessible to our international client base, Origin Pharma Packaging have a network of partners, geographically positioned to facilitate an efficient supply chain, increase speed to market for maturing enterprise and local supply for international consumers.<\/p>\n<p>This strategic distribution partner network is extensive and reliable. We apply customer-centric performance criteria to companies partnering us to ensure the quality and leverage of Origin\u2019s products globally.<\/p>\n<p><strong>Click on a country marker below which is nearest to you and submit your details to be put in touch with our distribution partner for your region.<\/strong><\/p>\n\n\t\t<\/div>\n\t<\/div>\n\r\n<div id=\"distributors_map\"><\/div>\r\n\t<script data-no-optimize=\"1\">\r\n\t\tvar distributor_markers = [{\"title\":\"UK\",\"lat\":53.74434,\"lng\":-0.33244},{\"title\":\"Pakistan\",\"lat\":30.37532,\"lng\":69.345116},{\"title\":\"UAE\",\"lat\":23.424076,\"lng\":53.847816},{\"title\":\"South Korea\",\"lat\":35.907757,\"lng\":127.766922},{\"title\":\"Canada\",\"lat\":56.130367,\"lng\":-106.346771}];\r\n\t<\/script>\r\n<\/div><\/div><\/div>\r\n<\/div>\r\n<div class=\"vc_row wpb_row vc_row-fluid\"><div class=\"wpb_animate_when_almost_visible wpb_fadeInUp fadeInUp wpb_column vc_column_container vc_col-sm-12\"><div class=\"vc_column-inner vc_custom_1535045343525\"><div class=\"wpb_wrapper\"><div class=\"vc_btn3-container  lightbox vc_btn3-center vc_do_btn\" ><a class=\"vc_general vc_btn3 vc_btn3-size-lg vc_btn3-shape-square vc_btn3-style-flat vc_btn3-color-turquoise\" href=\"https:\/\/originltd.in-beta.dev\/contact-us\/\" title=\"Contact Us\">Interested in becoming a partner? Register your interest here<\/a><\/div>\r\n<\/div><\/div><\/div>\r\n<\/div>\n<\/div>","protected":false},"excerpt":{"rendered":"Partenaires de distribution Pour s'assurer que les produits sont facilement accessibles \u00e0 notre client\u00e8le internationale, Origin Pharma Packaging dispose d'un r\u00e9seau de partenaires, g\u00e9ographiquement positionn\u00e9s pour faciliter une cha\u00eene d'approvisionnement efficace, accro\u00eetre la rapidit\u00e9 de mise sur le march\u00e9 pour les entreprises en phase de maturation et l'approvisionnement local pour les consommateurs internationaux. Ce r\u00e9seau de partenaires de distribution strat\u00e9gique est vaste et fiable. Nous appliquons une approche centr\u00e9e sur le client...","protected":false},"author":1,"featured_media":3980,"parent":9,"menu_order":0,"comment_status":"closed","ping_status":"closed","template":"","meta":{"_acf_changed":false,"footnotes":""},"class_list":["post-3966","page","type-page","status-publish","has-post-thumbnail","hentry"],"acf":[],"yoast_head":"<!-- This site is optimized with the Yoast SEO plugin v27.3 - https:\/\/yoast.com\/product\/yoast-seo-wordpress\/ -->\n<title>Distributors of Origin | Origin Pharma Packaging<\/title>\n<meta name=\"description\" content=\"Join our network of distributors at Origin. Contact us to learn about our offerings and how we can work together to achieve mutual success in the market.\" \/>\n<meta name=\"robots\" content=\"index, follow, max-snippet:-1, max-image-preview:large, max-video-preview:-1\" \/>\n<link rel=\"canonical\" href=\"https:\/\/originltd.com\/fr\/contact-us\/distributors\/\" \/>\n<meta property=\"og:locale\" content=\"fr_FR\" \/>\n<meta property=\"og:type\" content=\"article\" \/>\n<meta property=\"og:title\" content=\"Distributors of Origin | Origin Pharma Packaging\" \/>\n<meta property=\"og:description\" content=\"Join our network of distributors at Origin. Contact us to learn about our offerings and how we can work together to achieve mutual success in the market.\" \/>\n<meta property=\"og:url\" content=\"https:\/\/originltd.com\/fr\/contact-us\/distributors\/\" \/>\n<meta property=\"og:site_name\" content=\"Origin Pharma Packaging\" \/>\n<meta property=\"article:publisher\" content=\"https:\/\/www.facebook.com\/originpharmapackaging\" \/>\n<meta property=\"article:modified_time\" content=\"2024-03-07T13:09:27+00:00\" \/>\n<meta property=\"og:image\" content=\"https:\/\/originltd.com\/wp-content\/uploads\/2018\/08\/distributors-header.jpg\" \/>\n\t<meta property=\"og:image:width\" content=\"1600\" \/>\n\t<meta property=\"og:image:height\" content=\"400\" \/>\n\t<meta property=\"og:image:type\" content=\"image\/jpeg\" \/>\n<meta name=\"twitter:card\" content=\"summary_large_image\" \/>\n<meta name=\"twitter:site\" content=\"@originpharma\" \/>\n<meta name=\"twitter:label1\" content=\"Dur\u00e9e de lecture estim\u00e9e\" \/>\n\t<meta name=\"twitter:data1\" content=\"1 minute\" \/>\n<script type=\"application\/ld+json\" class=\"yoast-schema-graph\">{\"@context\":\"https:\\\/\\\/schema.org\",\"@graph\":[{\"@type\":\"WebPage\",\"@id\":\"https:\\\/\\\/originltd.com\\\/contact-us\\\/distributors\\\/\",\"url\":\"https:\\\/\\\/originltd.com\\\/contact-us\\\/distributors\\\/\",\"name\":\"Distributors of Origin | Origin Pharma Packaging\",\"isPartOf\":{\"@id\":\"https:\\\/\\\/originltd.com\\\/#website\"},\"primaryImageOfPage\":{\"@id\":\"https:\\\/\\\/originltd.com\\\/contact-us\\\/distributors\\\/#primaryimage\"},\"image\":{\"@id\":\"https:\\\/\\\/originltd.com\\\/contact-us\\\/distributors\\\/#primaryimage\"},\"thumbnailUrl\":\"https:\\\/\\\/originltd.com\\\/wp-content\\\/uploads\\\/2018\\\/08\\\/distributors-header.jpg\",\"datePublished\":\"2018-08-23T17:50:48+00:00\",\"dateModified\":\"2024-03-07T13:09:27+00:00\",\"description\":\"Join our network of distributors at Origin. Contact us to learn about our offerings and how we can work together to achieve mutual success in the market.\",\"breadcrumb\":{\"@id\":\"https:\\\/\\\/originltd.com\\\/contact-us\\\/distributors\\\/#breadcrumb\"},\"inLanguage\":\"fr-FR\",\"potentialAction\":[{\"@type\":\"ReadAction\",\"target\":[\"https:\\\/\\\/originltd.com\\\/contact-us\\\/distributors\\\/\"]}]},{\"@type\":\"ImageObject\",\"inLanguage\":\"fr-FR\",\"@id\":\"https:\\\/\\\/originltd.com\\\/contact-us\\\/distributors\\\/#primaryimage\",\"url\":\"https:\\\/\\\/originltd.com\\\/wp-content\\\/uploads\\\/2018\\\/08\\\/distributors-header.jpg\",\"contentUrl\":\"https:\\\/\\\/originltd.com\\\/wp-content\\\/uploads\\\/2018\\\/08\\\/distributors-header.jpg\",\"width\":1600,\"height\":400,\"caption\":\"Distributors of Origin\"},{\"@type\":\"BreadcrumbList\",\"@id\":\"https:\\\/\\\/originltd.com\\\/contact-us\\\/distributors\\\/#breadcrumb\",\"itemListElement\":[{\"@type\":\"ListItem\",\"position\":1,\"name\":\"Home\",\"item\":\"https:\\\/\\\/originltd.com\\\/\"},{\"@type\":\"ListItem\",\"position\":2,\"name\":\"Contact Us\",\"item\":\"https:\\\/\\\/originltd.com\\\/contact-us\\\/\"},{\"@type\":\"ListItem\",\"position\":3,\"name\":\"Distributors of Origin\"}]},{\"@type\":\"WebSite\",\"@id\":\"https:\\\/\\\/originltd.com\\\/#website\",\"url\":\"https:\\\/\\\/originltd.com\\\/\",\"name\":\"Origin Pharma Packaging\",\"description\":\"\",\"publisher\":{\"@id\":\"https:\\\/\\\/originltd.com\\\/#organization\"},\"alternateName\":\"Origin Ltd.\",\"potentialAction\":[{\"@type\":\"SearchAction\",\"target\":{\"@type\":\"EntryPoint\",\"urlTemplate\":\"https:\\\/\\\/originltd.com\\\/?s={search_term_string}\"},\"query-input\":{\"@type\":\"PropertyValueSpecification\",\"valueRequired\":true,\"valueName\":\"search_term_string\"}}],\"inLanguage\":\"fr-FR\"},{\"@type\":\"Organization\",\"@id\":\"https:\\\/\\\/originltd.com\\\/#organization\",\"name\":\"Origin Pharma Packaging\",\"url\":\"https:\\\/\\\/originltd.com\\\/\",\"logo\":{\"@type\":\"ImageObject\",\"inLanguage\":\"fr-FR\",\"@id\":\"https:\\\/\\\/originltd.com\\\/#\\\/schema\\\/logo\\\/image\\\/\",\"url\":\"https:\\\/\\\/originltd.com\\\/wp-content\\\/uploads\\\/2024\\\/06\\\/cropped-Origin-logo-For-Health-For-Life-RGB@10x.png\",\"contentUrl\":\"https:\\\/\\\/originltd.com\\\/wp-content\\\/uploads\\\/2024\\\/06\\\/cropped-Origin-logo-For-Health-For-Life-RGB@10x.png\",\"width\":227,\"height\":65,\"caption\":\"Origin Pharma Packaging\"},\"image\":{\"@id\":\"https:\\\/\\\/originltd.com\\\/#\\\/schema\\\/logo\\\/image\\\/\"},\"sameAs\":[\"https:\\\/\\\/www.facebook.com\\\/originpharmapackaging\",\"https:\\\/\\\/x.com\\\/originpharma\",\"https:\\\/\\\/www.linkedin.com\\\/company\\\/origin-packaging-ltd\\\/\",\"https:\\\/\\\/www.youtube.com\\\/channel\\\/UCOOJl3eFOiO7lJT6f5qHygA\"]}]}<\/script>\n<!-- \/ Yoast SEO plugin. -->","yoast_head_json":{"title":"Distributeurs d'Origin | Origin Pharma Packaging","description":"Rejoignez notre r\u00e9seau de distributeurs \u00e0 Origin. Contactez-nous pour en savoir plus sur nos offres et sur la fa\u00e7on dont nous pouvons travailler ensemble pour atteindre un succ\u00e8s mutuel sur le march\u00e9.","robots":{"index":"index","follow":"follow","max-snippet":"max-snippet:-1","max-image-preview":"max-image-preview:large","max-video-preview":"max-video-preview:-1"},"canonical":"https:\/\/originltd.com\/fr\/contact-us\/distributors\/","og_locale":"fr_FR","og_type":"article","og_title":"Distributors of Origin | Origin Pharma Packaging","og_description":"Join our network of distributors at Origin. Contact us to learn about our offerings and how we can work together to achieve mutual success in the market.","og_url":"https:\/\/originltd.com\/fr\/contact-us\/distributors\/","og_site_name":"Origin Pharma Packaging","article_publisher":"https:\/\/www.facebook.com\/originpharmapackaging","article_modified_time":"2024-03-07T13:09:27+00:00","og_image":[{"width":1600,"height":400,"url":"https:\/\/originltd.com\/wp-content\/uploads\/2018\/08\/distributors-header.jpg","type":"image\/jpeg"}],"twitter_card":"summary_large_image","twitter_site":"@originpharma","twitter_misc":{"Dur\u00e9e de lecture estim\u00e9e":"1 minute"},"schema":{"@context":"https:\/\/schema.org","@graph":[{"@type":"WebPage","@id":"https:\/\/originltd.com\/contact-us\/distributors\/","url":"https:\/\/originltd.com\/contact-us\/distributors\/","name":"Distributeurs d'Origin | Origin Pharma Packaging","isPartOf":{"@id":"https:\/\/originltd.com\/#website"},"primaryImageOfPage":{"@id":"https:\/\/originltd.com\/contact-us\/distributors\/#primaryimage"},"image":{"@id":"https:\/\/originltd.com\/contact-us\/distributors\/#primaryimage"},"thumbnailUrl":"https:\/\/originltd.com\/wp-content\/uploads\/2018\/08\/distributors-header.jpg","datePublished":"2018-08-23T17:50:48+00:00","dateModified":"2024-03-07T13:09:27+00:00","description":"Rejoignez notre r\u00e9seau de distributeurs \u00e0 Origin. Contactez-nous pour en savoir plus sur nos offres et sur la fa\u00e7on dont nous pouvons travailler ensemble pour atteindre un succ\u00e8s mutuel sur le march\u00e9.","breadcrumb":{"@id":"https:\/\/originltd.com\/contact-us\/distributors\/#breadcrumb"},"inLanguage":"fr-FR","potentialAction":[{"@type":"ReadAction","target":["https:\/\/originltd.com\/contact-us\/distributors\/"]}]},{"@type":"ImageObject","inLanguage":"fr-FR","@id":"https:\/\/originltd.com\/contact-us\/distributors\/#primaryimage","url":"https:\/\/originltd.com\/wp-content\/uploads\/2018\/08\/distributors-header.jpg","contentUrl":"https:\/\/originltd.com\/wp-content\/uploads\/2018\/08\/distributors-header.jpg","width":1600,"height":400,"caption":"Distributors of Origin"},{"@type":"BreadcrumbList","@id":"https:\/\/originltd.com\/contact-us\/distributors\/#breadcrumb","itemListElement":[{"@type":"ListItem","position":1,"name":"Home","item":"https:\/\/originltd.com\/"},{"@type":"ListItem","position":2,"name":"Contact Us","item":"https:\/\/originltd.com\/contact-us\/"},{"@type":"ListItem","position":3,"name":"Distributors of Origin"}]},{"@type":"WebSite","@id":"https:\/\/originltd.com\/#website","url":"https:\/\/originltd.com\/","name":"Origin Pharma Packaging","description":"","publisher":{"@id":"https:\/\/originltd.com\/#organization"},"alternateName":"Origin Ltd.","potentialAction":[{"@type":"SearchAction","target":{"@type":"EntryPoint","urlTemplate":"https:\/\/originltd.com\/?s={search_term_string}"},"query-input":{"@type":"PropertyValueSpecification","valueRequired":true,"valueName":"search_term_string"}}],"inLanguage":"fr-FR"},{"@type":"Organization","@id":"https:\/\/originltd.com\/#organization","name":"Origin Pharma Packaging","url":"https:\/\/originltd.com\/","logo":{"@type":"ImageObject","inLanguage":"fr-FR","@id":"https:\/\/originltd.com\/#\/schema\/logo\/image\/","url":"https:\/\/originltd.com\/wp-content\/uploads\/2024\/06\/cropped-Origin-logo-For-Health-For-Life-RGB@10x.png","contentUrl":"https:\/\/originltd.com\/wp-content\/uploads\/2024\/06\/cropped-Origin-logo-For-Health-For-Life-RGB@10x.png","width":227,"height":65,"caption":"Origin Pharma Packaging"},"image":{"@id":"https:\/\/originltd.com\/#\/schema\/logo\/image\/"},"sameAs":["https:\/\/www.facebook.com\/originpharmapackaging","https:\/\/x.com\/originpharma","https:\/\/www.linkedin.com\/company\/origin-packaging-ltd\/","https:\/\/www.youtube.com\/channel\/UCOOJl3eFOiO7lJT6f5qHygA"]}]}},"_links":{"self":[{"href":"https:\/\/originltd.com\/fr\/wp-json\/wp\/v2\/pages\/3966","targetHints":{"allow":["GET"]}}],"collection":[{"href":"https:\/\/originltd.com\/fr\/wp-json\/wp\/v2\/pages"}],"about":[{"href":"https:\/\/originltd.com\/fr\/wp-json\/wp\/v2\/types\/page"}],"author":[{"embeddable":true,"href":"https:\/\/originltd.com\/fr\/wp-json\/wp\/v2\/users\/1"}],"replies":[{"embeddable":true,"href":"https:\/\/originltd.com\/fr\/wp-json\/wp\/v2\/comments?post=3966"}],"version-history":[{"count":0,"href":"https:\/\/originltd.com\/fr\/wp-json\/wp\/v2\/pages\/3966\/revisions"}],"up":[{"embeddable":true,"href":"https:\/\/originltd.com\/fr\/wp-json\/wp\/v2\/pages\/9"}],"wp:featuredmedia":[{"embeddable":true,"href":"https:\/\/originltd.com\/fr\/wp-json\/wp\/v2\/media\/3980"}],"wp:attachment":[{"href":"https:\/\/originltd.com\/fr\/wp-json\/wp\/v2\/media?parent=3966"}],"curies":[{"name":"wp","href":"https:\/\/api.w.org\/{rel}","templated":true}]}}