
{"id":13805,"date":"2025-10-31T11:20:08","date_gmt":"2025-10-31T11:20:08","guid":{"rendered":"https:\/\/originltd.in-beta.dev\/?page_id=13805"},"modified":"2025-12-16T14:06:44","modified_gmt":"2025-12-16T14:06:44","slug":"sitemap","status":"publish","type":"page","link":"https:\/\/originltd.com\/fr\/sitemap\/","title":{"rendered":"Plan du site"},"content":{"rendered":"<div class=\"wpb-content-wrapper\"><div class=\"vc_row wpb_row vc_row-fluid\"><div class=\"wpb_column vc_column_container vc_col-sm-12\"><div class=\"vc_column-inner\"><div class=\"wpb_wrapper\">\n\t<div class=\"wpb_text_column wpb_content_element\" >\n\t\t<div class=\"wpb_wrapper\">\n\t\t\t<div id=\"simple-sitemap-container-69f2227423a54\" class=\"simple-sitemap-container simple-sitemap-container-69f2227423a54 tab-disabled\"><div class=\"simple-sitemap-wrap\"><h3 class=\"post-type\">Pages<\/h3><ul class=\"simple-sitemap-page main\"><li class=\"sitemap-item page_item page-item-1764 page_item_has_children\"><a href=\"https:\/\/originltd.com\/fr\/about-us\/\">Qui sommes-nous ?<\/a>\n<ul class='children'>\n\t<li class=\"sitemap-item page_item page-item-1782\"><a href=\"https:\/\/originltd.com\/fr\/about-us\/corporate-responsibility\/\">La responsabilit\u00e9 sociale de l'entreprise<\/a><\/li>\n\t<li class=\"sitemap-item page_item page-item-8325\"><a href=\"https:\/\/originltd.com\/fr\/about-us\/faqs\/\">Voici notre foire aux questions<\/a><\/li>\n\t<li class=\"sitemap-item page_item page-item-8780\"><a href=\"https:\/\/originltd.com\/fr\/about-us\/key-distributor-partners\/\">Nos principaux partenaires et distributeurs<\/a><\/li>\n\t<li class=\"sitemap-item page_item page-item-11938\"><a href=\"https:\/\/originltd.com\/fr\/about-us\/onshoring-nearshoring-policy\/\">Onshoring et Nearshoring : Notre position<\/a><\/li>\n\t<li class=\"sitemap-item page_item page-item-10704\"><a href=\"https:\/\/originltd.com\/fr\/about-us\/environmental-position\/\">L'origine et l'environnement : Notre position<\/a><\/li>\n\t<li class=\"sitemap-item page_item page-item-12775\"><a href=\"https:\/\/originltd.com\/fr\/about-us\/origin-australia\/\">Origine Australie<\/a><\/li>\n\t<li class=\"sitemap-item page_item page-item-11320\"><a href=\"https:\/\/originltd.com\/fr\/about-us\/our-commitment-to-quality\/\">Notre engagement en faveur de la qualit\u00e9<\/a><\/li>\n\t<li class=\"sitemap-item page_item page-item-1776\"><a href=\"https:\/\/originltd.com\/fr\/about-us\/our-culture\/\">Notre culture d'entreprise<\/a><\/li>\n\t<li class=\"sitemap-item page_item page-item-6768\"><a href=\"https:\/\/originltd.com\/fr\/about-us\/working-for-origin\/\">VENEZ TRAVAILLER CHEZ ORIGIN<\/a><\/li>\n<\/ul>\n<\/li>\n<li class=\"sitemap-item page_item page-item-6322 page_item_has_children\"><a href=\"https:\/\/originltd.com\/fr\/aseptic-filling-facility\/\">Chambres aseptis\u00e9es de remplissage<\/a>\n<ul class='children'>\n\t<li class=\"sitemap-item page_item page-item-8948\"><a href=\"https:\/\/originltd.com\/fr\/aseptic-filling-facility\/cleanroom-liquid-filling\/\">Le remplissage du liquide en salle blanche<\/a><\/li>\n\t<li class=\"sitemap-item page_item page-item-8980\"><a href=\"https:\/\/originltd.com\/fr\/aseptic-filling-facility\/iso-13485-certified-services\/\">Services d'emballage certifi\u00e9s ISO 13485<\/a><\/li>\n\t<li class=\"sitemap-item page_item page-item-8990\"><a href=\"https:\/\/originltd.com\/fr\/aseptic-filling-facility\/medical-device-ivd-contract-kitting\/\">Dispositifs m\u00e9dicaux et DIV Kitting sous contrat<\/a><\/li>\n\t<li class=\"sitemap-item page_item page-item-9007\"><a href=\"https:\/\/originltd.com\/fr\/aseptic-filling-facility\/private-label-services-for-ivds\/\">Services de marques priv\u00e9es pour les DIV<\/a><\/li>\n<\/ul>\n<\/li>\n<li class=\"sitemap-item page_item page-item-10\"><a href=\"https:\/\/originltd.com\/fr\/blog\/\">Blogue<\/a><\/li>\n<li class=\"sitemap-item page_item page-item-6274\"><a href=\"https:\/\/originltd.com\/fr\/cleanroom-manufacturing\/\">La fabrication en salle propre des emballages pharmaceutiques<\/a><\/li>\n<li class=\"sitemap-item page_item page-item-11611\"><a href=\"https:\/\/originltd.com\/fr\/cliccan\/\">ClicCan<\/a><\/li>\n<li class=\"sitemap-item page_item page-item-5810\"><a href=\"https:\/\/originltd.com\/fr\/conditions-of-sale\/\">Conditions de vente (\u00e9dition 2024)<\/a><\/li>\n<li class=\"sitemap-item page_item page-item-2970\"><a href=\"https:\/\/originltd.com\/fr\/contact-form\/\">Formulaire de contact<\/a><\/li>\n<li class=\"sitemap-item page_item page-item-9 page_item_has_children\"><a href=\"https:\/\/originltd.com\/fr\/contact-us\/\">Nous contacter<\/a>\n<ul class='children'>\n\t<li class=\"sitemap-item page_item page-item-1884\"><a href=\"https:\/\/originltd.com\/fr\/contact-us\/careers\/\">Offres d'emploi<\/a><\/li>\n\t<li class=\"sitemap-item page_item page-item-3966\"><a href=\"https:\/\/originltd.com\/fr\/contact-us\/distributors\/\">Les distributeurs de la soci\u00e9t\u00e9 Origin<\/a><\/li>\n\t<li class=\"sitemap-item page_item page-item-1887\"><a href=\"https:\/\/originltd.com\/fr\/contact-us\/online-portal\/\">Portail Origine<\/a><\/li>\n<\/ul>\n<\/li>\n<li class=\"sitemap-item page_item page-item-2037\"><a href=\"https:\/\/originltd.com\/fr\/cookie-policy\/\">Notre politique relative aux cookies<\/a><\/li>\n<li class=\"sitemap-item page_item page-item-3975\"><a href=\"https:\/\/originltd.com\/fr\/distributor-form\/\">Formulaire distributeur<\/a><\/li>\n<li class=\"sitemap-item page_item page-item-14116\"><a href=\"https:\/\/originltd.com\/fr\/enquiry-form\/\">Notre formulaire de demande d'informations<\/a><\/li>\n<li class=\"sitemap-item page_item page-item-14031\"><a href=\"https:\/\/originltd.com\/fr\/\">Accueil<\/a><\/li>\n<li class=\"sitemap-item page_item page-item-9825\"><a href=\"https:\/\/originltd.com\/fr\/making-pharmaceuticals\/\">Fabrication de produits pharmaceutiques<\/a><\/li>\n<li class=\"sitemap-item page_item page-item-1747 page_item_has_children\"><a href=\"https:\/\/originltd.com\/fr\/packaging-design\/\">Conception d'emballages<\/a>\n<ul class='children'>\n\t<li class=\"sitemap-item page_item page-item-2953\"><a href=\"https:\/\/originltd.com\/fr\/packaging-design\/digital-packaging\/\">L'emballage num\u00e9rique intelligent dans le\n\"cloud\"<\/a><\/li>\n\t<li class=\"sitemap-item page_item page-item-1894\"><a href=\"https:\/\/originltd.com\/fr\/packaging-design\/eu-directive\/\">La directive UE (en anglais)<\/a><\/li>\n\t<li class=\"sitemap-item page_item page-item-1811 page_item_has_children\"><a href=\"https:\/\/originltd.com\/fr\/packaging-design\/innovations\/\">Nos innovations<\/a>\n\t<ul class='children'>\n\t\t<li class=\"sitemap-item page_item page-item-3102\"><a href=\"https:\/\/originltd.com\/fr\/packaging-design\/innovations\/30ml-measuring-beaker\/\">B\u00e9cher de mesure de 30 ml<\/a><\/li>\n\t\t<li class=\"sitemap-item page_item page-item-3108\"><a href=\"https:\/\/originltd.com\/fr\/packaging-design\/innovations\/child-resistant-label-system\/\">Dispositif d'\u00e9tiquetage \u00e0 l'\u00e9preuve des enfants\nBLIS GUARD<\/a><\/li>\n\t\t<li class=\"sitemap-item page_item page-item-3118\"><a href=\"https:\/\/originltd.com\/fr\/packaging-design\/innovations\/child-resistant-pouches\/\">Sacs \u00e0 l'\u00e9preuve des enfants<\/a><\/li>\n\t\t<li class=\"sitemap-item page_item page-item-9640\"><a href=\"https:\/\/originltd.com\/fr\/packaging-design\/innovations\/child-resistant-pump-pack\/\">Dispositif Pump Pack \u00e0 l'\u00e9preuve des enfants<\/a><\/li>\n\t\t<li class=\"sitemap-item page_item page-item-10854\"><a href=\"https:\/\/originltd.com\/fr\/packaging-design\/innovations\/pharmacy-postal-packaging-range\/\">Gamme d'emballages postaux pour pharmacies<\/a><\/li>\n\t\t<li class=\"sitemap-item page_item page-item-3130\"><a href=\"https:\/\/originltd.com\/fr\/packaging-design\/innovations\/pp28-child-resistant-closure-lightweight\/\">Dispositif de fermeture PP28 \u00e0 l'\u00e9preuve des enfants : poids plume<\/a><\/li>\n\t\t<li class=\"sitemap-item page_item page-item-3122\"><a href=\"https:\/\/originltd.com\/fr\/packaging-design\/innovations\/pp28-child-resistant-closure-torque-on-beaker\/\">Dispositifs de fermeture PP28 \u00e0 l'\u00e9preuve des enfants : couple de serrage pour b\u00e9cher<\/a><\/li>\n\t\t<li class=\"sitemap-item page_item page-item-3078\"><a href=\"https:\/\/originltd.com\/fr\/packaging-design\/innovations\/reconstituted-drugs-dispensing-cap\/\">Bouchon d'administration de m\u00e9dicament reconstitu\u00e9<\/a><\/li>\n\t\t<li class=\"sitemap-item page_item page-item-3141\"><a href=\"https:\/\/originltd.com\/fr\/packaging-design\/innovations\/sealsafe\/\">Notre embout qui se r\u00e9tracte<\/a><\/li>\n\t<\/ul>\n<\/li>\n\t<li class=\"sitemap-item page_item page-item-4830\"><a href=\"https:\/\/originltd.com\/fr\/packaging-design\/medicinal-cannabis-packaging\/\">Conditionnement du cannabis m\u00e9dical<\/a><\/li>\n\t<li class=\"sitemap-item page_item page-item-1896\"><a href=\"https:\/\/originltd.com\/fr\/packaging-design\/child-resistant-packaging\/\">Notre approche de l'emballage innovant \u00e0 l'\u00e9preuve des enfants<\/a><\/li>\n<\/ul>\n<\/li>\n<li class=\"sitemap-item page_item page-item-1821 page_item_has_children\"><a href=\"https:\/\/originltd.com\/fr\/hp3\/\">Partenariats<\/a>\n<ul class='children'>\n\t<li class=\"sitemap-item page_item page-item-1829\"><a href=\"https:\/\/originltd.com\/fr\/hp3\/manufacturing\/\">Fabricant d'emballages primaires<\/a><\/li>\n\t<li class=\"sitemap-item page_item page-item-1825\"><a href=\"https:\/\/originltd.com\/fr\/hp3\/supply-chain-management\/\">La gestion de la cha\u00eene d'approvisionnement<\/a><\/li>\n<\/ul>\n<\/li>\n<li class=\"sitemap-item page_item page-item-3716\"><a href=\"https:\/\/originltd.com\/fr\/case-study\/\">\u00c9tude de cas :  une start-up dans le secteur pharmaceutique<\/a><\/li>\n<li class=\"sitemap-item page_item page-item-1083\"><a href=\"https:\/\/originltd.com\/fr\/pharmaceutical-packaging\/\">Produits de conditionnement pharmaceutique<\/a><\/li>\n<li class=\"sitemap-item page_item page-item-2039\"><a href=\"https:\/\/originltd.com\/fr\/privacy-policy\/\">Notre politique de confidentialit\u00e9 des donn\u00e9es \u00e0 caract\u00e8re personnel<\/a><\/li>\n<li class=\"sitemap-item page_item page-item-13805\"><a href=\"https:\/\/originltd.com\/fr\/sitemap\/\">Plan du site<\/a><\/li>\n<li class=\"sitemap-item page_item page-item-11899\"><a href=\"https:\/\/originltd.com\/fr\/sustainability\/\">Emballages et proc\u00e9d\u00e9s pharmaceutiques durables<\/a><\/li>\n<li class=\"sitemap-item page_item page-item-7051\"><a href=\"https:\/\/originltd.com\/fr\/purchasing-terms-and-conditions\/\">Conditions d'achat<\/a><\/li>\n<li class=\"sitemap-item page_item page-item-10744\"><a href=\"https:\/\/originltd.com\/fr\/terms-of-use\/\">Conditions d'utilisation<\/a><\/li>\n<li class=\"sitemap-item page_item page-item-12173\"><a href=\"https:\/\/originltd.com\/fr\/speedsample-thank-you\/\">Merci de votre attention<\/a><\/li>\n<li class=\"sitemap-item page_item page-item-12178\"><a href=\"https:\/\/originltd.com\/fr\/new-subscriber\/\">Merci de votre attention<\/a><\/li>\n<li class=\"sitemap-item page_item page-item-10734\"><a href=\"https:\/\/originltd.com\/fr\/thank-you\/\">Merci de votre attention<\/a><\/li>\n<li class=\"sitemap-item page_item page-item-8211\"><a href=\"https:\/\/originltd.com\/fr\/tooling-design-and-development\/\">Conception et d\u00e9veloppement d'outils<\/a><\/li>\n<li class=\"sitemap-item page_item page-item-4394\"><a href=\"https:\/\/originltd.com\/fr\/useful-resources\/\">Vade-mecum de l'emballage (articles r\u00e9dig\u00e9s en anglais)<\/a><\/li>\n<li class=\"sitemap-item page_item page-item-9482\"><a href=\"https:\/\/originltd.com\/fr\/visitor-screen\/\">\u00c9cran visiteurs<\/a><\/li>\n<\/ul><\/div><\/div><br style=\"clear: both;\">\r\n\n\n\t\t<\/div>\n\t<\/div>\n\r\n<\/div><\/div><\/div>\r\n<\/div>\r\n\n<\/div>","protected":false},"excerpt":{"rendered":"PagesAbout Us Corporate Social Responsibility FAQs Key Distributor Partners Onshoring and Nearshoring: Our Position Origin and the Environment: Our Position Origin Australia Our Commitment to Quality Our Culture Working for Origin Aseptic Filling Facility Cleanroom Liquid Filling ISO 13485-Certified Packaging Services Medical Device &amp; IVD Contract Kitting Private Label Services for IVDs Blog Cleanroom Manufacturing...","protected":false},"author":27,"featured_media":0,"parent":0,"menu_order":0,"comment_status":"closed","ping_status":"closed","template":"","meta":{"_acf_changed":false,"footnotes":""},"class_list":["post-13805","page","type-page","status-publish","hentry"],"acf":[],"yoast_head":"<!-- This site is optimized with the Yoast SEO plugin v27.4 - https:\/\/yoast.com\/product\/yoast-seo-wordpress\/ -->\n<title>Sitemap | Origin Pharma Packaging<\/title>\n<meta name=\"description\" content=\"Discover a comprehensive overview of Origin Ltd&#039;s services and solutions. Explore our sitemap for easy navigation and find what you need effortlessly.\" \/>\n<meta name=\"robots\" content=\"index, follow, max-snippet:-1, max-image-preview:large, max-video-preview:-1\" \/>\n<link rel=\"canonical\" href=\"https:\/\/originltd.com\/fr\/sitemap\/\" \/>\n<meta property=\"og:locale\" content=\"fr_FR\" \/>\n<meta property=\"og:type\" content=\"article\" \/>\n<meta property=\"og:title\" content=\"Sitemap | Origin Pharma Packaging\" \/>\n<meta property=\"og:description\" content=\"Discover a comprehensive overview of Origin Ltd&#039;s services and solutions. Explore our sitemap for easy navigation and find what you need effortlessly.\" \/>\n<meta property=\"og:url\" content=\"https:\/\/originltd.com\/fr\/sitemap\/\" \/>\n<meta property=\"og:site_name\" content=\"Origin Pharma Packaging\" \/>\n<meta property=\"article:publisher\" content=\"https:\/\/www.facebook.com\/originpharmapackaging\" \/>\n<meta property=\"article:modified_time\" content=\"2025-12-16T14:06:44+00:00\" \/>\n<meta property=\"og:image\" content=\"https:\/\/originltd.com\/wp-content\/uploads\/2018\/03\/home-banner.jpg\" \/>\n\t<meta property=\"og:image:width\" content=\"1440\" \/>\n\t<meta property=\"og:image:height\" content=\"1080\" \/>\n\t<meta property=\"og:image:type\" content=\"image\/jpeg\" \/>\n<meta name=\"twitter:card\" content=\"summary_large_image\" \/>\n<meta name=\"twitter:site\" content=\"@originpharma\" \/>\n<meta name=\"twitter:label1\" content=\"Dur\u00e9e de lecture estim\u00e9e\" \/>\n\t<meta name=\"twitter:data1\" content=\"1 minute\" \/>\n<script type=\"application\/ld+json\" class=\"yoast-schema-graph\">{\"@context\":\"https:\\\/\\\/schema.org\",\"@graph\":[{\"@type\":\"WebPage\",\"@id\":\"https:\\\/\\\/originltd.com\\\/sitemap\\\/\",\"url\":\"https:\\\/\\\/originltd.com\\\/sitemap\\\/\",\"name\":\"Sitemap | Origin Pharma Packaging\",\"isPartOf\":{\"@id\":\"https:\\\/\\\/originltd.com\\\/#website\"},\"datePublished\":\"2025-10-31T11:20:08+00:00\",\"dateModified\":\"2025-12-16T14:06:44+00:00\",\"description\":\"Discover a comprehensive overview of Origin Ltd's services and solutions. Explore our sitemap for easy navigation and find what you need effortlessly.\",\"breadcrumb\":{\"@id\":\"https:\\\/\\\/originltd.com\\\/sitemap\\\/#breadcrumb\"},\"inLanguage\":\"fr-FR\",\"potentialAction\":[{\"@type\":\"ReadAction\",\"target\":[\"https:\\\/\\\/originltd.com\\\/sitemap\\\/\"]}]},{\"@type\":\"BreadcrumbList\",\"@id\":\"https:\\\/\\\/originltd.com\\\/sitemap\\\/#breadcrumb\",\"itemListElement\":[{\"@type\":\"ListItem\",\"position\":1,\"name\":\"Home\",\"item\":\"https:\\\/\\\/originltd.com\\\/\"},{\"@type\":\"ListItem\",\"position\":2,\"name\":\"Sitemap\"}]},{\"@type\":\"WebSite\",\"@id\":\"https:\\\/\\\/originltd.com\\\/#website\",\"url\":\"https:\\\/\\\/originltd.com\\\/\",\"name\":\"Origin Pharma Packaging\",\"description\":\"\",\"publisher\":{\"@id\":\"https:\\\/\\\/originltd.com\\\/#organization\"},\"alternateName\":\"Origin Ltd.\",\"potentialAction\":[{\"@type\":\"SearchAction\",\"target\":{\"@type\":\"EntryPoint\",\"urlTemplate\":\"https:\\\/\\\/originltd.com\\\/?s={search_term_string}\"},\"query-input\":{\"@type\":\"PropertyValueSpecification\",\"valueRequired\":true,\"valueName\":\"search_term_string\"}}],\"inLanguage\":\"fr-FR\"},{\"@type\":\"Organization\",\"@id\":\"https:\\\/\\\/originltd.com\\\/#organization\",\"name\":\"Origin Pharma Packaging\",\"url\":\"https:\\\/\\\/originltd.com\\\/\",\"logo\":{\"@type\":\"ImageObject\",\"inLanguage\":\"fr-FR\",\"@id\":\"https:\\\/\\\/originltd.com\\\/#\\\/schema\\\/logo\\\/image\\\/\",\"url\":\"https:\\\/\\\/originltd.com\\\/wp-content\\\/uploads\\\/2024\\\/06\\\/cropped-Origin-logo-For-Health-For-Life-RGB@10x.png\",\"contentUrl\":\"https:\\\/\\\/originltd.com\\\/wp-content\\\/uploads\\\/2024\\\/06\\\/cropped-Origin-logo-For-Health-For-Life-RGB@10x.png\",\"width\":227,\"height\":65,\"caption\":\"Origin Pharma Packaging\"},\"image\":{\"@id\":\"https:\\\/\\\/originltd.com\\\/#\\\/schema\\\/logo\\\/image\\\/\"},\"sameAs\":[\"https:\\\/\\\/www.facebook.com\\\/originpharmapackaging\",\"https:\\\/\\\/x.com\\\/originpharma\",\"https:\\\/\\\/www.linkedin.com\\\/company\\\/origin-packaging-ltd\\\/\",\"https:\\\/\\\/www.youtube.com\\\/channel\\\/UCOOJl3eFOiO7lJT6f5qHygA\"]}]}<\/script>\n<!-- \/ Yoast SEO plugin. -->","yoast_head_json":{"title":"Carte de notre site internet | Origin Pharma Packaging","description":"Discover a comprehensive overview of Origin Ltd's services and solutions. Explore our sitemap for easy navigation and find what you need effortlessly.","robots":{"index":"index","follow":"follow","max-snippet":"max-snippet:-1","max-image-preview":"max-image-preview:large","max-video-preview":"max-video-preview:-1"},"canonical":"https:\/\/originltd.com\/fr\/sitemap\/","og_locale":"fr_FR","og_type":"article","og_title":"Sitemap | Origin Pharma Packaging","og_description":"Discover a comprehensive overview of Origin Ltd's services and solutions. Explore our sitemap for easy navigation and find what you need effortlessly.","og_url":"https:\/\/originltd.com\/fr\/sitemap\/","og_site_name":"Origin Pharma Packaging","article_publisher":"https:\/\/www.facebook.com\/originpharmapackaging","article_modified_time":"2025-12-16T14:06:44+00:00","og_image":[{"width":1440,"height":1080,"url":"https:\/\/originltd.com\/wp-content\/uploads\/2018\/03\/home-banner.jpg","type":"image\/jpeg"}],"twitter_card":"summary_large_image","twitter_site":"@originpharma","twitter_misc":{"Dur\u00e9e de lecture estim\u00e9e":"1 minute"},"schema":{"@context":"https:\/\/schema.org","@graph":[{"@type":"WebPage","@id":"https:\/\/originltd.com\/sitemap\/","url":"https:\/\/originltd.com\/sitemap\/","name":"Carte de notre site internet | Origin Pharma Packaging","isPartOf":{"@id":"https:\/\/originltd.com\/#website"},"datePublished":"2025-10-31T11:20:08+00:00","dateModified":"2025-12-16T14:06:44+00:00","description":"Discover a comprehensive overview of Origin Ltd's services and solutions. Explore our sitemap for easy navigation and find what you need effortlessly.","breadcrumb":{"@id":"https:\/\/originltd.com\/sitemap\/#breadcrumb"},"inLanguage":"fr-FR","potentialAction":[{"@type":"ReadAction","target":["https:\/\/originltd.com\/sitemap\/"]}]},{"@type":"BreadcrumbList","@id":"https:\/\/originltd.com\/sitemap\/#breadcrumb","itemListElement":[{"@type":"ListItem","position":1,"name":"Home","item":"https:\/\/originltd.com\/"},{"@type":"ListItem","position":2,"name":"Sitemap"}]},{"@type":"WebSite","@id":"https:\/\/originltd.com\/#website","url":"https:\/\/originltd.com\/","name":"Origin Pharma Packaging","description":"","publisher":{"@id":"https:\/\/originltd.com\/#organization"},"alternateName":"Origin Ltd.","potentialAction":[{"@type":"SearchAction","target":{"@type":"EntryPoint","urlTemplate":"https:\/\/originltd.com\/?s={search_term_string}"},"query-input":{"@type":"PropertyValueSpecification","valueRequired":true,"valueName":"search_term_string"}}],"inLanguage":"fr-FR"},{"@type":"Organization","@id":"https:\/\/originltd.com\/#organization","name":"Origin Pharma Packaging","url":"https:\/\/originltd.com\/","logo":{"@type":"ImageObject","inLanguage":"fr-FR","@id":"https:\/\/originltd.com\/#\/schema\/logo\/image\/","url":"https:\/\/originltd.com\/wp-content\/uploads\/2024\/06\/cropped-Origin-logo-For-Health-For-Life-RGB@10x.png","contentUrl":"https:\/\/originltd.com\/wp-content\/uploads\/2024\/06\/cropped-Origin-logo-For-Health-For-Life-RGB@10x.png","width":227,"height":65,"caption":"Origin Pharma Packaging"},"image":{"@id":"https:\/\/originltd.com\/#\/schema\/logo\/image\/"},"sameAs":["https:\/\/www.facebook.com\/originpharmapackaging","https:\/\/x.com\/originpharma","https:\/\/www.linkedin.com\/company\/origin-packaging-ltd\/","https:\/\/www.youtube.com\/channel\/UCOOJl3eFOiO7lJT6f5qHygA"]}]}},"_links":{"self":[{"href":"https:\/\/originltd.com\/fr\/wp-json\/wp\/v2\/pages\/13805","targetHints":{"allow":["GET"]}}],"collection":[{"href":"https:\/\/originltd.com\/fr\/wp-json\/wp\/v2\/pages"}],"about":[{"href":"https:\/\/originltd.com\/fr\/wp-json\/wp\/v2\/types\/page"}],"author":[{"embeddable":true,"href":"https:\/\/originltd.com\/fr\/wp-json\/wp\/v2\/users\/27"}],"replies":[{"embeddable":true,"href":"https:\/\/originltd.com\/fr\/wp-json\/wp\/v2\/comments?post=13805"}],"version-history":[{"count":1,"href":"https:\/\/originltd.com\/fr\/wp-json\/wp\/v2\/pages\/13805\/revisions"}],"predecessor-version":[{"id":13806,"href":"https:\/\/originltd.com\/fr\/wp-json\/wp\/v2\/pages\/13805\/revisions\/13806"}],"wp:attachment":[{"href":"https:\/\/originltd.com\/fr\/wp-json\/wp\/v2\/media?parent=13805"}],"curies":[{"name":"wp","href":"https:\/\/api.w.org\/{rel}","templated":true}]}}