
{"id":10704,"date":"2024-01-19T08:47:37","date_gmt":"2024-01-19T08:47:37","guid":{"rendered":"https:\/\/originltd.in-beta.dev\/?page_id=10704"},"modified":"2024-10-24T07:22:51","modified_gmt":"2024-10-24T06:22:51","slug":"environmental-position","status":"publish","type":"page","link":"https:\/\/originltd.com\/fr\/about-us\/environmental-position\/","title":{"rendered":"L'origine et l'environnement : Notre position"},"content":{"rendered":"<div class=\"wpb-content-wrapper\"><div class=\"vc_row wpb_row vc_row-fluid\"><div class=\"wpb_column vc_column_container vc_col-sm-12\"><div class=\"vc_column-inner\"><div class=\"wpb_wrapper\">\n\t<div class=\"wpb_text_column wpb_content_element wpb_animate_when_almost_visible wpb_fadeInUp fadeInUp\" >\n\t\t<div class=\"wpb_wrapper\">\n\t\t\t<p><strong>Notre objectif est de minimiser l'impact des activit\u00e9s de l'entreprise et de ses clients sur l'environnement.<\/strong><\/p>\n<p>Avec plus de 60 ans d'expertise, Origin r\u00e9pond aux demandes uniques des secteurs de la sant\u00e9 et du style de vie. Notre gamme de services s'\u00e9tend de la conception et du d\u00e9veloppement de produits \u00e0 la conformit\u00e9 r\u00e9glementaire, aux essais, \u00e0 la production et \u00e0 la gestion de l'approvisionnement.<\/p>\n<p>Cela signifie que nous sommes confront\u00e9s \u00e0 des d\u00e9fis en mati\u00e8re de durabilit\u00e9 \u00e0 chaque \u00e9tape, dans la recherche, le d\u00e9veloppement, l'optimisation, la conception et la fabrication de nouveaux produits, et dans les domaines suivants<br \/>\ntout au long de leur cha\u00eene d'approvisionnement mondiale jusqu'\u00e0 l'utilisateur final. Nous sommes convaincus que notre travail n'est jamais termin\u00e9, qu'il s'agisse de nos produits et processus existants ou de nos d\u00e9veloppements futurs.<\/p>\n<p>Nous nous engageons \u00e0 promouvoir l'innovation dans la conception des emballages et la gestion de l'approvisionnement afin de r\u00e9duire l'impact sur l'environnement sans compromettre la qualit\u00e9 ou l'int\u00e9grit\u00e9 des produits.<\/p>\n<p>Nous continuerons \u00e0 prendre une <a href=\"https:\/\/originltd.com\/fr\/sustainability\/\">approche holistique de la durabilit\u00e9<\/a>Nous sommes convaincus qu'une politique r\u00e9fl\u00e9chie, ax\u00e9e sur la conception de produits respectueux de l'environnement, est la meilleure fa\u00e7on d'atteindre les objectifs de l'Union europ\u00e9enne.<br \/>\nL'int\u00e9gration des principes de d\u00e9veloppement durable dans nos processus et la priorit\u00e9 donn\u00e9e \u00e0 la durabilit\u00e9 \u00e0 long terme plut\u00f4t qu'aux gains \u00e0 court terme seront les plus profitables \u00e0 nos collaborateurs, \u00e0 nos clients et \u00e0 l'environnement. Nous nous engageons \u00e0 faire ce qu'il faut - et non \u00e0 donner l'impression de faire ce qu'il faut.<\/p>\n<p>Notre brochure intitul\u00e9e \"L'origine et l'environnement : Notre position, donne plus de d\u00e9tails sur la fa\u00e7on dont nous travaillons pour assurer que la durabilit\u00e9 est la cl\u00e9 de l'emballage primaire pour l'avenir. Cliquez ci-dessous pour la t\u00e9l\u00e9charger.<\/p>\n\n\t\t<\/div>\n\t<\/div>\n\r\n<div class=\"vc_btn3-container  btn-child-resistant-landing vc_btn3-center vc_do_btn\" ><a class=\"vc_general vc_btn3 vc_btn3-size-md vc_btn3-shape-rounded vc_btn3-style-flat vc_btn3-icon-right vc_btn3-color-turquoise\" href=\"https:\/\/originltd.in-beta.dev\/wp-content\/uploads\/2024\/01\/Origin-and-the-Environment-Our-Position-Digital.pdf\" title=\"\" target=\"_blank\">T\u00e9l\u00e9charger <i class=\"vc_btn3-icon fas fa-arrow-alt-circle-down\"><\/i><\/a><\/div>\r\n<\/div><\/div><\/div>\r\n<\/div>\r\n\n<\/div>","protected":false},"excerpt":{"rendered":"Notre objectif est de minimiser l'impact des activit\u00e9s de l'entreprise et de ses clients sur l'environnement. Forte de plus de 60 ans d'expertise, Origin r\u00e9pond aux demandes sp\u00e9cifiques des secteurs de la sant\u00e9 et de l'art de vivre. Notre gamme de services s'\u00e9tend de la conception et du d\u00e9veloppement de produits \u00e0 la conformit\u00e9 r\u00e9glementaire, aux essais, \u00e0 la production et \u00e0 la gestion de l'approvisionnement. Cette...","protected":false},"author":2,"featured_media":10709,"parent":1764,"menu_order":0,"comment_status":"closed","ping_status":"closed","template":"","meta":{"_acf_changed":false,"footnotes":""},"class_list":["post-10704","page","type-page","status-publish","has-post-thumbnail","hentry"],"acf":[],"yoast_head":"<!-- This site is optimized with the Yoast SEO plugin v27.4 - https:\/\/yoast.com\/product\/yoast-seo-wordpress\/ -->\n<title>Origin and the Environment: Our Position | Origin<\/title>\n<meta name=\"description\" content=\"Find our more about the environmental and sustainability challenges in the pharmaceutical primary packaging sector and how we are facing them\" \/>\n<meta name=\"robots\" content=\"index, follow, max-snippet:-1, max-image-preview:large, max-video-preview:-1\" \/>\n<link rel=\"canonical\" href=\"https:\/\/originltd.com\/fr\/about-us\/environmental-position\/\" \/>\n<meta property=\"og:locale\" content=\"fr_FR\" \/>\n<meta property=\"og:type\" content=\"article\" \/>\n<meta property=\"og:title\" content=\"Origin and the Environment: Our Position | Origin\" \/>\n<meta property=\"og:description\" content=\"Find our more about the environmental and sustainability challenges in the pharmaceutical primary packaging sector and how we are facing them\" \/>\n<meta property=\"og:url\" content=\"https:\/\/originltd.com\/fr\/about-us\/environmental-position\/\" \/>\n<meta property=\"og:site_name\" content=\"Origin Pharma Packaging\" \/>\n<meta property=\"article:publisher\" content=\"https:\/\/www.facebook.com\/originpharmapackaging\" \/>\n<meta property=\"article:modified_time\" content=\"2024-10-24T06:22:51+00:00\" \/>\n<meta property=\"og:image\" content=\"https:\/\/originltd.com\/wp-content\/uploads\/2024\/01\/Environmental-Policy-Web-Banner-1024x683.png\" \/>\n\t<meta property=\"og:image:width\" content=\"1024\" \/>\n\t<meta property=\"og:image:height\" content=\"683\" \/>\n\t<meta property=\"og:image:type\" content=\"image\/png\" \/>\n<meta name=\"twitter:card\" content=\"summary_large_image\" \/>\n<meta name=\"twitter:site\" content=\"@originpharma\" \/>\n<meta name=\"twitter:label1\" content=\"Dur\u00e9e de lecture estim\u00e9e\" \/>\n\t<meta name=\"twitter:data1\" content=\"2 minutes\" \/>\n<script type=\"application\/ld+json\" class=\"yoast-schema-graph\">{\"@context\":\"https:\\\/\\\/schema.org\",\"@graph\":[{\"@type\":\"WebPage\",\"@id\":\"https:\\\/\\\/originltd.com\\\/about-us\\\/environmental-position\\\/\",\"url\":\"https:\\\/\\\/originltd.com\\\/about-us\\\/environmental-position\\\/\",\"name\":\"Origin and the Environment: Our Position | Origin\",\"isPartOf\":{\"@id\":\"https:\\\/\\\/originltd.com\\\/#website\"},\"primaryImageOfPage\":{\"@id\":\"https:\\\/\\\/originltd.com\\\/about-us\\\/environmental-position\\\/#primaryimage\"},\"image\":{\"@id\":\"https:\\\/\\\/originltd.com\\\/about-us\\\/environmental-position\\\/#primaryimage\"},\"thumbnailUrl\":\"https:\\\/\\\/originltd.com\\\/wp-content\\\/uploads\\\/2024\\\/01\\\/Environmental-Policy-Web-Banner.png\",\"datePublished\":\"2024-01-19T08:47:37+00:00\",\"dateModified\":\"2024-10-24T06:22:51+00:00\",\"description\":\"Find our more about the environmental and sustainability challenges in the pharmaceutical primary packaging sector and how we are facing them\",\"breadcrumb\":{\"@id\":\"https:\\\/\\\/originltd.com\\\/about-us\\\/environmental-position\\\/#breadcrumb\"},\"inLanguage\":\"fr-FR\",\"potentialAction\":[{\"@type\":\"ReadAction\",\"target\":[\"https:\\\/\\\/originltd.com\\\/about-us\\\/environmental-position\\\/\"]}]},{\"@type\":\"ImageObject\",\"inLanguage\":\"fr-FR\",\"@id\":\"https:\\\/\\\/originltd.com\\\/about-us\\\/environmental-position\\\/#primaryimage\",\"url\":\"https:\\\/\\\/originltd.com\\\/wp-content\\\/uploads\\\/2024\\\/01\\\/Environmental-Policy-Web-Banner.png\",\"contentUrl\":\"https:\\\/\\\/originltd.com\\\/wp-content\\\/uploads\\\/2024\\\/01\\\/Environmental-Policy-Web-Banner.png\",\"width\":5333,\"height\":3556,\"caption\":\"Environmental Policy\"},{\"@type\":\"BreadcrumbList\",\"@id\":\"https:\\\/\\\/originltd.com\\\/about-us\\\/environmental-position\\\/#breadcrumb\",\"itemListElement\":[{\"@type\":\"ListItem\",\"position\":1,\"name\":\"Home\",\"item\":\"https:\\\/\\\/originltd.com\\\/\"},{\"@type\":\"ListItem\",\"position\":2,\"name\":\"About Us\",\"item\":\"https:\\\/\\\/originltd.com\\\/about-us\\\/\"},{\"@type\":\"ListItem\",\"position\":3,\"name\":\"Origin and the Environment: Our Position\"}]},{\"@type\":\"WebSite\",\"@id\":\"https:\\\/\\\/originltd.com\\\/#website\",\"url\":\"https:\\\/\\\/originltd.com\\\/\",\"name\":\"Origin Pharma Packaging\",\"description\":\"\",\"publisher\":{\"@id\":\"https:\\\/\\\/originltd.com\\\/#organization\"},\"alternateName\":\"Origin Ltd.\",\"potentialAction\":[{\"@type\":\"SearchAction\",\"target\":{\"@type\":\"EntryPoint\",\"urlTemplate\":\"https:\\\/\\\/originltd.com\\\/?s={search_term_string}\"},\"query-input\":{\"@type\":\"PropertyValueSpecification\",\"valueRequired\":true,\"valueName\":\"search_term_string\"}}],\"inLanguage\":\"fr-FR\"},{\"@type\":\"Organization\",\"@id\":\"https:\\\/\\\/originltd.com\\\/#organization\",\"name\":\"Origin Pharma Packaging\",\"url\":\"https:\\\/\\\/originltd.com\\\/\",\"logo\":{\"@type\":\"ImageObject\",\"inLanguage\":\"fr-FR\",\"@id\":\"https:\\\/\\\/originltd.com\\\/#\\\/schema\\\/logo\\\/image\\\/\",\"url\":\"https:\\\/\\\/originltd.com\\\/wp-content\\\/uploads\\\/2024\\\/06\\\/cropped-Origin-logo-For-Health-For-Life-RGB@10x.png\",\"contentUrl\":\"https:\\\/\\\/originltd.com\\\/wp-content\\\/uploads\\\/2024\\\/06\\\/cropped-Origin-logo-For-Health-For-Life-RGB@10x.png\",\"width\":227,\"height\":65,\"caption\":\"Origin Pharma Packaging\"},\"image\":{\"@id\":\"https:\\\/\\\/originltd.com\\\/#\\\/schema\\\/logo\\\/image\\\/\"},\"sameAs\":[\"https:\\\/\\\/www.facebook.com\\\/originpharmapackaging\",\"https:\\\/\\\/x.com\\\/originpharma\",\"https:\\\/\\\/www.linkedin.com\\\/company\\\/origin-packaging-ltd\\\/\",\"https:\\\/\\\/www.youtube.com\\\/channel\\\/UCOOJl3eFOiO7lJT6f5qHygA\"]}]}<\/script>\n<!-- \/ Yoast SEO plugin. -->","yoast_head_json":{"title":"L'origine et l'environnement : Notre position | Origine","description":"En savoir plus sur les d\u00e9fis en mati\u00e8re d'environnement et de d\u00e9veloppement durable dans le secteur de l'emballage primaire pharmaceutique et sur la mani\u00e8re dont nous les relevons.","robots":{"index":"index","follow":"follow","max-snippet":"max-snippet:-1","max-image-preview":"max-image-preview:large","max-video-preview":"max-video-preview:-1"},"canonical":"https:\/\/originltd.com\/fr\/about-us\/environmental-position\/","og_locale":"fr_FR","og_type":"article","og_title":"Origin and the Environment: Our Position | Origin","og_description":"Find our more about the environmental and sustainability challenges in the pharmaceutical primary packaging sector and how we are facing them","og_url":"https:\/\/originltd.com\/fr\/about-us\/environmental-position\/","og_site_name":"Origin Pharma Packaging","article_publisher":"https:\/\/www.facebook.com\/originpharmapackaging","article_modified_time":"2024-10-24T06:22:51+00:00","og_image":[{"width":1024,"height":683,"url":"https:\/\/originltd.com\/wp-content\/uploads\/2024\/01\/Environmental-Policy-Web-Banner-1024x683.png","type":"image\/png"}],"twitter_card":"summary_large_image","twitter_site":"@originpharma","twitter_misc":{"Dur\u00e9e de lecture estim\u00e9e":"2 minutes"},"schema":{"@context":"https:\/\/schema.org","@graph":[{"@type":"WebPage","@id":"https:\/\/originltd.com\/about-us\/environmental-position\/","url":"https:\/\/originltd.com\/about-us\/environmental-position\/","name":"L'origine et l'environnement : Notre position | Origine","isPartOf":{"@id":"https:\/\/originltd.com\/#website"},"primaryImageOfPage":{"@id":"https:\/\/originltd.com\/about-us\/environmental-position\/#primaryimage"},"image":{"@id":"https:\/\/originltd.com\/about-us\/environmental-position\/#primaryimage"},"thumbnailUrl":"https:\/\/originltd.com\/wp-content\/uploads\/2024\/01\/Environmental-Policy-Web-Banner.png","datePublished":"2024-01-19T08:47:37+00:00","dateModified":"2024-10-24T06:22:51+00:00","description":"En savoir plus sur les d\u00e9fis en mati\u00e8re d'environnement et de d\u00e9veloppement durable dans le secteur de l'emballage primaire pharmaceutique et sur la mani\u00e8re dont nous les relevons.","breadcrumb":{"@id":"https:\/\/originltd.com\/about-us\/environmental-position\/#breadcrumb"},"inLanguage":"fr-FR","potentialAction":[{"@type":"ReadAction","target":["https:\/\/originltd.com\/about-us\/environmental-position\/"]}]},{"@type":"ImageObject","inLanguage":"fr-FR","@id":"https:\/\/originltd.com\/about-us\/environmental-position\/#primaryimage","url":"https:\/\/originltd.com\/wp-content\/uploads\/2024\/01\/Environmental-Policy-Web-Banner.png","contentUrl":"https:\/\/originltd.com\/wp-content\/uploads\/2024\/01\/Environmental-Policy-Web-Banner.png","width":5333,"height":3556,"caption":"Environmental Policy"},{"@type":"BreadcrumbList","@id":"https:\/\/originltd.com\/about-us\/environmental-position\/#breadcrumb","itemListElement":[{"@type":"ListItem","position":1,"name":"Home","item":"https:\/\/originltd.com\/"},{"@type":"ListItem","position":2,"name":"About Us","item":"https:\/\/originltd.com\/about-us\/"},{"@type":"ListItem","position":3,"name":"Origin and the Environment: Our Position"}]},{"@type":"WebSite","@id":"https:\/\/originltd.com\/#website","url":"https:\/\/originltd.com\/","name":"Origin Pharma Packaging","description":"","publisher":{"@id":"https:\/\/originltd.com\/#organization"},"alternateName":"Origin Ltd.","potentialAction":[{"@type":"SearchAction","target":{"@type":"EntryPoint","urlTemplate":"https:\/\/originltd.com\/?s={search_term_string}"},"query-input":{"@type":"PropertyValueSpecification","valueRequired":true,"valueName":"search_term_string"}}],"inLanguage":"fr-FR"},{"@type":"Organization","@id":"https:\/\/originltd.com\/#organization","name":"Origin Pharma Packaging","url":"https:\/\/originltd.com\/","logo":{"@type":"ImageObject","inLanguage":"fr-FR","@id":"https:\/\/originltd.com\/#\/schema\/logo\/image\/","url":"https:\/\/originltd.com\/wp-content\/uploads\/2024\/06\/cropped-Origin-logo-For-Health-For-Life-RGB@10x.png","contentUrl":"https:\/\/originltd.com\/wp-content\/uploads\/2024\/06\/cropped-Origin-logo-For-Health-For-Life-RGB@10x.png","width":227,"height":65,"caption":"Origin Pharma Packaging"},"image":{"@id":"https:\/\/originltd.com\/#\/schema\/logo\/image\/"},"sameAs":["https:\/\/www.facebook.com\/originpharmapackaging","https:\/\/x.com\/originpharma","https:\/\/www.linkedin.com\/company\/origin-packaging-ltd\/","https:\/\/www.youtube.com\/channel\/UCOOJl3eFOiO7lJT6f5qHygA"]}]}},"_links":{"self":[{"href":"https:\/\/originltd.com\/fr\/wp-json\/wp\/v2\/pages\/10704","targetHints":{"allow":["GET"]}}],"collection":[{"href":"https:\/\/originltd.com\/fr\/wp-json\/wp\/v2\/pages"}],"about":[{"href":"https:\/\/originltd.com\/fr\/wp-json\/wp\/v2\/types\/page"}],"author":[{"embeddable":true,"href":"https:\/\/originltd.com\/fr\/wp-json\/wp\/v2\/users\/2"}],"replies":[{"embeddable":true,"href":"https:\/\/originltd.com\/fr\/wp-json\/wp\/v2\/comments?post=10704"}],"version-history":[{"count":1,"href":"https:\/\/originltd.com\/fr\/wp-json\/wp\/v2\/pages\/10704\/revisions"}],"predecessor-version":[{"id":12250,"href":"https:\/\/originltd.com\/fr\/wp-json\/wp\/v2\/pages\/10704\/revisions\/12250"}],"up":[{"embeddable":true,"href":"https:\/\/originltd.com\/fr\/wp-json\/wp\/v2\/pages\/1764"}],"wp:featuredmedia":[{"embeddable":true,"href":"https:\/\/originltd.com\/fr\/wp-json\/wp\/v2\/media\/10709"}],"wp:attachment":[{"href":"https:\/\/originltd.com\/fr\/wp-json\/wp\/v2\/media?parent=10704"}],"curies":[{"name":"wp","href":"https:\/\/api.w.org\/{rel}","templated":true}]}}