
{"id":9151,"date":"2022-09-20T13:37:09","date_gmt":"2022-09-20T12:37:09","guid":{"rendered":"https:\/\/originltd.in-beta.dev\/?post_type=product&#038;p=9151"},"modified":"2025-07-07T11:43:15","modified_gmt":"2025-07-07T10:43:15","slug":"the-origin-jar-250ml-black-child-resistant-jars","status":"publish","type":"product","link":"https:\/\/originltd.com\/de\/product\/the-origin-jar-250ml-black-child-resistant-jars\/","title":{"rendered":"250ml Schwarze kindersichere Gl\u00e4ser"},"content":{"rendered":"<p><span style=\"font-weight: 400;\">Unser schwarzer, kindersicherer 250-ml-Beh\u00e4lter ist in einer Reihe von Farben, darunter schwarz, bernsteinfarben oder wei\u00df, und in zwei verschiedenen Materialien, HDPE und Glas, erh\u00e4ltlich.<\/span><\/p>","protected":false},"excerpt":{"rendered":"<p><span style=\"font-weight: 400;\">Unser schwarzer kindersicherer 250-ml-Beh\u00e4lter<\/span><span style=\"font-weight: 400;\"> ist eine <\/span><a href=\"https:\/\/originltd.com\/de\/packaging\/medicinal-cannabis-packaging\/\"><span style=\"font-weight: 400;\">medizinische Cannabis-Verpackung<\/span><\/a><span style=\"font-weight: 400;\"> HDPE-Gef\u00e4\u00df <\/span><span style=\"font-weight: 400;\">perfekt f\u00fcr die Verpackung und Lagerung von Trockenblumen. Der Halsdurchmesser von 70 mm erm\u00f6glicht beim \u00d6ffnen einen leichten Zugang zum Produkt. Dieser Durchmesser ist auch optimal f\u00fcr die Verwendung durch Erwachsene und erh\u00f6ht gleichzeitig die Kindersicherheit der Verpackung.<\/span><\/p>\n<p><span style=\"font-weight: 400;\">Unser schwarzer, kindersicherer 250-ml-Beh\u00e4lter ist auch in verschiedenen Farben erh\u00e4ltlich, z. B. in Bernstein und Deckwei\u00df, ganz nach Ihren W\u00fcnschen.\u00a0<\/span><\/p>\n<h3><span style=\"font-weight: 400;\">Wesentliche Merkmale:<\/span><\/h3>\n<ul>\n<li style=\"font-weight: 400;\" aria-level=\"1\"><span style=\"font-weight: 400;\">Nach ISO8317 und 16CFR zertifiziert<\/span><\/li>\n<li style=\"font-weight: 400;\" aria-level=\"1\"><span style=\"font-weight: 400;\">Hergestellt in unserer speziellen Reinraumanlage<\/span><\/li>\n<li style=\"font-weight: 400;\" aria-level=\"1\"><span style=\"font-weight: 400;\">Kann bis zu 15 Gramm getrocknete Cannabisbl\u00fcten aufnehmen<\/span><\/li>\n<li style=\"font-weight: 400;\" aria-level=\"1\"><span style=\"font-weight: 400;\">Hat einen weiten Hals f\u00fcr einfache Dosierung<\/span><\/li>\n<li style=\"font-weight: 400;\" aria-level=\"1\"><span style=\"font-weight: 400;\">Kindersicherer Verschluss<\/span><\/li>\n<\/ul>\n<h3><span style=\"font-weight: 400;\">Geeignete Merkmale:<\/span><\/h3>\n<ul>\n<li style=\"font-weight: 400;\" aria-level=\"1\"><span style=\"font-weight: 400;\">Lagerung von getrockneten Cannabisbl\u00fcten<\/span><\/li>\n<\/ul>","protected":false},"featured_media":9196,"comment_status":"closed","ping_status":"closed","template":"","meta":{"_acf_changed":false},"product_brand":[],"product_cat":[2162,2158,665,96],"product_tag":[],"class_list":{"0":"post-9151","1":"product","2":"type-product","3":"status-publish","4":"has-post-thumbnail","6":"product_cat-containers","7":"product_cat-child-resistant-packaging","8":"product_cat-medicinal-cannabis-packaging","9":"product_cat-plastic","11":"first","12":"instock","13":"sold-individually","14":"shipping-taxable","15":"product-type-simple"},"acf":[],"yoast_head":"<!-- This site is optimized with the Yoast SEO plugin v27.4 - https:\/\/yoast.com\/product\/yoast-seo-wordpress\/ -->\n<title>250ml Black Child Resistant Jars | Origin Pharma Packaging<\/title>\n<meta name=\"description\" content=\"Order a 250ml black child resistant jar from Origin. We provide the perfect jar to serve as packaging for medicinal cannabis companies. Order your free sample.\" \/>\n<meta name=\"robots\" content=\"index, follow, max-snippet:-1, max-image-preview:large, max-video-preview:-1\" \/>\n<link rel=\"canonical\" href=\"https:\/\/originltd.com\/de\/produkt\/the-origin-jar-250ml-black-child-resistant-jars\/\" \/>\n<meta property=\"og:locale\" content=\"de_DE\" \/>\n<meta property=\"og:type\" content=\"article\" \/>\n<meta property=\"og:title\" content=\"250ml Black Child Resistant Jars | Origin Pharma Packaging\" \/>\n<meta property=\"og:description\" content=\"Order a 250ml black child resistant jar from Origin. We provide the perfect jar to serve as packaging for medicinal cannabis companies. Order your free sample.\" \/>\n<meta property=\"og:url\" content=\"https:\/\/originltd.com\/de\/produkt\/the-origin-jar-250ml-black-child-resistant-jars\/\" \/>\n<meta property=\"og:site_name\" content=\"Origin Pharma Packaging\" \/>\n<meta property=\"article:publisher\" content=\"https:\/\/www.facebook.com\/originpharmapackaging\" \/>\n<meta property=\"article:modified_time\" content=\"2025-07-07T10:43:15+00:00\" \/>\n<meta property=\"og:image\" content=\"https:\/\/originltd.com\/wp-content\/uploads\/2022\/09\/jar03-1024x819-1.jpg\" \/>\n\t<meta property=\"og:image:width\" content=\"1024\" \/>\n\t<meta property=\"og:image:height\" content=\"819\" \/>\n\t<meta property=\"og:image:type\" content=\"image\/jpeg\" \/>\n<meta name=\"twitter:card\" content=\"summary_large_image\" \/>\n<meta name=\"twitter:site\" content=\"@originpharma\" \/>\n<meta name=\"twitter:label1\" content=\"Gesch\u00e4tzte Lesezeit\" \/>\n\t<meta name=\"twitter:data1\" content=\"1\u00a0Minute\" \/>\n<script type=\"application\/ld+json\" class=\"yoast-schema-graph\">{\"@context\":\"https:\\\/\\\/schema.org\",\"@graph\":[{\"@type\":\"WebPage\",\"@id\":\"https:\\\/\\\/originltd.com\\\/product\\\/the-origin-jar-250ml-black-child-resistant-jars\\\/\",\"url\":\"https:\\\/\\\/originltd.com\\\/product\\\/the-origin-jar-250ml-black-child-resistant-jars\\\/\",\"name\":\"250ml Black Child Resistant Jars | Origin Pharma Packaging\",\"isPartOf\":{\"@id\":\"https:\\\/\\\/originltd.com\\\/#website\"},\"primaryImageOfPage\":{\"@id\":\"https:\\\/\\\/originltd.com\\\/product\\\/the-origin-jar-250ml-black-child-resistant-jars\\\/#primaryimage\"},\"image\":{\"@id\":\"https:\\\/\\\/originltd.com\\\/product\\\/the-origin-jar-250ml-black-child-resistant-jars\\\/#primaryimage\"},\"thumbnailUrl\":\"https:\\\/\\\/originltd.com\\\/wp-content\\\/uploads\\\/2022\\\/09\\\/jar03-1024x819-1.jpg\",\"datePublished\":\"2022-09-20T12:37:09+00:00\",\"dateModified\":\"2025-07-07T10:43:15+00:00\",\"description\":\"Order a 250ml black child resistant jar from Origin. We provide the perfect jar to serve as packaging for medicinal cannabis companies. Order your free sample.\",\"breadcrumb\":{\"@id\":\"https:\\\/\\\/originltd.com\\\/product\\\/the-origin-jar-250ml-black-child-resistant-jars\\\/#breadcrumb\"},\"inLanguage\":\"de\",\"potentialAction\":[{\"@type\":\"ReadAction\",\"target\":[\"https:\\\/\\\/originltd.com\\\/product\\\/the-origin-jar-250ml-black-child-resistant-jars\\\/\"]}]},{\"@type\":\"ImageObject\",\"inLanguage\":\"de\",\"@id\":\"https:\\\/\\\/originltd.com\\\/product\\\/the-origin-jar-250ml-black-child-resistant-jars\\\/#primaryimage\",\"url\":\"https:\\\/\\\/originltd.com\\\/wp-content\\\/uploads\\\/2022\\\/09\\\/jar03-1024x819-1.jpg\",\"contentUrl\":\"https:\\\/\\\/originltd.com\\\/wp-content\\\/uploads\\\/2022\\\/09\\\/jar03-1024x819-1.jpg\",\"width\":1024,\"height\":819,\"caption\":\"Black Child Resistant Jar\"},{\"@type\":\"BreadcrumbList\",\"@id\":\"https:\\\/\\\/originltd.com\\\/product\\\/the-origin-jar-250ml-black-child-resistant-jars\\\/#breadcrumb\",\"itemListElement\":[{\"@type\":\"ListItem\",\"position\":1,\"name\":\"Home\",\"item\":\"https:\\\/\\\/originltd.com\\\/\"},{\"@type\":\"ListItem\",\"position\":2,\"name\":\"Pharmaceutical Packaging Products\",\"item\":\"https:\\\/\\\/originltd.com\\\/pharmaceutical-packaging\\\/\"},{\"@type\":\"ListItem\",\"position\":3,\"name\":\"Medicinal Cannabis Packaging\",\"item\":\"https:\\\/\\\/originltd.com\\\/packaging\\\/medicinal-cannabis-packaging\\\/\"},{\"@type\":\"ListItem\",\"position\":4,\"name\":\"250ml Black Child Resistant Jars\"}]},{\"@type\":\"WebSite\",\"@id\":\"https:\\\/\\\/originltd.com\\\/#website\",\"url\":\"https:\\\/\\\/originltd.com\\\/\",\"name\":\"Origin Pharma Packaging\",\"description\":\"\",\"publisher\":{\"@id\":\"https:\\\/\\\/originltd.com\\\/#organization\"},\"alternateName\":\"Origin Ltd.\",\"potentialAction\":[{\"@type\":\"SearchAction\",\"target\":{\"@type\":\"EntryPoint\",\"urlTemplate\":\"https:\\\/\\\/originltd.com\\\/?s={search_term_string}\"},\"query-input\":{\"@type\":\"PropertyValueSpecification\",\"valueRequired\":true,\"valueName\":\"search_term_string\"}}],\"inLanguage\":\"de\"},{\"@type\":\"Organization\",\"@id\":\"https:\\\/\\\/originltd.com\\\/#organization\",\"name\":\"Origin Pharma Packaging\",\"url\":\"https:\\\/\\\/originltd.com\\\/\",\"logo\":{\"@type\":\"ImageObject\",\"inLanguage\":\"de\",\"@id\":\"https:\\\/\\\/originltd.com\\\/#\\\/schema\\\/logo\\\/image\\\/\",\"url\":\"https:\\\/\\\/originltd.com\\\/wp-content\\\/uploads\\\/2024\\\/06\\\/cropped-Origin-logo-For-Health-For-Life-RGB@10x.png\",\"contentUrl\":\"https:\\\/\\\/originltd.com\\\/wp-content\\\/uploads\\\/2024\\\/06\\\/cropped-Origin-logo-For-Health-For-Life-RGB@10x.png\",\"width\":227,\"height\":65,\"caption\":\"Origin Pharma Packaging\"},\"image\":{\"@id\":\"https:\\\/\\\/originltd.com\\\/#\\\/schema\\\/logo\\\/image\\\/\"},\"sameAs\":[\"https:\\\/\\\/www.facebook.com\\\/originpharmapackaging\",\"https:\\\/\\\/x.com\\\/originpharma\",\"https:\\\/\\\/www.linkedin.com\\\/company\\\/origin-packaging-ltd\\\/\",\"https:\\\/\\\/www.youtube.com\\\/channel\\\/UCOOJl3eFOiO7lJT6f5qHygA\"]}]}<\/script>\n<!-- \/ Yoast SEO plugin. -->","yoast_head_json":{"title":"250ml Schwarze kindersichere Gl\u00e4ser | Origin Pharma Packaging","description":"Bestellen Sie ein schwarzes, kindersicheres 250-ml-Gef\u00e4\u00df bei Origin. Wir bieten das perfekte Gef\u00e4\u00df als Verpackung f\u00fcr medizinische Cannabisunternehmen. Bestellen Sie Ihr kostenloses Muster.","robots":{"index":"index","follow":"follow","max-snippet":"max-snippet:-1","max-image-preview":"max-image-preview:large","max-video-preview":"max-video-preview:-1"},"canonical":"https:\/\/originltd.com\/de\/produkt\/the-origin-jar-250ml-black-child-resistant-jars\/","og_locale":"de_DE","og_type":"article","og_title":"250ml Black Child Resistant Jars | Origin Pharma Packaging","og_description":"Order a 250ml black child resistant jar from Origin. We provide the perfect jar to serve as packaging for medicinal cannabis companies. Order your free sample.","og_url":"https:\/\/originltd.com\/de\/produkt\/the-origin-jar-250ml-black-child-resistant-jars\/","og_site_name":"Origin Pharma Packaging","article_publisher":"https:\/\/www.facebook.com\/originpharmapackaging","article_modified_time":"2025-07-07T10:43:15+00:00","og_image":[{"width":1024,"height":819,"url":"https:\/\/originltd.com\/wp-content\/uploads\/2022\/09\/jar03-1024x819-1.jpg","type":"image\/jpeg"}],"twitter_card":"summary_large_image","twitter_site":"@originpharma","twitter_misc":{"Gesch\u00e4tzte Lesezeit":"1\u00a0Minute"},"schema":{"@context":"https:\/\/schema.org","@graph":[{"@type":"WebPage","@id":"https:\/\/originltd.com\/product\/the-origin-jar-250ml-black-child-resistant-jars\/","url":"https:\/\/originltd.com\/product\/the-origin-jar-250ml-black-child-resistant-jars\/","name":"250ml Schwarze kindersichere Gl\u00e4ser | Origin Pharma Packaging","isPartOf":{"@id":"https:\/\/originltd.com\/#website"},"primaryImageOfPage":{"@id":"https:\/\/originltd.com\/product\/the-origin-jar-250ml-black-child-resistant-jars\/#primaryimage"},"image":{"@id":"https:\/\/originltd.com\/product\/the-origin-jar-250ml-black-child-resistant-jars\/#primaryimage"},"thumbnailUrl":"https:\/\/originltd.com\/wp-content\/uploads\/2022\/09\/jar03-1024x819-1.jpg","datePublished":"2022-09-20T12:37:09+00:00","dateModified":"2025-07-07T10:43:15+00:00","description":"Bestellen Sie ein schwarzes, kindersicheres 250-ml-Gef\u00e4\u00df bei Origin. Wir bieten das perfekte Gef\u00e4\u00df als Verpackung f\u00fcr medizinische Cannabisunternehmen. Bestellen Sie Ihr kostenloses Muster.","breadcrumb":{"@id":"https:\/\/originltd.com\/product\/the-origin-jar-250ml-black-child-resistant-jars\/#breadcrumb"},"inLanguage":"de","potentialAction":[{"@type":"ReadAction","target":["https:\/\/originltd.com\/product\/the-origin-jar-250ml-black-child-resistant-jars\/"]}]},{"@type":"ImageObject","inLanguage":"de","@id":"https:\/\/originltd.com\/product\/the-origin-jar-250ml-black-child-resistant-jars\/#primaryimage","url":"https:\/\/originltd.com\/wp-content\/uploads\/2022\/09\/jar03-1024x819-1.jpg","contentUrl":"https:\/\/originltd.com\/wp-content\/uploads\/2022\/09\/jar03-1024x819-1.jpg","width":1024,"height":819,"caption":"Black Child Resistant Jar"},{"@type":"BreadcrumbList","@id":"https:\/\/originltd.com\/product\/the-origin-jar-250ml-black-child-resistant-jars\/#breadcrumb","itemListElement":[{"@type":"ListItem","position":1,"name":"Home","item":"https:\/\/originltd.com\/"},{"@type":"ListItem","position":2,"name":"Pharmaceutical Packaging Products","item":"https:\/\/originltd.com\/pharmaceutical-packaging\/"},{"@type":"ListItem","position":3,"name":"Medicinal Cannabis Packaging","item":"https:\/\/originltd.com\/packaging\/medicinal-cannabis-packaging\/"},{"@type":"ListItem","position":4,"name":"250ml Black Child Resistant Jars"}]},{"@type":"WebSite","@id":"https:\/\/originltd.com\/#website","url":"https:\/\/originltd.com\/","name":"Origin Pharma Packaging","description":"","publisher":{"@id":"https:\/\/originltd.com\/#organization"},"alternateName":"Origin Ltd.","potentialAction":[{"@type":"SearchAction","target":{"@type":"EntryPoint","urlTemplate":"https:\/\/originltd.com\/?s={search_term_string}"},"query-input":{"@type":"PropertyValueSpecification","valueRequired":true,"valueName":"search_term_string"}}],"inLanguage":"de"},{"@type":"Organization","@id":"https:\/\/originltd.com\/#organization","name":"Origin Pharma Packaging","url":"https:\/\/originltd.com\/","logo":{"@type":"ImageObject","inLanguage":"de","@id":"https:\/\/originltd.com\/#\/schema\/logo\/image\/","url":"https:\/\/originltd.com\/wp-content\/uploads\/2024\/06\/cropped-Origin-logo-For-Health-For-Life-RGB@10x.png","contentUrl":"https:\/\/originltd.com\/wp-content\/uploads\/2024\/06\/cropped-Origin-logo-For-Health-For-Life-RGB@10x.png","width":227,"height":65,"caption":"Origin Pharma Packaging"},"image":{"@id":"https:\/\/originltd.com\/#\/schema\/logo\/image\/"},"sameAs":["https:\/\/www.facebook.com\/originpharmapackaging","https:\/\/x.com\/originpharma","https:\/\/www.linkedin.com\/company\/origin-packaging-ltd\/","https:\/\/www.youtube.com\/channel\/UCOOJl3eFOiO7lJT6f5qHygA"]}]}},"_links":{"self":[{"href":"https:\/\/originltd.com\/de\/wp-json\/wp\/v2\/product\/9151","targetHints":{"allow":["GET"]}}],"collection":[{"href":"https:\/\/originltd.com\/de\/wp-json\/wp\/v2\/product"}],"about":[{"href":"https:\/\/originltd.com\/de\/wp-json\/wp\/v2\/types\/product"}],"replies":[{"embeddable":true,"href":"https:\/\/originltd.com\/de\/wp-json\/wp\/v2\/comments?post=9151"}],"wp:featuredmedia":[{"embeddable":true,"href":"https:\/\/originltd.com\/de\/wp-json\/wp\/v2\/media\/9196"}],"wp:attachment":[{"href":"https:\/\/originltd.com\/de\/wp-json\/wp\/v2\/media?parent=9151"}],"wp:term":[{"taxonomy":"product_brand","embeddable":true,"href":"https:\/\/originltd.com\/de\/wp-json\/wp\/v2\/product_brand?post=9151"},{"taxonomy":"product_cat","embeddable":true,"href":"https:\/\/originltd.com\/de\/wp-json\/wp\/v2\/product_cat?post=9151"},{"taxonomy":"product_tag","embeddable":true,"href":"https:\/\/originltd.com\/de\/wp-json\/wp\/v2\/product_tag?post=9151"}],"curies":[{"name":"wp","href":"https:\/\/api.w.org\/{rel}","templated":true}]}}